{"id":24604,"date":"2025-04-10T11:48:55","date_gmt":"2025-04-10T03:48:55","guid":{"rendered":"https:\/\/fizzyvape.eu\/product\/fizzy-boom-13000-windbeutel-50stueck\/"},"modified":"2025-10-31T18:02:08","modified_gmt":"2025-10-31T10:02:08","slug":"fizzy-boom-13000-windbeutel-50stueck","status":"publish","type":"product","link":"https:\/\/fizzyvape.eu\/de\/produkt\/fizzy-boom-13000-windbeutel-50stueck\/","title":{"rendered":"Fizzy Boom &#8211; 13000 Windbeutel &#8211; 50St\u00fcck"},"content":{"rendered":"<div>\n<h2><strong>Fizzy Boom 13000 Puffs &#8211; 50 St\u00fcck Mystery Flavor Blind Box<\/strong><\/h2>\n<p>Erleben Sie den Nervenkitzel von <strong>50 erstklassigen Fizzy Boom Einwegdampfern<\/strong> in dieser limitierten Mystery Box &#8211; jeder von ihnen liefert <strong>13.000 ultra-weiche Z\u00fcge<\/strong> von im Labor hergestellter Geschmacksperfektion! Werden Sie <strong>Juicy Peach<\/strong>, <strong>Icy Blueberry<\/strong> oder <strong>Tropical Watermelon Cherry<\/strong> erhalten? Jedes Auspacken ist ein geschmackliches Abenteuer!  <\/p>\n<h3><strong>Wesentliche Merkmale<\/strong><\/h3>\n<p>\ud83c\udfaa <strong>50 x 13.000 Puffs<\/strong> &#8211; gewaltige <strong>650.000+ Puffs insgesamt<\/strong> (h\u00e4lt Monate!)<br \/>\n\ud83c\udf08 <strong>12 Premium-Geschmacksrichtungen<\/strong> &#8211; zuf\u00e4llig ausgew\u00e4hlt aus den Bestsellern von Fizzy Boom<br \/>\n\u26a1 <strong>USB-C wiederaufladbar<\/strong> &#8211; keine Verschwendung von E-Liquid (21mL Kapazit\u00e4t pro Ger\u00e4t)<br \/>\n\ud83c\udf00 <strong>Dual Mesh Coils<\/strong> &#8211; Reicherer Geschmack &amp; dichtere Wolken<br \/>\n\ud83c\udfa1 <strong>Vom Karneval inspiriertes Design<\/strong> &#8211; Leuchtende Farben, auslaufsichere Konstruktion <\/p>\n<h3><strong>Warum w\u00e4hlen Sie die Blind Box?<\/strong><\/h3>\n<p>\ud83c\udf81 <strong>Der \u00dcberraschungsfaktor<\/strong>: Es wird nie langweilig &#8211; jedes Ger\u00e4t ist ein neues Geschmackserlebnis!<br \/>\n\ud83d\udcb0 <strong>Mengenrabatt<\/strong>: Sparen Sie <strong>79%+<\/strong> gegen\u00fcber dem Einzelkauf<br \/>\n\ud83d\udce6 <strong>Reseller Ready<\/strong>: Stark nachgefragtes Produkt mit spannendem Unboxing <\/p>\n<h3><strong>Nikotin-Optionen:<\/strong><\/h3>\n<p>&#8211; 2% (20mg\/ml) &#8211; Sanftes Erlebnis f\u00fcr Gelegenheitsdampfer<br \/>\n&#8211; 5% (50mg\/ml) &#8211; Befriedigender Kehlkopfschlag f\u00fcr ehemalige Raucher<\/p>\n<\/div>\n<div>\n<h3>Spezifikationen<\/h3>\n<table>\n<tbody>\n<tr>\n<td>Puffs<\/td>\n<td><strong>13000+ Puffs<\/strong><\/td>\n<\/tr>\n<tr>\n<td>E-Liquid Kapazit\u00e4t<\/td>\n<td><strong>21ml<\/strong><\/td>\n<\/tr>\n<tr>\n<td>Akku-Kapazit\u00e4t<\/td>\n<td><strong>650mAh<\/strong><\/td>\n<\/tr>\n<tr>\n<td>Mesh-Spule<\/td>\n<td><strong>1.4\u03a9<\/strong><\/td>\n<\/tr>\n<tr>\n<td>Gr\u00f6\u00dfe<\/td>\n<td><strong>52.8*76.5*25mm<\/strong><\/td>\n<\/tr>\n<tr>\n<td>Wegwerfbar oder nicht<\/td>\n<td><strong>Einweg<\/strong><\/td>\n<\/tr>\n<tr>\n<td>Methode zum Aufladen<\/td>\n<td><strong>Kabel<\/strong><\/td>\n<\/tr>\n<tr>\n<td>Aktivierungsmethode<\/td>\n<td><strong>Sensor<\/strong><\/td>\n<\/tr>\n<tr>\n<td>Nikotingehalt<\/td>\n<td><strong>2% (20mg\/ml) &amp; 5% (50mg\/ml)<\/strong><\/td>\n<\/tr>\n<tr>\n<td>Geschm\u00e4cker<\/td>\n<td><strong>12<\/strong><\/td>\n<\/tr>\n<tr>\n<td>Packung<\/td>\n<td><strong>1 Packung<\/strong><\/td>\n<\/tr>\n<tr>\n<td>Aufladezeit<\/td>\n<td><strong>2 Stunden<\/strong><\/td>\n<\/tr>\n<tr>\n<td>Lagerung<\/td>\n<td><strong>Vermeiden Sie hohe Temperaturen und lagern Sie es an einem k\u00fchlen und trockenen Ort.<\/strong><\/td>\n<\/tr>\n<tr>\n<td>Personen, die das Produkt nicht verwenden d\u00fcrfen<\/td>\n<td><strong>Minderj\u00e4hrige, schwangere Frauen und Personen, die allergisch auf die Inhaltsstoffe des Produkts reagieren.<\/strong><\/td>\n<\/tr>\n<tr>\n<td>Vorsicht<\/td>\n<td><strong>Verschlucken Sie diese Substanz nicht. Sp\u00fclen Sie bei Verschlucken sofort und gr\u00fcndlich den Mund aus. Wenn Sie sich unwohl f\u00fchlen, suchen Sie einen Arzt auf.  <\/strong><\/td>\n<\/tr>\n<\/tbody>\n<\/table>\n<h3><strong>Fizzy Boom <\/strong>13000 Puffs Geschmacksrichtungen Liste:<\/h3>\n<ol>\n<li><a href=\"https:\/\/fizzyvape.eu\/de\/produkt\/fizzy-boom-pfirsich-13000-windbeutel\/\">Pfirsich<\/a><\/li>\n<li><a href=\"https:\/\/fizzyvape.eu\/de\/produkt\/fizzy-boom-blueberry-ice-13000-windbeutel\/\">Heidelbeere Eis<\/a><\/li>\n<li><a href=\"https:\/\/fizzyvape.eu\/de\/produkt\/fizzy-boom-grape-ice-13000-puffs\/\">Traubeneis<\/a><\/li>\n<li><a href=\"https:\/\/fizzyvape.eu\/de\/produkt\/fizzy-boom-erdbeere-13000-windbeutel\/\">Erdbeere<\/a><\/li>\n<li><a href=\"https:\/\/fizzyvape.eu\/de\/produkt\/fizzy-boom-wassermelone-eis-13000-puffs\/\">Wassermelone Eis<\/a><\/li>\n<li><a href=\"https:\/\/fizzyvape.eu\/de\/produkt\/fizzy-boom-blaubeere-wassermelone-bubblegum-13000-puffs\/\">Heidelbeere Wassermelone Bubblegum<\/a><\/li>\n<li><a href=\"https:\/\/fizzyvape.eu\/de\/produkt\/fizzy-boom-saurer-apfel-13000-windbeutel\/\">Saurer Apfel<\/a><\/li>\n<li><a href=\"https:\/\/fizzyvape.eu\/de\/produkt\/fizzy-boom-wassermelone-kirsche-13000-puffs\/\">Wassermelone Kirsche<\/a><\/li>\n<li><a href=\"https:\/\/fizzyvape.eu\/de\/produkt\/fizzy-boom-blaubeere-melone-13000-puffs\/\">Heidelbeere Melone<\/a><\/li>\n<li><a href=\"https:\/\/fizzyvape.eu\/de\/produkt\/fizzy-boom-kiwi-berry-ice-13000-windbeutel\/\">Kiwi-Beereneis<\/a><\/li>\n<li><a href=\"https:\/\/fizzyvape.eu\/de\/produkt\/fizzy-boom-blaubeere-himbeere-zitrone-13000-puffs\/\">Heidelbeere-Himbeere-Zitrone<\/a><\/li>\n<li><a href=\"https:\/\/fizzyvape.eu\/de\/produkt\/fizzy-boom-erdbeere-wassermelone-granatapfel-13000-puffs\/\">Erdbeere Wassermelone Granatapfel<\/a><\/li>\n<\/ol>\n<h3>FAQ \u00fcber Fizzy Boom 13000 Puffs Vape<\/h3>\n<ol>\n<li><strong>Wie viele verschiedene Geschmacksrichtungen erhalte ich in der Blind Box?<\/strong><br \/>\nJede Fizzy Boom 13000 Puffs Mystery Box enth\u00e4lt eine zuf\u00e4llige Auswahl aller 12 Premium-Geschmacksrichtungen aus unserem Bestseller-Sortiment. Wir k\u00f6nnen zwar keine bestimmten Geschmackskombinationen in jeder Box garantieren, aber wir versichern Ihnen, dass Sie eine aufregende Vielfalt an fruchtigen und eisigen Mischungen erhalten werden. <\/li>\n<li><strong>Wie lange reicht das 50-Ger\u00e4te-Paket f\u00fcr eine Person?<\/strong><br \/>\nF\u00fcr durchschnittliche Raucher (etwa 500 Z\u00fcge t\u00e4glich) bietet dieses Paket etwa 4-5 Monate ununterbrochenen Gebrauch. Starke Nutzer (1000+ Z\u00fcge\/Tag) k\u00f6nnen etwa 2-3 Monate Genuss von den vollen 650.000+ Z\u00fcgen erwarten. <\/li>\n<li><strong>Kann ich die Nikotinst\u00e4rke f\u00fcr die gesamte Packung w\u00e4hlen?<\/strong><br \/>\nJa! Wenn Sie bestellen, k\u00f6nnen Sie entweder w\u00e4hlen: <\/li>\n<\/ol>\n<ul>\n<li>2% (20mg\/ml) Nikotin f\u00fcr ein sanfteres Erlebnis<\/li>\n<li>5% (50mg\/ml) Nikotin f\u00fcr eine st\u00e4rkere Wirkung im Hals<br \/>\nAlle 50 Ger\u00e4te in Ihrer Box haben die gleiche St\u00e4rke, die Sie ausgew\u00e4hlt haben.<\/li>\n<\/ul>\n<ol>\n<li><strong>Sind die Ger\u00e4te wirklich wiederaufladbar? Wie oft? <\/strong><br \/>\nAuf jeden Fall! Jedes wiederaufladbare USB-C-Ger\u00e4t kann mehrmals aufgeladen werden, um die 21 ml e-Liquid-Kapazit\u00e4t vollst\u00e4ndig zu nutzen. Die meisten Benutzer laden 2-3 Mal auf, um alle 13.000 Z\u00fcge pro Ger\u00e4t zu genie\u00dfen.  <\/li>\n<\/ol>\n<\/div>\n","protected":false},"excerpt":{"rendered":"<p>Packen Sie das Unerwartete aus mit der <strong>Fizzy Boom 13000 Puffs Blind Box<\/strong>! Holen Sie sich 50 wiederaufladbare USB-C-Dampflampen in den beliebtesten Geschmacksrichtungen &#8211; <strong>insgesamt<\/strong> \u00fcber <strong>650.000 Z\u00fcge<\/strong>! Dual Mesh Coils liefern weiche, dichte Wolken und reichhaltigen Geschmack bei jedem Zug. Ideal f\u00fcr Vape-Liebhaber und Wiederverk\u00e4ufer gleicherma\u00dfen. <\/p>\n<p>\ud83d\udd25 <strong>Begrenztes Angebot: Sichern Sie sich 50 St\u00fcck zu einem besonders g\u00fcnstigen Preis!<\/strong> \ud83d\udd25<\/p>\n","protected":false},"featured_media":22529,"comment_status":"open","ping_status":"closed","template":"","meta":{"iawp_total_views":0},"product_brand":[],"product_cat":[316],"product_tag":[317],"class_list":{"0":"post-24604","1":"product","2":"type-product","3":"status-publish","4":"has-post-thumbnail","6":"product_cat-boom-de","7":"product_tag-13000-puffs-de","9":"first","10":"outofstock","11":"sale","12":"shipping-taxable","13":"purchasable","14":"product-type-variable"},"yoast_head":"<!-- This site is optimized with the Yoast SEO Premium plugin v24.8 (Yoast SEO v24.8) - https:\/\/yoast.com\/wordpress\/plugins\/seo\/ -->\n<title>Fizzy Boom - 13000 Windbeutel - 50St\u00fcck - fizzyvape.eu<\/title>\n<meta name=\"description\" content=\"50 x Fizzy Boom 13K Puff Mystery Vapes - 650K+ Puffs, 12 Geschmacksrichtungen, USB-C wiederaufladbar &amp; Dual Mesh Coils. Zeitlich begrenzter Mengenrabatt! Jetzt einkaufen.\" \/>\n<meta name=\"robots\" content=\"index, follow, max-snippet:-1, max-image-preview:large, max-video-preview:-1\" \/>\n<link rel=\"canonical\" href=\"https:\/\/fizzyvape.eu\/de\/produkt\/fizzy-boom-13000-windbeutel-50stueck\/\" \/>\n<meta property=\"og:locale\" content=\"de_DE\" \/>\n<meta property=\"og:type\" content=\"article\" \/>\n<meta property=\"og:title\" content=\"Fizzy Boom - 13000 Windbeutel - 50St\u00fcck\" \/>\n<meta property=\"og:description\" content=\"50 x Fizzy Boom 13K Puff Mystery Vapes - 650K+ Puffs, 12 Geschmacksrichtungen, USB-C wiederaufladbar &amp; Dual Mesh Coils. Zeitlich begrenzter Mengenrabatt! Jetzt einkaufen.\" \/>\n<meta property=\"og:url\" content=\"https:\/\/fizzyvape.eu\/de\/produkt\/fizzy-boom-13000-windbeutel-50stueck\/\" \/>\n<meta property=\"og:site_name\" content=\"fizzyvape.eu\" \/>\n<meta property=\"article:modified_time\" content=\"2025-10-31T10:02:08+00:00\" \/>\n<meta property=\"og:image\" content=\"https:\/\/fizzyvape.eu\/wp-content\/uploads\/2025\/04\/FizzyVape-Boom-13000puff-Main030.jpg\" \/>\n\t<meta property=\"og:image:width\" content=\"1500\" \/>\n\t<meta property=\"og:image:height\" content=\"1500\" \/>\n\t<meta property=\"og:image:type\" content=\"image\/jpeg\" \/>\n<meta name=\"twitter:card\" content=\"summary_large_image\" \/>\n<meta name=\"twitter:label1\" content=\"Verf\u00fcgbarkeit\" \/>\n\t<meta name=\"twitter:data1\" content=\"ausverkauft\" \/>\n<script type=\"application\/ld+json\" class=\"yoast-schema-graph\">{\"@context\":\"https:\/\/schema.org\",\"@graph\":[{\"@type\":\"WebPage\",\"@id\":\"https:\/\/fizzyvape.eu\/de\/produkt\/fizzy-boom-13000-windbeutel-50stueck\/\",\"url\":\"https:\/\/fizzyvape.eu\/de\/produkt\/fizzy-boom-13000-windbeutel-50stueck\/\",\"name\":\"Fizzy Boom - 13000 Windbeutel - 50St\u00fcck - fizzyvape.eu\",\"isPartOf\":{\"@id\":\"https:\/\/www.fizzyvape.eu\/de\/#website\"},\"primaryImageOfPage\":{\"@id\":\"https:\/\/fizzyvape.eu\/de\/produkt\/fizzy-boom-13000-windbeutel-50stueck\/#primaryimage\"},\"image\":{\"@id\":\"https:\/\/fizzyvape.eu\/de\/produkt\/fizzy-boom-13000-windbeutel-50stueck\/#primaryimage\"},\"thumbnailUrl\":\"https:\/\/fizzyvape.eu\/wp-content\/uploads\/2025\/04\/FizzyVape-Boom-13000puff-Main030.jpg\",\"datePublished\":\"2025-04-10T03:48:55+00:00\",\"dateModified\":\"2025-10-31T10:02:08+00:00\",\"description\":\"50 x Fizzy Boom 13K Puff Mystery Vapes - 650K+ Puffs, 12 Geschmacksrichtungen, USB-C wiederaufladbar & Dual Mesh Coils. Zeitlich begrenzter Mengenrabatt! Jetzt einkaufen.\",\"breadcrumb\":{\"@id\":\"https:\/\/fizzyvape.eu\/de\/produkt\/fizzy-boom-13000-windbeutel-50stueck\/#breadcrumb\"},\"inLanguage\":\"de\",\"potentialAction\":[{\"@type\":\"ReadAction\",\"target\":[\"https:\/\/fizzyvape.eu\/de\/produkt\/fizzy-boom-13000-windbeutel-50stueck\/\"]}]},{\"@type\":\"ImageObject\",\"inLanguage\":\"de\",\"@id\":\"https:\/\/fizzyvape.eu\/de\/produkt\/fizzy-boom-13000-windbeutel-50stueck\/#primaryimage\",\"url\":\"https:\/\/fizzyvape.eu\/wp-content\/uploads\/2025\/04\/FizzyVape-Boom-13000puff-Main030.jpg\",\"contentUrl\":\"https:\/\/fizzyvape.eu\/wp-content\/uploads\/2025\/04\/FizzyVape-Boom-13000puff-Main030.jpg\",\"width\":1500,\"height\":1500,\"caption\":\"FizzyVape-Boom-13000puff\"},{\"@type\":\"BreadcrumbList\",\"@id\":\"https:\/\/fizzyvape.eu\/de\/produkt\/fizzy-boom-13000-windbeutel-50stueck\/#breadcrumb\",\"itemListElement\":[{\"@type\":\"ListItem\",\"position\":1,\"name\":\"Home\",\"item\":\"https:\/\/fizzyvape.eu\/de\/\"},{\"@type\":\"ListItem\",\"position\":2,\"name\":\"Shop\",\"item\":\"https:\/\/www.fizzyvape.eu\/de\/shop\/\"},{\"@type\":\"ListItem\",\"position\":3,\"name\":\"Fizzy Boom &#8211; 13000 Windbeutel &#8211; 50St\u00fcck\"}]},{\"@type\":\"WebSite\",\"@id\":\"https:\/\/www.fizzyvape.eu\/de\/#website\",\"url\":\"https:\/\/www.fizzyvape.eu\/de\/\",\"name\":\"fizzyvape.eu\",\"description\":\"Refreshing Vapes. Unforgettable Taste.\",\"publisher\":{\"@id\":\"https:\/\/www.fizzyvape.eu\/de\/#organization\"},\"potentialAction\":[{\"@type\":\"SearchAction\",\"target\":{\"@type\":\"EntryPoint\",\"urlTemplate\":\"https:\/\/www.fizzyvape.eu\/de\/?s={search_term_string}\"},\"query-input\":{\"@type\":\"PropertyValueSpecification\",\"valueRequired\":true,\"valueName\":\"search_term_string\"}}],\"inLanguage\":\"de\"},{\"@type\":\"Organization\",\"@id\":\"https:\/\/www.fizzyvape.eu\/de\/#organization\",\"name\":\"fizzyvape.eu\",\"url\":\"https:\/\/www.fizzyvape.eu\/de\/\",\"logo\":{\"@type\":\"ImageObject\",\"inLanguage\":\"de\",\"@id\":\"https:\/\/www.fizzyvape.eu\/de\/#\/schema\/logo\/image\/\",\"url\":\"https:\/\/fizzyvape.eu\/wp-content\/uploads\/2019\/06\/print-1.svg\",\"contentUrl\":\"https:\/\/fizzyvape.eu\/wp-content\/uploads\/2019\/06\/print-1.svg\",\"width\":124,\"height\":37,\"caption\":\"fizzyvape.eu\"},\"image\":{\"@id\":\"https:\/\/www.fizzyvape.eu\/de\/#\/schema\/logo\/image\/\"}}]}<\/script>\n<meta property=\"og:availability\" content=\"out of stock\" \/>\n<meta property=\"product:availability\" content=\"out of stock\" \/>\n<meta property=\"product:condition\" content=\"new\" \/>\n<!-- \/ Yoast SEO Premium plugin. -->","yoast_head_json":{"title":"Fizzy Boom - 13000 Windbeutel - 50St\u00fcck - fizzyvape.eu","description":"50 x Fizzy Boom 13K Puff Mystery Vapes - 650K+ Puffs, 12 Geschmacksrichtungen, USB-C wiederaufladbar & Dual Mesh Coils. Zeitlich begrenzter Mengenrabatt! Jetzt einkaufen.","robots":{"index":"index","follow":"follow","max-snippet":"max-snippet:-1","max-image-preview":"max-image-preview:large","max-video-preview":"max-video-preview:-1"},"canonical":"https:\/\/fizzyvape.eu\/de\/produkt\/fizzy-boom-13000-windbeutel-50stueck\/","og_locale":"de_DE","og_type":"article","og_title":"Fizzy Boom - 13000 Windbeutel - 50St\u00fcck","og_description":"50 x Fizzy Boom 13K Puff Mystery Vapes - 650K+ Puffs, 12 Geschmacksrichtungen, USB-C wiederaufladbar & Dual Mesh Coils. Zeitlich begrenzter Mengenrabatt! Jetzt einkaufen.","og_url":"https:\/\/fizzyvape.eu\/de\/produkt\/fizzy-boom-13000-windbeutel-50stueck\/","og_site_name":"fizzyvape.eu","article_modified_time":"2025-10-31T10:02:08+00:00","og_image":[{"width":1500,"height":1500,"url":"https:\/\/fizzyvape.eu\/wp-content\/uploads\/2025\/04\/FizzyVape-Boom-13000puff-Main030.jpg","type":"image\/jpeg"}],"twitter_card":"summary_large_image","twitter_misc":{"Verf\u00fcgbarkeit":"ausverkauft"},"schema":{"@context":"https:\/\/schema.org","@graph":[{"@type":"WebPage","@id":"https:\/\/fizzyvape.eu\/de\/produkt\/fizzy-boom-13000-windbeutel-50stueck\/","url":"https:\/\/fizzyvape.eu\/de\/produkt\/fizzy-boom-13000-windbeutel-50stueck\/","name":"Fizzy Boom - 13000 Windbeutel - 50St\u00fcck - fizzyvape.eu","isPartOf":{"@id":"https:\/\/www.fizzyvape.eu\/de\/#website"},"primaryImageOfPage":{"@id":"https:\/\/fizzyvape.eu\/de\/produkt\/fizzy-boom-13000-windbeutel-50stueck\/#primaryimage"},"image":{"@id":"https:\/\/fizzyvape.eu\/de\/produkt\/fizzy-boom-13000-windbeutel-50stueck\/#primaryimage"},"thumbnailUrl":"https:\/\/fizzyvape.eu\/wp-content\/uploads\/2025\/04\/FizzyVape-Boom-13000puff-Main030.jpg","datePublished":"2025-04-10T03:48:55+00:00","dateModified":"2025-10-31T10:02:08+00:00","description":"50 x Fizzy Boom 13K Puff Mystery Vapes - 650K+ Puffs, 12 Geschmacksrichtungen, USB-C wiederaufladbar & Dual Mesh Coils. Zeitlich begrenzter Mengenrabatt! Jetzt einkaufen.","breadcrumb":{"@id":"https:\/\/fizzyvape.eu\/de\/produkt\/fizzy-boom-13000-windbeutel-50stueck\/#breadcrumb"},"inLanguage":"de","potentialAction":[{"@type":"ReadAction","target":["https:\/\/fizzyvape.eu\/de\/produkt\/fizzy-boom-13000-windbeutel-50stueck\/"]}]},{"@type":"ImageObject","inLanguage":"de","@id":"https:\/\/fizzyvape.eu\/de\/produkt\/fizzy-boom-13000-windbeutel-50stueck\/#primaryimage","url":"https:\/\/fizzyvape.eu\/wp-content\/uploads\/2025\/04\/FizzyVape-Boom-13000puff-Main030.jpg","contentUrl":"https:\/\/fizzyvape.eu\/wp-content\/uploads\/2025\/04\/FizzyVape-Boom-13000puff-Main030.jpg","width":1500,"height":1500,"caption":"FizzyVape-Boom-13000puff"},{"@type":"BreadcrumbList","@id":"https:\/\/fizzyvape.eu\/de\/produkt\/fizzy-boom-13000-windbeutel-50stueck\/#breadcrumb","itemListElement":[{"@type":"ListItem","position":1,"name":"Home","item":"https:\/\/fizzyvape.eu\/de\/"},{"@type":"ListItem","position":2,"name":"Shop","item":"https:\/\/www.fizzyvape.eu\/de\/shop\/"},{"@type":"ListItem","position":3,"name":"Fizzy Boom &#8211; 13000 Windbeutel &#8211; 50St\u00fcck"}]},{"@type":"WebSite","@id":"https:\/\/www.fizzyvape.eu\/de\/#website","url":"https:\/\/www.fizzyvape.eu\/de\/","name":"fizzyvape.eu","description":"Refreshing Vapes. Unforgettable Taste.","publisher":{"@id":"https:\/\/www.fizzyvape.eu\/de\/#organization"},"potentialAction":[{"@type":"SearchAction","target":{"@type":"EntryPoint","urlTemplate":"https:\/\/www.fizzyvape.eu\/de\/?s={search_term_string}"},"query-input":{"@type":"PropertyValueSpecification","valueRequired":true,"valueName":"search_term_string"}}],"inLanguage":"de"},{"@type":"Organization","@id":"https:\/\/www.fizzyvape.eu\/de\/#organization","name":"fizzyvape.eu","url":"https:\/\/www.fizzyvape.eu\/de\/","logo":{"@type":"ImageObject","inLanguage":"de","@id":"https:\/\/www.fizzyvape.eu\/de\/#\/schema\/logo\/image\/","url":"https:\/\/fizzyvape.eu\/wp-content\/uploads\/2019\/06\/print-1.svg","contentUrl":"https:\/\/fizzyvape.eu\/wp-content\/uploads\/2019\/06\/print-1.svg","width":124,"height":37,"caption":"fizzyvape.eu"},"image":{"@id":"https:\/\/www.fizzyvape.eu\/de\/#\/schema\/logo\/image\/"}}]},"og_availability":"out of stock","product_availability":"out of stock","product_condition":"new"},"tiered_pricing_type":"fixed","tiered_pricing_fixed_rules":[],"tiered_pricing_product_settings":{"layout":"default","base_unit_name":{"singular":null,"plural":null},"default_variation":null},"tiered_pricing_minimum_quantity":null,"tiered_pricing_roles_data":[],"tiered_pricing_percentage_rules":[],"tiered_pricing_maximum_quantity":null,"tiered_pricing_quantity_step":null,"_links":{"self":[{"href":"https:\/\/fizzyvape.eu\/de\/wp-json\/wp\/v2\/product\/24604","targetHints":{"allow":["GET"]}}],"collection":[{"href":"https:\/\/fizzyvape.eu\/de\/wp-json\/wp\/v2\/product"}],"about":[{"href":"https:\/\/fizzyvape.eu\/de\/wp-json\/wp\/v2\/types\/product"}],"replies":[{"embeddable":true,"href":"https:\/\/fizzyvape.eu\/de\/wp-json\/wp\/v2\/comments?post=24604"}],"version-history":[{"count":0,"href":"https:\/\/fizzyvape.eu\/de\/wp-json\/wp\/v2\/product\/24604\/revisions"}],"wp:featuredmedia":[{"embeddable":true,"href":"https:\/\/fizzyvape.eu\/de\/wp-json\/wp\/v2\/media\/22529"}],"wp:attachment":[{"href":"https:\/\/fizzyvape.eu\/de\/wp-json\/wp\/v2\/media?parent=24604"}],"wp:term":[{"taxonomy":"product_brand","embeddable":true,"href":"https:\/\/fizzyvape.eu\/de\/wp-json\/wp\/v2\/product_brand?post=24604"},{"taxonomy":"product_cat","embeddable":true,"href":"https:\/\/fizzyvape.eu\/de\/wp-json\/wp\/v2\/product_cat?post=24604"},{"taxonomy":"product_tag","embeddable":true,"href":"https:\/\/fizzyvape.eu\/de\/wp-json\/wp\/v2\/product_tag?post=24604"}],"curies":[{"name":"wp","href":"https:\/\/api.w.org\/{rel}","templated":true}]}}