{"id":25065,"date":"2025-04-02T11:54:58","date_gmt":"2025-04-02T03:54:58","guid":{"rendered":"https:\/\/fizzyvape.eu\/product\/fizzy-nova-plus-40000-windbeutel-30-st\/"},"modified":"2025-10-31T18:03:06","modified_gmt":"2025-10-31T10:03:06","slug":"fizzy-nova-plus-40000-windbeutel-30-st","status":"publish","type":"product","link":"https:\/\/fizzyvape.eu\/de\/produkt\/fizzy-nova-plus-40000-windbeutel-30-st\/","title":{"rendered":"Fizzy Nova Plus 40000 Windbeutel &#8211; 30 St."},"content":{"rendered":"<div>\n<h1><strong>Fizzy Nova Plus 40000 Puffs Einweg-Vape &#8211; Premium Vaping neu definiert<\/strong><\/h1>\n<p>Der <strong>Fizzy Nova Plus 40000 Puffs Einwegdampfer<\/strong> setzt einen neuen Standard f\u00fcr Premium-Dampftechnologie. Dieses revolution\u00e4re Ger\u00e4t wurde f\u00fcr anspruchsvolle Dampfer entwickelt, die keine Kompromisse eingehen wollen. Es bietet eine noch nie dagewesene Kombination aus <strong>langer Lebensdauer, reichem Geschmack und hochmodernen Funktionen<\/strong> in einem schlanken, tragbaren Design. <\/p>\n<h3>Wichtige Merkmale:<\/h3>\n<p>\ud83d\udd39 <strong>Ultra-High Puff Count<\/strong> &#8211; Liefert <strong>40.000 Z\u00fcge<\/strong> und sorgt so f\u00fcr ein lang anhaltendes und befriedigendes Dampferlebnis.<br \/>\n\ud83d\udd39 <strong>Massive E-Liquid-Kapazit\u00e4t<\/strong> &#8211; <strong>40mL vorgef\u00fclltes E-Liquid<\/strong> sorgt f\u00fcr <strong>wochenlangen ununterbrochenen Genuss<\/strong>.<br \/>\n\ud83d\udd39 <strong>Fortschrittliche Dual Mesh Coil Technologie<\/strong> &#8211; Erzeugt <strong>reichhaltigere Aromen und dichteren Dampf<\/strong> f\u00fcr eine verbesserte Dampferfahrung.<br \/>\n\ud83d\udd39 <strong>Einstellbare Vaping-Modi<\/strong> &#8211; W\u00e4hlen Sie den <strong>Eco-Modus f\u00fcr l\u00e4ngere Haltbarkeit<\/strong> oder den <strong>Turbo-Modus f\u00fcr intensiveren Geschmack und Dampfproduktion<\/strong>.<br \/>\n\ud83d\udd39 <strong>Intelligentes LED-Display<\/strong> &#8211; Zeigt den <strong>Batteriestatus und den F\u00fcllstand des E-Liquids<\/strong> an und erm\u00f6glicht so eine m\u00fchelose \u00dcberwachung.<br \/>\n\ud83d\udd39 <strong>Schnelles USB-C-Laden<\/strong> &#8211; Ausgestattet mit einem <strong>850-mAh-Akku<\/strong>, der <strong>in nur 2 Stunden<\/strong> vollst\u00e4ndig <strong>aufgeladen ist<\/strong> und somit eine kontinuierliche Nutzung erm\u00f6glicht.<\/p>\n<h3>Warum Fizzy Nova Plus w\u00e4hlen?<\/h3>\n<p>\ud83d\udd25 <strong>Branchenf\u00fchrende Langlebigkeit<\/strong> &#8211; Die Kapazit\u00e4t von 40.000 Puffs \u00fcbertrifft die von Standard-Einwegartikeln um 300-400% und bietet einen au\u00dfergew\u00f6hnlichen Wert.<br \/>\n\ud83d\udc8e <strong>Hochwertige Technik<\/strong> &#8211; Materialien in Luft- und Raumfahrtqualit\u00e4t mit einem eleganten Metallic-Finish, das Langlebigkeit mit anspruchsvollem Stil verbindet<br \/>\n\ud83d\udc51 <strong>Flavor Mastery<\/strong> &#8211; Jede Mischung wird von Meistermixern sorgf\u00e4ltig zusammengestellt, um perfekt ausgewogene, authentische Geschmacksprofile zu liefern.<br \/>\n\u26a1 <strong>Personalisierte Leistung<\/strong> &#8211; Mit dem innovativen Dual-Mode-System k\u00f6nnen Sie jede Sitzung an Ihre Stimmung und Vorlieben anpassen. <\/p>\n<\/div>\n<div>\n<h3><strong>Nikotin-Optionen:<\/strong><\/h3>\n<p>&#8211; <strong>2% (20mg\/ml)<\/strong> &#8211; Ideal f\u00fcr ein sanftes und aromatisches Dampferlebnis<br \/>\n&#8211; <strong>5% (50mg\/ml<\/strong> ) &#8211; Entwickelt f\u00fcr einen st\u00e4rkeren, befriedigenderen Kehlkopfschlag <\/p>\n<h3>Spezifikationen<\/h3>\n<table style=\"height: 449px;\" width=\"1340\">\n<tbody>\n<tr>\n<td>Puffs<\/td>\n<td><strong>40000+ Puffs<\/strong><\/td>\n<\/tr>\n<tr>\n<td>E-Liquid Kapazit\u00e4t<\/td>\n<td><strong>40ml<\/strong><\/td>\n<\/tr>\n<tr>\n<td>Akku-Kapazit\u00e4t<\/td>\n<td><strong>850mAh<\/strong><\/td>\n<\/tr>\n<tr>\n<td>Gr\u00f6\u00dfe<\/td>\n<td><strong>52.5*24.5*104.3mm<\/strong><\/td>\n<\/tr>\n<tr>\n<td>Wegwerfbar oder nicht<\/td>\n<td><strong>Einweg<\/strong><\/td>\n<\/tr>\n<tr>\n<td>Methode zum Aufladen<\/td>\n<td><strong>Kabel<\/strong><\/td>\n<\/tr>\n<tr>\n<td>Aktivierungsmethode<\/td>\n<td><strong>Sensor<\/strong><\/td>\n<\/tr>\n<tr>\n<td>Material<\/td>\n<td><strong>PCTG<\/strong><\/td>\n<\/tr>\n<tr>\n<td>Nikotingehalt<\/td>\n<td><strong>2% (20mg\/ml) &amp; 5% (50mg\/ml)<\/strong><\/td>\n<\/tr>\n<tr>\n<td>Geschm\u00e4cker<\/td>\n<td><strong>12<\/strong><\/td>\n<\/tr>\n<tr>\n<td>Packung<\/td>\n<td><strong>1 Packung<\/strong><\/td>\n<\/tr>\n<tr>\n<td>Aufladezeit<\/td>\n<td><strong>2 Stunden<\/strong><\/td>\n<\/tr>\n<tr>\n<td>Lagerung<\/td>\n<td><strong>Vermeiden Sie hohe Temperaturen und lagern Sie es an einem k\u00fchlen und trockenen Ort.<\/strong><\/td>\n<\/tr>\n<tr>\n<td>Personen, die das Produkt nicht verwenden d\u00fcrfen<\/td>\n<td><strong>Minderj\u00e4hrige, schwangere Frauen und Personen, die allergisch auf die Inhaltsstoffe des Produkts reagieren.<\/strong><\/td>\n<\/tr>\n<tr>\n<td>Vorsicht<\/td>\n<td><strong>Verschlucken Sie diese Substanz nicht. Sp\u00fclen Sie bei Verschlucken sofort und gr\u00fcndlich den Mund aus. Wenn Sie sich unwohl f\u00fchlen, suchen Sie einen Arzt auf.  <\/strong><\/td>\n<\/tr>\n<\/tbody>\n<\/table>\n<h3><strong>Fizzy Nova Plus <\/strong>40000 Puffs Geschmacksrichtungen Liste:<\/h3>\n<ol>\n<li><a href=\"https:\/\/fizzyvape.eu\/product\/nova-plus-strawberry-kiwi-40000-puffs-10pcs\/\">Erdbeere Kiwi<\/a><\/li>\n<li><a href=\"https:\/\/fizzyvape.eu\/product\/nova-plus-blueberry-ice-40000-puffs-10pcs\/\">Heidelbeere Eis<\/a><\/li>\n<li><a href=\"https:\/\/fizzyvape.eu\/product\/nova-plus-watermelon-ice-40000-puffs-10pcs\/\">Wassermelone Eis<\/a><\/li>\n<li><a href=\"https:\/\/fizzyvape.eu\/product\/nova-plus-peach-mango-watermelon-40000-puffs-10pcs\/\">Pfirsich Mango Wassermelone<\/a><\/li>\n<li><a href=\"https:\/\/fizzyvape.eu\/product\/nova-plus-kiwi-passion-fruit-guava-40000-puffs-10pcs\/\">Kiwi Passionsfrucht Guave<\/a><\/li>\n<li><a href=\"https:\/\/fizzyvape.eu\/product\/nova-plus-raspberry-lemon-40000-puffs-10pcs\/\">Himbeere-Zitrone<\/a><\/li>\n<li><a href=\"https:\/\/fizzyvape.eu\/product\/nova-plus-triple-berry-40000-puffs-10pcs\/\">Dreifach-Beere<\/a><\/li>\n<li><a href=\"https:\/\/fizzyvape.eu\/product\/nova-plus-peach-ice-40000-puffs-10pcs\/\">Pfirsich Eis<\/a><\/li>\n<li><a href=\"https:\/\/fizzyvape.eu\/product\/nova-plus-grape-lime-40000-puffs-10pcs\/\">Weintraube Limette<\/a><\/li>\n<li><a href=\"https:\/\/fizzyvape.eu\/product\/nova-plus-blue-razz-lemonade-40000-puffs-10pcs\/\">Blue Razz Limonade<\/a><\/li>\n<li><a href=\"https:\/\/fizzyvape.eu\/product\/nova-plus-strawberry-ice-40000-puffs-10pcs\/\">Erdbeereis<\/a><\/li>\n<li><a href=\"https:\/\/fizzyvape.eu\/product\/nova-plus-blueberry-coconut-40000-puffs-10pcs\/\">Heidelbeere Kokosnuss<\/a><\/li>\n<\/ol>\n<h3>FAQ \u00fcber Fizzy Nova Plus 40000 Puffs Einweg-Dampfger\u00e4te<\/h3>\n<h4>1. <strong>Wie lange h\u00e4lt ein Fizzy Nova Plus Ger\u00e4t?<\/strong><\/h4>\n<p>Jedes Ger\u00e4t liefert beeindruckende <strong>40.000 Z\u00fcge<\/strong> und \u00fcbertrifft damit herk\u00f6mmliche Einwegprodukte deutlich. Bei regelm\u00e4\u00dfigem Gebrauch kann er <strong>mehrere Wochen<\/strong> halten, was ihn zu einem der langlebigsten Einwegverdampfer auf dem Markt macht. <\/p>\n<h4>2. <strong>Wodurch unterscheidet sich der Fizzy Nova Plus von anderen Einwegverdampfern?<\/strong><\/h4>\n<p>Die <strong>Fizzy Nova Plus<\/strong> zeichnet sich durch ihre <strong>Dual-Mesh-Coil-Technologie<\/strong>, die <strong>einstellbaren Eco- und Turbo-Modi<\/strong>, das <strong>riesige Fassungsverm\u00f6gen von 40 ml E-Liquid<\/strong> und das <strong>intelligente LED-Display<\/strong> aus und bietet ein <strong>individuelles und erstklassiges Dampferlebnis<\/strong>.  <\/p>\n<h4>3. <strong>Was ist der Unterschied zwischen dem Eco-Modus und dem Turbo-Modus?<\/strong><\/h4>\n<ul>\n<li><strong>Eco-Modus<\/strong>: Verl\u00e4ngert die Akkulaufzeit und den Verbrauch von E-Liquid, perfekt f\u00fcr l\u00e4ngere Sessions.<\/li>\n<li><strong>Turbo-Modus<\/strong>: Erh\u00f6ht die <strong>Geschmacksintensit\u00e4t und die Dampfproduktion<\/strong>, ideal f\u00fcr diejenigen, die <strong>einen st\u00e4rkeren Zug<\/strong> bevorzugen.<\/li>\n<\/ul>\n<h4>4. <strong>Welche Nikotinst\u00e4rken sind erh\u00e4ltlich?<\/strong><\/h4>\n<p>Die <strong>Fizzy Nova Plus 40000 Puffs Disposable Vape<\/strong> ist in zwei Nikotinvarianten erh\u00e4ltlich: <\/p>\n<ul data-is-last-node=\"\" data-is-only-node=\"\">\n<li><strong>2% (20mg\/ml)<\/strong> &#8211; Bietet ein <strong>sanftes und ausgewogenes<\/strong> Dampferlebnis.<\/li>\n<li><strong>5% (50mg\/ml)<\/strong> &#8211; Bietet einen <strong>st\u00e4rkeren Kehlkopfschlag<\/strong> und eine intensivere Nikotinbefriedigung.<\/li>\n<\/ul>\n<\/div>\n","protected":false},"excerpt":{"rendered":"<p><strong>Fizzy Nova Plus 40.000 Puffs Einwegverdampfer<\/strong> &#8211; <strong>30er-Pack<\/strong> (begrenztes Angebot)! Genie\u00dfen Sie Premium-Dampfen mit branchenf\u00fchrender Langlebigkeit<strong>(40.000 Z\u00fcge pro Ger\u00e4t<\/strong>), <strong>40mL E-Liquid-Kapazit\u00e4t<\/strong> und Dual-Mesh-Spulen f\u00fcr reichhaltigen Geschmack. Mit <strong>USB-C-Schnellladefunktion<\/strong>, intelligenter LED-Anzeige und einstellbaren <strong>Eco\/Turbo-Modi<\/strong>. Perfekt f\u00fcr Einzelh\u00e4ndler oder Vieldampfer &#8211; f\u00fcr begrenzte Zeit zum Sonderpreis!   <\/p>\n<p><strong style=\"color: red;\">Bitte geben Sie bei der Bestellung die gew\u00fcnschte Geschmacksrichtung und Menge an!<\/strong><\/p>\n","protected":false},"featured_media":30088,"comment_status":"open","ping_status":"closed","template":"","meta":{"iawp_total_views":0},"product_brand":[],"product_cat":[671],"product_tag":[344],"class_list":{"0":"post-25065","1":"product","2":"type-product","3":"status-publish","4":"has-post-thumbnail","6":"product_cat-bulk-deals-2-de","7":"product_tag-40000-zuge","9":"first","10":"outofstock","11":"sale","12":"shipping-taxable","13":"purchasable","14":"product-type-variable"},"yoast_head":"<!-- This site is optimized with the Yoast SEO Premium plugin v24.8 (Yoast SEO v24.8) - https:\/\/yoast.com\/wordpress\/plugins\/seo\/ -->\n<title>Fizzy Nova Plus 40000 Windbeutel - 30 St. - fizzyvape.eu<\/title>\n<meta name=\"description\" content=\"30 St\u00fcck Fizzy Nova Plus 40K Puffs im Gro\u00dfhandelspaket! Premium-Aromen, USB-C-Ladung, Mengenrabatte. Befristetes Angebot - bestellen Sie jetzt!\" \/>\n<meta name=\"robots\" content=\"index, follow, max-snippet:-1, max-image-preview:large, max-video-preview:-1\" \/>\n<link rel=\"canonical\" href=\"https:\/\/fizzyvape.eu\/de\/produkt\/fizzy-nova-plus-40000-windbeutel-30-st\/\" \/>\n<meta property=\"og:locale\" content=\"de_DE\" \/>\n<meta property=\"og:type\" content=\"article\" \/>\n<meta property=\"og:title\" content=\"Fizzy Nova Plus 40000 Windbeutel - 30 St.\" \/>\n<meta property=\"og:description\" content=\"30 St\u00fcck Fizzy Nova Plus 40K Puffs im Gro\u00dfhandelspaket! Premium-Aromen, USB-C-Ladung, Mengenrabatte. Befristetes Angebot - bestellen Sie jetzt!\" \/>\n<meta property=\"og:url\" content=\"https:\/\/fizzyvape.eu\/de\/produkt\/fizzy-nova-plus-40000-windbeutel-30-st\/\" \/>\n<meta property=\"og:site_name\" content=\"fizzyvape.eu\" \/>\n<meta property=\"article:modified_time\" content=\"2025-10-31T10:03:06+00:00\" \/>\n<meta property=\"og:image\" content=\"https:\/\/fizzyvape.eu\/wp-content\/uploads\/2025\/04\/Fizzy-Nova-Plus-40000Puffs-30pcs-4.webp\" \/>\n\t<meta property=\"og:image:width\" content=\"800\" \/>\n\t<meta property=\"og:image:height\" content=\"800\" \/>\n\t<meta property=\"og:image:type\" content=\"image\/webp\" \/>\n<meta name=\"twitter:card\" content=\"summary_large_image\" \/>\n<meta name=\"twitter:label1\" content=\"Verf\u00fcgbarkeit\" \/>\n\t<meta name=\"twitter:data1\" content=\"ausverkauft\" \/>\n<script type=\"application\/ld+json\" class=\"yoast-schema-graph\">{\"@context\":\"https:\/\/schema.org\",\"@graph\":[{\"@type\":\"WebPage\",\"@id\":\"https:\/\/fizzyvape.eu\/de\/produkt\/fizzy-nova-plus-40000-windbeutel-30-st\/\",\"url\":\"https:\/\/fizzyvape.eu\/de\/produkt\/fizzy-nova-plus-40000-windbeutel-30-st\/\",\"name\":\"Fizzy Nova Plus 40000 Windbeutel - 30 St. - fizzyvape.eu\",\"isPartOf\":{\"@id\":\"https:\/\/www.fizzyvape.eu\/de\/#website\"},\"primaryImageOfPage\":{\"@id\":\"https:\/\/fizzyvape.eu\/de\/produkt\/fizzy-nova-plus-40000-windbeutel-30-st\/#primaryimage\"},\"image\":{\"@id\":\"https:\/\/fizzyvape.eu\/de\/produkt\/fizzy-nova-plus-40000-windbeutel-30-st\/#primaryimage\"},\"thumbnailUrl\":\"https:\/\/fizzyvape.eu\/wp-content\/uploads\/2025\/04\/Fizzy-Nova-Plus-40000-Puffs-30pcs.webp\",\"datePublished\":\"2025-04-02T03:54:58+00:00\",\"dateModified\":\"2025-10-31T10:03:06+00:00\",\"description\":\"30 St\u00fcck Fizzy Nova Plus 40K Puffs im Gro\u00dfhandelspaket! Premium-Aromen, USB-C-Ladung, Mengenrabatte. Befristetes Angebot - bestellen Sie jetzt!\",\"breadcrumb\":{\"@id\":\"https:\/\/fizzyvape.eu\/de\/produkt\/fizzy-nova-plus-40000-windbeutel-30-st\/#breadcrumb\"},\"inLanguage\":\"de\",\"potentialAction\":[{\"@type\":\"ReadAction\",\"target\":[\"https:\/\/fizzyvape.eu\/de\/produkt\/fizzy-nova-plus-40000-windbeutel-30-st\/\"]}]},{\"@type\":\"ImageObject\",\"inLanguage\":\"de\",\"@id\":\"https:\/\/fizzyvape.eu\/de\/produkt\/fizzy-nova-plus-40000-windbeutel-30-st\/#primaryimage\",\"url\":\"https:\/\/fizzyvape.eu\/wp-content\/uploads\/2025\/04\/Fizzy-Nova-Plus-40000-Puffs-30pcs.webp\",\"contentUrl\":\"https:\/\/fizzyvape.eu\/wp-content\/uploads\/2025\/04\/Fizzy-Nova-Plus-40000-Puffs-30pcs.webp\",\"width\":800,\"height\":800,\"caption\":\"Fizzy Nova Plus 40000 Puffs 30pcs\"},{\"@type\":\"BreadcrumbList\",\"@id\":\"https:\/\/fizzyvape.eu\/de\/produkt\/fizzy-nova-plus-40000-windbeutel-30-st\/#breadcrumb\",\"itemListElement\":[{\"@type\":\"ListItem\",\"position\":1,\"name\":\"Home\",\"item\":\"https:\/\/fizzyvape.eu\/de\/\"},{\"@type\":\"ListItem\",\"position\":2,\"name\":\"Shop\",\"item\":\"https:\/\/www.fizzyvape.eu\/de\/shop\/\"},{\"@type\":\"ListItem\",\"position\":3,\"name\":\"Fizzy Nova Plus 40000 Windbeutel &#8211; 30 St.\"}]},{\"@type\":\"WebSite\",\"@id\":\"https:\/\/www.fizzyvape.eu\/de\/#website\",\"url\":\"https:\/\/www.fizzyvape.eu\/de\/\",\"name\":\"fizzyvape.eu\",\"description\":\"Refreshing Vapes. Unforgettable Taste.\",\"publisher\":{\"@id\":\"https:\/\/www.fizzyvape.eu\/de\/#organization\"},\"potentialAction\":[{\"@type\":\"SearchAction\",\"target\":{\"@type\":\"EntryPoint\",\"urlTemplate\":\"https:\/\/www.fizzyvape.eu\/de\/?s={search_term_string}\"},\"query-input\":{\"@type\":\"PropertyValueSpecification\",\"valueRequired\":true,\"valueName\":\"search_term_string\"}}],\"inLanguage\":\"de\"},{\"@type\":\"Organization\",\"@id\":\"https:\/\/www.fizzyvape.eu\/de\/#organization\",\"name\":\"fizzyvape.eu\",\"url\":\"https:\/\/www.fizzyvape.eu\/de\/\",\"logo\":{\"@type\":\"ImageObject\",\"inLanguage\":\"de\",\"@id\":\"https:\/\/www.fizzyvape.eu\/de\/#\/schema\/logo\/image\/\",\"url\":\"https:\/\/fizzyvape.eu\/wp-content\/uploads\/2019\/06\/print-1.svg\",\"contentUrl\":\"https:\/\/fizzyvape.eu\/wp-content\/uploads\/2019\/06\/print-1.svg\",\"width\":124,\"height\":37,\"caption\":\"fizzyvape.eu\"},\"image\":{\"@id\":\"https:\/\/www.fizzyvape.eu\/de\/#\/schema\/logo\/image\/\"}}]}<\/script>\n<meta property=\"og:availability\" content=\"out of stock\" \/>\n<meta property=\"product:availability\" content=\"out of stock\" \/>\n<meta property=\"product:condition\" content=\"new\" \/>\n<!-- \/ Yoast SEO Premium plugin. -->","yoast_head_json":{"title":"Fizzy Nova Plus 40000 Windbeutel - 30 St. - fizzyvape.eu","description":"30 St\u00fcck Fizzy Nova Plus 40K Puffs im Gro\u00dfhandelspaket! Premium-Aromen, USB-C-Ladung, Mengenrabatte. Befristetes Angebot - bestellen Sie jetzt!","robots":{"index":"index","follow":"follow","max-snippet":"max-snippet:-1","max-image-preview":"max-image-preview:large","max-video-preview":"max-video-preview:-1"},"canonical":"https:\/\/fizzyvape.eu\/de\/produkt\/fizzy-nova-plus-40000-windbeutel-30-st\/","og_locale":"de_DE","og_type":"article","og_title":"Fizzy Nova Plus 40000 Windbeutel - 30 St.","og_description":"30 St\u00fcck Fizzy Nova Plus 40K Puffs im Gro\u00dfhandelspaket! Premium-Aromen, USB-C-Ladung, Mengenrabatte. Befristetes Angebot - bestellen Sie jetzt!","og_url":"https:\/\/fizzyvape.eu\/de\/produkt\/fizzy-nova-plus-40000-windbeutel-30-st\/","og_site_name":"fizzyvape.eu","article_modified_time":"2025-10-31T10:03:06+00:00","og_image":[{"width":800,"height":800,"url":"https:\/\/fizzyvape.eu\/wp-content\/uploads\/2025\/04\/Fizzy-Nova-Plus-40000Puffs-30pcs-4.webp","type":"image\/webp"}],"twitter_card":"summary_large_image","twitter_misc":{"Verf\u00fcgbarkeit":"ausverkauft"},"schema":{"@context":"https:\/\/schema.org","@graph":[{"@type":"WebPage","@id":"https:\/\/fizzyvape.eu\/de\/produkt\/fizzy-nova-plus-40000-windbeutel-30-st\/","url":"https:\/\/fizzyvape.eu\/de\/produkt\/fizzy-nova-plus-40000-windbeutel-30-st\/","name":"Fizzy Nova Plus 40000 Windbeutel - 30 St. - fizzyvape.eu","isPartOf":{"@id":"https:\/\/www.fizzyvape.eu\/de\/#website"},"primaryImageOfPage":{"@id":"https:\/\/fizzyvape.eu\/de\/produkt\/fizzy-nova-plus-40000-windbeutel-30-st\/#primaryimage"},"image":{"@id":"https:\/\/fizzyvape.eu\/de\/produkt\/fizzy-nova-plus-40000-windbeutel-30-st\/#primaryimage"},"thumbnailUrl":"https:\/\/fizzyvape.eu\/wp-content\/uploads\/2025\/04\/Fizzy-Nova-Plus-40000-Puffs-30pcs.webp","datePublished":"2025-04-02T03:54:58+00:00","dateModified":"2025-10-31T10:03:06+00:00","description":"30 St\u00fcck Fizzy Nova Plus 40K Puffs im Gro\u00dfhandelspaket! Premium-Aromen, USB-C-Ladung, Mengenrabatte. Befristetes Angebot - bestellen Sie jetzt!","breadcrumb":{"@id":"https:\/\/fizzyvape.eu\/de\/produkt\/fizzy-nova-plus-40000-windbeutel-30-st\/#breadcrumb"},"inLanguage":"de","potentialAction":[{"@type":"ReadAction","target":["https:\/\/fizzyvape.eu\/de\/produkt\/fizzy-nova-plus-40000-windbeutel-30-st\/"]}]},{"@type":"ImageObject","inLanguage":"de","@id":"https:\/\/fizzyvape.eu\/de\/produkt\/fizzy-nova-plus-40000-windbeutel-30-st\/#primaryimage","url":"https:\/\/fizzyvape.eu\/wp-content\/uploads\/2025\/04\/Fizzy-Nova-Plus-40000-Puffs-30pcs.webp","contentUrl":"https:\/\/fizzyvape.eu\/wp-content\/uploads\/2025\/04\/Fizzy-Nova-Plus-40000-Puffs-30pcs.webp","width":800,"height":800,"caption":"Fizzy Nova Plus 40000 Puffs 30pcs"},{"@type":"BreadcrumbList","@id":"https:\/\/fizzyvape.eu\/de\/produkt\/fizzy-nova-plus-40000-windbeutel-30-st\/#breadcrumb","itemListElement":[{"@type":"ListItem","position":1,"name":"Home","item":"https:\/\/fizzyvape.eu\/de\/"},{"@type":"ListItem","position":2,"name":"Shop","item":"https:\/\/www.fizzyvape.eu\/de\/shop\/"},{"@type":"ListItem","position":3,"name":"Fizzy Nova Plus 40000 Windbeutel &#8211; 30 St."}]},{"@type":"WebSite","@id":"https:\/\/www.fizzyvape.eu\/de\/#website","url":"https:\/\/www.fizzyvape.eu\/de\/","name":"fizzyvape.eu","description":"Refreshing Vapes. Unforgettable Taste.","publisher":{"@id":"https:\/\/www.fizzyvape.eu\/de\/#organization"},"potentialAction":[{"@type":"SearchAction","target":{"@type":"EntryPoint","urlTemplate":"https:\/\/www.fizzyvape.eu\/de\/?s={search_term_string}"},"query-input":{"@type":"PropertyValueSpecification","valueRequired":true,"valueName":"search_term_string"}}],"inLanguage":"de"},{"@type":"Organization","@id":"https:\/\/www.fizzyvape.eu\/de\/#organization","name":"fizzyvape.eu","url":"https:\/\/www.fizzyvape.eu\/de\/","logo":{"@type":"ImageObject","inLanguage":"de","@id":"https:\/\/www.fizzyvape.eu\/de\/#\/schema\/logo\/image\/","url":"https:\/\/fizzyvape.eu\/wp-content\/uploads\/2019\/06\/print-1.svg","contentUrl":"https:\/\/fizzyvape.eu\/wp-content\/uploads\/2019\/06\/print-1.svg","width":124,"height":37,"caption":"fizzyvape.eu"},"image":{"@id":"https:\/\/www.fizzyvape.eu\/de\/#\/schema\/logo\/image\/"}}]},"og_availability":"out of stock","product_availability":"out of stock","product_condition":"new"},"tiered_pricing_type":"fixed","tiered_pricing_fixed_rules":[],"tiered_pricing_product_settings":{"layout":"default","base_unit_name":{"singular":null,"plural":null},"default_variation":null},"tiered_pricing_minimum_quantity":null,"tiered_pricing_roles_data":[],"tiered_pricing_percentage_rules":[],"tiered_pricing_maximum_quantity":null,"tiered_pricing_quantity_step":null,"_links":{"self":[{"href":"https:\/\/fizzyvape.eu\/de\/wp-json\/wp\/v2\/product\/25065","targetHints":{"allow":["GET"]}}],"collection":[{"href":"https:\/\/fizzyvape.eu\/de\/wp-json\/wp\/v2\/product"}],"about":[{"href":"https:\/\/fizzyvape.eu\/de\/wp-json\/wp\/v2\/types\/product"}],"replies":[{"embeddable":true,"href":"https:\/\/fizzyvape.eu\/de\/wp-json\/wp\/v2\/comments?post=25065"}],"version-history":[{"count":0,"href":"https:\/\/fizzyvape.eu\/de\/wp-json\/wp\/v2\/product\/25065\/revisions"}],"wp:featuredmedia":[{"embeddable":true,"href":"https:\/\/fizzyvape.eu\/de\/wp-json\/wp\/v2\/media\/30088"}],"wp:attachment":[{"href":"https:\/\/fizzyvape.eu\/de\/wp-json\/wp\/v2\/media?parent=25065"}],"wp:term":[{"taxonomy":"product_brand","embeddable":true,"href":"https:\/\/fizzyvape.eu\/de\/wp-json\/wp\/v2\/product_brand?post=25065"},{"taxonomy":"product_cat","embeddable":true,"href":"https:\/\/fizzyvape.eu\/de\/wp-json\/wp\/v2\/product_cat?post=25065"},{"taxonomy":"product_tag","embeddable":true,"href":"https:\/\/fizzyvape.eu\/de\/wp-json\/wp\/v2\/product_tag?post=25065"}],"curies":[{"name":"wp","href":"https:\/\/api.w.org\/{rel}","templated":true}]}}