{"id":25104,"date":"2025-03-31T00:53:42","date_gmt":"2025-03-30T16:53:42","guid":{"rendered":"https:\/\/fizzyvape.eu\/product\/fizzy-nova-plus-blaubeere-kokosnuss-40000-windbeutel-10-stueck\/"},"modified":"2025-12-31T14:04:59","modified_gmt":"2025-12-31T06:04:59","slug":"fizzy-nova-plus-blaubeere-kokosnuss-40000-windbeutel-10-stueck","status":"publish","type":"product","link":"https:\/\/fizzyvape.eu\/de\/produkt\/fizzy-nova-plus-blaubeere-kokosnuss-40000-windbeutel-10-stueck\/","title":{"rendered":"Fizzy Nova Plus Blaubeere-Kokosnuss &#8211; 40000 Windbeutel &#8211; 10 St\u00fcck"},"content":{"rendered":"<div>\n<h1><strong>Fizzy Nova Plus Blueberry Coconut 40000 Puffs &#8211; Premium Tropical Fusion Einweg-Vape<\/strong><\/h1>\n<p>Begeben Sie sich auf eine tropische Geschmacksreise mit der <strong>Fizzy Nova Plus Blueberry Coconut 40.000 Puffs<\/strong>. Dieser Premium-Einwegdampfer kombiniert saftige wilde Blaubeeren mit cremiger Kokosnuss f\u00fcr ein exotisches, samtig-weiches Dampferlebnis. Genie\u00dfen Sie <strong>40.000 Z\u00fcge<\/strong> dieser perfekt ausbalancierten tropischen Fusion, die mit jedem Zug gleichm\u00e4\u00dfig reiche und befriedigende Wolken liefert.  <\/p>\n<h3>Wichtige Merkmale:<\/h3>\n<p>\ud83d\udd39 <strong>Unerreichte 40.000 Puffs<\/strong> &#8211; Erleben Sie erweiterte Zufriedenheit mit unserer branchenf\u00fchrenden Kapazit\u00e4t<br \/>\n\ud83d\udd39 <strong>Gro\u00dfz\u00fcgiges Fassungsverm\u00f6gen von 40 ml E-Juice<\/strong> &#8211; Genie\u00dfen Sie wochenlanges ununterbrochenes Dampfvergn\u00fcgen<br \/>\n\ud83d\udd39 <strong>Dual Mesh Coils der n\u00e4chsten Generation<\/strong> &#8211; Entwickelt f\u00fcr maximale Geschmacksextraktion und Wolkenproduktion<br \/>\n\ud83d\udd39 <strong>Intelligente Dual Vaping-Modi<\/strong> &#8211; Optimieren Sie Ihr Erlebnis mit dem akkuschonenden <strong>Eco-Modus<\/strong> oder dem geschmacksverst\u00e4rkenden <strong>Turbo-Modus<\/strong>.<br \/>\n\ud83d\udd39 <strong>Intelligente Energie\u00fcberwachung<\/strong> &#8211; Die LED-Anzeige informiert Sie sofort \u00fcber den aktuellen Status von Akku und E-Liquid<br \/>\n\ud83d\udd39 <strong>Ultra-schnelles USB-C-Laden<\/strong> &#8211; der 850mAh-Akku ist in nur 120 Minuten vollst\u00e4ndig aufgeladen <\/p>\n<h3><strong>Warum Fizzy Nova Plus w\u00e4hlen?<\/strong><\/h3>\n<p>\ud83d\udd25 <strong>Unerreichte Langlebigkeit<\/strong> &#8211; \u00dcbertrifft herk\u00f6mmliche Einwegartikel um <strong>300%<\/strong><br \/>\n\ud83d\udc8e <strong>Premium Engineering<\/strong> &#8211; Luft- und Raumfahrttaugliche Legierungskonstruktion mit ergonomischer Eleganz<br \/>\n\ud83d\udc51 <strong>Flavor Perfection<\/strong> &#8211; Sorgf\u00e4ltig entwickelt von weltber\u00fchmten Geschmacksk\u00fcnstlern <\/p>\n<\/div>\n<div>\n<h3><strong>Nikotin-Optionen:<\/strong><\/h3>\n<p>&#8211; <strong>2% (20mg\/ml)<\/strong> &#8211; Ideal f\u00fcr ein sanftes und aromatisches Dampferlebnis<br \/>\n&#8211; <strong>5% (50mg\/ml<\/strong> ) &#8211; Entwickelt f\u00fcr einen st\u00e4rkeren, befriedigenderen Kehlkopfschlag <\/p>\n<h3>Spezifikationen<\/h3>\n<table style=\"height: 449px;\" width=\"1340\">\n<tbody>\n<tr>\n<td>Puffs<\/td>\n<td><strong>40000+ Puffs<\/strong><\/td>\n<\/tr>\n<tr>\n<td>E-Liquid Kapazit\u00e4t<\/td>\n<td><strong>40ml<\/strong><\/td>\n<\/tr>\n<tr>\n<td>Akku-Kapazit\u00e4t<\/td>\n<td><strong>850mAh<\/strong><\/td>\n<\/tr>\n<tr>\n<td>Gr\u00f6\u00dfe<\/td>\n<td><strong>52.5*24.5*104.3mm<\/strong><\/td>\n<\/tr>\n<tr>\n<td>Wegwerfbar oder nicht<\/td>\n<td><strong>Einweg<\/strong><\/td>\n<\/tr>\n<tr>\n<td>Methode zum Aufladen<\/td>\n<td><strong>Kabel<\/strong><\/td>\n<\/tr>\n<tr>\n<td>Aktivierungsmethode<\/td>\n<td><strong>Sensor<\/strong><\/td>\n<\/tr>\n<tr>\n<td>Material<\/td>\n<td><strong>PCTG<\/strong><\/td>\n<\/tr>\n<tr>\n<td>Nikotingehalt<\/td>\n<td><strong>2% (20mg\/ml) &amp; 5% (50mg\/ml)<\/strong><\/td>\n<\/tr>\n<tr>\n<td>Geschm\u00e4cker<\/td>\n<td><strong>12<\/strong><\/td>\n<\/tr>\n<tr>\n<td>Packung<\/td>\n<td><strong>1 Packung<\/strong><\/td>\n<\/tr>\n<tr>\n<td>Aufladezeit<\/td>\n<td><strong>2 Stunden<\/strong><\/td>\n<\/tr>\n<tr>\n<td>Lagerung<\/td>\n<td><strong>Vermeiden Sie hohe Temperaturen und lagern Sie es an einem k\u00fchlen und trockenen Ort.<\/strong><\/td>\n<\/tr>\n<tr>\n<td>Personen, die das Produkt nicht verwenden d\u00fcrfen<\/td>\n<td><strong>Minderj\u00e4hrige, schwangere Frauen und Personen, die allergisch auf die Inhaltsstoffe des Produkts reagieren.<\/strong><\/td>\n<\/tr>\n<tr>\n<td>Vorsicht<\/td>\n<td><strong>Verschlucken Sie diese Substanz nicht. Sp\u00fclen Sie bei Verschlucken sofort und gr\u00fcndlich den Mund aus. Wenn Sie sich unwohl f\u00fchlen, suchen Sie einen Arzt auf.  <\/strong><\/td>\n<\/tr>\n<\/tbody>\n<\/table>\n<h3><strong>Fizzy Nova Plus <\/strong>40000 Puffs Geschmacksrichtungen Liste:<\/h3>\n<ol>\n<li><a href=\"https:\/\/fizzyvape.eu\/de\/produkt\/fizzy-nova-plus-erdbeer-kiwi-40000-windbeutel-10-stueck\/\">Erdbeere Kiwi<\/a><\/li>\n<li><a href=\"https:\/\/fizzyvape.eu\/de\/produkt\/fizzy-nova-plus-heidelbeere-eis-40000-puffs-10-stueck\/\">Heidelbeere Eis<\/a><\/li>\n<li><a href=\"https:\/\/fizzyvape.eu\/de\/produkt\/fizzy-nova-plus-wassermelone-eis-40000-puffs-10-stueck\/\">Wassermelone Eis<\/a><\/li>\n<li><a href=\"https:\/\/fizzyvape.eu\/de\/produkt\/fizzy-nova-plus-pfirsich-mango-wassermelone-40000-puffs-10-stueck\/\">Pfirsich Mango Wassermelone<\/a><\/li>\n<li><a href=\"https:\/\/fizzyvape.eu\/de\/produkt\/fizzy-nova-plus-kiwi-passionsfrucht-guave-40000-windbeutel-10-stueck\/\">Kiwi Passionsfrucht Guave<\/a><\/li>\n<li><a href=\"https:\/\/fizzyvape.eu\/de\/produkt\/fizzy-nova-plus-himbeere-zitrone-40000-windbeutel-10-stueck\/\">Himbeere-Zitrone<\/a><\/li>\n<li><a href=\"https:\/\/fizzyvape.eu\/de\/produkt\/fizzy-nova-plus-dreifach-beere-40000-puffs-10-stueck\/\">Dreifach-Beere<\/a><\/li>\n<li><a href=\"https:\/\/fizzyvape.eu\/de\/produkt\/fizzy-nova-plus-pfirsich-eis-40000-puffs-10-stueck\/\">Pfirsich Eis<\/a><\/li>\n<li><a href=\"https:\/\/fizzyvape.eu\/de\/produkt\/fizzy-nova-plus-traube-limette-40000-windbeutel-10-stueck\/\">Weintraube Limette<\/a><\/li>\n<li><a href=\"https:\/\/fizzyvape.eu\/de\/produkt\/fizzy-nova-plus-blue-razz-limonade-40000-puffs-10-stueck\/\">Blue Razz Limonade<\/a><\/li>\n<li><a href=\"https:\/\/fizzyvape.eu\/de\/produkt\/fizzy-nova-plus-strawberry-ice-40000-puffs-10-stueck\/\">Erdbeereis<\/a><\/li>\n<li><a href=\"https:\/\/fizzyvape.eu\/de\/produkt\/fizzy-nova-plus-blaubeere-kokosnuss-40000-windbeutel-10-stueck\/\">Heidelbeere Kokosnuss<\/a><\/li>\n<\/ol>\n<h3>FAQ \u00fcber Fizzy Nova Plus Blueberry Coconut 40000 Puffs Vape<\/h3>\n<p><strong>1. Wie lange h\u00e4lt der Fizzy Nova Plus Blueberry Coconut?<\/strong><br \/>\nMit <strong>40.000 Z\u00fcgen<\/strong> h\u00e4lt dieser Vape <strong>bis zu 3x l\u00e4nger<\/strong> als herk\u00f6mmliche Einwegprodukte und sorgt f\u00fcr langen Genuss ohne h\u00e4ufiges Auswechseln.<\/p>\n<p><strong>2. Wie schmeckt das Blueberry Coconut Aroma?<\/strong><br \/>\nEs bietet eine <strong>einzigartige tropische Fusion<\/strong>, die die <strong>S\u00fc\u00dfe von wilden Blaubeeren<\/strong> mit der <strong>sanften, cremigen Essenz der Kokosnuss<\/strong> f\u00fcr ein reichhaltiges und exotisches Dampferlebnis kombiniert.<\/p>\n<p><strong>3. Was unterscheidet den Fizzy Nova Plus von anderen Einwegverdampfern?<\/strong><br \/>\nDieses Ger\u00e4t verf\u00fcgt \u00fcber ein <strong>Fassungsverm\u00f6gen von 40 ml E-Liquid, eine fortschrittliche Dual-Mesh-Spulentechnologie, zwei intelligente Verdampfungsmodi (Eco &amp; Turbo) und eine LED-Stromanzeige<\/strong>, die den Geschmack, die Langlebigkeit und den Komfort verbessern.<\/p>\n<p><strong>4. Welche Nikotinst\u00e4rken sind erh\u00e4ltlich?<\/strong><br \/>\nFizzy Nova Plus Blueberry Coconut ist in zwei Varianten erh\u00e4ltlich:<\/p>\n<ul>\n<li><strong>2% (20mg\/ml)<\/strong> &#8211; Eine sanfte und geschmackvolle Erfahrung<\/li>\n<li><strong>5% (50mg\/ml<\/strong> ) &#8211; St\u00e4rkeres Nikotin f\u00fcr einen intensiveren Geschmack im Hals<\/li>\n<\/ul>\n<\/div>\n","protected":false},"excerpt":{"rendered":"<p>Erleben Sie eine luxuri\u00f6se tropische Fusion mit <strong>Fizzy Nova Plus Blueberry Coconut 40.000 Puffs<\/strong>. Dieses hochwertige Einwegprodukt kombiniert die S\u00fc\u00dfe von wilden Blaubeeren mit cremiger Kokosnuss f\u00fcr ein exotisches, samtig-weiches Dampferlebnis. <\/p>\n","protected":false},"featured_media":29976,"comment_status":"open","ping_status":"closed","template":"","meta":{"iawp_total_views":13},"product_brand":[],"product_cat":[342],"product_tag":[344],"class_list":{"0":"post-25104","1":"product","2":"type-product","3":"status-publish","4":"has-post-thumbnail","6":"product_cat-nova-plus-de","7":"product_tag-40000-zuge","9":"first","10":"outofstock","11":"sale","12":"shipping-taxable","13":"purchasable","14":"product-type-variable"},"yoast_head":"<!-- This site is optimized with the Yoast SEO Premium plugin v24.8 (Yoast SEO v24.8) - https:\/\/yoast.com\/wordpress\/plugins\/seo\/ -->\n<title>Fizzy Nova Plus Blaubeere-Kokosnuss - 40000 Windbeutel - 10 St\u00fcck - fizzyvape.eu<\/title>\n<meta name=\"description\" content=\"Fizzy Nova Plus Blueberry Coconut 40,000 Puffs Disposable Vape - Tropischer Fusionsgeschmack, 40mL e-Fl\u00fcssigkeit, Dual-Mesh-Spulen. Genie\u00dfen Sie lang anhaltende Zufriedenheit!\" \/>\n<meta name=\"robots\" content=\"index, follow, max-snippet:-1, max-image-preview:large, max-video-preview:-1\" \/>\n<link rel=\"canonical\" href=\"https:\/\/fizzyvape.eu\/de\/produkt\/fizzy-nova-plus-blaubeere-kokosnuss-40000-windbeutel-10-stueck\/\" \/>\n<meta property=\"og:locale\" content=\"de_DE\" \/>\n<meta property=\"og:type\" content=\"article\" \/>\n<meta property=\"og:title\" content=\"Fizzy Nova Plus Blaubeere-Kokosnuss - 40000 Windbeutel - 10 St\u00fcck\" \/>\n<meta property=\"og:description\" content=\"Fizzy Nova Plus Blueberry Coconut 40,000 Puffs Disposable Vape - Tropischer Fusionsgeschmack, 40mL e-Fl\u00fcssigkeit, Dual-Mesh-Spulen. Genie\u00dfen Sie lang anhaltende Zufriedenheit!\" \/>\n<meta property=\"og:url\" content=\"https:\/\/fizzyvape.eu\/de\/produkt\/fizzy-nova-plus-blaubeere-kokosnuss-40000-windbeutel-10-stueck\/\" \/>\n<meta property=\"og:site_name\" content=\"fizzyvape.eu\" \/>\n<meta property=\"article:modified_time\" content=\"2025-12-31T06:04:59+00:00\" \/>\n<meta property=\"og:image\" content=\"https:\/\/www.fizzyvape.eu\/wp-content\/uploads\/2025\/04\/Fizzy-Nova-Plus-Blueberry-Coconut-40000Puffs-1.webp\" \/>\n\t<meta property=\"og:image:width\" content=\"800\" \/>\n\t<meta property=\"og:image:height\" content=\"800\" \/>\n\t<meta property=\"og:image:type\" content=\"image\/webp\" \/>\n<meta name=\"twitter:card\" content=\"summary_large_image\" \/>\n<meta name=\"twitter:label1\" content=\"Verf\u00fcgbarkeit\" \/>\n\t<meta name=\"twitter:data1\" content=\"ausverkauft\" \/>\n<script type=\"application\/ld+json\" class=\"yoast-schema-graph\">{\"@context\":\"https:\/\/schema.org\",\"@graph\":[{\"@type\":\"WebPage\",\"@id\":\"https:\/\/fizzyvape.eu\/de\/produkt\/fizzy-nova-plus-blaubeere-kokosnuss-40000-windbeutel-10-stueck\/\",\"url\":\"https:\/\/fizzyvape.eu\/de\/produkt\/fizzy-nova-plus-blaubeere-kokosnuss-40000-windbeutel-10-stueck\/\",\"name\":\"Fizzy Nova Plus Blaubeere-Kokosnuss - 40000 Windbeutel - 10 St\u00fcck - fizzyvape.eu\",\"isPartOf\":{\"@id\":\"https:\/\/www.fizzyvape.eu\/de\/#website\"},\"primaryImageOfPage\":{\"@id\":\"https:\/\/fizzyvape.eu\/de\/produkt\/fizzy-nova-plus-blaubeere-kokosnuss-40000-windbeutel-10-stueck\/#primaryimage\"},\"image\":{\"@id\":\"https:\/\/fizzyvape.eu\/de\/produkt\/fizzy-nova-plus-blaubeere-kokosnuss-40000-windbeutel-10-stueck\/#primaryimage\"},\"thumbnailUrl\":\"https:\/\/fizzyvape.eu\/wp-content\/uploads\/2025\/03\/Fizzy-Nova-Plus-40000-Puffs-Blueberry-Coconut-10pcs.webp\",\"datePublished\":\"2025-03-30T16:53:42+00:00\",\"dateModified\":\"2025-12-31T06:04:59+00:00\",\"description\":\"Fizzy Nova Plus Blueberry Coconut 40,000 Puffs Disposable Vape - Tropischer Fusionsgeschmack, 40mL e-Fl\u00fcssigkeit, Dual-Mesh-Spulen. Genie\u00dfen Sie lang anhaltende Zufriedenheit!\",\"breadcrumb\":{\"@id\":\"https:\/\/fizzyvape.eu\/de\/produkt\/fizzy-nova-plus-blaubeere-kokosnuss-40000-windbeutel-10-stueck\/#breadcrumb\"},\"inLanguage\":\"de\",\"potentialAction\":[{\"@type\":\"ReadAction\",\"target\":[\"https:\/\/fizzyvape.eu\/de\/produkt\/fizzy-nova-plus-blaubeere-kokosnuss-40000-windbeutel-10-stueck\/\"]}]},{\"@type\":\"ImageObject\",\"inLanguage\":\"de\",\"@id\":\"https:\/\/fizzyvape.eu\/de\/produkt\/fizzy-nova-plus-blaubeere-kokosnuss-40000-windbeutel-10-stueck\/#primaryimage\",\"url\":\"https:\/\/fizzyvape.eu\/wp-content\/uploads\/2025\/03\/Fizzy-Nova-Plus-40000-Puffs-Blueberry-Coconut-10pcs.webp\",\"contentUrl\":\"https:\/\/fizzyvape.eu\/wp-content\/uploads\/2025\/03\/Fizzy-Nova-Plus-40000-Puffs-Blueberry-Coconut-10pcs.webp\",\"width\":800,\"height\":800,\"caption\":\"Fizzy Nova Plus 40000 Windbeutel Heidelbeere Kokosnuss 10 St\u00fcck\"},{\"@type\":\"BreadcrumbList\",\"@id\":\"https:\/\/fizzyvape.eu\/de\/produkt\/fizzy-nova-plus-blaubeere-kokosnuss-40000-windbeutel-10-stueck\/#breadcrumb\",\"itemListElement\":[{\"@type\":\"ListItem\",\"position\":1,\"name\":\"Home\",\"item\":\"https:\/\/fizzyvape.eu\/de\/\"},{\"@type\":\"ListItem\",\"position\":2,\"name\":\"Shop\",\"item\":\"https:\/\/www.fizzyvape.eu\/de\/shop\/\"},{\"@type\":\"ListItem\",\"position\":3,\"name\":\"Fizzy Nova Plus Blaubeere-Kokosnuss &#8211; 40000 Windbeutel &#8211; 10 St\u00fcck\"}]},{\"@type\":\"WebSite\",\"@id\":\"https:\/\/www.fizzyvape.eu\/de\/#website\",\"url\":\"https:\/\/www.fizzyvape.eu\/de\/\",\"name\":\"fizzyvape.eu\",\"description\":\"Refreshing Vapes. Unforgettable Taste.\",\"publisher\":{\"@id\":\"https:\/\/www.fizzyvape.eu\/de\/#organization\"},\"potentialAction\":[{\"@type\":\"SearchAction\",\"target\":{\"@type\":\"EntryPoint\",\"urlTemplate\":\"https:\/\/www.fizzyvape.eu\/de\/?s={search_term_string}\"},\"query-input\":{\"@type\":\"PropertyValueSpecification\",\"valueRequired\":true,\"valueName\":\"search_term_string\"}}],\"inLanguage\":\"de\"},{\"@type\":\"Organization\",\"@id\":\"https:\/\/www.fizzyvape.eu\/de\/#organization\",\"name\":\"fizzyvape.eu\",\"url\":\"https:\/\/www.fizzyvape.eu\/de\/\",\"logo\":{\"@type\":\"ImageObject\",\"inLanguage\":\"de\",\"@id\":\"https:\/\/www.fizzyvape.eu\/de\/#\/schema\/logo\/image\/\",\"url\":\"https:\/\/fizzyvape.eu\/wp-content\/uploads\/2019\/06\/print-1.svg\",\"contentUrl\":\"https:\/\/fizzyvape.eu\/wp-content\/uploads\/2019\/06\/print-1.svg\",\"width\":124,\"height\":37,\"caption\":\"fizzyvape.eu\"},\"image\":{\"@id\":\"https:\/\/www.fizzyvape.eu\/de\/#\/schema\/logo\/image\/\"}}]}<\/script>\n<meta property=\"og:availability\" content=\"out of stock\" \/>\n<meta property=\"product:availability\" content=\"out of stock\" \/>\n<meta property=\"product:condition\" content=\"new\" \/>\n<!-- \/ Yoast SEO Premium plugin. -->","yoast_head_json":{"title":"Fizzy Nova Plus Blaubeere-Kokosnuss - 40000 Windbeutel - 10 St\u00fcck - fizzyvape.eu","description":"Fizzy Nova Plus Blueberry Coconut 40,000 Puffs Disposable Vape - Tropischer Fusionsgeschmack, 40mL e-Fl\u00fcssigkeit, Dual-Mesh-Spulen. Genie\u00dfen Sie lang anhaltende Zufriedenheit!","robots":{"index":"index","follow":"follow","max-snippet":"max-snippet:-1","max-image-preview":"max-image-preview:large","max-video-preview":"max-video-preview:-1"},"canonical":"https:\/\/fizzyvape.eu\/de\/produkt\/fizzy-nova-plus-blaubeere-kokosnuss-40000-windbeutel-10-stueck\/","og_locale":"de_DE","og_type":"article","og_title":"Fizzy Nova Plus Blaubeere-Kokosnuss - 40000 Windbeutel - 10 St\u00fcck","og_description":"Fizzy Nova Plus Blueberry Coconut 40,000 Puffs Disposable Vape - Tropischer Fusionsgeschmack, 40mL e-Fl\u00fcssigkeit, Dual-Mesh-Spulen. Genie\u00dfen Sie lang anhaltende Zufriedenheit!","og_url":"https:\/\/fizzyvape.eu\/de\/produkt\/fizzy-nova-plus-blaubeere-kokosnuss-40000-windbeutel-10-stueck\/","og_site_name":"fizzyvape.eu","article_modified_time":"2025-12-31T06:04:59+00:00","og_image":[{"width":800,"height":800,"url":"https:\/\/www.fizzyvape.eu\/wp-content\/uploads\/2025\/04\/Fizzy-Nova-Plus-Blueberry-Coconut-40000Puffs-1.webp","type":"image\/webp"}],"twitter_card":"summary_large_image","twitter_misc":{"Verf\u00fcgbarkeit":"ausverkauft"},"schema":{"@context":"https:\/\/schema.org","@graph":[{"@type":"WebPage","@id":"https:\/\/fizzyvape.eu\/de\/produkt\/fizzy-nova-plus-blaubeere-kokosnuss-40000-windbeutel-10-stueck\/","url":"https:\/\/fizzyvape.eu\/de\/produkt\/fizzy-nova-plus-blaubeere-kokosnuss-40000-windbeutel-10-stueck\/","name":"Fizzy Nova Plus Blaubeere-Kokosnuss - 40000 Windbeutel - 10 St\u00fcck - fizzyvape.eu","isPartOf":{"@id":"https:\/\/www.fizzyvape.eu\/de\/#website"},"primaryImageOfPage":{"@id":"https:\/\/fizzyvape.eu\/de\/produkt\/fizzy-nova-plus-blaubeere-kokosnuss-40000-windbeutel-10-stueck\/#primaryimage"},"image":{"@id":"https:\/\/fizzyvape.eu\/de\/produkt\/fizzy-nova-plus-blaubeere-kokosnuss-40000-windbeutel-10-stueck\/#primaryimage"},"thumbnailUrl":"https:\/\/fizzyvape.eu\/wp-content\/uploads\/2025\/03\/Fizzy-Nova-Plus-40000-Puffs-Blueberry-Coconut-10pcs.webp","datePublished":"2025-03-30T16:53:42+00:00","dateModified":"2025-12-31T06:04:59+00:00","description":"Fizzy Nova Plus Blueberry Coconut 40,000 Puffs Disposable Vape - Tropischer Fusionsgeschmack, 40mL e-Fl\u00fcssigkeit, Dual-Mesh-Spulen. Genie\u00dfen Sie lang anhaltende Zufriedenheit!","breadcrumb":{"@id":"https:\/\/fizzyvape.eu\/de\/produkt\/fizzy-nova-plus-blaubeere-kokosnuss-40000-windbeutel-10-stueck\/#breadcrumb"},"inLanguage":"de","potentialAction":[{"@type":"ReadAction","target":["https:\/\/fizzyvape.eu\/de\/produkt\/fizzy-nova-plus-blaubeere-kokosnuss-40000-windbeutel-10-stueck\/"]}]},{"@type":"ImageObject","inLanguage":"de","@id":"https:\/\/fizzyvape.eu\/de\/produkt\/fizzy-nova-plus-blaubeere-kokosnuss-40000-windbeutel-10-stueck\/#primaryimage","url":"https:\/\/fizzyvape.eu\/wp-content\/uploads\/2025\/03\/Fizzy-Nova-Plus-40000-Puffs-Blueberry-Coconut-10pcs.webp","contentUrl":"https:\/\/fizzyvape.eu\/wp-content\/uploads\/2025\/03\/Fizzy-Nova-Plus-40000-Puffs-Blueberry-Coconut-10pcs.webp","width":800,"height":800,"caption":"Fizzy Nova Plus 40000 Windbeutel Heidelbeere Kokosnuss 10 St\u00fcck"},{"@type":"BreadcrumbList","@id":"https:\/\/fizzyvape.eu\/de\/produkt\/fizzy-nova-plus-blaubeere-kokosnuss-40000-windbeutel-10-stueck\/#breadcrumb","itemListElement":[{"@type":"ListItem","position":1,"name":"Home","item":"https:\/\/fizzyvape.eu\/de\/"},{"@type":"ListItem","position":2,"name":"Shop","item":"https:\/\/www.fizzyvape.eu\/de\/shop\/"},{"@type":"ListItem","position":3,"name":"Fizzy Nova Plus Blaubeere-Kokosnuss &#8211; 40000 Windbeutel &#8211; 10 St\u00fcck"}]},{"@type":"WebSite","@id":"https:\/\/www.fizzyvape.eu\/de\/#website","url":"https:\/\/www.fizzyvape.eu\/de\/","name":"fizzyvape.eu","description":"Refreshing Vapes. Unforgettable Taste.","publisher":{"@id":"https:\/\/www.fizzyvape.eu\/de\/#organization"},"potentialAction":[{"@type":"SearchAction","target":{"@type":"EntryPoint","urlTemplate":"https:\/\/www.fizzyvape.eu\/de\/?s={search_term_string}"},"query-input":{"@type":"PropertyValueSpecification","valueRequired":true,"valueName":"search_term_string"}}],"inLanguage":"de"},{"@type":"Organization","@id":"https:\/\/www.fizzyvape.eu\/de\/#organization","name":"fizzyvape.eu","url":"https:\/\/www.fizzyvape.eu\/de\/","logo":{"@type":"ImageObject","inLanguage":"de","@id":"https:\/\/www.fizzyvape.eu\/de\/#\/schema\/logo\/image\/","url":"https:\/\/fizzyvape.eu\/wp-content\/uploads\/2019\/06\/print-1.svg","contentUrl":"https:\/\/fizzyvape.eu\/wp-content\/uploads\/2019\/06\/print-1.svg","width":124,"height":37,"caption":"fizzyvape.eu"},"image":{"@id":"https:\/\/www.fizzyvape.eu\/de\/#\/schema\/logo\/image\/"}}]},"og_availability":"out of stock","product_availability":"out of stock","product_condition":"new"},"tiered_pricing_type":"fixed","tiered_pricing_fixed_rules":[],"tiered_pricing_product_settings":{"layout":"default","base_unit_name":{"singular":null,"plural":null},"default_variation":null},"tiered_pricing_minimum_quantity":null,"tiered_pricing_roles_data":[],"tiered_pricing_percentage_rules":[],"tiered_pricing_maximum_quantity":null,"tiered_pricing_quantity_step":null,"_links":{"self":[{"href":"https:\/\/fizzyvape.eu\/de\/wp-json\/wp\/v2\/product\/25104","targetHints":{"allow":["GET"]}}],"collection":[{"href":"https:\/\/fizzyvape.eu\/de\/wp-json\/wp\/v2\/product"}],"about":[{"href":"https:\/\/fizzyvape.eu\/de\/wp-json\/wp\/v2\/types\/product"}],"replies":[{"embeddable":true,"href":"https:\/\/fizzyvape.eu\/de\/wp-json\/wp\/v2\/comments?post=25104"}],"version-history":[{"count":0,"href":"https:\/\/fizzyvape.eu\/de\/wp-json\/wp\/v2\/product\/25104\/revisions"}],"wp:featuredmedia":[{"embeddable":true,"href":"https:\/\/fizzyvape.eu\/de\/wp-json\/wp\/v2\/media\/29976"}],"wp:attachment":[{"href":"https:\/\/fizzyvape.eu\/de\/wp-json\/wp\/v2\/media?parent=25104"}],"wp:term":[{"taxonomy":"product_brand","embeddable":true,"href":"https:\/\/fizzyvape.eu\/de\/wp-json\/wp\/v2\/product_brand?post=25104"},{"taxonomy":"product_cat","embeddable":true,"href":"https:\/\/fizzyvape.eu\/de\/wp-json\/wp\/v2\/product_cat?post=25104"},{"taxonomy":"product_tag","embeddable":true,"href":"https:\/\/fizzyvape.eu\/de\/wp-json\/wp\/v2\/product_tag?post=25104"}],"curies":[{"name":"wp","href":"https:\/\/api.w.org\/{rel}","templated":true}]}}