{"id":25382,"date":"2025-03-31T00:37:10","date_gmt":"2025-03-30T16:37:10","guid":{"rendered":"https:\/\/fizzyvape.eu\/product\/fizzy-nova-plus-blue-razz-limonade-40000-puffs-10-stueck\/"},"modified":"2025-12-31T14:05:32","modified_gmt":"2025-12-31T06:05:32","slug":"fizzy-nova-plus-blue-razz-limonade-40000-puffs-10-stueck","status":"publish","type":"product","link":"https:\/\/fizzyvape.eu\/de\/produkt\/fizzy-nova-plus-blue-razz-limonade-40000-puffs-10-stueck\/","title":{"rendered":"Fizzy Nova Plus Blue Razz Limonade &#8211; 40000 Puffs &#8211; 10 St\u00fcck"},"content":{"rendered":"<div>\n<h1><strong>Fizzy Nova Plus Blue Razz Lemonade 40000 Puffs &#8211; Premium Berry Citrus Einweg Vape<\/strong><\/h1>\n<p>Erleben Sie die ultimative Sommererfrischung mit <strong>Fizzy Nova Plus Blue Razz Lemonade 40000 Puffs<\/strong>. Dieser innovative Einwegdampfer kombiniert s\u00fc\u00dfe blaue Himbeere mit spritziger Limonade f\u00fcr eine perfekt ausgewogene Geschmacksexplosion. Genie\u00dfen Sie au\u00dfergew\u00f6hnliche 40.000 Z\u00fcge dieser lebhaften Beeren-Zitrus-Fusion, die durchgehend befriedigende Wolken mit erfrischendem Geschmack liefert.  <\/p>\n<h3>Wichtige Merkmale:<\/h3>\n<p>\ud83d\udd39 <strong>40.000 Puffs<\/strong> &#8211; Branchenf\u00fchrende Kapazit\u00e4t f\u00fcr lang anhaltende Zufriedenheit<br \/>\n\ud83d\udd39 <strong data-is-only-node=\"\">40mL vorgef\u00fcllter Beh\u00e4lter<\/strong> &#8211; Gro\u00dfz\u00fcgiger Vorrat an E-Liquid f\u00fcr wochenlangen ununterbrochenen Gebrauch<br \/>\n\ud83d\udd39 <strong>Dual Mesh Coil Technologie<\/strong> &#8211; Verbesserte Geschmackstiefe und dichte Dampfproduktion<br \/>\n\ud83d\udd39 <strong>Intelligentes Dual-Mode-System<\/strong> &#8211; Wechseln Sie zwischen dem <strong>Eco-Modus<\/strong> f\u00fcr Effizienz und dem <strong>Turbo-Modus<\/strong> f\u00fcr verst\u00e4rkte Leistung<br \/>\n\ud83d\udd39 <strong>LED-Power-Anzeige<\/strong> &#8211; Echtzeit-\u00dcberwachung von Akkulaufzeit und Fl\u00fcssigkeitsstand<br \/>\n\ud83d\udd39 <strong>Type-C Schnellladung<\/strong> &#8211; 850mAh Akku mit Schnellaufladung f\u00fcr minimale Ausfallzeiten <\/p>\n<h3><strong>Warum Fizzy Nova Plus w\u00e4hlen?<\/strong><\/h3>\n<p>\ud83d\udd25 <strong>Unerreichte Langlebigkeit<\/strong> &#8211; Bietet eine <strong>3x so lange Lebensdauer<\/strong> wie herk\u00f6mmliche Einweg-Vapes<br \/>\n\ud83d\udc8e <strong>Erstklassige Verarbeitungsqualit\u00e4t<\/strong> &#8211; Gefertigt aus einer <strong>haltbaren Metalllegierung<\/strong> mit einem schlanken, ergonomischen Design<br \/>\n\ud83d\udc51 <strong>Superior Flavor Engineering<\/strong> &#8211; Fachm\u00e4nnisch gemischt von <strong>preisgekr\u00f6nten Mixologen<\/strong> f\u00fcr ein  <\/p>\n<\/div>\n<div>\n<h3><strong>Nikotin-Optionen:<\/strong><\/h3>\n<p>&#8211; <strong>2% (20mg\/ml)<\/strong> &#8211; Ideal f\u00fcr ein sanftes und aromatisches Dampferlebnis<br \/>\n&#8211; <strong>5% (50mg\/ml<\/strong> ) &#8211; Entwickelt f\u00fcr einen st\u00e4rkeren, befriedigenderen Kehlkopfschlag <\/p>\n<h3>Spezifikationen<\/h3>\n<table style=\"height: 449px;\" width=\"1340\">\n<tbody>\n<tr>\n<td>Puffs<\/td>\n<td><strong>40000+ Puffs<\/strong><\/td>\n<\/tr>\n<tr>\n<td>E-Liquid Kapazit\u00e4t<\/td>\n<td><strong>40ml<\/strong><\/td>\n<\/tr>\n<tr>\n<td>Akku-Kapazit\u00e4t<\/td>\n<td><strong>850mAh<\/strong><\/td>\n<\/tr>\n<tr>\n<td>Gr\u00f6\u00dfe<\/td>\n<td><strong>52.5*24.5*104.3mm<\/strong><\/td>\n<\/tr>\n<tr>\n<td>Wegwerfbar oder nicht<\/td>\n<td><strong>Einweg<\/strong><\/td>\n<\/tr>\n<tr>\n<td>Methode zum Aufladen<\/td>\n<td><strong>Kabel<\/strong><\/td>\n<\/tr>\n<tr>\n<td>Aktivierungsmethode<\/td>\n<td><strong>Sensor<\/strong><\/td>\n<\/tr>\n<tr>\n<td>Material<\/td>\n<td><strong>PCTG<\/strong><\/td>\n<\/tr>\n<tr>\n<td>Nikotingehalt<\/td>\n<td><strong>2% (20mg\/ml) &amp; 5% (50mg\/ml)<\/strong><\/td>\n<\/tr>\n<tr>\n<td>Geschm\u00e4cker<\/td>\n<td><strong>12<\/strong><\/td>\n<\/tr>\n<tr>\n<td>Packung<\/td>\n<td><strong>1 Packung<\/strong><\/td>\n<\/tr>\n<tr>\n<td>Aufladezeit<\/td>\n<td><strong>2 Stunden<\/strong><\/td>\n<\/tr>\n<tr>\n<td>Lagerung<\/td>\n<td><strong>Vermeiden Sie hohe Temperaturen und lagern Sie es an einem k\u00fchlen und trockenen Ort.<\/strong><\/td>\n<\/tr>\n<tr>\n<td>Personen, die das Produkt nicht verwenden d\u00fcrfen<\/td>\n<td><strong>Minderj\u00e4hrige, schwangere Frauen und Personen, die allergisch auf die Inhaltsstoffe des Produkts reagieren.<\/strong><\/td>\n<\/tr>\n<tr>\n<td>Vorsicht<\/td>\n<td><strong>Verschlucken Sie diese Substanz nicht. Sp\u00fclen Sie bei Verschlucken sofort und gr\u00fcndlich den Mund aus. Wenn Sie sich unwohl f\u00fchlen, suchen Sie einen Arzt auf.  <\/strong><\/td>\n<\/tr>\n<\/tbody>\n<\/table>\n<h3><strong>Fizzy Nova Plus <\/strong>40000 Puffs Geschmacksrichtungen Liste:<\/h3>\n<ol>\n<li><a href=\"https:\/\/fizzyvape.eu\/de\/produkt\/fizzy-nova-plus-erdbeer-kiwi-40000-windbeutel-10-stueck\/\">Erdbeere Kiwi<\/a><\/li>\n<li><a href=\"https:\/\/fizzyvape.eu\/de\/produkt\/fizzy-nova-plus-heidelbeere-eis-40000-puffs-10-stueck\/\">Heidelbeere Eis<\/a><\/li>\n<li><a href=\"https:\/\/fizzyvape.eu\/de\/produkt\/fizzy-nova-plus-wassermelone-eis-40000-puffs-10-stueck\/\">Wassermelone Eis<\/a><\/li>\n<li><a href=\"https:\/\/fizzyvape.eu\/de\/produkt\/fizzy-nova-plus-pfirsich-mango-wassermelone-40000-puffs-10-stueck\/\">Pfirsich Mango Wassermelone<\/a><\/li>\n<li><a href=\"https:\/\/fizzyvape.eu\/de\/produkt\/fizzy-nova-plus-kiwi-passionsfrucht-guave-40000-windbeutel-10-stueck\/\">Kiwi Passionsfrucht Guave<\/a><\/li>\n<li><a href=\"https:\/\/fizzyvape.eu\/de\/produkt\/fizzy-nova-plus-himbeere-zitrone-40000-windbeutel-10-stueck\/\">Himbeere-Zitrone<\/a><\/li>\n<li><a href=\"https:\/\/fizzyvape.eu\/de\/produkt\/fizzy-nova-plus-dreifach-beere-40000-puffs-10-stueck\/\">Dreifach-Beere<\/a><\/li>\n<li><a href=\"https:\/\/fizzyvape.eu\/de\/produkt\/fizzy-nova-plus-pfirsich-eis-40000-puffs-10-stueck\/\">Pfirsich Eis<\/a><\/li>\n<li><a href=\"https:\/\/fizzyvape.eu\/de\/produkt\/fizzy-nova-plus-traube-limette-40000-windbeutel-10-stueck\/\">Weintraube Limette<\/a><\/li>\n<li><a href=\"https:\/\/fizzyvape.eu\/de\/produkt\/fizzy-nova-plus-blue-razz-limonade-40000-puffs-10-stueck\/\">Blue Razz Limonade<\/a><\/li>\n<li><a href=\"https:\/\/fizzyvape.eu\/de\/produkt\/fizzy-nova-plus-strawberry-ice-40000-puffs-10-stueck\/\">Erdbeereis<\/a><\/li>\n<li><a href=\"https:\/\/fizzyvape.eu\/de\/produkt\/fizzy-nova-plus-blaubeere-kokosnuss-40000-windbeutel-10-stueck\/\">Heidelbeere Kokosnuss<\/a><\/li>\n<\/ol>\n<h3>FAQ \u00fcber Fizzy Nova Plus Blue Razz Lemonade 40000 Puffs Vape<\/h3>\n<p><strong>1. Wie lange h\u00e4lt der Fizzy Nova Plus Blue Razz Lemonade?<\/strong><br \/>\nMit <strong>branchenf\u00fchrenden 40.000 Z\u00fcgen<\/strong> h\u00e4lt dieser Einwegdampfer <strong>bis zu 3 Mal l\u00e4nger<\/strong> als herk\u00f6mmliche Einwegprodukte. Die tats\u00e4chliche Dauer h\u00e4ngt von der individuellen Nutzung ab. <\/p>\n<p><strong>2. Wie schmeckt Blue Razz Lemonade?<\/strong><br \/>\nEs ist eine <strong>perfekt ausgewogene Mischung aus s\u00fc\u00dfer blauer Himbeere und spritziger Limonade<\/strong>, die ein erfrischendes und belebendes Dampferlebnis bietet.<\/p>\n<p><strong>3. Was unterscheidet die Fizzy Nova Plus von anderen Einwegdampfern?<\/strong><br \/>\nDieses Ger\u00e4t verf\u00fcgt \u00fcber <strong>einen 40 ml gro\u00dfen, vorgef\u00fcllten Tank, eine Dual-Mesh-Spule f\u00fcr verbesserten Geschmack, ein intelligentes Dual-Mode-System (Eco &amp; Turbo) und eine LED-Stromanzeige<\/strong>, die ein erstklassiges Dampferlebnis garantiert.<\/p>\n<p><strong>4. Welche Nikotinst\u00e4rken sind erh\u00e4ltlich?<\/strong><br \/>\nFizzy Nova Plus Blue Razz Lemonade ist erh\u00e4ltlich in:<\/p>\n<ul>\n<li><strong>2% (20mg\/ml)<\/strong> &#8211; Weich und geschmackvoll f\u00fcr ein milderes Erlebnis<\/li>\n<li><strong>5% (50mg\/ml)<\/strong> &#8211; St\u00e4rkerer Nikotinsto\u00df f\u00fcr maximale Zufriedenheit<\/li>\n<\/ul>\n<\/div>\n","protected":false},"excerpt":{"rendered":"<p><strong>Fizzy Nova Plus Blue Razz Lemonade 40000 Puffs<\/strong> &#8211; Erleben Sie die perfekte Mischung aus s\u00fc\u00dfer blauer Himbeere und spritziger Limonade in diesem erstklassigen Einwegdampfer.<\/p>\n","protected":false},"featured_media":29967,"comment_status":"open","ping_status":"closed","template":"","meta":{"iawp_total_views":1},"product_brand":[],"product_cat":[342],"product_tag":[344],"class_list":{"0":"post-25382","1":"product","2":"type-product","3":"status-publish","4":"has-post-thumbnail","6":"product_cat-nova-plus-de","7":"product_tag-40000-zuge","9":"first","10":"outofstock","11":"sale","12":"shipping-taxable","13":"purchasable","14":"product-type-variable"},"yoast_head":"<!-- This site is optimized with the Yoast SEO Premium plugin v24.8 (Yoast SEO v24.8) - https:\/\/yoast.com\/wordpress\/plugins\/seo\/ -->\n<title>Fizzy Nova Plus Blue Razz Limonade - 40000 Puffs - 10 St\u00fcck - fizzyvape.eu<\/title>\n<meta name=\"description\" content=\"Fizzy Nova Plus Blue Razz Lemonade 40K Puffs - s\u00fc\u00dfe blaue Himbeere &amp; spritziger Limonadengeschmack. 40mL e-Fl\u00fcssigkeit, Dual-Mesh-Spulen. 10 St\u00fcck Gro\u00dfmengenrabatt!\" \/>\n<meta name=\"robots\" content=\"index, follow, max-snippet:-1, max-image-preview:large, max-video-preview:-1\" \/>\n<link rel=\"canonical\" href=\"https:\/\/fizzyvape.eu\/de\/produkt\/fizzy-nova-plus-blue-razz-limonade-40000-puffs-10-stueck\/\" \/>\n<meta property=\"og:locale\" content=\"de_DE\" \/>\n<meta property=\"og:type\" content=\"article\" \/>\n<meta property=\"og:title\" content=\"Fizzy Nova Plus Blue Razz Limonade - 40000 Puffs - 10 St\u00fcck\" \/>\n<meta property=\"og:description\" content=\"Fizzy Nova Plus Blue Razz Lemonade 40K Puffs - s\u00fc\u00dfe blaue Himbeere &amp; spritziger Limonadengeschmack. 40mL e-Fl\u00fcssigkeit, Dual-Mesh-Spulen. 10 St\u00fcck Gro\u00dfmengenrabatt!\" \/>\n<meta property=\"og:url\" content=\"https:\/\/fizzyvape.eu\/de\/produkt\/fizzy-nova-plus-blue-razz-limonade-40000-puffs-10-stueck\/\" \/>\n<meta property=\"og:site_name\" content=\"fizzyvape.eu\" \/>\n<meta property=\"article:modified_time\" content=\"2025-12-31T06:05:32+00:00\" \/>\n<meta property=\"og:image\" content=\"https:\/\/www.fizzyvape.eu\/wp-content\/uploads\/2025\/04\/Fizzy-Nova-Plus-Blue-Razz-Lemonade-40000Puffs-1.webp\" \/>\n\t<meta property=\"og:image:width\" content=\"800\" \/>\n\t<meta property=\"og:image:height\" content=\"800\" \/>\n\t<meta property=\"og:image:type\" content=\"image\/webp\" \/>\n<meta name=\"twitter:card\" content=\"summary_large_image\" \/>\n<meta name=\"twitter:label1\" content=\"Verf\u00fcgbarkeit\" \/>\n\t<meta name=\"twitter:data1\" content=\"ausverkauft\" \/>\n<script type=\"application\/ld+json\" class=\"yoast-schema-graph\">{\"@context\":\"https:\/\/schema.org\",\"@graph\":[{\"@type\":\"WebPage\",\"@id\":\"https:\/\/fizzyvape.eu\/de\/produkt\/fizzy-nova-plus-blue-razz-limonade-40000-puffs-10-stueck\/\",\"url\":\"https:\/\/fizzyvape.eu\/de\/produkt\/fizzy-nova-plus-blue-razz-limonade-40000-puffs-10-stueck\/\",\"name\":\"Fizzy Nova Plus Blue Razz Limonade - 40000 Puffs - 10 St\u00fcck - fizzyvape.eu\",\"isPartOf\":{\"@id\":\"https:\/\/www.fizzyvape.eu\/de\/#website\"},\"primaryImageOfPage\":{\"@id\":\"https:\/\/fizzyvape.eu\/de\/produkt\/fizzy-nova-plus-blue-razz-limonade-40000-puffs-10-stueck\/#primaryimage\"},\"image\":{\"@id\":\"https:\/\/fizzyvape.eu\/de\/produkt\/fizzy-nova-plus-blue-razz-limonade-40000-puffs-10-stueck\/#primaryimage\"},\"thumbnailUrl\":\"https:\/\/fizzyvape.eu\/wp-content\/uploads\/2025\/03\/Fizzy-Nova-Plus-40000-Puffs-Blue-Razz-Lemonade-10pcs.webp\",\"datePublished\":\"2025-03-30T16:37:10+00:00\",\"dateModified\":\"2025-12-31T06:05:32+00:00\",\"description\":\"Fizzy Nova Plus Blue Razz Lemonade 40K Puffs - s\u00fc\u00dfe blaue Himbeere & spritziger Limonadengeschmack. 40mL e-Fl\u00fcssigkeit, Dual-Mesh-Spulen. 10 St\u00fcck Gro\u00dfmengenrabatt!\",\"breadcrumb\":{\"@id\":\"https:\/\/fizzyvape.eu\/de\/produkt\/fizzy-nova-plus-blue-razz-limonade-40000-puffs-10-stueck\/#breadcrumb\"},\"inLanguage\":\"de\",\"potentialAction\":[{\"@type\":\"ReadAction\",\"target\":[\"https:\/\/fizzyvape.eu\/de\/produkt\/fizzy-nova-plus-blue-razz-limonade-40000-puffs-10-stueck\/\"]}]},{\"@type\":\"ImageObject\",\"inLanguage\":\"de\",\"@id\":\"https:\/\/fizzyvape.eu\/de\/produkt\/fizzy-nova-plus-blue-razz-limonade-40000-puffs-10-stueck\/#primaryimage\",\"url\":\"https:\/\/fizzyvape.eu\/wp-content\/uploads\/2025\/03\/Fizzy-Nova-Plus-40000-Puffs-Blue-Razz-Lemonade-10pcs.webp\",\"contentUrl\":\"https:\/\/fizzyvape.eu\/wp-content\/uploads\/2025\/03\/Fizzy-Nova-Plus-40000-Puffs-Blue-Razz-Lemonade-10pcs.webp\",\"width\":800,\"height\":800},{\"@type\":\"BreadcrumbList\",\"@id\":\"https:\/\/fizzyvape.eu\/de\/produkt\/fizzy-nova-plus-blue-razz-limonade-40000-puffs-10-stueck\/#breadcrumb\",\"itemListElement\":[{\"@type\":\"ListItem\",\"position\":1,\"name\":\"Home\",\"item\":\"https:\/\/fizzyvape.eu\/de\/\"},{\"@type\":\"ListItem\",\"position\":2,\"name\":\"Shop\",\"item\":\"https:\/\/www.fizzyvape.eu\/de\/shop\/\"},{\"@type\":\"ListItem\",\"position\":3,\"name\":\"Fizzy Nova Plus Blue Razz Limonade &#8211; 40000 Puffs &#8211; 10 St\u00fcck\"}]},{\"@type\":\"WebSite\",\"@id\":\"https:\/\/www.fizzyvape.eu\/de\/#website\",\"url\":\"https:\/\/www.fizzyvape.eu\/de\/\",\"name\":\"fizzyvape.eu\",\"description\":\"Refreshing Vapes. Unforgettable Taste.\",\"publisher\":{\"@id\":\"https:\/\/www.fizzyvape.eu\/de\/#organization\"},\"potentialAction\":[{\"@type\":\"SearchAction\",\"target\":{\"@type\":\"EntryPoint\",\"urlTemplate\":\"https:\/\/www.fizzyvape.eu\/de\/?s={search_term_string}\"},\"query-input\":{\"@type\":\"PropertyValueSpecification\",\"valueRequired\":true,\"valueName\":\"search_term_string\"}}],\"inLanguage\":\"de\"},{\"@type\":\"Organization\",\"@id\":\"https:\/\/www.fizzyvape.eu\/de\/#organization\",\"name\":\"fizzyvape.eu\",\"url\":\"https:\/\/www.fizzyvape.eu\/de\/\",\"logo\":{\"@type\":\"ImageObject\",\"inLanguage\":\"de\",\"@id\":\"https:\/\/www.fizzyvape.eu\/de\/#\/schema\/logo\/image\/\",\"url\":\"https:\/\/fizzyvape.eu\/wp-content\/uploads\/2019\/06\/print-1.svg\",\"contentUrl\":\"https:\/\/fizzyvape.eu\/wp-content\/uploads\/2019\/06\/print-1.svg\",\"width\":124,\"height\":37,\"caption\":\"fizzyvape.eu\"},\"image\":{\"@id\":\"https:\/\/www.fizzyvape.eu\/de\/#\/schema\/logo\/image\/\"}}]}<\/script>\n<meta property=\"og:availability\" content=\"out of stock\" \/>\n<meta property=\"product:availability\" content=\"out of stock\" \/>\n<meta property=\"product:condition\" content=\"new\" \/>\n<!-- \/ Yoast SEO Premium plugin. -->","yoast_head_json":{"title":"Fizzy Nova Plus Blue Razz Limonade - 40000 Puffs - 10 St\u00fcck - fizzyvape.eu","description":"Fizzy Nova Plus Blue Razz Lemonade 40K Puffs - s\u00fc\u00dfe blaue Himbeere & spritziger Limonadengeschmack. 40mL e-Fl\u00fcssigkeit, Dual-Mesh-Spulen. 10 St\u00fcck Gro\u00dfmengenrabatt!","robots":{"index":"index","follow":"follow","max-snippet":"max-snippet:-1","max-image-preview":"max-image-preview:large","max-video-preview":"max-video-preview:-1"},"canonical":"https:\/\/fizzyvape.eu\/de\/produkt\/fizzy-nova-plus-blue-razz-limonade-40000-puffs-10-stueck\/","og_locale":"de_DE","og_type":"article","og_title":"Fizzy Nova Plus Blue Razz Limonade - 40000 Puffs - 10 St\u00fcck","og_description":"Fizzy Nova Plus Blue Razz Lemonade 40K Puffs - s\u00fc\u00dfe blaue Himbeere & spritziger Limonadengeschmack. 40mL e-Fl\u00fcssigkeit, Dual-Mesh-Spulen. 10 St\u00fcck Gro\u00dfmengenrabatt!","og_url":"https:\/\/fizzyvape.eu\/de\/produkt\/fizzy-nova-plus-blue-razz-limonade-40000-puffs-10-stueck\/","og_site_name":"fizzyvape.eu","article_modified_time":"2025-12-31T06:05:32+00:00","og_image":[{"width":800,"height":800,"url":"https:\/\/www.fizzyvape.eu\/wp-content\/uploads\/2025\/04\/Fizzy-Nova-Plus-Blue-Razz-Lemonade-40000Puffs-1.webp","type":"image\/webp"}],"twitter_card":"summary_large_image","twitter_misc":{"Verf\u00fcgbarkeit":"ausverkauft"},"schema":{"@context":"https:\/\/schema.org","@graph":[{"@type":"WebPage","@id":"https:\/\/fizzyvape.eu\/de\/produkt\/fizzy-nova-plus-blue-razz-limonade-40000-puffs-10-stueck\/","url":"https:\/\/fizzyvape.eu\/de\/produkt\/fizzy-nova-plus-blue-razz-limonade-40000-puffs-10-stueck\/","name":"Fizzy Nova Plus Blue Razz Limonade - 40000 Puffs - 10 St\u00fcck - fizzyvape.eu","isPartOf":{"@id":"https:\/\/www.fizzyvape.eu\/de\/#website"},"primaryImageOfPage":{"@id":"https:\/\/fizzyvape.eu\/de\/produkt\/fizzy-nova-plus-blue-razz-limonade-40000-puffs-10-stueck\/#primaryimage"},"image":{"@id":"https:\/\/fizzyvape.eu\/de\/produkt\/fizzy-nova-plus-blue-razz-limonade-40000-puffs-10-stueck\/#primaryimage"},"thumbnailUrl":"https:\/\/fizzyvape.eu\/wp-content\/uploads\/2025\/03\/Fizzy-Nova-Plus-40000-Puffs-Blue-Razz-Lemonade-10pcs.webp","datePublished":"2025-03-30T16:37:10+00:00","dateModified":"2025-12-31T06:05:32+00:00","description":"Fizzy Nova Plus Blue Razz Lemonade 40K Puffs - s\u00fc\u00dfe blaue Himbeere & spritziger Limonadengeschmack. 40mL e-Fl\u00fcssigkeit, Dual-Mesh-Spulen. 10 St\u00fcck Gro\u00dfmengenrabatt!","breadcrumb":{"@id":"https:\/\/fizzyvape.eu\/de\/produkt\/fizzy-nova-plus-blue-razz-limonade-40000-puffs-10-stueck\/#breadcrumb"},"inLanguage":"de","potentialAction":[{"@type":"ReadAction","target":["https:\/\/fizzyvape.eu\/de\/produkt\/fizzy-nova-plus-blue-razz-limonade-40000-puffs-10-stueck\/"]}]},{"@type":"ImageObject","inLanguage":"de","@id":"https:\/\/fizzyvape.eu\/de\/produkt\/fizzy-nova-plus-blue-razz-limonade-40000-puffs-10-stueck\/#primaryimage","url":"https:\/\/fizzyvape.eu\/wp-content\/uploads\/2025\/03\/Fizzy-Nova-Plus-40000-Puffs-Blue-Razz-Lemonade-10pcs.webp","contentUrl":"https:\/\/fizzyvape.eu\/wp-content\/uploads\/2025\/03\/Fizzy-Nova-Plus-40000-Puffs-Blue-Razz-Lemonade-10pcs.webp","width":800,"height":800},{"@type":"BreadcrumbList","@id":"https:\/\/fizzyvape.eu\/de\/produkt\/fizzy-nova-plus-blue-razz-limonade-40000-puffs-10-stueck\/#breadcrumb","itemListElement":[{"@type":"ListItem","position":1,"name":"Home","item":"https:\/\/fizzyvape.eu\/de\/"},{"@type":"ListItem","position":2,"name":"Shop","item":"https:\/\/www.fizzyvape.eu\/de\/shop\/"},{"@type":"ListItem","position":3,"name":"Fizzy Nova Plus Blue Razz Limonade &#8211; 40000 Puffs &#8211; 10 St\u00fcck"}]},{"@type":"WebSite","@id":"https:\/\/www.fizzyvape.eu\/de\/#website","url":"https:\/\/www.fizzyvape.eu\/de\/","name":"fizzyvape.eu","description":"Refreshing Vapes. Unforgettable Taste.","publisher":{"@id":"https:\/\/www.fizzyvape.eu\/de\/#organization"},"potentialAction":[{"@type":"SearchAction","target":{"@type":"EntryPoint","urlTemplate":"https:\/\/www.fizzyvape.eu\/de\/?s={search_term_string}"},"query-input":{"@type":"PropertyValueSpecification","valueRequired":true,"valueName":"search_term_string"}}],"inLanguage":"de"},{"@type":"Organization","@id":"https:\/\/www.fizzyvape.eu\/de\/#organization","name":"fizzyvape.eu","url":"https:\/\/www.fizzyvape.eu\/de\/","logo":{"@type":"ImageObject","inLanguage":"de","@id":"https:\/\/www.fizzyvape.eu\/de\/#\/schema\/logo\/image\/","url":"https:\/\/fizzyvape.eu\/wp-content\/uploads\/2019\/06\/print-1.svg","contentUrl":"https:\/\/fizzyvape.eu\/wp-content\/uploads\/2019\/06\/print-1.svg","width":124,"height":37,"caption":"fizzyvape.eu"},"image":{"@id":"https:\/\/www.fizzyvape.eu\/de\/#\/schema\/logo\/image\/"}}]},"og_availability":"out of stock","product_availability":"out of stock","product_condition":"new"},"tiered_pricing_type":"fixed","tiered_pricing_fixed_rules":[],"tiered_pricing_product_settings":{"layout":"default","base_unit_name":{"singular":null,"plural":null},"default_variation":null},"tiered_pricing_minimum_quantity":null,"tiered_pricing_roles_data":[],"tiered_pricing_percentage_rules":[],"tiered_pricing_maximum_quantity":null,"tiered_pricing_quantity_step":null,"_links":{"self":[{"href":"https:\/\/fizzyvape.eu\/de\/wp-json\/wp\/v2\/product\/25382","targetHints":{"allow":["GET"]}}],"collection":[{"href":"https:\/\/fizzyvape.eu\/de\/wp-json\/wp\/v2\/product"}],"about":[{"href":"https:\/\/fizzyvape.eu\/de\/wp-json\/wp\/v2\/types\/product"}],"replies":[{"embeddable":true,"href":"https:\/\/fizzyvape.eu\/de\/wp-json\/wp\/v2\/comments?post=25382"}],"version-history":[{"count":0,"href":"https:\/\/fizzyvape.eu\/de\/wp-json\/wp\/v2\/product\/25382\/revisions"}],"wp:featuredmedia":[{"embeddable":true,"href":"https:\/\/fizzyvape.eu\/de\/wp-json\/wp\/v2\/media\/29967"}],"wp:attachment":[{"href":"https:\/\/fizzyvape.eu\/de\/wp-json\/wp\/v2\/media?parent=25382"}],"wp:term":[{"taxonomy":"product_brand","embeddable":true,"href":"https:\/\/fizzyvape.eu\/de\/wp-json\/wp\/v2\/product_brand?post=25382"},{"taxonomy":"product_cat","embeddable":true,"href":"https:\/\/fizzyvape.eu\/de\/wp-json\/wp\/v2\/product_cat?post=25382"},{"taxonomy":"product_tag","embeddable":true,"href":"https:\/\/fizzyvape.eu\/de\/wp-json\/wp\/v2\/product_tag?post=25382"}],"curies":[{"name":"wp","href":"https:\/\/api.w.org\/{rel}","templated":true}]}}