{"id":25475,"date":"2025-03-28T18:42:05","date_gmt":"2025-03-28T10:42:05","guid":{"rendered":"https:\/\/fizzyvape.eu\/product\/fizzy-luxury-kiwi-passionsfrucht-guave-15000-windbeutel\/"},"modified":"2025-03-28T18:42:05","modified_gmt":"2025-03-28T10:42:05","slug":"fizzy-luxury-kiwi-passionsfrucht-guave-15000-windbeutel","status":"publish","type":"product","link":"https:\/\/fizzyvape.eu\/de\/produkt\/fizzy-luxury-kiwi-passionsfrucht-guave-15000-windbeutel\/","title":{"rendered":"Fizzy Luxury Kiwi Passionsfrucht Guave &#8211; 15000 Windbeutel"},"content":{"rendered":"<div>\n<h2 data-start=\"0\" data-end=\"82\"><strong>Fizzy Luxury Kiwi Passion Fruit Guava 15000 Puffs &#8211; Premium Tropical Trio Einweg Vape<\/strong><\/h2>\n<p>Tauchen Sie ein in ein tropisches Paradies mit Fizzy Luxury Kiwi Passion Fruit Guava 15000 Puffs &#8211; wo pikante Kiwi-S\u00e4uerlichkeit (6\/10) auf aromatische Passionsfrucht-S\u00fc\u00dfe (5\/10) und cremige Guave-Sanftheit (4\/10) trifft, alles umh\u00fcllt von unserem smaragdgr\u00fcnen Premium-Metallgeh\u00e4use mit pr\u00e4ziser Airflow-Kontrolle. Dieser Elite-Einwegdampfer liefert <strong>15.000 ultraweiche Z\u00fcge<\/strong> mit perfekt ausbalanciertem Geschmack und verf\u00fcgt \u00fcber unser revolution\u00e4res <strong>Dual-Mesh Quartz Coil System<\/strong> f\u00fcr lebendigen Geschmack und samtigen Dampf. <\/p>\n<h3><strong>Warum sollten Sie Fizzy Luxury Kiwi Passion Fruit Guava 15000 Puffs Vape w\u00e4hlen?<\/strong><\/h3>\n<p>\ud83e\udd5d <strong>Tropical Flavor Mastery<\/strong> &#8211; 50% spritzige Kiwi, 30% s\u00fc\u00dfe Passionsfrucht, 20% cremige Guave f\u00fcr exotische Harmonie<br \/>\n\ud83c\udf9b\ufe0f <strong>Intelligente Luftstromsteuerung<\/strong> &#8211; 5-stufig einstellbarer Drehknopf von eng anliegendem MTL bis zu sanftem RDL<br \/>\n\ud83d\udc8e <strong>Luxuri\u00f6ses Smaragdmetall<\/strong> &#8211; CNC-gefr\u00e4stes Luft- und Raumfahrt-Aluminium mit juwelenfarbener Oberfl\u00e4che<br \/>\n\u26a1 <strong>Verl\u00e4ngerte 15.000 Z\u00fcge<\/strong> &#8211; 22mL e-liquid Kapazit\u00e4t h\u00e4lt 25% l\u00e4nger als die der Konkurrenz<br \/>\n\ud83e\uddca <strong>SilkFlow Technologie<\/strong> &#8211; Quarzspulen liefern 50% sanfteren Dampf als Standard-Mesh <\/p>\n<p><strong>Nikotin-Optionen:<\/strong><\/p>\n<h3><strong>Nikotin-Optionen:<\/strong><\/h3>\n<p>&#8211; <strong data-start=\"1200\" data-end=\"1216\">2% (20mg\/ml)<\/strong> &#8211; Ideal f\u00fcr ein sanftes und aromatisches Dampferlebnis <br data-start=\"1269\" data-end=\"1272\">&#8211; <strong data-start=\"1274\" data-end=\"1290\">5% (50mg\/ml<\/strong> ) &#8211; Entwickelt f\u00fcr einen st\u00e4rkeren, befriedigenderen Kehlkopfschlag <\/p>\n<\/div>\n<div>\n<h3>Spezifikationen<\/h3>\n<table style=\"height: 449px;\" width=\"1340\">\n<tbody>\n<tr>\n<td>Puffs<\/td>\n<td><strong>15000+ Puffs<\/strong><\/td>\n<\/tr>\n<tr>\n<td>E-Liquid Kapazit\u00e4t<\/td>\n<td><strong>22ml<\/strong><\/td>\n<\/tr>\n<tr>\n<td>Akku-Kapazit\u00e4t<\/td>\n<td><strong>650mAh<\/strong><\/td>\n<\/tr>\n<tr>\n<td>Mesh-Spule<\/td>\n<td><strong>1.4\u03a9<\/strong><\/td>\n<\/tr>\n<tr>\n<td>Gr\u00f6\u00dfe<\/td>\n<td><strong>53*30*85.3mm<\/strong><\/td>\n<\/tr>\n<tr>\n<td>Wegwerfbar oder nicht<\/td>\n<td><strong>Einweg<\/strong><\/td>\n<\/tr>\n<tr>\n<td>Methode zum Aufladen<\/td>\n<td><strong>Kabel<\/strong><\/td>\n<\/tr>\n<tr>\n<td>Aktivierungsmethode<\/td>\n<td><strong>Sensor<\/strong><\/td>\n<\/tr>\n<tr>\n<td>Material<\/td>\n<td><strong>Metall<\/strong><\/td>\n<\/tr>\n<tr>\n<td>Nikotingehalt<\/td>\n<td><strong>2% (20mg\/ml) &amp; 5% (50mg\/ml)<\/strong><\/td>\n<\/tr>\n<tr>\n<td>Geschm\u00e4cker<\/td>\n<td><strong>15<\/strong><\/td>\n<\/tr>\n<tr>\n<td>Packung<\/td>\n<td><strong>1 Packung<\/strong><\/td>\n<\/tr>\n<tr>\n<td>Aufladezeit<\/td>\n<td><strong>2 Stunden<\/strong><\/td>\n<\/tr>\n<tr>\n<td>Lagerung<\/td>\n<td><strong>Vermeiden Sie hohe Temperaturen und lagern Sie es an einem k\u00fchlen und trockenen Ort.<\/strong><\/td>\n<\/tr>\n<tr>\n<td>Personen, die das Produkt nicht verwenden d\u00fcrfen<\/td>\n<td><strong>Minderj\u00e4hrige, schwangere Frauen und Personen, die allergisch auf die Inhaltsstoffe des Produkts reagieren.<\/strong><\/td>\n<\/tr>\n<tr>\n<td>Vorsicht<\/td>\n<td><strong>Verschlucken Sie diese Substanz nicht. Sp\u00fclen Sie bei Verschlucken sofort und gr\u00fcndlich den Mund aus. Wenn Sie sich unwohl f\u00fchlen, suchen Sie einen Arzt auf.  <\/strong><\/td>\n<\/tr>\n<\/tbody>\n<\/table>\n<h3><strong>Fizzy Luxury <\/strong>15000 Puffs Geschmacksrichtungen Liste:<\/h3>\n<ol>\n<li><a href=\"https:\/\/fizzyvape.eu\/product\/fizzy-luxury-blueberry-raspberry-15000-puffs\/\">Heidelbeere-Himbeere<\/a><\/li>\n<li><a href=\"https:\/\/fizzyvape.eu\/product\/fizzy-luxury-peach-15000-puffs\/\">Pfirsich<\/a><\/li>\n<li><a href=\"https:\/\/fizzyvape.eu\/product\/fizzy-luxury-grape-15000-puffs\/\">Weintraube<\/a><\/li>\n<li><a href=\"https:\/\/fizzyvape.eu\/product\/fizzy-luxury-blueberry-15000-puffs\/\">Blaubeere<\/a><\/li>\n<li><a href=\"https:\/\/fizzyvape.eu\/product\/fizzy-luxury-strawberry-15000-puffs\/\">Erdbeere<\/a><\/li>\n<li><a href=\"https:\/\/fizzyvape.eu\/product\/fizzy-luxury-fizzy-cherry-15000-puffs\/\">Kirsche mit Kohlens\u00e4ure<\/a><\/li>\n<li><a href=\"https:\/\/fizzyvape.eu\/product\/fizzy-luxury-raspberry-lemonade-15000-puffs\/\">Himbeer-Limonade<\/a><\/li>\n<li><a href=\"https:\/\/fizzyvape.eu\/product\/fizzy-luxury-sour-apple-15000-puffs\/\">Saurer Apfel<\/a><\/li>\n<li><a href=\"https:\/\/fizzyvape.eu\/product\/fizzy-luxury-strawberry-kiwi-pomegranate-15000-puffs\/\">Erdbeere-Kiwi-Granatapfel<\/a><\/li>\n<li><a href=\"https:\/\/fizzyvape.eu\/product\/fizzy-luxury-lemon-lime-15000-puffs\/\">Zitrone-Limette<\/a><\/li>\n<li><a href=\"https:\/\/fizzyvape.eu\/product\/fizzy-luxury-strawberry-banana-15000-puffs\/\">Erdbeere Banane<\/a><\/li>\n<li><a href=\"https:\/\/fizzyvape.eu\/de\/produkt\/fizzy-luxury-orange-mango-wassermelone-15000-windbeutel\/\">Orange Mango Wassermelone<\/a><\/li>\n<li><a href=\"https:\/\/fizzyvape.eu\/de\/produkt\/fizzy-luxury-red-bull-15000-puffs\/\">Red Bull<\/a><\/li>\n<li><a href=\"https:\/\/fizzyvape.eu\/de\/produkt\/sprudelnde-rosa-luxuslimonade-15000-puffs\/\">Rosa Limonade<\/a><\/li>\n<li><a href=\"https:\/\/fizzyvape.eu\/de\/produkt\/fizzy-luxury-kiwi-passionsfrucht-guave-15000-windbeutel\/\">Kiwi Passionsfrucht Guave<\/a><\/li>\n<\/ol>\n<h3>FAQ \u00fcber Fizzy Luxury Kiwi Passion Fruit Guava 15000 Puffs Vape<\/h3>\n<ul>\n<li class=\"\" data-start=\"74\" data-end=\"378\">\n<p class=\"\" data-start=\"77\" data-end=\"378\"><strong data-start=\"77\" data-end=\"163\">Welchen Geschmack bietet die Fizzy Luxury Kiwi Passion Fruit Guava 15000 Puffs?<\/strong><br data-start=\"163\" data-end=\"166\">Die <strong data-start=\"173\" data-end=\"226\">Fizzy Luxury Kiwi Passion Fruit Guava 15000 Puffs<\/strong> liefert eine tropische Mischung aus <strong data-start=\"257\" data-end=\"271\">s\u00fc\u00dfer Kiwi<\/strong>, <strong data-start=\"273\" data-end=\"297\">exotischer Passionsfrucht<\/strong> und <strong data-start=\"303\" data-end=\"319\">sanfter Guave<\/strong>, die eine perfekte Balance aus erfrischenden, fruchtigen Aromen schafft.<\/p>\n<\/li>\n<li class=\"\" data-start=\"380\" data-end=\"642\">\n<p class=\"\" data-start=\"383\" data-end=\"642\"><strong data-start=\"383\" data-end=\"460\">Wie lange halten die Fizzy Luxury Kiwi Passion Fruit Guava 15000 Puffs?<\/strong><br data-start=\"460\" data-end=\"463\">Mit einer <strong data-start=\"475\" data-end=\"501\">Kapazit\u00e4t von 22 ml E-Liquid<\/strong> bietet diese Dampflanze <strong data-start=\"522\" data-end=\"539\">mehr als 15.000 Puffs<\/strong>, die je nach Gebrauch etwa <strong data-start=\"563\" data-end=\"576\">4-5 Wochen<\/strong> lang f\u00fcr ein lang anhaltendes tropisches Erlebnis sorgen.<\/p>\n<\/li>\n<li data-start=\"380\" data-end=\"642\">\n<p data-start=\"598\" data-end=\"699\"><strong data-start=\"605\" data-end=\"699\">Welche Nikotinst\u00e4rke ist die richtige f\u00fcr mich?<\/strong><\/p>\n<p class=\"\" data-start=\"703\" data-end=\"771\">&#8211; <strong>2% (20mg\/ml):<\/strong> Ideal f\u00fcr ganzt\u00e4giges Dampfen und Geschmackskenner<br \/>\n&#8211; <strong>5% (50mg\/ml):<\/strong> Perfekt f\u00fcr ehemalige Raucher, die eine st\u00e4rkere Befriedigung brauchen<\/p>\n<\/li>\n<\/ul>\n<\/div>\n","protected":false},"excerpt":{"rendered":"<p>Entfliehen Sie mit <strong data-start=\"68\" data-end=\"121\" data-is-only-node=\"\">Fizzy Luxury Kiwi Passion Fruit Guava 15000 Puffs<\/strong> in ein tropisches Paradies. Dieses Premium-Einwegprodukt bietet eine perfekte Mischung aus <strong data-start=\"173\" data-end=\"190\">s\u00e4uerlicher Kiwi<\/strong>, <strong data-start=\"192\" data-end=\"219\">s\u00fc\u00dfer Passionsfrucht<\/strong> und <strong data-start=\"225\" data-end=\"245\">cremiger Guave<\/strong> und liefert <strong data-start=\"258\" data-end=\"281\">15.000 sanfte Z\u00fcge<\/strong> lebhaften Geschmacks in einem eleganten <strong data-start=\"311\" data-end=\"339\">smaragdgr\u00fcnen Metallgeh\u00e4use<\/strong>. <\/p>\n","protected":false},"featured_media":21244,"comment_status":"open","ping_status":"closed","template":"","meta":{"iawp_total_views":0},"product_brand":[],"product_cat":[328],"product_tag":[329],"class_list":{"0":"post-25475","1":"product","2":"type-product","3":"status-publish","4":"has-post-thumbnail","6":"product_cat-luxury-de","7":"product_tag-15000-zuge","9":"first","10":"outofstock","11":"shipping-taxable","12":"purchasable","13":"product-type-variable"},"yoast_head":"<!-- This site is optimized with the Yoast SEO Premium plugin v24.8 (Yoast SEO v24.8) - https:\/\/yoast.com\/wordpress\/plugins\/seo\/ -->\n<title>Fizzy Luxury Kiwi Passionsfrucht Guave - 15000 Windbeutel - fizzyvape.eu<\/title>\n<meta name=\"robots\" content=\"index, follow, max-snippet:-1, max-image-preview:large, max-video-preview:-1\" \/>\n<link rel=\"canonical\" href=\"https:\/\/fizzyvape.eu\/de\/produkt\/fizzy-luxury-kiwi-passionsfrucht-guave-15000-windbeutel\/\" \/>\n<meta property=\"og:locale\" content=\"de_DE\" \/>\n<meta property=\"og:type\" content=\"article\" \/>\n<meta property=\"og:title\" content=\"Fizzy Luxury Kiwi Passionsfrucht Guave - 15000 Windbeutel\" \/>\n<meta property=\"og:description\" content=\"Entfliehen Sie mit Fizzy Luxury Kiwi Passion Fruit Guava 15000 Puffs in ein tropisches Paradies. Dieses Premium-Einwegprodukt bietet eine perfekte Mischung aus s\u00e4uerlicher Kiwi, s\u00fc\u00dfer Passionsfrucht und cremiger Guave und liefert 15.000 sanfte Z\u00fcge lebhaften Geschmacks in einem eleganten smaragdgr\u00fcnen Metallgeh\u00e4use.\" \/>\n<meta property=\"og:url\" content=\"https:\/\/fizzyvape.eu\/de\/produkt\/fizzy-luxury-kiwi-passionsfrucht-guave-15000-windbeutel\/\" \/>\n<meta property=\"og:site_name\" content=\"fizzyvape.eu\" \/>\n<meta property=\"og:image\" content=\"https:\/\/www.fizzyvape.eu\/wp-content\/uploads\/2025\/03\/Fizzy-Luxury-Kiwi-Passion-Fruit-Guava-15000puff.jpg\" \/>\n\t<meta property=\"og:image:width\" content=\"1500\" \/>\n\t<meta property=\"og:image:height\" content=\"1500\" \/>\n\t<meta property=\"og:image:type\" content=\"image\/jpeg\" \/>\n<meta name=\"twitter:card\" content=\"summary_large_image\" \/>\n<meta name=\"twitter:label1\" content=\"Verf\u00fcgbarkeit\" \/>\n\t<meta name=\"twitter:data1\" content=\"ausverkauft\" \/>\n<script type=\"application\/ld+json\" class=\"yoast-schema-graph\">{\"@context\":\"https:\/\/schema.org\",\"@graph\":[{\"@type\":\"WebPage\",\"@id\":\"https:\/\/fizzyvape.eu\/de\/produkt\/fizzy-luxury-kiwi-passionsfrucht-guave-15000-windbeutel\/\",\"url\":\"https:\/\/fizzyvape.eu\/de\/produkt\/fizzy-luxury-kiwi-passionsfrucht-guave-15000-windbeutel\/\",\"name\":\"Fizzy Luxury Kiwi Passionsfrucht Guave - 15000 Windbeutel - fizzyvape.eu\",\"isPartOf\":{\"@id\":\"https:\/\/www.fizzyvape.eu\/de\/#website\"},\"primaryImageOfPage\":{\"@id\":\"https:\/\/fizzyvape.eu\/de\/produkt\/fizzy-luxury-kiwi-passionsfrucht-guave-15000-windbeutel\/#primaryimage\"},\"image\":{\"@id\":\"https:\/\/fizzyvape.eu\/de\/produkt\/fizzy-luxury-kiwi-passionsfrucht-guave-15000-windbeutel\/#primaryimage\"},\"thumbnailUrl\":\"https:\/\/fizzyvape.eu\/wp-content\/uploads\/2025\/03\/Fizzy-Luxury-Kiwi-Passion-Fruit-Guava-15000puff.jpg\",\"datePublished\":\"2025-03-28T10:42:05+00:00\",\"breadcrumb\":{\"@id\":\"https:\/\/fizzyvape.eu\/de\/produkt\/fizzy-luxury-kiwi-passionsfrucht-guave-15000-windbeutel\/#breadcrumb\"},\"inLanguage\":\"de\",\"potentialAction\":[{\"@type\":\"ReadAction\",\"target\":[\"https:\/\/fizzyvape.eu\/de\/produkt\/fizzy-luxury-kiwi-passionsfrucht-guave-15000-windbeutel\/\"]}]},{\"@type\":\"ImageObject\",\"inLanguage\":\"de\",\"@id\":\"https:\/\/fizzyvape.eu\/de\/produkt\/fizzy-luxury-kiwi-passionsfrucht-guave-15000-windbeutel\/#primaryimage\",\"url\":\"https:\/\/fizzyvape.eu\/wp-content\/uploads\/2025\/03\/Fizzy-Luxury-Kiwi-Passion-Fruit-Guava-15000puff.jpg\",\"contentUrl\":\"https:\/\/fizzyvape.eu\/wp-content\/uploads\/2025\/03\/Fizzy-Luxury-Kiwi-Passion-Fruit-Guava-15000puff.jpg\",\"width\":1500,\"height\":1500,\"caption\":\"Fizzy-Luxury-Kiwi-Passionsfrucht-Guave-15000puff\"},{\"@type\":\"BreadcrumbList\",\"@id\":\"https:\/\/fizzyvape.eu\/de\/produkt\/fizzy-luxury-kiwi-passionsfrucht-guave-15000-windbeutel\/#breadcrumb\",\"itemListElement\":[{\"@type\":\"ListItem\",\"position\":1,\"name\":\"Home\",\"item\":\"https:\/\/fizzyvape.eu\/de\/\"},{\"@type\":\"ListItem\",\"position\":2,\"name\":\"Shop\",\"item\":\"https:\/\/www.fizzyvape.eu\/de\/shop\/\"},{\"@type\":\"ListItem\",\"position\":3,\"name\":\"Fizzy Luxury Kiwi Passionsfrucht Guave &#8211; 15000 Windbeutel\"}]},{\"@type\":\"WebSite\",\"@id\":\"https:\/\/www.fizzyvape.eu\/de\/#website\",\"url\":\"https:\/\/www.fizzyvape.eu\/de\/\",\"name\":\"fizzyvape.eu\",\"description\":\"Refreshing Vapes. Unforgettable Taste.\",\"publisher\":{\"@id\":\"https:\/\/www.fizzyvape.eu\/de\/#organization\"},\"potentialAction\":[{\"@type\":\"SearchAction\",\"target\":{\"@type\":\"EntryPoint\",\"urlTemplate\":\"https:\/\/www.fizzyvape.eu\/de\/?s={search_term_string}\"},\"query-input\":{\"@type\":\"PropertyValueSpecification\",\"valueRequired\":true,\"valueName\":\"search_term_string\"}}],\"inLanguage\":\"de\"},{\"@type\":\"Organization\",\"@id\":\"https:\/\/www.fizzyvape.eu\/de\/#organization\",\"name\":\"fizzyvape.eu\",\"url\":\"https:\/\/www.fizzyvape.eu\/de\/\",\"logo\":{\"@type\":\"ImageObject\",\"inLanguage\":\"de\",\"@id\":\"https:\/\/www.fizzyvape.eu\/de\/#\/schema\/logo\/image\/\",\"url\":\"https:\/\/fizzyvape.eu\/wp-content\/uploads\/2019\/06\/print-1.svg\",\"contentUrl\":\"https:\/\/fizzyvape.eu\/wp-content\/uploads\/2019\/06\/print-1.svg\",\"width\":124,\"height\":37,\"caption\":\"fizzyvape.eu\"},\"image\":{\"@id\":\"https:\/\/www.fizzyvape.eu\/de\/#\/schema\/logo\/image\/\"}}]}<\/script>\n<meta property=\"og:availability\" content=\"out of stock\" \/>\n<meta property=\"product:availability\" content=\"out of stock\" \/>\n<meta property=\"product:condition\" content=\"new\" \/>\n<!-- \/ Yoast SEO Premium plugin. -->","yoast_head_json":{"title":"Fizzy Luxury Kiwi Passionsfrucht Guave - 15000 Windbeutel - fizzyvape.eu","robots":{"index":"index","follow":"follow","max-snippet":"max-snippet:-1","max-image-preview":"max-image-preview:large","max-video-preview":"max-video-preview:-1"},"canonical":"https:\/\/fizzyvape.eu\/de\/produkt\/fizzy-luxury-kiwi-passionsfrucht-guave-15000-windbeutel\/","og_locale":"de_DE","og_type":"article","og_title":"Fizzy Luxury Kiwi Passionsfrucht Guave - 15000 Windbeutel","og_description":"Entfliehen Sie mit Fizzy Luxury Kiwi Passion Fruit Guava 15000 Puffs in ein tropisches Paradies. Dieses Premium-Einwegprodukt bietet eine perfekte Mischung aus s\u00e4uerlicher Kiwi, s\u00fc\u00dfer Passionsfrucht und cremiger Guave und liefert 15.000 sanfte Z\u00fcge lebhaften Geschmacks in einem eleganten smaragdgr\u00fcnen Metallgeh\u00e4use.","og_url":"https:\/\/fizzyvape.eu\/de\/produkt\/fizzy-luxury-kiwi-passionsfrucht-guave-15000-windbeutel\/","og_site_name":"fizzyvape.eu","og_image":[{"width":1500,"height":1500,"url":"https:\/\/www.fizzyvape.eu\/wp-content\/uploads\/2025\/03\/Fizzy-Luxury-Kiwi-Passion-Fruit-Guava-15000puff.jpg","type":"image\/jpeg"}],"twitter_card":"summary_large_image","twitter_misc":{"Verf\u00fcgbarkeit":"ausverkauft"},"schema":{"@context":"https:\/\/schema.org","@graph":[{"@type":"WebPage","@id":"https:\/\/fizzyvape.eu\/de\/produkt\/fizzy-luxury-kiwi-passionsfrucht-guave-15000-windbeutel\/","url":"https:\/\/fizzyvape.eu\/de\/produkt\/fizzy-luxury-kiwi-passionsfrucht-guave-15000-windbeutel\/","name":"Fizzy Luxury Kiwi Passionsfrucht Guave - 15000 Windbeutel - fizzyvape.eu","isPartOf":{"@id":"https:\/\/www.fizzyvape.eu\/de\/#website"},"primaryImageOfPage":{"@id":"https:\/\/fizzyvape.eu\/de\/produkt\/fizzy-luxury-kiwi-passionsfrucht-guave-15000-windbeutel\/#primaryimage"},"image":{"@id":"https:\/\/fizzyvape.eu\/de\/produkt\/fizzy-luxury-kiwi-passionsfrucht-guave-15000-windbeutel\/#primaryimage"},"thumbnailUrl":"https:\/\/fizzyvape.eu\/wp-content\/uploads\/2025\/03\/Fizzy-Luxury-Kiwi-Passion-Fruit-Guava-15000puff.jpg","datePublished":"2025-03-28T10:42:05+00:00","breadcrumb":{"@id":"https:\/\/fizzyvape.eu\/de\/produkt\/fizzy-luxury-kiwi-passionsfrucht-guave-15000-windbeutel\/#breadcrumb"},"inLanguage":"de","potentialAction":[{"@type":"ReadAction","target":["https:\/\/fizzyvape.eu\/de\/produkt\/fizzy-luxury-kiwi-passionsfrucht-guave-15000-windbeutel\/"]}]},{"@type":"ImageObject","inLanguage":"de","@id":"https:\/\/fizzyvape.eu\/de\/produkt\/fizzy-luxury-kiwi-passionsfrucht-guave-15000-windbeutel\/#primaryimage","url":"https:\/\/fizzyvape.eu\/wp-content\/uploads\/2025\/03\/Fizzy-Luxury-Kiwi-Passion-Fruit-Guava-15000puff.jpg","contentUrl":"https:\/\/fizzyvape.eu\/wp-content\/uploads\/2025\/03\/Fizzy-Luxury-Kiwi-Passion-Fruit-Guava-15000puff.jpg","width":1500,"height":1500,"caption":"Fizzy-Luxury-Kiwi-Passionsfrucht-Guave-15000puff"},{"@type":"BreadcrumbList","@id":"https:\/\/fizzyvape.eu\/de\/produkt\/fizzy-luxury-kiwi-passionsfrucht-guave-15000-windbeutel\/#breadcrumb","itemListElement":[{"@type":"ListItem","position":1,"name":"Home","item":"https:\/\/fizzyvape.eu\/de\/"},{"@type":"ListItem","position":2,"name":"Shop","item":"https:\/\/www.fizzyvape.eu\/de\/shop\/"},{"@type":"ListItem","position":3,"name":"Fizzy Luxury Kiwi Passionsfrucht Guave &#8211; 15000 Windbeutel"}]},{"@type":"WebSite","@id":"https:\/\/www.fizzyvape.eu\/de\/#website","url":"https:\/\/www.fizzyvape.eu\/de\/","name":"fizzyvape.eu","description":"Refreshing Vapes. Unforgettable Taste.","publisher":{"@id":"https:\/\/www.fizzyvape.eu\/de\/#organization"},"potentialAction":[{"@type":"SearchAction","target":{"@type":"EntryPoint","urlTemplate":"https:\/\/www.fizzyvape.eu\/de\/?s={search_term_string}"},"query-input":{"@type":"PropertyValueSpecification","valueRequired":true,"valueName":"search_term_string"}}],"inLanguage":"de"},{"@type":"Organization","@id":"https:\/\/www.fizzyvape.eu\/de\/#organization","name":"fizzyvape.eu","url":"https:\/\/www.fizzyvape.eu\/de\/","logo":{"@type":"ImageObject","inLanguage":"de","@id":"https:\/\/www.fizzyvape.eu\/de\/#\/schema\/logo\/image\/","url":"https:\/\/fizzyvape.eu\/wp-content\/uploads\/2019\/06\/print-1.svg","contentUrl":"https:\/\/fizzyvape.eu\/wp-content\/uploads\/2019\/06\/print-1.svg","width":124,"height":37,"caption":"fizzyvape.eu"},"image":{"@id":"https:\/\/www.fizzyvape.eu\/de\/#\/schema\/logo\/image\/"}}]},"og_availability":"out of stock","product_availability":"out of stock","product_condition":"new"},"tiered_pricing_type":"fixed","tiered_pricing_fixed_rules":[],"tiered_pricing_product_settings":{"layout":"default","base_unit_name":{"singular":null,"plural":null},"default_variation":null},"tiered_pricing_minimum_quantity":null,"tiered_pricing_roles_data":[],"tiered_pricing_percentage_rules":[],"tiered_pricing_maximum_quantity":null,"tiered_pricing_quantity_step":null,"_links":{"self":[{"href":"https:\/\/fizzyvape.eu\/de\/wp-json\/wp\/v2\/product\/25475","targetHints":{"allow":["GET"]}}],"collection":[{"href":"https:\/\/fizzyvape.eu\/de\/wp-json\/wp\/v2\/product"}],"about":[{"href":"https:\/\/fizzyvape.eu\/de\/wp-json\/wp\/v2\/types\/product"}],"replies":[{"embeddable":true,"href":"https:\/\/fizzyvape.eu\/de\/wp-json\/wp\/v2\/comments?post=25475"}],"version-history":[{"count":0,"href":"https:\/\/fizzyvape.eu\/de\/wp-json\/wp\/v2\/product\/25475\/revisions"}],"wp:featuredmedia":[{"embeddable":true,"href":"https:\/\/fizzyvape.eu\/de\/wp-json\/wp\/v2\/media\/21244"}],"wp:attachment":[{"href":"https:\/\/fizzyvape.eu\/de\/wp-json\/wp\/v2\/media?parent=25475"}],"wp:term":[{"taxonomy":"product_brand","embeddable":true,"href":"https:\/\/fizzyvape.eu\/de\/wp-json\/wp\/v2\/product_brand?post=25475"},{"taxonomy":"product_cat","embeddable":true,"href":"https:\/\/fizzyvape.eu\/de\/wp-json\/wp\/v2\/product_cat?post=25475"},{"taxonomy":"product_tag","embeddable":true,"href":"https:\/\/fizzyvape.eu\/de\/wp-json\/wp\/v2\/product_tag?post=25475"}],"curies":[{"name":"wp","href":"https:\/\/api.w.org\/{rel}","templated":true}]}}