{"id":25623,"date":"2025-03-29T18:06:14","date_gmt":"2025-03-29T10:06:14","guid":{"rendered":"https:\/\/fizzyvape.eu\/product\/fizzy-nova-plus-pfirsich-mango-wassermelone-40000-puffs-10-stueck\/"},"modified":"2025-12-23T14:43:34","modified_gmt":"2025-12-23T06:43:34","slug":"fizzy-nova-plus-pfirsich-mango-wassermelone-40000-puffs-10-stueck","status":"publish","type":"product","link":"https:\/\/fizzyvape.eu\/de\/produkt\/fizzy-nova-plus-pfirsich-mango-wassermelone-40000-puffs-10-stueck\/","title":{"rendered":"Fizzy Nova Plus Pfirsich Mango Wassermelone &#8211; 40000 Puffs &#8211; 10 St\u00fcck"},"content":{"rendered":"<div>\n<h1><strong>Fizzy Nova Plus Pfirsich Mango Wassermelone 40000 Puffs &#8211; Premium Tropical Trio Einweg Vape<\/strong><\/h1>\n<p>Begeben Sie sich auf eine tropische Reise mit <strong>Fizzy Nova Plus Peach Mango Watermelon 40000 Puffs<\/strong> &#8211; wo sich saftige Pfirsiche (40%), exotische Mangos (30%) und saftige Wassermelone (30%) in perfekter Harmonie vereinen. Dieser Premium-Einwegdampfer liefert <strong>40.000 ultraweiche Z\u00fcge<\/strong> unserer lebendigsten Fruchtfusion und f\u00e4ngt die Essenz eines tropischen Paradieses in jeder Wolke ein. <\/p>\n<h3>Wichtige Merkmale:<\/h3>\n<p>\ud83d\udd39 <strong>40.000 Puffs<\/strong> &#8211; Genie\u00dfen Sie ein ausgedehntes Dampferlebnis mit einer branchenf\u00fchrenden Puffanzahl<br \/>\n\ud83d\udd39 <strong>40mL vorgef\u00fclltes E-Liquid<\/strong> &#8211; Gro\u00dfe E-Liquid-Kapazit\u00e4t f\u00fcr wochenlangen, ununterbrochenen Gebrauch<br \/>\n\ud83d\udd39 <strong>Dual Mesh Coil System<\/strong> &#8211; Verbessertes Aroma und dickere Dampfproduktion f\u00fcr ein \u00fcberragendes Erlebnis<br \/>\n\ud83d\udd39 <strong>Eco &amp; Turbo Modi<\/strong> &#8211; Passen Sie Ihr Dampferlebnis mit sanften oder intensiven Schl\u00e4gen an<br \/>\n\ud83d\udd39 <strong>Intelligentes LED-Display<\/strong> &#8211; \u00dcberwacht und zeigt sowohl die Akkulaufzeit als auch den F\u00fcllstand des E-Saftes an<br \/>\n\ud83d\udd39 <strong>Typ-C-Schnellladung<\/strong> &#8211; Schnelles Aufladen des 850-mAh-Akkus durch Typ-C-Laden <\/p>\n<h3><strong>Geschmacksprofil:<\/strong><\/h3>\n<p>\ud83c\udf51 <strong>Erste Note:<\/strong> Reifer Pfirsichnektar (40%)<br \/>\n\ud83e\udd6d <strong>Mittlerer Gaumen:<\/strong> Cremige tropische Mango (30%)<br \/>\n\ud83c\udf49 <strong>Abgang:<\/strong> Erfrischende S\u00fc\u00dfe der Wassermelone (30%)<br \/>\n\u2728 <strong>Erfahrung:<\/strong> Ein perfekt ausgewogener tropischer Cocktail ohne k\u00fcnstlichen Nachgeschmack <\/p>\n<h3>Warum Fizzy Nova Plus w\u00e4hlen?<\/h3>\n<p>\ud83d\udd25 <strong>Unerreichte Langlebigkeit<\/strong> &#8211; Mit <strong>40.000 Z\u00fcgen<\/strong> bietet er ein unglaublich lang anhaltendes Dampferlebnis, das viele Konkurrenten auf dem Markt \u00fcbertrifft.<br \/>\n\ud83d\udc8e <strong>Erstklassige Verarbeitungsqualit\u00e4t<\/strong> &#8211; Das robuste <strong data-is-only-node=\"\">PCTG-Geh\u00e4use<\/strong> und die elegante Metalloberfl\u00e4che sorgen f\u00fcr ein anspruchsvolles Aussehen und Gef\u00fchl.<br \/>\n\ud83d\udc51 <strong>Expertly Crafted Flavor<\/strong> &#8211; Die <strong>Fizzy Nova Plus<\/strong> Serie wurde von professionellen Mixern entwickelt und liefert reichhaltige, fachm\u00e4nnisch ausgewogene Aromen.<br \/>\n\u26a1 <strong>Individuelles Erlebnis<\/strong> &#8211; Die <strong>Modi<\/strong> <strong>Eco<\/strong> und <strong>Turbo<\/strong> geben Ihnen die volle Kontrolle \u00fcber die Intensit\u00e4t des Dampfens und sorgen so jedes Mal f\u00fcr ein individuelles Erlebnis.<\/p>\n<\/div>\n<div>\n<h3><strong>Nikotin-Optionen:<\/strong><\/h3>\n<p>&#8211; <strong>2% (20mg\/ml)<\/strong> &#8211; Ideal f\u00fcr ein sanftes und aromatisches Dampferlebnis<br \/>\n&#8211; <strong>5% (50mg\/ml<\/strong> ) &#8211; Entwickelt f\u00fcr einen st\u00e4rkeren, befriedigenderen Kehlkopfschlag <\/p>\n<h3>Spezifikationen<\/h3>\n<table style=\"height: 449px;\" width=\"1340\">\n<tbody>\n<tr>\n<td>Puffs<\/td>\n<td><strong>40000+ Puffs<\/strong><\/td>\n<\/tr>\n<tr>\n<td>E-Liquid Kapazit\u00e4t<\/td>\n<td><strong>40ml<\/strong><\/td>\n<\/tr>\n<tr>\n<td>Akku-Kapazit\u00e4t<\/td>\n<td><strong>850mAh<\/strong><\/td>\n<\/tr>\n<tr>\n<td>Gr\u00f6\u00dfe<\/td>\n<td><strong>52.5*24.5*104.3mm<\/strong><\/td>\n<\/tr>\n<tr>\n<td>Wegwerfbar oder nicht<\/td>\n<td><strong>Einweg<\/strong><\/td>\n<\/tr>\n<tr>\n<td>Methode zum Aufladen<\/td>\n<td><strong>Kabel<\/strong><\/td>\n<\/tr>\n<tr>\n<td>Aktivierungsmethode<\/td>\n<td><strong>Sensor<\/strong><\/td>\n<\/tr>\n<tr>\n<td>Material<\/td>\n<td><strong>PCTG<\/strong><\/td>\n<\/tr>\n<tr>\n<td>Nikotingehalt<\/td>\n<td><strong>2% (20mg\/ml) &amp; 5% (50mg\/ml)<\/strong><\/td>\n<\/tr>\n<tr>\n<td>Geschm\u00e4cker<\/td>\n<td><strong>12<\/strong><\/td>\n<\/tr>\n<tr>\n<td>Packung<\/td>\n<td><strong>1 Packung<\/strong><\/td>\n<\/tr>\n<tr>\n<td>Aufladezeit<\/td>\n<td><strong>2 Stunden<\/strong><\/td>\n<\/tr>\n<tr>\n<td>Lagerung<\/td>\n<td><strong>Vermeiden Sie hohe Temperaturen und lagern Sie es an einem k\u00fchlen und trockenen Ort.<\/strong><\/td>\n<\/tr>\n<tr>\n<td>Personen, die das Produkt nicht verwenden d\u00fcrfen<\/td>\n<td><strong>Minderj\u00e4hrige, schwangere Frauen und Personen, die allergisch auf die Inhaltsstoffe des Produkts reagieren.<\/strong><\/td>\n<\/tr>\n<tr>\n<td>Vorsicht<\/td>\n<td><strong>Verschlucken Sie diese Substanz nicht. Sp\u00fclen Sie bei Verschlucken sofort und gr\u00fcndlich den Mund aus. Wenn Sie sich unwohl f\u00fchlen, suchen Sie einen Arzt auf.  <\/strong><\/td>\n<\/tr>\n<\/tbody>\n<\/table>\n<h3><strong>Fizzy Nova Plus <\/strong>40000 Puffs Geschmacksrichtungen Liste:<\/h3>\n<ol>\n<li><a href=\"https:\/\/fizzyvape.eu\/de\/produkt\/fizzy-nova-plus-erdbeer-kiwi-40000-windbeutel-10-stueck\/\">Erdbeere Kiwi<\/a><\/li>\n<li><a href=\"https:\/\/fizzyvape.eu\/de\/produkt\/fizzy-nova-plus-heidelbeere-eis-40000-puffs-10-stueck\/\">Heidelbeere Eis<\/a><\/li>\n<li><a href=\"https:\/\/fizzyvape.eu\/de\/produkt\/fizzy-nova-plus-wassermelone-eis-40000-puffs-10-stueck\/\">Wassermelone Eis<\/a><\/li>\n<li><a href=\"https:\/\/fizzyvape.eu\/de\/produkt\/fizzy-nova-plus-pfirsich-mango-wassermelone-40000-puffs-10-stueck\/\">Pfirsich Mango Wassermelone<\/a><\/li>\n<li><a href=\"https:\/\/fizzyvape.eu\/de\/produkt\/fizzy-nova-plus-kiwi-passionsfrucht-guave-40000-windbeutel-10-stueck\/\">Kiwi Passionsfrucht Guave<\/a><\/li>\n<li><a href=\"https:\/\/fizzyvape.eu\/de\/produkt\/fizzy-nova-plus-himbeere-zitrone-40000-windbeutel-10-stueck\/\">Himbeere-Zitrone<\/a><\/li>\n<li><a href=\"https:\/\/fizzyvape.eu\/de\/produkt\/fizzy-nova-plus-dreifach-beere-40000-puffs-10-stueck\/\">Dreifach-Beere<\/a><\/li>\n<li><a href=\"https:\/\/fizzyvape.eu\/de\/produkt\/fizzy-nova-plus-pfirsich-eis-40000-puffs-10-stueck\/\">Pfirsich Eis<\/a><\/li>\n<li><a href=\"https:\/\/fizzyvape.eu\/de\/produkt\/fizzy-nova-plus-traube-limette-40000-windbeutel-10-stueck\/\">Weintraube Limette<\/a><\/li>\n<li><a href=\"https:\/\/fizzyvape.eu\/de\/produkt\/fizzy-nova-plus-blue-razz-limonade-40000-puffs-10-stueck\/\">Blue Razz Limonade<\/a><\/li>\n<li><a href=\"https:\/\/fizzyvape.eu\/de\/produkt\/fizzy-nova-plus-strawberry-ice-40000-puffs-10-stueck\/\">Erdbeereis<\/a><\/li>\n<li><a href=\"https:\/\/fizzyvape.eu\/de\/produkt\/fizzy-nova-plus-blaubeere-kokosnuss-40000-windbeutel-10-stueck\/\">Heidelbeere Kokosnuss<\/a><\/li>\n<\/ol>\n<h3>FAQ \u00fcber Fizzy Nova Plus Pfirsich Mango Wassermelone 40000 Puffs Vape<\/h3>\n<p><strong>1. Wie viele Z\u00fcge kann ich mit der Fizzy Nova Plus Peach Mango Watermelon 40000 Z\u00fcge machen?<\/strong><br \/>\nDie <strong>Fizzy Nova Plus Peach Mango Watermelon<\/strong> liefert beeindruckende <strong>40.000 Z\u00fcge<\/strong> und bietet ein lang anhaltendes Dampferlebnis f\u00fcr wochenlanges Vergn\u00fcgen.<\/p>\n<p><strong>2. Welchen Geschmack bietet der Fizzy Nova Plus Peach Mango Watermelon?<\/strong><br \/>\nDieses Ger\u00e4t liefert eine tropische Mischung aus <strong>saftigem Pfirsich<\/strong>, <strong>s\u00fc\u00dfer Mango<\/strong> und erfrischender <strong>Wassermelone<\/strong>. Eine perfekte Kombination aus fruchtiger S\u00fc\u00dfe, die Ihre Geschmacksknospen mit Sicherheit zufrieden stellen wird. <\/p>\n<p><strong>3. Welche Nikotinst\u00e4rken sind f\u00fcr die Fizzy Nova Plus Pfirsich-Mango-Wassermelone erh\u00e4ltlich?<\/strong><br \/>\nDie <strong>Fizzy Nova Plus Pfirsich-Mango-Wassermelone<\/strong> ist in den <strong>Konzentrationen 2% und 5% Nikotin<\/strong> erh\u00e4ltlich, was sowohl milde als auch starke Nikotinpr\u00e4ferenzen bedient.<\/p>\n<\/div>\n","protected":false},"excerpt":{"rendered":"<p>Entfliehen Sie in ein tropisches Paradies mit <strong>Fizzy Nova Plus Pfirsich Mango Wassermelone 40000 Puffs<\/strong>. Genie\u00dfen Sie die lebendige Verschmelzung von reifem Pfirsich, cremiger Mango und erfrischender Wassermelone in jedem Zug. Dieser hochwertige Einwegdampfer bietet 40.000 ultra-glatte Z\u00fcge, Dual-Mesh-Spulen und anpassbare Eco\/Turbo-Modi f\u00fcr das perfekte Erlebnis.  <\/p>\n","protected":false},"featured_media":30021,"comment_status":"open","ping_status":"closed","template":"","meta":{"iawp_total_views":0},"product_brand":[],"product_cat":[342],"product_tag":[344],"class_list":{"0":"post-25623","1":"product","2":"type-product","3":"status-publish","4":"has-post-thumbnail","6":"product_cat-nova-plus-de","7":"product_tag-40000-zuge","9":"first","10":"outofstock","11":"sale","12":"shipping-taxable","13":"purchasable","14":"product-type-variable"},"yoast_head":"<!-- This site is optimized with the Yoast SEO Premium plugin v24.8 (Yoast SEO v27.4) - https:\/\/yoast.com\/product\/yoast-seo-premium-wordpress\/ -->\n<title>Fizzy Nova Plus Pfirsich Mango Wassermelone - 40000 Puffs - 10 St\u00fcck - fizzyvape.eu<\/title>\n<meta name=\"description\" content=\"10 St\u00fcck Fizzy Nova Plus Pfirsich Mango Wassermelone 40K Z\u00fcge verdampfen! Tropische Trio-Mischung, wiederaufladbar \u00fcber USB-C. Hochwertige Einwegartikel. Jetzt einkaufen!\" \/>\n<meta name=\"robots\" content=\"index, follow, max-snippet:-1, max-image-preview:large, max-video-preview:-1\" \/>\n<link rel=\"canonical\" href=\"https:\/\/fizzyvape.eu\/de\/produkt\/fizzy-nova-plus-pfirsich-mango-wassermelone-40000-puffs-10-stueck\/\" \/>\n<meta property=\"og:locale\" content=\"de_DE\" \/>\n<meta property=\"og:type\" content=\"article\" \/>\n<meta property=\"og:title\" content=\"Fizzy Nova Plus Pfirsich Mango Wassermelone - 40000 Puffs - 10 St\u00fcck\" \/>\n<meta property=\"og:description\" content=\"10 St\u00fcck Fizzy Nova Plus Pfirsich Mango Wassermelone 40K Z\u00fcge verdampfen! Tropische Trio-Mischung, wiederaufladbar \u00fcber USB-C. Hochwertige Einwegartikel. Jetzt einkaufen!\" \/>\n<meta property=\"og:url\" content=\"https:\/\/fizzyvape.eu\/de\/produkt\/fizzy-nova-plus-pfirsich-mango-wassermelone-40000-puffs-10-stueck\/\" \/>\n<meta property=\"og:site_name\" content=\"fizzyvape.eu\" \/>\n<meta property=\"article:modified_time\" content=\"2025-12-23T06:43:34+00:00\" \/>\n<meta property=\"og:image\" content=\"https:\/\/www.fizzyvape.eu\/wp-content\/uploads\/2025\/04\/Fizzy-Nova-Plus-Peach-Mango-Watermelon-40000Puffs-1.webp\" \/>\n\t<meta property=\"og:image:width\" content=\"800\" \/>\n\t<meta property=\"og:image:height\" content=\"800\" \/>\n\t<meta property=\"og:image:type\" content=\"image\/webp\" \/>\n<meta name=\"twitter:card\" content=\"summary_large_image\" \/>\n<meta name=\"twitter:label1\" content=\"Verf\u00fcgbarkeit\" \/>\n\t<meta name=\"twitter:data1\" content=\"ausverkauft\" \/>\n<script type=\"application\/ld+json\" class=\"yoast-schema-graph\">{\"@context\":\"https:\\\/\\\/schema.org\",\"@graph\":[{\"@type\":\"WebPage\",\"@id\":\"https:\\\/\\\/fizzyvape.eu\\\/de\\\/produkt\\\/fizzy-nova-plus-pfirsich-mango-wassermelone-40000-puffs-10-stueck\\\/\",\"url\":\"https:\\\/\\\/fizzyvape.eu\\\/de\\\/produkt\\\/fizzy-nova-plus-pfirsich-mango-wassermelone-40000-puffs-10-stueck\\\/\",\"name\":\"Fizzy Nova Plus Pfirsich Mango Wassermelone - 40000 Puffs - 10 St\u00fcck - fizzyvape.eu\",\"isPartOf\":{\"@id\":\"https:\\\/\\\/www.fizzyvape.eu\\\/de\\\/#website\"},\"primaryImageOfPage\":{\"@id\":\"https:\\\/\\\/fizzyvape.eu\\\/de\\\/produkt\\\/fizzy-nova-plus-pfirsich-mango-wassermelone-40000-puffs-10-stueck\\\/#primaryimage\"},\"image\":{\"@id\":\"https:\\\/\\\/fizzyvape.eu\\\/de\\\/produkt\\\/fizzy-nova-plus-pfirsich-mango-wassermelone-40000-puffs-10-stueck\\\/#primaryimage\"},\"thumbnailUrl\":\"https:\\\/\\\/fizzyvape.eu\\\/wp-content\\\/uploads\\\/2025\\\/03\\\/Fizzy-Nova-Plus-40000-Puffs-Peach-Mango-Watermelon-10pcs.webp\",\"datePublished\":\"2025-03-29T10:06:14+00:00\",\"dateModified\":\"2025-12-23T06:43:34+00:00\",\"description\":\"10 St\u00fcck Fizzy Nova Plus Pfirsich Mango Wassermelone 40K Z\u00fcge verdampfen! Tropische Trio-Mischung, wiederaufladbar \u00fcber USB-C. Hochwertige Einwegartikel. Jetzt einkaufen!\",\"breadcrumb\":{\"@id\":\"https:\\\/\\\/fizzyvape.eu\\\/de\\\/produkt\\\/fizzy-nova-plus-pfirsich-mango-wassermelone-40000-puffs-10-stueck\\\/#breadcrumb\"},\"inLanguage\":\"de\",\"potentialAction\":[{\"@type\":\"ReadAction\",\"target\":[\"https:\\\/\\\/fizzyvape.eu\\\/de\\\/produkt\\\/fizzy-nova-plus-pfirsich-mango-wassermelone-40000-puffs-10-stueck\\\/\"]}]},{\"@type\":\"ImageObject\",\"inLanguage\":\"de\",\"@id\":\"https:\\\/\\\/fizzyvape.eu\\\/de\\\/produkt\\\/fizzy-nova-plus-pfirsich-mango-wassermelone-40000-puffs-10-stueck\\\/#primaryimage\",\"url\":\"https:\\\/\\\/fizzyvape.eu\\\/wp-content\\\/uploads\\\/2025\\\/03\\\/Fizzy-Nova-Plus-40000-Puffs-Peach-Mango-Watermelon-10pcs.webp\",\"contentUrl\":\"https:\\\/\\\/fizzyvape.eu\\\/wp-content\\\/uploads\\\/2025\\\/03\\\/Fizzy-Nova-Plus-40000-Puffs-Peach-Mango-Watermelon-10pcs.webp\",\"width\":800,\"height\":800,\"caption\":\"Fizzy Nova Plus 40000 Windbeutel Pfirsich Mango Wassermelone 10 St\u00fcck\"},{\"@type\":\"BreadcrumbList\",\"@id\":\"https:\\\/\\\/fizzyvape.eu\\\/de\\\/produkt\\\/fizzy-nova-plus-pfirsich-mango-wassermelone-40000-puffs-10-stueck\\\/#breadcrumb\",\"itemListElement\":[{\"@type\":\"ListItem\",\"position\":1,\"name\":\"Home\",\"item\":\"https:\\\/\\\/fizzyvape.eu\\\/de\\\/\"},{\"@type\":\"ListItem\",\"position\":2,\"name\":\"Shop\",\"item\":\"https:\\\/\\\/www.fizzyvape.eu\\\/de\\\/shop\\\/\"},{\"@type\":\"ListItem\",\"position\":3,\"name\":\"Fizzy Nova Plus Pfirsich Mango Wassermelone &#8211; 40000 Puffs &#8211; 10 St\u00fcck\"}]},{\"@type\":\"WebSite\",\"@id\":\"https:\\\/\\\/www.fizzyvape.eu\\\/de\\\/#website\",\"url\":\"https:\\\/\\\/www.fizzyvape.eu\\\/de\\\/\",\"name\":\"fizzyvape.eu\",\"description\":\"Refreshing Vapes. Unforgettable Taste.\",\"publisher\":{\"@id\":\"https:\\\/\\\/www.fizzyvape.eu\\\/de\\\/#organization\"},\"potentialAction\":[{\"@type\":\"SearchAction\",\"target\":{\"@type\":\"EntryPoint\",\"urlTemplate\":\"https:\\\/\\\/www.fizzyvape.eu\\\/de\\\/?s={search_term_string}\"},\"query-input\":{\"@type\":\"PropertyValueSpecification\",\"valueRequired\":true,\"valueName\":\"search_term_string\"}}],\"inLanguage\":\"de\"},{\"@type\":\"Organization\",\"@id\":\"https:\\\/\\\/www.fizzyvape.eu\\\/de\\\/#organization\",\"name\":\"fizzyvape.eu\",\"url\":\"https:\\\/\\\/www.fizzyvape.eu\\\/de\\\/\",\"logo\":{\"@type\":\"ImageObject\",\"inLanguage\":\"de\",\"@id\":\"https:\\\/\\\/www.fizzyvape.eu\\\/de\\\/#\\\/schema\\\/logo\\\/image\\\/\",\"url\":\"https:\\\/\\\/fizzyvape.eu\\\/wp-content\\\/uploads\\\/2019\\\/06\\\/print-1.svg\",\"contentUrl\":\"https:\\\/\\\/fizzyvape.eu\\\/wp-content\\\/uploads\\\/2019\\\/06\\\/print-1.svg\",\"width\":124,\"height\":37,\"caption\":\"fizzyvape.eu\"},\"image\":{\"@id\":\"https:\\\/\\\/www.fizzyvape.eu\\\/de\\\/#\\\/schema\\\/logo\\\/image\\\/\"}}]}<\/script>\n<meta property=\"og:availability\" content=\"out of stock\" \/>\n<meta property=\"product:availability\" content=\"out of stock\" \/>\n<meta property=\"product:condition\" content=\"new\" \/>\n<!-- \/ Yoast SEO Premium plugin. -->","yoast_head_json":{"title":"Fizzy Nova Plus Pfirsich Mango Wassermelone - 40000 Puffs - 10 St\u00fcck - fizzyvape.eu","description":"10 St\u00fcck Fizzy Nova Plus Pfirsich Mango Wassermelone 40K Z\u00fcge verdampfen! Tropische Trio-Mischung, wiederaufladbar \u00fcber USB-C. Hochwertige Einwegartikel. Jetzt einkaufen!","robots":{"index":"index","follow":"follow","max-snippet":"max-snippet:-1","max-image-preview":"max-image-preview:large","max-video-preview":"max-video-preview:-1"},"canonical":"https:\/\/fizzyvape.eu\/de\/produkt\/fizzy-nova-plus-pfirsich-mango-wassermelone-40000-puffs-10-stueck\/","og_locale":"de_DE","og_type":"article","og_title":"Fizzy Nova Plus Pfirsich Mango Wassermelone - 40000 Puffs - 10 St\u00fcck","og_description":"10 St\u00fcck Fizzy Nova Plus Pfirsich Mango Wassermelone 40K Z\u00fcge verdampfen! Tropische Trio-Mischung, wiederaufladbar \u00fcber USB-C. Hochwertige Einwegartikel. Jetzt einkaufen!","og_url":"https:\/\/fizzyvape.eu\/de\/produkt\/fizzy-nova-plus-pfirsich-mango-wassermelone-40000-puffs-10-stueck\/","og_site_name":"fizzyvape.eu","article_modified_time":"2025-12-23T06:43:34+00:00","og_image":[{"width":800,"height":800,"url":"https:\/\/www.fizzyvape.eu\/wp-content\/uploads\/2025\/04\/Fizzy-Nova-Plus-Peach-Mango-Watermelon-40000Puffs-1.webp","type":"image\/webp"}],"twitter_card":"summary_large_image","twitter_misc":{"Verf\u00fcgbarkeit":"ausverkauft"},"schema":{"@context":"https:\/\/schema.org","@graph":[{"@type":"WebPage","@id":"https:\/\/fizzyvape.eu\/de\/produkt\/fizzy-nova-plus-pfirsich-mango-wassermelone-40000-puffs-10-stueck\/","url":"https:\/\/fizzyvape.eu\/de\/produkt\/fizzy-nova-plus-pfirsich-mango-wassermelone-40000-puffs-10-stueck\/","name":"Fizzy Nova Plus Pfirsich Mango Wassermelone - 40000 Puffs - 10 St\u00fcck - fizzyvape.eu","isPartOf":{"@id":"https:\/\/www.fizzyvape.eu\/de\/#website"},"primaryImageOfPage":{"@id":"https:\/\/fizzyvape.eu\/de\/produkt\/fizzy-nova-plus-pfirsich-mango-wassermelone-40000-puffs-10-stueck\/#primaryimage"},"image":{"@id":"https:\/\/fizzyvape.eu\/de\/produkt\/fizzy-nova-plus-pfirsich-mango-wassermelone-40000-puffs-10-stueck\/#primaryimage"},"thumbnailUrl":"https:\/\/fizzyvape.eu\/wp-content\/uploads\/2025\/03\/Fizzy-Nova-Plus-40000-Puffs-Peach-Mango-Watermelon-10pcs.webp","datePublished":"2025-03-29T10:06:14+00:00","dateModified":"2025-12-23T06:43:34+00:00","description":"10 St\u00fcck Fizzy Nova Plus Pfirsich Mango Wassermelone 40K Z\u00fcge verdampfen! Tropische Trio-Mischung, wiederaufladbar \u00fcber USB-C. Hochwertige Einwegartikel. Jetzt einkaufen!","breadcrumb":{"@id":"https:\/\/fizzyvape.eu\/de\/produkt\/fizzy-nova-plus-pfirsich-mango-wassermelone-40000-puffs-10-stueck\/#breadcrumb"},"inLanguage":"de","potentialAction":[{"@type":"ReadAction","target":["https:\/\/fizzyvape.eu\/de\/produkt\/fizzy-nova-plus-pfirsich-mango-wassermelone-40000-puffs-10-stueck\/"]}]},{"@type":"ImageObject","inLanguage":"de","@id":"https:\/\/fizzyvape.eu\/de\/produkt\/fizzy-nova-plus-pfirsich-mango-wassermelone-40000-puffs-10-stueck\/#primaryimage","url":"https:\/\/fizzyvape.eu\/wp-content\/uploads\/2025\/03\/Fizzy-Nova-Plus-40000-Puffs-Peach-Mango-Watermelon-10pcs.webp","contentUrl":"https:\/\/fizzyvape.eu\/wp-content\/uploads\/2025\/03\/Fizzy-Nova-Plus-40000-Puffs-Peach-Mango-Watermelon-10pcs.webp","width":800,"height":800,"caption":"Fizzy Nova Plus 40000 Windbeutel Pfirsich Mango Wassermelone 10 St\u00fcck"},{"@type":"BreadcrumbList","@id":"https:\/\/fizzyvape.eu\/de\/produkt\/fizzy-nova-plus-pfirsich-mango-wassermelone-40000-puffs-10-stueck\/#breadcrumb","itemListElement":[{"@type":"ListItem","position":1,"name":"Home","item":"https:\/\/fizzyvape.eu\/de\/"},{"@type":"ListItem","position":2,"name":"Shop","item":"https:\/\/www.fizzyvape.eu\/de\/shop\/"},{"@type":"ListItem","position":3,"name":"Fizzy Nova Plus Pfirsich Mango Wassermelone &#8211; 40000 Puffs &#8211; 10 St\u00fcck"}]},{"@type":"WebSite","@id":"https:\/\/www.fizzyvape.eu\/de\/#website","url":"https:\/\/www.fizzyvape.eu\/de\/","name":"fizzyvape.eu","description":"Refreshing Vapes. Unforgettable Taste.","publisher":{"@id":"https:\/\/www.fizzyvape.eu\/de\/#organization"},"potentialAction":[{"@type":"SearchAction","target":{"@type":"EntryPoint","urlTemplate":"https:\/\/www.fizzyvape.eu\/de\/?s={search_term_string}"},"query-input":{"@type":"PropertyValueSpecification","valueRequired":true,"valueName":"search_term_string"}}],"inLanguage":"de"},{"@type":"Organization","@id":"https:\/\/www.fizzyvape.eu\/de\/#organization","name":"fizzyvape.eu","url":"https:\/\/www.fizzyvape.eu\/de\/","logo":{"@type":"ImageObject","inLanguage":"de","@id":"https:\/\/www.fizzyvape.eu\/de\/#\/schema\/logo\/image\/","url":"https:\/\/fizzyvape.eu\/wp-content\/uploads\/2019\/06\/print-1.svg","contentUrl":"https:\/\/fizzyvape.eu\/wp-content\/uploads\/2019\/06\/print-1.svg","width":124,"height":37,"caption":"fizzyvape.eu"},"image":{"@id":"https:\/\/www.fizzyvape.eu\/de\/#\/schema\/logo\/image\/"}}]},"og_availability":"out of stock","product_availability":"out of stock","product_condition":"new"},"tiered_pricing_type":"fixed","tiered_pricing_fixed_rules":[],"tiered_pricing_product_settings":{"layout":"default","base_unit_name":{"singular":null,"plural":null},"default_variation":null},"tiered_pricing_minimum_quantity":null,"tiered_pricing_roles_data":[],"tiered_pricing_percentage_rules":[],"tiered_pricing_maximum_quantity":null,"tiered_pricing_quantity_step":null,"_links":{"self":[{"href":"https:\/\/fizzyvape.eu\/de\/wp-json\/wp\/v2\/product\/25623","targetHints":{"allow":["GET"]}}],"collection":[{"href":"https:\/\/fizzyvape.eu\/de\/wp-json\/wp\/v2\/product"}],"about":[{"href":"https:\/\/fizzyvape.eu\/de\/wp-json\/wp\/v2\/types\/product"}],"replies":[{"embeddable":true,"href":"https:\/\/fizzyvape.eu\/de\/wp-json\/wp\/v2\/comments?post=25623"}],"version-history":[{"count":0,"href":"https:\/\/fizzyvape.eu\/de\/wp-json\/wp\/v2\/product\/25623\/revisions"}],"wp:featuredmedia":[{"embeddable":true,"href":"https:\/\/fizzyvape.eu\/de\/wp-json\/wp\/v2\/media\/30021"}],"wp:attachment":[{"href":"https:\/\/fizzyvape.eu\/de\/wp-json\/wp\/v2\/media?parent=25623"}],"wp:term":[{"taxonomy":"product_brand","embeddable":true,"href":"https:\/\/fizzyvape.eu\/de\/wp-json\/wp\/v2\/product_brand?post=25623"},{"taxonomy":"product_cat","embeddable":true,"href":"https:\/\/fizzyvape.eu\/de\/wp-json\/wp\/v2\/product_cat?post=25623"},{"taxonomy":"product_tag","embeddable":true,"href":"https:\/\/fizzyvape.eu\/de\/wp-json\/wp\/v2\/product_tag?post=25623"}],"curies":[{"name":"wp","href":"https:\/\/api.w.org\/{rel}","templated":true}]}}