{"id":25906,"date":"2025-03-27T14:05:15","date_gmt":"2025-03-27T06:05:15","guid":{"rendered":"https:\/\/fizzyvape.eu\/product\/fizzy-pandora-erdbeere-12000-windbeutel\/"},"modified":"2025-03-27T14:05:15","modified_gmt":"2025-03-27T06:05:15","slug":"fizzy-pandora-erdbeere-12000-windbeutel","status":"publish","type":"product","link":"https:\/\/fizzyvape.eu\/de\/produkt\/fizzy-pandora-erdbeere-12000-windbeutel\/","title":{"rendered":"Fizzy Pandora Erdbeere &#8211; 12000 Windbeutel"},"content":{"rendered":"<div>\n<h2><strong>Fizzy Pandora Strawberry 12000 Puffs &#8211; Premium Strawberry Einweg Vape<\/strong><\/h2>\n<p>Erleben Sie den reinen, s\u00fc\u00dfen Geschmack von reifen Erdbeeren mit dem <strong>Fizzy Pandora Strawberry 12000 Puffs<\/strong> Einwegdampfer. Dieses Premium-Ger\u00e4t ist vollgepackt mit 12.000 Z\u00fcgen ultrasanften Dampfes, durchzogen vom authentischen Geschmack frisch gepfl\u00fcckter Erdbeeren und einer erfrischenden Prise Sprudel. Egal, ob Sie ein Anf\u00e4nger oder ein erfahrener Dampfer sind, dieses schlanke, tragbare und wiederaufladbare Ger\u00e4t bietet ein unvergleichliches Dampferlebnis mit lang anhaltender Zufriedenheit.  <\/p>\n<h3><strong>Wesentliche Merkmale<\/strong><\/h3>\n<p>\u2714 <strong>12.000 Ultra-Long Puffs<\/strong> &#8211; 2-3 Wochen Dauergebrauch<br \/>\n\u2714 <strong>20mL E-Liquid Kapazit\u00e4t<\/strong> &#8211; 5% Premium Nikotinsalz<br \/>\n\u2714 <strong>Wiederaufladbarer 650mAh Akku<\/strong> &#8211; USB-C Schnellladung<br \/>\n\u2714 <strong>1.4\u03a9 Mesh Coil<\/strong> &#8211; Optimierte Geschmacksklarheit &amp; Dampfproduktion<br \/>\n\u2714 <strong>Auslaufsicheres Design<\/strong> &#8211; Versiegelte Konstruktion (48\u00d720.6\u00d788mm)<br \/>\n\u2714 <strong>Draw-Activated<\/strong> &#8211; Keine Kn\u00f6pfe, sofortiges Dampfen <\/p>\n<h3>Warum sollten Sie Fizzy Pandora Strawberry 12000 Puffs w\u00e4hlen?<\/h3>\n<p>\ud83c\udf1f <strong>Juicy Strawberry Perfection<\/strong> &#8211; Sonnengereifter Beerengeschmack mit nat\u00fcrlicher S\u00fc\u00dfe<br \/>\n\u26a1 <strong>Marathon Performance<\/strong> &#8211; 12.000 Z\u00fcge (3x Standard-Einwegartikel)<br \/>\n\ud83c\udf3f <strong>Velvet Vapor<\/strong> &#8211; 5%iges Premium-Nikotinsalz f\u00fcr ultra-sanfte Hits<br \/>\n\ud83c\udf53 <strong>Fruchtechtheit<\/strong> &#8211; kein k\u00fcnstlicher Nachgeschmack<br \/>\n\ud83c\udfaf <strong>Sofortiges Vergn\u00fcgen<\/strong> &#8211; Keine Einrichtung, einfach paffen und loslegen<br \/>\n\u2728 <strong>Konsistente Exzellenz<\/strong> &#8211; Der Geschmack bleibt bis zum letzten Zug lebendig <\/p>\n<h3>Paket Inhalt<\/h3>\n<p>1 \u00d7 Fizzy Pandora Strawberry 12000 Puffs Einweg-Vape-Ger\u00e4t<\/p>\n<\/div>\n<div>\n<h3>Spezifikationen<\/h3>\n<table>\n<tbody>\n<tr>\n<td>Puffs<\/td>\n<td><strong>12000+ Puffs<\/strong><\/td>\n<\/tr>\n<tr>\n<td>E-Liquid Kapazit\u00e4t<\/td>\n<td><strong>20ml<\/strong><\/td>\n<\/tr>\n<tr>\n<td>Akku-Kapazit\u00e4t<\/td>\n<td><strong>650mAh<\/strong><\/td>\n<\/tr>\n<tr>\n<td>Mesh-Spule<\/td>\n<td><strong>1.4\u03a9<\/strong><\/td>\n<\/tr>\n<tr>\n<td>Gr\u00f6\u00dfe<\/td>\n<td><strong>48*20.6*88mm<\/strong><\/td>\n<\/tr>\n<tr>\n<td>Wegwerfbar oder nicht<\/td>\n<td><strong>Einweg<\/strong><\/td>\n<\/tr>\n<tr>\n<td>Methode zum Aufladen<\/td>\n<td><strong>Kabel<\/strong><\/td>\n<\/tr>\n<tr>\n<td>Aktivierungsmethode<\/td>\n<td><strong>Sensor<\/strong><\/td>\n<\/tr>\n<tr>\n<td>Nikotingehalt<\/td>\n<td><strong>5%(50mg\/ml)<\/strong><\/td>\n<\/tr>\n<tr>\n<td>Geschm\u00e4cker<\/td>\n<td><strong>12<\/strong><\/td>\n<\/tr>\n<tr>\n<td>Packung<\/td>\n<td><strong>1 Packung<\/strong><\/td>\n<\/tr>\n<tr>\n<td>Aufladezeit<\/td>\n<td><strong>2 Stunden<\/strong><\/td>\n<\/tr>\n<tr>\n<td>Lagerung<\/td>\n<td><strong>Vermeiden Sie hohe Temperaturen und lagern Sie es an einem k\u00fchlen und trockenen Ort.<\/strong><\/td>\n<\/tr>\n<tr>\n<td>Personen, die das Produkt nicht verwenden d\u00fcrfen<\/td>\n<td><strong>Minderj\u00e4hrige, schwangere Frauen und Personen, die allergisch auf die Inhaltsstoffe des Produkts reagieren.<\/strong><\/td>\n<\/tr>\n<tr>\n<td>Vorsicht<\/td>\n<td><strong>Verschlucken Sie diese Substanz nicht. Sp\u00fclen Sie bei Verschlucken sofort und gr\u00fcndlich den Mund aus. Wenn Sie sich unwohl f\u00fchlen, suchen Sie einen Arzt auf.  <\/strong><\/td>\n<\/tr>\n<\/tbody>\n<\/table>\n<h3><strong>Fizzy Pandora <\/strong>12000 Puffs Geschmacksrichtungen Liste:<\/h3>\n<ol>\n<li><a href=\"https:\/\/fizzyvape.eu\/product\/fizzy-pandora-watermelon-12000-puffs\/\">Wassermelone<\/a><\/li>\n<li><a href=\"https:\/\/fizzyvape.eu\/product\/fizzy-pandora-mango-12000-puffs\/\">Mango<\/a><\/li>\n<li><a href=\"https:\/\/fizzyvape.eu\/product\/fizzy-pandora-grape-12000-puffs\/\">Weintraube<\/a><\/li>\n<li><a href=\"https:\/\/fizzyvape.eu\/product\/fizzy-pandora-pomegranate-12000-puffs\/\">Granatapfel<\/a><\/li>\n<li><a href=\"https:\/\/fizzyvape.eu\/product\/fizzy-pandora-peach-12000-puffs\/\">Pfirsich<\/a><\/li>\n<li><a href=\"https:\/\/fizzyvape.eu\/product\/fizzy-pandora-blueberry-raspberry-12000-puffs\/\">Heidelbeere-Himbeere<\/a><\/li>\n<li><a href=\"https:\/\/fizzyvape.eu\/product\/fizzy-pandora-orange-mango-watermelon-12000-puffs\/\">Orange Mango Wassermelone<\/a><\/li>\n<li><a href=\"https:\/\/fizzyvape.eu\/product\/fizzy-pandora-ice-mint-12000-puffs\/\">Eis-Minze<\/a><\/li>\n<li><a href=\"https:\/\/fizzyvape.eu\/product\/fizzy-pandora-strawberry-kiwi-pomegranate-12000-puffs\/\">Erdbeere-Kiwi-Granatapfel<\/a><\/li>\n<li><a href=\"https:\/\/fizzyvape.eu\/product\/fizzy-pandora-blueberry-12000-puffs\/\">Blaubeere<\/a><\/li>\n<li><a href=\"https:\/\/fizzyvape.eu\/de\/produkt\/fizzy-pandora-erdbeere-12000-windbeutel\/\">Erdbeere<\/a><\/li>\n<li><a href=\"https:\/\/fizzyvape.eu\/product\/fizzy-pandora-watermelon-blueberry-12000-puffs\/\">Wassermelone Blaubeere<\/a><\/li>\n<\/ol>\n<h3><strong>FAQ \u00fcber <\/strong>Fizzy Pandora Strawberry 12000 Puffs <strong>Vape<\/strong><\/h3>\n<ul>\n<li class=\"\" data-start=\"2916\" data-end=\"3178\">\n<p class=\"\" data-start=\"2919\" data-end=\"3178\"><strong data-start=\"2919\" data-end=\"2983\">Wie lange sind die Fizzy Pandora Strawberry 12000 Puffs haltbar?<\/strong><br data-start=\"2983\" data-end=\"2986\">Das Ger\u00e4t liefert bis zu 12.000 Z\u00fcge, was bei moderaten Rauchern je nach Gebrauch 2-3 Wochen ausreicht. Der wiederaufladbare 650mAh-Akku sorgt daf\u00fcr, dass Sie kein E-Liquid verschwenden. <\/p>\n<\/li>\n<li class=\"\" data-start=\"3180\" data-end=\"3417\">\n<p class=\"\" data-start=\"3183\" data-end=\"3417\"><strong data-start=\"3183\" data-end=\"3253\">Welchen Geschmack haben die Fizzy Pandora Strawberry 12000 Puffs?<\/strong><br data-start=\"3253\" data-end=\"3256\">Die Fizzy Pandora Strawberry bietet ein echtes Fruchterlebnis mit einem frischen und s\u00fc\u00dfen Erdbeergeschmack, der durch einen sprudelnden Twist f\u00fcr ein erfrischendes Dampferlebnis erg\u00e4nzt wird.<\/p>\n<\/li>\n<li class=\"\" data-start=\"3419\" data-end=\"3651\">\n<p class=\"\" data-start=\"3422\" data-end=\"3651\"><strong data-start=\"3422\" data-end=\"3476\">Ist das Fizzy Pandora Strawberry Vape wiederaufladbar?<\/strong><br data-start=\"3476\" data-end=\"3479\">Ja! Das Ger\u00e4t verf\u00fcgt \u00fcber einen 650mAh-Akku, der \u00fcber den mitgelieferten USB-C-Ladeanschluss einfach aufgeladen werden kann, damit Sie jeden Tropfen E-Liquid genie\u00dfen k\u00f6nnen. <\/p>\n<\/li>\n<li class=\"\" data-start=\"3653\" data-end=\"3878\">\n<p class=\"\" data-start=\"3656\" data-end=\"3878\"><strong data-start=\"3656\" data-end=\"3715\">Ist der Fizzy Pandora Strawberry 12000 Puffs auslaufsicher?<\/strong><br data-start=\"3715\" data-end=\"3718\">Auf jeden Fall! Der Fizzy Pandora Strawberry Vape wurde mit einer auslaufsicheren Konstruktion entworfen, die ein sauberes und problemloses Dampferlebnis garantiert, wo immer Sie auch hingehen. <\/p>\n<\/li>\n<\/ul>\n<\/div>\n","protected":false},"excerpt":{"rendered":"<p><strong>Fizzy Pandora Strawberry 12000 Puffs<\/strong> &#8211; Saftige Erdbeer-Perfektion! Erleben Sie den authentischen, s\u00fc\u00dfen Geschmack von frisch gepfl\u00fcckten Erdbeeren mit einem herrlich sprudelnden Abgang im Fizzy Pandora Strawberry Einwegger\u00e4t. Genie\u00dfen Sie 12000+ Z\u00fcge reinen Erdbeergl\u00fccks in einem schlanken, wiederaufladbaren und langlebigen Ger\u00e4t.  <\/p>\n","protected":false},"featured_media":20660,"comment_status":"open","ping_status":"closed","template":"","meta":{"iawp_total_views":0},"product_brand":[],"product_cat":[304],"product_tag":[305],"class_list":{"0":"post-25906","1":"product","2":"type-product","3":"status-publish","4":"has-post-thumbnail","6":"product_cat-pandora-de","7":"product_tag-12000-puffs-de","9":"first","10":"outofstock","11":"shipping-taxable","12":"purchasable","13":"product-type-variable"},"yoast_head":"<!-- This site is optimized with the Yoast SEO Premium plugin v24.8 (Yoast SEO v24.8) - https:\/\/yoast.com\/wordpress\/plugins\/seo\/ -->\n<title>Fizzy Pandora Erdbeere - 12000 Windbeutel - fizzyvape.eu<\/title>\n<meta name=\"robots\" content=\"index, follow, max-snippet:-1, max-image-preview:large, max-video-preview:-1\" \/>\n<link rel=\"canonical\" href=\"https:\/\/fizzyvape.eu\/de\/produkt\/fizzy-pandora-erdbeere-12000-windbeutel\/\" \/>\n<meta property=\"og:locale\" content=\"de_DE\" \/>\n<meta property=\"og:type\" content=\"article\" \/>\n<meta property=\"og:title\" content=\"Fizzy Pandora Erdbeere - 12000 Windbeutel\" \/>\n<meta property=\"og:description\" content=\"Fizzy Pandora Strawberry 12000 Puffs - Saftige Erdbeer-Perfektion! Erleben Sie den authentischen, s\u00fc\u00dfen Geschmack von frisch gepfl\u00fcckten Erdbeeren mit einem herrlich sprudelnden Abgang im Fizzy Pandora Strawberry Einwegger\u00e4t. Genie\u00dfen Sie 12000+ Z\u00fcge reinen Erdbeergl\u00fccks in einem schlanken, wiederaufladbaren und langlebigen Ger\u00e4t.\" \/>\n<meta property=\"og:url\" content=\"https:\/\/fizzyvape.eu\/de\/produkt\/fizzy-pandora-erdbeere-12000-windbeutel\/\" \/>\n<meta property=\"og:site_name\" content=\"fizzyvape.eu\" \/>\n<meta property=\"og:image\" content=\"https:\/\/www.fizzyvape.eu\/wp-content\/uploads\/2025\/03\/FizzyVape-Pandora-Strawberry-12000Puff.jpg\" \/>\n\t<meta property=\"og:image:width\" content=\"1057\" \/>\n\t<meta property=\"og:image:height\" content=\"1037\" \/>\n\t<meta property=\"og:image:type\" content=\"image\/jpeg\" \/>\n<meta name=\"twitter:card\" content=\"summary_large_image\" \/>\n<meta name=\"twitter:label1\" content=\"Verf\u00fcgbarkeit\" \/>\n\t<meta name=\"twitter:data1\" content=\"ausverkauft\" \/>\n<script type=\"application\/ld+json\" class=\"yoast-schema-graph\">{\"@context\":\"https:\/\/schema.org\",\"@graph\":[{\"@type\":\"WebPage\",\"@id\":\"https:\/\/fizzyvape.eu\/de\/produkt\/fizzy-pandora-erdbeere-12000-windbeutel\/\",\"url\":\"https:\/\/fizzyvape.eu\/de\/produkt\/fizzy-pandora-erdbeere-12000-windbeutel\/\",\"name\":\"Fizzy Pandora Erdbeere - 12000 Windbeutel - fizzyvape.eu\",\"isPartOf\":{\"@id\":\"https:\/\/www.fizzyvape.eu\/de\/#website\"},\"primaryImageOfPage\":{\"@id\":\"https:\/\/fizzyvape.eu\/de\/produkt\/fizzy-pandora-erdbeere-12000-windbeutel\/#primaryimage\"},\"image\":{\"@id\":\"https:\/\/fizzyvape.eu\/de\/produkt\/fizzy-pandora-erdbeere-12000-windbeutel\/#primaryimage\"},\"thumbnailUrl\":\"https:\/\/fizzyvape.eu\/wp-content\/uploads\/2025\/03\/FizzyVape-Pandora-Strawberry-12000Puff.jpg\",\"datePublished\":\"2025-03-27T06:05:15+00:00\",\"breadcrumb\":{\"@id\":\"https:\/\/fizzyvape.eu\/de\/produkt\/fizzy-pandora-erdbeere-12000-windbeutel\/#breadcrumb\"},\"inLanguage\":\"de\",\"potentialAction\":[{\"@type\":\"ReadAction\",\"target\":[\"https:\/\/fizzyvape.eu\/de\/produkt\/fizzy-pandora-erdbeere-12000-windbeutel\/\"]}]},{\"@type\":\"ImageObject\",\"inLanguage\":\"de\",\"@id\":\"https:\/\/fizzyvape.eu\/de\/produkt\/fizzy-pandora-erdbeere-12000-windbeutel\/#primaryimage\",\"url\":\"https:\/\/fizzyvape.eu\/wp-content\/uploads\/2025\/03\/FizzyVape-Pandora-Strawberry-12000Puff.jpg\",\"contentUrl\":\"https:\/\/fizzyvape.eu\/wp-content\/uploads\/2025\/03\/FizzyVape-Pandora-Strawberry-12000Puff.jpg\",\"width\":1057,\"height\":1037,\"caption\":\"FizzyVape-Pandora-Erdbeere-12000Puff\"},{\"@type\":\"BreadcrumbList\",\"@id\":\"https:\/\/fizzyvape.eu\/de\/produkt\/fizzy-pandora-erdbeere-12000-windbeutel\/#breadcrumb\",\"itemListElement\":[{\"@type\":\"ListItem\",\"position\":1,\"name\":\"Home\",\"item\":\"https:\/\/fizzyvape.eu\/de\/\"},{\"@type\":\"ListItem\",\"position\":2,\"name\":\"Shop\",\"item\":\"https:\/\/www.fizzyvape.eu\/de\/shop\/\"},{\"@type\":\"ListItem\",\"position\":3,\"name\":\"Fizzy Pandora Erdbeere &#8211; 12000 Windbeutel\"}]},{\"@type\":\"WebSite\",\"@id\":\"https:\/\/www.fizzyvape.eu\/de\/#website\",\"url\":\"https:\/\/www.fizzyvape.eu\/de\/\",\"name\":\"fizzyvape.eu\",\"description\":\"Refreshing Vapes. Unforgettable Taste.\",\"publisher\":{\"@id\":\"https:\/\/www.fizzyvape.eu\/de\/#organization\"},\"potentialAction\":[{\"@type\":\"SearchAction\",\"target\":{\"@type\":\"EntryPoint\",\"urlTemplate\":\"https:\/\/www.fizzyvape.eu\/de\/?s={search_term_string}\"},\"query-input\":{\"@type\":\"PropertyValueSpecification\",\"valueRequired\":true,\"valueName\":\"search_term_string\"}}],\"inLanguage\":\"de\"},{\"@type\":\"Organization\",\"@id\":\"https:\/\/www.fizzyvape.eu\/de\/#organization\",\"name\":\"fizzyvape.eu\",\"url\":\"https:\/\/www.fizzyvape.eu\/de\/\",\"logo\":{\"@type\":\"ImageObject\",\"inLanguage\":\"de\",\"@id\":\"https:\/\/www.fizzyvape.eu\/de\/#\/schema\/logo\/image\/\",\"url\":\"https:\/\/fizzyvape.eu\/wp-content\/uploads\/2019\/06\/print-1.svg\",\"contentUrl\":\"https:\/\/fizzyvape.eu\/wp-content\/uploads\/2019\/06\/print-1.svg\",\"width\":124,\"height\":37,\"caption\":\"fizzyvape.eu\"},\"image\":{\"@id\":\"https:\/\/www.fizzyvape.eu\/de\/#\/schema\/logo\/image\/\"}}]}<\/script>\n<meta property=\"og:availability\" content=\"out of stock\" \/>\n<meta property=\"product:availability\" content=\"out of stock\" \/>\n<meta property=\"product:condition\" content=\"new\" \/>\n<!-- \/ Yoast SEO Premium plugin. -->","yoast_head_json":{"title":"Fizzy Pandora Erdbeere - 12000 Windbeutel - fizzyvape.eu","robots":{"index":"index","follow":"follow","max-snippet":"max-snippet:-1","max-image-preview":"max-image-preview:large","max-video-preview":"max-video-preview:-1"},"canonical":"https:\/\/fizzyvape.eu\/de\/produkt\/fizzy-pandora-erdbeere-12000-windbeutel\/","og_locale":"de_DE","og_type":"article","og_title":"Fizzy Pandora Erdbeere - 12000 Windbeutel","og_description":"Fizzy Pandora Strawberry 12000 Puffs - Saftige Erdbeer-Perfektion! Erleben Sie den authentischen, s\u00fc\u00dfen Geschmack von frisch gepfl\u00fcckten Erdbeeren mit einem herrlich sprudelnden Abgang im Fizzy Pandora Strawberry Einwegger\u00e4t. Genie\u00dfen Sie 12000+ Z\u00fcge reinen Erdbeergl\u00fccks in einem schlanken, wiederaufladbaren und langlebigen Ger\u00e4t.","og_url":"https:\/\/fizzyvape.eu\/de\/produkt\/fizzy-pandora-erdbeere-12000-windbeutel\/","og_site_name":"fizzyvape.eu","og_image":[{"width":1057,"height":1037,"url":"https:\/\/www.fizzyvape.eu\/wp-content\/uploads\/2025\/03\/FizzyVape-Pandora-Strawberry-12000Puff.jpg","type":"image\/jpeg"}],"twitter_card":"summary_large_image","twitter_misc":{"Verf\u00fcgbarkeit":"ausverkauft"},"schema":{"@context":"https:\/\/schema.org","@graph":[{"@type":"WebPage","@id":"https:\/\/fizzyvape.eu\/de\/produkt\/fizzy-pandora-erdbeere-12000-windbeutel\/","url":"https:\/\/fizzyvape.eu\/de\/produkt\/fizzy-pandora-erdbeere-12000-windbeutel\/","name":"Fizzy Pandora Erdbeere - 12000 Windbeutel - fizzyvape.eu","isPartOf":{"@id":"https:\/\/www.fizzyvape.eu\/de\/#website"},"primaryImageOfPage":{"@id":"https:\/\/fizzyvape.eu\/de\/produkt\/fizzy-pandora-erdbeere-12000-windbeutel\/#primaryimage"},"image":{"@id":"https:\/\/fizzyvape.eu\/de\/produkt\/fizzy-pandora-erdbeere-12000-windbeutel\/#primaryimage"},"thumbnailUrl":"https:\/\/fizzyvape.eu\/wp-content\/uploads\/2025\/03\/FizzyVape-Pandora-Strawberry-12000Puff.jpg","datePublished":"2025-03-27T06:05:15+00:00","breadcrumb":{"@id":"https:\/\/fizzyvape.eu\/de\/produkt\/fizzy-pandora-erdbeere-12000-windbeutel\/#breadcrumb"},"inLanguage":"de","potentialAction":[{"@type":"ReadAction","target":["https:\/\/fizzyvape.eu\/de\/produkt\/fizzy-pandora-erdbeere-12000-windbeutel\/"]}]},{"@type":"ImageObject","inLanguage":"de","@id":"https:\/\/fizzyvape.eu\/de\/produkt\/fizzy-pandora-erdbeere-12000-windbeutel\/#primaryimage","url":"https:\/\/fizzyvape.eu\/wp-content\/uploads\/2025\/03\/FizzyVape-Pandora-Strawberry-12000Puff.jpg","contentUrl":"https:\/\/fizzyvape.eu\/wp-content\/uploads\/2025\/03\/FizzyVape-Pandora-Strawberry-12000Puff.jpg","width":1057,"height":1037,"caption":"FizzyVape-Pandora-Erdbeere-12000Puff"},{"@type":"BreadcrumbList","@id":"https:\/\/fizzyvape.eu\/de\/produkt\/fizzy-pandora-erdbeere-12000-windbeutel\/#breadcrumb","itemListElement":[{"@type":"ListItem","position":1,"name":"Home","item":"https:\/\/fizzyvape.eu\/de\/"},{"@type":"ListItem","position":2,"name":"Shop","item":"https:\/\/www.fizzyvape.eu\/de\/shop\/"},{"@type":"ListItem","position":3,"name":"Fizzy Pandora Erdbeere &#8211; 12000 Windbeutel"}]},{"@type":"WebSite","@id":"https:\/\/www.fizzyvape.eu\/de\/#website","url":"https:\/\/www.fizzyvape.eu\/de\/","name":"fizzyvape.eu","description":"Refreshing Vapes. Unforgettable Taste.","publisher":{"@id":"https:\/\/www.fizzyvape.eu\/de\/#organization"},"potentialAction":[{"@type":"SearchAction","target":{"@type":"EntryPoint","urlTemplate":"https:\/\/www.fizzyvape.eu\/de\/?s={search_term_string}"},"query-input":{"@type":"PropertyValueSpecification","valueRequired":true,"valueName":"search_term_string"}}],"inLanguage":"de"},{"@type":"Organization","@id":"https:\/\/www.fizzyvape.eu\/de\/#organization","name":"fizzyvape.eu","url":"https:\/\/www.fizzyvape.eu\/de\/","logo":{"@type":"ImageObject","inLanguage":"de","@id":"https:\/\/www.fizzyvape.eu\/de\/#\/schema\/logo\/image\/","url":"https:\/\/fizzyvape.eu\/wp-content\/uploads\/2019\/06\/print-1.svg","contentUrl":"https:\/\/fizzyvape.eu\/wp-content\/uploads\/2019\/06\/print-1.svg","width":124,"height":37,"caption":"fizzyvape.eu"},"image":{"@id":"https:\/\/www.fizzyvape.eu\/de\/#\/schema\/logo\/image\/"}}]},"og_availability":"out of stock","product_availability":"out of stock","product_condition":"new"},"tiered_pricing_type":"fixed","tiered_pricing_fixed_rules":[],"tiered_pricing_product_settings":{"layout":"default","base_unit_name":{"singular":null,"plural":null},"default_variation":null},"tiered_pricing_minimum_quantity":null,"tiered_pricing_roles_data":[],"tiered_pricing_percentage_rules":[],"tiered_pricing_maximum_quantity":null,"tiered_pricing_quantity_step":null,"_links":{"self":[{"href":"https:\/\/fizzyvape.eu\/de\/wp-json\/wp\/v2\/product\/25906","targetHints":{"allow":["GET"]}}],"collection":[{"href":"https:\/\/fizzyvape.eu\/de\/wp-json\/wp\/v2\/product"}],"about":[{"href":"https:\/\/fizzyvape.eu\/de\/wp-json\/wp\/v2\/types\/product"}],"replies":[{"embeddable":true,"href":"https:\/\/fizzyvape.eu\/de\/wp-json\/wp\/v2\/comments?post=25906"}],"version-history":[{"count":0,"href":"https:\/\/fizzyvape.eu\/de\/wp-json\/wp\/v2\/product\/25906\/revisions"}],"wp:featuredmedia":[{"embeddable":true,"href":"https:\/\/fizzyvape.eu\/de\/wp-json\/wp\/v2\/media\/20660"}],"wp:attachment":[{"href":"https:\/\/fizzyvape.eu\/de\/wp-json\/wp\/v2\/media?parent=25906"}],"wp:term":[{"taxonomy":"product_brand","embeddable":true,"href":"https:\/\/fizzyvape.eu\/de\/wp-json\/wp\/v2\/product_brand?post=25906"},{"taxonomy":"product_cat","embeddable":true,"href":"https:\/\/fizzyvape.eu\/de\/wp-json\/wp\/v2\/product_cat?post=25906"},{"taxonomy":"product_tag","embeddable":true,"href":"https:\/\/fizzyvape.eu\/de\/wp-json\/wp\/v2\/product_tag?post=25906"}],"curies":[{"name":"wp","href":"https:\/\/api.w.org\/{rel}","templated":true}]}}