{"id":26161,"date":"2025-03-28T16:02:19","date_gmt":"2025-03-28T08:02:19","guid":{"rendered":"https:\/\/fizzyvape.eu\/product\/fizzy-luxury-pfirsich-15000-windbeutel\/"},"modified":"2025-03-28T16:02:19","modified_gmt":"2025-03-28T08:02:19","slug":"fizzy-luxury-pfirsich-15000-windbeutel","status":"publish","type":"product","link":"https:\/\/fizzyvape.eu\/de\/produkt\/fizzy-luxury-pfirsich-15000-windbeutel\/","title":{"rendered":"Fizzy Luxury Pfirsich &#8211; 15000 Windbeutel"},"content":{"rendered":"<div>\n<h2><strong>Fizzy Luxury Peach 15000 Puffs &#8211; Premium Metall Edition Einweg Vape<\/strong><\/h2>\n<p>Erleben Sie Pfirsich-Perfektion mit <strong>Fizzy Luxury Peach 15000 Puffs<\/strong>&#8211; wo saftige Pfirsichs\u00fc\u00dfe (8\/10) auf einen Hauch von S\u00e4ure (2\/10) trifft, alles umh\u00fcllt von unserem Premium-Metallk\u00f6rper mit pr\u00e4ziser Luftstromkontrolle. Dieser Elite-Einwegdampfer liefert <strong>15.000 ultra-sanfte Z\u00fcge<\/strong> mit exquisitem Geschmack und verf\u00fcgt \u00fcber die revolution\u00e4re <strong>Quartz Coil Technology<\/strong> f\u00fcr un\u00fcbertroffene Sanftheit und Geschmacksklarheit. <\/p>\n<h3><strong>Warum Fizzy Luxury Peach 15000 Puffs w\u00e4hlen?<\/strong><\/h3>\n<p>\ud83c\udf51 <strong>Meisterhafte Geschmackskomposition<\/strong> &#8211; 80% reifer Pfirsichnektar, ausgewogen mit 20% Pfirsichschalenherbheit f\u00fcr authentische Obstgartenfrische<br \/>\n\ud83c\udf9b\ufe0f <strong>Smart Airflow System<\/strong> &#8211; Passen Sie den <strong>Luftstrom<\/strong> mit unserem Pr\u00e4zisions-Metallrad von eng anliegendem MTL bis zu begrenztem DTL an<br \/>\n\ud83d\udd36 <strong>Luxuri\u00f6ses Aluminiumgeh\u00e4use<\/strong> &#8211; CNC-gefr\u00e4stes Aluminium in Flugzeugqualit\u00e4t mit satinierter Oberfl\u00e4che<br \/>\n\u26a1 <strong>Branchenf\u00fchrende 15.000 Puffs<\/strong> &#8211; 25 % mehr als herk\u00f6mmliche Premium-Einwegartikel<br \/>\n\ud83e\uddca <strong>Velvet Vapor Technology<\/strong> &#8211; Quarzspule liefert 45% sanftere Treffer als herk\u00f6mmliches Mesh <\/p>\n<h3><strong>Nikotin-Optionen:<\/strong><\/h3>\n<p>&#8211; 2% (20mg\/ml) &#8211; Sanftes Erlebnis f\u00fcr Gelegenheitsdampfer<br \/>\n&#8211; 5% (50mg\/ml) &#8211; Befriedigender Kehlkopfschlag f\u00fcr ehemalige Raucher<\/p>\n<\/div>\n<div>\n<h3>Spezifikationen<\/h3>\n<table style=\"height: 449px;\" width=\"1340\">\n<tbody>\n<tr>\n<td>Puffs<\/td>\n<td><strong>15000+ Puffs<\/strong><\/td>\n<\/tr>\n<tr>\n<td>E-Liquid Kapazit\u00e4t<\/td>\n<td><strong>22ml<\/strong><\/td>\n<\/tr>\n<tr>\n<td>Akku-Kapazit\u00e4t<\/td>\n<td><strong>650mAh<\/strong><\/td>\n<\/tr>\n<tr>\n<td>Mesh-Spule<\/td>\n<td><strong>1.4\u03a9<\/strong><\/td>\n<\/tr>\n<tr>\n<td>Gr\u00f6\u00dfe<\/td>\n<td><strong>53*30*85.3mm<\/strong><\/td>\n<\/tr>\n<tr>\n<td>Wegwerfbar oder nicht<\/td>\n<td><strong>Einweg<\/strong><\/td>\n<\/tr>\n<tr>\n<td>Methode zum Aufladen<\/td>\n<td><strong>Kabel<\/strong><\/td>\n<\/tr>\n<tr>\n<td>Aktivierungsmethode<\/td>\n<td><strong>Sensor<\/strong><\/td>\n<\/tr>\n<tr>\n<td>Material<\/td>\n<td><strong>Metall<\/strong><\/td>\n<\/tr>\n<tr>\n<td>Nikotingehalt<\/td>\n<td><strong>2% (20mg\/ml) &amp; 5% (50mg\/ml)<\/strong><\/td>\n<\/tr>\n<tr>\n<td>Geschm\u00e4cker<\/td>\n<td><strong>15<\/strong><\/td>\n<\/tr>\n<tr>\n<td>Packung<\/td>\n<td><strong>1 Packung<\/strong><\/td>\n<\/tr>\n<tr>\n<td>Aufladezeit<\/td>\n<td><strong>2 Stunden<\/strong><\/td>\n<\/tr>\n<tr>\n<td>Lagerung<\/td>\n<td><strong>Vermeiden Sie hohe Temperaturen und lagern Sie es an einem k\u00fchlen und trockenen Ort.<\/strong><\/td>\n<\/tr>\n<tr>\n<td>Personen, die das Produkt nicht verwenden d\u00fcrfen<\/td>\n<td><strong>Minderj\u00e4hrige, schwangere Frauen und Personen, die allergisch auf die Inhaltsstoffe des Produkts reagieren.<\/strong><\/td>\n<\/tr>\n<tr>\n<td>Vorsicht<\/td>\n<td><strong>Verschlucken Sie diese Substanz nicht. Sp\u00fclen Sie bei Verschlucken sofort und gr\u00fcndlich den Mund aus. Wenn Sie sich unwohl f\u00fchlen, suchen Sie einen Arzt auf.  <\/strong><\/td>\n<\/tr>\n<\/tbody>\n<\/table>\n<h3><strong>Fizzy Luxury <\/strong>15000 Puffs Geschmacksrichtungen Liste:<\/h3>\n<ol>\n<li><a href=\"https:\/\/fizzyvape.eu\/product\/fizzy-luxury-blueberry-raspberry-15000-puffs\/\">Heidelbeere-Himbeere<\/a><\/li>\n<li><a href=\"https:\/\/fizzyvape.eu\/de\/produkt\/fizzy-luxury-pfirsich-15000-windbeutel\/\">Pfirsich<\/a><\/li>\n<li><a href=\"https:\/\/fizzyvape.eu\/de\/produkt\/fizzy-luxury-traube-15000-windbeutel\/\">Weintraube<\/a><\/li>\n<li><a href=\"https:\/\/fizzyvape.eu\/de\/produkt\/fizzy-luxury-blaubeere-15000-windbeutel\/\">Blaubeere<\/a><\/li>\n<li><a href=\"https:\/\/fizzyvape.eu\/de\/produkt\/fizzy-luxury-erdbeere-15000-windbeutel\/\">Erdbeere<\/a><\/li>\n<li><a href=\"https:\/\/fizzyvape.eu\/de\/produkt\/fizzy-luxury-sprudelnde-kirsche-15000-windbeutel\/\">Kirsche mit Kohlens\u00e4ure<\/a><\/li>\n<li><a href=\"https:\/\/fizzyvape.eu\/de\/produkt\/fizzy-luxury-himbeerlimonade-15000-puffs\/\">Himbeer-Limonade<\/a><\/li>\n<li><a href=\"https:\/\/fizzyvape.eu\/de\/produkt\/fizzy-luxury-saurer-apfel-15000-windbeutel\/\">Saurer Apfel<\/a><\/li>\n<li><a href=\"https:\/\/fizzyvape.eu\/de\/produkt\/fizzy-luxury-erdbeere-kiwi-granatapfel-15000-puffs\/\">Erdbeere-Kiwi-Granatapfel<\/a><\/li>\n<li><a href=\"https:\/\/fizzyvape.eu\/de\/produkt\/fizzy-luxury-zitrone-limette-15000-windbeutel\/\">Zitrone-Limette<\/a><\/li>\n<li><a href=\"https:\/\/fizzyvape.eu\/de\/produkt\/fizzy-luxury-erdbeer-banane-15000-windbeutel\/\">Erdbeere Banane<\/a><\/li>\n<li><a href=\"https:\/\/fizzyvape.eu\/de\/produkt\/fizzy-luxury-orange-mango-wassermelone-15000-windbeutel\/\">Orange Mango Wassermelone<\/a><\/li>\n<li><a href=\"https:\/\/fizzyvape.eu\/de\/produkt\/fizzy-luxury-red-bull-15000-puffs\/\">Red Bull<\/a><\/li>\n<li><a href=\"https:\/\/fizzyvape.eu\/de\/produkt\/sprudelnde-rosa-luxuslimonade-15000-puffs\/\">Rosa Limonade<\/a><\/li>\n<li><a href=\"https:\/\/fizzyvape.eu\/de\/produkt\/fizzy-luxury-kiwi-passionsfrucht-guave-15000-windbeutel\/\">Kiwi Passionsfrucht Guave<\/a><\/li>\n<\/ol>\n<h3>FAQ \u00fcber Fizzy Luxury Peach 15000 Puffs Vape<\/h3>\n<ol start=\"1\">\n<li><strong>Wie schmeckt die Geschmacksrichtung Fizzy Luxury Peach?<\/strong><br \/>\nDieses Ger\u00e4t ist f\u00fcr mehr als 15.000 Z\u00fcge ausgelegt und bietet damit ein au\u00dfergew\u00f6hnlich lang anhaltendes Dampferlebnis.<\/li>\n<li><strong>Wie viele Z\u00fcge kann ich mit dem Fizzy Luxury Peach 15000 Puffs Ger\u00e4t machen?<\/strong><br \/>\nUnsere Gourmet-Mischung kombiniert 60% s\u00fc\u00dfe Heidelbeere (7\/10 Intensit\u00e4t) mit 40% herber Himbeere (6\/10) f\u00fcr eine perfekte Balance. Die Quarzspirale verbessert die Reinheit des Geschmacks. 92% der Nutzer berichten in Labortests von keinem k\u00fcnstlichen Nachgeschmack. <\/li>\n<li><strong>Wie w\u00e4hle ich zwischen 2% und 5% Nikotin?<\/strong><br \/>\n&#8211; <strong>2% (20mg\/ml):<\/strong> Ideal f\u00fcr gelegentliches\/geselliges Dampfen oder geschmacksbetonte Benutzer<br \/>\n&#8211; <strong>5% (50mg\/ml):<\/strong> Empfohlen f\u00fcr ehemalige Raucher, die eine st\u00e4rkere Befriedigung brauchen<br \/>\nBeide St\u00e4rken verwenden hochwertige Nikotinsalze f\u00fcr eine sanfte Absorption mit minimaler Reizung des Rachens.<\/li>\n<li><strong>H\u00e4lt die Geschmackskonsistenz alle 15.000 Z\u00fcge an?<\/strong><br \/>\nJa! Unsere Quarzspulentechnologie sorgt w\u00e4hrend der gesamten Lebensdauer f\u00fcr eine 95%ige Geschmacksgenauigkeit. Der Metallk\u00f6rper hilft bei der Temperaturregulierung, um eine Verschlechterung des Geschmacks zu verhindern, selbst bei l\u00e4ngeren Sitzungen.  <\/li>\n<\/ol>\n<\/div>\n","protected":false},"excerpt":{"rendered":"<p><strong>Fizzy Luxury Pfirsich 15000 Z\u00fcge<\/strong>: Erleben Sie die Perfektion des Pfirsichs mit der saftigen S\u00fc\u00dfe reifer Pfirsiche und einem Hauch von S\u00e4ure, die von unserer Quarzspule mit un\u00fcbertroffener Sanftheit geliefert wird. Mit einstellbarem Luftstrom und einem hochwertigen Metalldesign. Erh\u00e4ltlich in 2% und 5% Nikotin.  <\/p>\n","protected":false},"featured_media":21268,"comment_status":"open","ping_status":"closed","template":"","meta":{"iawp_total_views":0},"product_brand":[],"product_cat":[328],"product_tag":[329],"class_list":{"0":"post-26161","1":"product","2":"type-product","3":"status-publish","4":"has-post-thumbnail","6":"product_cat-luxury-de","7":"product_tag-15000-zuge","9":"first","10":"outofstock","11":"shipping-taxable","12":"purchasable","13":"product-type-variable"},"yoast_head":"<!-- This site is optimized with the Yoast SEO Premium plugin v24.8 (Yoast SEO v24.8) - https:\/\/yoast.com\/wordpress\/plugins\/seo\/ -->\n<title>Fizzy Luxury Pfirsich - 15000 Windbeutel - fizzyvape.eu<\/title>\n<meta name=\"robots\" content=\"index, follow, max-snippet:-1, max-image-preview:large, max-video-preview:-1\" \/>\n<link rel=\"canonical\" href=\"https:\/\/fizzyvape.eu\/de\/produkt\/fizzy-luxury-pfirsich-15000-windbeutel\/\" \/>\n<meta property=\"og:locale\" content=\"de_DE\" \/>\n<meta property=\"og:type\" content=\"article\" \/>\n<meta property=\"og:title\" content=\"Fizzy Luxury Pfirsich - 15000 Windbeutel\" \/>\n<meta property=\"og:description\" content=\"Fizzy Luxury Pfirsich 15000 Z\u00fcge: Erleben Sie die Perfektion des Pfirsichs mit der saftigen S\u00fc\u00dfe reifer Pfirsiche und einem Hauch von S\u00e4ure, die von unserer Quarzspule mit un\u00fcbertroffener Sanftheit geliefert wird. Mit einstellbarem Luftstrom und einem hochwertigen Metalldesign. Erh\u00e4ltlich in 2% und 5% Nikotin.\" \/>\n<meta property=\"og:url\" content=\"https:\/\/fizzyvape.eu\/de\/produkt\/fizzy-luxury-pfirsich-15000-windbeutel\/\" \/>\n<meta property=\"og:site_name\" content=\"fizzyvape.eu\" \/>\n<meta property=\"og:image\" content=\"https:\/\/www.fizzyvape.eu\/wp-content\/uploads\/2025\/03\/Fizzy-Luxury-Peach-15000puff.jpg\" \/>\n\t<meta property=\"og:image:width\" content=\"1500\" \/>\n\t<meta property=\"og:image:height\" content=\"1500\" \/>\n\t<meta property=\"og:image:type\" content=\"image\/jpeg\" \/>\n<meta name=\"twitter:card\" content=\"summary_large_image\" \/>\n<meta name=\"twitter:label1\" content=\"Verf\u00fcgbarkeit\" \/>\n\t<meta name=\"twitter:data1\" content=\"ausverkauft\" \/>\n<script type=\"application\/ld+json\" class=\"yoast-schema-graph\">{\"@context\":\"https:\/\/schema.org\",\"@graph\":[{\"@type\":\"WebPage\",\"@id\":\"https:\/\/fizzyvape.eu\/de\/produkt\/fizzy-luxury-pfirsich-15000-windbeutel\/\",\"url\":\"https:\/\/fizzyvape.eu\/de\/produkt\/fizzy-luxury-pfirsich-15000-windbeutel\/\",\"name\":\"Fizzy Luxury Pfirsich - 15000 Windbeutel - fizzyvape.eu\",\"isPartOf\":{\"@id\":\"https:\/\/www.fizzyvape.eu\/de\/#website\"},\"primaryImageOfPage\":{\"@id\":\"https:\/\/fizzyvape.eu\/de\/produkt\/fizzy-luxury-pfirsich-15000-windbeutel\/#primaryimage\"},\"image\":{\"@id\":\"https:\/\/fizzyvape.eu\/de\/produkt\/fizzy-luxury-pfirsich-15000-windbeutel\/#primaryimage\"},\"thumbnailUrl\":\"https:\/\/fizzyvape.eu\/wp-content\/uploads\/2025\/03\/Fizzy-Luxury-Peach-15000puff.jpg\",\"datePublished\":\"2025-03-28T08:02:19+00:00\",\"breadcrumb\":{\"@id\":\"https:\/\/fizzyvape.eu\/de\/produkt\/fizzy-luxury-pfirsich-15000-windbeutel\/#breadcrumb\"},\"inLanguage\":\"de\",\"potentialAction\":[{\"@type\":\"ReadAction\",\"target\":[\"https:\/\/fizzyvape.eu\/de\/produkt\/fizzy-luxury-pfirsich-15000-windbeutel\/\"]}]},{\"@type\":\"ImageObject\",\"inLanguage\":\"de\",\"@id\":\"https:\/\/fizzyvape.eu\/de\/produkt\/fizzy-luxury-pfirsich-15000-windbeutel\/#primaryimage\",\"url\":\"https:\/\/fizzyvape.eu\/wp-content\/uploads\/2025\/03\/Fizzy-Luxury-Peach-15000puff.jpg\",\"contentUrl\":\"https:\/\/fizzyvape.eu\/wp-content\/uploads\/2025\/03\/Fizzy-Luxury-Peach-15000puff.jpg\",\"width\":1500,\"height\":1500,\"caption\":\"Fizzy-Luxus-Pfirsich-15000puff\"},{\"@type\":\"BreadcrumbList\",\"@id\":\"https:\/\/fizzyvape.eu\/de\/produkt\/fizzy-luxury-pfirsich-15000-windbeutel\/#breadcrumb\",\"itemListElement\":[{\"@type\":\"ListItem\",\"position\":1,\"name\":\"Home\",\"item\":\"https:\/\/fizzyvape.eu\/de\/\"},{\"@type\":\"ListItem\",\"position\":2,\"name\":\"Shop\",\"item\":\"https:\/\/www.fizzyvape.eu\/de\/shop\/\"},{\"@type\":\"ListItem\",\"position\":3,\"name\":\"Fizzy Luxury Pfirsich &#8211; 15000 Windbeutel\"}]},{\"@type\":\"WebSite\",\"@id\":\"https:\/\/www.fizzyvape.eu\/de\/#website\",\"url\":\"https:\/\/www.fizzyvape.eu\/de\/\",\"name\":\"fizzyvape.eu\",\"description\":\"Refreshing Vapes. Unforgettable Taste.\",\"publisher\":{\"@id\":\"https:\/\/www.fizzyvape.eu\/de\/#organization\"},\"potentialAction\":[{\"@type\":\"SearchAction\",\"target\":{\"@type\":\"EntryPoint\",\"urlTemplate\":\"https:\/\/www.fizzyvape.eu\/de\/?s={search_term_string}\"},\"query-input\":{\"@type\":\"PropertyValueSpecification\",\"valueRequired\":true,\"valueName\":\"search_term_string\"}}],\"inLanguage\":\"de\"},{\"@type\":\"Organization\",\"@id\":\"https:\/\/www.fizzyvape.eu\/de\/#organization\",\"name\":\"fizzyvape.eu\",\"url\":\"https:\/\/www.fizzyvape.eu\/de\/\",\"logo\":{\"@type\":\"ImageObject\",\"inLanguage\":\"de\",\"@id\":\"https:\/\/www.fizzyvape.eu\/de\/#\/schema\/logo\/image\/\",\"url\":\"https:\/\/fizzyvape.eu\/wp-content\/uploads\/2019\/06\/print-1.svg\",\"contentUrl\":\"https:\/\/fizzyvape.eu\/wp-content\/uploads\/2019\/06\/print-1.svg\",\"width\":124,\"height\":37,\"caption\":\"fizzyvape.eu\"},\"image\":{\"@id\":\"https:\/\/www.fizzyvape.eu\/de\/#\/schema\/logo\/image\/\"}}]}<\/script>\n<meta property=\"og:availability\" content=\"out of stock\" \/>\n<meta property=\"product:availability\" content=\"out of stock\" \/>\n<meta property=\"product:condition\" content=\"new\" \/>\n<!-- \/ Yoast SEO Premium plugin. -->","yoast_head_json":{"title":"Fizzy Luxury Pfirsich - 15000 Windbeutel - fizzyvape.eu","robots":{"index":"index","follow":"follow","max-snippet":"max-snippet:-1","max-image-preview":"max-image-preview:large","max-video-preview":"max-video-preview:-1"},"canonical":"https:\/\/fizzyvape.eu\/de\/produkt\/fizzy-luxury-pfirsich-15000-windbeutel\/","og_locale":"de_DE","og_type":"article","og_title":"Fizzy Luxury Pfirsich - 15000 Windbeutel","og_description":"Fizzy Luxury Pfirsich 15000 Z\u00fcge: Erleben Sie die Perfektion des Pfirsichs mit der saftigen S\u00fc\u00dfe reifer Pfirsiche und einem Hauch von S\u00e4ure, die von unserer Quarzspule mit un\u00fcbertroffener Sanftheit geliefert wird. Mit einstellbarem Luftstrom und einem hochwertigen Metalldesign. Erh\u00e4ltlich in 2% und 5% Nikotin.","og_url":"https:\/\/fizzyvape.eu\/de\/produkt\/fizzy-luxury-pfirsich-15000-windbeutel\/","og_site_name":"fizzyvape.eu","og_image":[{"width":1500,"height":1500,"url":"https:\/\/www.fizzyvape.eu\/wp-content\/uploads\/2025\/03\/Fizzy-Luxury-Peach-15000puff.jpg","type":"image\/jpeg"}],"twitter_card":"summary_large_image","twitter_misc":{"Verf\u00fcgbarkeit":"ausverkauft"},"schema":{"@context":"https:\/\/schema.org","@graph":[{"@type":"WebPage","@id":"https:\/\/fizzyvape.eu\/de\/produkt\/fizzy-luxury-pfirsich-15000-windbeutel\/","url":"https:\/\/fizzyvape.eu\/de\/produkt\/fizzy-luxury-pfirsich-15000-windbeutel\/","name":"Fizzy Luxury Pfirsich - 15000 Windbeutel - fizzyvape.eu","isPartOf":{"@id":"https:\/\/www.fizzyvape.eu\/de\/#website"},"primaryImageOfPage":{"@id":"https:\/\/fizzyvape.eu\/de\/produkt\/fizzy-luxury-pfirsich-15000-windbeutel\/#primaryimage"},"image":{"@id":"https:\/\/fizzyvape.eu\/de\/produkt\/fizzy-luxury-pfirsich-15000-windbeutel\/#primaryimage"},"thumbnailUrl":"https:\/\/fizzyvape.eu\/wp-content\/uploads\/2025\/03\/Fizzy-Luxury-Peach-15000puff.jpg","datePublished":"2025-03-28T08:02:19+00:00","breadcrumb":{"@id":"https:\/\/fizzyvape.eu\/de\/produkt\/fizzy-luxury-pfirsich-15000-windbeutel\/#breadcrumb"},"inLanguage":"de","potentialAction":[{"@type":"ReadAction","target":["https:\/\/fizzyvape.eu\/de\/produkt\/fizzy-luxury-pfirsich-15000-windbeutel\/"]}]},{"@type":"ImageObject","inLanguage":"de","@id":"https:\/\/fizzyvape.eu\/de\/produkt\/fizzy-luxury-pfirsich-15000-windbeutel\/#primaryimage","url":"https:\/\/fizzyvape.eu\/wp-content\/uploads\/2025\/03\/Fizzy-Luxury-Peach-15000puff.jpg","contentUrl":"https:\/\/fizzyvape.eu\/wp-content\/uploads\/2025\/03\/Fizzy-Luxury-Peach-15000puff.jpg","width":1500,"height":1500,"caption":"Fizzy-Luxus-Pfirsich-15000puff"},{"@type":"BreadcrumbList","@id":"https:\/\/fizzyvape.eu\/de\/produkt\/fizzy-luxury-pfirsich-15000-windbeutel\/#breadcrumb","itemListElement":[{"@type":"ListItem","position":1,"name":"Home","item":"https:\/\/fizzyvape.eu\/de\/"},{"@type":"ListItem","position":2,"name":"Shop","item":"https:\/\/www.fizzyvape.eu\/de\/shop\/"},{"@type":"ListItem","position":3,"name":"Fizzy Luxury Pfirsich &#8211; 15000 Windbeutel"}]},{"@type":"WebSite","@id":"https:\/\/www.fizzyvape.eu\/de\/#website","url":"https:\/\/www.fizzyvape.eu\/de\/","name":"fizzyvape.eu","description":"Refreshing Vapes. Unforgettable Taste.","publisher":{"@id":"https:\/\/www.fizzyvape.eu\/de\/#organization"},"potentialAction":[{"@type":"SearchAction","target":{"@type":"EntryPoint","urlTemplate":"https:\/\/www.fizzyvape.eu\/de\/?s={search_term_string}"},"query-input":{"@type":"PropertyValueSpecification","valueRequired":true,"valueName":"search_term_string"}}],"inLanguage":"de"},{"@type":"Organization","@id":"https:\/\/www.fizzyvape.eu\/de\/#organization","name":"fizzyvape.eu","url":"https:\/\/www.fizzyvape.eu\/de\/","logo":{"@type":"ImageObject","inLanguage":"de","@id":"https:\/\/www.fizzyvape.eu\/de\/#\/schema\/logo\/image\/","url":"https:\/\/fizzyvape.eu\/wp-content\/uploads\/2019\/06\/print-1.svg","contentUrl":"https:\/\/fizzyvape.eu\/wp-content\/uploads\/2019\/06\/print-1.svg","width":124,"height":37,"caption":"fizzyvape.eu"},"image":{"@id":"https:\/\/www.fizzyvape.eu\/de\/#\/schema\/logo\/image\/"}}]},"og_availability":"out of stock","product_availability":"out of stock","product_condition":"new"},"tiered_pricing_type":"fixed","tiered_pricing_fixed_rules":[],"tiered_pricing_product_settings":{"layout":"default","base_unit_name":{"singular":null,"plural":null},"default_variation":null},"tiered_pricing_minimum_quantity":null,"tiered_pricing_roles_data":[],"tiered_pricing_percentage_rules":[],"tiered_pricing_maximum_quantity":null,"tiered_pricing_quantity_step":null,"_links":{"self":[{"href":"https:\/\/fizzyvape.eu\/de\/wp-json\/wp\/v2\/product\/26161","targetHints":{"allow":["GET"]}}],"collection":[{"href":"https:\/\/fizzyvape.eu\/de\/wp-json\/wp\/v2\/product"}],"about":[{"href":"https:\/\/fizzyvape.eu\/de\/wp-json\/wp\/v2\/types\/product"}],"replies":[{"embeddable":true,"href":"https:\/\/fizzyvape.eu\/de\/wp-json\/wp\/v2\/comments?post=26161"}],"version-history":[{"count":0,"href":"https:\/\/fizzyvape.eu\/de\/wp-json\/wp\/v2\/product\/26161\/revisions"}],"wp:featuredmedia":[{"embeddable":true,"href":"https:\/\/fizzyvape.eu\/de\/wp-json\/wp\/v2\/media\/21268"}],"wp:attachment":[{"href":"https:\/\/fizzyvape.eu\/de\/wp-json\/wp\/v2\/media?parent=26161"}],"wp:term":[{"taxonomy":"product_brand","embeddable":true,"href":"https:\/\/fizzyvape.eu\/de\/wp-json\/wp\/v2\/product_brand?post=26161"},{"taxonomy":"product_cat","embeddable":true,"href":"https:\/\/fizzyvape.eu\/de\/wp-json\/wp\/v2\/product_cat?post=26161"},{"taxonomy":"product_tag","embeddable":true,"href":"https:\/\/fizzyvape.eu\/de\/wp-json\/wp\/v2\/product_tag?post=26161"}],"curies":[{"name":"wp","href":"https:\/\/api.w.org\/{rel}","templated":true}]}}