{"id":26191,"date":"2025-03-26T16:37:27","date_gmt":"2025-03-26T08:37:27","guid":{"rendered":"https:\/\/fizzyvape.eu\/product\/fizzy-great-mango-peach-10000-windbeutel\/"},"modified":"2025-03-26T08:37:27","modified_gmt":"2025-03-26T00:37:27","slug":"fizzy-great-mango-peach-10000-windbeutel","status":"publish","type":"product","link":"https:\/\/fizzyvape.eu\/de\/produkt\/fizzy-great-mango-peach-10000-windbeutel\/","title":{"rendered":"Fizzy Great Mango Peach &#8211; 10000 Windbeutel"},"content":{"rendered":"<div>\n<h3><strong>Fizzy Great Mango Peach 10000 Puffs &#8211; Tropisches Duo-Gl\u00fcck in jedem Puff!<\/strong><\/h3>\n<p>Genie\u00dfen Sie die <strong>perfekte tropische Kombination<\/strong> aus <strong>sonnengereiften Mangos und saftigen Pfirsichen<\/strong> mit <strong>Fizzy Great Mango Peach 10000 Puffs<\/strong>! Dieses hochwertige Einwegprodukt verbindet die <strong>k\u00f6stliche S\u00fc\u00dfe der Mango<\/strong> mit dem <strong>samtigen Geschmack des Pfirsichs<\/strong> und sorgt so f\u00fcr ein unwiderstehlich erfrischendes Dampferlebnis. Genie\u00dfen Sie <strong>10.000 ultrasanfte Z\u00fcge<\/strong> dieses fachm\u00e4nnisch ausbalancierten Geschmacksduos, und das alles in einem <strong>schlanken, wartungsfreien Ger\u00e4t<\/strong>, das Sie direkt aus der Verpackung heraus genie\u00dfen k\u00f6nnen.  <\/p>\n<h2><strong>Wesentliche Merkmale<\/strong><\/h2>\n<p>\u2714 <strong>10.000 Puffs<\/strong> &#8211; Wochenlanges Rauchvergn\u00fcgen<br \/>\n\u2714 <strong>Mango-Pfirsich-Fusion<\/strong> &#8211; Tropische S\u00fc\u00dfe trifft auf saftiges Steinobst<br \/>\n\u2714 <strong>Schlank &amp; tragbar<\/strong> &#8211; Kompaktes, taschenfreundliches Design (53\u00d730\u00d785.3mm)<br \/>\n\u2714 <strong>Vorgef\u00fcllt &amp; vorgeladen<\/strong> &#8211; 18mL e-Fl\u00fcssigkeit | 650mAh Akku<br \/>\n\u2714 <strong>Mesh Coil Technologie<\/strong> &#8211; Reichhaltiger, gleichm\u00e4\u00dfiger Geschmack &amp; dichte Wolken <\/p>\n<h3><strong>Warum Fizzy Great w\u00e4hlen?<\/strong><\/h3>\n<p>\ud83e\udd6d <strong>Tropisches Premium-Aroma<\/strong> &#8211; Laborgetestet f\u00fcr authentischen Fruchtgeschmack<br \/>\n\ud83d\udd0b <strong>Ganzt\u00e4gige Leistung<\/strong> &#8211; Massive E-Liquid-Kapazit\u00e4t &amp; langlebige Batterie<br \/>\n\u2708\ufe0f <strong>Reisefreundlich<\/strong> &#8211; Auslaufsicher &amp; TSA-konform (wo erlaubt)<br \/>\n\u26a1 <strong>Sofortige Befriedigung<\/strong> &#8211; Kein Aufladen oder Nachf\u00fcllen erforderlich <\/p>\n<h3>Paket Inhalt<\/h3>\n<p>1 \u00d7 Fizzy Great Mango Pfirsich 10000 Windbeutel Ger\u00e4t<\/p>\n<\/div>\n<div>\n<h3>Spezifikationen<\/h3>\n<table>\n<tbody>\n<tr>\n<td>Puffs<\/td>\n<td><strong>10000+ Puffs<\/strong><\/td>\n<\/tr>\n<tr>\n<td>E-Liquid Kapazit\u00e4t<\/td>\n<td><strong>18ml<\/strong><\/td>\n<\/tr>\n<tr>\n<td>Akku-Kapazit\u00e4t<\/td>\n<td><strong>650mAh<\/strong><\/td>\n<\/tr>\n<tr>\n<td>Mesh-Spule<\/td>\n<td><strong>1.4\u03a9<\/strong><\/td>\n<\/tr>\n<tr>\n<td>Gr\u00f6\u00dfe<\/td>\n<td><strong>53*30*85.3mm<\/strong><\/td>\n<\/tr>\n<tr>\n<td>Wegwerfbar oder nicht<\/td>\n<td><strong>Einweg<\/strong><\/td>\n<\/tr>\n<tr>\n<td>Methode zum Aufladen<\/td>\n<td><strong>Kabel<\/strong><\/td>\n<\/tr>\n<tr>\n<td>Aktivierungsmethode<\/td>\n<td><strong>Sensor<\/strong><\/td>\n<\/tr>\n<tr>\n<td>Nikotingehalt<\/td>\n<td><strong>5%(50mg\/ml)<\/strong><\/td>\n<\/tr>\n<tr>\n<td>Geschm\u00e4cker<\/td>\n<td><strong>10<\/strong><\/td>\n<\/tr>\n<tr>\n<td>Packung<\/td>\n<td><strong>1 Packung<\/strong><\/td>\n<\/tr>\n<tr>\n<td>Aufladezeit<\/td>\n<td><strong>2 Stunden<\/strong><\/td>\n<\/tr>\n<tr>\n<td>Lagerung<\/td>\n<td><strong>Vermeiden Sie hohe Temperaturen und lagern Sie es an einem k\u00fchlen und trockenen Ort.<\/strong><\/td>\n<\/tr>\n<tr>\n<td>Personen, die das Produkt nicht verwenden d\u00fcrfen<\/td>\n<td><strong>Minderj\u00e4hrige, schwangere Frauen und Personen, die allergisch auf die Inhaltsstoffe des Produkts reagieren.<\/strong><\/td>\n<\/tr>\n<tr>\n<td>Vorsicht<\/td>\n<td><strong>Verschlucken Sie diese Substanz nicht. Sp\u00fclen Sie bei Verschlucken sofort und gr\u00fcndlich den Mund aus. Wenn Sie sich unwohl f\u00fchlen, suchen Sie einen Arzt auf.  <\/strong><\/td>\n<\/tr>\n<\/tbody>\n<\/table>\n<h3><strong>Fizzy Great<\/strong> 10000 Puffs Geschmacksrichtungen Liste:<\/h3>\n<ol>\n<li><a href=\"https:\/\/fizzyvape.eu\/product\/fizzy-great-watermelon-10000-puffs\/\">Wassermelone<\/a><\/li>\n<li><a href=\"https:\/\/fizzyvape.eu\/product\/fizzy-great-blueberry-ice-10000-puffs\/\">Heidelbeere Eis<\/a><\/li>\n<li><a href=\"https:\/\/fizzyvape.eu\/product\/fizzy-great-grape-ice-10000-puffs\/\">Traubeneis<\/a><\/li>\n<li><a href=\"https:\/\/fizzyvape.eu\/product\/fizzy-great-lychee-lemon-10000-puffs\/\">Lychee-Zitrone<\/a><\/li>\n<li><a href=\"https:\/\/fizzyvape.eu\/product\/fizzy-great-pineapple-peach-passion-fruit-10000-puffs\/\">Ananas Pfirsich Passionsfrucht<\/a><\/li>\n<li><a href=\"https:\/\/fizzyvape.eu\/product\/fizzy-great-raspberry-grape-10000-puffs\/\">Himbeere Traube<\/a><\/li>\n<li><a href=\"https:\/\/fizzyvape.eu\/de\/produkt\/fizzy-great-peach-10000-zuege\/\">Pfirsich<\/a><\/li>\n<li><a href=\"https:\/\/fizzyvape.eu\/de\/produkt\/fizzy-great-mango-peach-10000-windbeutel\/\">Mango Pfirsich<\/a><\/li>\n<li><a href=\"https:\/\/fizzyvape.eu\/product\/fizzy-great-mixed-berry-10000-puffs\/\">Gemischte Beere<\/a><\/li>\n<li><a href=\"https:\/\/fizzyvape.eu\/product\/fizzy-great-watermelon-strawberry-lemonade-10000-puffs\/\">Wassermelone-Erdbeer-Limonade<\/a><\/li>\n<\/ol>\n<h3><strong>FAQ \u00fcber <\/strong><strong>Fizzy Great Mango Pfirsich 10000 Z\u00fcge <\/strong><strong>Verdampfen<\/strong><\/h3>\n<ol start=\"1\">\n<li><strong>Wie viele Tage werden die 10.000 Z\u00fcge reichen?<\/strong><br \/>\nNormalerweise 1-3 Wochen (500-700 Z\u00fcge\/Tag). Leichte Nutzer genie\u00dfen 3+ Wochen! <\/li>\n<li><strong>Ist der Geschmack von Mango oder Pfirsich dominanter?<\/strong><br \/>\nEs ist eine perfekte Harmonie! Sie werden <strong>zuerst<\/strong> die <strong>tropische S\u00fc\u00dfe der Mango<\/strong> schmecken, gefolgt von einem <strong>sanften Pfirsich-Finish &#8211; keiner<\/strong>\u00fcberlagert den anderen. <\/li>\n<li><strong>Muss dieses Ger\u00e4t gewartet werden?<\/strong><br \/>\nGanz und gar nicht! Die Fizzy Great Grape Ice ist ein kompletter Einwegdampfer, der nicht aufgeladen, nachgef\u00fcllt oder gewechselt werden muss. Verwenden Sie sie einfach direkt aus der Packung, bis sie aufgebraucht ist.  <\/li>\n<li><strong>Welche Nikotinst\u00e4rke ist verf\u00fcgbar?<\/strong><br \/>\nDieses Ger\u00e4t enth\u00e4lt 5 % (50 mg) Nikotinsalz, das f\u00fcr einen befriedigenden Kehlkopfschlag ohne H\u00e4rte sorgt.<\/li>\n<li><strong>Ist dies f\u00fcr ganzt\u00e4giges Dampfen geeignet?<\/strong><br \/>\nAuf jeden Fall! Das Fassungsverm\u00f6gen von 18 ml e-Liquid und der 650-mAh-Akku sind f\u00fcr den ganzt\u00e4gigen Gebrauch konzipiert. Die meisten Nutzer finden, dass ein Ger\u00e4t f\u00fcr ihre t\u00e4glichen Aktivit\u00e4ten ausreicht, ohne dass sie ein Backup ben\u00f6tigen.  <\/li>\n<\/ol>\n<\/div>\n","protected":false},"excerpt":{"rendered":"<p><strong>Fizzy Great Mango Peach 10000 Puffs<\/strong> &#8211; Eine <strong>tropische Geschmacksexplosion<\/strong> mit einer Mischung aus <strong>saftiger Mango<\/strong> und <strong>samtigem Pfirsich<\/strong> in jedem Zug! Genie\u00dfen Sie <strong>10.000 ultra-sanfte Z\u00fcge<\/strong> dieses perfekt ausbalancierten Duos, angetrieben von der <strong>Mesh-Coil-Technologie<\/strong> f\u00fcr reichhaltigen, gleichm\u00e4\u00dfigen Dampf. <strong>Vorgef\u00fcllt, vorgeladen und bereit zum Dampfen &#8211; keine<\/strong>Wartung, nur pures tropisches Gl\u00fcck in einem schlanken, tragbaren Design. <\/p>\n","protected":false},"featured_media":20228,"comment_status":"open","ping_status":"closed","template":"","meta":{"iawp_total_views":0},"product_brand":[],"product_cat":[290],"product_tag":[291,360],"class_list":{"0":"post-26191","1":"product","2":"type-product","3":"status-publish","4":"has-post-thumbnail","6":"product_cat-great-de","7":"product_tag-10000-zuge","8":"product_tag-mango-pfirsich","10":"first","11":"outofstock","12":"shipping-taxable","13":"purchasable","14":"product-type-variable"},"yoast_head":"<!-- This site is optimized with the Yoast SEO Premium plugin v24.8 (Yoast SEO v24.8) - https:\/\/yoast.com\/wordpress\/plugins\/seo\/ -->\n<title>Fizzy Great Mango Peach - 10000 Windbeutel - fizzyvape.eu<\/title>\n<meta name=\"robots\" content=\"index, follow, max-snippet:-1, max-image-preview:large, max-video-preview:-1\" \/>\n<link rel=\"canonical\" href=\"https:\/\/fizzyvape.eu\/de\/produkt\/fizzy-great-mango-peach-10000-windbeutel\/\" \/>\n<meta property=\"og:locale\" content=\"de_DE\" \/>\n<meta property=\"og:type\" content=\"article\" \/>\n<meta property=\"og:title\" content=\"Fizzy Great Mango Peach - 10000 Windbeutel\" \/>\n<meta property=\"og:description\" content=\"Fizzy Great Mango Peach 10000 Puffs - Eine tropische Geschmacksexplosion mit einer Mischung aus saftiger Mango und samtigem Pfirsich in jedem Zug! Genie\u00dfen Sie 10.000 ultra-sanfte Z\u00fcge dieses perfekt ausbalancierten Duos, angetrieben von der Mesh-Coil-Technologie f\u00fcr reichhaltigen, gleichm\u00e4\u00dfigen Dampf. Vorgef\u00fcllt, vorgeladen und bereit zum Dampfen - keineWartung, nur pures tropisches Gl\u00fcck in einem schlanken, tragbaren Design.\" \/>\n<meta property=\"og:url\" content=\"https:\/\/fizzyvape.eu\/de\/produkt\/fizzy-great-mango-peach-10000-windbeutel\/\" \/>\n<meta property=\"og:site_name\" content=\"fizzyvape.eu\" \/>\n<meta property=\"og:image\" content=\"https:\/\/www.fizzyvape.eu\/wp-content\/uploads\/2025\/03\/FizzyVape-Great-Mango-Peach-10000puff.jpg\" \/>\n\t<meta property=\"og:image:width\" content=\"1057\" \/>\n\t<meta property=\"og:image:height\" content=\"1037\" \/>\n\t<meta property=\"og:image:type\" content=\"image\/jpeg\" \/>\n<meta name=\"twitter:card\" content=\"summary_large_image\" \/>\n<meta name=\"twitter:label1\" content=\"Verf\u00fcgbarkeit\" \/>\n\t<meta name=\"twitter:data1\" content=\"ausverkauft\" \/>\n<script type=\"application\/ld+json\" class=\"yoast-schema-graph\">{\"@context\":\"https:\/\/schema.org\",\"@graph\":[{\"@type\":\"WebPage\",\"@id\":\"https:\/\/fizzyvape.eu\/de\/produkt\/fizzy-great-mango-peach-10000-windbeutel\/\",\"url\":\"https:\/\/fizzyvape.eu\/de\/produkt\/fizzy-great-mango-peach-10000-windbeutel\/\",\"name\":\"Fizzy Great Mango Peach - 10000 Windbeutel - fizzyvape.eu\",\"isPartOf\":{\"@id\":\"https:\/\/www.fizzyvape.eu\/de\/#website\"},\"primaryImageOfPage\":{\"@id\":\"https:\/\/fizzyvape.eu\/de\/produkt\/fizzy-great-mango-peach-10000-windbeutel\/#primaryimage\"},\"image\":{\"@id\":\"https:\/\/fizzyvape.eu\/de\/produkt\/fizzy-great-mango-peach-10000-windbeutel\/#primaryimage\"},\"thumbnailUrl\":\"https:\/\/fizzyvape.eu\/wp-content\/uploads\/2025\/03\/FizzyVape-Great-Mango-Peach-10000puff.jpg\",\"datePublished\":\"2025-03-26T08:37:27+00:00\",\"breadcrumb\":{\"@id\":\"https:\/\/fizzyvape.eu\/de\/produkt\/fizzy-great-mango-peach-10000-windbeutel\/#breadcrumb\"},\"inLanguage\":\"de\",\"potentialAction\":[{\"@type\":\"ReadAction\",\"target\":[\"https:\/\/fizzyvape.eu\/de\/produkt\/fizzy-great-mango-peach-10000-windbeutel\/\"]}]},{\"@type\":\"ImageObject\",\"inLanguage\":\"de\",\"@id\":\"https:\/\/fizzyvape.eu\/de\/produkt\/fizzy-great-mango-peach-10000-windbeutel\/#primaryimage\",\"url\":\"https:\/\/fizzyvape.eu\/wp-content\/uploads\/2025\/03\/FizzyVape-Great-Mango-Peach-10000puff.jpg\",\"contentUrl\":\"https:\/\/fizzyvape.eu\/wp-content\/uploads\/2025\/03\/FizzyVape-Great-Mango-Peach-10000puff.jpg\",\"width\":1057,\"height\":1037,\"caption\":\"FizzyVape-Gro\u00dfer-Mango-Pfirsich-10000puff\"},{\"@type\":\"BreadcrumbList\",\"@id\":\"https:\/\/fizzyvape.eu\/de\/produkt\/fizzy-great-mango-peach-10000-windbeutel\/#breadcrumb\",\"itemListElement\":[{\"@type\":\"ListItem\",\"position\":1,\"name\":\"Home\",\"item\":\"https:\/\/fizzyvape.eu\/de\/\"},{\"@type\":\"ListItem\",\"position\":2,\"name\":\"Shop\",\"item\":\"https:\/\/www.fizzyvape.eu\/de\/shop\/\"},{\"@type\":\"ListItem\",\"position\":3,\"name\":\"Fizzy Great Mango Peach &#8211; 10000 Windbeutel\"}]},{\"@type\":\"WebSite\",\"@id\":\"https:\/\/www.fizzyvape.eu\/de\/#website\",\"url\":\"https:\/\/www.fizzyvape.eu\/de\/\",\"name\":\"fizzyvape.eu\",\"description\":\"Refreshing Vapes. Unforgettable Taste.\",\"publisher\":{\"@id\":\"https:\/\/www.fizzyvape.eu\/de\/#organization\"},\"potentialAction\":[{\"@type\":\"SearchAction\",\"target\":{\"@type\":\"EntryPoint\",\"urlTemplate\":\"https:\/\/www.fizzyvape.eu\/de\/?s={search_term_string}\"},\"query-input\":{\"@type\":\"PropertyValueSpecification\",\"valueRequired\":true,\"valueName\":\"search_term_string\"}}],\"inLanguage\":\"de\"},{\"@type\":\"Organization\",\"@id\":\"https:\/\/www.fizzyvape.eu\/de\/#organization\",\"name\":\"fizzyvape.eu\",\"url\":\"https:\/\/www.fizzyvape.eu\/de\/\",\"logo\":{\"@type\":\"ImageObject\",\"inLanguage\":\"de\",\"@id\":\"https:\/\/www.fizzyvape.eu\/de\/#\/schema\/logo\/image\/\",\"url\":\"https:\/\/fizzyvape.eu\/wp-content\/uploads\/2019\/06\/print-1.svg\",\"contentUrl\":\"https:\/\/fizzyvape.eu\/wp-content\/uploads\/2019\/06\/print-1.svg\",\"width\":124,\"height\":37,\"caption\":\"fizzyvape.eu\"},\"image\":{\"@id\":\"https:\/\/www.fizzyvape.eu\/de\/#\/schema\/logo\/image\/\"}}]}<\/script>\n<meta property=\"og:availability\" content=\"out of stock\" \/>\n<meta property=\"product:availability\" content=\"out of stock\" \/>\n<meta property=\"product:condition\" content=\"new\" \/>\n<!-- \/ Yoast SEO Premium plugin. -->","yoast_head_json":{"title":"Fizzy Great Mango Peach - 10000 Windbeutel - fizzyvape.eu","robots":{"index":"index","follow":"follow","max-snippet":"max-snippet:-1","max-image-preview":"max-image-preview:large","max-video-preview":"max-video-preview:-1"},"canonical":"https:\/\/fizzyvape.eu\/de\/produkt\/fizzy-great-mango-peach-10000-windbeutel\/","og_locale":"de_DE","og_type":"article","og_title":"Fizzy Great Mango Peach - 10000 Windbeutel","og_description":"Fizzy Great Mango Peach 10000 Puffs - Eine tropische Geschmacksexplosion mit einer Mischung aus saftiger Mango und samtigem Pfirsich in jedem Zug! Genie\u00dfen Sie 10.000 ultra-sanfte Z\u00fcge dieses perfekt ausbalancierten Duos, angetrieben von der Mesh-Coil-Technologie f\u00fcr reichhaltigen, gleichm\u00e4\u00dfigen Dampf. Vorgef\u00fcllt, vorgeladen und bereit zum Dampfen - keineWartung, nur pures tropisches Gl\u00fcck in einem schlanken, tragbaren Design.","og_url":"https:\/\/fizzyvape.eu\/de\/produkt\/fizzy-great-mango-peach-10000-windbeutel\/","og_site_name":"fizzyvape.eu","og_image":[{"width":1057,"height":1037,"url":"https:\/\/www.fizzyvape.eu\/wp-content\/uploads\/2025\/03\/FizzyVape-Great-Mango-Peach-10000puff.jpg","type":"image\/jpeg"}],"twitter_card":"summary_large_image","twitter_misc":{"Verf\u00fcgbarkeit":"ausverkauft"},"schema":{"@context":"https:\/\/schema.org","@graph":[{"@type":"WebPage","@id":"https:\/\/fizzyvape.eu\/de\/produkt\/fizzy-great-mango-peach-10000-windbeutel\/","url":"https:\/\/fizzyvape.eu\/de\/produkt\/fizzy-great-mango-peach-10000-windbeutel\/","name":"Fizzy Great Mango Peach - 10000 Windbeutel - fizzyvape.eu","isPartOf":{"@id":"https:\/\/www.fizzyvape.eu\/de\/#website"},"primaryImageOfPage":{"@id":"https:\/\/fizzyvape.eu\/de\/produkt\/fizzy-great-mango-peach-10000-windbeutel\/#primaryimage"},"image":{"@id":"https:\/\/fizzyvape.eu\/de\/produkt\/fizzy-great-mango-peach-10000-windbeutel\/#primaryimage"},"thumbnailUrl":"https:\/\/fizzyvape.eu\/wp-content\/uploads\/2025\/03\/FizzyVape-Great-Mango-Peach-10000puff.jpg","datePublished":"2025-03-26T08:37:27+00:00","breadcrumb":{"@id":"https:\/\/fizzyvape.eu\/de\/produkt\/fizzy-great-mango-peach-10000-windbeutel\/#breadcrumb"},"inLanguage":"de","potentialAction":[{"@type":"ReadAction","target":["https:\/\/fizzyvape.eu\/de\/produkt\/fizzy-great-mango-peach-10000-windbeutel\/"]}]},{"@type":"ImageObject","inLanguage":"de","@id":"https:\/\/fizzyvape.eu\/de\/produkt\/fizzy-great-mango-peach-10000-windbeutel\/#primaryimage","url":"https:\/\/fizzyvape.eu\/wp-content\/uploads\/2025\/03\/FizzyVape-Great-Mango-Peach-10000puff.jpg","contentUrl":"https:\/\/fizzyvape.eu\/wp-content\/uploads\/2025\/03\/FizzyVape-Great-Mango-Peach-10000puff.jpg","width":1057,"height":1037,"caption":"FizzyVape-Gro\u00dfer-Mango-Pfirsich-10000puff"},{"@type":"BreadcrumbList","@id":"https:\/\/fizzyvape.eu\/de\/produkt\/fizzy-great-mango-peach-10000-windbeutel\/#breadcrumb","itemListElement":[{"@type":"ListItem","position":1,"name":"Home","item":"https:\/\/fizzyvape.eu\/de\/"},{"@type":"ListItem","position":2,"name":"Shop","item":"https:\/\/www.fizzyvape.eu\/de\/shop\/"},{"@type":"ListItem","position":3,"name":"Fizzy Great Mango Peach &#8211; 10000 Windbeutel"}]},{"@type":"WebSite","@id":"https:\/\/www.fizzyvape.eu\/de\/#website","url":"https:\/\/www.fizzyvape.eu\/de\/","name":"fizzyvape.eu","description":"Refreshing Vapes. Unforgettable Taste.","publisher":{"@id":"https:\/\/www.fizzyvape.eu\/de\/#organization"},"potentialAction":[{"@type":"SearchAction","target":{"@type":"EntryPoint","urlTemplate":"https:\/\/www.fizzyvape.eu\/de\/?s={search_term_string}"},"query-input":{"@type":"PropertyValueSpecification","valueRequired":true,"valueName":"search_term_string"}}],"inLanguage":"de"},{"@type":"Organization","@id":"https:\/\/www.fizzyvape.eu\/de\/#organization","name":"fizzyvape.eu","url":"https:\/\/www.fizzyvape.eu\/de\/","logo":{"@type":"ImageObject","inLanguage":"de","@id":"https:\/\/www.fizzyvape.eu\/de\/#\/schema\/logo\/image\/","url":"https:\/\/fizzyvape.eu\/wp-content\/uploads\/2019\/06\/print-1.svg","contentUrl":"https:\/\/fizzyvape.eu\/wp-content\/uploads\/2019\/06\/print-1.svg","width":124,"height":37,"caption":"fizzyvape.eu"},"image":{"@id":"https:\/\/www.fizzyvape.eu\/de\/#\/schema\/logo\/image\/"}}]},"og_availability":"out of stock","product_availability":"out of stock","product_condition":"new"},"tiered_pricing_type":"fixed","tiered_pricing_fixed_rules":[],"tiered_pricing_product_settings":{"layout":"default","base_unit_name":{"singular":null,"plural":null},"default_variation":null},"tiered_pricing_minimum_quantity":null,"tiered_pricing_roles_data":[],"tiered_pricing_percentage_rules":[],"tiered_pricing_maximum_quantity":null,"tiered_pricing_quantity_step":null,"_links":{"self":[{"href":"https:\/\/fizzyvape.eu\/de\/wp-json\/wp\/v2\/product\/26191","targetHints":{"allow":["GET"]}}],"collection":[{"href":"https:\/\/fizzyvape.eu\/de\/wp-json\/wp\/v2\/product"}],"about":[{"href":"https:\/\/fizzyvape.eu\/de\/wp-json\/wp\/v2\/types\/product"}],"replies":[{"embeddable":true,"href":"https:\/\/fizzyvape.eu\/de\/wp-json\/wp\/v2\/comments?post=26191"}],"version-history":[{"count":0,"href":"https:\/\/fizzyvape.eu\/de\/wp-json\/wp\/v2\/product\/26191\/revisions"}],"wp:featuredmedia":[{"embeddable":true,"href":"https:\/\/fizzyvape.eu\/de\/wp-json\/wp\/v2\/media\/20228"}],"wp:attachment":[{"href":"https:\/\/fizzyvape.eu\/de\/wp-json\/wp\/v2\/media?parent=26191"}],"wp:term":[{"taxonomy":"product_brand","embeddable":true,"href":"https:\/\/fizzyvape.eu\/de\/wp-json\/wp\/v2\/product_brand?post=26191"},{"taxonomy":"product_cat","embeddable":true,"href":"https:\/\/fizzyvape.eu\/de\/wp-json\/wp\/v2\/product_cat?post=26191"},{"taxonomy":"product_tag","embeddable":true,"href":"https:\/\/fizzyvape.eu\/de\/wp-json\/wp\/v2\/product_tag?post=26191"}],"curies":[{"name":"wp","href":"https:\/\/api.w.org\/{rel}","templated":true}]}}