{"id":26275,"date":"2025-03-26T17:37:12","date_gmt":"2025-03-26T09:37:12","guid":{"rendered":"https:\/\/fizzyvape.eu\/product\/fizzy-pandora-mango-12000-zuege\/"},"modified":"2025-03-26T17:37:12","modified_gmt":"2025-03-26T09:37:12","slug":"fizzy-pandora-mango-12000-zuege","status":"publish","type":"product","link":"https:\/\/fizzyvape.eu\/de\/produkt\/fizzy-pandora-mango-12000-zuege\/","title":{"rendered":"Fizzy Pandora Mango &#8211; 12000 Z\u00fcge"},"content":{"rendered":"<div>\n<h2><strong>Fizzy Pandora Mango 12000 Puffs &#8211; Ultimatives Einweg-Vape-Erlebnis<\/strong><\/h2>\n<p>Genie\u00dfen Sie das tropische Paradies mit <strong>Fizzy Pandora Mango 12000 Puffs<\/strong> &#8211; ein Premium-Einwegger\u00e4t, das f\u00fcr lang anhaltenden Geschmack und sanfte Befriedigung entwickelt wurde. Mit <strong>12.000 Z\u00fcgen<\/strong> liefert dieses schlanke und tragbare Ger\u00e4t eine Explosion von saftiger Mango mit einer prickelnden Note, die f\u00fcr ein unvergessliches Dampferlebnis sorgt. <\/p>\n<h2><strong>Wesentliche Merkmale<\/strong><\/h2>\n<p>\u2714 <strong>12.000 ultra-lange Z\u00fcge<\/strong> &#8211; Genie\u00dfen Sie langes Dampfen ohne h\u00e4ufiges Nachf\u00fcllen.<br \/>\n\u2714 <strong>Reichhaltiger &amp; erfrischender Geschmack<\/strong> &#8211; S\u00fc\u00dfe, spritzige Mango mit einem prickelnden, sprudelnden Abgang.<br \/>\n\u2714 <strong>Sanfter &amp; gleichm\u00e4\u00dfiger Zug<\/strong> &#8211; Fortschrittliche Mesh-Coil-Technologie f\u00fcr optimalen Geschmack und Dampfproduktion.<br \/>\n\u2714 <strong>Schlank &amp; tragbar<\/strong> &#8211; Leichtes, taschenfreundliches Design f\u00fcr das Dampfen unterwegs.<br \/>\n\u2714 <strong>Keine Wartung erforderlich<\/strong> &#8211; Sofort einsatzbereit &#8211; kein Nachf\u00fcllen oder Spulenwechsel erforderlich.<\/p>\n<h3><strong>Warum sollten Sie Fizzy Pandora Mango 12000 Puffs w\u00e4hlen?<\/strong><\/h3>\n<p>\ud83c\udf34 <strong>Langlebigkeit<\/strong> &#8211; Ein Ger\u00e4t h\u00e4lt l\u00e4nger als herk\u00f6mmliche Einwegprodukte.<br \/>\n\u26a1 <strong>Leistungsstark und wiederaufladbar<\/strong> &#8211; Machen Sie sich keine Sorgen \u00fcber die Lebensdauer der Batterie.<br \/>\n\ud83c\udf79 <strong>Exotischer Geschmack<\/strong> &#8211; Eine perfekte Balance aus S\u00fc\u00dfe und Sprudel.<br \/>\n\ud83d\udca8 <strong>Sanft &amp; befriedigend<\/strong> &#8211; Hochwertige Nikotinsalze f\u00fcr einen sanften Kehlkopfschlag.<\/p>\n<h3>Paket Inhalt<\/h3>\n<p>1 \u00d7 Fizzy Pandora Mango12000 Puffs Ger\u00e4t<\/p>\n<\/div>\n<div>\n<h3>Spezifikationen<\/h3>\n<table>\n<tbody>\n<tr>\n<td>Puffs<\/td>\n<td><strong>12000+ Puffs<\/strong><\/td>\n<\/tr>\n<tr>\n<td>E-Liquid Kapazit\u00e4t<\/td>\n<td><strong>20ml<\/strong><\/td>\n<\/tr>\n<tr>\n<td>Akku-Kapazit\u00e4t<\/td>\n<td><strong>650mAh<\/strong><\/td>\n<\/tr>\n<tr>\n<td>Mesh-Spule<\/td>\n<td><strong>1.4\u03a9<\/strong><\/td>\n<\/tr>\n<tr>\n<td>Gr\u00f6\u00dfe<\/td>\n<td><strong>48*20.6*88mm<\/strong><\/td>\n<\/tr>\n<tr>\n<td>Wegwerfbar oder nicht<\/td>\n<td><strong>Einweg<\/strong><\/td>\n<\/tr>\n<tr>\n<td>Methode zum Aufladen<\/td>\n<td><strong>Kabel<\/strong><\/td>\n<\/tr>\n<tr>\n<td>Aktivierungsmethode<\/td>\n<td><strong>Sensor<\/strong><\/td>\n<\/tr>\n<tr>\n<td>Nikotingehalt<\/td>\n<td><strong>5%(50mg\/ml)<\/strong><\/td>\n<\/tr>\n<tr>\n<td>Geschm\u00e4cker<\/td>\n<td><strong>12<\/strong><\/td>\n<\/tr>\n<tr>\n<td>Packung<\/td>\n<td><strong>1 Packung<\/strong><\/td>\n<\/tr>\n<tr>\n<td>Aufladezeit<\/td>\n<td><strong>2 Stunden<\/strong><\/td>\n<\/tr>\n<tr>\n<td>Lagerung<\/td>\n<td><strong>Vermeiden Sie hohe Temperaturen und lagern Sie es an einem k\u00fchlen und trockenen Ort.<\/strong><\/td>\n<\/tr>\n<tr>\n<td>Personen, die das Produkt nicht verwenden d\u00fcrfen<\/td>\n<td><strong>Minderj\u00e4hrige, schwangere Frauen und Personen, die allergisch auf die Inhaltsstoffe des Produkts reagieren.<\/strong><\/td>\n<\/tr>\n<tr>\n<td>Vorsicht<\/td>\n<td><strong>Verschlucken Sie diese Substanz nicht. Sp\u00fclen Sie bei Verschlucken sofort und gr\u00fcndlich den Mund aus. Wenn Sie sich unwohl f\u00fchlen, suchen Sie einen Arzt auf.  <\/strong><\/td>\n<\/tr>\n<\/tbody>\n<\/table>\n<h3><strong>Fizzy Pandora <\/strong>12000 Puffs Geschmacksrichtungen Liste:<\/h3>\n<ol>\n<li><a href=\"https:\/\/fizzyvape.eu\/product\/fizzy-pandora-watermelon-12000-puffs\/\">Wassermelone<\/a><\/li>\n<li><a href=\"https:\/\/fizzyvape.eu\/de\/produkt\/fizzy-pandora-mango-12000-zuege\/\">Mango<\/a><\/li>\n<li><a href=\"https:\/\/fizzyvape.eu\/product\/fizzy-pandora-grape-12000-puffs\/\">Weintraube<\/a><\/li>\n<li><a href=\"https:\/\/fizzyvape.eu\/product\/fizzy-pandora-pomegranate-12000-puffs\/\">Granatapfel<\/a><\/li>\n<li><a href=\"https:\/\/fizzyvape.eu\/product\/fizzy-pandora-peach-12000-puffs\/\">Pfirsich<\/a><\/li>\n<li><a href=\"https:\/\/fizzyvape.eu\/product\/fizzy-pandora-blueberry-raspberry-12000-puffs\/\">Heidelbeere-Himbeere<\/a><\/li>\n<li><a href=\"https:\/\/fizzyvape.eu\/product\/fizzy-pandora-orange-mango-watermelon-12000-puffs\/\">Orange Mango Wassermelone<\/a><\/li>\n<li><a href=\"https:\/\/fizzyvape.eu\/product\/fizzy-pandora-ice-mint-12000-puffs\/\">Eis-Minze<\/a><\/li>\n<li><a href=\"https:\/\/fizzyvape.eu\/product\/fizzy-pandora-strawberry-kiwi-pomegranate-12000-puffs\/\">Erdbeere-Kiwi-Granatapfel<\/a><\/li>\n<li><a href=\"https:\/\/fizzyvape.eu\/product\/fizzy-pandora-blueberry-12000-puffs\/\">Blaubeere<\/a><\/li>\n<li><a href=\"https:\/\/fizzyvape.eu\/de\/produkt\/fizzy-pandora-erdbeere-12000-windbeutel\/\">Erdbeere<\/a><\/li>\n<li><a href=\"https:\/\/fizzyvape.eu\/product\/fizzy-pandora-watermelon-blueberry-12000-puffs\/\">Wassermelone Blaubeere<\/a><\/li>\n<\/ol>\n<h3><strong>FAQ \u00fcber <\/strong><strong>Fizzy Pandora Mango 12000 Z\u00fcge <\/strong><strong>Verdampfen<\/strong><\/h3>\n<h4><strong>1. Wie lange sind die Fizzy Pandora Mango 12000 Puffs haltbar?<\/strong><\/h4>\n<p>Das Ger\u00e4t liefert etwa <strong>12.000 Z\u00fcge<\/strong>, abh\u00e4ngig von den Nutzungsgewohnheiten. F\u00fcr durchschnittliche Dampfer kann das <strong>mehrere Wochen<\/strong> reichen. Der eingebaute <strong>650mAh-Akku<\/strong> und die <strong>12mL E-Liquid-Kapazit\u00e4t<\/strong> sorgen f\u00fcr eine l\u00e4ngere Nutzung.  <\/p>\n<h4><strong>2. Ist dieses Ger\u00e4t wiederaufladbar?<\/strong><\/h4>\n<p>Ja! Im Gegensatz zu vielen Einwegprodukten verf\u00fcgt die <strong>Fizzy Pandora Mango 12000 Puffs<\/strong> \u00fcber einen <strong>USB-C-Akku<\/strong>, so dass Sie jeden einzelnen Tropfen des E-Liquids genie\u00dfen k\u00f6nnen, ohne Strom zu verschwenden. <\/p>\n<h4><strong>3. Welche Nikotinst\u00e4rke wird verwendet?<\/strong><\/h4>\n<p>Dieses Ger\u00e4t enth\u00e4lt <strong>5% (50mg) Nikotinsalz als E-Liquid<\/strong> und bietet einen sanften und dennoch befriedigenden Kehlkopfschlag, ideal f\u00fcr ehemalige Raucher oder Nikotinliebhaber.<\/p>\n<h4><strong>4. Wie schmeckt der Geschmack von Fizzy Pandora Mango?<\/strong><\/h4>\n<p>Stellen Sie sich <strong>reife, saftige Mangos mit einem prickelnden, sprudelnden Twist<\/strong>vor <strong>&#8211; s\u00fc\u00df<\/strong>, spritzig und erfrischend sprudelnd. Die fortschrittliche <strong>Mesh-Spirale<\/strong> verbessert die Geschmackskonsistenz vom ersten bis zum letzten Zug. <\/p>\n<h4><strong>5. Ist dieser Verdampfer auslaufsicher und tragbar?<\/strong><\/h4>\n<p>Auf jeden Fall! Das <strong>versiegelte Design<\/strong> verhindert ein Auslaufen und das <strong>kompakte, leichte Geh\u00e4use<\/strong> passt problemlos in jede Tasche, damit Sie \u00fcberall problemlos dampfen k\u00f6nnen. <\/p>\n<\/div>\n","protected":false},"excerpt":{"rendered":"<p><strong>Fizzy Pandora Mango 12000 Puffs Disposable Vape<\/strong> &#8211; Erleben Sie die ultimative tropische Flucht mit diesem lang anhaltenden 12.000 Puffs Disposable Vape, das einen saftigen Mangogeschmack mit einem prickelnden Twist bietet.<\/p>\n","protected":false},"featured_media":20588,"comment_status":"open","ping_status":"closed","template":"","meta":{"iawp_total_views":0},"product_brand":[],"product_cat":[304],"product_tag":[305,381],"class_list":{"0":"post-26275","1":"product","2":"type-product","3":"status-publish","4":"has-post-thumbnail","6":"product_cat-pandora-de","7":"product_tag-12000-puffs-de","8":"product_tag-mango-de","10":"first","11":"outofstock","12":"shipping-taxable","13":"purchasable","14":"product-type-variable"},"yoast_head":"<!-- This site is optimized with the Yoast SEO Premium plugin v24.8 (Yoast SEO v24.8) - https:\/\/yoast.com\/wordpress\/plugins\/seo\/ -->\n<title>Fizzy Pandora Mango - 12000 Z\u00fcge - fizzyvape.eu<\/title>\n<meta name=\"robots\" content=\"index, follow, max-snippet:-1, max-image-preview:large, max-video-preview:-1\" \/>\n<link rel=\"canonical\" href=\"https:\/\/fizzyvape.eu\/de\/produkt\/fizzy-pandora-mango-12000-zuege\/\" \/>\n<meta property=\"og:locale\" content=\"de_DE\" \/>\n<meta property=\"og:type\" content=\"article\" \/>\n<meta property=\"og:title\" content=\"Fizzy Pandora Mango - 12000 Z\u00fcge\" \/>\n<meta property=\"og:description\" content=\"Fizzy Pandora Mango 12000 Puffs Disposable Vape - Erleben Sie die ultimative tropische Flucht mit diesem lang anhaltenden 12.000 Puffs Disposable Vape, das einen saftigen Mangogeschmack mit einem prickelnden Twist bietet.\" \/>\n<meta property=\"og:url\" content=\"https:\/\/fizzyvape.eu\/de\/produkt\/fizzy-pandora-mango-12000-zuege\/\" \/>\n<meta property=\"og:site_name\" content=\"fizzyvape.eu\" \/>\n<meta property=\"og:image\" content=\"https:\/\/fizzyvape.eu\/wp-content\/uploads\/2025\/03\/Fizzy-Pandora-MANGO-12000PUFF-1.jpg\" \/>\n\t<meta property=\"og:image:width\" content=\"1057\" \/>\n\t<meta property=\"og:image:height\" content=\"1037\" \/>\n\t<meta property=\"og:image:type\" content=\"image\/jpeg\" \/>\n<meta name=\"twitter:card\" content=\"summary_large_image\" \/>\n<meta name=\"twitter:label1\" content=\"Verf\u00fcgbarkeit\" \/>\n\t<meta name=\"twitter:data1\" content=\"ausverkauft\" \/>\n<script type=\"application\/ld+json\" class=\"yoast-schema-graph\">{\"@context\":\"https:\/\/schema.org\",\"@graph\":[{\"@type\":\"WebPage\",\"@id\":\"https:\/\/fizzyvape.eu\/de\/produkt\/fizzy-pandora-mango-12000-zuege\/\",\"url\":\"https:\/\/fizzyvape.eu\/de\/produkt\/fizzy-pandora-mango-12000-zuege\/\",\"name\":\"Fizzy Pandora Mango - 12000 Z\u00fcge - fizzyvape.eu\",\"isPartOf\":{\"@id\":\"https:\/\/www.fizzyvape.eu\/de\/#website\"},\"primaryImageOfPage\":{\"@id\":\"https:\/\/fizzyvape.eu\/de\/produkt\/fizzy-pandora-mango-12000-zuege\/#primaryimage\"},\"image\":{\"@id\":\"https:\/\/fizzyvape.eu\/de\/produkt\/fizzy-pandora-mango-12000-zuege\/#primaryimage\"},\"thumbnailUrl\":\"https:\/\/fizzyvape.eu\/wp-content\/uploads\/2025\/03\/Fizzy-Pandora-MANGO-12000PUFF-1.jpg\",\"datePublished\":\"2025-03-26T09:37:12+00:00\",\"breadcrumb\":{\"@id\":\"https:\/\/fizzyvape.eu\/de\/produkt\/fizzy-pandora-mango-12000-zuege\/#breadcrumb\"},\"inLanguage\":\"de\",\"potentialAction\":[{\"@type\":\"ReadAction\",\"target\":[\"https:\/\/fizzyvape.eu\/de\/produkt\/fizzy-pandora-mango-12000-zuege\/\"]}]},{\"@type\":\"ImageObject\",\"inLanguage\":\"de\",\"@id\":\"https:\/\/fizzyvape.eu\/de\/produkt\/fizzy-pandora-mango-12000-zuege\/#primaryimage\",\"url\":\"https:\/\/fizzyvape.eu\/wp-content\/uploads\/2025\/03\/Fizzy-Pandora-MANGO-12000PUFF-1.jpg\",\"contentUrl\":\"https:\/\/fizzyvape.eu\/wp-content\/uploads\/2025\/03\/Fizzy-Pandora-MANGO-12000PUFF-1.jpg\",\"width\":1057,\"height\":1037,\"caption\":\"Fizzy-Pandora-MANGO- 12000PUFF\"},{\"@type\":\"BreadcrumbList\",\"@id\":\"https:\/\/fizzyvape.eu\/de\/produkt\/fizzy-pandora-mango-12000-zuege\/#breadcrumb\",\"itemListElement\":[{\"@type\":\"ListItem\",\"position\":1,\"name\":\"Home\",\"item\":\"https:\/\/fizzyvape.eu\/de\/\"},{\"@type\":\"ListItem\",\"position\":2,\"name\":\"Shop\",\"item\":\"https:\/\/www.fizzyvape.eu\/de\/shop\/\"},{\"@type\":\"ListItem\",\"position\":3,\"name\":\"Fizzy Pandora Mango &#8211; 12000 Z\u00fcge\"}]},{\"@type\":\"WebSite\",\"@id\":\"https:\/\/www.fizzyvape.eu\/de\/#website\",\"url\":\"https:\/\/www.fizzyvape.eu\/de\/\",\"name\":\"fizzyvape.eu\",\"description\":\"Refreshing Vapes. Unforgettable Taste.\",\"publisher\":{\"@id\":\"https:\/\/www.fizzyvape.eu\/de\/#organization\"},\"potentialAction\":[{\"@type\":\"SearchAction\",\"target\":{\"@type\":\"EntryPoint\",\"urlTemplate\":\"https:\/\/www.fizzyvape.eu\/de\/?s={search_term_string}\"},\"query-input\":{\"@type\":\"PropertyValueSpecification\",\"valueRequired\":true,\"valueName\":\"search_term_string\"}}],\"inLanguage\":\"de\"},{\"@type\":\"Organization\",\"@id\":\"https:\/\/www.fizzyvape.eu\/de\/#organization\",\"name\":\"fizzyvape.eu\",\"url\":\"https:\/\/www.fizzyvape.eu\/de\/\",\"logo\":{\"@type\":\"ImageObject\",\"inLanguage\":\"de\",\"@id\":\"https:\/\/www.fizzyvape.eu\/de\/#\/schema\/logo\/image\/\",\"url\":\"https:\/\/fizzyvape.eu\/wp-content\/uploads\/2019\/06\/print-1.svg\",\"contentUrl\":\"https:\/\/fizzyvape.eu\/wp-content\/uploads\/2019\/06\/print-1.svg\",\"width\":124,\"height\":37,\"caption\":\"fizzyvape.eu\"},\"image\":{\"@id\":\"https:\/\/www.fizzyvape.eu\/de\/#\/schema\/logo\/image\/\"}}]}<\/script>\n<meta property=\"og:availability\" content=\"out of stock\" \/>\n<meta property=\"product:availability\" content=\"out of stock\" \/>\n<meta property=\"product:condition\" content=\"new\" \/>\n<!-- \/ Yoast SEO Premium plugin. -->","yoast_head_json":{"title":"Fizzy Pandora Mango - 12000 Z\u00fcge - fizzyvape.eu","robots":{"index":"index","follow":"follow","max-snippet":"max-snippet:-1","max-image-preview":"max-image-preview:large","max-video-preview":"max-video-preview:-1"},"canonical":"https:\/\/fizzyvape.eu\/de\/produkt\/fizzy-pandora-mango-12000-zuege\/","og_locale":"de_DE","og_type":"article","og_title":"Fizzy Pandora Mango - 12000 Z\u00fcge","og_description":"Fizzy Pandora Mango 12000 Puffs Disposable Vape - Erleben Sie die ultimative tropische Flucht mit diesem lang anhaltenden 12.000 Puffs Disposable Vape, das einen saftigen Mangogeschmack mit einem prickelnden Twist bietet.","og_url":"https:\/\/fizzyvape.eu\/de\/produkt\/fizzy-pandora-mango-12000-zuege\/","og_site_name":"fizzyvape.eu","og_image":[{"width":1057,"height":1037,"url":"https:\/\/fizzyvape.eu\/wp-content\/uploads\/2025\/03\/Fizzy-Pandora-MANGO-12000PUFF-1.jpg","type":"image\/jpeg"}],"twitter_card":"summary_large_image","twitter_misc":{"Verf\u00fcgbarkeit":"ausverkauft"},"schema":{"@context":"https:\/\/schema.org","@graph":[{"@type":"WebPage","@id":"https:\/\/fizzyvape.eu\/de\/produkt\/fizzy-pandora-mango-12000-zuege\/","url":"https:\/\/fizzyvape.eu\/de\/produkt\/fizzy-pandora-mango-12000-zuege\/","name":"Fizzy Pandora Mango - 12000 Z\u00fcge - fizzyvape.eu","isPartOf":{"@id":"https:\/\/www.fizzyvape.eu\/de\/#website"},"primaryImageOfPage":{"@id":"https:\/\/fizzyvape.eu\/de\/produkt\/fizzy-pandora-mango-12000-zuege\/#primaryimage"},"image":{"@id":"https:\/\/fizzyvape.eu\/de\/produkt\/fizzy-pandora-mango-12000-zuege\/#primaryimage"},"thumbnailUrl":"https:\/\/fizzyvape.eu\/wp-content\/uploads\/2025\/03\/Fizzy-Pandora-MANGO-12000PUFF-1.jpg","datePublished":"2025-03-26T09:37:12+00:00","breadcrumb":{"@id":"https:\/\/fizzyvape.eu\/de\/produkt\/fizzy-pandora-mango-12000-zuege\/#breadcrumb"},"inLanguage":"de","potentialAction":[{"@type":"ReadAction","target":["https:\/\/fizzyvape.eu\/de\/produkt\/fizzy-pandora-mango-12000-zuege\/"]}]},{"@type":"ImageObject","inLanguage":"de","@id":"https:\/\/fizzyvape.eu\/de\/produkt\/fizzy-pandora-mango-12000-zuege\/#primaryimage","url":"https:\/\/fizzyvape.eu\/wp-content\/uploads\/2025\/03\/Fizzy-Pandora-MANGO-12000PUFF-1.jpg","contentUrl":"https:\/\/fizzyvape.eu\/wp-content\/uploads\/2025\/03\/Fizzy-Pandora-MANGO-12000PUFF-1.jpg","width":1057,"height":1037,"caption":"Fizzy-Pandora-MANGO- 12000PUFF"},{"@type":"BreadcrumbList","@id":"https:\/\/fizzyvape.eu\/de\/produkt\/fizzy-pandora-mango-12000-zuege\/#breadcrumb","itemListElement":[{"@type":"ListItem","position":1,"name":"Home","item":"https:\/\/fizzyvape.eu\/de\/"},{"@type":"ListItem","position":2,"name":"Shop","item":"https:\/\/www.fizzyvape.eu\/de\/shop\/"},{"@type":"ListItem","position":3,"name":"Fizzy Pandora Mango &#8211; 12000 Z\u00fcge"}]},{"@type":"WebSite","@id":"https:\/\/www.fizzyvape.eu\/de\/#website","url":"https:\/\/www.fizzyvape.eu\/de\/","name":"fizzyvape.eu","description":"Refreshing Vapes. Unforgettable Taste.","publisher":{"@id":"https:\/\/www.fizzyvape.eu\/de\/#organization"},"potentialAction":[{"@type":"SearchAction","target":{"@type":"EntryPoint","urlTemplate":"https:\/\/www.fizzyvape.eu\/de\/?s={search_term_string}"},"query-input":{"@type":"PropertyValueSpecification","valueRequired":true,"valueName":"search_term_string"}}],"inLanguage":"de"},{"@type":"Organization","@id":"https:\/\/www.fizzyvape.eu\/de\/#organization","name":"fizzyvape.eu","url":"https:\/\/www.fizzyvape.eu\/de\/","logo":{"@type":"ImageObject","inLanguage":"de","@id":"https:\/\/www.fizzyvape.eu\/de\/#\/schema\/logo\/image\/","url":"https:\/\/fizzyvape.eu\/wp-content\/uploads\/2019\/06\/print-1.svg","contentUrl":"https:\/\/fizzyvape.eu\/wp-content\/uploads\/2019\/06\/print-1.svg","width":124,"height":37,"caption":"fizzyvape.eu"},"image":{"@id":"https:\/\/www.fizzyvape.eu\/de\/#\/schema\/logo\/image\/"}}]},"og_availability":"out of stock","product_availability":"out of stock","product_condition":"new"},"tiered_pricing_type":"fixed","tiered_pricing_fixed_rules":[],"tiered_pricing_product_settings":{"layout":"default","base_unit_name":{"singular":null,"plural":null},"default_variation":null},"tiered_pricing_minimum_quantity":null,"tiered_pricing_roles_data":[],"tiered_pricing_percentage_rules":[],"tiered_pricing_maximum_quantity":null,"tiered_pricing_quantity_step":null,"_links":{"self":[{"href":"https:\/\/fizzyvape.eu\/de\/wp-json\/wp\/v2\/product\/26275","targetHints":{"allow":["GET"]}}],"collection":[{"href":"https:\/\/fizzyvape.eu\/de\/wp-json\/wp\/v2\/product"}],"about":[{"href":"https:\/\/fizzyvape.eu\/de\/wp-json\/wp\/v2\/types\/product"}],"replies":[{"embeddable":true,"href":"https:\/\/fizzyvape.eu\/de\/wp-json\/wp\/v2\/comments?post=26275"}],"version-history":[{"count":0,"href":"https:\/\/fizzyvape.eu\/de\/wp-json\/wp\/v2\/product\/26275\/revisions"}],"wp:featuredmedia":[{"embeddable":true,"href":"https:\/\/fizzyvape.eu\/de\/wp-json\/wp\/v2\/media\/20588"}],"wp:attachment":[{"href":"https:\/\/fizzyvape.eu\/de\/wp-json\/wp\/v2\/media?parent=26275"}],"wp:term":[{"taxonomy":"product_brand","embeddable":true,"href":"https:\/\/fizzyvape.eu\/de\/wp-json\/wp\/v2\/product_brand?post=26275"},{"taxonomy":"product_cat","embeddable":true,"href":"https:\/\/fizzyvape.eu\/de\/wp-json\/wp\/v2\/product_cat?post=26275"},{"taxonomy":"product_tag","embeddable":true,"href":"https:\/\/fizzyvape.eu\/de\/wp-json\/wp\/v2\/product_tag?post=26275"}],"curies":[{"name":"wp","href":"https:\/\/api.w.org\/{rel}","templated":true}]}}