{"id":26296,"date":"2025-03-27T09:28:33","date_gmt":"2025-03-27T01:28:33","guid":{"rendered":"https:\/\/fizzyvape.eu\/product\/fizzy-pandora-wassermelone-12000-zuege\/"},"modified":"2025-03-27T09:28:33","modified_gmt":"2025-03-27T01:28:33","slug":"fizzy-pandora-wassermelone-12000-zuege","status":"publish","type":"product","link":"https:\/\/fizzyvape.eu\/de\/produkt\/fizzy-pandora-wassermelone-12000-zuege\/","title":{"rendered":"Fizzy Pandora Wassermelone &#8211; 12000 Z\u00fcge"},"content":{"rendered":"<div>\n<h2><strong>Fizzy Pandora Watermelon 12000 Puffs &#8211; Saftige Erfrischung in jedem Puff!<\/strong><\/h2>\n<p>Erleben Sie die <strong>ultimative Wassermelonen-Explosion<\/strong> mit <strong>Fizzy Pandora Watermelon 12000 Puffs<\/strong>! Dieser hochwertige Einwegdampfer liefert <strong>12.000 ultrasanfte Z\u00fcge<\/strong> <strong>saftigen, s\u00fc\u00dfen Wassermelonengeschmacks<\/strong> mit einer <strong>erfrischenden, sprudelnden Note &#8211; perfekt<\/strong>f\u00fcr das ganzt\u00e4gige Dampfen. Dieses elegante Ger\u00e4t wurde f\u00fcr <strong>lang anhaltenden Genuss<\/strong> entwickelt und ist <strong>bereits bef\u00fcllt und aufgeladen und<\/strong> sofort <strong>einsatzbereit<\/strong>.  <\/p>\n<h2><strong>Wesentliche Merkmale<\/strong><\/h2>\n<p>\u2714 <strong>12.000 Puffs<\/strong> &#8211; Verl\u00e4ngerter Rauchgenuss<br \/>\n\u2714 <strong>Juicy Watermelon + Fizzy Soda Twist<\/strong> &#8211; S\u00fc\u00df, spritzig und ultra-erfrischend<br \/>\n\u2714 <strong>Schlank und tragbar<\/strong> &#8211; Kompaktes, taschenfreundliches Design<br \/>\n\u2714 <strong>Vorgef\u00fcllt &amp; vorgeladen<\/strong> &#8211; kein Nachf\u00fcllen oder Aufladen erforderlich<br \/>\n\u2714 <strong>Mesh Coil Technologie<\/strong> &#8211; Reicher Geschmack &amp; dichte Wolken <\/p>\n<h3><strong>Warum Fizzy Pandora w\u00e4hlen?<\/strong><\/h3>\n<p>\ud83c\udf49 <strong>Premium-Geschmack<\/strong> &#8211; Laborgetestet f\u00fcr authentischen Wassermelonengeschmack<br \/>\n\ud83d\udd0b <strong>Ganzt\u00e4giges Dampfen<\/strong> &#8211; Massives Fassungsverm\u00f6gen von 20mL e-Liquid<br \/>\n\u26a1 <strong>Sofortige Befriedigung<\/strong> &#8211; Keine Einrichtung erforderlich<br \/>\n\u2708\ufe0f <strong>Reisefreundlich<\/strong> &#8211; Auslaufsicher &amp; TSA-konform (wo erlaubt) <\/p>\n<h3>Paket Inhalt<\/h3>\n<p>1 \u00d7 Fizzy Pandora Wassermelone 12000 Puffs Ger\u00e4t<\/p>\n<\/div>\n<div>\n<h3>Spezifikationen<\/h3>\n<table>\n<tbody>\n<tr>\n<td>Puffs<\/td>\n<td><strong>12000+ Puffs<\/strong><\/td>\n<\/tr>\n<tr>\n<td>E-Liquid Kapazit\u00e4t<\/td>\n<td><strong>20ml<\/strong><\/td>\n<\/tr>\n<tr>\n<td>Akku-Kapazit\u00e4t<\/td>\n<td><strong>650mAh<\/strong><\/td>\n<\/tr>\n<tr>\n<td>Mesh-Spule<\/td>\n<td><strong>1.4\u03a9<\/strong><\/td>\n<\/tr>\n<tr>\n<td>Gr\u00f6\u00dfe<\/td>\n<td><strong>48*20.6*88mm<\/strong><\/td>\n<\/tr>\n<tr>\n<td>Wegwerfbar oder nicht<\/td>\n<td><strong>Einweg<\/strong><\/td>\n<\/tr>\n<tr>\n<td>Methode zum Aufladen<\/td>\n<td><strong>Kabel<\/strong><\/td>\n<\/tr>\n<tr>\n<td>Aktivierungsmethode<\/td>\n<td><strong>Sensor<\/strong><\/td>\n<\/tr>\n<tr>\n<td>Nikotingehalt<\/td>\n<td><strong>5%(50mg\/ml)<\/strong><\/td>\n<\/tr>\n<tr>\n<td>Geschm\u00e4cker<\/td>\n<td><strong>12<\/strong><\/td>\n<\/tr>\n<tr>\n<td>Packung<\/td>\n<td><strong>1 Packung<\/strong><\/td>\n<\/tr>\n<tr>\n<td>Aufladezeit<\/td>\n<td><strong>2 Stunden<\/strong><\/td>\n<\/tr>\n<tr>\n<td>Lagerung<\/td>\n<td><strong>Vermeiden Sie hohe Temperaturen und lagern Sie es an einem k\u00fchlen und trockenen Ort.<\/strong><\/td>\n<\/tr>\n<tr>\n<td>Personen, die das Produkt nicht verwenden d\u00fcrfen<\/td>\n<td><strong>Minderj\u00e4hrige, schwangere Frauen und Personen, die allergisch auf die Inhaltsstoffe des Produkts reagieren.<\/strong><\/td>\n<\/tr>\n<tr>\n<td>Vorsicht<\/td>\n<td><strong>Verschlucken Sie diese Substanz nicht. Sp\u00fclen Sie bei Verschlucken sofort und gr\u00fcndlich den Mund aus. Wenn Sie sich unwohl f\u00fchlen, suchen Sie einen Arzt auf.  <\/strong><\/td>\n<\/tr>\n<\/tbody>\n<\/table>\n<h3><strong>Fizzy Pandora <\/strong>12000 Puffs Geschmacksrichtungen Liste:<\/h3>\n<ol>\n<li><a href=\"https:\/\/fizzyvape.eu\/de\/produkt\/fizzy-pandora-wassermelone-12000-zuege\/\">Wassermelone<\/a><\/li>\n<li><a href=\"https:\/\/fizzyvape.eu\/de\/produkt\/fizzy-pandora-mango-12000-zuege\/\">Mango<\/a><\/li>\n<li><a href=\"https:\/\/fizzyvape.eu\/product\/fizzy-pandora-grape-12000-puffs\/\">Weintraube<\/a><\/li>\n<li><a href=\"https:\/\/fizzyvape.eu\/product\/fizzy-pandora-pomegranate-12000-puffs\/\">Granatapfel<\/a><\/li>\n<li><a href=\"https:\/\/fizzyvape.eu\/product\/fizzy-pandora-peach-12000-puffs\/\">Pfirsich<\/a><\/li>\n<li><a href=\"https:\/\/fizzyvape.eu\/product\/fizzy-pandora-blueberry-raspberry-12000-puffs\/\">Heidelbeere-Himbeere<\/a><\/li>\n<li><a href=\"https:\/\/fizzyvape.eu\/product\/fizzy-pandora-orange-mango-watermelon-12000-puffs\/\">Orange Mango Wassermelone<\/a><\/li>\n<li><a href=\"https:\/\/fizzyvape.eu\/product\/fizzy-pandora-ice-mint-12000-puffs\/\">Eis-Minze<\/a><\/li>\n<li><a href=\"https:\/\/fizzyvape.eu\/product\/fizzy-pandora-strawberry-kiwi-pomegranate-12000-puffs\/\">Erdbeere-Kiwi-Granatapfel<\/a><\/li>\n<li><a href=\"https:\/\/fizzyvape.eu\/product\/fizzy-pandora-blueberry-12000-puffs\/\">Blaubeere<\/a><\/li>\n<li><a href=\"https:\/\/fizzyvape.eu\/de\/produkt\/fizzy-pandora-erdbeere-12000-windbeutel\/\">Erdbeere<\/a><\/li>\n<li><a href=\"https:\/\/fizzyvape.eu\/product\/fizzy-pandora-watermelon-blueberry-12000-puffs\/\">Wassermelone Blaubeere<\/a><\/li>\n<\/ol>\n<h3><strong>FAQ \u00fcber <\/strong><strong>Fizzy Pandora Wassermelone 12000 Z\u00fcge <\/strong><strong>Verdampfen<\/strong><\/h3>\n<ol start=\"1\">\n<li><strong>Wie viele Z\u00fcge kann ich von den Fizzy Pandora Watermelon 12000 Puffs erwarten?<\/strong>Die Fizzy Pandora Watermelon ist f\u00fcr mehr als 12.000 Z\u00fcge ausgelegt und bietet damit ein langes Rauchvergn\u00fcgen. Die tats\u00e4chliche Anzahl der Z\u00fcge kann jedoch je nach individuellen Rauchgewohnheiten variieren. <\/li>\n<li><strong>Wie schmeckt die Geschmacksrichtung Fizzy Pandora Watermelon?<\/strong>Der Geschmack ist eine saftige und s\u00fc\u00dfe Wassermelone mit einer erfrischenden Prise Limonade, die ein spritziges und ultra-erfrischendes Dampferlebnis schafft.<\/li>\n<li><strong>Muss die Fizzy Pandora Watermelon 12000 Puffs aufgeladen oder nachgef\u00fcllt werden?<\/strong>Nein, die Fizzy Pandora Watermelon 12000 Puffs ist ein Einwegger\u00e4t. Sie wird mit 20 ml E-Liquid bef\u00fcllt und ist vorgeladen, so dass kein Nachf\u00fcllen oder Aufladen erforderlich ist. <\/li>\n<li><strong>Wie stark ist der Nikotingehalt der Fizzy Pandora Watermelon 12000 Puffs?<\/strong>Dieses Ger\u00e4t enth\u00e4lt 5% (50mg\/ml) Nikotinsalz.<\/li>\n<li><strong>Was sind einige der wichtigsten Eigenschaften der Fizzy Pandora Watermelon 12000 Puffs?<\/strong>Zu den Hauptmerkmalen geh\u00f6ren \u00fcber 12.000 Z\u00fcge, ein erfrischender, saftiger Wassermelonen- und Sprudelgeschmack, ein schlankes und tragbares Design, eine Vorbef\u00fcllung und -aufladung und die Verwendung der Mesh-Coil-Technologie f\u00fcr reichhaltigen Geschmack und dichte Wolken.<\/li>\n<\/ol>\n<\/div>\n","protected":false},"excerpt":{"rendered":"<p><strong>Fizzy Pandora Watermelon 12000 Puffs<\/strong> liefert einen explosiven Wassermelonengeschmack mit einer erfrischenden, spritzigen Note bei jedem Zug. Genie\u00dfen Sie 12.000 ultrasanfte Z\u00fcge mit diesem hochwertigen Einwegdampfer mit fortschrittlicher Mesh-Coil-Technologie f\u00fcr ein reichhaltiges, konsistentes Aroma. Vorgef\u00fcllt mit 20 ml 5%igem Nikotinsalz-E-Liquid und sofort einsatzbereit &#8211; kein Aufladen oder Nachf\u00fcllen erforderlich. Perfekt f\u00fcr das ganzt\u00e4gige Dampfen mit seiner gro\u00dfen Fl\u00fcssigkeitsmenge und dem kompakten, reisefreundlichen Design.   <\/p>\n","protected":false},"featured_media":20604,"comment_status":"open","ping_status":"closed","template":"","meta":{"iawp_total_views":1},"product_brand":[],"product_cat":[304],"product_tag":[305,387],"class_list":{"0":"post-26296","1":"product","2":"type-product","3":"status-publish","4":"has-post-thumbnail","6":"product_cat-pandora-de","7":"product_tag-12000-puffs-de","8":"product_tag-wassermelone","10":"first","11":"outofstock","12":"shipping-taxable","13":"purchasable","14":"product-type-variable"},"yoast_head":"<!-- This site is optimized with the Yoast SEO Premium plugin v24.8 (Yoast SEO v24.8) - https:\/\/yoast.com\/wordpress\/plugins\/seo\/ -->\n<title>Fizzy Pandora Wassermelone - 12000 Z\u00fcge - fizzyvape.eu<\/title>\n<meta name=\"robots\" content=\"index, follow, max-snippet:-1, max-image-preview:large, max-video-preview:-1\" \/>\n<link rel=\"canonical\" href=\"https:\/\/fizzyvape.eu\/de\/produkt\/fizzy-pandora-wassermelone-12000-zuege\/\" \/>\n<meta property=\"og:locale\" content=\"de_DE\" \/>\n<meta property=\"og:type\" content=\"article\" \/>\n<meta property=\"og:title\" content=\"Fizzy Pandora Wassermelone - 12000 Z\u00fcge\" \/>\n<meta property=\"og:description\" content=\"Fizzy Pandora Watermelon 12000 Puffs liefert einen explosiven Wassermelonengeschmack mit einer erfrischenden, spritzigen Note bei jedem Zug. Genie\u00dfen Sie 12.000 ultrasanfte Z\u00fcge mit diesem hochwertigen Einwegdampfer mit fortschrittlicher Mesh-Coil-Technologie f\u00fcr ein reichhaltiges, konsistentes Aroma. Vorgef\u00fcllt mit 20 ml 5%igem Nikotinsalz-E-Liquid und sofort einsatzbereit - kein Aufladen oder Nachf\u00fcllen erforderlich. Perfekt f\u00fcr das ganzt\u00e4gige Dampfen mit seiner gro\u00dfen Fl\u00fcssigkeitsmenge und dem kompakten, reisefreundlichen Design.\" \/>\n<meta property=\"og:url\" content=\"https:\/\/fizzyvape.eu\/de\/produkt\/fizzy-pandora-wassermelone-12000-zuege\/\" \/>\n<meta property=\"og:site_name\" content=\"fizzyvape.eu\" \/>\n<meta property=\"og:image\" content=\"https:\/\/www.fizzyvape.eu\/wp-content\/uploads\/2025\/03\/Fizzy-Pandora-WATERMELON-12000PUFF-1-1.jpg\" \/>\n\t<meta property=\"og:image:width\" content=\"1057\" \/>\n\t<meta property=\"og:image:height\" content=\"1037\" \/>\n\t<meta property=\"og:image:type\" content=\"image\/jpeg\" \/>\n<meta name=\"twitter:card\" content=\"summary_large_image\" \/>\n<meta name=\"twitter:label1\" content=\"Verf\u00fcgbarkeit\" \/>\n\t<meta name=\"twitter:data1\" content=\"ausverkauft\" \/>\n<script type=\"application\/ld+json\" class=\"yoast-schema-graph\">{\"@context\":\"https:\/\/schema.org\",\"@graph\":[{\"@type\":\"WebPage\",\"@id\":\"https:\/\/fizzyvape.eu\/de\/produkt\/fizzy-pandora-wassermelone-12000-zuege\/\",\"url\":\"https:\/\/fizzyvape.eu\/de\/produkt\/fizzy-pandora-wassermelone-12000-zuege\/\",\"name\":\"Fizzy Pandora Wassermelone - 12000 Z\u00fcge - fizzyvape.eu\",\"isPartOf\":{\"@id\":\"https:\/\/www.fizzyvape.eu\/de\/#website\"},\"primaryImageOfPage\":{\"@id\":\"https:\/\/fizzyvape.eu\/de\/produkt\/fizzy-pandora-wassermelone-12000-zuege\/#primaryimage\"},\"image\":{\"@id\":\"https:\/\/fizzyvape.eu\/de\/produkt\/fizzy-pandora-wassermelone-12000-zuege\/#primaryimage\"},\"thumbnailUrl\":\"https:\/\/fizzyvape.eu\/wp-content\/uploads\/2025\/03\/Fizzy-Pandora-WATERMELON-12000PUFF-1-1.jpg\",\"datePublished\":\"2025-03-27T01:28:33+00:00\",\"breadcrumb\":{\"@id\":\"https:\/\/fizzyvape.eu\/de\/produkt\/fizzy-pandora-wassermelone-12000-zuege\/#breadcrumb\"},\"inLanguage\":\"de\",\"potentialAction\":[{\"@type\":\"ReadAction\",\"target\":[\"https:\/\/fizzyvape.eu\/de\/produkt\/fizzy-pandora-wassermelone-12000-zuege\/\"]}]},{\"@type\":\"ImageObject\",\"inLanguage\":\"de\",\"@id\":\"https:\/\/fizzyvape.eu\/de\/produkt\/fizzy-pandora-wassermelone-12000-zuege\/#primaryimage\",\"url\":\"https:\/\/fizzyvape.eu\/wp-content\/uploads\/2025\/03\/Fizzy-Pandora-WATERMELON-12000PUFF-1-1.jpg\",\"contentUrl\":\"https:\/\/fizzyvape.eu\/wp-content\/uploads\/2025\/03\/Fizzy-Pandora-WATERMELON-12000PUFF-1-1.jpg\",\"width\":1057,\"height\":1037,\"caption\":\"Fizzy-Pandora-WASSERMELON-12000PUFF\"},{\"@type\":\"BreadcrumbList\",\"@id\":\"https:\/\/fizzyvape.eu\/de\/produkt\/fizzy-pandora-wassermelone-12000-zuege\/#breadcrumb\",\"itemListElement\":[{\"@type\":\"ListItem\",\"position\":1,\"name\":\"Home\",\"item\":\"https:\/\/fizzyvape.eu\/de\/\"},{\"@type\":\"ListItem\",\"position\":2,\"name\":\"Shop\",\"item\":\"https:\/\/www.fizzyvape.eu\/de\/shop\/\"},{\"@type\":\"ListItem\",\"position\":3,\"name\":\"Fizzy Pandora Wassermelone &#8211; 12000 Z\u00fcge\"}]},{\"@type\":\"WebSite\",\"@id\":\"https:\/\/www.fizzyvape.eu\/de\/#website\",\"url\":\"https:\/\/www.fizzyvape.eu\/de\/\",\"name\":\"fizzyvape.eu\",\"description\":\"Refreshing Vapes. Unforgettable Taste.\",\"publisher\":{\"@id\":\"https:\/\/www.fizzyvape.eu\/de\/#organization\"},\"potentialAction\":[{\"@type\":\"SearchAction\",\"target\":{\"@type\":\"EntryPoint\",\"urlTemplate\":\"https:\/\/www.fizzyvape.eu\/de\/?s={search_term_string}\"},\"query-input\":{\"@type\":\"PropertyValueSpecification\",\"valueRequired\":true,\"valueName\":\"search_term_string\"}}],\"inLanguage\":\"de\"},{\"@type\":\"Organization\",\"@id\":\"https:\/\/www.fizzyvape.eu\/de\/#organization\",\"name\":\"fizzyvape.eu\",\"url\":\"https:\/\/www.fizzyvape.eu\/de\/\",\"logo\":{\"@type\":\"ImageObject\",\"inLanguage\":\"de\",\"@id\":\"https:\/\/www.fizzyvape.eu\/de\/#\/schema\/logo\/image\/\",\"url\":\"https:\/\/fizzyvape.eu\/wp-content\/uploads\/2019\/06\/print-1.svg\",\"contentUrl\":\"https:\/\/fizzyvape.eu\/wp-content\/uploads\/2019\/06\/print-1.svg\",\"width\":124,\"height\":37,\"caption\":\"fizzyvape.eu\"},\"image\":{\"@id\":\"https:\/\/www.fizzyvape.eu\/de\/#\/schema\/logo\/image\/\"}}]}<\/script>\n<meta property=\"og:availability\" content=\"out of stock\" \/>\n<meta property=\"product:availability\" content=\"out of stock\" \/>\n<meta property=\"product:condition\" content=\"new\" \/>\n<!-- \/ Yoast SEO Premium plugin. -->","yoast_head_json":{"title":"Fizzy Pandora Wassermelone - 12000 Z\u00fcge - fizzyvape.eu","robots":{"index":"index","follow":"follow","max-snippet":"max-snippet:-1","max-image-preview":"max-image-preview:large","max-video-preview":"max-video-preview:-1"},"canonical":"https:\/\/fizzyvape.eu\/de\/produkt\/fizzy-pandora-wassermelone-12000-zuege\/","og_locale":"de_DE","og_type":"article","og_title":"Fizzy Pandora Wassermelone - 12000 Z\u00fcge","og_description":"Fizzy Pandora Watermelon 12000 Puffs liefert einen explosiven Wassermelonengeschmack mit einer erfrischenden, spritzigen Note bei jedem Zug. Genie\u00dfen Sie 12.000 ultrasanfte Z\u00fcge mit diesem hochwertigen Einwegdampfer mit fortschrittlicher Mesh-Coil-Technologie f\u00fcr ein reichhaltiges, konsistentes Aroma. Vorgef\u00fcllt mit 20 ml 5%igem Nikotinsalz-E-Liquid und sofort einsatzbereit - kein Aufladen oder Nachf\u00fcllen erforderlich. Perfekt f\u00fcr das ganzt\u00e4gige Dampfen mit seiner gro\u00dfen Fl\u00fcssigkeitsmenge und dem kompakten, reisefreundlichen Design.","og_url":"https:\/\/fizzyvape.eu\/de\/produkt\/fizzy-pandora-wassermelone-12000-zuege\/","og_site_name":"fizzyvape.eu","og_image":[{"width":1057,"height":1037,"url":"https:\/\/www.fizzyvape.eu\/wp-content\/uploads\/2025\/03\/Fizzy-Pandora-WATERMELON-12000PUFF-1-1.jpg","type":"image\/jpeg"}],"twitter_card":"summary_large_image","twitter_misc":{"Verf\u00fcgbarkeit":"ausverkauft"},"schema":{"@context":"https:\/\/schema.org","@graph":[{"@type":"WebPage","@id":"https:\/\/fizzyvape.eu\/de\/produkt\/fizzy-pandora-wassermelone-12000-zuege\/","url":"https:\/\/fizzyvape.eu\/de\/produkt\/fizzy-pandora-wassermelone-12000-zuege\/","name":"Fizzy Pandora Wassermelone - 12000 Z\u00fcge - fizzyvape.eu","isPartOf":{"@id":"https:\/\/www.fizzyvape.eu\/de\/#website"},"primaryImageOfPage":{"@id":"https:\/\/fizzyvape.eu\/de\/produkt\/fizzy-pandora-wassermelone-12000-zuege\/#primaryimage"},"image":{"@id":"https:\/\/fizzyvape.eu\/de\/produkt\/fizzy-pandora-wassermelone-12000-zuege\/#primaryimage"},"thumbnailUrl":"https:\/\/fizzyvape.eu\/wp-content\/uploads\/2025\/03\/Fizzy-Pandora-WATERMELON-12000PUFF-1-1.jpg","datePublished":"2025-03-27T01:28:33+00:00","breadcrumb":{"@id":"https:\/\/fizzyvape.eu\/de\/produkt\/fizzy-pandora-wassermelone-12000-zuege\/#breadcrumb"},"inLanguage":"de","potentialAction":[{"@type":"ReadAction","target":["https:\/\/fizzyvape.eu\/de\/produkt\/fizzy-pandora-wassermelone-12000-zuege\/"]}]},{"@type":"ImageObject","inLanguage":"de","@id":"https:\/\/fizzyvape.eu\/de\/produkt\/fizzy-pandora-wassermelone-12000-zuege\/#primaryimage","url":"https:\/\/fizzyvape.eu\/wp-content\/uploads\/2025\/03\/Fizzy-Pandora-WATERMELON-12000PUFF-1-1.jpg","contentUrl":"https:\/\/fizzyvape.eu\/wp-content\/uploads\/2025\/03\/Fizzy-Pandora-WATERMELON-12000PUFF-1-1.jpg","width":1057,"height":1037,"caption":"Fizzy-Pandora-WASSERMELON-12000PUFF"},{"@type":"BreadcrumbList","@id":"https:\/\/fizzyvape.eu\/de\/produkt\/fizzy-pandora-wassermelone-12000-zuege\/#breadcrumb","itemListElement":[{"@type":"ListItem","position":1,"name":"Home","item":"https:\/\/fizzyvape.eu\/de\/"},{"@type":"ListItem","position":2,"name":"Shop","item":"https:\/\/www.fizzyvape.eu\/de\/shop\/"},{"@type":"ListItem","position":3,"name":"Fizzy Pandora Wassermelone &#8211; 12000 Z\u00fcge"}]},{"@type":"WebSite","@id":"https:\/\/www.fizzyvape.eu\/de\/#website","url":"https:\/\/www.fizzyvape.eu\/de\/","name":"fizzyvape.eu","description":"Refreshing Vapes. Unforgettable Taste.","publisher":{"@id":"https:\/\/www.fizzyvape.eu\/de\/#organization"},"potentialAction":[{"@type":"SearchAction","target":{"@type":"EntryPoint","urlTemplate":"https:\/\/www.fizzyvape.eu\/de\/?s={search_term_string}"},"query-input":{"@type":"PropertyValueSpecification","valueRequired":true,"valueName":"search_term_string"}}],"inLanguage":"de"},{"@type":"Organization","@id":"https:\/\/www.fizzyvape.eu\/de\/#organization","name":"fizzyvape.eu","url":"https:\/\/www.fizzyvape.eu\/de\/","logo":{"@type":"ImageObject","inLanguage":"de","@id":"https:\/\/www.fizzyvape.eu\/de\/#\/schema\/logo\/image\/","url":"https:\/\/fizzyvape.eu\/wp-content\/uploads\/2019\/06\/print-1.svg","contentUrl":"https:\/\/fizzyvape.eu\/wp-content\/uploads\/2019\/06\/print-1.svg","width":124,"height":37,"caption":"fizzyvape.eu"},"image":{"@id":"https:\/\/www.fizzyvape.eu\/de\/#\/schema\/logo\/image\/"}}]},"og_availability":"out of stock","product_availability":"out of stock","product_condition":"new"},"tiered_pricing_type":"fixed","tiered_pricing_fixed_rules":[],"tiered_pricing_product_settings":{"layout":"default","base_unit_name":{"singular":null,"plural":null},"default_variation":null},"tiered_pricing_minimum_quantity":null,"tiered_pricing_roles_data":[],"tiered_pricing_percentage_rules":[],"tiered_pricing_maximum_quantity":null,"tiered_pricing_quantity_step":null,"_links":{"self":[{"href":"https:\/\/fizzyvape.eu\/de\/wp-json\/wp\/v2\/product\/26296","targetHints":{"allow":["GET"]}}],"collection":[{"href":"https:\/\/fizzyvape.eu\/de\/wp-json\/wp\/v2\/product"}],"about":[{"href":"https:\/\/fizzyvape.eu\/de\/wp-json\/wp\/v2\/types\/product"}],"replies":[{"embeddable":true,"href":"https:\/\/fizzyvape.eu\/de\/wp-json\/wp\/v2\/comments?post=26296"}],"version-history":[{"count":0,"href":"https:\/\/fizzyvape.eu\/de\/wp-json\/wp\/v2\/product\/26296\/revisions"}],"wp:featuredmedia":[{"embeddable":true,"href":"https:\/\/fizzyvape.eu\/de\/wp-json\/wp\/v2\/media\/20604"}],"wp:attachment":[{"href":"https:\/\/fizzyvape.eu\/de\/wp-json\/wp\/v2\/media?parent=26296"}],"wp:term":[{"taxonomy":"product_brand","embeddable":true,"href":"https:\/\/fizzyvape.eu\/de\/wp-json\/wp\/v2\/product_brand?post=26296"},{"taxonomy":"product_cat","embeddable":true,"href":"https:\/\/fizzyvape.eu\/de\/wp-json\/wp\/v2\/product_cat?post=26296"},{"taxonomy":"product_tag","embeddable":true,"href":"https:\/\/fizzyvape.eu\/de\/wp-json\/wp\/v2\/product_tag?post=26296"}],"curies":[{"name":"wp","href":"https:\/\/api.w.org\/{rel}","templated":true}]}}