{"id":26450,"date":"2025-03-27T13:41:35","date_gmt":"2025-03-27T05:41:35","guid":{"rendered":"https:\/\/fizzyvape.eu\/product\/fizzy-pandora-erdbeere-kiwi-granatapfel-12000-puffs\/"},"modified":"2025-03-27T13:41:35","modified_gmt":"2025-03-27T05:41:35","slug":"fizzy-pandora-erdbeere-kiwi-granatapfel-12000-puffs","status":"publish","type":"product","link":"https:\/\/fizzyvape.eu\/de\/produkt\/fizzy-pandora-erdbeere-kiwi-granatapfel-12000-puffs\/","title":{"rendered":"Fizzy Pandora Erdbeere Kiwi Granatapfel &#8211; 12000 Puffs"},"content":{"rendered":"<div>\n<h2><strong>Fizzy Pandora Strawberry Kiwi Pomegranate 12000 Puffs &#8211; Premium Triple Berry Disposable Vape<\/strong><\/h2>\n<p>G\u00f6nnen Sie sich mit <strong>Fizzy Pandora Strawberry Kiwi Pomegranate 12000 Puffs<\/strong> ein lebhaftes Beerenmedley &#8211; eine Mischung aus s\u00fc\u00dfen Erdbeeren, spritziger Kiwi und reichhaltigem Granatapfel mit einem funkelnden Finish. Diese Premium-Einwegzigarette liefert 12.000 ultra-weiche Z\u00fcge mit 5% Nikotinsalz in einem schlanken, wiederaufladbaren USB-C Design. <\/p>\n<h3><strong>Wesentliche Merkmale<\/strong><\/h3>\n<p>\u2714 <strong>12.000 Ultra-Long Puffs<\/strong> &#8211; 2-3 Wochen Dauergebrauch<br \/>\n\u2714 <strong>20mL E-Liquid Kapazit\u00e4t<\/strong> &#8211; 5% Premium Nikotinsalz<br \/>\n\u2714 <strong>Wiederaufladbarer 650mAh Akku<\/strong> &#8211; USB-C Schnellladung<br \/>\n\u2714 <strong>1.4\u03a9 Mesh Coil<\/strong> &#8211; Optimierte Geschmacksklarheit &amp; Dampfproduktion<br \/>\n\u2714 <strong>Auslaufsicheres Design<\/strong> &#8211; Versiegelte Konstruktion (48\u00d720.6\u00d788mm)<br \/>\n\u2714 <strong>Draw-Activated<\/strong> &#8211; Keine Kn\u00f6pfe, sofortiges Dampfen <\/p>\n<h3><strong>Warum sollten Sie sich f\u00fcr Fizzy Pandora Strawberry Kiwi Pomegranate entscheiden?<\/strong><\/h3>\n<p>\ud83c\udf1f <strong>Triple Berry Mastery<\/strong> &#8211; Perfekt ausgewogenes s\u00fc\u00df-s\u00e4uerliches Profil<br \/>\n\u26a1 <strong>Ausdauerleistung<\/strong> &#8211; H\u00e4lt 2X l\u00e4nger als herk\u00f6mmliche Einwegartikel<br \/>\n\ud83d\udc8e <strong>Erstklassige Ausf\u00fchrung<\/strong> &#8211; Mattierte Farbverlaufsoberfl\u00e4che mit ergonomischem Mundst\u00fcck<br \/>\n\ud83c\udf3f <strong>Smooth Satisfaction<\/strong> &#8211; 5% Nikotinsalz f\u00fcr null H\u00e4rte<br \/>\n\ud83d\uded2 <strong>Problemlos<\/strong> &#8211; sofort nach dem Auspacken bereit zum Dampfen <\/p>\n<h3>Paket Inhalt<\/h3>\n<p>1 \u00d7 Fizzy Pandora Erdbeer-Kiwi-Granatapfel 12000 Puffs Ger\u00e4t<\/p>\n<\/div>\n<div>\n<h3>Spezifikationen<\/h3>\n<table>\n<tbody>\n<tr>\n<td>Puffs<\/td>\n<td><strong>12000+ Puffs<\/strong><\/td>\n<\/tr>\n<tr>\n<td>E-Liquid Kapazit\u00e4t<\/td>\n<td><strong>20ml<\/strong><\/td>\n<\/tr>\n<tr>\n<td>Akku-Kapazit\u00e4t<\/td>\n<td><strong>650mAh<\/strong><\/td>\n<\/tr>\n<tr>\n<td>Mesh-Spule<\/td>\n<td><strong>1.4\u03a9<\/strong><\/td>\n<\/tr>\n<tr>\n<td>Gr\u00f6\u00dfe<\/td>\n<td><strong>48*20.6*88mm<\/strong><\/td>\n<\/tr>\n<tr>\n<td>Wegwerfbar oder nicht<\/td>\n<td><strong>Einweg<\/strong><\/td>\n<\/tr>\n<tr>\n<td>Methode zum Aufladen<\/td>\n<td><strong>Kabel<\/strong><\/td>\n<\/tr>\n<tr>\n<td>Aktivierungsmethode<\/td>\n<td><strong>Sensor<\/strong><\/td>\n<\/tr>\n<tr>\n<td>Nikotingehalt<\/td>\n<td><strong>5%(50mg\/ml)<\/strong><\/td>\n<\/tr>\n<tr>\n<td>Geschm\u00e4cker<\/td>\n<td><strong>12<\/strong><\/td>\n<\/tr>\n<tr>\n<td>Packung<\/td>\n<td><strong>1 Packung<\/strong><\/td>\n<\/tr>\n<tr>\n<td>Aufladezeit<\/td>\n<td><strong>2 Stunden<\/strong><\/td>\n<\/tr>\n<tr>\n<td>Lagerung<\/td>\n<td><strong>Vermeiden Sie hohe Temperaturen und lagern Sie es an einem k\u00fchlen und trockenen Ort.<\/strong><\/td>\n<\/tr>\n<tr>\n<td>Personen, die das Produkt nicht verwenden d\u00fcrfen<\/td>\n<td><strong>Minderj\u00e4hrige, schwangere Frauen und Personen, die allergisch auf die Inhaltsstoffe des Produkts reagieren.<\/strong><\/td>\n<\/tr>\n<tr>\n<td>Vorsicht<\/td>\n<td><strong>Verschlucken Sie diese Substanz nicht. Sp\u00fclen Sie bei Verschlucken sofort und gr\u00fcndlich den Mund aus. Wenn Sie sich unwohl f\u00fchlen, suchen Sie einen Arzt auf.  <\/strong><\/td>\n<\/tr>\n<\/tbody>\n<\/table>\n<h3><strong>Fizzy Pandora <\/strong>12000 Puffs Geschmacksrichtungen Liste:<\/h3>\n<ol>\n<li><a href=\"https:\/\/fizzyvape.eu\/de\/produkt\/fizzy-pandora-wassermelone-12000-zuege\/\">Wassermelone<\/a><\/li>\n<li><a href=\"https:\/\/fizzyvape.eu\/de\/produkt\/fizzy-pandora-mango-12000-zuege\/\">Mango<\/a><\/li>\n<li><a href=\"https:\/\/fizzyvape.eu\/de\/produkt\/sprudel-pandora-traube-12000-puffs\/\">Weintraube<\/a><\/li>\n<li><a href=\"https:\/\/fizzyvape.eu\/de\/produkt\/fizzy-pandora-granatapfel-12000-puffs\/\">Granatapfel<\/a><\/li>\n<li><a href=\"https:\/\/fizzyvape.eu\/de\/produkt\/fizzy-pandora-pfirsich-12000-puffs\/\">Pfirsich<\/a><\/li>\n<li><a href=\"https:\/\/fizzyvape.eu\/de\/produkt\/fizzy-pandora-heidelbeere-himbeere-12000-puffs\/\">Heidelbeere-Himbeere<\/a><\/li>\n<li><a href=\"https:\/\/fizzyvape.eu\/de\/produkt\/fizzy-pandora-orange-mango-wassermelone-12000-puffs\/\">Orange Mango Wassermelone<\/a><\/li>\n<li><a href=\"https:\/\/fizzyvape.eu\/de\/produkt\/fizzy-pandora-eis-minze-12000-puffs\/\">Eis-Minze<\/a><\/li>\n<li><a href=\"https:\/\/fizzyvape.eu\/de\/produkt\/fizzy-pandora-erdbeere-kiwi-granatapfel-12000-puffs\/\">Erdbeere-Kiwi-Granatapfel<\/a><\/li>\n<li><a href=\"https:\/\/fizzyvape.eu\/product\/fizzy-pandora-blueberry-12000-puffs\/\">Blaubeere<\/a><\/li>\n<li><a href=\"https:\/\/fizzyvape.eu\/de\/produkt\/fizzy-pandora-erdbeere-12000-windbeutel\/\">Erdbeere<\/a><\/li>\n<li><a href=\"https:\/\/fizzyvape.eu\/product\/fizzy-pandora-watermelon-blueberry-12000-puffs\/\">Wassermelone Blaubeere<\/a><\/li>\n<\/ol>\n<h3><strong>FAQ \u00fcber <\/strong><strong>Fizzy Pandora Erdbeere Kiwi Granatapfel 12000 Z\u00fcge <\/strong><strong>Verdampfen<\/strong><\/h3>\n<ul>\n<li class=\"\" data-start=\"116\" data-end=\"348\">\n<p class=\"\" data-start=\"119\" data-end=\"348\"><strong data-start=\"119\" data-end=\"206\">F\u00fcr wie viele Z\u00fcge reicht der Fizzy Pandora Strawberry Kiwi Pomegranate 12000 Puffs?<\/strong><br data-start=\"206\" data-end=\"209\">Die Fizzy Pandora bietet bis zu 12.000 Z\u00fcge und ist damit ideal f\u00fcr l\u00e4ngere Dampfsessions, die bei moderaten Rauchern bis zu 2-3 Wochen dauern k\u00f6nnen.<\/p>\n<\/li>\n<li class=\"\" data-start=\"350\" data-end=\"585\">\n<p class=\"\" data-start=\"353\" data-end=\"585\"><strong data-start=\"353\" data-end=\"428\">Welche Aromen sind im Fizzy Pandora Strawberry Kiwi Pomegranate Vape enthalten?<\/strong><br data-start=\"428\" data-end=\"431\">Dieses Vape kombiniert den s\u00fc\u00dfen Geschmack von Erdbeere, den Geschmack von Kiwi und den saftigen Reichtum von Granatapfel f\u00fcr ein k\u00f6stlich erfrischendes Vape-Erlebnis.<\/p>\n<\/li>\n<li class=\"\" data-start=\"587\" data-end=\"796\">\n<p class=\"\" data-start=\"590\" data-end=\"796\"><strong data-start=\"590\" data-end=\"661\">Ist das Fizzy Pandora Strawberry Kiwi Pomegranate Vape wiederaufladbar?<\/strong><br data-start=\"661\" data-end=\"664\">Ja! Das Ger\u00e4t ist mit einem wiederaufladbaren 650mAh-Akku ausgestattet, so dass Sie auch den letzten Tropfen E-Liquid ohne Verschwendung genie\u00dfen k\u00f6nnen. <\/p>\n<\/li>\n<li class=\"\" data-start=\"798\" data-end=\"1024\">\n<p class=\"\" data-start=\"801\" data-end=\"1024\"><strong data-start=\"801\" data-end=\"882\">Ist der Fizzy Pandora Strawberry Kiwi Pomegranate 12000 Puffs Vape auslaufsicher?<\/strong><br data-start=\"882\" data-end=\"885\">Auf jeden Fall! Das Ger\u00e4t ist auslaufsicher und sorgt daf\u00fcr, dass Ihr Verdampfer sauber und sicher bleibt, w\u00e4hrend es ein nahtloses Erlebnis bietet. <\/p>\n<\/li>\n<li class=\"\" data-start=\"1026\" data-end=\"1253\">\n<p class=\"\" data-start=\"1029\" data-end=\"1253\"><strong data-start=\"1029\" data-end=\"1112\">Welche Nikotinst\u00e4rke hat die Fizzy Pandora Strawberry Kiwi Pomegranate?<\/strong><br data-start=\"1112\" data-end=\"1115\">Die Fizzy Pandora enth\u00e4lt 5% (50mg) Nikotinsalz und bietet einen sanften Kehlkopfschlag f\u00fcr diejenigen, die ein befriedigendes Nikotinerlebnis bevorzugen.<\/p>\n<\/li>\n<\/ul>\n<\/div>\n","protected":false},"excerpt":{"rendered":"<p><strong>Fizzy Pandora Erdbeer-Kiwi-Granatapfel 12000 Puffs<\/strong>: G\u00f6nnen Sie sich eine lebhafte Dreifach-Beeren-Fusion! Erleben Sie die s\u00fc\u00dfe Erdbeere, die spritzige Kiwi und den satten Granatapfel mit einem erfrischenden, sprudelnden Abgang in diesem lang anhaltenden, wiederaufladbaren Einwegdampf. <\/p>\n","protected":false},"featured_media":20668,"comment_status":"open","ping_status":"closed","template":"","meta":{"iawp_total_views":0},"product_brand":[],"product_cat":[304],"product_tag":[305],"class_list":{"0":"post-26450","1":"product","2":"type-product","3":"status-publish","4":"has-post-thumbnail","6":"product_cat-pandora-de","7":"product_tag-12000-puffs-de","9":"first","10":"outofstock","11":"shipping-taxable","12":"purchasable","13":"product-type-variable"},"yoast_head":"<!-- This site is optimized with the Yoast SEO Premium plugin v24.8 (Yoast SEO v24.8) - https:\/\/yoast.com\/wordpress\/plugins\/seo\/ -->\n<title>Fizzy Pandora Erdbeere Kiwi Granatapfel - 12000 Puffs - fizzyvape.eu<\/title>\n<meta name=\"robots\" content=\"index, follow, max-snippet:-1, max-image-preview:large, max-video-preview:-1\" \/>\n<link rel=\"canonical\" href=\"https:\/\/fizzyvape.eu\/de\/produkt\/fizzy-pandora-erdbeere-kiwi-granatapfel-12000-puffs\/\" \/>\n<meta property=\"og:locale\" content=\"de_DE\" \/>\n<meta property=\"og:type\" content=\"article\" \/>\n<meta property=\"og:title\" content=\"Fizzy Pandora Erdbeere Kiwi Granatapfel - 12000 Puffs\" \/>\n<meta property=\"og:description\" content=\"Fizzy Pandora Erdbeer-Kiwi-Granatapfel 12000 Puffs: G\u00f6nnen Sie sich eine lebhafte Dreifach-Beeren-Fusion! Erleben Sie die s\u00fc\u00dfe Erdbeere, die spritzige Kiwi und den satten Granatapfel mit einem erfrischenden, sprudelnden Abgang in diesem lang anhaltenden, wiederaufladbaren Einwegdampf.\" \/>\n<meta property=\"og:url\" content=\"https:\/\/fizzyvape.eu\/de\/produkt\/fizzy-pandora-erdbeere-kiwi-granatapfel-12000-puffs\/\" \/>\n<meta property=\"og:site_name\" content=\"fizzyvape.eu\" \/>\n<meta property=\"og:image\" content=\"https:\/\/www.fizzyvape.eu\/wp-content\/uploads\/2025\/03\/FizzyVape-Pandora-Strawberry-Kiwi-Pomegranate-12000Puff.jpg\" \/>\n\t<meta property=\"og:image:width\" content=\"1057\" \/>\n\t<meta property=\"og:image:height\" content=\"1037\" \/>\n\t<meta property=\"og:image:type\" content=\"image\/jpeg\" \/>\n<meta name=\"twitter:card\" content=\"summary_large_image\" \/>\n<meta name=\"twitter:label1\" content=\"Verf\u00fcgbarkeit\" \/>\n\t<meta name=\"twitter:data1\" content=\"ausverkauft\" \/>\n<script type=\"application\/ld+json\" class=\"yoast-schema-graph\">{\"@context\":\"https:\/\/schema.org\",\"@graph\":[{\"@type\":\"WebPage\",\"@id\":\"https:\/\/fizzyvape.eu\/de\/produkt\/fizzy-pandora-erdbeere-kiwi-granatapfel-12000-puffs\/\",\"url\":\"https:\/\/fizzyvape.eu\/de\/produkt\/fizzy-pandora-erdbeere-kiwi-granatapfel-12000-puffs\/\",\"name\":\"Fizzy Pandora Erdbeere Kiwi Granatapfel - 12000 Puffs - fizzyvape.eu\",\"isPartOf\":{\"@id\":\"https:\/\/www.fizzyvape.eu\/de\/#website\"},\"primaryImageOfPage\":{\"@id\":\"https:\/\/fizzyvape.eu\/de\/produkt\/fizzy-pandora-erdbeere-kiwi-granatapfel-12000-puffs\/#primaryimage\"},\"image\":{\"@id\":\"https:\/\/fizzyvape.eu\/de\/produkt\/fizzy-pandora-erdbeere-kiwi-granatapfel-12000-puffs\/#primaryimage\"},\"thumbnailUrl\":\"https:\/\/fizzyvape.eu\/wp-content\/uploads\/2025\/03\/FizzyVape-Pandora-Strawberry-Kiwi-Pomegranate-12000Puff.jpg\",\"datePublished\":\"2025-03-27T05:41:35+00:00\",\"breadcrumb\":{\"@id\":\"https:\/\/fizzyvape.eu\/de\/produkt\/fizzy-pandora-erdbeere-kiwi-granatapfel-12000-puffs\/#breadcrumb\"},\"inLanguage\":\"de\",\"potentialAction\":[{\"@type\":\"ReadAction\",\"target\":[\"https:\/\/fizzyvape.eu\/de\/produkt\/fizzy-pandora-erdbeere-kiwi-granatapfel-12000-puffs\/\"]}]},{\"@type\":\"ImageObject\",\"inLanguage\":\"de\",\"@id\":\"https:\/\/fizzyvape.eu\/de\/produkt\/fizzy-pandora-erdbeere-kiwi-granatapfel-12000-puffs\/#primaryimage\",\"url\":\"https:\/\/fizzyvape.eu\/wp-content\/uploads\/2025\/03\/FizzyVape-Pandora-Strawberry-Kiwi-Pomegranate-12000Puff.jpg\",\"contentUrl\":\"https:\/\/fizzyvape.eu\/wp-content\/uploads\/2025\/03\/FizzyVape-Pandora-Strawberry-Kiwi-Pomegranate-12000Puff.jpg\",\"width\":1057,\"height\":1037,\"caption\":\"FizzyVape-Pandora-Erdbeere-Kiwi-Granatapfel-12000Puff\"},{\"@type\":\"BreadcrumbList\",\"@id\":\"https:\/\/fizzyvape.eu\/de\/produkt\/fizzy-pandora-erdbeere-kiwi-granatapfel-12000-puffs\/#breadcrumb\",\"itemListElement\":[{\"@type\":\"ListItem\",\"position\":1,\"name\":\"Home\",\"item\":\"https:\/\/fizzyvape.eu\/de\/\"},{\"@type\":\"ListItem\",\"position\":2,\"name\":\"Shop\",\"item\":\"https:\/\/www.fizzyvape.eu\/de\/shop\/\"},{\"@type\":\"ListItem\",\"position\":3,\"name\":\"Fizzy Pandora Erdbeere Kiwi Granatapfel &#8211; 12000 Puffs\"}]},{\"@type\":\"WebSite\",\"@id\":\"https:\/\/www.fizzyvape.eu\/de\/#website\",\"url\":\"https:\/\/www.fizzyvape.eu\/de\/\",\"name\":\"fizzyvape.eu\",\"description\":\"Refreshing Vapes. Unforgettable Taste.\",\"publisher\":{\"@id\":\"https:\/\/www.fizzyvape.eu\/de\/#organization\"},\"potentialAction\":[{\"@type\":\"SearchAction\",\"target\":{\"@type\":\"EntryPoint\",\"urlTemplate\":\"https:\/\/www.fizzyvape.eu\/de\/?s={search_term_string}\"},\"query-input\":{\"@type\":\"PropertyValueSpecification\",\"valueRequired\":true,\"valueName\":\"search_term_string\"}}],\"inLanguage\":\"de\"},{\"@type\":\"Organization\",\"@id\":\"https:\/\/www.fizzyvape.eu\/de\/#organization\",\"name\":\"fizzyvape.eu\",\"url\":\"https:\/\/www.fizzyvape.eu\/de\/\",\"logo\":{\"@type\":\"ImageObject\",\"inLanguage\":\"de\",\"@id\":\"https:\/\/www.fizzyvape.eu\/de\/#\/schema\/logo\/image\/\",\"url\":\"https:\/\/fizzyvape.eu\/wp-content\/uploads\/2019\/06\/print-1.svg\",\"contentUrl\":\"https:\/\/fizzyvape.eu\/wp-content\/uploads\/2019\/06\/print-1.svg\",\"width\":124,\"height\":37,\"caption\":\"fizzyvape.eu\"},\"image\":{\"@id\":\"https:\/\/www.fizzyvape.eu\/de\/#\/schema\/logo\/image\/\"}}]}<\/script>\n<meta property=\"og:availability\" content=\"out of stock\" \/>\n<meta property=\"product:availability\" content=\"out of stock\" \/>\n<meta property=\"product:condition\" content=\"new\" \/>\n<!-- \/ Yoast SEO Premium plugin. -->","yoast_head_json":{"title":"Fizzy Pandora Erdbeere Kiwi Granatapfel - 12000 Puffs - fizzyvape.eu","robots":{"index":"index","follow":"follow","max-snippet":"max-snippet:-1","max-image-preview":"max-image-preview:large","max-video-preview":"max-video-preview:-1"},"canonical":"https:\/\/fizzyvape.eu\/de\/produkt\/fizzy-pandora-erdbeere-kiwi-granatapfel-12000-puffs\/","og_locale":"de_DE","og_type":"article","og_title":"Fizzy Pandora Erdbeere Kiwi Granatapfel - 12000 Puffs","og_description":"Fizzy Pandora Erdbeer-Kiwi-Granatapfel 12000 Puffs: G\u00f6nnen Sie sich eine lebhafte Dreifach-Beeren-Fusion! Erleben Sie die s\u00fc\u00dfe Erdbeere, die spritzige Kiwi und den satten Granatapfel mit einem erfrischenden, sprudelnden Abgang in diesem lang anhaltenden, wiederaufladbaren Einwegdampf.","og_url":"https:\/\/fizzyvape.eu\/de\/produkt\/fizzy-pandora-erdbeere-kiwi-granatapfel-12000-puffs\/","og_site_name":"fizzyvape.eu","og_image":[{"width":1057,"height":1037,"url":"https:\/\/www.fizzyvape.eu\/wp-content\/uploads\/2025\/03\/FizzyVape-Pandora-Strawberry-Kiwi-Pomegranate-12000Puff.jpg","type":"image\/jpeg"}],"twitter_card":"summary_large_image","twitter_misc":{"Verf\u00fcgbarkeit":"ausverkauft"},"schema":{"@context":"https:\/\/schema.org","@graph":[{"@type":"WebPage","@id":"https:\/\/fizzyvape.eu\/de\/produkt\/fizzy-pandora-erdbeere-kiwi-granatapfel-12000-puffs\/","url":"https:\/\/fizzyvape.eu\/de\/produkt\/fizzy-pandora-erdbeere-kiwi-granatapfel-12000-puffs\/","name":"Fizzy Pandora Erdbeere Kiwi Granatapfel - 12000 Puffs - fizzyvape.eu","isPartOf":{"@id":"https:\/\/www.fizzyvape.eu\/de\/#website"},"primaryImageOfPage":{"@id":"https:\/\/fizzyvape.eu\/de\/produkt\/fizzy-pandora-erdbeere-kiwi-granatapfel-12000-puffs\/#primaryimage"},"image":{"@id":"https:\/\/fizzyvape.eu\/de\/produkt\/fizzy-pandora-erdbeere-kiwi-granatapfel-12000-puffs\/#primaryimage"},"thumbnailUrl":"https:\/\/fizzyvape.eu\/wp-content\/uploads\/2025\/03\/FizzyVape-Pandora-Strawberry-Kiwi-Pomegranate-12000Puff.jpg","datePublished":"2025-03-27T05:41:35+00:00","breadcrumb":{"@id":"https:\/\/fizzyvape.eu\/de\/produkt\/fizzy-pandora-erdbeere-kiwi-granatapfel-12000-puffs\/#breadcrumb"},"inLanguage":"de","potentialAction":[{"@type":"ReadAction","target":["https:\/\/fizzyvape.eu\/de\/produkt\/fizzy-pandora-erdbeere-kiwi-granatapfel-12000-puffs\/"]}]},{"@type":"ImageObject","inLanguage":"de","@id":"https:\/\/fizzyvape.eu\/de\/produkt\/fizzy-pandora-erdbeere-kiwi-granatapfel-12000-puffs\/#primaryimage","url":"https:\/\/fizzyvape.eu\/wp-content\/uploads\/2025\/03\/FizzyVape-Pandora-Strawberry-Kiwi-Pomegranate-12000Puff.jpg","contentUrl":"https:\/\/fizzyvape.eu\/wp-content\/uploads\/2025\/03\/FizzyVape-Pandora-Strawberry-Kiwi-Pomegranate-12000Puff.jpg","width":1057,"height":1037,"caption":"FizzyVape-Pandora-Erdbeere-Kiwi-Granatapfel-12000Puff"},{"@type":"BreadcrumbList","@id":"https:\/\/fizzyvape.eu\/de\/produkt\/fizzy-pandora-erdbeere-kiwi-granatapfel-12000-puffs\/#breadcrumb","itemListElement":[{"@type":"ListItem","position":1,"name":"Home","item":"https:\/\/fizzyvape.eu\/de\/"},{"@type":"ListItem","position":2,"name":"Shop","item":"https:\/\/www.fizzyvape.eu\/de\/shop\/"},{"@type":"ListItem","position":3,"name":"Fizzy Pandora Erdbeere Kiwi Granatapfel &#8211; 12000 Puffs"}]},{"@type":"WebSite","@id":"https:\/\/www.fizzyvape.eu\/de\/#website","url":"https:\/\/www.fizzyvape.eu\/de\/","name":"fizzyvape.eu","description":"Refreshing Vapes. Unforgettable Taste.","publisher":{"@id":"https:\/\/www.fizzyvape.eu\/de\/#organization"},"potentialAction":[{"@type":"SearchAction","target":{"@type":"EntryPoint","urlTemplate":"https:\/\/www.fizzyvape.eu\/de\/?s={search_term_string}"},"query-input":{"@type":"PropertyValueSpecification","valueRequired":true,"valueName":"search_term_string"}}],"inLanguage":"de"},{"@type":"Organization","@id":"https:\/\/www.fizzyvape.eu\/de\/#organization","name":"fizzyvape.eu","url":"https:\/\/www.fizzyvape.eu\/de\/","logo":{"@type":"ImageObject","inLanguage":"de","@id":"https:\/\/www.fizzyvape.eu\/de\/#\/schema\/logo\/image\/","url":"https:\/\/fizzyvape.eu\/wp-content\/uploads\/2019\/06\/print-1.svg","contentUrl":"https:\/\/fizzyvape.eu\/wp-content\/uploads\/2019\/06\/print-1.svg","width":124,"height":37,"caption":"fizzyvape.eu"},"image":{"@id":"https:\/\/www.fizzyvape.eu\/de\/#\/schema\/logo\/image\/"}}]},"og_availability":"out of stock","product_availability":"out of stock","product_condition":"new"},"tiered_pricing_type":"fixed","tiered_pricing_fixed_rules":[],"tiered_pricing_product_settings":{"layout":"default","base_unit_name":{"singular":null,"plural":null},"default_variation":null},"tiered_pricing_minimum_quantity":null,"tiered_pricing_roles_data":[],"tiered_pricing_percentage_rules":[],"tiered_pricing_maximum_quantity":null,"tiered_pricing_quantity_step":null,"_links":{"self":[{"href":"https:\/\/fizzyvape.eu\/de\/wp-json\/wp\/v2\/product\/26450","targetHints":{"allow":["GET"]}}],"collection":[{"href":"https:\/\/fizzyvape.eu\/de\/wp-json\/wp\/v2\/product"}],"about":[{"href":"https:\/\/fizzyvape.eu\/de\/wp-json\/wp\/v2\/types\/product"}],"replies":[{"embeddable":true,"href":"https:\/\/fizzyvape.eu\/de\/wp-json\/wp\/v2\/comments?post=26450"}],"version-history":[{"count":0,"href":"https:\/\/fizzyvape.eu\/de\/wp-json\/wp\/v2\/product\/26450\/revisions"}],"wp:featuredmedia":[{"embeddable":true,"href":"https:\/\/fizzyvape.eu\/de\/wp-json\/wp\/v2\/media\/20668"}],"wp:attachment":[{"href":"https:\/\/fizzyvape.eu\/de\/wp-json\/wp\/v2\/media?parent=26450"}],"wp:term":[{"taxonomy":"product_brand","embeddable":true,"href":"https:\/\/fizzyvape.eu\/de\/wp-json\/wp\/v2\/product_brand?post=26450"},{"taxonomy":"product_cat","embeddable":true,"href":"https:\/\/fizzyvape.eu\/de\/wp-json\/wp\/v2\/product_cat?post=26450"},{"taxonomy":"product_tag","embeddable":true,"href":"https:\/\/fizzyvape.eu\/de\/wp-json\/wp\/v2\/product_tag?post=26450"}],"curies":[{"name":"wp","href":"https:\/\/api.w.org\/{rel}","templated":true}]}}