{"id":26500,"date":"2025-03-27T13:55:39","date_gmt":"2025-03-27T05:55:39","guid":{"rendered":"https:\/\/fizzyvape.eu\/product\/fizzy-pandora-heidelbeere-12000-puffs\/"},"modified":"2025-03-27T13:55:39","modified_gmt":"2025-03-27T05:55:39","slug":"fizzy-pandora-heidelbeere-12000-puffs","status":"publish","type":"product","link":"https:\/\/fizzyvape.eu\/de\/produkt\/fizzy-pandora-heidelbeere-12000-puffs\/","title":{"rendered":"Fizzy Pandora Heidelbeere &#8211; 12000 Puffs"},"content":{"rendered":"<div>\n<h2><strong>Fizzy Pandora Blueberry 12000 Puffs &#8211; Premium Triple Berry Einweg Vape<\/strong><\/h2>\n<p>G\u00f6nnen Sie sich mit <strong>Fizzy Pandora Strawberry Kiwi Pomegranate 12000 Puffs<\/strong> ein lebhaftes Beerenmedley &#8211; eine Mischung aus s\u00fc\u00dfen Erdbeeren, spritziger Kiwi und reichhaltigem Granatapfel mit einem funkelnden Finish. Diese Premium-Einwegzigarette liefert 12.000 ultra-weiche Z\u00fcge mit 5% Nikotinsalz in einem schlanken, wiederaufladbaren USB-C Design. <\/p>\n<h3><strong>Warum Fizzy Pandora Blueberry w\u00e4hlen?<\/strong><\/h3>\n<p>\ud83e\uded0 <strong>Echter Fruchtgeschmack<\/strong> &#8211; kein k\u00fcnstlicher Nachgeschmack<br \/>\n\u26a1 <strong>Unerreichte Langlebigkeit<\/strong> &#8211; 2-fache Kapazit\u00e4t des Industriestandards<br \/>\n\ud83d\udc8e <strong>Hochwertige Konstruktion<\/strong> &#8211; Mattblaue Oberfl\u00e4che mit ergonomischem Mundst\u00fcck<br \/>\n\ud83d\udca8 <strong>Smooth Satisfaction<\/strong> &#8211; 5%ige Nikotinsalzformulierung<br \/>\n\ud83c\udf3f <strong>Einsteigerfreundlich<\/strong> &#8211; Sofort einsatzbereit <\/p>\n<p>1 \u00d7 Fizzy Pandora Erdbeer-Kiwi-Granatapfel 12000 Puffs Ger\u00e4t<\/p>\n<\/div>\n<div>\n<h3>Spezifikationen<\/h3>\n<table>\n<tbody>\n<tr>\n<td>Puffs<\/td>\n<td><strong>12000+ Puffs<\/strong><\/td>\n<\/tr>\n<tr>\n<td>E-Liquid Kapazit\u00e4t<\/td>\n<td><strong>20ml<\/strong><\/td>\n<\/tr>\n<tr>\n<td>Akku-Kapazit\u00e4t<\/td>\n<td><strong>650mAh<\/strong><\/td>\n<\/tr>\n<tr>\n<td>Mesh-Spule<\/td>\n<td><strong>1.4\u03a9<\/strong><\/td>\n<\/tr>\n<tr>\n<td>Gr\u00f6\u00dfe<\/td>\n<td><strong>48*20.6*88mm<\/strong><\/td>\n<\/tr>\n<tr>\n<td>Wegwerfbar oder nicht<\/td>\n<td><strong>Einweg<\/strong><\/td>\n<\/tr>\n<tr>\n<td>Methode zum Aufladen<\/td>\n<td><strong>Kabel<\/strong><\/td>\n<\/tr>\n<tr>\n<td>Aktivierungsmethode<\/td>\n<td><strong>Sensor<\/strong><\/td>\n<\/tr>\n<tr>\n<td>Nikotingehalt<\/td>\n<td><strong>5%(50mg\/ml)<\/strong><\/td>\n<\/tr>\n<tr>\n<td>Geschm\u00e4cker<\/td>\n<td><strong>12<\/strong><\/td>\n<\/tr>\n<tr>\n<td>Packung<\/td>\n<td><strong>1 Packung<\/strong><\/td>\n<\/tr>\n<tr>\n<td>Aufladezeit<\/td>\n<td><strong>2 Stunden<\/strong><\/td>\n<\/tr>\n<tr>\n<td>Lagerung<\/td>\n<td><strong>Vermeiden Sie hohe Temperaturen und lagern Sie es an einem k\u00fchlen und trockenen Ort.<\/strong><\/td>\n<\/tr>\n<tr>\n<td>Personen, die das Produkt nicht verwenden d\u00fcrfen<\/td>\n<td><strong>Minderj\u00e4hrige, schwangere Frauen und Personen, die allergisch auf die Inhaltsstoffe des Produkts reagieren.<\/strong><\/td>\n<\/tr>\n<tr>\n<td>Vorsicht<\/td>\n<td><strong>Verschlucken Sie diese Substanz nicht. Sp\u00fclen Sie bei Verschlucken sofort und gr\u00fcndlich den Mund aus. Wenn Sie sich unwohl f\u00fchlen, suchen Sie einen Arzt auf.  <\/strong><\/td>\n<\/tr>\n<\/tbody>\n<\/table>\n<h3><strong>Fizzy Pandora <\/strong>12000 Puffs Geschmacksrichtungen Liste:<\/h3>\n<ol>\n<li><a href=\"https:\/\/fizzyvape.eu\/de\/produkt\/fizzy-pandora-wassermelone-12000-zuege\/\">Wassermelone<\/a><\/li>\n<li><a href=\"https:\/\/fizzyvape.eu\/de\/produkt\/fizzy-pandora-mango-12000-zuege\/\">Mango<\/a><\/li>\n<li><a href=\"https:\/\/fizzyvape.eu\/de\/produkt\/sprudel-pandora-traube-12000-puffs\/\">Weintraube<\/a><\/li>\n<li><a href=\"https:\/\/fizzyvape.eu\/de\/produkt\/fizzy-pandora-granatapfel-12000-puffs\/\">Granatapfel<\/a><\/li>\n<li><a href=\"https:\/\/fizzyvape.eu\/de\/produkt\/fizzy-pandora-pfirsich-12000-puffs\/\">Pfirsich<\/a><\/li>\n<li><a href=\"https:\/\/fizzyvape.eu\/de\/produkt\/fizzy-pandora-heidelbeere-himbeere-12000-puffs\/\">Heidelbeere-Himbeere<\/a><\/li>\n<li><a href=\"https:\/\/fizzyvape.eu\/de\/produkt\/fizzy-pandora-orange-mango-wassermelone-12000-puffs\/\">Orange Mango Wassermelone<\/a><\/li>\n<li><a href=\"https:\/\/fizzyvape.eu\/de\/produkt\/fizzy-pandora-eis-minze-12000-puffs\/\">Eis-Minze<\/a><\/li>\n<li><a href=\"https:\/\/fizzyvape.eu\/de\/produkt\/fizzy-pandora-erdbeere-kiwi-granatapfel-12000-puffs\/\">Erdbeere-Kiwi-Granatapfel<\/a><\/li>\n<li><a href=\"https:\/\/fizzyvape.eu\/de\/produkt\/fizzy-pandora-heidelbeere-12000-puffs\/\">Blaubeere<\/a><\/li>\n<li><a href=\"https:\/\/fizzyvape.eu\/de\/produkt\/fizzy-pandora-erdbeere-12000-windbeutel\/\">Erdbeere<\/a><\/li>\n<li><a href=\"https:\/\/fizzyvape.eu\/de\/produkt\/fizzy-pandora-wassermelone-heidelbeere-12000-puffs\/\">Wassermelone Blaubeere<\/a><\/li>\n<\/ol>\n<h3><strong>FAQ \u00fcber <\/strong><strong>Fizzy Pandora Blueberry 12000 Z\u00fcge <\/strong><strong>Verdampfen<\/strong><\/h3>\n<ul>\n<li class=\"\" data-start=\"103\" data-end=\"349\">\n<p class=\"\" data-start=\"106\" data-end=\"349\"><strong data-start=\"106\" data-end=\"169\">Wie lange sind die Fizzy Pandora Blueberry 12000 Puffs haltbar?<\/strong><br data-start=\"169\" data-end=\"172\">Die Fizzy Pandora Blueberry bietet bis zu 12.000 Z\u00fcge, die bei moderaten Rauchern bis zu 2-3 Wochen halten, mit einem Fassungsverm\u00f6gen von 20mL E-Liquid und einem wiederaufladbaren Akku f\u00fcr eine l\u00e4ngere Nutzung.<\/p>\n<\/li>\n<li class=\"\" data-start=\"351\" data-end=\"559\">\n<p class=\"\" data-start=\"354\" data-end=\"559\"><strong data-start=\"354\" data-end=\"421\">Welche Geschmacksrichtung haben die Fizzy Pandora Blueberry 12000 Puffs?<\/strong><br data-start=\"421\" data-end=\"424\">Die Fizzy Pandora liefert einen reichhaltigen, sanften Blaubeergeschmack mit einer prickelnden Note, die f\u00fcr ein k\u00f6stlich erfrischendes Dampferlebnis sorgt.<\/p>\n<\/li>\n<li class=\"\" data-start=\"561\" data-end=\"783\">\n<p class=\"\" data-start=\"564\" data-end=\"783\"><strong data-start=\"564\" data-end=\"617\">Ist das Fizzy Pandora Blueberry Vape wiederaufladbar?<\/strong><br data-start=\"617\" data-end=\"620\">Ja! Das Ger\u00e4t ist mit einem wiederaufladbaren 650mAh-Akku ausgestattet, der daf\u00fcr sorgt, dass Sie jeden einzelnen Tropfen E-Liquid genie\u00dfen k\u00f6nnen, ohne sich Sorgen machen zu m\u00fcssen, dass der Akku leer ist. <\/p>\n<\/li>\n<li class=\"\" data-start=\"785\" data-end=\"972\">\n<p class=\"\" data-start=\"788\" data-end=\"972\"><strong data-start=\"788\" data-end=\"839\">Ist das Fizzy Pandora Blueberry Vape auslaufsicher?<\/strong><br data-start=\"839\" data-end=\"842\">Ja, der Fizzy Pandora Blueberry Vape ist auslaufsicher und h\u00e4lt Ihr Ger\u00e4t und Ihre Tasche frei von unerw\u00fcnschten Verunreinigungen.<\/p>\n<\/li>\n<li class=\"\" data-start=\"974\" data-end=\"1212\">\n<p class=\"\" data-start=\"977\" data-end=\"1212\"><strong data-start=\"977\" data-end=\"1054\">Welche Nikotinst\u00e4rke hat die Fizzy Pandora Blueberry 12000 Puffs?<\/strong><br data-start=\"1054\" data-end=\"1057\">Das Ger\u00e4t enth\u00e4lt 5% (50mg) Nikotinsalz und bietet einen sanften und befriedigenden Kehlkopfschlag, ideal f\u00fcr erwachsene Dampfer, die ein starkes und dennoch sanftes Erlebnis suchen.<\/p>\n<\/li>\n<\/ul>\n<\/div>\n","protected":false},"excerpt":{"rendered":"<p>G\u00f6nnen Sie sich die <strong>Fizzy Pandora Blueberry 12000 Puffs<\/strong> &#8211; eine Explosion von reichhaltigem, sanftem Blaubeergeschmack mit einem spritzigen Twist. Genie\u00dfen Sie 12.000 ultra-glatte Z\u00fcge, ein wiederaufladbares Design und eine befriedigende 5%ige Nikotinsalzformel. <\/p>\n","protected":false},"featured_media":20612,"comment_status":"open","ping_status":"closed","template":"","meta":{"iawp_total_views":0},"product_brand":[],"product_cat":[304],"product_tag":[305],"class_list":{"0":"post-26500","1":"product","2":"type-product","3":"status-publish","4":"has-post-thumbnail","6":"product_cat-pandora-de","7":"product_tag-12000-puffs-de","9":"first","10":"outofstock","11":"shipping-taxable","12":"purchasable","13":"product-type-variable"},"yoast_head":"<!-- This site is optimized with the Yoast SEO Premium plugin v24.8 (Yoast SEO v27.4) - https:\/\/yoast.com\/product\/yoast-seo-premium-wordpress\/ -->\n<title>Fizzy Pandora Heidelbeere - 12000 Puffs - fizzyvape.eu<\/title>\n<meta name=\"robots\" content=\"index, follow, max-snippet:-1, max-image-preview:large, max-video-preview:-1\" \/>\n<link rel=\"canonical\" href=\"https:\/\/fizzyvape.eu\/de\/produkt\/fizzy-pandora-heidelbeere-12000-puffs\/\" \/>\n<meta property=\"og:locale\" content=\"de_DE\" \/>\n<meta property=\"og:type\" content=\"article\" \/>\n<meta property=\"og:title\" content=\"Fizzy Pandora Heidelbeere - 12000 Puffs\" \/>\n<meta property=\"og:description\" content=\"G\u00f6nnen Sie sich die Fizzy Pandora Blueberry 12000 Puffs - eine Explosion von reichhaltigem, sanftem Blaubeergeschmack mit einem spritzigen Twist. Genie\u00dfen Sie 12.000 ultra-glatte Z\u00fcge, ein wiederaufladbares Design und eine befriedigende 5%ige Nikotinsalzformel.\" \/>\n<meta property=\"og:url\" content=\"https:\/\/fizzyvape.eu\/de\/produkt\/fizzy-pandora-heidelbeere-12000-puffs\/\" \/>\n<meta property=\"og:site_name\" content=\"fizzyvape.eu\" \/>\n<meta property=\"og:image\" content=\"https:\/\/www.fizzyvape.eu\/wp-content\/uploads\/2025\/03\/FizzyVape-Pandora-Blueberry-12000Puff.jpg\" \/>\n\t<meta property=\"og:image:width\" content=\"1057\" \/>\n\t<meta property=\"og:image:height\" content=\"1037\" \/>\n\t<meta property=\"og:image:type\" content=\"image\/jpeg\" \/>\n<meta name=\"twitter:card\" content=\"summary_large_image\" \/>\n<meta name=\"twitter:label1\" content=\"Verf\u00fcgbarkeit\" \/>\n\t<meta name=\"twitter:data1\" content=\"ausverkauft\" \/>\n<script type=\"application\/ld+json\" class=\"yoast-schema-graph\">{\"@context\":\"https:\\\/\\\/schema.org\",\"@graph\":[{\"@type\":\"WebPage\",\"@id\":\"https:\\\/\\\/fizzyvape.eu\\\/de\\\/produkt\\\/fizzy-pandora-heidelbeere-12000-puffs\\\/\",\"url\":\"https:\\\/\\\/fizzyvape.eu\\\/de\\\/produkt\\\/fizzy-pandora-heidelbeere-12000-puffs\\\/\",\"name\":\"Fizzy Pandora Heidelbeere - 12000 Puffs - fizzyvape.eu\",\"isPartOf\":{\"@id\":\"https:\\\/\\\/www.fizzyvape.eu\\\/de\\\/#website\"},\"primaryImageOfPage\":{\"@id\":\"https:\\\/\\\/fizzyvape.eu\\\/de\\\/produkt\\\/fizzy-pandora-heidelbeere-12000-puffs\\\/#primaryimage\"},\"image\":{\"@id\":\"https:\\\/\\\/fizzyvape.eu\\\/de\\\/produkt\\\/fizzy-pandora-heidelbeere-12000-puffs\\\/#primaryimage\"},\"thumbnailUrl\":\"https:\\\/\\\/fizzyvape.eu\\\/wp-content\\\/uploads\\\/2025\\\/03\\\/FizzyVape-Pandora-Blueberry-12000Puff.jpg\",\"datePublished\":\"2025-03-27T05:55:39+00:00\",\"breadcrumb\":{\"@id\":\"https:\\\/\\\/fizzyvape.eu\\\/de\\\/produkt\\\/fizzy-pandora-heidelbeere-12000-puffs\\\/#breadcrumb\"},\"inLanguage\":\"de\",\"potentialAction\":[{\"@type\":\"ReadAction\",\"target\":[\"https:\\\/\\\/fizzyvape.eu\\\/de\\\/produkt\\\/fizzy-pandora-heidelbeere-12000-puffs\\\/\"]}]},{\"@type\":\"ImageObject\",\"inLanguage\":\"de\",\"@id\":\"https:\\\/\\\/fizzyvape.eu\\\/de\\\/produkt\\\/fizzy-pandora-heidelbeere-12000-puffs\\\/#primaryimage\",\"url\":\"https:\\\/\\\/fizzyvape.eu\\\/wp-content\\\/uploads\\\/2025\\\/03\\\/FizzyVape-Pandora-Blueberry-12000Puff.jpg\",\"contentUrl\":\"https:\\\/\\\/fizzyvape.eu\\\/wp-content\\\/uploads\\\/2025\\\/03\\\/FizzyVape-Pandora-Blueberry-12000Puff.jpg\",\"width\":1057,\"height\":1037,\"caption\":\"FizzyVape-Pandora-Blaubeere-12000Puff\"},{\"@type\":\"BreadcrumbList\",\"@id\":\"https:\\\/\\\/fizzyvape.eu\\\/de\\\/produkt\\\/fizzy-pandora-heidelbeere-12000-puffs\\\/#breadcrumb\",\"itemListElement\":[{\"@type\":\"ListItem\",\"position\":1,\"name\":\"Home\",\"item\":\"https:\\\/\\\/fizzyvape.eu\\\/de\\\/\"},{\"@type\":\"ListItem\",\"position\":2,\"name\":\"Shop\",\"item\":\"https:\\\/\\\/www.fizzyvape.eu\\\/de\\\/shop\\\/\"},{\"@type\":\"ListItem\",\"position\":3,\"name\":\"Fizzy Pandora Heidelbeere &#8211; 12000 Puffs\"}]},{\"@type\":\"WebSite\",\"@id\":\"https:\\\/\\\/www.fizzyvape.eu\\\/de\\\/#website\",\"url\":\"https:\\\/\\\/www.fizzyvape.eu\\\/de\\\/\",\"name\":\"fizzyvape.eu\",\"description\":\"Refreshing Vapes. Unforgettable Taste.\",\"publisher\":{\"@id\":\"https:\\\/\\\/www.fizzyvape.eu\\\/de\\\/#organization\"},\"potentialAction\":[{\"@type\":\"SearchAction\",\"target\":{\"@type\":\"EntryPoint\",\"urlTemplate\":\"https:\\\/\\\/www.fizzyvape.eu\\\/de\\\/?s={search_term_string}\"},\"query-input\":{\"@type\":\"PropertyValueSpecification\",\"valueRequired\":true,\"valueName\":\"search_term_string\"}}],\"inLanguage\":\"de\"},{\"@type\":\"Organization\",\"@id\":\"https:\\\/\\\/www.fizzyvape.eu\\\/de\\\/#organization\",\"name\":\"fizzyvape.eu\",\"url\":\"https:\\\/\\\/www.fizzyvape.eu\\\/de\\\/\",\"logo\":{\"@type\":\"ImageObject\",\"inLanguage\":\"de\",\"@id\":\"https:\\\/\\\/www.fizzyvape.eu\\\/de\\\/#\\\/schema\\\/logo\\\/image\\\/\",\"url\":\"https:\\\/\\\/fizzyvape.eu\\\/wp-content\\\/uploads\\\/2019\\\/06\\\/print-1.svg\",\"contentUrl\":\"https:\\\/\\\/fizzyvape.eu\\\/wp-content\\\/uploads\\\/2019\\\/06\\\/print-1.svg\",\"width\":124,\"height\":37,\"caption\":\"fizzyvape.eu\"},\"image\":{\"@id\":\"https:\\\/\\\/www.fizzyvape.eu\\\/de\\\/#\\\/schema\\\/logo\\\/image\\\/\"}}]}<\/script>\n<meta property=\"og:availability\" content=\"out of stock\" \/>\n<meta property=\"product:availability\" content=\"out of stock\" \/>\n<meta property=\"product:condition\" content=\"new\" \/>\n<!-- \/ Yoast SEO Premium plugin. -->","yoast_head_json":{"title":"Fizzy Pandora Heidelbeere - 12000 Puffs - fizzyvape.eu","robots":{"index":"index","follow":"follow","max-snippet":"max-snippet:-1","max-image-preview":"max-image-preview:large","max-video-preview":"max-video-preview:-1"},"canonical":"https:\/\/fizzyvape.eu\/de\/produkt\/fizzy-pandora-heidelbeere-12000-puffs\/","og_locale":"de_DE","og_type":"article","og_title":"Fizzy Pandora Heidelbeere - 12000 Puffs","og_description":"G\u00f6nnen Sie sich die Fizzy Pandora Blueberry 12000 Puffs - eine Explosion von reichhaltigem, sanftem Blaubeergeschmack mit einem spritzigen Twist. Genie\u00dfen Sie 12.000 ultra-glatte Z\u00fcge, ein wiederaufladbares Design und eine befriedigende 5%ige Nikotinsalzformel.","og_url":"https:\/\/fizzyvape.eu\/de\/produkt\/fizzy-pandora-heidelbeere-12000-puffs\/","og_site_name":"fizzyvape.eu","og_image":[{"width":1057,"height":1037,"url":"https:\/\/www.fizzyvape.eu\/wp-content\/uploads\/2025\/03\/FizzyVape-Pandora-Blueberry-12000Puff.jpg","type":"image\/jpeg"}],"twitter_card":"summary_large_image","twitter_misc":{"Verf\u00fcgbarkeit":"ausverkauft"},"schema":{"@context":"https:\/\/schema.org","@graph":[{"@type":"WebPage","@id":"https:\/\/fizzyvape.eu\/de\/produkt\/fizzy-pandora-heidelbeere-12000-puffs\/","url":"https:\/\/fizzyvape.eu\/de\/produkt\/fizzy-pandora-heidelbeere-12000-puffs\/","name":"Fizzy Pandora Heidelbeere - 12000 Puffs - fizzyvape.eu","isPartOf":{"@id":"https:\/\/www.fizzyvape.eu\/de\/#website"},"primaryImageOfPage":{"@id":"https:\/\/fizzyvape.eu\/de\/produkt\/fizzy-pandora-heidelbeere-12000-puffs\/#primaryimage"},"image":{"@id":"https:\/\/fizzyvape.eu\/de\/produkt\/fizzy-pandora-heidelbeere-12000-puffs\/#primaryimage"},"thumbnailUrl":"https:\/\/fizzyvape.eu\/wp-content\/uploads\/2025\/03\/FizzyVape-Pandora-Blueberry-12000Puff.jpg","datePublished":"2025-03-27T05:55:39+00:00","breadcrumb":{"@id":"https:\/\/fizzyvape.eu\/de\/produkt\/fizzy-pandora-heidelbeere-12000-puffs\/#breadcrumb"},"inLanguage":"de","potentialAction":[{"@type":"ReadAction","target":["https:\/\/fizzyvape.eu\/de\/produkt\/fizzy-pandora-heidelbeere-12000-puffs\/"]}]},{"@type":"ImageObject","inLanguage":"de","@id":"https:\/\/fizzyvape.eu\/de\/produkt\/fizzy-pandora-heidelbeere-12000-puffs\/#primaryimage","url":"https:\/\/fizzyvape.eu\/wp-content\/uploads\/2025\/03\/FizzyVape-Pandora-Blueberry-12000Puff.jpg","contentUrl":"https:\/\/fizzyvape.eu\/wp-content\/uploads\/2025\/03\/FizzyVape-Pandora-Blueberry-12000Puff.jpg","width":1057,"height":1037,"caption":"FizzyVape-Pandora-Blaubeere-12000Puff"},{"@type":"BreadcrumbList","@id":"https:\/\/fizzyvape.eu\/de\/produkt\/fizzy-pandora-heidelbeere-12000-puffs\/#breadcrumb","itemListElement":[{"@type":"ListItem","position":1,"name":"Home","item":"https:\/\/fizzyvape.eu\/de\/"},{"@type":"ListItem","position":2,"name":"Shop","item":"https:\/\/www.fizzyvape.eu\/de\/shop\/"},{"@type":"ListItem","position":3,"name":"Fizzy Pandora Heidelbeere &#8211; 12000 Puffs"}]},{"@type":"WebSite","@id":"https:\/\/www.fizzyvape.eu\/de\/#website","url":"https:\/\/www.fizzyvape.eu\/de\/","name":"fizzyvape.eu","description":"Refreshing Vapes. Unforgettable Taste.","publisher":{"@id":"https:\/\/www.fizzyvape.eu\/de\/#organization"},"potentialAction":[{"@type":"SearchAction","target":{"@type":"EntryPoint","urlTemplate":"https:\/\/www.fizzyvape.eu\/de\/?s={search_term_string}"},"query-input":{"@type":"PropertyValueSpecification","valueRequired":true,"valueName":"search_term_string"}}],"inLanguage":"de"},{"@type":"Organization","@id":"https:\/\/www.fizzyvape.eu\/de\/#organization","name":"fizzyvape.eu","url":"https:\/\/www.fizzyvape.eu\/de\/","logo":{"@type":"ImageObject","inLanguage":"de","@id":"https:\/\/www.fizzyvape.eu\/de\/#\/schema\/logo\/image\/","url":"https:\/\/fizzyvape.eu\/wp-content\/uploads\/2019\/06\/print-1.svg","contentUrl":"https:\/\/fizzyvape.eu\/wp-content\/uploads\/2019\/06\/print-1.svg","width":124,"height":37,"caption":"fizzyvape.eu"},"image":{"@id":"https:\/\/www.fizzyvape.eu\/de\/#\/schema\/logo\/image\/"}}]},"og_availability":"out of stock","product_availability":"out of stock","product_condition":"new"},"tiered_pricing_type":"fixed","tiered_pricing_fixed_rules":[],"tiered_pricing_product_settings":{"layout":"default","base_unit_name":{"singular":null,"plural":null},"default_variation":null},"tiered_pricing_minimum_quantity":null,"tiered_pricing_roles_data":[],"tiered_pricing_percentage_rules":[],"tiered_pricing_maximum_quantity":null,"tiered_pricing_quantity_step":null,"_links":{"self":[{"href":"https:\/\/fizzyvape.eu\/de\/wp-json\/wp\/v2\/product\/26500","targetHints":{"allow":["GET"]}}],"collection":[{"href":"https:\/\/fizzyvape.eu\/de\/wp-json\/wp\/v2\/product"}],"about":[{"href":"https:\/\/fizzyvape.eu\/de\/wp-json\/wp\/v2\/types\/product"}],"replies":[{"embeddable":true,"href":"https:\/\/fizzyvape.eu\/de\/wp-json\/wp\/v2\/comments?post=26500"}],"version-history":[{"count":0,"href":"https:\/\/fizzyvape.eu\/de\/wp-json\/wp\/v2\/product\/26500\/revisions"}],"wp:featuredmedia":[{"embeddable":true,"href":"https:\/\/fizzyvape.eu\/de\/wp-json\/wp\/v2\/media\/20612"}],"wp:attachment":[{"href":"https:\/\/fizzyvape.eu\/de\/wp-json\/wp\/v2\/media?parent=26500"}],"wp:term":[{"taxonomy":"product_brand","embeddable":true,"href":"https:\/\/fizzyvape.eu\/de\/wp-json\/wp\/v2\/product_brand?post=26500"},{"taxonomy":"product_cat","embeddable":true,"href":"https:\/\/fizzyvape.eu\/de\/wp-json\/wp\/v2\/product_cat?post=26500"},{"taxonomy":"product_tag","embeddable":true,"href":"https:\/\/fizzyvape.eu\/de\/wp-json\/wp\/v2\/product_tag?post=26500"}],"curies":[{"name":"wp","href":"https:\/\/api.w.org\/{rel}","templated":true}]}}