{"id":26629,"date":"2025-03-26T15:28:33","date_gmt":"2025-03-26T07:28:33","guid":{"rendered":"https:\/\/fizzyvape.eu\/product\/sprudelndes-grosses-traubeneis-10000-zuege\/"},"modified":"2025-03-26T07:28:33","modified_gmt":"2025-03-25T23:28:33","slug":"sprudelndes-grosses-traubeneis-10000-zuege","status":"publish","type":"product","link":"https:\/\/fizzyvape.eu\/de\/produkt\/sprudelndes-grosses-traubeneis-10000-zuege\/","title":{"rendered":"Sprudelndes Gro\u00dfes Traubeneis &#8211; 10000 Z\u00fcge"},"content":{"rendered":"<div>\n<h3><strong>Fizzy Great Grape Ice 10000 Puffs &#8211; Eiskalte Trauben-Euphorie in jedem Zug!<\/strong><\/h3>\n<p>Erleben Sie den <strong>kr\u00e4ftigen, saftigen Geschmack reifer Trauben<\/strong> mit einem <strong>belebenden, eisigen Abgang<\/strong> mit dem <strong>Fizzy Great Grape Ice 10000 Puffs<\/strong> Einwegdampfer. Dieses Premium-Ger\u00e4t liefert einen <strong>s\u00fc\u00dfen, spritzigen Traubengeschmack<\/strong>, der perfekt mit einer <strong>k\u00fchlen Mentholnote<\/strong> ausbalanciert ist und ein erfrischend sanftes Dampferlebnis bietet. Mit <strong>10.000 ultralangen Z\u00fcgen<\/strong> genie\u00dfen Sie ununterbrochenen Genuss ohne l\u00e4stiges Nachf\u00fcllen oder Aufladen.  <\/p>\n<h2><strong>Wesentliche Merkmale<\/strong><\/h2>\n<p>\u2714 <strong>10.000 Puffs<\/strong> &#8211; Lang anhaltende Leistung f\u00fcr wochenlanges Vergn\u00fcgen.<br \/>\n\u2714 <strong>Grape Ice Flavor<\/strong> &#8211; K\u00f6stliche Traubens\u00fc\u00dfe trifft auf eisige Mentholfrische.<br \/>\n\u2714 <strong>Schlank &amp; tragbar<\/strong> &#8211; Kompaktes, leichtes Design f\u00fcr das Dampfen unterwegs.<br \/>\n\u2714 <strong>Vorgef\u00fcllt &amp; vorgeladen<\/strong> &#8211; Sofort einsatzbereit.<br \/>\n\u2714 <strong>Mesh Coil Technologie<\/strong> &#8211; Reichhaltiger, konsistenter Geschmack und dichte Wolken vom ersten bis zum letzten Zug.<\/p>\n<h3><strong>Warum Fizzy Great w\u00e4hlen?<\/strong><\/h3>\n<ul>\n<li><strong>Premium-Qualit\u00e4t<\/strong> &#8211; Laborgepr\u00fcftes E-Liquid f\u00fcr einen sanften, gleichm\u00e4\u00dfigen Geschmack.<\/li>\n<li><strong>Ganzt\u00e4giges Dampfen<\/strong> &#8211; Massive 18 ml Fassungsverm\u00f6gen und langlebiger Akku.<\/li>\n<li><strong>Travel-Ready<\/strong> &#8211; Auslaufsicher und TSA-freundlich (wo erlaubt).<\/li>\n<\/ul>\n<h3>Paket Inhalt<\/h3>\n<p>1 \u00d7 Fizzy Great Grape Ice 10000 Puffs Ger\u00e4t<\/p>\n<\/div>\n<div>\n<h3>Spezifikationen<\/h3>\n<table>\n<tbody>\n<tr>\n<td>Puffs<\/td>\n<td><strong>10000+ Puffs<\/strong><\/td>\n<\/tr>\n<tr>\n<td>E-Liquid Kapazit\u00e4t<\/td>\n<td><strong>18ml<\/strong><\/td>\n<\/tr>\n<tr>\n<td>Akku-Kapazit\u00e4t<\/td>\n<td><strong>650mAh<\/strong><\/td>\n<\/tr>\n<tr>\n<td>Mesh-Spule<\/td>\n<td><strong>1.4\u03a9<\/strong><\/td>\n<\/tr>\n<tr>\n<td>Gr\u00f6\u00dfe<\/td>\n<td><strong>53*30*85.3mm<\/strong><\/td>\n<\/tr>\n<tr>\n<td>Wegwerfbar oder nicht<\/td>\n<td><strong>Einweg<\/strong><\/td>\n<\/tr>\n<tr>\n<td>Methode zum Aufladen<\/td>\n<td><strong>Kabel<\/strong><\/td>\n<\/tr>\n<tr>\n<td>Aktivierungsmethode<\/td>\n<td><strong>Sensor<\/strong><\/td>\n<\/tr>\n<tr>\n<td>Nikotingehalt<\/td>\n<td><strong>5%(50mg\/ml)<\/strong><\/td>\n<\/tr>\n<tr>\n<td>Geschm\u00e4cker<\/td>\n<td><strong>10<\/strong><\/td>\n<\/tr>\n<tr>\n<td>Packung<\/td>\n<td><strong>1 Packung<\/strong><\/td>\n<\/tr>\n<tr>\n<td>Aufladezeit<\/td>\n<td><strong>2 Stunden<\/strong><\/td>\n<\/tr>\n<tr>\n<td>Lagerung<\/td>\n<td><strong>Vermeiden Sie hohe Temperaturen und lagern Sie es an einem k\u00fchlen und trockenen Ort.<\/strong><\/td>\n<\/tr>\n<tr>\n<td>Personen, die das Produkt nicht verwenden d\u00fcrfen<\/td>\n<td><strong>Minderj\u00e4hrige, schwangere Frauen und Personen, die allergisch auf die Inhaltsstoffe des Produkts reagieren.<\/strong><\/td>\n<\/tr>\n<tr>\n<td>Vorsicht<\/td>\n<td><strong>Verschlucken Sie diese Substanz nicht. Sp\u00fclen Sie bei Verschlucken sofort und gr\u00fcndlich den Mund aus. Wenn Sie sich unwohl f\u00fchlen, suchen Sie einen Arzt auf.  <\/strong><\/td>\n<\/tr>\n<\/tbody>\n<\/table>\n<h3><strong>Fizzy Great<\/strong> 10000 Puffs Geschmacksrichtungen Liste:<\/h3>\n<ol>\n<li><a href=\"https:\/\/fizzyvape.eu\/de\/produkt\/fizzy-great-watermelon-10000-windbeutel\/\">Wassermelone<\/a><\/li>\n<li><a href=\"https:\/\/fizzyvape.eu\/de\/produkt\/fizzy-great-blueberry-ice-10000-puffs\/\">Heidelbeere Eis<\/a><\/li>\n<li><a href=\"https:\/\/fizzyvape.eu\/de\/produkt\/sprudelndes-grosses-traubeneis-10000-zuege\/\">Traubeneis<\/a><\/li>\n<li><a href=\"https:\/\/fizzyvape.eu\/de\/produkt\/fizzy-great-lychee-lemon-10000-zuege\/\">Lychee-Zitrone<\/a><\/li>\n<li><a href=\"https:\/\/fizzyvape.eu\/product\/fizzy-great-pineapple-peach-passion-fruit-10000-puffs\/\">Ananas Pfirsich Passionsfrucht<\/a><\/li>\n<li><a href=\"https:\/\/fizzyvape.eu\/product\/fizzy-great-raspberry-grape-10000-puffs\/\">Himbeere Traube<\/a><\/li>\n<li><a href=\"https:\/\/fizzyvape.eu\/de\/produkt\/fizzy-great-peach-10000-zuege\/\">Pfirsich<\/a><\/li>\n<li><a href=\"https:\/\/fizzyvape.eu\/de\/produkt\/fizzy-great-mango-peach-10000-windbeutel\/\">Mango Pfirsich<\/a><\/li>\n<li><a href=\"https:\/\/fizzyvape.eu\/de\/produkt\/fizzy-great-mixed-berry-10000-windbeutel\/\">Gemischte Beere<\/a><\/li>\n<li><a href=\"https:\/\/fizzyvape.eu\/de\/produkt\/fizzy-great-watermelon-strawberry-lemonade-10000-puffs\/\">Wassermelone-Erdbeer-Limonade<\/a><\/li>\n<\/ol>\n<h3><strong>FAQ \u00fcber Fizzy Great Grape Ice<\/strong><strong> <\/strong><strong>Vape<\/strong><\/h3>\n<ol start=\"1\">\n<li><strong>Wie viele Tage werden die 10.000 Z\u00fcge reichen?<\/strong><br \/>\nF\u00fcr die meisten Dampfer h\u00e4lt der Fizzy Great Grape Ice bei regelm\u00e4\u00dfigem Gebrauch 7-14 Tage. Leichte Raucher k\u00f6nnen ihn 3+ Wochen genie\u00dfen, w\u00e4hrend starke Raucher ihn je nach H\u00e4ufigkeit der Z\u00fcge schneller aufbrauchen k\u00f6nnen. <\/li>\n<li><strong>Ist der Traubengeschmack eher s\u00fc\u00df oder eisig?<\/strong><br \/>\nEs ist die perfekte Balance! Sie werden einen s\u00fc\u00dfen, saftigen Traubengeschmack im Vordergrund erleben, gefolgt von einem erfrischenden, eisigen Menthol-Abgang &#8211; nicht zu s\u00fc\u00df, nicht zu kalt, einfach perfekt erfrischend. <\/li>\n<li><strong>Muss dieses Ger\u00e4t gewartet werden?<\/strong><br \/>\nGanz und gar nicht! Die Fizzy Great Grape Ice ist ein kompletter Einwegdampfer, der nicht aufgeladen, nachgef\u00fcllt oder gewechselt werden muss. Verwenden Sie sie einfach direkt aus der Packung, bis sie aufgebraucht ist.  <\/li>\n<li><strong>Welche Nikotinst\u00e4rke ist verf\u00fcgbar?<\/strong><br \/>\nDieses Ger\u00e4t enth\u00e4lt 5% (50mg) Nikotinsalz, das einen befriedigenden Kehlkopfschlag ohne H\u00e4rte bietet.<\/li>\n<li><strong>Bleibt die Qualit\u00e4t des Geschmacks erhalten?<\/strong><br \/>\nAuf jeden Fall! Dank der fortschrittlichen Mesh-Coil-Technologie genie\u00dfen Sie vom ersten bis zum letzten Zug das gleiche reichhaltige Traubeneis-Aroma &#8211; ohne verbrannten Geschmack oder Geschmacksverschlechterung. <\/li>\n<\/ol>\n<\/div>\n","protected":false},"excerpt":{"rendered":"<p><strong>Fizzy Great Grape Ice 10000 Puffs<\/strong> &#8211; Ein frostiger Ausbruch von <strong>saftigen Trauben<\/strong> trifft auf eisiges <strong>Menthol<\/strong> in diesem Premium-Einwegprodukt! Genie\u00dfen Sie <strong>10.000 ultraweiche Z\u00fcge<\/strong> mit perfekt ausgewogenem <strong>, s\u00fc\u00df-herbem Traubengeschmack<\/strong> und einer erfrischenden Abk\u00fchlung. <strong>Vorgef\u00fcllt, vorgeladen und reisefertig &#8211; keine<\/strong>Wartung, nur sofortige Befriedigung. Angetrieben von einer <strong>Mesh-Coil-Technologie<\/strong> f\u00fcr reichen Geschmack und dichte Wolken vom ersten bis zum letzten Zug.  <\/p>\n","protected":false},"featured_media":20212,"comment_status":"open","ping_status":"closed","template":"","meta":{"iawp_total_views":0},"product_brand":[],"product_cat":[290],"product_tag":[291,413],"class_list":{"0":"post-26629","1":"product","2":"type-product","3":"status-publish","4":"has-post-thumbnail","6":"product_cat-great-de","7":"product_tag-10000-zuge","8":"product_tag-traubeneis","10":"first","11":"outofstock","12":"shipping-taxable","13":"purchasable","14":"product-type-variable"},"yoast_head":"<!-- This site is optimized with the Yoast SEO Premium plugin v24.8 (Yoast SEO v24.8) - https:\/\/yoast.com\/wordpress\/plugins\/seo\/ -->\n<title>Sprudelndes Gro\u00dfes Traubeneis - 10000 Z\u00fcge - fizzyvape.eu<\/title>\n<meta name=\"robots\" content=\"index, follow, max-snippet:-1, max-image-preview:large, max-video-preview:-1\" \/>\n<link rel=\"canonical\" href=\"https:\/\/fizzyvape.eu\/de\/produkt\/sprudelndes-grosses-traubeneis-10000-zuege\/\" \/>\n<meta property=\"og:locale\" content=\"de_DE\" \/>\n<meta property=\"og:type\" content=\"article\" \/>\n<meta property=\"og:title\" content=\"Sprudelndes Gro\u00dfes Traubeneis - 10000 Z\u00fcge\" \/>\n<meta property=\"og:description\" content=\"Fizzy Great Grape Ice 10000 Puffs - Ein frostiger Ausbruch von saftigen Trauben trifft auf eisiges Menthol in diesem Premium-Einwegprodukt! Genie\u00dfen Sie 10.000 ultraweiche Z\u00fcge mit perfekt ausgewogenem , s\u00fc\u00df-herbem Traubengeschmack und einer erfrischenden Abk\u00fchlung. Vorgef\u00fcllt, vorgeladen und reisefertig - keineWartung, nur sofortige Befriedigung. Angetrieben von einer Mesh-Coil-Technologie f\u00fcr reichen Geschmack und dichte Wolken vom ersten bis zum letzten Zug.\" \/>\n<meta property=\"og:url\" content=\"https:\/\/fizzyvape.eu\/de\/produkt\/sprudelndes-grosses-traubeneis-10000-zuege\/\" \/>\n<meta property=\"og:site_name\" content=\"fizzyvape.eu\" \/>\n<meta property=\"og:image\" content=\"https:\/\/www.fizzyvape.eu\/wp-content\/uploads\/2025\/03\/FizzyVape-Great-Grape-Ice-10000puff.jpg\" \/>\n\t<meta property=\"og:image:width\" content=\"1057\" \/>\n\t<meta property=\"og:image:height\" content=\"1037\" \/>\n\t<meta property=\"og:image:type\" content=\"image\/jpeg\" \/>\n<meta name=\"twitter:card\" content=\"summary_large_image\" \/>\n<meta name=\"twitter:label1\" content=\"Verf\u00fcgbarkeit\" \/>\n\t<meta name=\"twitter:data1\" content=\"ausverkauft\" \/>\n<script type=\"application\/ld+json\" class=\"yoast-schema-graph\">{\"@context\":\"https:\/\/schema.org\",\"@graph\":[{\"@type\":\"WebPage\",\"@id\":\"https:\/\/fizzyvape.eu\/de\/produkt\/sprudelndes-grosses-traubeneis-10000-zuege\/\",\"url\":\"https:\/\/fizzyvape.eu\/de\/produkt\/sprudelndes-grosses-traubeneis-10000-zuege\/\",\"name\":\"Sprudelndes Gro\u00dfes Traubeneis - 10000 Z\u00fcge - fizzyvape.eu\",\"isPartOf\":{\"@id\":\"https:\/\/www.fizzyvape.eu\/de\/#website\"},\"primaryImageOfPage\":{\"@id\":\"https:\/\/fizzyvape.eu\/de\/produkt\/sprudelndes-grosses-traubeneis-10000-zuege\/#primaryimage\"},\"image\":{\"@id\":\"https:\/\/fizzyvape.eu\/de\/produkt\/sprudelndes-grosses-traubeneis-10000-zuege\/#primaryimage\"},\"thumbnailUrl\":\"https:\/\/fizzyvape.eu\/wp-content\/uploads\/2025\/03\/FizzyVape-Great-Grape-Ice-10000puff.jpg\",\"datePublished\":\"2025-03-26T07:28:33+00:00\",\"breadcrumb\":{\"@id\":\"https:\/\/fizzyvape.eu\/de\/produkt\/sprudelndes-grosses-traubeneis-10000-zuege\/#breadcrumb\"},\"inLanguage\":\"de\",\"potentialAction\":[{\"@type\":\"ReadAction\",\"target\":[\"https:\/\/fizzyvape.eu\/de\/produkt\/sprudelndes-grosses-traubeneis-10000-zuege\/\"]}]},{\"@type\":\"ImageObject\",\"inLanguage\":\"de\",\"@id\":\"https:\/\/fizzyvape.eu\/de\/produkt\/sprudelndes-grosses-traubeneis-10000-zuege\/#primaryimage\",\"url\":\"https:\/\/fizzyvape.eu\/wp-content\/uploads\/2025\/03\/FizzyVape-Great-Grape-Ice-10000puff.jpg\",\"contentUrl\":\"https:\/\/fizzyvape.eu\/wp-content\/uploads\/2025\/03\/FizzyVape-Great-Grape-Ice-10000puff.jpg\",\"width\":1057,\"height\":1037,\"caption\":\"FizzyVape-Great-Grape Ice-10000puff\"},{\"@type\":\"BreadcrumbList\",\"@id\":\"https:\/\/fizzyvape.eu\/de\/produkt\/sprudelndes-grosses-traubeneis-10000-zuege\/#breadcrumb\",\"itemListElement\":[{\"@type\":\"ListItem\",\"position\":1,\"name\":\"Home\",\"item\":\"https:\/\/fizzyvape.eu\/de\/\"},{\"@type\":\"ListItem\",\"position\":2,\"name\":\"Shop\",\"item\":\"https:\/\/www.fizzyvape.eu\/de\/shop\/\"},{\"@type\":\"ListItem\",\"position\":3,\"name\":\"Sprudelndes Gro\u00dfes Traubeneis &#8211; 10000 Z\u00fcge\"}]},{\"@type\":\"WebSite\",\"@id\":\"https:\/\/www.fizzyvape.eu\/de\/#website\",\"url\":\"https:\/\/www.fizzyvape.eu\/de\/\",\"name\":\"fizzyvape.eu\",\"description\":\"Refreshing Vapes. Unforgettable Taste.\",\"publisher\":{\"@id\":\"https:\/\/www.fizzyvape.eu\/de\/#organization\"},\"potentialAction\":[{\"@type\":\"SearchAction\",\"target\":{\"@type\":\"EntryPoint\",\"urlTemplate\":\"https:\/\/www.fizzyvape.eu\/de\/?s={search_term_string}\"},\"query-input\":{\"@type\":\"PropertyValueSpecification\",\"valueRequired\":true,\"valueName\":\"search_term_string\"}}],\"inLanguage\":\"de\"},{\"@type\":\"Organization\",\"@id\":\"https:\/\/www.fizzyvape.eu\/de\/#organization\",\"name\":\"fizzyvape.eu\",\"url\":\"https:\/\/www.fizzyvape.eu\/de\/\",\"logo\":{\"@type\":\"ImageObject\",\"inLanguage\":\"de\",\"@id\":\"https:\/\/www.fizzyvape.eu\/de\/#\/schema\/logo\/image\/\",\"url\":\"https:\/\/fizzyvape.eu\/wp-content\/uploads\/2019\/06\/print-1.svg\",\"contentUrl\":\"https:\/\/fizzyvape.eu\/wp-content\/uploads\/2019\/06\/print-1.svg\",\"width\":124,\"height\":37,\"caption\":\"fizzyvape.eu\"},\"image\":{\"@id\":\"https:\/\/www.fizzyvape.eu\/de\/#\/schema\/logo\/image\/\"}}]}<\/script>\n<meta property=\"og:availability\" content=\"out of stock\" \/>\n<meta property=\"product:availability\" content=\"out of stock\" \/>\n<meta property=\"product:condition\" content=\"new\" \/>\n<!-- \/ Yoast SEO Premium plugin. -->","yoast_head_json":{"title":"Sprudelndes Gro\u00dfes Traubeneis - 10000 Z\u00fcge - fizzyvape.eu","robots":{"index":"index","follow":"follow","max-snippet":"max-snippet:-1","max-image-preview":"max-image-preview:large","max-video-preview":"max-video-preview:-1"},"canonical":"https:\/\/fizzyvape.eu\/de\/produkt\/sprudelndes-grosses-traubeneis-10000-zuege\/","og_locale":"de_DE","og_type":"article","og_title":"Sprudelndes Gro\u00dfes Traubeneis - 10000 Z\u00fcge","og_description":"Fizzy Great Grape Ice 10000 Puffs - Ein frostiger Ausbruch von saftigen Trauben trifft auf eisiges Menthol in diesem Premium-Einwegprodukt! Genie\u00dfen Sie 10.000 ultraweiche Z\u00fcge mit perfekt ausgewogenem , s\u00fc\u00df-herbem Traubengeschmack und einer erfrischenden Abk\u00fchlung. Vorgef\u00fcllt, vorgeladen und reisefertig - keineWartung, nur sofortige Befriedigung. Angetrieben von einer Mesh-Coil-Technologie f\u00fcr reichen Geschmack und dichte Wolken vom ersten bis zum letzten Zug.","og_url":"https:\/\/fizzyvape.eu\/de\/produkt\/sprudelndes-grosses-traubeneis-10000-zuege\/","og_site_name":"fizzyvape.eu","og_image":[{"width":1057,"height":1037,"url":"https:\/\/www.fizzyvape.eu\/wp-content\/uploads\/2025\/03\/FizzyVape-Great-Grape-Ice-10000puff.jpg","type":"image\/jpeg"}],"twitter_card":"summary_large_image","twitter_misc":{"Verf\u00fcgbarkeit":"ausverkauft"},"schema":{"@context":"https:\/\/schema.org","@graph":[{"@type":"WebPage","@id":"https:\/\/fizzyvape.eu\/de\/produkt\/sprudelndes-grosses-traubeneis-10000-zuege\/","url":"https:\/\/fizzyvape.eu\/de\/produkt\/sprudelndes-grosses-traubeneis-10000-zuege\/","name":"Sprudelndes Gro\u00dfes Traubeneis - 10000 Z\u00fcge - fizzyvape.eu","isPartOf":{"@id":"https:\/\/www.fizzyvape.eu\/de\/#website"},"primaryImageOfPage":{"@id":"https:\/\/fizzyvape.eu\/de\/produkt\/sprudelndes-grosses-traubeneis-10000-zuege\/#primaryimage"},"image":{"@id":"https:\/\/fizzyvape.eu\/de\/produkt\/sprudelndes-grosses-traubeneis-10000-zuege\/#primaryimage"},"thumbnailUrl":"https:\/\/fizzyvape.eu\/wp-content\/uploads\/2025\/03\/FizzyVape-Great-Grape-Ice-10000puff.jpg","datePublished":"2025-03-26T07:28:33+00:00","breadcrumb":{"@id":"https:\/\/fizzyvape.eu\/de\/produkt\/sprudelndes-grosses-traubeneis-10000-zuege\/#breadcrumb"},"inLanguage":"de","potentialAction":[{"@type":"ReadAction","target":["https:\/\/fizzyvape.eu\/de\/produkt\/sprudelndes-grosses-traubeneis-10000-zuege\/"]}]},{"@type":"ImageObject","inLanguage":"de","@id":"https:\/\/fizzyvape.eu\/de\/produkt\/sprudelndes-grosses-traubeneis-10000-zuege\/#primaryimage","url":"https:\/\/fizzyvape.eu\/wp-content\/uploads\/2025\/03\/FizzyVape-Great-Grape-Ice-10000puff.jpg","contentUrl":"https:\/\/fizzyvape.eu\/wp-content\/uploads\/2025\/03\/FizzyVape-Great-Grape-Ice-10000puff.jpg","width":1057,"height":1037,"caption":"FizzyVape-Great-Grape Ice-10000puff"},{"@type":"BreadcrumbList","@id":"https:\/\/fizzyvape.eu\/de\/produkt\/sprudelndes-grosses-traubeneis-10000-zuege\/#breadcrumb","itemListElement":[{"@type":"ListItem","position":1,"name":"Home","item":"https:\/\/fizzyvape.eu\/de\/"},{"@type":"ListItem","position":2,"name":"Shop","item":"https:\/\/www.fizzyvape.eu\/de\/shop\/"},{"@type":"ListItem","position":3,"name":"Sprudelndes Gro\u00dfes Traubeneis &#8211; 10000 Z\u00fcge"}]},{"@type":"WebSite","@id":"https:\/\/www.fizzyvape.eu\/de\/#website","url":"https:\/\/www.fizzyvape.eu\/de\/","name":"fizzyvape.eu","description":"Refreshing Vapes. Unforgettable Taste.","publisher":{"@id":"https:\/\/www.fizzyvape.eu\/de\/#organization"},"potentialAction":[{"@type":"SearchAction","target":{"@type":"EntryPoint","urlTemplate":"https:\/\/www.fizzyvape.eu\/de\/?s={search_term_string}"},"query-input":{"@type":"PropertyValueSpecification","valueRequired":true,"valueName":"search_term_string"}}],"inLanguage":"de"},{"@type":"Organization","@id":"https:\/\/www.fizzyvape.eu\/de\/#organization","name":"fizzyvape.eu","url":"https:\/\/www.fizzyvape.eu\/de\/","logo":{"@type":"ImageObject","inLanguage":"de","@id":"https:\/\/www.fizzyvape.eu\/de\/#\/schema\/logo\/image\/","url":"https:\/\/fizzyvape.eu\/wp-content\/uploads\/2019\/06\/print-1.svg","contentUrl":"https:\/\/fizzyvape.eu\/wp-content\/uploads\/2019\/06\/print-1.svg","width":124,"height":37,"caption":"fizzyvape.eu"},"image":{"@id":"https:\/\/www.fizzyvape.eu\/de\/#\/schema\/logo\/image\/"}}]},"og_availability":"out of stock","product_availability":"out of stock","product_condition":"new"},"tiered_pricing_type":"fixed","tiered_pricing_fixed_rules":[],"tiered_pricing_product_settings":{"layout":"default","base_unit_name":{"singular":null,"plural":null},"default_variation":null},"tiered_pricing_minimum_quantity":null,"tiered_pricing_roles_data":[],"tiered_pricing_percentage_rules":[],"tiered_pricing_maximum_quantity":null,"tiered_pricing_quantity_step":null,"_links":{"self":[{"href":"https:\/\/fizzyvape.eu\/de\/wp-json\/wp\/v2\/product\/26629","targetHints":{"allow":["GET"]}}],"collection":[{"href":"https:\/\/fizzyvape.eu\/de\/wp-json\/wp\/v2\/product"}],"about":[{"href":"https:\/\/fizzyvape.eu\/de\/wp-json\/wp\/v2\/types\/product"}],"replies":[{"embeddable":true,"href":"https:\/\/fizzyvape.eu\/de\/wp-json\/wp\/v2\/comments?post=26629"}],"version-history":[{"count":0,"href":"https:\/\/fizzyvape.eu\/de\/wp-json\/wp\/v2\/product\/26629\/revisions"}],"wp:featuredmedia":[{"embeddable":true,"href":"https:\/\/fizzyvape.eu\/de\/wp-json\/wp\/v2\/media\/20212"}],"wp:attachment":[{"href":"https:\/\/fizzyvape.eu\/de\/wp-json\/wp\/v2\/media?parent=26629"}],"wp:term":[{"taxonomy":"product_brand","embeddable":true,"href":"https:\/\/fizzyvape.eu\/de\/wp-json\/wp\/v2\/product_brand?post=26629"},{"taxonomy":"product_cat","embeddable":true,"href":"https:\/\/fizzyvape.eu\/de\/wp-json\/wp\/v2\/product_cat?post=26629"},{"taxonomy":"product_tag","embeddable":true,"href":"https:\/\/fizzyvape.eu\/de\/wp-json\/wp\/v2\/product_tag?post=26629"}],"curies":[{"name":"wp","href":"https:\/\/api.w.org\/{rel}","templated":true}]}}