{"id":27906,"date":"2025-04-21T11:10:46","date_gmt":"2025-04-21T03:10:46","guid":{"rendered":"https:\/\/fizzyvape.eu\/?post_type=product&#038;p=27906"},"modified":"2025-10-31T18:00:13","modified_gmt":"2025-10-31T10:00:13","slug":"fizzy-nova-plus-40000-windbeutel-60stuck","status":"publish","type":"product","link":"https:\/\/fizzyvape.eu\/de\/produkt\/fizzy-nova-plus-40000-windbeutel-60stuck\/","title":{"rendered":"Fizzy Nova Plus 40000 Windbeutel &#8211; 60 Stk."},"content":{"rendered":"<div>\n<h1><strong>Fizzy Nova Plus 40000 Puffs Disposable Vape &#8211; Der Gipfel der Vaping-Innovation<\/strong><\/h1>\n<p>Erleben Sie die Perfektion des Dampfens mit dem <strong>Fizzy Nova Plus 40.000 Puffs Disposable Vape<\/strong>, wo modernste Technologie auf unvergleichlichen Geschmack trifft. Dieses revolution\u00e4re Ger\u00e4t wurde f\u00fcr Dampfer entwickelt, die sowohl Langlebigkeit als auch erstklassige Leistung verlangen. Es liefert <strong>40.000 ultra-glatte Z\u00fcge<\/strong> reichhaltigen, befriedigenden Dampfes in einem schlanken, tragbaren Paket.<\/p>\n<h3>Wichtige Merkmale:<\/h3>\n<p>\ud83d\udd39 <strong>Extended Vaping Power<\/strong> &#8211; Liefert beeindruckende <strong>40.000 Z\u00fcge<\/strong> f\u00fcr lang anhaltenden Genuss.<br \/>\n\ud83d\udd39 <strong>Gro\u00dfz\u00fcgige E-Liquid-Kapazit\u00e4t<\/strong> &#8211; <strong>40mL vorgef\u00fcllte E-Liquid<\/strong> garantiert <strong>wochenlanges Dampfen<\/strong>.<br \/>\n\ud83d\udd39 <strong>Fortschrittliche Dual Mesh Coils<\/strong> &#8211; Erleben Sie <strong>reichhaltigere Aromen und dichteren Dampf<\/strong> mit verbesserter Coil-Technologie.<br \/>\n\ud83d\udd39 <strong>Anpassbare Vaping-Modi<\/strong> &#8211; Wechseln Sie zwischen dem <strong>Eco-Modus f\u00fcr l\u00e4ngeren Gebrauch<\/strong> oder dem <strong>Turbo-Modus f\u00fcr intensiveren Geschmack<\/strong>.<br \/>\n\ud83d\udd39 <strong>Intelligente LED-Anzeige<\/strong> &#8211; Behalten Sie den \u00dcberblick \u00fcber die <strong>Akkulaufzeit und den F\u00fcllstand des E-Liquids<\/strong> auf einen Blick.<br \/>\n\ud83d\udd39 <strong>Schnelles USB-C-Laden<\/strong> &#8211; der <strong>850-mAh-Akku<\/strong> ist in nur <strong>2 Stunden<\/strong> vollst\u00e4ndig aufgeladen und l\u00e4sst sich ohne Unterbrechung nutzen.<\/p>\n<h3>Warum Fizzy Nova Plus w\u00e4hlen?<\/h3>\n<p>\ud83d\udd25 <strong>Unerreichter Wert<\/strong> &#8211; H\u00e4lt Wochen l\u00e4nger als die Konkurrenz<br \/>\n\ud83d\udca8 <strong>Flavor Mastery<\/strong> &#8211; Entwickelt von weltbekannten Geschmacksspezialisten<br \/>\n\u26a1 <strong>Individuelles Erlebnis<\/strong> &#8211; Passen Sie Ihr Vape an Ihre Stimmung an<br \/>\n\ud83d\udeeb <strong>Perfekt f\u00fcr Reisen<\/strong> &#8211; TSA-freundliche Gr\u00f6\u00dfe mit auslaufsicherem Design<br \/>\n\ud83c\udfa8 <strong>Erstklassige \u00c4sthetik<\/strong> &#8211; Elegantes, modernes Aussehen mit langlebiger Konstruktion<\/p>\n<\/div>\n<div>\n<h3><strong>Nikotin-Optionen:<\/strong><\/h3>\n<p>&#8211; <strong>2% (20mg\/ml)<\/strong> &#8211; Ideal f\u00fcr ein sanftes und aromatisches Dampferlebnis<br \/>\n&#8211; <strong>5% (50mg\/ml<\/strong> ) &#8211; Entwickelt f\u00fcr einen st\u00e4rkeren, befriedigenderen Kehlkopfschlag<\/p>\n<h3>Spezifikationen<\/h3>\n<table style=\"height: 449px;\" width=\"1340\">\n<tbody>\n<tr>\n<td>Puffs<\/td>\n<td><strong>40000+ Puffs<\/strong><\/td>\n<\/tr>\n<tr>\n<td>E-Liquid Kapazit\u00e4t<\/td>\n<td><strong>40ml<\/strong><\/td>\n<\/tr>\n<tr>\n<td>Akku-Kapazit\u00e4t<\/td>\n<td><strong>850mAh<\/strong><\/td>\n<\/tr>\n<tr>\n<td>Gr\u00f6\u00dfe<\/td>\n<td><strong>52.5*24.5*104.3mm<\/strong><\/td>\n<\/tr>\n<tr>\n<td>Wegwerfbar oder nicht<\/td>\n<td><strong>Einweg<\/strong><\/td>\n<\/tr>\n<tr>\n<td>Methode zum Aufladen<\/td>\n<td><strong>Kabel<\/strong><\/td>\n<\/tr>\n<tr>\n<td>Aktivierungsmethode<\/td>\n<td><strong>Sensor<\/strong><\/td>\n<\/tr>\n<tr>\n<td>Material<\/td>\n<td><strong>PCTG<\/strong><\/td>\n<\/tr>\n<tr>\n<td>Nikotingehalt<\/td>\n<td><strong>2% (20mg\/ml) &amp; 5% (50mg\/ml)<\/strong><\/td>\n<\/tr>\n<tr>\n<td>Geschm\u00e4cker<\/td>\n<td><strong>12<\/strong><\/td>\n<\/tr>\n<tr>\n<td>Packung<\/td>\n<td><strong>1 Packung<\/strong><\/td>\n<\/tr>\n<tr>\n<td>Aufladezeit<\/td>\n<td><strong>2 Stunden<\/strong><\/td>\n<\/tr>\n<tr>\n<td>Lagerung<\/td>\n<td><strong>Vermeiden Sie hohe Temperaturen und lagern Sie es an einem k\u00fchlen und trockenen Ort.<\/strong><\/td>\n<\/tr>\n<tr>\n<td>Personen, die das Produkt nicht verwenden d\u00fcrfen<\/td>\n<td><strong>Minderj\u00e4hrige, schwangere Frauen und Personen, die allergisch auf die Inhaltsstoffe des Produkts reagieren.<\/strong><\/td>\n<\/tr>\n<tr>\n<td>Vorsicht<\/td>\n<td><strong>Verschlucken Sie diese Substanz nicht. Sp\u00fclen Sie bei Verschlucken sofort und gr\u00fcndlich den Mund aus. Wenn Sie sich unwohl f\u00fchlen, suchen Sie einen Arzt auf. <\/strong><\/td>\n<\/tr>\n<\/tbody>\n<\/table>\n<h3><strong>Fizzy Nova Plus <\/strong>40000 Puffs Geschmacksrichtungen Liste:<\/h3>\n<ol>\n<li><a href=\"https:\/\/fizzyvape.eu\/de\/produkt\/fizzy-nova-plus-erdbeer-kiwi-40000-windbeutel-10-stueck\/\">Erdbeere Kiwi<\/a><\/li>\n<li><a href=\"https:\/\/fizzyvape.eu\/de\/produkt\/fizzy-nova-plus-heidelbeere-eis-40000-puffs-10-stueck\/\">Heidelbeere Eis<\/a><\/li>\n<li><a href=\"https:\/\/fizzyvape.eu\/de\/produkt\/fizzy-nova-plus-wassermelone-eis-40000-puffs-10-stueck\/\">Wassermelone Eis<\/a><\/li>\n<li><a href=\"https:\/\/fizzyvape.eu\/de\/produkt\/fizzy-nova-plus-pfirsich-mango-wassermelone-40000-puffs-10-stueck\/\">Pfirsich Mango Wassermelone<\/a><\/li>\n<li><a href=\"https:\/\/fizzyvape.eu\/de\/produkt\/fizzy-nova-plus-kiwi-passionsfrucht-guave-40000-windbeutel-10-stueck\/\">Kiwi Passionsfrucht Guave<\/a><\/li>\n<li><a href=\"https:\/\/fizzyvape.eu\/de\/produkt\/fizzy-nova-plus-himbeere-zitrone-40000-windbeutel-10-stueck\/\">Himbeere-Zitrone<\/a><\/li>\n<li><a href=\"https:\/\/fizzyvape.eu\/de\/produkt\/fizzy-nova-plus-dreifach-beere-40000-puffs-10-stueck\/\">Dreifach-Beere<\/a><\/li>\n<li><a href=\"https:\/\/fizzyvape.eu\/de\/produkt\/fizzy-nova-plus-pfirsich-eis-40000-puffs-10-stueck\/\">Pfirsich Eis<\/a><\/li>\n<li><a href=\"https:\/\/fizzyvape.eu\/de\/produkt\/fizzy-nova-plus-traube-limette-40000-windbeutel-10-stueck\/\">Weintraube Limette<\/a><\/li>\n<li><a href=\"https:\/\/fizzyvape.eu\/de\/produkt\/fizzy-nova-plus-blue-razz-limonade-40000-puffs-10-stueck\/\">Blue Razz Limonade<\/a><\/li>\n<li><a href=\"https:\/\/fizzyvape.eu\/de\/produkt\/fizzy-nova-plus-strawberry-ice-40000-puffs-10-stueck\/\">Erdbeereis<\/a><\/li>\n<li><a href=\"https:\/\/fizzyvape.eu\/de\/produkt\/fizzy-nova-plus-blaubeere-kokosnuss-40000-windbeutel-10-stueck\/\">Heidelbeere Kokosnuss<\/a><\/li>\n<\/ol>\n<h3>FAQ \u00fcber Fizzy Nova Plus 40000 Puffs Vape<\/h3>\n<ol>\n<li><strong>Wie ist die Anzahl der 40.000 Z\u00fcge im Vergleich zu anderen Einweg-Vapes?<\/strong><br \/>\nUnser Fizzy Nova Plus liefert 3-5 mal mehr Z\u00fcge als herk\u00f6mmliche Einwegprodukte, wobei jedes Ger\u00e4t etwa 4-5 typischen Vape Pens entspricht. Die branchenf\u00fchrende Kapazit\u00e4t von 40 ml E-Liquid sorgt daf\u00fcr, dass Sie das Ger\u00e4t lange nutzen k\u00f6nnen, ohne es h\u00e4ufig austauschen zu m\u00fcssen.<\/li>\n<li><strong>Was ist der Unterschied zwischen dem Eco-Modus und dem Turbo-Modus?<\/strong><br \/>\nDer Eco-Modus optimiert die Akkulaufzeit f\u00fcr l\u00e4ngere Sitzungen (perfekt f\u00fcr ganzt\u00e4giges Dampfen), w\u00e4hrend der Turbo-Modus sowohl die Geschmacksintensit\u00e4t als auch die Dampfproduktion f\u00fcr ein st\u00e4rkeres Erlebnis erh\u00f6ht. Die intelligente LED-Anzeige hilft Ihnen dabei, Ihre Modusauswahl zu \u00fcberwachen.<\/li>\n<li><strong>Wie lange h\u00e4lt der Akku zwischen den Ladevorg\u00e4ngen?<\/strong><br \/>\nDer 850-mAh-Akku reicht in der Regel f\u00fcr die gesamte 40-mL-E-Liquid-Kapazit\u00e4t. Bei Bedarf l\u00e4dt unser USB-C-Schnellladeger\u00e4t das Ger\u00e4t in nur 2 Stunden wieder vollst\u00e4ndig auf &#8211; etwa 3 Mal schneller als Micro-USB-Alternativen.<\/li>\n<li><strong>Welche Nikotinst\u00e4rke sollte ich w\u00e4hlen?<\/strong><br \/>\nF\u00fcr einen sanfteren Geschmack und moderates Nikotin: w\u00e4hlen Sie 2% (20mg\/ml). F\u00fcr eine st\u00e4rkere Befriedigung und einen ausgepr\u00e4gteren Kehlkopfschlag: w\u00e4hlen Sie 5% (50mg\/ml). Beide Optionen bieten das gleiche erstklassige Geschmackserlebnis.<\/li>\n<\/ol>\n<\/div>\n","protected":false},"excerpt":{"rendered":"<p>Erleben Sie eine un\u00fcbertroffene Verdampfungsleistung mit dem <strong>Fizzy Nova Plus 40.000 Puffs Einwegverdampfer &#8211; jetzt<\/strong>erh\u00e4ltlich in einer Gro\u00dfpackung mit 60 St\u00fcck zu einem exklusiven Rabatt! Genie\u00dfen Sie <strong>12 erstklassige Geschmacksrichtungen<\/strong>, darunter Peach Mango Watermelon und Blue Razz Lemonade. Perfekt f\u00fcr Einzelh\u00e4ndler, Gro\u00dfh\u00e4ndler und Vieldampfer &#8211; decken Sie sich jetzt ein, bevor dieses Angebot ausl\u00e4uft!<\/p>\n<p><strong style=\"color: red;\">Bitte geben Sie bei der Bestellung die gew\u00fcnschte Geschmacksrichtung und Menge an!<\/strong><\/p>\n","protected":false},"featured_media":30097,"comment_status":"open","ping_status":"closed","template":"","meta":{"iawp_total_views":0},"product_brand":[],"product_cat":[671],"product_tag":[344],"class_list":{"0":"post-27906","1":"product","2":"type-product","3":"status-publish","4":"has-post-thumbnail","6":"product_cat-bulk-deals-2-de","7":"product_tag-40000-zuge","9":"first","10":"outofstock","11":"sale","12":"shipping-taxable","13":"purchasable","14":"product-type-variable"},"yoast_head":"<!-- This site is optimized with the Yoast SEO Premium plugin v24.8 (Yoast SEO v24.8) - https:\/\/yoast.com\/wordpress\/plugins\/seo\/ -->\n<title>Fizzy Nova Plus 40000 Windbeutel - 60 Stk. - fizzyvape.eu<\/title>\n<meta name=\"description\" content=\"Bestellen Sie 60 St\u00fcck Fizzy Nova Plus 40000 Puffs Einwegdampfer - doppelte Mesh-Spulen, 40 ml e-Fl\u00fcssigkeit und Eco\/Turbo-Modus. Langlebiges Gro\u00dfhandelsangebot f\u00fcr Verdampfer!\" \/>\n<meta name=\"robots\" content=\"index, follow, max-snippet:-1, max-image-preview:large, max-video-preview:-1\" \/>\n<link rel=\"canonical\" href=\"https:\/\/fizzyvape.eu\/de\/produkt\/fizzy-nova-plus-40000-windbeutel-60stuck\/\" \/>\n<meta property=\"og:locale\" content=\"de_DE\" \/>\n<meta property=\"og:type\" content=\"article\" \/>\n<meta property=\"og:title\" content=\"Fizzy Nova Plus 40000 Windbeutel - 60 Stk.\" \/>\n<meta property=\"og:description\" content=\"Bestellen Sie 60 St\u00fcck Fizzy Nova Plus 40000 Puffs Einwegdampfer - doppelte Mesh-Spulen, 40 ml e-Fl\u00fcssigkeit und Eco\/Turbo-Modus. Langlebiges Gro\u00dfhandelsangebot f\u00fcr Verdampfer!\" \/>\n<meta property=\"og:url\" content=\"https:\/\/fizzyvape.eu\/de\/produkt\/fizzy-nova-plus-40000-windbeutel-60stuck\/\" \/>\n<meta property=\"og:site_name\" content=\"fizzyvape.eu\" \/>\n<meta property=\"article:modified_time\" content=\"2025-10-31T10:00:13+00:00\" \/>\n<meta property=\"og:image\" content=\"https:\/\/fizzyvape.eu\/wp-content\/uploads\/2025\/04\/Fizzy-Nova-Plus-40000Puffs-60pcs-2.webp\" \/>\n\t<meta property=\"og:image:width\" content=\"800\" \/>\n\t<meta property=\"og:image:height\" content=\"800\" \/>\n\t<meta property=\"og:image:type\" content=\"image\/webp\" \/>\n<meta name=\"twitter:card\" content=\"summary_large_image\" \/>\n<meta name=\"twitter:label1\" content=\"Verf\u00fcgbarkeit\" \/>\n\t<meta name=\"twitter:data1\" content=\"ausverkauft\" \/>\n<script type=\"application\/ld+json\" class=\"yoast-schema-graph\">{\"@context\":\"https:\/\/schema.org\",\"@graph\":[{\"@type\":\"WebPage\",\"@id\":\"https:\/\/fizzyvape.eu\/de\/produkt\/fizzy-nova-plus-40000-windbeutel-60stuck\/\",\"url\":\"https:\/\/fizzyvape.eu\/de\/produkt\/fizzy-nova-plus-40000-windbeutel-60stuck\/\",\"name\":\"Fizzy Nova Plus 40000 Windbeutel - 60 Stk. - fizzyvape.eu\",\"isPartOf\":{\"@id\":\"https:\/\/www.fizzyvape.eu\/de\/#website\"},\"primaryImageOfPage\":{\"@id\":\"https:\/\/fizzyvape.eu\/de\/produkt\/fizzy-nova-plus-40000-windbeutel-60stuck\/#primaryimage\"},\"image\":{\"@id\":\"https:\/\/fizzyvape.eu\/de\/produkt\/fizzy-nova-plus-40000-windbeutel-60stuck\/#primaryimage\"},\"thumbnailUrl\":\"https:\/\/fizzyvape.eu\/wp-content\/uploads\/2025\/04\/Fizzy-Nova-Plus-40000-Puffs-60pcs.webp\",\"datePublished\":\"2025-04-21T03:10:46+00:00\",\"dateModified\":\"2025-10-31T10:00:13+00:00\",\"description\":\"Bestellen Sie 60 St\u00fcck Fizzy Nova Plus 40000 Puffs Einwegdampfer - doppelte Mesh-Spulen, 40 ml e-Fl\u00fcssigkeit und Eco\/Turbo-Modus. Langlebiges Gro\u00dfhandelsangebot f\u00fcr Verdampfer!\",\"breadcrumb\":{\"@id\":\"https:\/\/fizzyvape.eu\/de\/produkt\/fizzy-nova-plus-40000-windbeutel-60stuck\/#breadcrumb\"},\"inLanguage\":\"de\",\"potentialAction\":[{\"@type\":\"ReadAction\",\"target\":[\"https:\/\/fizzyvape.eu\/de\/produkt\/fizzy-nova-plus-40000-windbeutel-60stuck\/\"]}]},{\"@type\":\"ImageObject\",\"inLanguage\":\"de\",\"@id\":\"https:\/\/fizzyvape.eu\/de\/produkt\/fizzy-nova-plus-40000-windbeutel-60stuck\/#primaryimage\",\"url\":\"https:\/\/fizzyvape.eu\/wp-content\/uploads\/2025\/04\/Fizzy-Nova-Plus-40000-Puffs-60pcs.webp\",\"contentUrl\":\"https:\/\/fizzyvape.eu\/wp-content\/uploads\/2025\/04\/Fizzy-Nova-Plus-40000-Puffs-60pcs.webp\",\"width\":800,\"height\":800,\"caption\":\"Fizzy Nova Plus 40000 Puffs 60pcs\"},{\"@type\":\"BreadcrumbList\",\"@id\":\"https:\/\/fizzyvape.eu\/de\/produkt\/fizzy-nova-plus-40000-windbeutel-60stuck\/#breadcrumb\",\"itemListElement\":[{\"@type\":\"ListItem\",\"position\":1,\"name\":\"Home\",\"item\":\"https:\/\/fizzyvape.eu\/de\/\"},{\"@type\":\"ListItem\",\"position\":2,\"name\":\"Shop\",\"item\":\"https:\/\/www.fizzyvape.eu\/de\/shop\/\"},{\"@type\":\"ListItem\",\"position\":3,\"name\":\"Fizzy Nova Plus 40000 Windbeutel &#8211; 60 Stk.\"}]},{\"@type\":\"WebSite\",\"@id\":\"https:\/\/www.fizzyvape.eu\/de\/#website\",\"url\":\"https:\/\/www.fizzyvape.eu\/de\/\",\"name\":\"fizzyvape.eu\",\"description\":\"Refreshing Vapes. Unforgettable Taste.\",\"publisher\":{\"@id\":\"https:\/\/www.fizzyvape.eu\/de\/#organization\"},\"potentialAction\":[{\"@type\":\"SearchAction\",\"target\":{\"@type\":\"EntryPoint\",\"urlTemplate\":\"https:\/\/www.fizzyvape.eu\/de\/?s={search_term_string}\"},\"query-input\":{\"@type\":\"PropertyValueSpecification\",\"valueRequired\":true,\"valueName\":\"search_term_string\"}}],\"inLanguage\":\"de\"},{\"@type\":\"Organization\",\"@id\":\"https:\/\/www.fizzyvape.eu\/de\/#organization\",\"name\":\"fizzyvape.eu\",\"url\":\"https:\/\/www.fizzyvape.eu\/de\/\",\"logo\":{\"@type\":\"ImageObject\",\"inLanguage\":\"de\",\"@id\":\"https:\/\/www.fizzyvape.eu\/de\/#\/schema\/logo\/image\/\",\"url\":\"https:\/\/fizzyvape.eu\/wp-content\/uploads\/2019\/06\/print-1.svg\",\"contentUrl\":\"https:\/\/fizzyvape.eu\/wp-content\/uploads\/2019\/06\/print-1.svg\",\"width\":124,\"height\":37,\"caption\":\"fizzyvape.eu\"},\"image\":{\"@id\":\"https:\/\/www.fizzyvape.eu\/de\/#\/schema\/logo\/image\/\"}}]}<\/script>\n<meta property=\"og:availability\" content=\"out of stock\" \/>\n<meta property=\"product:availability\" content=\"out of stock\" \/>\n<meta property=\"product:condition\" content=\"new\" \/>\n<!-- \/ Yoast SEO Premium plugin. -->","yoast_head_json":{"title":"Fizzy Nova Plus 40000 Windbeutel - 60 Stk. - fizzyvape.eu","description":"Bestellen Sie 60 St\u00fcck Fizzy Nova Plus 40000 Puffs Einwegdampfer - doppelte Mesh-Spulen, 40 ml e-Fl\u00fcssigkeit und Eco\/Turbo-Modus. Langlebiges Gro\u00dfhandelsangebot f\u00fcr Verdampfer!","robots":{"index":"index","follow":"follow","max-snippet":"max-snippet:-1","max-image-preview":"max-image-preview:large","max-video-preview":"max-video-preview:-1"},"canonical":"https:\/\/fizzyvape.eu\/de\/produkt\/fizzy-nova-plus-40000-windbeutel-60stuck\/","og_locale":"de_DE","og_type":"article","og_title":"Fizzy Nova Plus 40000 Windbeutel - 60 Stk.","og_description":"Bestellen Sie 60 St\u00fcck Fizzy Nova Plus 40000 Puffs Einwegdampfer - doppelte Mesh-Spulen, 40 ml e-Fl\u00fcssigkeit und Eco\/Turbo-Modus. Langlebiges Gro\u00dfhandelsangebot f\u00fcr Verdampfer!","og_url":"https:\/\/fizzyvape.eu\/de\/produkt\/fizzy-nova-plus-40000-windbeutel-60stuck\/","og_site_name":"fizzyvape.eu","article_modified_time":"2025-10-31T10:00:13+00:00","og_image":[{"width":800,"height":800,"url":"https:\/\/fizzyvape.eu\/wp-content\/uploads\/2025\/04\/Fizzy-Nova-Plus-40000Puffs-60pcs-2.webp","type":"image\/webp"}],"twitter_card":"summary_large_image","twitter_misc":{"Verf\u00fcgbarkeit":"ausverkauft"},"schema":{"@context":"https:\/\/schema.org","@graph":[{"@type":"WebPage","@id":"https:\/\/fizzyvape.eu\/de\/produkt\/fizzy-nova-plus-40000-windbeutel-60stuck\/","url":"https:\/\/fizzyvape.eu\/de\/produkt\/fizzy-nova-plus-40000-windbeutel-60stuck\/","name":"Fizzy Nova Plus 40000 Windbeutel - 60 Stk. - fizzyvape.eu","isPartOf":{"@id":"https:\/\/www.fizzyvape.eu\/de\/#website"},"primaryImageOfPage":{"@id":"https:\/\/fizzyvape.eu\/de\/produkt\/fizzy-nova-plus-40000-windbeutel-60stuck\/#primaryimage"},"image":{"@id":"https:\/\/fizzyvape.eu\/de\/produkt\/fizzy-nova-plus-40000-windbeutel-60stuck\/#primaryimage"},"thumbnailUrl":"https:\/\/fizzyvape.eu\/wp-content\/uploads\/2025\/04\/Fizzy-Nova-Plus-40000-Puffs-60pcs.webp","datePublished":"2025-04-21T03:10:46+00:00","dateModified":"2025-10-31T10:00:13+00:00","description":"Bestellen Sie 60 St\u00fcck Fizzy Nova Plus 40000 Puffs Einwegdampfer - doppelte Mesh-Spulen, 40 ml e-Fl\u00fcssigkeit und Eco\/Turbo-Modus. Langlebiges Gro\u00dfhandelsangebot f\u00fcr Verdampfer!","breadcrumb":{"@id":"https:\/\/fizzyvape.eu\/de\/produkt\/fizzy-nova-plus-40000-windbeutel-60stuck\/#breadcrumb"},"inLanguage":"de","potentialAction":[{"@type":"ReadAction","target":["https:\/\/fizzyvape.eu\/de\/produkt\/fizzy-nova-plus-40000-windbeutel-60stuck\/"]}]},{"@type":"ImageObject","inLanguage":"de","@id":"https:\/\/fizzyvape.eu\/de\/produkt\/fizzy-nova-plus-40000-windbeutel-60stuck\/#primaryimage","url":"https:\/\/fizzyvape.eu\/wp-content\/uploads\/2025\/04\/Fizzy-Nova-Plus-40000-Puffs-60pcs.webp","contentUrl":"https:\/\/fizzyvape.eu\/wp-content\/uploads\/2025\/04\/Fizzy-Nova-Plus-40000-Puffs-60pcs.webp","width":800,"height":800,"caption":"Fizzy Nova Plus 40000 Puffs 60pcs"},{"@type":"BreadcrumbList","@id":"https:\/\/fizzyvape.eu\/de\/produkt\/fizzy-nova-plus-40000-windbeutel-60stuck\/#breadcrumb","itemListElement":[{"@type":"ListItem","position":1,"name":"Home","item":"https:\/\/fizzyvape.eu\/de\/"},{"@type":"ListItem","position":2,"name":"Shop","item":"https:\/\/www.fizzyvape.eu\/de\/shop\/"},{"@type":"ListItem","position":3,"name":"Fizzy Nova Plus 40000 Windbeutel &#8211; 60 Stk."}]},{"@type":"WebSite","@id":"https:\/\/www.fizzyvape.eu\/de\/#website","url":"https:\/\/www.fizzyvape.eu\/de\/","name":"fizzyvape.eu","description":"Refreshing Vapes. Unforgettable Taste.","publisher":{"@id":"https:\/\/www.fizzyvape.eu\/de\/#organization"},"potentialAction":[{"@type":"SearchAction","target":{"@type":"EntryPoint","urlTemplate":"https:\/\/www.fizzyvape.eu\/de\/?s={search_term_string}"},"query-input":{"@type":"PropertyValueSpecification","valueRequired":true,"valueName":"search_term_string"}}],"inLanguage":"de"},{"@type":"Organization","@id":"https:\/\/www.fizzyvape.eu\/de\/#organization","name":"fizzyvape.eu","url":"https:\/\/www.fizzyvape.eu\/de\/","logo":{"@type":"ImageObject","inLanguage":"de","@id":"https:\/\/www.fizzyvape.eu\/de\/#\/schema\/logo\/image\/","url":"https:\/\/fizzyvape.eu\/wp-content\/uploads\/2019\/06\/print-1.svg","contentUrl":"https:\/\/fizzyvape.eu\/wp-content\/uploads\/2019\/06\/print-1.svg","width":124,"height":37,"caption":"fizzyvape.eu"},"image":{"@id":"https:\/\/www.fizzyvape.eu\/de\/#\/schema\/logo\/image\/"}}]},"og_availability":"out of stock","product_availability":"out of stock","product_condition":"new"},"tiered_pricing_type":"fixed","tiered_pricing_fixed_rules":[],"tiered_pricing_product_settings":{"layout":"default","base_unit_name":{"singular":null,"plural":null},"default_variation":null},"tiered_pricing_minimum_quantity":null,"tiered_pricing_roles_data":[],"tiered_pricing_percentage_rules":[],"tiered_pricing_maximum_quantity":null,"tiered_pricing_quantity_step":null,"_links":{"self":[{"href":"https:\/\/fizzyvape.eu\/de\/wp-json\/wp\/v2\/product\/27906","targetHints":{"allow":["GET"]}}],"collection":[{"href":"https:\/\/fizzyvape.eu\/de\/wp-json\/wp\/v2\/product"}],"about":[{"href":"https:\/\/fizzyvape.eu\/de\/wp-json\/wp\/v2\/types\/product"}],"replies":[{"embeddable":true,"href":"https:\/\/fizzyvape.eu\/de\/wp-json\/wp\/v2\/comments?post=27906"}],"version-history":[{"count":0,"href":"https:\/\/fizzyvape.eu\/de\/wp-json\/wp\/v2\/product\/27906\/revisions"}],"wp:featuredmedia":[{"embeddable":true,"href":"https:\/\/fizzyvape.eu\/de\/wp-json\/wp\/v2\/media\/30097"}],"wp:attachment":[{"href":"https:\/\/fizzyvape.eu\/de\/wp-json\/wp\/v2\/media?parent=27906"}],"wp:term":[{"taxonomy":"product_brand","embeddable":true,"href":"https:\/\/fizzyvape.eu\/de\/wp-json\/wp\/v2\/product_brand?post=27906"},{"taxonomy":"product_cat","embeddable":true,"href":"https:\/\/fizzyvape.eu\/de\/wp-json\/wp\/v2\/product_cat?post=27906"},{"taxonomy":"product_tag","embeddable":true,"href":"https:\/\/fizzyvape.eu\/de\/wp-json\/wp\/v2\/product_tag?post=27906"}],"curies":[{"name":"wp","href":"https:\/\/api.w.org\/{rel}","templated":true}]}}