{"id":27958,"date":"2025-04-21T11:21:12","date_gmt":"2025-04-21T03:21:12","guid":{"rendered":"https:\/\/fizzyvape.eu\/?post_type=product&#038;p=27958"},"modified":"2025-10-31T17:59:57","modified_gmt":"2025-10-31T09:59:57","slug":"fizzy-nova-plus-40000-windbeutel-120stuck","status":"publish","type":"product","link":"https:\/\/fizzyvape.eu\/de\/produkt\/fizzy-nova-plus-40000-windbeutel-120stuck\/","title":{"rendered":"Fizzy Nova Plus 40000 Windbeutel &#8211; 120 Stk."},"content":{"rendered":"<div>\n<h1>Fizzy Nova Plus 40000 Puffs Einwegverdampfer &#8211; Der ultimative Ausdauer-Verdampfer<\/h1>\n<p>Erleben Sie das Dampfen ohne Grenzen mit dem <strong>Fizzy Nova Plus 40000 Puffs Einwegdampfer<\/strong>. Entwickelt f\u00fcr unvergleichliche Langlebigkeit, au\u00dfergew\u00f6hnliche Geschmacksabgabe und intelligente Technologie, definiert dieses Ger\u00e4t das Einweg-Vape-Erlebnis neu. Ganz gleich, ob Sie sich nach sanftem, gleichm\u00e4\u00dfigem Genuss oder intensiven Geschmacksausbr\u00fcchen sehnen, der Fizzy Nova Plus liefert branchenf\u00fchrende Leistung in einem schlanken, benutzerfreundlichen Design.<\/p>\n<h3>Wichtige Merkmale:<\/h3>\n<p class=\"\" data-start=\"101\" data-end=\"267\">\u2705 <strong data-start=\"103\" data-end=\"136\">Branchenf\u00fchrend mit 40.000 Z\u00fcgen<\/strong>: Erleben Sie langanhaltendes Dampfen mit 40.000 Z\u00fcgen. Das sorgt f\u00fcr langanhaltende Zufriedenheit und reduziert die Notwendigkeit des h\u00e4ufigen Austauschs.<\/p>\n<p class=\"\" data-start=\"269\" data-end=\"417\">\u2705 <strong data-start=\"271\" data-end=\"299\">Erstklassige Geschmacksauswahl<\/strong>: Genie\u00dfen Sie eine Vielzahl von fachm\u00e4nnisch gemischten Fruchtaromen, die mit jedem Zug ein einzigartiges und aufregendes Dampferlebnis bieten.<\/p>\n<p class=\"\" data-start=\"419\" data-end=\"589\">\u2705 <strong data-start=\"421\" data-end=\"450\">Dual Mesh Coil Technologie<\/strong>: Die fortschrittlichen Dual Mesh Coils sorgen f\u00fcr eine gleichm\u00e4\u00dfige Erw\u00e4rmung, die reichhaltigere, intensivere Aromen und dickere Dampfwolken f\u00fcr ein \u00fcberragendes Erlebnis erzeugt.<\/p>\n<p class=\"\" data-start=\"591\" data-end=\"760\">\u2705 <strong data-start=\"593\" data-end=\"619\">Intelligentes Energiemanagement<\/strong>: W\u00e4hlen Sie zwischen dem Eco-Modus f\u00fcr eine l\u00e4ngere Akkulaufzeit und dem Turbo-Modus f\u00fcr eine verbesserte Geschmacks- und Dampfproduktion, um Ihre Sitzung jedes Mal zu optimieren.<\/p>\n<p class=\"\" data-start=\"762\" data-end=\"920\">\u2705 <strong data-start=\"764\" data-end=\"787\">Schnelles USB-C-Laden<\/strong>: Laden Sie den 850-mAh-Akku in nur 2 Stunden mit USB-C-Schnellladung vollst\u00e4ndig auf, um die Ausfallzeiten zu reduzieren und Ihr Dampfvergn\u00fcgen zu maximieren.<\/p>\n<p class=\"\" data-start=\"922\" data-end=\"1076\">\u2705 <strong data-start=\"924\" data-end=\"953\">Langlebig und reisefreundlich<\/strong>: Der Fizzy Nova Plus ist aus luftfahrttauglichen Materialien gefertigt, auslaufsicher, tragbar und f\u00fcr den t\u00e4glichen Gebrauch konzipiert.<\/p>\n<p class=\"\" data-start=\"1078\" data-end=\"1245\">\u2705 <strong data-start=\"1080\" data-end=\"1115\">Gro\u00dfz\u00fcgige 40mL E-Liquid-Kapazit\u00e4t<\/strong>: Genie\u00dfen Sie wochenlanges, ununterbrochenes Dampfvergn\u00fcgen mit den 40 ml vorgef\u00fcllter E-Liquid, ohne dass Sie st\u00e4ndig nachf\u00fcllen m\u00fcssen.<\/p>\n<p class=\"\" data-start=\"1247\" data-end=\"1415\">\u2705 <strong data-start=\"1249\" data-end=\"1270\">Intelligente LED-Anzeige<\/strong>: \u00dcberwachen Sie den Akkustand und den F\u00fcllstand des E-Liquids m\u00fchelos mit dem intuitiven LED-Display, damit Sie immer auf dem Laufenden sind und problemlos dampfen k\u00f6nnen.<\/p>\n<h3>Warum Fizzy Nova Plus w\u00e4hlen?<\/h3>\n<p>\ud83d\udd25 <strong>Unglaubliche Langlebigkeit<\/strong>: H\u00e4lt bis zu 5 Mal l\u00e4nger als typische Einweg-Vapes und bietet einen au\u00dfergew\u00f6hnlichen Wert.<br \/>\n\ud83d\udca8 <strong>\u00dcberlegener Geschmack und Dampf<\/strong>: Dual-Mesh-Coils erschlie\u00dfen das volle Potenzial jeder E-Fl\u00fcssigkeit und liefern intensiven Geschmack und befriedigende Wolken.<br \/>\n\u26a1 <strong>Individuelles Dampfen<\/strong>: Wechseln Sie nahtlos zwischen den Modi Eco und Turbo, um Ihr Dampferlebnis an Ihre Vorlieben anzupassen.<br \/>\n\u2708\ufe0f <strong>Perfekt f\u00fcr Reisen<\/strong>: Sein auslaufsicheres, kompaktes Design macht ihn zu einem idealen Begleiter f\u00fcr Ihren Lebensstil unterwegs (TSA-freundlich).<br \/>\n\ud83d\udee1\ufe0f <strong>Erstklassige Qualit\u00e4t<\/strong>: Die f\u00fcr die Luft- und Raumfahrt geeignete Konstruktion sorgt f\u00fcr Langlebigkeit und ein anspruchsvolles Aussehen und Gef\u00fchl.<\/p>\n<\/div>\n<div>\n<h3><strong>Nikotin-Optionen:<\/strong><\/h3>\n<p>&#8211; <strong>2% (20mg\/ml)<\/strong> &#8211; Ideal f\u00fcr ein sanftes und aromatisches Dampferlebnis<br \/>\n&#8211; <strong>5% (50mg\/ml<\/strong> ) &#8211; Entwickelt f\u00fcr einen st\u00e4rkeren, befriedigenderen Kehlkopfschlag<\/p>\n<h3>Spezifikationen<\/h3>\n<table style=\"height: 449px;\" width=\"1340\">\n<tbody>\n<tr>\n<td>Puffs<\/td>\n<td><strong>40000+ Puffs<\/strong><\/td>\n<\/tr>\n<tr>\n<td>E-Liquid Kapazit\u00e4t<\/td>\n<td><strong>40ml<\/strong><\/td>\n<\/tr>\n<tr>\n<td>Akku-Kapazit\u00e4t<\/td>\n<td><strong>850mAh<\/strong><\/td>\n<\/tr>\n<tr>\n<td>Gr\u00f6\u00dfe<\/td>\n<td><strong>52.5*24.5*104.3mm<\/strong><\/td>\n<\/tr>\n<tr>\n<td>Wegwerfbar oder nicht<\/td>\n<td><strong>Einweg<\/strong><\/td>\n<\/tr>\n<tr>\n<td>Methode zum Aufladen<\/td>\n<td><strong>Kabel<\/strong><\/td>\n<\/tr>\n<tr>\n<td>Aktivierungsmethode<\/td>\n<td><strong>Sensor<\/strong><\/td>\n<\/tr>\n<tr>\n<td>Material<\/td>\n<td><strong>PCTG<\/strong><\/td>\n<\/tr>\n<tr>\n<td>Nikotingehalt<\/td>\n<td><strong>2% (20mg\/ml) &amp; 5% (50mg\/ml)<\/strong><\/td>\n<\/tr>\n<tr>\n<td>Geschm\u00e4cker<\/td>\n<td><strong>12<\/strong><\/td>\n<\/tr>\n<tr>\n<td>Packung<\/td>\n<td><strong>1 Packung<\/strong><\/td>\n<\/tr>\n<tr>\n<td>Aufladezeit<\/td>\n<td><strong>2 Stunden<\/strong><\/td>\n<\/tr>\n<tr>\n<td>Lagerung<\/td>\n<td><strong>Vermeiden Sie hohe Temperaturen und lagern Sie es an einem k\u00fchlen und trockenen Ort.<\/strong><\/td>\n<\/tr>\n<tr>\n<td>Personen, die das Produkt nicht verwenden d\u00fcrfen<\/td>\n<td><strong>Minderj\u00e4hrige, schwangere Frauen und Personen, die allergisch auf die Inhaltsstoffe des Produkts reagieren.<\/strong><\/td>\n<\/tr>\n<tr>\n<td>Vorsicht<\/td>\n<td><strong>Verschlucken Sie diese Substanz nicht. Sp\u00fclen Sie bei Verschlucken sofort und gr\u00fcndlich den Mund aus. Wenn Sie sich unwohl f\u00fchlen, suchen Sie einen Arzt auf. <\/strong><\/td>\n<\/tr>\n<\/tbody>\n<\/table>\n<h3><strong>Fizzy Nova Plus <\/strong>40000 Puffs Geschmacksrichtungen Liste:<\/h3>\n<ol>\n<li><a href=\"https:\/\/fizzyvape.eu\/de\/produkt\/fizzy-nova-plus-erdbeer-kiwi-40000-windbeutel-10-stueck\/\">Erdbeere Kiwi<\/a><\/li>\n<li><a href=\"https:\/\/fizzyvape.eu\/de\/produkt\/fizzy-nova-plus-heidelbeere-eis-40000-puffs-10-stueck\/\">Heidelbeere Eis<\/a><\/li>\n<li><a href=\"https:\/\/fizzyvape.eu\/de\/produkt\/fizzy-nova-plus-wassermelone-eis-40000-puffs-10-stueck\/\">Wassermelone Eis<\/a><\/li>\n<li><a href=\"https:\/\/fizzyvape.eu\/de\/produkt\/fizzy-nova-plus-pfirsich-mango-wassermelone-40000-puffs-10-stueck\/\">Pfirsich Mango Wassermelone<\/a><\/li>\n<li><a href=\"https:\/\/fizzyvape.eu\/de\/produkt\/fizzy-nova-plus-kiwi-passionsfrucht-guave-40000-windbeutel-10-stueck\/\">Kiwi Passionsfrucht Guave<\/a><\/li>\n<li><a href=\"https:\/\/fizzyvape.eu\/de\/produkt\/fizzy-nova-plus-himbeere-zitrone-40000-windbeutel-10-stueck\/\">Himbeere-Zitrone<\/a><\/li>\n<li><a href=\"https:\/\/fizzyvape.eu\/de\/produkt\/fizzy-nova-plus-dreifach-beere-40000-puffs-10-stueck\/\">Dreifach-Beere<\/a><\/li>\n<li><a href=\"https:\/\/fizzyvape.eu\/de\/produkt\/fizzy-nova-plus-pfirsich-eis-40000-puffs-10-stueck\/\">Pfirsich Eis<\/a><\/li>\n<li><a href=\"https:\/\/fizzyvape.eu\/de\/produkt\/fizzy-nova-plus-traube-limette-40000-windbeutel-10-stueck\/\">Weintraube Limette<\/a><\/li>\n<li><a href=\"https:\/\/fizzyvape.eu\/de\/produkt\/fizzy-nova-plus-blue-razz-limonade-40000-puffs-10-stueck\/\">Blue Razz Limonade<\/a><\/li>\n<li><a href=\"https:\/\/fizzyvape.eu\/de\/produkt\/fizzy-nova-plus-strawberry-ice-40000-puffs-10-stueck\/\">Erdbeereis<\/a><\/li>\n<li><a href=\"https:\/\/fizzyvape.eu\/de\/produkt\/fizzy-nova-plus-blaubeere-kokosnuss-40000-windbeutel-10-stueck\/\">Heidelbeere Kokosnuss<\/a><\/li>\n<\/ol>\n<h3>FAQ \u00fcber Fizzy Nova Plus 40000 Puffs Vape<\/h3>\n<p><strong>1. Wie viele Z\u00fcge kann ich mit der Fizzy Nova Plus machen? <\/strong><br \/>\nDer Fizzy Nova Plus ist auf \u00fcber 40.000 Z\u00fcge ausgelegt, was ihn zu einem der langlebigsten Einwegverdampfer auf dem Markt macht. Diese hohe Anzahl an Z\u00fcgen sorgt f\u00fcr langen Genuss, bevor Sie einen Ersatz ben\u00f6tigen.<\/p>\n<p><strong>2. Was ist der Vorteil der Dual-Mesh-Spule und des Dual-Mode-Systems?<\/strong><\/p>\n<ul>\n<li><strong>Das Dual Mesh Coil<\/strong> System verwendet eine fortschrittliche Spulentechnologie, um das E-Liquid gleichm\u00e4\u00dfiger zu erhitzen, was zu reichhaltigeren, nuancierteren Aromen und dichteren Dampfwolken f\u00fchrt. Mit dem <strong>intelligenten Dual-Mode-System<\/strong> k\u00f6nnen Sie Ihr Dampfen individuell gestalten: <strong>Der Eco-Modus<\/strong> verl\u00e4ngert die Akkulaufzeit f\u00fcr eine l\u00e4ngere Nutzung, w\u00e4hrend <strong>der Turbo-Modus<\/strong> den Geschmack und die Dampfproduktion f\u00fcr ein intensiveres Erlebnis verbessert.<\/li>\n<\/ul>\n<p><strong>3. Wie lange h\u00e4lt der Akku, und wie lade ich den Fizzy Nova Plus auf? <\/strong><br \/>\nDas Fizzy Nova Plus ist mit einem 850-mAh-Akku ausgestattet. Er unterst\u00fctzt das USB-C-Schnellladen, wodurch er in etwa 2 Stunden vollst\u00e4ndig aufgeladen ist. Das sorgt f\u00fcr minimale Ausfallzeiten und gleichbleibende Leistung.<\/p>\n<\/div>\n","protected":false},"excerpt":{"rendered":"<p>Holen Sie sich das ultimative Dampferlebnis mit dem <strong>Fizzy Nova Plus 40000 Puffs Disposable Vape<\/strong><strong>(120er Bundle<\/strong>). Mit seinen branchenf\u00fchrenden <strong>40.000 Z\u00fcgen<\/strong> pro Ger\u00e4t, der Dual-Mesh-Coil-Technologie und dem USB-C-Schnellladeanschluss liefert dieser Premium-Dampfer intensiven Geschmack, dichten Dampf und lang anhaltende Leistung.<\/p>\n<p><strong style=\"color: red;\">Bitte geben Sie bei der Bestellung die gew\u00fcnschte Geschmacksrichtung und Menge an!<\/strong><\/p>\n","protected":false},"featured_media":30106,"comment_status":"open","ping_status":"closed","template":"","meta":{"iawp_total_views":0},"product_brand":[],"product_cat":[671],"product_tag":[344],"class_list":{"0":"post-27958","1":"product","2":"type-product","3":"status-publish","4":"has-post-thumbnail","6":"product_cat-bulk-deals-2-de","7":"product_tag-40000-zuge","9":"first","10":"outofstock","11":"sale","12":"shipping-taxable","13":"purchasable","14":"product-type-variable"},"yoast_head":"<!-- This site is optimized with the Yoast SEO Premium plugin v24.8 (Yoast SEO v24.8) - https:\/\/yoast.com\/wordpress\/plugins\/seo\/ -->\n<title>Fizzy Nova Plus 40000 Windbeutel - 120 Stk. - fizzyvape.eu<\/title>\n<meta name=\"description\" content=\"120 St\u00fcck Fizzy Nova Plus 40000 Puffs Einwegdampfer Gro\u00dfhandelspaket! Premium-Aromen, USB-C-Ladung, Mengenrabatt. Befristetes Angebot - bestellen Sie jetzt!\" \/>\n<meta name=\"robots\" content=\"index, follow, max-snippet:-1, max-image-preview:large, max-video-preview:-1\" \/>\n<link rel=\"canonical\" href=\"https:\/\/fizzyvape.eu\/de\/produkt\/fizzy-nova-plus-40000-windbeutel-120stuck\/\" \/>\n<meta property=\"og:locale\" content=\"de_DE\" \/>\n<meta property=\"og:type\" content=\"article\" \/>\n<meta property=\"og:title\" content=\"Fizzy Nova Plus 40000 Windbeutel - 120 Stk.\" \/>\n<meta property=\"og:description\" content=\"120 St\u00fcck Fizzy Nova Plus 40000 Puffs Einwegdampfer Gro\u00dfhandelspaket! Premium-Aromen, USB-C-Ladung, Mengenrabatt. Befristetes Angebot - bestellen Sie jetzt!\" \/>\n<meta property=\"og:url\" content=\"https:\/\/fizzyvape.eu\/de\/produkt\/fizzy-nova-plus-40000-windbeutel-120stuck\/\" \/>\n<meta property=\"og:site_name\" content=\"fizzyvape.eu\" \/>\n<meta property=\"article:modified_time\" content=\"2025-10-31T09:59:57+00:00\" \/>\n<meta property=\"og:image\" content=\"https:\/\/fizzyvape.eu\/wp-content\/uploads\/2025\/04\/Fizzy-Nova-Plus-40000Puffs-120pcs-2.webp\" \/>\n\t<meta property=\"og:image:width\" content=\"800\" \/>\n\t<meta property=\"og:image:height\" content=\"800\" \/>\n\t<meta property=\"og:image:type\" content=\"image\/webp\" \/>\n<meta name=\"twitter:card\" content=\"summary_large_image\" \/>\n<meta name=\"twitter:label1\" content=\"Verf\u00fcgbarkeit\" \/>\n\t<meta name=\"twitter:data1\" content=\"ausverkauft\" \/>\n<script type=\"application\/ld+json\" class=\"yoast-schema-graph\">{\"@context\":\"https:\/\/schema.org\",\"@graph\":[{\"@type\":\"WebPage\",\"@id\":\"https:\/\/fizzyvape.eu\/de\/produkt\/fizzy-nova-plus-40000-windbeutel-120stuck\/\",\"url\":\"https:\/\/fizzyvape.eu\/de\/produkt\/fizzy-nova-plus-40000-windbeutel-120stuck\/\",\"name\":\"Fizzy Nova Plus 40000 Windbeutel - 120 Stk. - fizzyvape.eu\",\"isPartOf\":{\"@id\":\"https:\/\/www.fizzyvape.eu\/de\/#website\"},\"primaryImageOfPage\":{\"@id\":\"https:\/\/fizzyvape.eu\/de\/produkt\/fizzy-nova-plus-40000-windbeutel-120stuck\/#primaryimage\"},\"image\":{\"@id\":\"https:\/\/fizzyvape.eu\/de\/produkt\/fizzy-nova-plus-40000-windbeutel-120stuck\/#primaryimage\"},\"thumbnailUrl\":\"https:\/\/fizzyvape.eu\/wp-content\/uploads\/2025\/04\/Fizzy-Nova-Plus-40000-Puffs-120pcs.webp\",\"datePublished\":\"2025-04-21T03:21:12+00:00\",\"dateModified\":\"2025-10-31T09:59:57+00:00\",\"description\":\"120 St\u00fcck Fizzy Nova Plus 40000 Puffs Einwegdampfer Gro\u00dfhandelspaket! Premium-Aromen, USB-C-Ladung, Mengenrabatt. Befristetes Angebot - bestellen Sie jetzt!\",\"breadcrumb\":{\"@id\":\"https:\/\/fizzyvape.eu\/de\/produkt\/fizzy-nova-plus-40000-windbeutel-120stuck\/#breadcrumb\"},\"inLanguage\":\"de\",\"potentialAction\":[{\"@type\":\"ReadAction\",\"target\":[\"https:\/\/fizzyvape.eu\/de\/produkt\/fizzy-nova-plus-40000-windbeutel-120stuck\/\"]}]},{\"@type\":\"ImageObject\",\"inLanguage\":\"de\",\"@id\":\"https:\/\/fizzyvape.eu\/de\/produkt\/fizzy-nova-plus-40000-windbeutel-120stuck\/#primaryimage\",\"url\":\"https:\/\/fizzyvape.eu\/wp-content\/uploads\/2025\/04\/Fizzy-Nova-Plus-40000-Puffs-120pcs.webp\",\"contentUrl\":\"https:\/\/fizzyvape.eu\/wp-content\/uploads\/2025\/04\/Fizzy-Nova-Plus-40000-Puffs-120pcs.webp\",\"width\":800,\"height\":800,\"caption\":\"Fizzy Nova Plus 40000 Puffs 120pcs\"},{\"@type\":\"BreadcrumbList\",\"@id\":\"https:\/\/fizzyvape.eu\/de\/produkt\/fizzy-nova-plus-40000-windbeutel-120stuck\/#breadcrumb\",\"itemListElement\":[{\"@type\":\"ListItem\",\"position\":1,\"name\":\"Home\",\"item\":\"https:\/\/fizzyvape.eu\/de\/\"},{\"@type\":\"ListItem\",\"position\":2,\"name\":\"Shop\",\"item\":\"https:\/\/www.fizzyvape.eu\/de\/shop\/\"},{\"@type\":\"ListItem\",\"position\":3,\"name\":\"Fizzy Nova Plus 40000 Windbeutel &#8211; 120 Stk.\"}]},{\"@type\":\"WebSite\",\"@id\":\"https:\/\/www.fizzyvape.eu\/de\/#website\",\"url\":\"https:\/\/www.fizzyvape.eu\/de\/\",\"name\":\"fizzyvape.eu\",\"description\":\"Refreshing Vapes. Unforgettable Taste.\",\"publisher\":{\"@id\":\"https:\/\/www.fizzyvape.eu\/de\/#organization\"},\"potentialAction\":[{\"@type\":\"SearchAction\",\"target\":{\"@type\":\"EntryPoint\",\"urlTemplate\":\"https:\/\/www.fizzyvape.eu\/de\/?s={search_term_string}\"},\"query-input\":{\"@type\":\"PropertyValueSpecification\",\"valueRequired\":true,\"valueName\":\"search_term_string\"}}],\"inLanguage\":\"de\"},{\"@type\":\"Organization\",\"@id\":\"https:\/\/www.fizzyvape.eu\/de\/#organization\",\"name\":\"fizzyvape.eu\",\"url\":\"https:\/\/www.fizzyvape.eu\/de\/\",\"logo\":{\"@type\":\"ImageObject\",\"inLanguage\":\"de\",\"@id\":\"https:\/\/www.fizzyvape.eu\/de\/#\/schema\/logo\/image\/\",\"url\":\"https:\/\/fizzyvape.eu\/wp-content\/uploads\/2019\/06\/print-1.svg\",\"contentUrl\":\"https:\/\/fizzyvape.eu\/wp-content\/uploads\/2019\/06\/print-1.svg\",\"width\":124,\"height\":37,\"caption\":\"fizzyvape.eu\"},\"image\":{\"@id\":\"https:\/\/www.fizzyvape.eu\/de\/#\/schema\/logo\/image\/\"}}]}<\/script>\n<meta property=\"og:availability\" content=\"out of stock\" \/>\n<meta property=\"product:availability\" content=\"out of stock\" \/>\n<meta property=\"product:condition\" content=\"new\" \/>\n<!-- \/ Yoast SEO Premium plugin. -->","yoast_head_json":{"title":"Fizzy Nova Plus 40000 Windbeutel - 120 Stk. - fizzyvape.eu","description":"120 St\u00fcck Fizzy Nova Plus 40000 Puffs Einwegdampfer Gro\u00dfhandelspaket! Premium-Aromen, USB-C-Ladung, Mengenrabatt. Befristetes Angebot - bestellen Sie jetzt!","robots":{"index":"index","follow":"follow","max-snippet":"max-snippet:-1","max-image-preview":"max-image-preview:large","max-video-preview":"max-video-preview:-1"},"canonical":"https:\/\/fizzyvape.eu\/de\/produkt\/fizzy-nova-plus-40000-windbeutel-120stuck\/","og_locale":"de_DE","og_type":"article","og_title":"Fizzy Nova Plus 40000 Windbeutel - 120 Stk.","og_description":"120 St\u00fcck Fizzy Nova Plus 40000 Puffs Einwegdampfer Gro\u00dfhandelspaket! Premium-Aromen, USB-C-Ladung, Mengenrabatt. Befristetes Angebot - bestellen Sie jetzt!","og_url":"https:\/\/fizzyvape.eu\/de\/produkt\/fizzy-nova-plus-40000-windbeutel-120stuck\/","og_site_name":"fizzyvape.eu","article_modified_time":"2025-10-31T09:59:57+00:00","og_image":[{"width":800,"height":800,"url":"https:\/\/fizzyvape.eu\/wp-content\/uploads\/2025\/04\/Fizzy-Nova-Plus-40000Puffs-120pcs-2.webp","type":"image\/webp"}],"twitter_card":"summary_large_image","twitter_misc":{"Verf\u00fcgbarkeit":"ausverkauft"},"schema":{"@context":"https:\/\/schema.org","@graph":[{"@type":"WebPage","@id":"https:\/\/fizzyvape.eu\/de\/produkt\/fizzy-nova-plus-40000-windbeutel-120stuck\/","url":"https:\/\/fizzyvape.eu\/de\/produkt\/fizzy-nova-plus-40000-windbeutel-120stuck\/","name":"Fizzy Nova Plus 40000 Windbeutel - 120 Stk. - fizzyvape.eu","isPartOf":{"@id":"https:\/\/www.fizzyvape.eu\/de\/#website"},"primaryImageOfPage":{"@id":"https:\/\/fizzyvape.eu\/de\/produkt\/fizzy-nova-plus-40000-windbeutel-120stuck\/#primaryimage"},"image":{"@id":"https:\/\/fizzyvape.eu\/de\/produkt\/fizzy-nova-plus-40000-windbeutel-120stuck\/#primaryimage"},"thumbnailUrl":"https:\/\/fizzyvape.eu\/wp-content\/uploads\/2025\/04\/Fizzy-Nova-Plus-40000-Puffs-120pcs.webp","datePublished":"2025-04-21T03:21:12+00:00","dateModified":"2025-10-31T09:59:57+00:00","description":"120 St\u00fcck Fizzy Nova Plus 40000 Puffs Einwegdampfer Gro\u00dfhandelspaket! Premium-Aromen, USB-C-Ladung, Mengenrabatt. Befristetes Angebot - bestellen Sie jetzt!","breadcrumb":{"@id":"https:\/\/fizzyvape.eu\/de\/produkt\/fizzy-nova-plus-40000-windbeutel-120stuck\/#breadcrumb"},"inLanguage":"de","potentialAction":[{"@type":"ReadAction","target":["https:\/\/fizzyvape.eu\/de\/produkt\/fizzy-nova-plus-40000-windbeutel-120stuck\/"]}]},{"@type":"ImageObject","inLanguage":"de","@id":"https:\/\/fizzyvape.eu\/de\/produkt\/fizzy-nova-plus-40000-windbeutel-120stuck\/#primaryimage","url":"https:\/\/fizzyvape.eu\/wp-content\/uploads\/2025\/04\/Fizzy-Nova-Plus-40000-Puffs-120pcs.webp","contentUrl":"https:\/\/fizzyvape.eu\/wp-content\/uploads\/2025\/04\/Fizzy-Nova-Plus-40000-Puffs-120pcs.webp","width":800,"height":800,"caption":"Fizzy Nova Plus 40000 Puffs 120pcs"},{"@type":"BreadcrumbList","@id":"https:\/\/fizzyvape.eu\/de\/produkt\/fizzy-nova-plus-40000-windbeutel-120stuck\/#breadcrumb","itemListElement":[{"@type":"ListItem","position":1,"name":"Home","item":"https:\/\/fizzyvape.eu\/de\/"},{"@type":"ListItem","position":2,"name":"Shop","item":"https:\/\/www.fizzyvape.eu\/de\/shop\/"},{"@type":"ListItem","position":3,"name":"Fizzy Nova Plus 40000 Windbeutel &#8211; 120 Stk."}]},{"@type":"WebSite","@id":"https:\/\/www.fizzyvape.eu\/de\/#website","url":"https:\/\/www.fizzyvape.eu\/de\/","name":"fizzyvape.eu","description":"Refreshing Vapes. Unforgettable Taste.","publisher":{"@id":"https:\/\/www.fizzyvape.eu\/de\/#organization"},"potentialAction":[{"@type":"SearchAction","target":{"@type":"EntryPoint","urlTemplate":"https:\/\/www.fizzyvape.eu\/de\/?s={search_term_string}"},"query-input":{"@type":"PropertyValueSpecification","valueRequired":true,"valueName":"search_term_string"}}],"inLanguage":"de"},{"@type":"Organization","@id":"https:\/\/www.fizzyvape.eu\/de\/#organization","name":"fizzyvape.eu","url":"https:\/\/www.fizzyvape.eu\/de\/","logo":{"@type":"ImageObject","inLanguage":"de","@id":"https:\/\/www.fizzyvape.eu\/de\/#\/schema\/logo\/image\/","url":"https:\/\/fizzyvape.eu\/wp-content\/uploads\/2019\/06\/print-1.svg","contentUrl":"https:\/\/fizzyvape.eu\/wp-content\/uploads\/2019\/06\/print-1.svg","width":124,"height":37,"caption":"fizzyvape.eu"},"image":{"@id":"https:\/\/www.fizzyvape.eu\/de\/#\/schema\/logo\/image\/"}}]},"og_availability":"out of stock","product_availability":"out of stock","product_condition":"new"},"tiered_pricing_type":"fixed","tiered_pricing_fixed_rules":[],"tiered_pricing_product_settings":{"layout":"default","base_unit_name":{"singular":null,"plural":null},"default_variation":null},"tiered_pricing_minimum_quantity":null,"tiered_pricing_roles_data":[],"tiered_pricing_percentage_rules":[],"tiered_pricing_maximum_quantity":null,"tiered_pricing_quantity_step":null,"_links":{"self":[{"href":"https:\/\/fizzyvape.eu\/de\/wp-json\/wp\/v2\/product\/27958","targetHints":{"allow":["GET"]}}],"collection":[{"href":"https:\/\/fizzyvape.eu\/de\/wp-json\/wp\/v2\/product"}],"about":[{"href":"https:\/\/fizzyvape.eu\/de\/wp-json\/wp\/v2\/types\/product"}],"replies":[{"embeddable":true,"href":"https:\/\/fizzyvape.eu\/de\/wp-json\/wp\/v2\/comments?post=27958"}],"version-history":[{"count":0,"href":"https:\/\/fizzyvape.eu\/de\/wp-json\/wp\/v2\/product\/27958\/revisions"}],"wp:featuredmedia":[{"embeddable":true,"href":"https:\/\/fizzyvape.eu\/de\/wp-json\/wp\/v2\/media\/30106"}],"wp:attachment":[{"href":"https:\/\/fizzyvape.eu\/de\/wp-json\/wp\/v2\/media?parent=27958"}],"wp:term":[{"taxonomy":"product_brand","embeddable":true,"href":"https:\/\/fizzyvape.eu\/de\/wp-json\/wp\/v2\/product_brand?post=27958"},{"taxonomy":"product_cat","embeddable":true,"href":"https:\/\/fizzyvape.eu\/de\/wp-json\/wp\/v2\/product_cat?post=27958"},{"taxonomy":"product_tag","embeddable":true,"href":"https:\/\/fizzyvape.eu\/de\/wp-json\/wp\/v2\/product_tag?post=27958"}],"curies":[{"name":"wp","href":"https:\/\/api.w.org\/{rel}","templated":true}]}}