{"id":32977,"date":"2025-06-11T10:33:33","date_gmt":"2025-06-11T02:33:33","guid":{"rendered":"https:\/\/fizzyvape.eu\/product\/fizzy-max-iii-6in1-60k-60000-puffs-wiederaufladbare-einweg-vape-erdbeere-drachenfrucht-red-bull-himbeere-wassermelone-10-stueck\/"},"modified":"2025-06-11T10:33:33","modified_gmt":"2025-06-11T02:33:33","slug":"fizzy-max-iii-6in1-60k-60000-puffs-wiederaufladbare-einweg-vape-erdbeere-drachenfrucht-red-bull-himbeere-wassermelone-10-stueck","status":"publish","type":"product","link":"https:\/\/fizzyvape.eu\/de\/produkt\/fizzy-max-iii-6in1-60k-60000-puffs-wiederaufladbare-einweg-vape-erdbeere-drachenfrucht-red-bull-himbeere-wassermelone-10-stueck\/","title":{"rendered":"Fizzy Max III 6in1 60K 60000 Puffs Wiederaufladbare Einweg-Vape &#8211; Erdbeere Drachenfrucht &amp; Red Bull &amp; Himbeere Wassermelone &#8211; 10 St\u00fcck"},"content":{"rendered":"<p><img decoding=\"async\" class=\"aligncenter\" src=\"https:\/\/fizzyvape.eu\/wp-content\/uploads\/2025\/06\/Fizzy-Max-III-6in1-60K-60000-Puffs-7-1.webp\" alt=\"Fizzy Max III 60000 Z\u00fcge 6in1 Einweg-Dampfger\u00e4t (7)\"><\/p>\n<h2>Fizzy Max III 6in1 60K 60000 Puffs Wiederaufladbare Einweg-Vape &#8211; Erdbeere Drachenfrucht &amp; Red Bull &amp; Himbeere Wassermelone &#8211; 10 St\u00fcck<\/h2>\n<h3><strong>6 Geschmacksrichtungen. 1 Ger\u00e4t. 60.000 Puffs.  <\/strong><\/h3>\n<p>Erleben Sie eine neue Dimension des Dampfens mit dem <strong>Fizzy Max III 6in1<\/strong>, einem wiederaufladbaren Einwegdampfer, der bis zu <strong>60.000 Z\u00fcge<\/strong> aus drei vorgef\u00fcllten 20mL-Pods liefert. Mit <strong>Strawberry Dragon Fruit, Red Bull und Raspberry Watermelon<\/strong> sowie drei aufregenden Mix-Modi bietet dieses Ger\u00e4t <strong>sechs verschiedene Geschmacksrichtungen in einem<\/strong> schlanken Design. <\/p>\n<h4><strong>Geschmacksrichtungen:<\/strong><\/h4>\n<ul>\n<li><strong>Erdbeere Drachenfrucht (A)<\/strong><\/li>\n<li><strong>Red Bull (B)<\/strong><\/li>\n<li><strong>Himbeere Wassermelone (C)<\/strong><\/li>\n<\/ul>\n<h4><strong>Mix-Modi:<\/strong><\/h4>\n<ul>\n<li><strong>Mix AB<\/strong> &#8211; Tropische Erdbeer-Energie mit einem spritzigen Twist<\/li>\n<li><strong>Mix BC<\/strong> &#8211; Eine elektrische Fusion aus Red Bull und Wassermelone-Himbeere<\/li>\n<li><strong>Mix CA<\/strong> &#8211; Exotische Beeren-Melone mit tropischem Fruchtflair<\/li>\n<\/ul>\n<p><strong>Drehen Sie das Mundst\u00fcck<\/strong>, um die Geschmacksrichtungen in diesem nahtlosen Zyklus zu wechseln:<br \/>\n<strong>A \u2192 Mix AB \u2192 B \u2192 Mix BC \u2192 C \u2192 Mix CA<\/strong><\/p>\n<p>Wechseln Sie mit einer einfachen Drehung des Mundst\u00fccks nahtlos durch alle sechs m\u00f6glichen Geschmacksrichtungen. Genie\u00dfen Sie den ultimativen Komfort des 6-in-1-Systems. Neugierig geworden? Sehen Sie sich unser <a href=\"https:\/\/www.youtube.com\/watch?v=CoxB_HvaU3k\">Demonstrationsvideo<\/a> an.   <\/p>\n<h3><strong>Produkt-Highlights<\/strong><\/h3>\n<ul>\n<li><strong>Bis zu 60.000 Z\u00fcge<\/strong> f\u00fcr eine lange Nutzungsdauer<\/li>\n<li><strong>6-in-1-Geschmackssystem:<\/strong> 3 Einzelprodukte + 3 Mischungen<\/li>\n<li><strong>60mL e-Fl\u00fcssigkeit insgesamt<\/strong> (3 \u00d7 20mL H\u00fclsen)<\/li>\n<li><strong>Optionen f\u00fcr die Nikotinst\u00e4rke:<\/strong> 2% oder 5%<\/li>\n<li><strong>850mAh-Akku<\/strong> mit schneller Type-C-Aufladung<\/li>\n<li><strong>Mesh-Spule<\/strong> f\u00fcr sanften, reichhaltigen Dampf<\/li>\n<li><strong>LED-Anzeige<\/strong> f\u00fcr Akku und Geschmacksmodus<\/li>\n<li><strong>Haltbarkeitsdauer:<\/strong> 2 Jahre<\/li>\n<\/ul>\n<h3><strong>Fizzy Max III 6in1 60000 Puffs Einweg Vape Aromen Liste:<\/strong><\/h3>\n<ol>\n<li><a href=\"https:\/\/fizzyvape.eu\/de\/produkt\/fizzy-max-iii-6in1-60k-60000-puffs-wiederaufladbare-einweg-vape-erdbeere-himbeere-mango-pfirsich-heidelbeere-wassermelone-10pcs\/\">Erdbeere Himbeere &amp; Mango Pfirsich &amp; Heidelbeere Wassermelone<\/a><\/li>\n<li><a href=\"https:\/\/fizzyvape.eu\/de\/produkt\/fizzy-max-iii-6in1-60k-60000-puffs-wiederaufladbare-einweg-vape-mixed-berry-kiwi-passionsfrucht-guave-erdbeere-wassermelone-10-stueck\/\">Gemischte Beeren &amp; Kiwi Passionsfrucht Guave &amp; Erdbeere Wassermelone<\/a><\/li>\n<li><a href=\"https:\/\/fizzyvape.eu\/de\/produkt\/fizzy-max-iii-6in1-60k-60000-puffs-wiederaufladbare-einweg-vape-blaubeere-himbeere-dreifach-melone-erdbeere-eis-10pcs\/\">Heidelbeere-Himbeere &amp; Dreifach Melone &amp; Erdbeere Eis<\/a><\/li>\n<li><a href=\"https:\/\/fizzyvape.eu\/de\/produkt\/fizzy-max-iii-6in1-60k-60000-puffs-wiederaufladbare-einweg-vape-erdbeere-drachenfrucht-red-bull-himbeere-wassermelone-10-stueck\/\">Erdbeere Drachenfrucht &amp; Red Bull &amp; Himbeere Wassermelone<\/a><\/li>\n<li><a href=\"https:\/\/fizzyvape.eu\/de\/produkt\/fizzy-max-iii-6in1-60k-60000-puffs-wiederaufladbare-einweg-vape-erdbeer-kiwi-blaubeer-eis-wassermelone-eis-10-stueck\/\">Erdbeer-Kiwi &amp; Heidelbeere Eis &amp; Wassermelone Eis<\/a><\/li>\n<li><a href=\"https:\/\/fizzyvape.eu\/de\/produkt\/fizzy-max-iii-6in1-60k-60000-puffs-wiederaufladbare-einweg-vape-blueberry-ice-fizzy-cherry-raspberry-lemon-10pcs\/\">Blaubeereis &amp; Sprudelkirsche &amp; Himbeere-Zitrone<\/a><\/li>\n<li><a href=\"https:\/\/fizzyvape.eu\/de\/produkt\/fizzy-max-iii-6in1-60k-60000-puffs-wiederaufladbare-einweg-vape-wassermelone-eis-erdbeere-vanille-cola-mixed-berry-10pcs\/\">Wassermelone Eis &amp; Erdbeere Vanille Cola &amp; Gemischt<\/a><\/li>\n<li><a href=\"https:\/\/fizzyvape.eu\/de\/produkt\/fizzy-max-iii-6in1-60k-60000-puffs-wiederaufladbare-einweg-vape-erdbeere-traube-blaubeere-kokosnuss-pfirsich-zitrone-10pcs\/\">Erdbeere Weintraube &amp; Heidelbeere Kokosnuss &amp; Pfirsich Zitrone<\/a><\/li>\n<li><a href=\"https:\/\/fizzyvape.eu\/de\/produkt\/fizzy-max-iii-6in1-60k-60000-puffs-wiederaufladbare-einweg-vape-blue-razz-ice-strawberry-kiwi-sour-pineapple-orange-10pcs\/\">Blue Razz Ice &amp; Erdbeere Kiwi &amp; Saure Ananas Orange<\/a><\/li>\n<li><a href=\"https:\/\/fizzyvape.eu\/de\/produkt\/fizzy-max-iii-6in1-60k-60000-puffs-wiederaufladbare-einweg-vape-erdbeer-wassermelone-zitrone-limette-heidelbeere-kokosnuss-10pcs\/\">Erdbeer-Wassermelone &amp; Zitrone-Limette &amp; Heidelbeer-Kokosnuss<\/a><\/li>\n<\/ol>\n<h3><strong>Vaping-Modi f\u00fcr alle Vorlieben<\/strong><\/h3>\n<ul>\n<li><strong>Single-Flavor-Modus (MTL):<\/strong> Sanftes Ziehen von Mund zu Lunge f\u00fcr reichhaltigen Geschmack<\/li>\n<li><strong>Dual-Flavor-Mix-Modus (DL):<\/strong> Verbesserter Luftstrom f\u00fcr fette Wolken direkt aus der Lunge<\/li>\n<\/ul>\n<h3><strong>Warum sollten Sie sich f\u00fcr Fizzy Max III 6in1 entscheiden?<\/strong><\/h3>\n<ul>\n<li>Sechs Geschmacksrichtungen in einem Ger\u00e4t, kein Austausch der Kapseln erforderlich<\/li>\n<li>Lange Akkulaufzeit f\u00fcr ununterbrochenes Dampfen<\/li>\n<li>Einzigartige Geschmackskombinationen<\/li>\n<li>Schneller europ\u00e4ischer Versand ohne Zollverz\u00f6gerung<\/li>\n<\/ul>\n<h3><strong>FAQ &#8211; Fizzy Max III 6in1 60K Einwegverdampfer<\/strong><\/h3>\n<ul>\n<li><strong>Wie wechsle ich die Geschmacksrichtung?<\/strong><br \/>\nHeben Sie einfach das Mundst\u00fcck an und drehen Sie es, um durch alle sechs Geschmacksrichtungen zu wechseln.<\/li>\n<li><strong>Wie viele Z\u00fcge sind m\u00f6glich?<\/strong><br \/>\nBis zu <strong>60.000 Z\u00fcge<\/strong> dank der gro\u00dfen E-Liquid-Kapazit\u00e4t und des wiederaufladbaren Akkus.<\/li>\n<li><strong>Unterst\u00fctzt es MTL und DL Vaping?<\/strong><br \/>\nJa, verwenden Sie den Single-Flavor-Modus f\u00fcr MTL und den Mix-Modus f\u00fcr DL Vaping.<\/li>\n<li data-is-last-node=\"\">\n<p data-is-last-node=\"\"><strong>Ist es wiederaufladbar?<\/strong><br \/>\nJa, es verf\u00fcgt \u00fcber einen <strong>850mAh-Akku<\/strong> mit Type-C-Schnellladung.<\/p>\n<\/li>\n<\/ul>\n","protected":false},"excerpt":{"rendered":"<p>Fizzy Max III 6in1 ist ein wiederaufladbarer Einwegdampfer mit sechs Geschmacksrichtungen in einem Ger\u00e4t. Er hat ein gro\u00dfes Fassungsverm\u00f6gen von 60 ml E-Liquid, einen 850-mAh-Akku mit schneller Typ-C-Aufladung und eine LED-Akkuanzeige. Erh\u00e4ltlich in den St\u00e4rken 2% und 5% Nikotin und mit einer Reichweite von bis zu 60.000 Z\u00fcgen.  <\/p>\n","protected":false},"featured_media":32435,"comment_status":"open","ping_status":"closed","template":"","meta":{"iawp_total_views":15},"product_brand":[],"product_cat":[587],"product_tag":[609,606,607,608],"class_list":{"0":"post-32977","1":"product","2":"type-product","3":"status-publish","4":"has-post-thumbnail","6":"product_cat-max-iii-6in1-60k-60000-puffs-rechargeable-disposable-vape-de","7":"product_tag-6-geschmacksrichtungen-in-1-gerat","8":"product_tag-60000-puffs-de","9":"product_tag-einweg-vape","10":"product_tag-wiederaufladbar","12":"first","13":"outofstock","14":"sale","15":"shipping-taxable","16":"purchasable","17":"product-type-variable"},"yoast_head":"<!-- This site is optimized with the Yoast SEO Premium plugin v24.8 (Yoast SEO v24.8) - https:\/\/yoast.com\/wordpress\/plugins\/seo\/ -->\n<title>Advanced Disposable Vape mit 60k 60000 Z\u00fcgen - Fizzy Vape<\/title>\n<meta name=\"description\" content=\"Entdecken Sie den Fizzy Max III: ein fortschrittlicher Einwegdampfer mit 60.000 Z\u00fcgen, 6 Aromen in 1, wiederaufladbarem Akku und gro\u00dfer E-Liquid-Kapazit\u00e4t.\" \/>\n<meta name=\"robots\" content=\"index, follow, max-snippet:-1, max-image-preview:large, max-video-preview:-1\" \/>\n<link rel=\"canonical\" href=\"https:\/\/fizzyvape.eu\/de\/produkt\/fizzy-max-iii-6in1-60k-60000-puffs-wiederaufladbare-einweg-vape-erdbeere-drachenfrucht-red-bull-himbeere-wassermelone-10-stueck\/\" \/>\n<meta property=\"og:locale\" content=\"de_DE\" \/>\n<meta property=\"og:type\" content=\"article\" \/>\n<meta property=\"og:title\" content=\"Fizzy Max III 6in1 60K 60000 Puffs Wiederaufladbare Einweg-Vape - Erdbeere Drachenfrucht &amp; Red Bull &amp; Himbeere Wassermelone - 10 St\u00fcck\" \/>\n<meta property=\"og:description\" content=\"Entdecken Sie den Fizzy Max III: ein fortschrittlicher Einwegdampfer mit 60.000 Z\u00fcgen, 6 Aromen in 1, wiederaufladbarem Akku und gro\u00dfer E-Liquid-Kapazit\u00e4t.\" \/>\n<meta property=\"og:url\" content=\"https:\/\/fizzyvape.eu\/de\/produkt\/fizzy-max-iii-6in1-60k-60000-puffs-wiederaufladbare-einweg-vape-erdbeere-drachenfrucht-red-bull-himbeere-wassermelone-10-stueck\/\" \/>\n<meta property=\"og:site_name\" content=\"fizzyvape.eu\" \/>\n<meta property=\"og:image\" content=\"https:\/\/fizzyvape.eu\/wp-content\/uploads\/2025\/06\/Fizzy-Max-60000-Puffs-04.webp\" \/>\n\t<meta property=\"og:image:width\" content=\"800\" \/>\n\t<meta property=\"og:image:height\" content=\"800\" \/>\n\t<meta property=\"og:image:type\" content=\"image\/webp\" \/>\n<meta name=\"twitter:card\" content=\"summary_large_image\" \/>\n<meta name=\"twitter:label1\" content=\"Verf\u00fcgbarkeit\" \/>\n\t<meta name=\"twitter:data1\" content=\"ausverkauft\" \/>\n<script type=\"application\/ld+json\" class=\"yoast-schema-graph\">{\"@context\":\"https:\/\/schema.org\",\"@graph\":[{\"@type\":\"WebPage\",\"@id\":\"https:\/\/fizzyvape.eu\/de\/produkt\/fizzy-max-iii-6in1-60k-60000-puffs-wiederaufladbare-einweg-vape-erdbeere-drachenfrucht-red-bull-himbeere-wassermelone-10-stueck\/\",\"url\":\"https:\/\/fizzyvape.eu\/de\/produkt\/fizzy-max-iii-6in1-60k-60000-puffs-wiederaufladbare-einweg-vape-erdbeere-drachenfrucht-red-bull-himbeere-wassermelone-10-stueck\/\",\"name\":\"Advanced Disposable Vape mit 60k 60000 Z\u00fcgen - Fizzy Vape\",\"isPartOf\":{\"@id\":\"https:\/\/www.fizzyvape.eu\/de\/#website\"},\"primaryImageOfPage\":{\"@id\":\"https:\/\/fizzyvape.eu\/de\/produkt\/fizzy-max-iii-6in1-60k-60000-puffs-wiederaufladbare-einweg-vape-erdbeere-drachenfrucht-red-bull-himbeere-wassermelone-10-stueck\/#primaryimage\"},\"image\":{\"@id\":\"https:\/\/fizzyvape.eu\/de\/produkt\/fizzy-max-iii-6in1-60k-60000-puffs-wiederaufladbare-einweg-vape-erdbeere-drachenfrucht-red-bull-himbeere-wassermelone-10-stueck\/#primaryimage\"},\"thumbnailUrl\":\"https:\/\/fizzyvape.eu\/wp-content\/uploads\/2025\/06\/Fizzy-Max-60000-Puffs-04.webp\",\"datePublished\":\"2025-06-11T02:33:33+00:00\",\"description\":\"Entdecken Sie den Fizzy Max III: ein fortschrittlicher Einwegdampfer mit 60.000 Z\u00fcgen, 6 Aromen in 1, wiederaufladbarem Akku und gro\u00dfer E-Liquid-Kapazit\u00e4t.\",\"breadcrumb\":{\"@id\":\"https:\/\/fizzyvape.eu\/de\/produkt\/fizzy-max-iii-6in1-60k-60000-puffs-wiederaufladbare-einweg-vape-erdbeere-drachenfrucht-red-bull-himbeere-wassermelone-10-stueck\/#breadcrumb\"},\"inLanguage\":\"de\",\"potentialAction\":[{\"@type\":\"ReadAction\",\"target\":[\"https:\/\/fizzyvape.eu\/de\/produkt\/fizzy-max-iii-6in1-60k-60000-puffs-wiederaufladbare-einweg-vape-erdbeere-drachenfrucht-red-bull-himbeere-wassermelone-10-stueck\/\"]}]},{\"@type\":\"ImageObject\",\"inLanguage\":\"de\",\"@id\":\"https:\/\/fizzyvape.eu\/de\/produkt\/fizzy-max-iii-6in1-60k-60000-puffs-wiederaufladbare-einweg-vape-erdbeere-drachenfrucht-red-bull-himbeere-wassermelone-10-stueck\/#primaryimage\",\"url\":\"https:\/\/fizzyvape.eu\/wp-content\/uploads\/2025\/06\/Fizzy-Max-60000-Puffs-04.webp\",\"contentUrl\":\"https:\/\/fizzyvape.eu\/wp-content\/uploads\/2025\/06\/Fizzy-Max-60000-Puffs-04.webp\",\"width\":800,\"height\":800},{\"@type\":\"BreadcrumbList\",\"@id\":\"https:\/\/fizzyvape.eu\/de\/produkt\/fizzy-max-iii-6in1-60k-60000-puffs-wiederaufladbare-einweg-vape-erdbeere-drachenfrucht-red-bull-himbeere-wassermelone-10-stueck\/#breadcrumb\",\"itemListElement\":[{\"@type\":\"ListItem\",\"position\":1,\"name\":\"Home\",\"item\":\"https:\/\/fizzyvape.eu\/de\/\"},{\"@type\":\"ListItem\",\"position\":2,\"name\":\"Shop\",\"item\":\"https:\/\/www.fizzyvape.eu\/de\/shop\/\"},{\"@type\":\"ListItem\",\"position\":3,\"name\":\"Fizzy Max III 6in1 60K 60000 Puffs Wiederaufladbare Einweg-Vape &#8211; Erdbeere Drachenfrucht &amp; Red Bull &amp; Himbeere Wassermelone &#8211; 10 St\u00fcck\"}]},{\"@type\":\"WebSite\",\"@id\":\"https:\/\/www.fizzyvape.eu\/de\/#website\",\"url\":\"https:\/\/www.fizzyvape.eu\/de\/\",\"name\":\"fizzyvape.eu\",\"description\":\"Refreshing Vapes. Unforgettable Taste.\",\"publisher\":{\"@id\":\"https:\/\/www.fizzyvape.eu\/de\/#organization\"},\"potentialAction\":[{\"@type\":\"SearchAction\",\"target\":{\"@type\":\"EntryPoint\",\"urlTemplate\":\"https:\/\/www.fizzyvape.eu\/de\/?s={search_term_string}\"},\"query-input\":{\"@type\":\"PropertyValueSpecification\",\"valueRequired\":true,\"valueName\":\"search_term_string\"}}],\"inLanguage\":\"de\"},{\"@type\":\"Organization\",\"@id\":\"https:\/\/www.fizzyvape.eu\/de\/#organization\",\"name\":\"fizzyvape.eu\",\"url\":\"https:\/\/www.fizzyvape.eu\/de\/\",\"logo\":{\"@type\":\"ImageObject\",\"inLanguage\":\"de\",\"@id\":\"https:\/\/www.fizzyvape.eu\/de\/#\/schema\/logo\/image\/\",\"url\":\"https:\/\/fizzyvape.eu\/wp-content\/uploads\/2019\/06\/print-1.svg\",\"contentUrl\":\"https:\/\/fizzyvape.eu\/wp-content\/uploads\/2019\/06\/print-1.svg\",\"width\":124,\"height\":37,\"caption\":\"fizzyvape.eu\"},\"image\":{\"@id\":\"https:\/\/www.fizzyvape.eu\/de\/#\/schema\/logo\/image\/\"}}]}<\/script>\n<meta property=\"og:availability\" content=\"out of stock\" \/>\n<meta property=\"product:availability\" content=\"out of stock\" \/>\n<meta property=\"product:condition\" content=\"new\" \/>\n<!-- \/ Yoast SEO Premium plugin. -->","yoast_head_json":{"title":"Advanced Disposable Vape mit 60k 60000 Z\u00fcgen - Fizzy Vape","description":"Entdecken Sie den Fizzy Max III: ein fortschrittlicher Einwegdampfer mit 60.000 Z\u00fcgen, 6 Aromen in 1, wiederaufladbarem Akku und gro\u00dfer E-Liquid-Kapazit\u00e4t.","robots":{"index":"index","follow":"follow","max-snippet":"max-snippet:-1","max-image-preview":"max-image-preview:large","max-video-preview":"max-video-preview:-1"},"canonical":"https:\/\/fizzyvape.eu\/de\/produkt\/fizzy-max-iii-6in1-60k-60000-puffs-wiederaufladbare-einweg-vape-erdbeere-drachenfrucht-red-bull-himbeere-wassermelone-10-stueck\/","og_locale":"de_DE","og_type":"article","og_title":"Fizzy Max III 6in1 60K 60000 Puffs Wiederaufladbare Einweg-Vape - Erdbeere Drachenfrucht &amp; Red Bull &amp; Himbeere Wassermelone - 10 St\u00fcck","og_description":"Entdecken Sie den Fizzy Max III: ein fortschrittlicher Einwegdampfer mit 60.000 Z\u00fcgen, 6 Aromen in 1, wiederaufladbarem Akku und gro\u00dfer E-Liquid-Kapazit\u00e4t.","og_url":"https:\/\/fizzyvape.eu\/de\/produkt\/fizzy-max-iii-6in1-60k-60000-puffs-wiederaufladbare-einweg-vape-erdbeere-drachenfrucht-red-bull-himbeere-wassermelone-10-stueck\/","og_site_name":"fizzyvape.eu","og_image":[{"width":800,"height":800,"url":"https:\/\/fizzyvape.eu\/wp-content\/uploads\/2025\/06\/Fizzy-Max-60000-Puffs-04.webp","type":"image\/webp"}],"twitter_card":"summary_large_image","twitter_misc":{"Verf\u00fcgbarkeit":"ausverkauft"},"schema":{"@context":"https:\/\/schema.org","@graph":[{"@type":"WebPage","@id":"https:\/\/fizzyvape.eu\/de\/produkt\/fizzy-max-iii-6in1-60k-60000-puffs-wiederaufladbare-einweg-vape-erdbeere-drachenfrucht-red-bull-himbeere-wassermelone-10-stueck\/","url":"https:\/\/fizzyvape.eu\/de\/produkt\/fizzy-max-iii-6in1-60k-60000-puffs-wiederaufladbare-einweg-vape-erdbeere-drachenfrucht-red-bull-himbeere-wassermelone-10-stueck\/","name":"Advanced Disposable Vape mit 60k 60000 Z\u00fcgen - Fizzy Vape","isPartOf":{"@id":"https:\/\/www.fizzyvape.eu\/de\/#website"},"primaryImageOfPage":{"@id":"https:\/\/fizzyvape.eu\/de\/produkt\/fizzy-max-iii-6in1-60k-60000-puffs-wiederaufladbare-einweg-vape-erdbeere-drachenfrucht-red-bull-himbeere-wassermelone-10-stueck\/#primaryimage"},"image":{"@id":"https:\/\/fizzyvape.eu\/de\/produkt\/fizzy-max-iii-6in1-60k-60000-puffs-wiederaufladbare-einweg-vape-erdbeere-drachenfrucht-red-bull-himbeere-wassermelone-10-stueck\/#primaryimage"},"thumbnailUrl":"https:\/\/fizzyvape.eu\/wp-content\/uploads\/2025\/06\/Fizzy-Max-60000-Puffs-04.webp","datePublished":"2025-06-11T02:33:33+00:00","description":"Entdecken Sie den Fizzy Max III: ein fortschrittlicher Einwegdampfer mit 60.000 Z\u00fcgen, 6 Aromen in 1, wiederaufladbarem Akku und gro\u00dfer E-Liquid-Kapazit\u00e4t.","breadcrumb":{"@id":"https:\/\/fizzyvape.eu\/de\/produkt\/fizzy-max-iii-6in1-60k-60000-puffs-wiederaufladbare-einweg-vape-erdbeere-drachenfrucht-red-bull-himbeere-wassermelone-10-stueck\/#breadcrumb"},"inLanguage":"de","potentialAction":[{"@type":"ReadAction","target":["https:\/\/fizzyvape.eu\/de\/produkt\/fizzy-max-iii-6in1-60k-60000-puffs-wiederaufladbare-einweg-vape-erdbeere-drachenfrucht-red-bull-himbeere-wassermelone-10-stueck\/"]}]},{"@type":"ImageObject","inLanguage":"de","@id":"https:\/\/fizzyvape.eu\/de\/produkt\/fizzy-max-iii-6in1-60k-60000-puffs-wiederaufladbare-einweg-vape-erdbeere-drachenfrucht-red-bull-himbeere-wassermelone-10-stueck\/#primaryimage","url":"https:\/\/fizzyvape.eu\/wp-content\/uploads\/2025\/06\/Fizzy-Max-60000-Puffs-04.webp","contentUrl":"https:\/\/fizzyvape.eu\/wp-content\/uploads\/2025\/06\/Fizzy-Max-60000-Puffs-04.webp","width":800,"height":800},{"@type":"BreadcrumbList","@id":"https:\/\/fizzyvape.eu\/de\/produkt\/fizzy-max-iii-6in1-60k-60000-puffs-wiederaufladbare-einweg-vape-erdbeere-drachenfrucht-red-bull-himbeere-wassermelone-10-stueck\/#breadcrumb","itemListElement":[{"@type":"ListItem","position":1,"name":"Home","item":"https:\/\/fizzyvape.eu\/de\/"},{"@type":"ListItem","position":2,"name":"Shop","item":"https:\/\/www.fizzyvape.eu\/de\/shop\/"},{"@type":"ListItem","position":3,"name":"Fizzy Max III 6in1 60K 60000 Puffs Wiederaufladbare Einweg-Vape &#8211; Erdbeere Drachenfrucht &amp; Red Bull &amp; Himbeere Wassermelone &#8211; 10 St\u00fcck"}]},{"@type":"WebSite","@id":"https:\/\/www.fizzyvape.eu\/de\/#website","url":"https:\/\/www.fizzyvape.eu\/de\/","name":"fizzyvape.eu","description":"Refreshing Vapes. Unforgettable Taste.","publisher":{"@id":"https:\/\/www.fizzyvape.eu\/de\/#organization"},"potentialAction":[{"@type":"SearchAction","target":{"@type":"EntryPoint","urlTemplate":"https:\/\/www.fizzyvape.eu\/de\/?s={search_term_string}"},"query-input":{"@type":"PropertyValueSpecification","valueRequired":true,"valueName":"search_term_string"}}],"inLanguage":"de"},{"@type":"Organization","@id":"https:\/\/www.fizzyvape.eu\/de\/#organization","name":"fizzyvape.eu","url":"https:\/\/www.fizzyvape.eu\/de\/","logo":{"@type":"ImageObject","inLanguage":"de","@id":"https:\/\/www.fizzyvape.eu\/de\/#\/schema\/logo\/image\/","url":"https:\/\/fizzyvape.eu\/wp-content\/uploads\/2019\/06\/print-1.svg","contentUrl":"https:\/\/fizzyvape.eu\/wp-content\/uploads\/2019\/06\/print-1.svg","width":124,"height":37,"caption":"fizzyvape.eu"},"image":{"@id":"https:\/\/www.fizzyvape.eu\/de\/#\/schema\/logo\/image\/"}}]},"og_availability":"out of stock","product_availability":"out of stock","product_condition":"new"},"tiered_pricing_type":"fixed","tiered_pricing_fixed_rules":[],"tiered_pricing_product_settings":{"layout":"default","base_unit_name":{"singular":null,"plural":null},"default_variation":null},"tiered_pricing_minimum_quantity":null,"tiered_pricing_roles_data":[],"tiered_pricing_percentage_rules":[],"tiered_pricing_maximum_quantity":null,"tiered_pricing_quantity_step":null,"_links":{"self":[{"href":"https:\/\/fizzyvape.eu\/de\/wp-json\/wp\/v2\/product\/32977","targetHints":{"allow":["GET"]}}],"collection":[{"href":"https:\/\/fizzyvape.eu\/de\/wp-json\/wp\/v2\/product"}],"about":[{"href":"https:\/\/fizzyvape.eu\/de\/wp-json\/wp\/v2\/types\/product"}],"replies":[{"embeddable":true,"href":"https:\/\/fizzyvape.eu\/de\/wp-json\/wp\/v2\/comments?post=32977"}],"version-history":[{"count":0,"href":"https:\/\/fizzyvape.eu\/de\/wp-json\/wp\/v2\/product\/32977\/revisions"}],"wp:featuredmedia":[{"embeddable":true,"href":"https:\/\/fizzyvape.eu\/de\/wp-json\/wp\/v2\/media\/32435"}],"wp:attachment":[{"href":"https:\/\/fizzyvape.eu\/de\/wp-json\/wp\/v2\/media?parent=32977"}],"wp:term":[{"taxonomy":"product_brand","embeddable":true,"href":"https:\/\/fizzyvape.eu\/de\/wp-json\/wp\/v2\/product_brand?post=32977"},{"taxonomy":"product_cat","embeddable":true,"href":"https:\/\/fizzyvape.eu\/de\/wp-json\/wp\/v2\/product_cat?post=32977"},{"taxonomy":"product_tag","embeddable":true,"href":"https:\/\/fizzyvape.eu\/de\/wp-json\/wp\/v2\/product_tag?post=32977"}],"curies":[{"name":"wp","href":"https:\/\/api.w.org\/{rel}","templated":true}]}}