{"id":32995,"date":"2025-06-11T10:33:56","date_gmt":"2025-06-11T02:33:56","guid":{"rendered":"https:\/\/fizzyvape.eu\/product\/fizzy-max-iii-6in1-60k-60000-puffs-wiederaufladbare-einweg-vape-blueberry-ice-fizzy-cherry-raspberry-lemon-10pcs\/"},"modified":"2025-06-11T10:33:56","modified_gmt":"2025-06-11T02:33:56","slug":"fizzy-max-iii-6in1-60k-60000-puffs-wiederaufladbare-einweg-vape-blueberry-ice-fizzy-cherry-raspberry-lemon-10pcs","status":"publish","type":"product","link":"https:\/\/fizzyvape.eu\/de\/produkt\/fizzy-max-iii-6in1-60k-60000-puffs-wiederaufladbare-einweg-vape-blueberry-ice-fizzy-cherry-raspberry-lemon-10pcs\/","title":{"rendered":"Fizzy Max III 6in1 60K 60000 Puffs Wiederaufladbare Einweg-Vape &#8211; Blueberry Ice &amp; Fizzy Cherry &amp; Raspberry Lemon &#8211; 10pcs"},"content":{"rendered":"<h1><img decoding=\"async\" class=\"aligncenter\" src=\"https:\/\/fizzyvape.eu\/wp-content\/uploads\/2025\/06\/Fizzy-Max-III-6in1-60K-60000-Puffs-5-1.webp\" alt=\"Fizzy Max III 60000 Puffs 6in1 Wiederaufladbare Einweg Vape Gro\u00dfhandel (5)\"><\/h1>\n<h1>Fizzy Max III 6in1 60K 60000 Puffs Wiederaufladbare Einweg-Vape &#8211; Blueberry Ice &amp; Fizzy Cherry &amp; Raspberry Lemon &#8211; 10pcs<\/h1>\n<h3><strong>60.000 Puffs &#8211; 6 Geschmacksrichtungen &#8211; Wiederaufladbar &#8211; Einweg<\/strong><\/h3>\n<p><strong>Entdecken Sie die n\u00e4chste Generation von Einwegverdampfern mit einer enormen Puffkapazit\u00e4t, Multi-Flavour-Rotation und fortschrittlicher Technologie in einem schlanken Ger\u00e4t.<\/strong><br \/>\nDer Fizzy Max III 6in1 kombiniert drei hochwertige 20mL E-Liquid-Pods &#8211; Blueberry Ice, Fizzy Cherry und Raspberry Lemon &#8211; in einem einzigen Ger\u00e4t. Dank des intelligenten rotierenden Mundst\u00fccks k\u00f6nnen Sie sofort auf sechs Geschmacksprofile zugreifen, ohne die Kapseln zu wechseln oder nachzuf\u00fcllen. <\/p>\n<h2>Geschmacksrichtungen:<\/h2>\n<ul>\n<li><strong>A: Blueberry Ice<\/strong> &#8211; Eisige, s\u00fc\u00dfe Blaubeere mit knackigem Abgang<\/li>\n<li><strong>B: Fizzy Cherry<\/strong> &#8211; Prickelnde Kirschlimonade mit einem spritzigen Twist<\/li>\n<li><strong>C: Himbeer-Zitrone<\/strong> &#8211; Helle und spritzige Himbeer-Zitrone-Fusion<\/li>\n<li><strong>Mix AB<\/strong> &#8211; Blaubeer-Kirsch-Fizz mit k\u00fchlem Punch<\/li>\n<li><strong>Mix BC<\/strong> &#8211; Sprudelnde Zitrusfrucht-Kirsch-Explosion<\/li>\n<li><strong>Mix CA<\/strong> &#8211; Spritzige Beerenlimonade k\u00fchl<\/li>\n<\/ul>\n<p>Flavor Switching Order:<\/p>\n<p><strong>A \u2192 Mix AB \u2192 B \u2192 Mix BC \u2192 C \u2192 Mix CA<\/strong><\/p>\n<p>Heben Sie einfach das Mundst\u00fcck an und drehen Sie es, um reibungslos zwischen den Modi zu wechseln. Sehen Sie in unserem <a href=\"https:\/\/www.youtube.com\/watch?v=CoxB_HvaU3k\">Demo-Video<\/a>, wie es funktioniert. <\/p>\n<h2>Produkt-Highlights<\/h2>\n<ul>\n<li><strong>Bis zu 60.000 Z\u00fcge pro Ger\u00e4t<\/strong><\/li>\n<li><strong>6 Geschmackserlebnisse (3 einzelne + 3 gemischte Modi)<\/strong><\/li>\n<li><strong>E-Fl\u00fcssigkeit insgesamt: 60ml (3 \u00d7 20ml Kapseln)<\/strong><\/li>\n<li><strong>Nikotinst\u00e4rken: 2% \/ 5%<\/strong><\/li>\n<li><strong>Akku: 850mAh Wiederaufladbar \u00fcber USB Typ-C<\/strong><\/li>\n<li><strong>Mesh-Spule: Reicher Geschmack, sanfterer Dampf<\/strong><\/li>\n<li><strong>LED-Anzeige: Zeigt den Status von Batterie und Modus an<\/strong><\/li>\n<li><strong>Lagerf\u00e4higkeit: Bis zu 2 Jahre<\/strong><\/li>\n<\/ul>\n<h3><strong>Fizzy Max III 6in1 60000 Puffs Einweg Vape Aromen Liste:<\/strong><\/h3>\n<ol>\n<li><a href=\"https:\/\/fizzyvape.eu\/de\/produkt\/fizzy-max-iii-6in1-60k-60000-puffs-wiederaufladbare-einweg-vape-erdbeere-himbeere-mango-pfirsich-heidelbeere-wassermelone-10pcs\/\">Erdbeere Himbeere &amp; Mango Pfirsich &amp; Heidelbeere Wassermelone<\/a><\/li>\n<li><a href=\"https:\/\/fizzyvape.eu\/de\/produkt\/fizzy-max-iii-6in1-60k-60000-puffs-wiederaufladbare-einweg-vape-mixed-berry-kiwi-passionsfrucht-guave-erdbeere-wassermelone-10-stueck\/\">Gemischte Beeren &amp; Kiwi Passionsfrucht Guave &amp; Erdbeere Wassermelone<\/a><\/li>\n<li><a href=\"https:\/\/fizzyvape.eu\/de\/produkt\/fizzy-max-iii-6in1-60k-60000-puffs-wiederaufladbare-einweg-vape-blaubeere-himbeere-dreifach-melone-erdbeere-eis-10pcs\/\">Heidelbeere-Himbeere &amp; Dreifach Melone &amp; Erdbeere Eis<\/a><\/li>\n<li><a href=\"https:\/\/fizzyvape.eu\/de\/produkt\/fizzy-max-iii-6in1-60k-60000-puffs-wiederaufladbare-einweg-vape-erdbeere-drachenfrucht-red-bull-himbeere-wassermelone-10-stueck\/\">Erdbeere Drachenfrucht &amp; Red Bull &amp; Himbeere Wassermelone<\/a><\/li>\n<li><a href=\"https:\/\/fizzyvape.eu\/de\/produkt\/fizzy-max-iii-6in1-60k-60000-puffs-wiederaufladbare-einweg-vape-erdbeer-kiwi-blaubeer-eis-wassermelone-eis-10-stueck\/\">Erdbeer-Kiwi &amp; Heidelbeere Eis &amp; Wassermelone Eis<\/a><\/li>\n<li><a href=\"https:\/\/fizzyvape.eu\/de\/produkt\/fizzy-max-iii-6in1-60k-60000-puffs-wiederaufladbare-einweg-vape-blueberry-ice-fizzy-cherry-raspberry-lemon-10pcs\/\">Blaubeereis &amp; Sprudelkirsche &amp; Himbeere-Zitrone<\/a><\/li>\n<li><a href=\"https:\/\/fizzyvape.eu\/de\/produkt\/fizzy-max-iii-6in1-60k-60000-puffs-wiederaufladbare-einweg-vape-wassermelone-eis-erdbeere-vanille-cola-mixed-berry-10pcs\/\">Wassermelone Eis &amp; Erdbeere Vanille Cola &amp; Gemischt<\/a><\/li>\n<li><a href=\"https:\/\/fizzyvape.eu\/de\/produkt\/fizzy-max-iii-6in1-60k-60000-puffs-wiederaufladbare-einweg-vape-erdbeere-traube-blaubeere-kokosnuss-pfirsich-zitrone-10pcs\/\">Erdbeere Weintraube &amp; Heidelbeere Kokosnuss &amp; Pfirsich Zitrone<\/a><\/li>\n<li><a href=\"https:\/\/fizzyvape.eu\/de\/produkt\/fizzy-max-iii-6in1-60k-60000-puffs-wiederaufladbare-einweg-vape-blue-razz-ice-strawberry-kiwi-sour-pineapple-orange-10pcs\/\">Blue Razz Ice &amp; Erdbeere Kiwi &amp; Saure Ananas Orange<\/a><\/li>\n<li><a href=\"https:\/\/fizzyvape.eu\/de\/produkt\/fizzy-max-iii-6in1-60k-60000-puffs-wiederaufladbare-einweg-vape-erdbeer-wassermelone-zitrone-limette-heidelbeere-kokosnuss-10pcs\/\">Erdbeer-Wassermelone &amp; Zitrone-Limette &amp; Heidelbeer-Kokosnuss<\/a><\/li>\n<\/ol>\n<h3><strong>F\u00fcr alle Vaping-Stile<\/strong><\/h3>\n<ul>\n<li><strong>MTL &#8211; Mouth-To-Lung (Single Flavor):<\/strong> Sanfte Z\u00fcge mit sauberem Geschmack, ideal f\u00fcr das Inhalieren im Zigarettenstil.<\/li>\n<li><strong>DL &#8211; Direct-Lung (Dual Mix Mode):<\/strong> Kr\u00e4ftige Wolken und komplexe Geschmacksschichten, ideal f\u00fcr hohen Luftstrom und tieferes Inhalieren.<\/li>\n<\/ul>\n<h2>Warum sollten Sie sich f\u00fcr Fizzy Max III 6in1 entscheiden?<\/h2>\n<ul>\n<li>Massives <strong>Fassungsverm\u00f6gen von 60.000 Puffs<\/strong><\/li>\n<li><strong>6 Geschmacksrichtungen in 1 Ger\u00e4t<\/strong> &#8211; unschlagbare Vielfalt<\/li>\n<li>Wiederaufladbar mit <strong>Type-C<\/strong> und intuitiver LED-Anzeige<\/li>\n<li><strong>Intelligentes rotierendes Mundst\u00fcck<\/strong> f\u00fcr sofortigen Geschmackswechsel<\/li>\n<li>Schneller Versand aus Europa &#8211; <strong>kein \u00c4rger mit dem Zoll<\/strong><\/li>\n<\/ul>\n<h3>Was in der Box ist<\/h3>\n<ul>\n<li>10 Einwegger\u00e4te pro Packung<\/li>\n<li>Jedes Ger\u00e4t enth\u00e4lt 3 vorgef\u00fcllte Kapseln (insgesamt 60 ml)<\/li>\n<li>Einzeln versiegelt &#8211; auslaufsicher und staubdicht<\/li>\n<li>Versand direkt aus Europa &#8211; <strong>keine Verz\u00f6gerungen beim Zoll<\/strong><\/li>\n<\/ul>\n<h3><strong>FAQ &#8211; Fizzy Max III 6in1 60K Einwegverdampfer<\/strong><\/h3>\n<p><strong>  Wie viele Geschmacksrichtungen sind in jedem Ger\u00e4t enthalten?<\/strong><br \/>\nJedes Ger\u00e4t enth\u00e4lt 3 Kapseln mit einer Geschmacksrichtung und 3 Mischmodi, so dass Sie insgesamt 6 Geschmackserlebnisse durch Rotation erhalten.<\/p>\n<p><strong>Kann ich es wieder aufladen?<\/strong><br \/>\nJa. Es verf\u00fcgt \u00fcber einen eingebauten 850-mAh-Akku und unterst\u00fctzt das Schnellladen \u00fcber USB Typ-C. <\/p>\n<p><strong>Wie wechsle ich die Geschmacksrichtung?<\/strong><br \/>\nHeben Sie einfach das Mundst\u00fcck an und drehen Sie es. Der intelligente Mechanismus schaltet durch alle sechs Modi: A \u2192 Mix AB \u2192 B \u2192 Mix BC \u2192 C \u2192 Mix CA. <\/p>\n<p><strong>Ist es anf\u00e4ngerfreundlich?<\/strong><br \/>\nGanz genau. Kein Nachf\u00fcllen, kein Austauschen der Kapseln &#8211; einfach drehen und dampfen. Er ist perfekt f\u00fcr Anf\u00e4nger und erfahrene Nutzer gleicherma\u00dfen.  <\/p>\n","protected":false},"excerpt":{"rendered":"<p>Fizzy Max III 6in1 ist ein leistungsstarker, wiederaufladbarer Einwegdampfer mit <strong>6 Geschmacksmodi<\/strong>, <strong>60 ml E-Liquid<\/strong> und <strong>bis zu 60.000 Z\u00fcgen<\/strong>. Ausgestattet mit einem <strong>drehbaren Mundst\u00fcck<\/strong>, <strong>LED-Display<\/strong>, <strong>USB-C-Ladestation<\/strong>, <strong data-is-only-node=\"\">Mesh-Spule<\/strong> und <strong>2% oder 5% Nikotin<\/strong> ist er das ultimative All-in-One-Dampferlebnis. <\/p>\n","protected":false},"featured_media":32453,"comment_status":"open","ping_status":"closed","template":"","meta":{"iawp_total_views":21},"product_brand":[],"product_cat":[587],"product_tag":[609,606,607,608],"class_list":{"0":"post-32995","1":"product","2":"type-product","3":"status-publish","4":"has-post-thumbnail","6":"product_cat-max-iii-6in1-60k-60000-puffs-rechargeable-disposable-vape-de","7":"product_tag-6-geschmacksrichtungen-in-1-gerat","8":"product_tag-60000-puffs-de","9":"product_tag-einweg-vape","10":"product_tag-wiederaufladbar","12":"first","13":"outofstock","14":"sale","15":"shipping-taxable","16":"purchasable","17":"product-type-variable"},"yoast_head":"<!-- This site is optimized with the Yoast SEO Premium plugin v24.8 (Yoast SEO v24.8) - https:\/\/yoast.com\/wordpress\/plugins\/seo\/ -->\n<title>Premium-Wegwerf-Vape Europa - Fizzy Max 60000 Puffs 6-in-1<\/title>\n<meta name=\"description\" content=\"Entdecken Sie Europas Premium-Wegwerfdampfer - Fizzy Max 60000 Z\u00fcge, 6 Geschmacksrichtungen, wiederaufladbar, LED-Anzeige und Typ-C-Aufladung. Jetzt kaufen!\" \/>\n<meta name=\"robots\" content=\"index, follow, max-snippet:-1, max-image-preview:large, max-video-preview:-1\" \/>\n<link rel=\"canonical\" href=\"https:\/\/fizzyvape.eu\/de\/produkt\/fizzy-max-iii-6in1-60k-60000-puffs-wiederaufladbare-einweg-vape-blueberry-ice-fizzy-cherry-raspberry-lemon-10pcs\/\" \/>\n<meta property=\"og:locale\" content=\"de_DE\" \/>\n<meta property=\"og:type\" content=\"article\" \/>\n<meta property=\"og:title\" content=\"Fizzy Max III 6in1 60K 60000 Puffs Wiederaufladbare Einweg-Vape - Blueberry Ice &amp; Fizzy Cherry &amp; Raspberry Lemon - 10pcs\" \/>\n<meta property=\"og:description\" content=\"Entdecken Sie Europas Premium-Wegwerfdampfer - Fizzy Max 60000 Z\u00fcge, 6 Geschmacksrichtungen, wiederaufladbar, LED-Anzeige und Typ-C-Aufladung. Jetzt kaufen!\" \/>\n<meta property=\"og:url\" content=\"https:\/\/fizzyvape.eu\/de\/produkt\/fizzy-max-iii-6in1-60k-60000-puffs-wiederaufladbare-einweg-vape-blueberry-ice-fizzy-cherry-raspberry-lemon-10pcs\/\" \/>\n<meta property=\"og:site_name\" content=\"fizzyvape.eu\" \/>\n<meta property=\"og:image\" content=\"https:\/\/fizzyvape.eu\/wp-content\/uploads\/2025\/06\/Fizzy-Max-60000-Puffs-06.webp\" \/>\n\t<meta property=\"og:image:width\" content=\"800\" \/>\n\t<meta property=\"og:image:height\" content=\"800\" \/>\n\t<meta property=\"og:image:type\" content=\"image\/webp\" \/>\n<meta name=\"twitter:card\" content=\"summary_large_image\" \/>\n<meta name=\"twitter:label1\" content=\"Verf\u00fcgbarkeit\" \/>\n\t<meta name=\"twitter:data1\" content=\"ausverkauft\" \/>\n<script type=\"application\/ld+json\" class=\"yoast-schema-graph\">{\"@context\":\"https:\/\/schema.org\",\"@graph\":[{\"@type\":\"WebPage\",\"@id\":\"https:\/\/fizzyvape.eu\/de\/produkt\/fizzy-max-iii-6in1-60k-60000-puffs-wiederaufladbare-einweg-vape-blueberry-ice-fizzy-cherry-raspberry-lemon-10pcs\/\",\"url\":\"https:\/\/fizzyvape.eu\/de\/produkt\/fizzy-max-iii-6in1-60k-60000-puffs-wiederaufladbare-einweg-vape-blueberry-ice-fizzy-cherry-raspberry-lemon-10pcs\/\",\"name\":\"Premium-Wegwerf-Vape Europa - Fizzy Max 60000 Puffs 6-in-1\",\"isPartOf\":{\"@id\":\"https:\/\/www.fizzyvape.eu\/de\/#website\"},\"primaryImageOfPage\":{\"@id\":\"https:\/\/fizzyvape.eu\/de\/produkt\/fizzy-max-iii-6in1-60k-60000-puffs-wiederaufladbare-einweg-vape-blueberry-ice-fizzy-cherry-raspberry-lemon-10pcs\/#primaryimage\"},\"image\":{\"@id\":\"https:\/\/fizzyvape.eu\/de\/produkt\/fizzy-max-iii-6in1-60k-60000-puffs-wiederaufladbare-einweg-vape-blueberry-ice-fizzy-cherry-raspberry-lemon-10pcs\/#primaryimage\"},\"thumbnailUrl\":\"https:\/\/fizzyvape.eu\/wp-content\/uploads\/2025\/06\/Fizzy-Max-60000-Puffs-06.webp\",\"datePublished\":\"2025-06-11T02:33:56+00:00\",\"description\":\"Entdecken Sie Europas Premium-Wegwerfdampfer - Fizzy Max 60000 Z\u00fcge, 6 Geschmacksrichtungen, wiederaufladbar, LED-Anzeige und Typ-C-Aufladung. Jetzt kaufen!\",\"breadcrumb\":{\"@id\":\"https:\/\/fizzyvape.eu\/de\/produkt\/fizzy-max-iii-6in1-60k-60000-puffs-wiederaufladbare-einweg-vape-blueberry-ice-fizzy-cherry-raspberry-lemon-10pcs\/#breadcrumb\"},\"inLanguage\":\"de\",\"potentialAction\":[{\"@type\":\"ReadAction\",\"target\":[\"https:\/\/fizzyvape.eu\/de\/produkt\/fizzy-max-iii-6in1-60k-60000-puffs-wiederaufladbare-einweg-vape-blueberry-ice-fizzy-cherry-raspberry-lemon-10pcs\/\"]}]},{\"@type\":\"ImageObject\",\"inLanguage\":\"de\",\"@id\":\"https:\/\/fizzyvape.eu\/de\/produkt\/fizzy-max-iii-6in1-60k-60000-puffs-wiederaufladbare-einweg-vape-blueberry-ice-fizzy-cherry-raspberry-lemon-10pcs\/#primaryimage\",\"url\":\"https:\/\/fizzyvape.eu\/wp-content\/uploads\/2025\/06\/Fizzy-Max-60000-Puffs-06.webp\",\"contentUrl\":\"https:\/\/fizzyvape.eu\/wp-content\/uploads\/2025\/06\/Fizzy-Max-60000-Puffs-06.webp\",\"width\":800,\"height\":800},{\"@type\":\"BreadcrumbList\",\"@id\":\"https:\/\/fizzyvape.eu\/de\/produkt\/fizzy-max-iii-6in1-60k-60000-puffs-wiederaufladbare-einweg-vape-blueberry-ice-fizzy-cherry-raspberry-lemon-10pcs\/#breadcrumb\",\"itemListElement\":[{\"@type\":\"ListItem\",\"position\":1,\"name\":\"Home\",\"item\":\"https:\/\/fizzyvape.eu\/de\/\"},{\"@type\":\"ListItem\",\"position\":2,\"name\":\"Shop\",\"item\":\"https:\/\/www.fizzyvape.eu\/de\/shop\/\"},{\"@type\":\"ListItem\",\"position\":3,\"name\":\"Fizzy Max III 6in1 60K 60000 Puffs Wiederaufladbare Einweg-Vape &#8211; Blueberry Ice &amp; Fizzy Cherry &amp; Raspberry Lemon &#8211; 10pcs\"}]},{\"@type\":\"WebSite\",\"@id\":\"https:\/\/www.fizzyvape.eu\/de\/#website\",\"url\":\"https:\/\/www.fizzyvape.eu\/de\/\",\"name\":\"fizzyvape.eu\",\"description\":\"Refreshing Vapes. Unforgettable Taste.\",\"publisher\":{\"@id\":\"https:\/\/www.fizzyvape.eu\/de\/#organization\"},\"potentialAction\":[{\"@type\":\"SearchAction\",\"target\":{\"@type\":\"EntryPoint\",\"urlTemplate\":\"https:\/\/www.fizzyvape.eu\/de\/?s={search_term_string}\"},\"query-input\":{\"@type\":\"PropertyValueSpecification\",\"valueRequired\":true,\"valueName\":\"search_term_string\"}}],\"inLanguage\":\"de\"},{\"@type\":\"Organization\",\"@id\":\"https:\/\/www.fizzyvape.eu\/de\/#organization\",\"name\":\"fizzyvape.eu\",\"url\":\"https:\/\/www.fizzyvape.eu\/de\/\",\"logo\":{\"@type\":\"ImageObject\",\"inLanguage\":\"de\",\"@id\":\"https:\/\/www.fizzyvape.eu\/de\/#\/schema\/logo\/image\/\",\"url\":\"https:\/\/fizzyvape.eu\/wp-content\/uploads\/2019\/06\/print-1.svg\",\"contentUrl\":\"https:\/\/fizzyvape.eu\/wp-content\/uploads\/2019\/06\/print-1.svg\",\"width\":124,\"height\":37,\"caption\":\"fizzyvape.eu\"},\"image\":{\"@id\":\"https:\/\/www.fizzyvape.eu\/de\/#\/schema\/logo\/image\/\"}}]}<\/script>\n<meta property=\"og:availability\" content=\"out of stock\" \/>\n<meta property=\"product:availability\" content=\"out of stock\" \/>\n<meta property=\"product:condition\" content=\"new\" \/>\n<!-- \/ Yoast SEO Premium plugin. -->","yoast_head_json":{"title":"Premium-Wegwerf-Vape Europa - Fizzy Max 60000 Puffs 6-in-1","description":"Entdecken Sie Europas Premium-Wegwerfdampfer - Fizzy Max 60000 Z\u00fcge, 6 Geschmacksrichtungen, wiederaufladbar, LED-Anzeige und Typ-C-Aufladung. Jetzt kaufen!","robots":{"index":"index","follow":"follow","max-snippet":"max-snippet:-1","max-image-preview":"max-image-preview:large","max-video-preview":"max-video-preview:-1"},"canonical":"https:\/\/fizzyvape.eu\/de\/produkt\/fizzy-max-iii-6in1-60k-60000-puffs-wiederaufladbare-einweg-vape-blueberry-ice-fizzy-cherry-raspberry-lemon-10pcs\/","og_locale":"de_DE","og_type":"article","og_title":"Fizzy Max III 6in1 60K 60000 Puffs Wiederaufladbare Einweg-Vape - Blueberry Ice &amp; Fizzy Cherry &amp; Raspberry Lemon - 10pcs","og_description":"Entdecken Sie Europas Premium-Wegwerfdampfer - Fizzy Max 60000 Z\u00fcge, 6 Geschmacksrichtungen, wiederaufladbar, LED-Anzeige und Typ-C-Aufladung. Jetzt kaufen!","og_url":"https:\/\/fizzyvape.eu\/de\/produkt\/fizzy-max-iii-6in1-60k-60000-puffs-wiederaufladbare-einweg-vape-blueberry-ice-fizzy-cherry-raspberry-lemon-10pcs\/","og_site_name":"fizzyvape.eu","og_image":[{"width":800,"height":800,"url":"https:\/\/fizzyvape.eu\/wp-content\/uploads\/2025\/06\/Fizzy-Max-60000-Puffs-06.webp","type":"image\/webp"}],"twitter_card":"summary_large_image","twitter_misc":{"Verf\u00fcgbarkeit":"ausverkauft"},"schema":{"@context":"https:\/\/schema.org","@graph":[{"@type":"WebPage","@id":"https:\/\/fizzyvape.eu\/de\/produkt\/fizzy-max-iii-6in1-60k-60000-puffs-wiederaufladbare-einweg-vape-blueberry-ice-fizzy-cherry-raspberry-lemon-10pcs\/","url":"https:\/\/fizzyvape.eu\/de\/produkt\/fizzy-max-iii-6in1-60k-60000-puffs-wiederaufladbare-einweg-vape-blueberry-ice-fizzy-cherry-raspberry-lemon-10pcs\/","name":"Premium-Wegwerf-Vape Europa - Fizzy Max 60000 Puffs 6-in-1","isPartOf":{"@id":"https:\/\/www.fizzyvape.eu\/de\/#website"},"primaryImageOfPage":{"@id":"https:\/\/fizzyvape.eu\/de\/produkt\/fizzy-max-iii-6in1-60k-60000-puffs-wiederaufladbare-einweg-vape-blueberry-ice-fizzy-cherry-raspberry-lemon-10pcs\/#primaryimage"},"image":{"@id":"https:\/\/fizzyvape.eu\/de\/produkt\/fizzy-max-iii-6in1-60k-60000-puffs-wiederaufladbare-einweg-vape-blueberry-ice-fizzy-cherry-raspberry-lemon-10pcs\/#primaryimage"},"thumbnailUrl":"https:\/\/fizzyvape.eu\/wp-content\/uploads\/2025\/06\/Fizzy-Max-60000-Puffs-06.webp","datePublished":"2025-06-11T02:33:56+00:00","description":"Entdecken Sie Europas Premium-Wegwerfdampfer - Fizzy Max 60000 Z\u00fcge, 6 Geschmacksrichtungen, wiederaufladbar, LED-Anzeige und Typ-C-Aufladung. Jetzt kaufen!","breadcrumb":{"@id":"https:\/\/fizzyvape.eu\/de\/produkt\/fizzy-max-iii-6in1-60k-60000-puffs-wiederaufladbare-einweg-vape-blueberry-ice-fizzy-cherry-raspberry-lemon-10pcs\/#breadcrumb"},"inLanguage":"de","potentialAction":[{"@type":"ReadAction","target":["https:\/\/fizzyvape.eu\/de\/produkt\/fizzy-max-iii-6in1-60k-60000-puffs-wiederaufladbare-einweg-vape-blueberry-ice-fizzy-cherry-raspberry-lemon-10pcs\/"]}]},{"@type":"ImageObject","inLanguage":"de","@id":"https:\/\/fizzyvape.eu\/de\/produkt\/fizzy-max-iii-6in1-60k-60000-puffs-wiederaufladbare-einweg-vape-blueberry-ice-fizzy-cherry-raspberry-lemon-10pcs\/#primaryimage","url":"https:\/\/fizzyvape.eu\/wp-content\/uploads\/2025\/06\/Fizzy-Max-60000-Puffs-06.webp","contentUrl":"https:\/\/fizzyvape.eu\/wp-content\/uploads\/2025\/06\/Fizzy-Max-60000-Puffs-06.webp","width":800,"height":800},{"@type":"BreadcrumbList","@id":"https:\/\/fizzyvape.eu\/de\/produkt\/fizzy-max-iii-6in1-60k-60000-puffs-wiederaufladbare-einweg-vape-blueberry-ice-fizzy-cherry-raspberry-lemon-10pcs\/#breadcrumb","itemListElement":[{"@type":"ListItem","position":1,"name":"Home","item":"https:\/\/fizzyvape.eu\/de\/"},{"@type":"ListItem","position":2,"name":"Shop","item":"https:\/\/www.fizzyvape.eu\/de\/shop\/"},{"@type":"ListItem","position":3,"name":"Fizzy Max III 6in1 60K 60000 Puffs Wiederaufladbare Einweg-Vape &#8211; Blueberry Ice &amp; Fizzy Cherry &amp; Raspberry Lemon &#8211; 10pcs"}]},{"@type":"WebSite","@id":"https:\/\/www.fizzyvape.eu\/de\/#website","url":"https:\/\/www.fizzyvape.eu\/de\/","name":"fizzyvape.eu","description":"Refreshing Vapes. Unforgettable Taste.","publisher":{"@id":"https:\/\/www.fizzyvape.eu\/de\/#organization"},"potentialAction":[{"@type":"SearchAction","target":{"@type":"EntryPoint","urlTemplate":"https:\/\/www.fizzyvape.eu\/de\/?s={search_term_string}"},"query-input":{"@type":"PropertyValueSpecification","valueRequired":true,"valueName":"search_term_string"}}],"inLanguage":"de"},{"@type":"Organization","@id":"https:\/\/www.fizzyvape.eu\/de\/#organization","name":"fizzyvape.eu","url":"https:\/\/www.fizzyvape.eu\/de\/","logo":{"@type":"ImageObject","inLanguage":"de","@id":"https:\/\/www.fizzyvape.eu\/de\/#\/schema\/logo\/image\/","url":"https:\/\/fizzyvape.eu\/wp-content\/uploads\/2019\/06\/print-1.svg","contentUrl":"https:\/\/fizzyvape.eu\/wp-content\/uploads\/2019\/06\/print-1.svg","width":124,"height":37,"caption":"fizzyvape.eu"},"image":{"@id":"https:\/\/www.fizzyvape.eu\/de\/#\/schema\/logo\/image\/"}}]},"og_availability":"out of stock","product_availability":"out of stock","product_condition":"new"},"tiered_pricing_type":"fixed","tiered_pricing_fixed_rules":[],"tiered_pricing_product_settings":{"layout":"default","base_unit_name":{"singular":null,"plural":null},"default_variation":null},"tiered_pricing_minimum_quantity":null,"tiered_pricing_roles_data":[],"tiered_pricing_percentage_rules":[],"tiered_pricing_maximum_quantity":null,"tiered_pricing_quantity_step":null,"_links":{"self":[{"href":"https:\/\/fizzyvape.eu\/de\/wp-json\/wp\/v2\/product\/32995","targetHints":{"allow":["GET"]}}],"collection":[{"href":"https:\/\/fizzyvape.eu\/de\/wp-json\/wp\/v2\/product"}],"about":[{"href":"https:\/\/fizzyvape.eu\/de\/wp-json\/wp\/v2\/types\/product"}],"replies":[{"embeddable":true,"href":"https:\/\/fizzyvape.eu\/de\/wp-json\/wp\/v2\/comments?post=32995"}],"version-history":[{"count":0,"href":"https:\/\/fizzyvape.eu\/de\/wp-json\/wp\/v2\/product\/32995\/revisions"}],"wp:featuredmedia":[{"embeddable":true,"href":"https:\/\/fizzyvape.eu\/de\/wp-json\/wp\/v2\/media\/32453"}],"wp:attachment":[{"href":"https:\/\/fizzyvape.eu\/de\/wp-json\/wp\/v2\/media?parent=32995"}],"wp:term":[{"taxonomy":"product_brand","embeddable":true,"href":"https:\/\/fizzyvape.eu\/de\/wp-json\/wp\/v2\/product_brand?post=32995"},{"taxonomy":"product_cat","embeddable":true,"href":"https:\/\/fizzyvape.eu\/de\/wp-json\/wp\/v2\/product_cat?post=32995"},{"taxonomy":"product_tag","embeddable":true,"href":"https:\/\/fizzyvape.eu\/de\/wp-json\/wp\/v2\/product_tag?post=32995"}],"curies":[{"name":"wp","href":"https:\/\/api.w.org\/{rel}","templated":true}]}}