{"id":33049,"date":"2025-06-11T14:32:35","date_gmt":"2025-06-11T06:32:35","guid":{"rendered":"https:\/\/fizzyvape.eu\/product\/fizzy-max-iii-6in1-60k-60000-puffs-wiederaufladbare-einwegdampfer-surprise-flavor-collection-6er-pack\/"},"modified":"2025-06-17T11:10:00","modified_gmt":"2025-06-17T03:10:00","slug":"fizzy-max-iii-6in1-60k-60000-puffs-wiederaufladbare-einwegdampfer-surprise-flavor-collection-6er-pack","status":"publish","type":"product","link":"https:\/\/fizzyvape.eu\/de\/produkt\/fizzy-max-iii-6in1-60k-60000-puffs-wiederaufladbare-einwegdampfer-surprise-flavor-collection-6er-pack\/","title":{"rendered":"Fizzy Max III 6in1 60K 60000 Puffs Wiederaufladbare Einwegdampfer &#8211; Surprise Flavor Collection (6er-Pack)"},"content":{"rendered":"<h2>Fizzy Max III 6in1 60K 60000 Puffs Einwegverdampfer &#8211; Surprise Flavor Collection (6er-Pack)<\/h2>\n<p>Begeben Sie sich auf eine k\u00fchne neue Dampfreise mit dem <strong data-start=\"83\" data-end=\"170\">Fizzy Max III 60000 Puffs Rechargeable Disposable Vape &#8211; Surprise Flavor Collection<\/strong>. Dieses luxuri\u00f6se <strong>6-teilige<\/strong> Set enth\u00e4lt <strong>sechs<\/strong> <strong>wiederaufladbare Einwegdampfer<\/strong> <strong>mit hoher Kapazit\u00e4t<\/strong>, von denen jeder eine beeindruckende Auswahl von <strong>3 Solo-Geschmacksrichtungen<\/strong> und <strong>3 einzigartigen Mischungen<\/strong> bietet. Dank des innovativen rotierenden Mundst\u00fccks ist der Wechsel zwischen den Geschmacksprofilen m\u00fchelos &#8211; Sie m\u00fcssen weder H\u00fclsen noch Ger\u00e4te wechseln. Jedes Ger\u00e4t ist auf Langlebigkeit und Geschmackskonsistenz ausgelegt und liefert bis zu <strong>60.000 Z\u00fcge<\/strong>. Machen Sie sich bereit f\u00fcr reichhaltigen Geschmack, fortschrittliche Funktionalit\u00e4t und eine gro\u00dfe Geschmacksvielfalt &#8211; alles in einem aufregenden Mystery-Bundle verpackt.    <\/p>\n<h3>Was drin ist: 6 handverlesene Geschmackskombinationen f\u00fcr unendliche Abwechslung<\/h3>\n<p>Wir haben eine aufregende Mischung aus unseren meistverkauften Geschmackskombinationen zusammengestellt, damit jedes Ger\u00e4t eine neue \u00dcberraschung bietet. Ihr 6er-Pack enth\u00e4lt: <\/p>\n<p><strong><span style=\"color: #000000;\">1<\/span>. Erdbeer-Wassermelone &amp; Zitrone-Limette &amp; Heidelbeer-Kokosnuss <\/strong><br \/>\n<strong>2. Blaubeereis &amp; Sprudelkirsche &amp; Himbeere-Zitrone<\/strong><br \/>\n<strong>3. Wassermelone Eis &amp; Erdbeere Vanille Cola &amp; Gemischte Beeren<\/strong><br \/>\n<strong>4. Erdbeere Drachenfrucht &amp; Red Bull &amp; Himbeere Wassermelone<\/strong><br \/>\n<strong>5. Erdbeere Himbeere &amp; Mango Pfirsich &amp; Heidelbeere Wassermelone<\/strong><br \/>\n<strong>6. Gemischte Beeren &amp; Kiwi Passionsfrucht Guave &amp; Erdbeere Wassermelone<\/strong><\/p>\n<p>Drehen Sie bei jedem Ger\u00e4t das Mundst\u00fcck, um es zu durchlaufen:<\/p>\n<p><strong>A \u2192 Mix AB \u2192 B \u2192 Mix BC \u2192 C \u2192 Mix CA<\/strong><\/p>\n<p>Wechseln Sie mit einer einfachen Drehung des Mundst\u00fccks nahtlos durch alle sechs m\u00f6glichen Geschmacksrichtungen. Genie\u00dfen Sie den ultimativen Komfort des 6-in-1-Systems. Neugierig geworden? Sehen Sie sich unser <a href=\"https:\/\/www.youtube.com\/watch?v=CoxB_HvaU3k\">Demonstrationsvideo<\/a> an.   <\/p>\n<h3><strong>Produkt-Highlights<\/strong><\/h3>\n<ul>\n<li><strong>Bis zu 60.000 Z\u00fcge pro Ger\u00e4t:<\/strong> Jeder Verdampfer ist mit einem 60 ml E-Liquid-System mit hoher Kapazit\u00e4t ausgestattet, das wochenlanges Dampfen erm\u00f6glicht.<\/li>\n<li><strong>6-in-1-Geschmackssystem:<\/strong> Genie\u00dfen Sie unglaubliche 3 verschiedene Einzelgeschmacksrichtungen und 3 einzigartige Mischmodi in jedem Ger\u00e4t f\u00fcr ultimative Abwechslung.<\/li>\n<li><strong>Wiederaufladbarer 850mAh-Akku:<\/strong> Mit der praktischen USB-C-Schnellladefunktion k\u00f6nnen Sie bis zum letzten Tropfen Energie sparen.<\/li>\n<li><strong>Intelligenter LED-Bildschirm:<\/strong> \u00dcberwachen Sie den Echtzeit-Akkustatus und den aktuellen Vaping-Modus auf einen Blick.<\/li>\n<li><strong>Fortschrittliche Mesh-Spulen-Technologie:<\/strong> Erleben Sie gleichm\u00e4\u00dfig weichen Dampf, reichen Geschmack und Spitzenleistung mit jedem Zug.<\/li>\n<li><strong>Zwei Inhalationsmodi:<\/strong> W\u00e4hlen Sie Ihren bevorzugten Vaping-Stil:\n<ul>\n<li><strong>Single-Flavor-Modus (MTL<\/strong> ): Liefert sanfte, klassische Mund-zu-Lunge-Z\u00fcge.<\/li>\n<li><strong>Dual-Flavor-Mix-Modus (DL):<\/strong> Bietet einen verbesserten Luftstrom f\u00fcr kr\u00e4ftige direkte Lungenschl\u00e4ge mit vollerem Dampf und aufregenden Aromamischungen.<\/li>\n<\/ul>\n<\/li>\n<li><strong>Nikotinst\u00e4rken:<\/strong> Erh\u00e4ltlich in 2% (20mg\/ml) f\u00fcr ein sanfteres Erlebnis oder 5% (50mg\/ml) f\u00fcr einen st\u00e4rkeren, befriedigenden Kehlkopfschlag.<\/li>\n<li><strong>Kompakt und reisefreundlich:<\/strong> Sein auslaufsicheres Design und das handliche Taschenformat machen ihn perfekt f\u00fcr unterwegs und er ist flugtauglich f\u00fcr sorgenfreies Reisen.<\/li>\n<\/ul>\n<h3><strong>Fizzy Max III 6in1 60000 Puffs Einweg Vape Aromen Liste:<\/strong><\/h3>\n<ol>\n<li><a href=\"https:\/\/fizzyvape.eu\/de\/produkt\/fizzy-max-iii-6in1-60k-60000-puffs-wiederaufladbare-einweg-vape-erdbeere-himbeere-mango-pfirsich-heidelbeere-wassermelone-10pcs\/\">Erdbeere Himbeere &amp; Mango Pfirsich &amp; Heidelbeere Wassermelone<\/a><\/li>\n<li><a href=\"https:\/\/fizzyvape.eu\/de\/produkt\/fizzy-max-iii-6in1-60k-60000-puffs-wiederaufladbare-einweg-vape-mixed-berry-kiwi-passionsfrucht-guave-erdbeere-wassermelone-10-stueck\/\">Gemischte Beeren &amp; Kiwi Passionsfrucht Guave &amp; Erdbeere Wassermelone<\/a><\/li>\n<li><a href=\"https:\/\/fizzyvape.eu\/de\/produkt\/fizzy-max-iii-6in1-60k-60000-puffs-wiederaufladbare-einweg-vape-blaubeere-himbeere-dreifach-melone-erdbeere-eis-10pcs\/\">Heidelbeere-Himbeere &amp; Dreifach Melone &amp; Erdbeere Eis<\/a><\/li>\n<li><a href=\"https:\/\/fizzyvape.eu\/de\/produkt\/fizzy-max-iii-6in1-60k-60000-puffs-wiederaufladbare-einweg-vape-erdbeere-drachenfrucht-red-bull-himbeere-wassermelone-10-stueck\/\">Erdbeere Drachenfrucht &amp; Red Bull &amp; Himbeere Wassermelone<\/a><\/li>\n<li><a href=\"https:\/\/fizzyvape.eu\/de\/produkt\/fizzy-max-iii-6in1-60k-60000-puffs-wiederaufladbare-einweg-vape-erdbeer-kiwi-blaubeer-eis-wassermelone-eis-10-stueck\/\">Erdbeer-Kiwi &amp; Heidelbeere Eis &amp; Wassermelone Eis<\/a><\/li>\n<li><a href=\"https:\/\/fizzyvape.eu\/de\/produkt\/fizzy-max-iii-6in1-60k-60000-puffs-wiederaufladbare-einweg-vape-blueberry-ice-fizzy-cherry-raspberry-lemon-10pcs\/\">Blaubeereis &amp; Sprudelkirsche &amp; Himbeere-Zitrone<\/a><\/li>\n<li><a href=\"https:\/\/fizzyvape.eu\/de\/produkt\/fizzy-max-iii-6in1-60k-60000-puffs-wiederaufladbare-einweg-vape-wassermelone-eis-erdbeere-vanille-cola-mixed-berry-10pcs\/\">Wassermelone Eis &amp; Erdbeere Vanille Cola &amp; Gemischt<\/a><\/li>\n<li><a href=\"https:\/\/fizzyvape.eu\/de\/produkt\/fizzy-max-iii-6in1-60k-60000-puffs-wiederaufladbare-einweg-vape-erdbeere-traube-blaubeere-kokosnuss-pfirsich-zitrone-10pcs\/\">Erdbeere Weintraube &amp; Heidelbeere Kokosnuss &amp; Pfirsich Zitrone<\/a><\/li>\n<li><a href=\"https:\/\/fizzyvape.eu\/de\/produkt\/fizzy-max-iii-6in1-60k-60000-puffs-wiederaufladbare-einweg-vape-blue-razz-ice-strawberry-kiwi-sour-pineapple-orange-10pcs\/\">Blue Razz Ice &amp; Erdbeere Kiwi &amp; Saure Ananas Orange<\/a><\/li>\n<li><a href=\"https:\/\/fizzyvape.eu\/de\/produkt\/fizzy-max-iii-6in1-60k-60000-puffs-wiederaufladbare-einweg-vape-erdbeer-wassermelone-zitrone-limette-heidelbeere-kokosnuss-10pcs\/\">Erdbeer-Wassermelone &amp; Zitrone-Limette &amp; Heidelbeer-Kokosnuss<\/a><\/li>\n<\/ol>\n<p>&nbsp;<\/p>\n<h3>Warum Sie den Fizzy Max III 6-in-1 lieben werden<\/h3>\n<ul>\n<li><strong>Un\u00fcbertroffene Vielfalt:<\/strong> Sechs Ger\u00e4te, jedes mit sechs Geschmacksoptionen, bedeuten endlose M\u00f6glichkeiten in einem Paket.<\/li>\n<li><strong>M\u00fchelose Geschmacksumstellung:<\/strong> Das rotierende Mundst\u00fcck macht den Wechsel der Geschmacksrichtungen unglaublich einfach und intuitiv.<\/li>\n<li><strong>Verl\u00e4ngerter Genuss:<\/strong> Mit bis zu 60.000 Z\u00fcgen pro Ger\u00e4t k\u00f6nnen Sie l\u00e4nger dampfen, ohne Ersatz zu ben\u00f6tigen.<\/li>\n<li><strong>Gleichbleibende Qualit\u00e4t:<\/strong> Die fortschrittliche Technologie sorgt f\u00fcr reichhaltigen Geschmack und dichte Wolken von Anfang bis Ende.<\/li>\n<li><strong>Schneller und zuverl\u00e4ssiger Versand:<\/strong> Lassen Sie sich Ihr Geschmacksabenteuer schnell aus Europa liefern und vermeiden Sie Verz\u00f6gerungen beim Zoll.<\/li>\n<li><strong>Hochwertig und praktisch:<\/strong> Ein schlankes, robustes Design mit Schnellladefunktion und einer klaren LED-Anzeige f\u00fcr ein wirklich m\u00fcheloses Erlebnis.<\/li>\n<\/ul>\n<h3><strong>  FAQ &#8211; Fizzy Max III 6in1 60K Einwegverdampfer<\/strong><\/h3>\n<p><strong>1. Wie viele Z\u00fcge bietet jedes Fizzy Max III Ger\u00e4t?<\/strong><\/p>\n<p>Jedes Ger\u00e4t bietet unglaubliche <strong>60.000 Z\u00fcge<\/strong>, dank des 60mL E-Liquid-Systems mit hoher Kapazit\u00e4t und dem leistungsstarken, wiederaufladbaren Akku.<\/p>\n<p><strong>2. Ist das Fizzy Max III Einweg-Dampfger\u00e4t wiederaufladbar?<\/strong><\/p>\n<p>Ja, absolut! Er verf\u00fcgt \u00fcber einen robusten 850mAh-Akku mit Typ-C-Schnellladung. Sie k\u00f6nnen ihn problemlos mehrmals aufladen, damit Sie jeden einzelnen Zug genie\u00dfen k\u00f6nnen.  <\/p>\n<p><strong>3. Wie wechsle ich die Geschmacksrichtungen auf dem 6-in-1-Ger\u00e4t?<\/strong><\/p>\n<p>Es ist super einfach! <strong>Heben Sie<\/strong> einfach <strong>das Mundst\u00fcck an und drehen Sie es<\/strong>. Das intelligente Rotationssystem wechselt intuitiv zwischen den 3 einzelnen Geschmacksrichtungen und den 3 einzigartigen gemischten Modi, so dass Sie insgesamt 6 Geschmackserlebnisse haben.  <\/p>\n<p><strong>4. Wie viele Geschmacksrichtungen stecken wirklich in einem Ger\u00e4t?<\/strong><\/p>\n<p>Jedes Ger\u00e4t wird mit 3 vorgef\u00fcllten, unabh\u00e4ngigen Aromapods geliefert. In Kombination mit den 3 gemischten Modi, die durch Drehen des Mundst\u00fccks aktiviert werden, erhalten Sie tats\u00e4chlich <strong>6 verschiedene Geschmackserlebnisse<\/strong> mit einem einzigen Zug! <\/p>\n<p><strong>5. Welche Nikotinst\u00e4rken sind erh\u00e4ltlich?<\/strong><\/p>\n<p>Die Fizzy Max III Vapes sind in zwei praktischen Nikotinst\u00e4rken erh\u00e4ltlich: <strong>2% (20mg\/ml)<\/strong>, ideal f\u00fcr ein sanftes und geschmackvolles Dampfen, und <strong>5% (50mg\/ml)<\/strong>, f\u00fcr einen st\u00e4rkeren, befriedigenden Kehlkopfschlag.<\/p>\n","protected":false},"excerpt":{"rendered":"<p>Erleben Sie die ultimative Vielfalt mit der <strong>Fizzy Max III 6in1 Surprise Flavor<\/strong> Collection &#8211; <strong>6 wiederaufladbare Einwegdampfer<\/strong>, die jeweils bis zu <strong>60.000 Z\u00fcge<\/strong> und <strong>6 einzigartige Geschmacksrichtungen<\/strong> bieten. Genie\u00dfen Sie die Technologie des rotierenden Mundst\u00fccks, die <strong>LED-Anzeige<\/strong>, das <strong>USB-C-Ladeger\u00e4t<\/strong>, die <strong>Leistung der Mesh-Spule<\/strong> und die <strong>Optionen 2 % oder 5 % Nikotin<\/strong> in einem erstklassigen Mystery-Bundle. <\/p>\n","protected":false},"featured_media":32786,"comment_status":"open","ping_status":"closed","template":"","meta":{"iawp_total_views":21},"product_brand":[],"product_cat":[947,956,258],"product_tag":[],"class_list":{"0":"post-33049","1":"product","2":"type-product","3":"status-publish","4":"has-post-thumbnail","6":"product_cat-eu-warehouse-de","7":"product_cat-hot-selling-vape-de","8":"product_cat-multi-flavor-pack-de","10":"first","11":"outofstock","12":"sale","13":"shipping-taxable","14":"purchasable","15":"product-type-variable"},"yoast_head":"<!-- This site is optimized with the Yoast SEO Premium plugin v24.8 (Yoast SEO v24.8) - https:\/\/yoast.com\/wordpress\/plugins\/seo\/ -->\n<title>60000 Puffs 6-in-1 Einwegdampfer - Mystery Box (6 St\u00fcck)<\/title>\n<meta name=\"description\" content=\"Fizzy Max 6-in-1 60000 puffs disposable vape 6-pack - jedes wiederaufladbare Ger\u00e4t verf\u00fcgt \u00fcber 6 rotierende Geschmacksrichtungen f\u00fcr un\u00fcbertroffene Vielfalt.\" \/>\n<meta name=\"robots\" content=\"index, follow, max-snippet:-1, max-image-preview:large, max-video-preview:-1\" \/>\n<link rel=\"canonical\" href=\"https:\/\/fizzyvape.eu\/de\/produkt\/fizzy-max-iii-6in1-60k-60000-puffs-wiederaufladbare-einwegdampfer-surprise-flavor-collection-6er-pack\/\" \/>\n<meta property=\"og:locale\" content=\"de_DE\" \/>\n<meta property=\"og:type\" content=\"article\" \/>\n<meta property=\"og:title\" content=\"Fizzy Max III 6in1 60K 60000 Puffs Wiederaufladbare Einwegdampfer - Surprise Flavor Collection (6er-Pack)\" \/>\n<meta property=\"og:description\" content=\"Fizzy Max 6-in-1 60000 puffs disposable vape 6-pack - jedes wiederaufladbare Ger\u00e4t verf\u00fcgt \u00fcber 6 rotierende Geschmacksrichtungen f\u00fcr un\u00fcbertroffene Vielfalt.\" \/>\n<meta property=\"og:url\" content=\"https:\/\/fizzyvape.eu\/de\/produkt\/fizzy-max-iii-6in1-60k-60000-puffs-wiederaufladbare-einwegdampfer-surprise-flavor-collection-6er-pack\/\" \/>\n<meta property=\"og:site_name\" content=\"fizzyvape.eu\" \/>\n<meta property=\"article:modified_time\" content=\"2025-06-17T03:10:00+00:00\" \/>\n<meta property=\"og:image\" content=\"https:\/\/fizzyvape.eu\/wp-content\/uploads\/2025\/06\/Fizzy-Max-III-6in1-60K-60000-Puffs-Disposable-Vape-01.webp\" \/>\n\t<meta property=\"og:image:width\" content=\"800\" \/>\n\t<meta property=\"og:image:height\" content=\"800\" \/>\n\t<meta property=\"og:image:type\" content=\"image\/webp\" \/>\n<meta name=\"twitter:card\" content=\"summary_large_image\" \/>\n<meta name=\"twitter:label1\" content=\"Verf\u00fcgbarkeit\" \/>\n\t<meta name=\"twitter:data1\" content=\"ausverkauft\" \/>\n<script type=\"application\/ld+json\" class=\"yoast-schema-graph\">{\"@context\":\"https:\/\/schema.org\",\"@graph\":[{\"@type\":\"WebPage\",\"@id\":\"https:\/\/fizzyvape.eu\/de\/produkt\/fizzy-max-iii-6in1-60k-60000-puffs-wiederaufladbare-einwegdampfer-surprise-flavor-collection-6er-pack\/\",\"url\":\"https:\/\/fizzyvape.eu\/de\/produkt\/fizzy-max-iii-6in1-60k-60000-puffs-wiederaufladbare-einwegdampfer-surprise-flavor-collection-6er-pack\/\",\"name\":\"60000 Puffs 6-in-1 Einwegdampfer - Mystery Box (6 St\u00fcck)\",\"isPartOf\":{\"@id\":\"https:\/\/www.fizzyvape.eu\/de\/#website\"},\"primaryImageOfPage\":{\"@id\":\"https:\/\/fizzyvape.eu\/de\/produkt\/fizzy-max-iii-6in1-60k-60000-puffs-wiederaufladbare-einwegdampfer-surprise-flavor-collection-6er-pack\/#primaryimage\"},\"image\":{\"@id\":\"https:\/\/fizzyvape.eu\/de\/produkt\/fizzy-max-iii-6in1-60k-60000-puffs-wiederaufladbare-einwegdampfer-surprise-flavor-collection-6er-pack\/#primaryimage\"},\"thumbnailUrl\":\"https:\/\/fizzyvape.eu\/wp-content\/uploads\/2025\/06\/Fizzy-Max-III-6in1-60K-60000-Puffs-Disposable-Vape-01.webp\",\"datePublished\":\"2025-06-11T06:32:35+00:00\",\"dateModified\":\"2025-06-17T03:10:00+00:00\",\"description\":\"Fizzy Max 6-in-1 60000 puffs disposable vape 6-pack - jedes wiederaufladbare Ger\u00e4t verf\u00fcgt \u00fcber 6 rotierende Geschmacksrichtungen f\u00fcr un\u00fcbertroffene Vielfalt.\",\"breadcrumb\":{\"@id\":\"https:\/\/fizzyvape.eu\/de\/produkt\/fizzy-max-iii-6in1-60k-60000-puffs-wiederaufladbare-einwegdampfer-surprise-flavor-collection-6er-pack\/#breadcrumb\"},\"inLanguage\":\"de\",\"potentialAction\":[{\"@type\":\"ReadAction\",\"target\":[\"https:\/\/fizzyvape.eu\/de\/produkt\/fizzy-max-iii-6in1-60k-60000-puffs-wiederaufladbare-einwegdampfer-surprise-flavor-collection-6er-pack\/\"]}]},{\"@type\":\"ImageObject\",\"inLanguage\":\"de\",\"@id\":\"https:\/\/fizzyvape.eu\/de\/produkt\/fizzy-max-iii-6in1-60k-60000-puffs-wiederaufladbare-einwegdampfer-surprise-flavor-collection-6er-pack\/#primaryimage\",\"url\":\"https:\/\/fizzyvape.eu\/wp-content\/uploads\/2025\/06\/Fizzy-Max-III-6in1-60K-60000-Puffs-Disposable-Vape-01.webp\",\"contentUrl\":\"https:\/\/fizzyvape.eu\/wp-content\/uploads\/2025\/06\/Fizzy-Max-III-6in1-60K-60000-Puffs-Disposable-Vape-01.webp\",\"width\":800,\"height\":800,\"caption\":\"Fizzy Max III 6in1 60K 60000 Puffs Einweg Vape 01\"},{\"@type\":\"BreadcrumbList\",\"@id\":\"https:\/\/fizzyvape.eu\/de\/produkt\/fizzy-max-iii-6in1-60k-60000-puffs-wiederaufladbare-einwegdampfer-surprise-flavor-collection-6er-pack\/#breadcrumb\",\"itemListElement\":[{\"@type\":\"ListItem\",\"position\":1,\"name\":\"Home\",\"item\":\"https:\/\/fizzyvape.eu\/de\/\"},{\"@type\":\"ListItem\",\"position\":2,\"name\":\"Shop\",\"item\":\"https:\/\/www.fizzyvape.eu\/de\/shop\/\"},{\"@type\":\"ListItem\",\"position\":3,\"name\":\"Fizzy Max III 6in1 60K 60000 Puffs Wiederaufladbare Einwegdampfer &#8211; Surprise Flavor Collection (6er-Pack)\"}]},{\"@type\":\"WebSite\",\"@id\":\"https:\/\/www.fizzyvape.eu\/de\/#website\",\"url\":\"https:\/\/www.fizzyvape.eu\/de\/\",\"name\":\"fizzyvape.eu\",\"description\":\"Refreshing Vapes. Unforgettable Taste.\",\"publisher\":{\"@id\":\"https:\/\/www.fizzyvape.eu\/de\/#organization\"},\"potentialAction\":[{\"@type\":\"SearchAction\",\"target\":{\"@type\":\"EntryPoint\",\"urlTemplate\":\"https:\/\/www.fizzyvape.eu\/de\/?s={search_term_string}\"},\"query-input\":{\"@type\":\"PropertyValueSpecification\",\"valueRequired\":true,\"valueName\":\"search_term_string\"}}],\"inLanguage\":\"de\"},{\"@type\":\"Organization\",\"@id\":\"https:\/\/www.fizzyvape.eu\/de\/#organization\",\"name\":\"fizzyvape.eu\",\"url\":\"https:\/\/www.fizzyvape.eu\/de\/\",\"logo\":{\"@type\":\"ImageObject\",\"inLanguage\":\"de\",\"@id\":\"https:\/\/www.fizzyvape.eu\/de\/#\/schema\/logo\/image\/\",\"url\":\"https:\/\/fizzyvape.eu\/wp-content\/uploads\/2019\/06\/print-1.svg\",\"contentUrl\":\"https:\/\/fizzyvape.eu\/wp-content\/uploads\/2019\/06\/print-1.svg\",\"width\":124,\"height\":37,\"caption\":\"fizzyvape.eu\"},\"image\":{\"@id\":\"https:\/\/www.fizzyvape.eu\/de\/#\/schema\/logo\/image\/\"}}]}<\/script>\n<meta property=\"og:availability\" content=\"out of stock\" \/>\n<meta property=\"product:availability\" content=\"out of stock\" \/>\n<meta property=\"product:condition\" content=\"new\" \/>\n<!-- \/ Yoast SEO Premium plugin. -->","yoast_head_json":{"title":"60000 Puffs 6-in-1 Einwegdampfer - Mystery Box (6 St\u00fcck)","description":"Fizzy Max 6-in-1 60000 puffs disposable vape 6-pack - jedes wiederaufladbare Ger\u00e4t verf\u00fcgt \u00fcber 6 rotierende Geschmacksrichtungen f\u00fcr un\u00fcbertroffene Vielfalt.","robots":{"index":"index","follow":"follow","max-snippet":"max-snippet:-1","max-image-preview":"max-image-preview:large","max-video-preview":"max-video-preview:-1"},"canonical":"https:\/\/fizzyvape.eu\/de\/produkt\/fizzy-max-iii-6in1-60k-60000-puffs-wiederaufladbare-einwegdampfer-surprise-flavor-collection-6er-pack\/","og_locale":"de_DE","og_type":"article","og_title":"Fizzy Max III 6in1 60K 60000 Puffs Wiederaufladbare Einwegdampfer - Surprise Flavor Collection (6er-Pack)","og_description":"Fizzy Max 6-in-1 60000 puffs disposable vape 6-pack - jedes wiederaufladbare Ger\u00e4t verf\u00fcgt \u00fcber 6 rotierende Geschmacksrichtungen f\u00fcr un\u00fcbertroffene Vielfalt.","og_url":"https:\/\/fizzyvape.eu\/de\/produkt\/fizzy-max-iii-6in1-60k-60000-puffs-wiederaufladbare-einwegdampfer-surprise-flavor-collection-6er-pack\/","og_site_name":"fizzyvape.eu","article_modified_time":"2025-06-17T03:10:00+00:00","og_image":[{"width":800,"height":800,"url":"https:\/\/fizzyvape.eu\/wp-content\/uploads\/2025\/06\/Fizzy-Max-III-6in1-60K-60000-Puffs-Disposable-Vape-01.webp","type":"image\/webp"}],"twitter_card":"summary_large_image","twitter_misc":{"Verf\u00fcgbarkeit":"ausverkauft"},"schema":{"@context":"https:\/\/schema.org","@graph":[{"@type":"WebPage","@id":"https:\/\/fizzyvape.eu\/de\/produkt\/fizzy-max-iii-6in1-60k-60000-puffs-wiederaufladbare-einwegdampfer-surprise-flavor-collection-6er-pack\/","url":"https:\/\/fizzyvape.eu\/de\/produkt\/fizzy-max-iii-6in1-60k-60000-puffs-wiederaufladbare-einwegdampfer-surprise-flavor-collection-6er-pack\/","name":"60000 Puffs 6-in-1 Einwegdampfer - Mystery Box (6 St\u00fcck)","isPartOf":{"@id":"https:\/\/www.fizzyvape.eu\/de\/#website"},"primaryImageOfPage":{"@id":"https:\/\/fizzyvape.eu\/de\/produkt\/fizzy-max-iii-6in1-60k-60000-puffs-wiederaufladbare-einwegdampfer-surprise-flavor-collection-6er-pack\/#primaryimage"},"image":{"@id":"https:\/\/fizzyvape.eu\/de\/produkt\/fizzy-max-iii-6in1-60k-60000-puffs-wiederaufladbare-einwegdampfer-surprise-flavor-collection-6er-pack\/#primaryimage"},"thumbnailUrl":"https:\/\/fizzyvape.eu\/wp-content\/uploads\/2025\/06\/Fizzy-Max-III-6in1-60K-60000-Puffs-Disposable-Vape-01.webp","datePublished":"2025-06-11T06:32:35+00:00","dateModified":"2025-06-17T03:10:00+00:00","description":"Fizzy Max 6-in-1 60000 puffs disposable vape 6-pack - jedes wiederaufladbare Ger\u00e4t verf\u00fcgt \u00fcber 6 rotierende Geschmacksrichtungen f\u00fcr un\u00fcbertroffene Vielfalt.","breadcrumb":{"@id":"https:\/\/fizzyvape.eu\/de\/produkt\/fizzy-max-iii-6in1-60k-60000-puffs-wiederaufladbare-einwegdampfer-surprise-flavor-collection-6er-pack\/#breadcrumb"},"inLanguage":"de","potentialAction":[{"@type":"ReadAction","target":["https:\/\/fizzyvape.eu\/de\/produkt\/fizzy-max-iii-6in1-60k-60000-puffs-wiederaufladbare-einwegdampfer-surprise-flavor-collection-6er-pack\/"]}]},{"@type":"ImageObject","inLanguage":"de","@id":"https:\/\/fizzyvape.eu\/de\/produkt\/fizzy-max-iii-6in1-60k-60000-puffs-wiederaufladbare-einwegdampfer-surprise-flavor-collection-6er-pack\/#primaryimage","url":"https:\/\/fizzyvape.eu\/wp-content\/uploads\/2025\/06\/Fizzy-Max-III-6in1-60K-60000-Puffs-Disposable-Vape-01.webp","contentUrl":"https:\/\/fizzyvape.eu\/wp-content\/uploads\/2025\/06\/Fizzy-Max-III-6in1-60K-60000-Puffs-Disposable-Vape-01.webp","width":800,"height":800,"caption":"Fizzy Max III 6in1 60K 60000 Puffs Einweg Vape 01"},{"@type":"BreadcrumbList","@id":"https:\/\/fizzyvape.eu\/de\/produkt\/fizzy-max-iii-6in1-60k-60000-puffs-wiederaufladbare-einwegdampfer-surprise-flavor-collection-6er-pack\/#breadcrumb","itemListElement":[{"@type":"ListItem","position":1,"name":"Home","item":"https:\/\/fizzyvape.eu\/de\/"},{"@type":"ListItem","position":2,"name":"Shop","item":"https:\/\/www.fizzyvape.eu\/de\/shop\/"},{"@type":"ListItem","position":3,"name":"Fizzy Max III 6in1 60K 60000 Puffs Wiederaufladbare Einwegdampfer &#8211; Surprise Flavor Collection (6er-Pack)"}]},{"@type":"WebSite","@id":"https:\/\/www.fizzyvape.eu\/de\/#website","url":"https:\/\/www.fizzyvape.eu\/de\/","name":"fizzyvape.eu","description":"Refreshing Vapes. Unforgettable Taste.","publisher":{"@id":"https:\/\/www.fizzyvape.eu\/de\/#organization"},"potentialAction":[{"@type":"SearchAction","target":{"@type":"EntryPoint","urlTemplate":"https:\/\/www.fizzyvape.eu\/de\/?s={search_term_string}"},"query-input":{"@type":"PropertyValueSpecification","valueRequired":true,"valueName":"search_term_string"}}],"inLanguage":"de"},{"@type":"Organization","@id":"https:\/\/www.fizzyvape.eu\/de\/#organization","name":"fizzyvape.eu","url":"https:\/\/www.fizzyvape.eu\/de\/","logo":{"@type":"ImageObject","inLanguage":"de","@id":"https:\/\/www.fizzyvape.eu\/de\/#\/schema\/logo\/image\/","url":"https:\/\/fizzyvape.eu\/wp-content\/uploads\/2019\/06\/print-1.svg","contentUrl":"https:\/\/fizzyvape.eu\/wp-content\/uploads\/2019\/06\/print-1.svg","width":124,"height":37,"caption":"fizzyvape.eu"},"image":{"@id":"https:\/\/www.fizzyvape.eu\/de\/#\/schema\/logo\/image\/"}}]},"og_availability":"out of stock","product_availability":"out of stock","product_condition":"new"},"tiered_pricing_type":"fixed","tiered_pricing_fixed_rules":[],"tiered_pricing_product_settings":{"layout":"default","base_unit_name":{"singular":null,"plural":null},"default_variation":null},"tiered_pricing_minimum_quantity":null,"tiered_pricing_roles_data":[],"tiered_pricing_percentage_rules":[],"tiered_pricing_maximum_quantity":null,"tiered_pricing_quantity_step":null,"_links":{"self":[{"href":"https:\/\/fizzyvape.eu\/de\/wp-json\/wp\/v2\/product\/33049","targetHints":{"allow":["GET"]}}],"collection":[{"href":"https:\/\/fizzyvape.eu\/de\/wp-json\/wp\/v2\/product"}],"about":[{"href":"https:\/\/fizzyvape.eu\/de\/wp-json\/wp\/v2\/types\/product"}],"replies":[{"embeddable":true,"href":"https:\/\/fizzyvape.eu\/de\/wp-json\/wp\/v2\/comments?post=33049"}],"version-history":[{"count":0,"href":"https:\/\/fizzyvape.eu\/de\/wp-json\/wp\/v2\/product\/33049\/revisions"}],"wp:featuredmedia":[{"embeddable":true,"href":"https:\/\/fizzyvape.eu\/de\/wp-json\/wp\/v2\/media\/32786"}],"wp:attachment":[{"href":"https:\/\/fizzyvape.eu\/de\/wp-json\/wp\/v2\/media?parent=33049"}],"wp:term":[{"taxonomy":"product_brand","embeddable":true,"href":"https:\/\/fizzyvape.eu\/de\/wp-json\/wp\/v2\/product_brand?post=33049"},{"taxonomy":"product_cat","embeddable":true,"href":"https:\/\/fizzyvape.eu\/de\/wp-json\/wp\/v2\/product_cat?post=33049"},{"taxonomy":"product_tag","embeddable":true,"href":"https:\/\/fizzyvape.eu\/de\/wp-json\/wp\/v2\/product_tag?post=33049"}],"curies":[{"name":"wp","href":"https:\/\/api.w.org\/{rel}","templated":true}]}}