{"id":33088,"date":"2025-06-09T13:55:03","date_gmt":"2025-06-09T05:55:03","guid":{"rendered":"https:\/\/fizzyvape.eu\/product\/fizzy-max-iii-6in1-60k-60000-puffs-wiederaufladbare-einweg-vape-120pcs\/"},"modified":"2025-06-09T13:55:03","modified_gmt":"2025-06-09T05:55:03","slug":"fizzy-max-iii-6in1-60k-60000-puffs-wiederaufladbare-einweg-vape-120pcs","status":"publish","type":"product","link":"https:\/\/fizzyvape.eu\/de\/produkt\/fizzy-max-iii-6in1-60k-60000-puffs-wiederaufladbare-einweg-vape-120pcs\/","title":{"rendered":"Fizzy Max III 6in1 60K 60000 Puffs Wiederaufladbare Einweg-Vape &#8211; 120pcs"},"content":{"rendered":"<h1>Fizzy Max III 6in1 60K 60000 Puffs Wiederaufladbare Einweg Vape Gro\u00dfhandel &#8211; 120pcs<\/h1>\n<h3>Ein Ger\u00e4t. Sechs Geschmacksrichtungen. 60.000 Z\u00fcge Premium Vaping.  <\/h3>\n<p>Entdecken Sie den Komfort und die Vielfalt des Verdampfens mit dem <strong>Fizzy Max III 6in1<\/strong> &#8211; dem branchenf\u00fchrenden Einwegverdampfer, der <strong>bis zu 60.000 Z\u00fcge<\/strong> mit einem einzigen, wiederaufladbaren Ger\u00e4t erm\u00f6glicht. Dieses Ger\u00e4t wurde f\u00fcr diejenigen entwickelt, die sich nach Flexibilit\u00e4t, Geschmack und Leistung sehnen. Es ist mit einem intelligenten <strong>drehbaren Mundst\u00fcck<\/strong> ausgestattet, mit dem Sie sofort und m\u00fchelos zwischen <strong>sechs einzigartigen Geschmackserlebnissen<\/strong> wechseln k\u00f6nnen. <\/p>\n<p>Mit <strong>drei vorgef\u00fcllten 20-ml-Pods<\/strong> im Inneren (insgesamt 60 ml) kombiniert dieser All-in-One-Dampfer <strong>eine maximale Anzahl an Puffs<\/strong>, eine <strong>reiche Geschmacksvielfalt<\/strong> und <strong>modernste Technologie<\/strong> in einem schlanken, reisefreundlichen Design.<\/p>\n<h4><strong>  Geschmacksrichtungen:<\/strong><\/h4>\n<ul>\n<li> <strong> Erdbeere-Himbeere (A)<\/strong> &#8211; S\u00fc\u00dfe und s\u00e4uerliche Beerenfusion mit viel Geschmack<\/li>\n<li> <strong> Mango Peach (B)<\/strong> &#8211; Saftige tropische Mango gepaart mit reifer Pfirsichs\u00fc\u00dfe<\/li>\n<li> <strong> Blueberry Watermelon (C)<\/strong> &#8211; K\u00fchle Heidelbeere kombiniert mit erfrischender Wassermelone<\/li>\n<\/ul>\n<h4><strong>  Gemischte Geschmacksrichtungen:<\/strong><\/h4>\n<ul>\n<li> <strong> Mix AB<\/strong> &#8211; Eine k\u00f6stliche Mischung aus Erdbeere-Himbeere und Mango-Pfirsich<\/li>\n<li> <strong> Mix BC<\/strong> &#8211; Erfrischender Mix aus Mango-Pfirsich und Heidelbeer-Wassermelone<\/li>\n<li> <strong> Mix CA<\/strong> &#8211; S\u00fc\u00dfe und k\u00fchle Fusion aus Blaubeere-Wassermelone und Erdbeere-Himbeere<\/li>\n<\/ul>\n<p>Wechseln Sie m\u00fchelos die Geschmacksrichtung, indem Sie das Mundst\u00fcck anheben und durch diesen Geschmackszyklus drehen:<br \/>\n<strong>  A \u2192 Mix AB \u2192 B \u2192 Mix BC \u2192 C \u2192 Mix CA<\/strong><\/p>\n<p>Wechseln Sie mit einer einfachen Drehung des Mundst\u00fccks nahtlos durch alle sechs m\u00f6glichen Geschmacksrichtungen. Genie\u00dfen Sie den ultimativen Komfort des 6-in-1-Systems. Neugierig geworden? Sehen Sie sich unser <a href=\"https:\/\/www.youtube.com\/watch?v=CoxB_HvaU3k\">Demonstrationsvideo<\/a> an.   <\/p>\n<h3><strong>  Produkt-Highlights<\/strong><\/h3>\n<ul>\n<li><strong>60.000 Z\u00fcge pro Ger\u00e4t<\/strong><br \/>\nDie langlebige Kapazit\u00e4t reduziert den Austausch von Ger\u00e4ten und sorgt f\u00fcr gleichbleibende Zufriedenheit.<\/li>\n<li><strong>6 Geschmacksrichtungen in 1 Ger\u00e4t<\/strong><br \/>\n 3<strong>einzigartige einzelne Geschmacksrichtungen<\/strong> und <strong>3 gemischte Geschmacksarten<\/strong> <\/li>\n<li><strong>Wiederaufladbar &amp; effizient<\/strong><br \/>\nDer <strong>850-mAh-Akku<\/strong> mit <strong>Typ-C-Schnellladefunktion<\/strong> erm\u00f6glicht eine dauerhafte Nutzung und bietet Komfort ohne Abfall.<\/li>\n<li><strong>LED-Anzeige<\/strong><br \/>\n\u00dcberwachen Sie die Akkulaufzeit und den aktuellen Modus mit einem \u00fcbersichtlichen, integrierten Bildschirm &#8211; so erkennen Sie den Status Ihres Ger\u00e4ts auf einen Blick.<\/li>\n<li><strong>Advanced Mesh Coil System<\/strong><br \/>\nErleben Sie sanfteren, volleren Dampf mit jedem Zug, dank der verbesserten Heizleistung.<\/li>\n<li><strong>Nikotinoptionen<\/strong><br \/>\nErh\u00e4ltlich in den <strong>St\u00e4rken 2% und 5% Nikotin<\/strong>, f\u00fcr leichte und starke Konsumenten gleicherma\u00dfen.<\/li>\n<li><strong>Vielseitige Vaping-Modi<\/strong><\/li>\n<li><strong>MTL (Mouth-to-Lung):<\/strong> Klassischer, enger Zug f\u00fcr reinen Single-Flavor-Genuss<\/li>\n<li><strong>DL (Direct-Lung):<\/strong> Luftigere, kr\u00e4ftige Schl\u00e4ge f\u00fcr gemischte Geschmackserlebnisse<\/li>\n<li><strong>Gro\u00dfhandel Ready<\/strong><br \/>\nAngeboten in <strong>gro\u00dfen Mengen (120 St\u00fcck)<\/strong> f\u00fcr Einzelh\u00e4ndler und Wiederverk\u00e4ufer, die ein leistungsstarkes Produkt mit hoher Gewinnspanne, hoher Attraktivit\u00e4t f\u00fcr den Verbraucher und langer Haltbarkeit (2 Jahre) suchen.<\/li>\n<\/ul>\n<h3><strong>Fizzy Max III 6in1 60000 Puffs Einweg Vape Aromen Liste:<\/strong><\/h3>\n<ol>\n<li><a href=\"https:\/\/fizzyvape.eu\/de\/produkt\/fizzy-max-iii-6in1-60k-60000-puffs-wiederaufladbare-einweg-vape-erdbeere-himbeere-mango-pfirsich-heidelbeere-wassermelone-10pcs\/\">Erdbeere Himbeere &amp; Mango Pfirsich &amp; Heidelbeere Wassermelone<\/a><\/li>\n<li><a href=\"https:\/\/fizzyvape.eu\/de\/produkt\/fizzy-max-iii-6in1-60k-60000-puffs-wiederaufladbare-einweg-vape-mixed-berry-kiwi-passionsfrucht-guave-erdbeere-wassermelone-10-stueck\/\">Gemischte Beeren &amp; Kiwi Passionsfrucht Guave &amp; Erdbeere Wassermelone<\/a><\/li>\n<li><a href=\"https:\/\/fizzyvape.eu\/de\/produkt\/fizzy-max-iii-6in1-60k-60000-puffs-wiederaufladbare-einweg-vape-blaubeere-himbeere-dreifach-melone-erdbeere-eis-10pcs\/\">Heidelbeere-Himbeere &amp; Dreifach Melone &amp; Erdbeere Eis<\/a><\/li>\n<li><a href=\"https:\/\/fizzyvape.eu\/de\/produkt\/fizzy-max-iii-6in1-60k-60000-puffs-wiederaufladbare-einweg-vape-erdbeere-drachenfrucht-red-bull-himbeere-wassermelone-10-stueck\/\">Erdbeere Drachenfrucht &amp; Red Bull &amp; Himbeere Wassermelone<\/a><\/li>\n<li><a href=\"https:\/\/fizzyvape.eu\/de\/produkt\/fizzy-max-iii-6in1-60k-60000-puffs-wiederaufladbare-einweg-vape-erdbeer-kiwi-blaubeer-eis-wassermelone-eis-10-stueck\/\">Erdbeer-Kiwi &amp; Heidelbeere Eis &amp; Wassermelone Eis<\/a><\/li>\n<li><a href=\"https:\/\/fizzyvape.eu\/de\/produkt\/fizzy-max-iii-6in1-60k-60000-puffs-wiederaufladbare-einweg-vape-blueberry-ice-fizzy-cherry-raspberry-lemon-10pcs\/\">Blaubeereis &amp; Sprudelkirsche &amp; Himbeere-Zitrone<\/a><\/li>\n<li><a href=\"https:\/\/fizzyvape.eu\/de\/produkt\/fizzy-max-iii-6in1-60k-60000-puffs-wiederaufladbare-einweg-vape-wassermelone-eis-erdbeere-vanille-cola-mixed-berry-10pcs\/\">Wassermelone Eis &amp; Erdbeere Vanille Cola &amp; Gemischt<\/a><\/li>\n<li><a href=\"https:\/\/fizzyvape.eu\/de\/produkt\/fizzy-max-iii-6in1-60k-60000-puffs-wiederaufladbare-einweg-vape-erdbeere-traube-blaubeere-kokosnuss-pfirsich-zitrone-10pcs\/\">Erdbeere Weintraube &amp; Heidelbeere Kokosnuss &amp; Pfirsich Zitrone<\/a><\/li>\n<li><a href=\"https:\/\/fizzyvape.eu\/de\/produkt\/fizzy-max-iii-6in1-60k-60000-puffs-wiederaufladbare-einweg-vape-blue-razz-ice-strawberry-kiwi-sour-pineapple-orange-10pcs\/\">Blue Razz Ice &amp; Erdbeere Kiwi &amp; Saure Ananas Orange<\/a><\/li>\n<li><a href=\"https:\/\/fizzyvape.eu\/de\/produkt\/fizzy-max-iii-6in1-60k-60000-puffs-wiederaufladbare-einweg-vape-erdbeer-wassermelone-zitrone-limette-heidelbeere-kokosnuss-10pcs\/\">Erdbeer-Wassermelone &amp; Zitrone-Limette &amp; Heidelbeer-Kokosnuss<\/a><\/li>\n<\/ol>\n<h3><strong>  Vaping-Modi f\u00fcr jede Vorliebe<\/strong><\/h3>\n<p><strong>Single-Flavor-Modus (MTL):<\/strong><br \/>\nGenie\u00dfen Sie den sanften Zug von Mund zu Lunge, der das klassische Inhalieren einer Zigarette nachahmt und perfekt ist, um jeden einzelnen Geschmack zu genie\u00dfen.<\/p>\n<p><strong>Dual-Flavor-Mix-Modus (DL):<\/strong><br \/>\nErleben Sie kr\u00e4ftige, direkte Lungenschl\u00e4ge mit verbessertem Luftstrom, der reichhaltigen Dampf und lebendige Geschmacksmischungen erzeugt.<\/p>\n<h3><strong>Warum sollten Sie sich f\u00fcr Fizzy Max III 6in1 entscheiden?<\/strong><\/h3>\n<ul>\n<li>M\u00fchelose Geschmacksumstellung mit einem innovativen rotierenden Mundst\u00fcck<\/li>\n<li>Lang anhaltende Leistung mit bis zu 60.000 Z\u00fcgen pro Ger\u00e4t<\/li>\n<li>Sechs k\u00f6stliche Geschmacksrichtungen in einem kompakten, wiederaufladbaren Vape kombiniert<\/li>\n<li>Schneller, zuverl\u00e4ssiger Versand aus Europa ohne Zollverz\u00f6gerungen<\/li>\n<\/ul>\n<h3><strong>  FAQ &#8211; Fizzy Max III 6in1 60K Einwegverdampfer<\/strong><\/h3>\n<ul>\n<li><strong>Wie kann ich zwischen verschiedenen Geschmacksrichtungen wechseln?<\/strong><br \/>\nHeben Sie das Mundst\u00fcck an und drehen Sie es, um sich durch sechs Geschmacksrichtungen zu bewegen: drei einzelne Geschmacksrichtungen und drei gemischte Mischungen.<\/li>\n<li><strong>Wie viele Z\u00fcge kann ich mit einem Ger\u00e4t machen?<\/strong><br \/>\nJedes Ger\u00e4t liefert bis zu 60.000 Z\u00fcge dank seiner gro\u00dfen 60mL E-Liquid-Kapazit\u00e4t und seines effizienten Akkus.<\/li>\n<li><strong>Ist das Ger\u00e4t wiederaufladbar?<\/strong><br \/>\nJa, es verf\u00fcgt \u00fcber einen 850mAh-Akku mit schneller Type-C-Ladung.<\/li>\n<li><strong>Welche Nikotinst\u00e4rken sind erh\u00e4ltlich?<\/strong><br \/>\nSie k\u00f6nnen zwischen 2% und 5% Nikotinkonzentration w\u00e4hlen.<\/li>\n<li><strong>Verf\u00fcgt das Ger\u00e4t \u00fcber ein Display?<\/strong><br \/>\nJa, ein LED-Display zeigt den Batteriestand und den aktuellen Geschmacksmodus an.<\/li>\n<\/ul>\n","protected":false},"excerpt":{"rendered":"<p>Erleben Sie un\u00fcbertroffene Vielfalt und Komfort beim Dampfen mit einem einzigen <strong>wiederaufladbaren Ger\u00e4t<\/strong>, das <strong>sechs Geschmacksmodi<\/strong>, eine gro\u00dfe Kapazit\u00e4t von<strong> 60 ml E-Liquid<\/strong>, schnelles <strong>Typ-C-Laden<\/strong> und eine LED-Anzeige bietet. Perfekt f\u00fcr den <strong>dauerhaften Gebrauch<\/strong> und den <strong>Gro\u00dfhandel<\/strong>. <\/p>\n","protected":false},"featured_media":32516,"comment_status":"open","ping_status":"closed","template":"","meta":{"iawp_total_views":0},"product_brand":[],"product_cat":[671],"product_tag":[],"class_list":{"0":"post-33088","1":"product","2":"type-product","3":"status-publish","4":"has-post-thumbnail","6":"product_cat-bulk-deals-2-de","8":"first","9":"outofstock","10":"sale","11":"shipping-taxable","12":"purchasable","13":"product-type-variable"},"yoast_head":"<!-- This site is optimized with the Yoast SEO Premium plugin v24.8 (Yoast SEO v24.8) - https:\/\/yoast.com\/wordpress\/plugins\/seo\/ -->\n<title>Einweg Vape Gro\u00dfhandel | Bulk Wiederaufladbare Einweg Vapes<\/title>\n<meta name=\"description\" content=\"Gro\u00dfhandel mit wiederaufladbaren Einwegdampfern mit bis zu 60000 Z\u00fcgen und verschiedenen Geschmacksrichtungen. Schneller EU-Versand und ideal f\u00fcr Einzelh\u00e4ndler.\" \/>\n<meta name=\"robots\" content=\"index, follow, max-snippet:-1, max-image-preview:large, max-video-preview:-1\" \/>\n<link rel=\"canonical\" href=\"https:\/\/fizzyvape.eu\/de\/produkt\/fizzy-max-iii-6in1-60k-60000-puffs-wiederaufladbare-einweg-vape-120pcs\/\" \/>\n<meta property=\"og:locale\" content=\"de_DE\" \/>\n<meta property=\"og:type\" content=\"article\" \/>\n<meta property=\"og:title\" content=\"Fizzy Max III 6in1 60K 60000 Puffs Wiederaufladbare Einweg-Vape - 120pcs\" \/>\n<meta property=\"og:description\" content=\"Gro\u00dfhandel mit wiederaufladbaren Einwegdampfern mit bis zu 60000 Z\u00fcgen und verschiedenen Geschmacksrichtungen. Schneller EU-Versand und ideal f\u00fcr Einzelh\u00e4ndler.\" \/>\n<meta property=\"og:url\" content=\"https:\/\/fizzyvape.eu\/de\/produkt\/fizzy-max-iii-6in1-60k-60000-puffs-wiederaufladbare-einweg-vape-120pcs\/\" \/>\n<meta property=\"og:site_name\" content=\"fizzyvape.eu\" \/>\n<meta property=\"og:image\" content=\"https:\/\/fizzyvape.eu\/wp-content\/uploads\/2025\/06\/Fizzy-Max-60000-Puffs-120pcs.webp\" \/>\n\t<meta property=\"og:image:width\" content=\"800\" \/>\n\t<meta property=\"og:image:height\" content=\"800\" \/>\n\t<meta property=\"og:image:type\" content=\"image\/webp\" \/>\n<meta name=\"twitter:card\" content=\"summary_large_image\" \/>\n<meta name=\"twitter:label1\" content=\"Verf\u00fcgbarkeit\" \/>\n\t<meta name=\"twitter:data1\" content=\"ausverkauft\" \/>\n<script type=\"application\/ld+json\" class=\"yoast-schema-graph\">{\"@context\":\"https:\/\/schema.org\",\"@graph\":[{\"@type\":\"WebPage\",\"@id\":\"https:\/\/fizzyvape.eu\/de\/produkt\/fizzy-max-iii-6in1-60k-60000-puffs-wiederaufladbare-einweg-vape-120pcs\/\",\"url\":\"https:\/\/fizzyvape.eu\/de\/produkt\/fizzy-max-iii-6in1-60k-60000-puffs-wiederaufladbare-einweg-vape-120pcs\/\",\"name\":\"Einweg Vape Gro\u00dfhandel | Bulk Wiederaufladbare Einweg Vapes\",\"isPartOf\":{\"@id\":\"https:\/\/www.fizzyvape.eu\/de\/#website\"},\"primaryImageOfPage\":{\"@id\":\"https:\/\/fizzyvape.eu\/de\/produkt\/fizzy-max-iii-6in1-60k-60000-puffs-wiederaufladbare-einweg-vape-120pcs\/#primaryimage\"},\"image\":{\"@id\":\"https:\/\/fizzyvape.eu\/de\/produkt\/fizzy-max-iii-6in1-60k-60000-puffs-wiederaufladbare-einweg-vape-120pcs\/#primaryimage\"},\"thumbnailUrl\":\"https:\/\/fizzyvape.eu\/wp-content\/uploads\/2025\/06\/Fizzy-Max-60000-Puffs-120pcs.webp\",\"datePublished\":\"2025-06-09T05:55:03+00:00\",\"description\":\"Gro\u00dfhandel mit wiederaufladbaren Einwegdampfern mit bis zu 60000 Z\u00fcgen und verschiedenen Geschmacksrichtungen. Schneller EU-Versand und ideal f\u00fcr Einzelh\u00e4ndler.\",\"breadcrumb\":{\"@id\":\"https:\/\/fizzyvape.eu\/de\/produkt\/fizzy-max-iii-6in1-60k-60000-puffs-wiederaufladbare-einweg-vape-120pcs\/#breadcrumb\"},\"inLanguage\":\"de\",\"potentialAction\":[{\"@type\":\"ReadAction\",\"target\":[\"https:\/\/fizzyvape.eu\/de\/produkt\/fizzy-max-iii-6in1-60k-60000-puffs-wiederaufladbare-einweg-vape-120pcs\/\"]}]},{\"@type\":\"ImageObject\",\"inLanguage\":\"de\",\"@id\":\"https:\/\/fizzyvape.eu\/de\/produkt\/fizzy-max-iii-6in1-60k-60000-puffs-wiederaufladbare-einweg-vape-120pcs\/#primaryimage\",\"url\":\"https:\/\/fizzyvape.eu\/wp-content\/uploads\/2025\/06\/Fizzy-Max-60000-Puffs-120pcs.webp\",\"contentUrl\":\"https:\/\/fizzyvape.eu\/wp-content\/uploads\/2025\/06\/Fizzy-Max-60000-Puffs-120pcs.webp\",\"width\":800,\"height\":800},{\"@type\":\"BreadcrumbList\",\"@id\":\"https:\/\/fizzyvape.eu\/de\/produkt\/fizzy-max-iii-6in1-60k-60000-puffs-wiederaufladbare-einweg-vape-120pcs\/#breadcrumb\",\"itemListElement\":[{\"@type\":\"ListItem\",\"position\":1,\"name\":\"Home\",\"item\":\"https:\/\/fizzyvape.eu\/de\/\"},{\"@type\":\"ListItem\",\"position\":2,\"name\":\"Shop\",\"item\":\"https:\/\/www.fizzyvape.eu\/de\/shop\/\"},{\"@type\":\"ListItem\",\"position\":3,\"name\":\"Fizzy Max III 6in1 60K 60000 Puffs Wiederaufladbare Einweg-Vape &#8211; 120pcs\"}]},{\"@type\":\"WebSite\",\"@id\":\"https:\/\/www.fizzyvape.eu\/de\/#website\",\"url\":\"https:\/\/www.fizzyvape.eu\/de\/\",\"name\":\"fizzyvape.eu\",\"description\":\"Refreshing Vapes. Unforgettable Taste.\",\"publisher\":{\"@id\":\"https:\/\/www.fizzyvape.eu\/de\/#organization\"},\"potentialAction\":[{\"@type\":\"SearchAction\",\"target\":{\"@type\":\"EntryPoint\",\"urlTemplate\":\"https:\/\/www.fizzyvape.eu\/de\/?s={search_term_string}\"},\"query-input\":{\"@type\":\"PropertyValueSpecification\",\"valueRequired\":true,\"valueName\":\"search_term_string\"}}],\"inLanguage\":\"de\"},{\"@type\":\"Organization\",\"@id\":\"https:\/\/www.fizzyvape.eu\/de\/#organization\",\"name\":\"fizzyvape.eu\",\"url\":\"https:\/\/www.fizzyvape.eu\/de\/\",\"logo\":{\"@type\":\"ImageObject\",\"inLanguage\":\"de\",\"@id\":\"https:\/\/www.fizzyvape.eu\/de\/#\/schema\/logo\/image\/\",\"url\":\"https:\/\/fizzyvape.eu\/wp-content\/uploads\/2019\/06\/print-1.svg\",\"contentUrl\":\"https:\/\/fizzyvape.eu\/wp-content\/uploads\/2019\/06\/print-1.svg\",\"width\":124,\"height\":37,\"caption\":\"fizzyvape.eu\"},\"image\":{\"@id\":\"https:\/\/www.fizzyvape.eu\/de\/#\/schema\/logo\/image\/\"}}]}<\/script>\n<meta property=\"og:availability\" content=\"out of stock\" \/>\n<meta property=\"product:availability\" content=\"out of stock\" \/>\n<meta property=\"product:condition\" content=\"new\" \/>\n<!-- \/ Yoast SEO Premium plugin. -->","yoast_head_json":{"title":"Einweg Vape Gro\u00dfhandel | Bulk Wiederaufladbare Einweg Vapes","description":"Gro\u00dfhandel mit wiederaufladbaren Einwegdampfern mit bis zu 60000 Z\u00fcgen und verschiedenen Geschmacksrichtungen. Schneller EU-Versand und ideal f\u00fcr Einzelh\u00e4ndler.","robots":{"index":"index","follow":"follow","max-snippet":"max-snippet:-1","max-image-preview":"max-image-preview:large","max-video-preview":"max-video-preview:-1"},"canonical":"https:\/\/fizzyvape.eu\/de\/produkt\/fizzy-max-iii-6in1-60k-60000-puffs-wiederaufladbare-einweg-vape-120pcs\/","og_locale":"de_DE","og_type":"article","og_title":"Fizzy Max III 6in1 60K 60000 Puffs Wiederaufladbare Einweg-Vape - 120pcs","og_description":"Gro\u00dfhandel mit wiederaufladbaren Einwegdampfern mit bis zu 60000 Z\u00fcgen und verschiedenen Geschmacksrichtungen. Schneller EU-Versand und ideal f\u00fcr Einzelh\u00e4ndler.","og_url":"https:\/\/fizzyvape.eu\/de\/produkt\/fizzy-max-iii-6in1-60k-60000-puffs-wiederaufladbare-einweg-vape-120pcs\/","og_site_name":"fizzyvape.eu","og_image":[{"width":800,"height":800,"url":"https:\/\/fizzyvape.eu\/wp-content\/uploads\/2025\/06\/Fizzy-Max-60000-Puffs-120pcs.webp","type":"image\/webp"}],"twitter_card":"summary_large_image","twitter_misc":{"Verf\u00fcgbarkeit":"ausverkauft"},"schema":{"@context":"https:\/\/schema.org","@graph":[{"@type":"WebPage","@id":"https:\/\/fizzyvape.eu\/de\/produkt\/fizzy-max-iii-6in1-60k-60000-puffs-wiederaufladbare-einweg-vape-120pcs\/","url":"https:\/\/fizzyvape.eu\/de\/produkt\/fizzy-max-iii-6in1-60k-60000-puffs-wiederaufladbare-einweg-vape-120pcs\/","name":"Einweg Vape Gro\u00dfhandel | Bulk Wiederaufladbare Einweg Vapes","isPartOf":{"@id":"https:\/\/www.fizzyvape.eu\/de\/#website"},"primaryImageOfPage":{"@id":"https:\/\/fizzyvape.eu\/de\/produkt\/fizzy-max-iii-6in1-60k-60000-puffs-wiederaufladbare-einweg-vape-120pcs\/#primaryimage"},"image":{"@id":"https:\/\/fizzyvape.eu\/de\/produkt\/fizzy-max-iii-6in1-60k-60000-puffs-wiederaufladbare-einweg-vape-120pcs\/#primaryimage"},"thumbnailUrl":"https:\/\/fizzyvape.eu\/wp-content\/uploads\/2025\/06\/Fizzy-Max-60000-Puffs-120pcs.webp","datePublished":"2025-06-09T05:55:03+00:00","description":"Gro\u00dfhandel mit wiederaufladbaren Einwegdampfern mit bis zu 60000 Z\u00fcgen und verschiedenen Geschmacksrichtungen. Schneller EU-Versand und ideal f\u00fcr Einzelh\u00e4ndler.","breadcrumb":{"@id":"https:\/\/fizzyvape.eu\/de\/produkt\/fizzy-max-iii-6in1-60k-60000-puffs-wiederaufladbare-einweg-vape-120pcs\/#breadcrumb"},"inLanguage":"de","potentialAction":[{"@type":"ReadAction","target":["https:\/\/fizzyvape.eu\/de\/produkt\/fizzy-max-iii-6in1-60k-60000-puffs-wiederaufladbare-einweg-vape-120pcs\/"]}]},{"@type":"ImageObject","inLanguage":"de","@id":"https:\/\/fizzyvape.eu\/de\/produkt\/fizzy-max-iii-6in1-60k-60000-puffs-wiederaufladbare-einweg-vape-120pcs\/#primaryimage","url":"https:\/\/fizzyvape.eu\/wp-content\/uploads\/2025\/06\/Fizzy-Max-60000-Puffs-120pcs.webp","contentUrl":"https:\/\/fizzyvape.eu\/wp-content\/uploads\/2025\/06\/Fizzy-Max-60000-Puffs-120pcs.webp","width":800,"height":800},{"@type":"BreadcrumbList","@id":"https:\/\/fizzyvape.eu\/de\/produkt\/fizzy-max-iii-6in1-60k-60000-puffs-wiederaufladbare-einweg-vape-120pcs\/#breadcrumb","itemListElement":[{"@type":"ListItem","position":1,"name":"Home","item":"https:\/\/fizzyvape.eu\/de\/"},{"@type":"ListItem","position":2,"name":"Shop","item":"https:\/\/www.fizzyvape.eu\/de\/shop\/"},{"@type":"ListItem","position":3,"name":"Fizzy Max III 6in1 60K 60000 Puffs Wiederaufladbare Einweg-Vape &#8211; 120pcs"}]},{"@type":"WebSite","@id":"https:\/\/www.fizzyvape.eu\/de\/#website","url":"https:\/\/www.fizzyvape.eu\/de\/","name":"fizzyvape.eu","description":"Refreshing Vapes. Unforgettable Taste.","publisher":{"@id":"https:\/\/www.fizzyvape.eu\/de\/#organization"},"potentialAction":[{"@type":"SearchAction","target":{"@type":"EntryPoint","urlTemplate":"https:\/\/www.fizzyvape.eu\/de\/?s={search_term_string}"},"query-input":{"@type":"PropertyValueSpecification","valueRequired":true,"valueName":"search_term_string"}}],"inLanguage":"de"},{"@type":"Organization","@id":"https:\/\/www.fizzyvape.eu\/de\/#organization","name":"fizzyvape.eu","url":"https:\/\/www.fizzyvape.eu\/de\/","logo":{"@type":"ImageObject","inLanguage":"de","@id":"https:\/\/www.fizzyvape.eu\/de\/#\/schema\/logo\/image\/","url":"https:\/\/fizzyvape.eu\/wp-content\/uploads\/2019\/06\/print-1.svg","contentUrl":"https:\/\/fizzyvape.eu\/wp-content\/uploads\/2019\/06\/print-1.svg","width":124,"height":37,"caption":"fizzyvape.eu"},"image":{"@id":"https:\/\/www.fizzyvape.eu\/de\/#\/schema\/logo\/image\/"}}]},"og_availability":"out of stock","product_availability":"out of stock","product_condition":"new"},"tiered_pricing_type":"fixed","tiered_pricing_fixed_rules":[],"tiered_pricing_product_settings":{"layout":"default","base_unit_name":{"singular":null,"plural":null},"default_variation":null},"tiered_pricing_minimum_quantity":null,"tiered_pricing_roles_data":[],"tiered_pricing_percentage_rules":[],"tiered_pricing_maximum_quantity":null,"tiered_pricing_quantity_step":null,"_links":{"self":[{"href":"https:\/\/fizzyvape.eu\/de\/wp-json\/wp\/v2\/product\/33088","targetHints":{"allow":["GET"]}}],"collection":[{"href":"https:\/\/fizzyvape.eu\/de\/wp-json\/wp\/v2\/product"}],"about":[{"href":"https:\/\/fizzyvape.eu\/de\/wp-json\/wp\/v2\/types\/product"}],"replies":[{"embeddable":true,"href":"https:\/\/fizzyvape.eu\/de\/wp-json\/wp\/v2\/comments?post=33088"}],"version-history":[{"count":0,"href":"https:\/\/fizzyvape.eu\/de\/wp-json\/wp\/v2\/product\/33088\/revisions"}],"wp:featuredmedia":[{"embeddable":true,"href":"https:\/\/fizzyvape.eu\/de\/wp-json\/wp\/v2\/media\/32516"}],"wp:attachment":[{"href":"https:\/\/fizzyvape.eu\/de\/wp-json\/wp\/v2\/media?parent=33088"}],"wp:term":[{"taxonomy":"product_brand","embeddable":true,"href":"https:\/\/fizzyvape.eu\/de\/wp-json\/wp\/v2\/product_brand?post=33088"},{"taxonomy":"product_cat","embeddable":true,"href":"https:\/\/fizzyvape.eu\/de\/wp-json\/wp\/v2\/product_cat?post=33088"},{"taxonomy":"product_tag","embeddable":true,"href":"https:\/\/fizzyvape.eu\/de\/wp-json\/wp\/v2\/product_tag?post=33088"}],"curies":[{"name":"wp","href":"https:\/\/api.w.org\/{rel}","templated":true}]}}