{"id":33142,"date":"2025-06-11T14:06:36","date_gmt":"2025-06-11T06:06:36","guid":{"rendered":"https:\/\/fizzyvape.eu\/product\/fizzy-max-iii-6in1-60k-60000-puffs-wiederaufladbare-einweg-vape-30pcs\/"},"modified":"2025-06-11T14:06:36","modified_gmt":"2025-06-11T06:06:36","slug":"fizzy-max-iii-6in1-60k-60000-puffs-wiederaufladbare-einweg-vape-30pcs","status":"publish","type":"product","link":"https:\/\/fizzyvape.eu\/de\/produkt\/fizzy-max-iii-6in1-60k-60000-puffs-wiederaufladbare-einweg-vape-30pcs\/","title":{"rendered":"Fizzy Max III 6in1 60K 60000 Puffs Wiederaufladbare Einweg-Vape &#8211; 30pcs"},"content":{"rendered":"<h1>Fizzy Max III 6in1 60K 60000 Puffs Wiederaufladbare Einweg-Vape &#8211; 30pcs<\/h1>\n<h3>Ein Ger\u00e4t. Sechs Geschmacksrichtungen. 60.000 Z\u00fcge Premium Vaping.  <\/h3>\n<p>Freuen Sie sich auf ein au\u00dfergew\u00f6hnliches Dampferlebnis mit dem Fizzy Max III 6in1 &#8211; dem ultimativen wiederaufladbaren Einwegdampfer f\u00fcr Geschmacksliebhaber, die Vielseitigkeit und Langlebigkeit suchen. Er vereint sechs au\u00dfergew\u00f6hnliche Geschmacksrichtungen in einem eleganten Ger\u00e4t und verf\u00fcgt \u00fcber drei gro\u00dfz\u00fcgige, vorgef\u00fcllte 20-ml-Pods und ein innovatives, drehbares Mundst\u00fcck, mit dem Sie m\u00fchelos durch reichhaltige, lebendige Geschmacksprofile wechseln k\u00f6nnen. Sehen Sie sich unser <a href=\"https:\/\/www.youtube.com\/watch?v=CoxB_HvaU3k\">Demonstrationsvideo<\/a> an.  <\/p>\n<h3><strong>  Produkt-Highlights<\/strong><\/h3>\n<ul>\n<li><strong>Massive 60.000 Z\u00fcge pro Ger\u00e4t:<\/strong> Genie\u00dfen Sie eine lange Nutzungsdauer ohne h\u00e4ufiges Auswechseln &#8211; perfekt f\u00fcr alle, die t\u00e4glich dampfen und Ausdauer und Zuverl\u00e4ssigkeit verlangen.<\/li>\n<li><strong>Sechs Geschmacksrichtungen in einem Ger\u00e4t:<\/strong> W\u00e4hlen Sie aus drei einzelnen Geschmacksrichtungen und drei exklusiven Mischungen, die Ihnen eine einzigartig dynamische, auf Ihre Stimmung zugeschnittene Dampfreise bieten.<\/li>\n<li><strong>Hohe Kapazit\u00e4t 60mL E-Fl\u00fcssigkeit:<\/strong> Das gro\u00dfz\u00fcgige Volumen des Pods sorgt f\u00fcr ununterbrochene Sitzungen mit hochwertigem E-Saft.<\/li>\n<li><strong>Wiederaufladbarer 850mAh-Akku:<\/strong> Das bequeme Typ-C-Laden unterst\u00fctzt schnelle Aufladezyklen, verl\u00e4ngert die Lebensdauer Ihres Ger\u00e4ts und reduziert den Abfall.<\/li>\n<li><strong>Fortschrittliche Mesh Coil Technologie:<\/strong> Erzeugt sanfte, dichte Dampfwolken und intensiviert den Geschmacksreichtum mit jedem Zug.<\/li>\n<li><strong>Intelligente LED-Anzeige:<\/strong> Behalten Sie den \u00dcberblick \u00fcber Ihren Batteriestatus und den aktiven Aromamodus auf einen Blick.<\/li>\n<li><strong>Nikotinoptionen, die zu Ihnen passen:<\/strong> Erh\u00e4ltlich in den Nikotinst\u00e4rken 2% (20mg\/ml) und 5% (50mg\/ml) f\u00fcr Ihre pers\u00f6nliche Zufriedenheit.<\/li>\n<li><strong>Lange Haltbarkeitsdauer:<\/strong> Garantierte Frische mit einer Haltbarkeit von 2 Jahren, damit Ihr Vape immer gut schmeckt, wenn Sie es brauchen.<\/li>\n<\/ul>\n<h3><strong>Fizzy Max III 6in1 60000 Puffs Einweg Vape Aromen Liste:<\/strong><\/h3>\n<ol>\n<li><a href=\"https:\/\/fizzyvape.eu\/de\/produkt\/fizzy-max-iii-6in1-60k-60000-puffs-wiederaufladbare-einweg-vape-erdbeere-himbeere-mango-pfirsich-heidelbeere-wassermelone-10pcs\/\">Erdbeere Himbeere &amp; Mango Pfirsich &amp; Heidelbeere Wassermelone<\/a><\/li>\n<li><a href=\"https:\/\/fizzyvape.eu\/de\/produkt\/fizzy-max-iii-6in1-60k-60000-puffs-wiederaufladbare-einweg-vape-mixed-berry-kiwi-passionsfrucht-guave-erdbeere-wassermelone-10-stueck\/\">Gemischte Beeren &amp; Kiwi Passionsfrucht Guave &amp; Erdbeere Wassermelone<\/a><\/li>\n<li><a href=\"https:\/\/fizzyvape.eu\/de\/produkt\/fizzy-max-iii-6in1-60k-60000-puffs-wiederaufladbare-einweg-vape-blaubeere-himbeere-dreifach-melone-erdbeere-eis-10pcs\/\">Heidelbeere-Himbeere &amp; Dreifach Melone &amp; Erdbeere Eis<\/a><\/li>\n<li><a href=\"https:\/\/fizzyvape.eu\/de\/produkt\/fizzy-max-iii-6in1-60k-60000-puffs-wiederaufladbare-einweg-vape-erdbeere-drachenfrucht-red-bull-himbeere-wassermelone-10-stueck\/\">Erdbeere Drachenfrucht &amp; Red Bull &amp; Himbeere Wassermelone<\/a><\/li>\n<li><a href=\"https:\/\/fizzyvape.eu\/de\/produkt\/fizzy-max-iii-6in1-60k-60000-puffs-wiederaufladbare-einweg-vape-erdbeer-kiwi-blaubeer-eis-wassermelone-eis-10-stueck\/\">Erdbeer-Kiwi &amp; Heidelbeere Eis &amp; Wassermelone Eis<\/a><\/li>\n<li><a href=\"https:\/\/fizzyvape.eu\/de\/produkt\/fizzy-max-iii-6in1-60k-60000-puffs-wiederaufladbare-einweg-vape-blueberry-ice-fizzy-cherry-raspberry-lemon-10pcs\/\">Blaubeereis &amp; Sprudelkirsche &amp; Himbeere-Zitrone<\/a><\/li>\n<li><a href=\"https:\/\/fizzyvape.eu\/de\/produkt\/fizzy-max-iii-6in1-60k-60000-puffs-wiederaufladbare-einweg-vape-wassermelone-eis-erdbeere-vanille-cola-mixed-berry-10pcs\/\">Wassermelone Eis &amp; Erdbeere Vanille Cola &amp; Gemischt<\/a><\/li>\n<li><a href=\"https:\/\/fizzyvape.eu\/de\/produkt\/fizzy-max-iii-6in1-60k-60000-puffs-wiederaufladbare-einweg-vape-erdbeere-traube-blaubeere-kokosnuss-pfirsich-zitrone-10pcs\/\">Erdbeere Weintraube &amp; Heidelbeere Kokosnuss &amp; Pfirsich Zitrone<\/a><\/li>\n<li><a href=\"https:\/\/fizzyvape.eu\/de\/produkt\/fizzy-max-iii-6in1-60k-60000-puffs-wiederaufladbare-einweg-vape-blue-razz-ice-strawberry-kiwi-sour-pineapple-orange-10pcs\/\">Blue Razz Ice &amp; Erdbeere Kiwi &amp; Saure Ananas Orange<\/a><\/li>\n<li><a href=\"https:\/\/fizzyvape.eu\/de\/produkt\/fizzy-max-iii-6in1-60k-60000-puffs-wiederaufladbare-einweg-vape-erdbeer-wassermelone-zitrone-limette-heidelbeere-kokosnuss-10pcs\/\">Erdbeer-Wassermelone &amp; Zitrone-Limette &amp; Heidelbeer-Kokosnuss<\/a><\/li>\n<\/ol>\n<h3>Entwickelt f\u00fcr jeden Vaping-Stil<\/h3>\n<ul>\n<li><strong>Single-Flavor-Modus (MTL<\/strong> ): Genie\u00dfen Sie sanfte, zigaretten\u00e4hnliche Z\u00fcge, die ideal sind, um die einzigartige Essenz jedes Geschmacks zu genie\u00dfen.<\/li>\n<li><strong>Dual-Flavor-Mix-Modus (DL):<\/strong> Erleben Sie k\u00fchne, direkte Lungeninhalationen mit verbessertem Luftstrom, reichhaltigem Dampf und komplexen Aromamischungen, die perfekt f\u00fcr Wolkenj\u00e4ger sind.<\/li>\n<\/ul>\n<h3><strong>  Warum sollten Sie sich f\u00fcr Fizzy Max III 6in1 entscheiden?<\/strong><\/h3>\n<ul>\n<li>Unglaubliche Vielseitigkeit mit sechs Premium-Geschmacksrichtungen in einem Ger\u00e4t.<\/li>\n<li>Au\u00dfergew\u00f6hnliche Langlebigkeit dank einer Kapazit\u00e4t von 60.000 Z\u00fcgen und einer wiederaufladbaren Batterie.<\/li>\n<li>Benutzerfreundliches Design mit intelligenter LED-Anzeige und m\u00fcheloser Geschmacksrotation.<\/li>\n<li>Der schnelle und zuverl\u00e4ssige Versand aus europ\u00e4ischen Lagern gew\u00e4hrleistet eine schnelle Lieferung ohne Zollverz\u00f6gerungen.<\/li>\n<\/ul>\n<h3><strong>  FAQ &#8211; Fizzy Max III 6in1 60K Einwegverdampfer<\/strong><\/h3>\n<p><strong>1. Wie viele Z\u00fcge liefert der Fizzy Max III 6in1?<\/strong><br \/>\nSie bietet bis zu 60.000 Z\u00fcge pro Ger\u00e4t, dank der gro\u00dfen 60mL E-Liquid-Kapazit\u00e4t und dem effizienten Akku.<\/p>\n<p><strong>2. Kann ich mit einem Ger\u00e4t zwischen den Geschmacksrichtungen wechseln?<\/strong><br \/>\nJa! Mit dem intelligenten rotierenden Mundst\u00fcck k\u00f6nnen Sie ganz einfach durch sechs verschiedene Geschmacksprofile schalten. <\/p>\n<p><strong>3. Ist das Ger\u00e4t wiederaufladbar?<\/strong><br \/>\nUnbedingt. Es verf\u00fcgt \u00fcber einen 850mAh-Akku mit Unterst\u00fctzung f\u00fcr schnelles Type-C-Laden. <\/p>\n<p><strong>4. Welche Nikotinst\u00e4rken sind erh\u00e4ltlich?<\/strong><br \/>\nDer Vape ist sowohl mit 2% (20mg\/ml) als auch mit 5% (50mg\/ml) Nikotin erh\u00e4ltlich, um verschiedenen Vorlieben gerecht zu werden.<\/p>\n<p><strong>5. Wie kann ich die Geschmacksrichtung wechseln?<\/strong><br \/>\nHeben Sie einfach das Mundst\u00fcck an und drehen Sie es, um sich nacheinander durch die sechs Geschmacksrichtungen zu bewegen.<\/p>\n","protected":false},"excerpt":{"rendered":"<p><strong>Fizzy Max III 6in1 Rechargeable Disposable Vape<\/strong> &#8211; <strong>30er<\/strong> Packung bietet bis zu 60.000 Z\u00fcge pro Ger\u00e4t mit sechs einzigartigen Geschmacksrichtungen in einem. <strong>Perfekt f\u00fcr Gro\u00dfeink\u00e4ufe, Gro\u00dfh\u00e4ndler und die Bevorratung<\/strong>. Verf\u00fcgt \u00fcber ein intelligentes rotierendes Mundst\u00fcck, eine <strong>LED-Anzeige<\/strong>, einen<strong> 850mAh-Akku<\/strong> und ist in den<strong> Nikotinst\u00e4rken 2% und 5%<\/strong> erh\u00e4ltlich &#8211; f\u00fcr ein vielseitiges, <strong>langanhaltendes Dampferlebnis.<\/strong> <\/p>\n","protected":false},"featured_media":32498,"comment_status":"open","ping_status":"closed","template":"","meta":{"iawp_total_views":0},"product_brand":[],"product_cat":[671],"product_tag":[],"class_list":{"0":"post-33142","1":"product","2":"type-product","3":"status-publish","4":"has-post-thumbnail","6":"product_cat-bulk-deals-2-de","8":"first","9":"outofstock","10":"sale","11":"shipping-taxable","12":"purchasable","13":"product-type-variable"},"yoast_head":"<!-- This site is optimized with the Yoast SEO Premium plugin v24.8 (Yoast SEO v24.8) - https:\/\/yoast.com\/wordpress\/plugins\/seo\/ -->\n<title>60000 Puffs Disposable Vape - Langlebiges, wiederaufladbares Ger\u00e4t<\/title>\n<meta name=\"description\" content=\"Genie\u00dfen Sie bis zu 60000 Z\u00fcge mit diesem wiederaufladbaren Einwegdampfer. 6 Geschmacksrichtungen in 1 Ger\u00e4t, LED-Anzeige und leistungsstarker Akku f\u00fcr ultimativen Dampfgenuss.\" \/>\n<meta name=\"robots\" content=\"index, follow, max-snippet:-1, max-image-preview:large, max-video-preview:-1\" \/>\n<link rel=\"canonical\" href=\"https:\/\/fizzyvape.eu\/de\/produkt\/fizzy-max-iii-6in1-60k-60000-puffs-wiederaufladbare-einweg-vape-30pcs\/\" \/>\n<meta property=\"og:locale\" content=\"de_DE\" \/>\n<meta property=\"og:type\" content=\"article\" \/>\n<meta property=\"og:title\" content=\"Fizzy Max III 6in1 60K 60000 Puffs Wiederaufladbare Einweg-Vape - 30pcs\" \/>\n<meta property=\"og:description\" content=\"Genie\u00dfen Sie bis zu 60000 Z\u00fcge mit diesem wiederaufladbaren Einwegdampfer. 6 Geschmacksrichtungen in 1 Ger\u00e4t, LED-Anzeige und leistungsstarker Akku f\u00fcr ultimativen Dampfgenuss.\" \/>\n<meta property=\"og:url\" content=\"https:\/\/fizzyvape.eu\/de\/produkt\/fizzy-max-iii-6in1-60k-60000-puffs-wiederaufladbare-einweg-vape-30pcs\/\" \/>\n<meta property=\"og:site_name\" content=\"fizzyvape.eu\" \/>\n<meta property=\"og:image\" content=\"https:\/\/fizzyvape.eu\/wp-content\/uploads\/2025\/06\/Fizzy-Max-60000-Puffs-30pcs.webp\" \/>\n\t<meta property=\"og:image:width\" content=\"800\" \/>\n\t<meta property=\"og:image:height\" content=\"800\" \/>\n\t<meta property=\"og:image:type\" content=\"image\/webp\" \/>\n<meta name=\"twitter:card\" content=\"summary_large_image\" \/>\n<meta name=\"twitter:label1\" content=\"Verf\u00fcgbarkeit\" \/>\n\t<meta name=\"twitter:data1\" content=\"ausverkauft\" \/>\n<script type=\"application\/ld+json\" class=\"yoast-schema-graph\">{\"@context\":\"https:\/\/schema.org\",\"@graph\":[{\"@type\":\"WebPage\",\"@id\":\"https:\/\/fizzyvape.eu\/de\/produkt\/fizzy-max-iii-6in1-60k-60000-puffs-wiederaufladbare-einweg-vape-30pcs\/\",\"url\":\"https:\/\/fizzyvape.eu\/de\/produkt\/fizzy-max-iii-6in1-60k-60000-puffs-wiederaufladbare-einweg-vape-30pcs\/\",\"name\":\"60000 Puffs Disposable Vape - Langlebiges, wiederaufladbares Ger\u00e4t\",\"isPartOf\":{\"@id\":\"https:\/\/www.fizzyvape.eu\/de\/#website\"},\"primaryImageOfPage\":{\"@id\":\"https:\/\/fizzyvape.eu\/de\/produkt\/fizzy-max-iii-6in1-60k-60000-puffs-wiederaufladbare-einweg-vape-30pcs\/#primaryimage\"},\"image\":{\"@id\":\"https:\/\/fizzyvape.eu\/de\/produkt\/fizzy-max-iii-6in1-60k-60000-puffs-wiederaufladbare-einweg-vape-30pcs\/#primaryimage\"},\"thumbnailUrl\":\"https:\/\/fizzyvape.eu\/wp-content\/uploads\/2025\/06\/Fizzy-Max-60000-Puffs-30pcs.webp\",\"datePublished\":\"2025-06-11T06:06:36+00:00\",\"description\":\"Genie\u00dfen Sie bis zu 60000 Z\u00fcge mit diesem wiederaufladbaren Einwegdampfer. 6 Geschmacksrichtungen in 1 Ger\u00e4t, LED-Anzeige und leistungsstarker Akku f\u00fcr ultimativen Dampfgenuss.\",\"breadcrumb\":{\"@id\":\"https:\/\/fizzyvape.eu\/de\/produkt\/fizzy-max-iii-6in1-60k-60000-puffs-wiederaufladbare-einweg-vape-30pcs\/#breadcrumb\"},\"inLanguage\":\"de\",\"potentialAction\":[{\"@type\":\"ReadAction\",\"target\":[\"https:\/\/fizzyvape.eu\/de\/produkt\/fizzy-max-iii-6in1-60k-60000-puffs-wiederaufladbare-einweg-vape-30pcs\/\"]}]},{\"@type\":\"ImageObject\",\"inLanguage\":\"de\",\"@id\":\"https:\/\/fizzyvape.eu\/de\/produkt\/fizzy-max-iii-6in1-60k-60000-puffs-wiederaufladbare-einweg-vape-30pcs\/#primaryimage\",\"url\":\"https:\/\/fizzyvape.eu\/wp-content\/uploads\/2025\/06\/Fizzy-Max-60000-Puffs-30pcs.webp\",\"contentUrl\":\"https:\/\/fizzyvape.eu\/wp-content\/uploads\/2025\/06\/Fizzy-Max-60000-Puffs-30pcs.webp\",\"width\":800,\"height\":800},{\"@type\":\"BreadcrumbList\",\"@id\":\"https:\/\/fizzyvape.eu\/de\/produkt\/fizzy-max-iii-6in1-60k-60000-puffs-wiederaufladbare-einweg-vape-30pcs\/#breadcrumb\",\"itemListElement\":[{\"@type\":\"ListItem\",\"position\":1,\"name\":\"Home\",\"item\":\"https:\/\/fizzyvape.eu\/de\/\"},{\"@type\":\"ListItem\",\"position\":2,\"name\":\"Shop\",\"item\":\"https:\/\/www.fizzyvape.eu\/de\/shop\/\"},{\"@type\":\"ListItem\",\"position\":3,\"name\":\"Fizzy Max III 6in1 60K 60000 Puffs Wiederaufladbare Einweg-Vape &#8211; 30pcs\"}]},{\"@type\":\"WebSite\",\"@id\":\"https:\/\/www.fizzyvape.eu\/de\/#website\",\"url\":\"https:\/\/www.fizzyvape.eu\/de\/\",\"name\":\"fizzyvape.eu\",\"description\":\"Refreshing Vapes. Unforgettable Taste.\",\"publisher\":{\"@id\":\"https:\/\/www.fizzyvape.eu\/de\/#organization\"},\"potentialAction\":[{\"@type\":\"SearchAction\",\"target\":{\"@type\":\"EntryPoint\",\"urlTemplate\":\"https:\/\/www.fizzyvape.eu\/de\/?s={search_term_string}\"},\"query-input\":{\"@type\":\"PropertyValueSpecification\",\"valueRequired\":true,\"valueName\":\"search_term_string\"}}],\"inLanguage\":\"de\"},{\"@type\":\"Organization\",\"@id\":\"https:\/\/www.fizzyvape.eu\/de\/#organization\",\"name\":\"fizzyvape.eu\",\"url\":\"https:\/\/www.fizzyvape.eu\/de\/\",\"logo\":{\"@type\":\"ImageObject\",\"inLanguage\":\"de\",\"@id\":\"https:\/\/www.fizzyvape.eu\/de\/#\/schema\/logo\/image\/\",\"url\":\"https:\/\/fizzyvape.eu\/wp-content\/uploads\/2019\/06\/print-1.svg\",\"contentUrl\":\"https:\/\/fizzyvape.eu\/wp-content\/uploads\/2019\/06\/print-1.svg\",\"width\":124,\"height\":37,\"caption\":\"fizzyvape.eu\"},\"image\":{\"@id\":\"https:\/\/www.fizzyvape.eu\/de\/#\/schema\/logo\/image\/\"}}]}<\/script>\n<meta property=\"og:availability\" content=\"out of stock\" \/>\n<meta property=\"product:availability\" content=\"out of stock\" \/>\n<meta property=\"product:condition\" content=\"new\" \/>\n<!-- \/ Yoast SEO Premium plugin. -->","yoast_head_json":{"title":"60000 Puffs Disposable Vape - Langlebiges, wiederaufladbares Ger\u00e4t","description":"Genie\u00dfen Sie bis zu 60000 Z\u00fcge mit diesem wiederaufladbaren Einwegdampfer. 6 Geschmacksrichtungen in 1 Ger\u00e4t, LED-Anzeige und leistungsstarker Akku f\u00fcr ultimativen Dampfgenuss.","robots":{"index":"index","follow":"follow","max-snippet":"max-snippet:-1","max-image-preview":"max-image-preview:large","max-video-preview":"max-video-preview:-1"},"canonical":"https:\/\/fizzyvape.eu\/de\/produkt\/fizzy-max-iii-6in1-60k-60000-puffs-wiederaufladbare-einweg-vape-30pcs\/","og_locale":"de_DE","og_type":"article","og_title":"Fizzy Max III 6in1 60K 60000 Puffs Wiederaufladbare Einweg-Vape - 30pcs","og_description":"Genie\u00dfen Sie bis zu 60000 Z\u00fcge mit diesem wiederaufladbaren Einwegdampfer. 6 Geschmacksrichtungen in 1 Ger\u00e4t, LED-Anzeige und leistungsstarker Akku f\u00fcr ultimativen Dampfgenuss.","og_url":"https:\/\/fizzyvape.eu\/de\/produkt\/fizzy-max-iii-6in1-60k-60000-puffs-wiederaufladbare-einweg-vape-30pcs\/","og_site_name":"fizzyvape.eu","og_image":[{"width":800,"height":800,"url":"https:\/\/fizzyvape.eu\/wp-content\/uploads\/2025\/06\/Fizzy-Max-60000-Puffs-30pcs.webp","type":"image\/webp"}],"twitter_card":"summary_large_image","twitter_misc":{"Verf\u00fcgbarkeit":"ausverkauft"},"schema":{"@context":"https:\/\/schema.org","@graph":[{"@type":"WebPage","@id":"https:\/\/fizzyvape.eu\/de\/produkt\/fizzy-max-iii-6in1-60k-60000-puffs-wiederaufladbare-einweg-vape-30pcs\/","url":"https:\/\/fizzyvape.eu\/de\/produkt\/fizzy-max-iii-6in1-60k-60000-puffs-wiederaufladbare-einweg-vape-30pcs\/","name":"60000 Puffs Disposable Vape - Langlebiges, wiederaufladbares Ger\u00e4t","isPartOf":{"@id":"https:\/\/www.fizzyvape.eu\/de\/#website"},"primaryImageOfPage":{"@id":"https:\/\/fizzyvape.eu\/de\/produkt\/fizzy-max-iii-6in1-60k-60000-puffs-wiederaufladbare-einweg-vape-30pcs\/#primaryimage"},"image":{"@id":"https:\/\/fizzyvape.eu\/de\/produkt\/fizzy-max-iii-6in1-60k-60000-puffs-wiederaufladbare-einweg-vape-30pcs\/#primaryimage"},"thumbnailUrl":"https:\/\/fizzyvape.eu\/wp-content\/uploads\/2025\/06\/Fizzy-Max-60000-Puffs-30pcs.webp","datePublished":"2025-06-11T06:06:36+00:00","description":"Genie\u00dfen Sie bis zu 60000 Z\u00fcge mit diesem wiederaufladbaren Einwegdampfer. 6 Geschmacksrichtungen in 1 Ger\u00e4t, LED-Anzeige und leistungsstarker Akku f\u00fcr ultimativen Dampfgenuss.","breadcrumb":{"@id":"https:\/\/fizzyvape.eu\/de\/produkt\/fizzy-max-iii-6in1-60k-60000-puffs-wiederaufladbare-einweg-vape-30pcs\/#breadcrumb"},"inLanguage":"de","potentialAction":[{"@type":"ReadAction","target":["https:\/\/fizzyvape.eu\/de\/produkt\/fizzy-max-iii-6in1-60k-60000-puffs-wiederaufladbare-einweg-vape-30pcs\/"]}]},{"@type":"ImageObject","inLanguage":"de","@id":"https:\/\/fizzyvape.eu\/de\/produkt\/fizzy-max-iii-6in1-60k-60000-puffs-wiederaufladbare-einweg-vape-30pcs\/#primaryimage","url":"https:\/\/fizzyvape.eu\/wp-content\/uploads\/2025\/06\/Fizzy-Max-60000-Puffs-30pcs.webp","contentUrl":"https:\/\/fizzyvape.eu\/wp-content\/uploads\/2025\/06\/Fizzy-Max-60000-Puffs-30pcs.webp","width":800,"height":800},{"@type":"BreadcrumbList","@id":"https:\/\/fizzyvape.eu\/de\/produkt\/fizzy-max-iii-6in1-60k-60000-puffs-wiederaufladbare-einweg-vape-30pcs\/#breadcrumb","itemListElement":[{"@type":"ListItem","position":1,"name":"Home","item":"https:\/\/fizzyvape.eu\/de\/"},{"@type":"ListItem","position":2,"name":"Shop","item":"https:\/\/www.fizzyvape.eu\/de\/shop\/"},{"@type":"ListItem","position":3,"name":"Fizzy Max III 6in1 60K 60000 Puffs Wiederaufladbare Einweg-Vape &#8211; 30pcs"}]},{"@type":"WebSite","@id":"https:\/\/www.fizzyvape.eu\/de\/#website","url":"https:\/\/www.fizzyvape.eu\/de\/","name":"fizzyvape.eu","description":"Refreshing Vapes. Unforgettable Taste.","publisher":{"@id":"https:\/\/www.fizzyvape.eu\/de\/#organization"},"potentialAction":[{"@type":"SearchAction","target":{"@type":"EntryPoint","urlTemplate":"https:\/\/www.fizzyvape.eu\/de\/?s={search_term_string}"},"query-input":{"@type":"PropertyValueSpecification","valueRequired":true,"valueName":"search_term_string"}}],"inLanguage":"de"},{"@type":"Organization","@id":"https:\/\/www.fizzyvape.eu\/de\/#organization","name":"fizzyvape.eu","url":"https:\/\/www.fizzyvape.eu\/de\/","logo":{"@type":"ImageObject","inLanguage":"de","@id":"https:\/\/www.fizzyvape.eu\/de\/#\/schema\/logo\/image\/","url":"https:\/\/fizzyvape.eu\/wp-content\/uploads\/2019\/06\/print-1.svg","contentUrl":"https:\/\/fizzyvape.eu\/wp-content\/uploads\/2019\/06\/print-1.svg","width":124,"height":37,"caption":"fizzyvape.eu"},"image":{"@id":"https:\/\/www.fizzyvape.eu\/de\/#\/schema\/logo\/image\/"}}]},"og_availability":"out of stock","product_availability":"out of stock","product_condition":"new"},"tiered_pricing_type":"fixed","tiered_pricing_fixed_rules":[],"tiered_pricing_product_settings":{"layout":"default","base_unit_name":{"singular":null,"plural":null},"default_variation":null},"tiered_pricing_minimum_quantity":null,"tiered_pricing_roles_data":[],"tiered_pricing_percentage_rules":[],"tiered_pricing_maximum_quantity":null,"tiered_pricing_quantity_step":null,"_links":{"self":[{"href":"https:\/\/fizzyvape.eu\/de\/wp-json\/wp\/v2\/product\/33142","targetHints":{"allow":["GET"]}}],"collection":[{"href":"https:\/\/fizzyvape.eu\/de\/wp-json\/wp\/v2\/product"}],"about":[{"href":"https:\/\/fizzyvape.eu\/de\/wp-json\/wp\/v2\/types\/product"}],"replies":[{"embeddable":true,"href":"https:\/\/fizzyvape.eu\/de\/wp-json\/wp\/v2\/comments?post=33142"}],"version-history":[{"count":0,"href":"https:\/\/fizzyvape.eu\/de\/wp-json\/wp\/v2\/product\/33142\/revisions"}],"wp:featuredmedia":[{"embeddable":true,"href":"https:\/\/fizzyvape.eu\/de\/wp-json\/wp\/v2\/media\/32498"}],"wp:attachment":[{"href":"https:\/\/fizzyvape.eu\/de\/wp-json\/wp\/v2\/media?parent=33142"}],"wp:term":[{"taxonomy":"product_brand","embeddable":true,"href":"https:\/\/fizzyvape.eu\/de\/wp-json\/wp\/v2\/product_brand?post=33142"},{"taxonomy":"product_cat","embeddable":true,"href":"https:\/\/fizzyvape.eu\/de\/wp-json\/wp\/v2\/product_cat?post=33142"},{"taxonomy":"product_tag","embeddable":true,"href":"https:\/\/fizzyvape.eu\/de\/wp-json\/wp\/v2\/product_tag?post=33142"}],"curies":[{"name":"wp","href":"https:\/\/api.w.org\/{rel}","templated":true}]}}