{"id":33164,"date":"2025-06-11T10:33:48","date_gmt":"2025-06-11T02:33:48","guid":{"rendered":"https:\/\/fizzyvape.eu\/product\/fizzy-max-iii-6in1-60k-60000-puffs-wiederaufladbare-einweg-vape-erdbeer-kiwi-blaubeer-eis-wassermelone-eis-10-stueck\/"},"modified":"2025-06-11T10:33:48","modified_gmt":"2025-06-11T02:33:48","slug":"fizzy-max-iii-6in1-60k-60000-puffs-wiederaufladbare-einweg-vape-erdbeer-kiwi-blaubeer-eis-wassermelone-eis-10-stueck","status":"publish","type":"product","link":"https:\/\/fizzyvape.eu\/de\/produkt\/fizzy-max-iii-6in1-60k-60000-puffs-wiederaufladbare-einweg-vape-erdbeer-kiwi-blaubeer-eis-wassermelone-eis-10-stueck\/","title":{"rendered":"Fizzy Max III 6in1 60K 60000 Puffs Wiederaufladbare Einweg-Vape &#8211; Erdbeer-Kiwi &amp; Blaubeer-Eis &amp; Wassermelone-Eis &#8211; 10 St\u00fcck"},"content":{"rendered":"<h1><img decoding=\"async\" class=\"aligncenter\" src=\"https:\/\/fizzyvape.eu\/wp-content\/uploads\/2025\/06\/Fizzy-Max-III-6in1-60K-60000-Puffs-6-1.webp\" alt=\"Fizzy Max III 60000 Puffs 6in1 Einweg Vape Gro\u00dfhandel (5)\"><\/h1>\n<h1><strong>Fizzy Max III 6in1 60K 60000 Puffs Wiederaufladbare Einweg-Vape<\/strong><\/h1>\n<p><strong>Erdbeer-Kiwi &amp; Heidelbeer-Eis &amp; Wassermelonen-Eis &#8211; 10er Pack<\/strong><\/p>\n<h2><strong>Ein Ger\u00e4t. Sechs Geschmacksrichtungen. 60.000 Z\u00fcge Premium Vaping.  <\/strong><\/h2>\n<p>Erleben Sie die Zukunft des Einwegdampfens mit dem Fizzy Max III 6in1 &#8211; einem leistungsstarken All-in-One-Ger\u00e4t, das branchenweit f\u00fchrende 60.000 Z\u00fcge und 6 einzigartige Geschmackserlebnisse mit nur 3 Pods liefert. Kein Nachf\u00fcllen, kein Austauschen, keine Kompromisse. <\/p>\n<p>Dieses wiederaufladbare Ger\u00e4t kombiniert modernste Technik mit reinem Dampfvergn\u00fcgen und wurde f\u00fcr Benutzer entwickelt, die Vielfalt, Komfort und Leistung in einem schlanken Paket w\u00fcnschen.<\/p>\n<p>Erschlie\u00dfen Sie sich eine Welt erfrischender Fruchtmischungen mit dem <strong>Fizzy Max III 6in1<\/strong>, einem Einwegdampfer der n\u00e4chsten Generation, der <strong>sechs einzigartige Geschmackserlebnisse<\/strong> mit nur <strong>drei H\u00fclsen<\/strong> bietet: <strong>Strawberry Kiwi<\/strong>, <strong>Blueberry Ice<\/strong> und <strong>Watermelon Ice<\/strong>. Dank seines intelligenten Rotationssystems bietet dieses Ger\u00e4t unschlagbare Vielfalt, Leistung und Geschmack, ohne dass Sie die Patronen wechseln m\u00fcssen. <\/p>\n<h4><strong>Geschmacksrichtungen:<\/strong><\/h4>\n<ul>\n<li><strong>Strawberry Kiwi (A)<\/strong> &#8211; Eine s\u00fc\u00dfe, spritzige Mischung aus reifen Erdbeeren und tropischer Kiwi<\/li>\n<li><strong>Blaubeereis (B)<\/strong> &#8211; Ein frostiger Hit aus saftigen Blaubeeren mit einem k\u00fchlen Abgang<\/li>\n<li><strong>Watermelon Ice (C)<\/strong> &#8211; Erfrischende Wassermelone gepaart mit eisiger Frische<\/li>\n<li><strong>Mix AB<\/strong> &#8211; Eine gek\u00fchlte Beeren-Kiwi-Fusion mit einem lebendigen Twist<\/li>\n<li><strong>Mix BC<\/strong> &#8211; Eine k\u00fchle Beeren-Melonen-Mischung mit eisigem Geschmack<\/li>\n<li><strong>Mix CA<\/strong> &#8211; Gefrorene Erdbeere und Wassermelone mit tropischen Noten<\/li>\n<\/ul>\n<p>Durch <strong>Anheben und Drehen des Mundst\u00fccks<\/strong> k\u00f6nnen Sie die Aromen m\u00fchelos in dieser Reihenfolge wechseln:<br \/>\n<strong>A \u2192 Mix AB \u2192 B \u2192 Mix BC \u2192 C \u2192 Mix CA<\/strong><\/p>\n<p>Wechseln Sie mit einer einfachen Drehung des Mundst\u00fccks nahtlos durch alle sechs m\u00f6glichen Geschmacksrichtungen. Genie\u00dfen Sie den ultimativen Komfort des 6-in-1-Systems. Neugierig geworden? Sehen Sie sich unser <a href=\"https:\/\/www.youtube.com\/watch?v=CoxB_HvaU3k\">Demonstrationsvideo<\/a> an.   <\/p>\n<h3>Wesentliche Merkmale<\/h3>\n<ul>\n<li><strong>60.000 Z\u00fcge<\/strong><br \/>\nMassive Kapazit\u00e4t mit 60mL e-Liquid und Mesh-Coil f\u00fcr gleichbleibende, lang anhaltende Leistung.<\/li>\n<li><strong>6 Geschmacksrichtungen in 1 Ger\u00e4t<\/strong><br \/>\nDrei Kapseln mit einer Geschmacksrichtung (Strawberry Kiwi, Blueberry Ice, Watermelon Ice) + drei Mix-Modi = sechs Geschmackserlebnisse.<\/li>\n<li><strong>Smart Rotation System<\/strong><br \/>\nWechseln Sie die Geschmacksrichtung ganz einfach durch Anheben und Drehen des Mundst\u00fccks. Sequenz: A \u2192 Mix AB \u2192 B \u2192 Mix BC \u2192 C \u2192 Mix CA. <\/li>\n<li><strong>Wiederaufladbar \u00fcber USB-C<\/strong><br \/>\nEingebauter 850mAh-Akku mit schneller Type-C-Ladung. Nachhaltiger als herk\u00f6mmliche Einwegartikel. <\/li>\n<li><strong>LED-Anzeige<\/strong><br \/>\nZeigt den Batteriestand und den aktuellen Aromamodus zur einfachen Kontrolle an.<\/li>\n<li><strong>Gro\u00dfe E-Liquid-Kapazit\u00e4t<\/strong><br \/>\n60mL insgesamt (3 \u00d7 20mL Pods) garantiert reichhaltige, geschmackvolle Z\u00fcge bis zum letzten Zug.<\/li>\n<li><strong>Optionen f\u00fcr die Nikotinst\u00e4rke<\/strong><br \/>\nErh\u00e4ltlich mit 2% oder 5% Nikotin, je nachdem, was Sie bevorzugen.<\/li>\n<\/ul>\n<h3><strong>Fizzy Max III 6in1 60000 Puffs Einweg Vape Aromen Liste:<\/strong><\/h3>\n<ol>\n<li><a href=\"https:\/\/fizzyvape.eu\/de\/produkt\/fizzy-max-iii-6in1-60k-60000-puffs-wiederaufladbare-einweg-vape-erdbeere-himbeere-mango-pfirsich-heidelbeere-wassermelone-10pcs\/\">Erdbeere Himbeere &amp; Mango Pfirsich &amp; Heidelbeere Wassermelone<\/a><\/li>\n<li><a href=\"https:\/\/fizzyvape.eu\/de\/produkt\/fizzy-max-iii-6in1-60k-60000-puffs-wiederaufladbare-einweg-vape-mixed-berry-kiwi-passionsfrucht-guave-erdbeere-wassermelone-10-stueck\/\">Gemischte Beeren &amp; Kiwi Passionsfrucht Guave &amp; Erdbeere Wassermelone<\/a><\/li>\n<li><a href=\"https:\/\/fizzyvape.eu\/de\/produkt\/fizzy-max-iii-6in1-60k-60000-puffs-wiederaufladbare-einweg-vape-blaubeere-himbeere-dreifach-melone-erdbeere-eis-10pcs\/\">Heidelbeere-Himbeere &amp; Dreifach Melone &amp; Erdbeere Eis<\/a><\/li>\n<li><a href=\"https:\/\/fizzyvape.eu\/de\/produkt\/fizzy-max-iii-6in1-60k-60000-puffs-wiederaufladbare-einweg-vape-erdbeere-drachenfrucht-red-bull-himbeere-wassermelone-10-stueck\/\">Erdbeere Drachenfrucht &amp; Red Bull &amp; Himbeere Wassermelone<\/a><\/li>\n<li><a href=\"https:\/\/fizzyvape.eu\/de\/produkt\/fizzy-max-iii-6in1-60k-60000-puffs-wiederaufladbare-einweg-vape-erdbeer-kiwi-blaubeer-eis-wassermelone-eis-10-stueck\/\">Erdbeer-Kiwi &amp; Heidelbeere Eis &amp; Wassermelone Eis<\/a><\/li>\n<li><a href=\"https:\/\/fizzyvape.eu\/de\/produkt\/fizzy-max-iii-6in1-60k-60000-puffs-wiederaufladbare-einweg-vape-blueberry-ice-fizzy-cherry-raspberry-lemon-10pcs\/\">Blaubeereis &amp; Sprudelkirsche &amp; Himbeere-Zitrone<\/a><\/li>\n<li><a href=\"https:\/\/fizzyvape.eu\/de\/produkt\/fizzy-max-iii-6in1-60k-60000-puffs-wiederaufladbare-einweg-vape-wassermelone-eis-erdbeere-vanille-cola-mixed-berry-10pcs\/\">Wassermelone Eis &amp; Erdbeere Vanille Cola &amp; Gemischt<\/a><\/li>\n<li><a href=\"https:\/\/fizzyvape.eu\/de\/produkt\/fizzy-max-iii-6in1-60k-60000-puffs-wiederaufladbare-einweg-vape-erdbeere-traube-blaubeere-kokosnuss-pfirsich-zitrone-10pcs\/\">Erdbeere Weintraube &amp; Heidelbeere Kokosnuss &amp; Pfirsich Zitrone<\/a><\/li>\n<li><a href=\"https:\/\/fizzyvape.eu\/de\/produkt\/fizzy-max-iii-6in1-60k-60000-puffs-wiederaufladbare-einweg-vape-blue-razz-ice-strawberry-kiwi-sour-pineapple-orange-10pcs\/\">Blue Razz Ice &amp; Erdbeere Kiwi &amp; Saure Ananas Orange<\/a><\/li>\n<li><a href=\"https:\/\/fizzyvape.eu\/de\/produkt\/fizzy-max-iii-6in1-60k-60000-puffs-wiederaufladbare-einweg-vape-erdbeer-wassermelone-zitrone-limette-heidelbeere-kokosnuss-10pcs\/\">Erdbeer-Wassermelone &amp; Zitrone-Limette &amp; Heidelbeer-Kokosnuss<\/a><\/li>\n<\/ol>\n<h2><strong>Vape It Your Way: MTL- oder DL-kompatibel<\/strong><\/h2>\n<ul>\n<li><strong>Einzelne Geschmacksrichtung (MTL-Modus):<\/strong> Enger Zug f\u00fcr Mund-zu-Lunge-Inhalierer, die einen sanfteren, klassischen Stil beim Dampfen bevorzugen.<\/li>\n<li><strong>Mix-Modus (DL-Modus):<\/strong> Gr\u00f6\u00dferer Luftstrom und mehrschichtiger Geschmack f\u00fcr Nutzer mit direkter Lunge, die auf fette Wolken und tiefere Hits aus sind.<\/li>\n<\/ul>\n<h3><strong>Warum sollten Sie sich f\u00fcr Fizzy Max III 6in1 entscheiden?<\/strong><\/h3>\n<ul>\n<li>Massive Puffzahl und lange Lebensdauer &#8211; bis zu 60.000 Z\u00fcge pro Ger\u00e4t<\/li>\n<li>Intelligentes 6-Aromen-System mit sofortiger Rotation &#8211; kein Durcheinander, kein \u00c4rger<\/li>\n<li>Wiederaufladbar \u00fcber USB Typ-C &#8211; effizient und umweltbewusst<\/li>\n<li>LED-Display f\u00fcr Batterie- und Modusanzeige &#8211; immer unter Kontrolle<\/li>\n<li>Kompakt und auslaufsicher &#8211; entwickelt f\u00fcr Tragbarkeit und Komfort<\/li>\n<li>Schnelle Lieferung aus unserem europ\u00e4ischen Lager &#8211; keine Verz\u00f6gerungen beim Zoll<\/li>\n<\/ul>\n<h3><strong>FAQ &#8211; Fizzy Max III 6in1 60K Einwegverdampfer<\/strong><\/h3>\n<p><strong>1. Wie viele Z\u00fcge bietet es?<\/strong><br \/>\nBis zu 60.000 Z\u00fcge, angetrieben von 60mL E-Liquid, einer Mesh-Spule und einem 850mAh-Akku.<\/p>\n<p><strong>2. MTL und DL kompatibel?<\/strong><br \/>\nJa &#8211; verwenden Sie den Single-Flavor-Modus f\u00fcr sanfte MTL-Hits oder den Mix-Modus f\u00fcr fettes, wolkenreiches DL-Vaping.<\/p>\n<p><strong>3. Ist es wiederaufladbar?<\/strong><br \/>\nJa, es verf\u00fcgt \u00fcber einen eingebauten 850-mAh-Akku und unterst\u00fctzt schnelles Typ-C-Laden f\u00fcr minimale Ausfallzeiten.<\/p>\n","protected":false},"excerpt":{"rendered":"<p>Erleben Sie 6 Geschmacksrichtungen in 1 schlanken Ger\u00e4t. Der Fizzy Max III liefert bis zu 60.000 Z\u00fcge, verf\u00fcgt \u00fcber einen wiederaufladbaren 850mAh-Akku, 60mL Premium-E-Liquid, ein LED-Display und einen schnellen Wechsel der Geschmacksrichtung mit intelligenter Rotation. Erh\u00e4ltlich mit 2% oder 5% Nikotin.  <\/p>\n","protected":false},"featured_media":32444,"comment_status":"open","ping_status":"closed","template":"","meta":{"iawp_total_views":10},"product_brand":[],"product_cat":[587],"product_tag":[609,606,607,608],"class_list":{"0":"post-33164","1":"product","2":"type-product","3":"status-publish","4":"has-post-thumbnail","6":"product_cat-max-iii-6in1-60k-60000-puffs-rechargeable-disposable-vape-de","7":"product_tag-6-geschmacksrichtungen-in-1-gerat","8":"product_tag-60000-puffs-de","9":"product_tag-einweg-vape","10":"product_tag-wiederaufladbar","12":"first","13":"outofstock","14":"sale","15":"shipping-taxable","16":"purchasable","17":"product-type-variable"},"yoast_head":"<!-- This site is optimized with the Yoast SEO Premium plugin v24.8 (Yoast SEO v24.8) - https:\/\/yoast.com\/wordpress\/plugins\/seo\/ -->\n<title>850mAh Akku Vape - Fizzy Max III 6in1 60K 60000 Z\u00fcge<\/title>\n<meta name=\"description\" content=\"Wiederaufladbares Vape mit 850mAh Akku, 60K 60000 Z\u00fcge, 6 Aromen in 1 Einweg-Vape und USB-C Aufladung - Fizzy Max III 6in1\" \/>\n<meta name=\"robots\" content=\"index, follow, max-snippet:-1, max-image-preview:large, max-video-preview:-1\" \/>\n<link rel=\"canonical\" href=\"https:\/\/fizzyvape.eu\/de\/produkt\/fizzy-max-iii-6in1-60k-60000-puffs-wiederaufladbare-einweg-vape-erdbeer-kiwi-blaubeer-eis-wassermelone-eis-10-stueck\/\" \/>\n<meta property=\"og:locale\" content=\"de_DE\" \/>\n<meta property=\"og:type\" content=\"article\" \/>\n<meta property=\"og:title\" content=\"Fizzy Max III 6in1 60K 60000 Puffs Wiederaufladbare Einweg-Vape - Erdbeer-Kiwi &amp; Blaubeer-Eis &amp; Wassermelone-Eis - 10 St\u00fcck\" \/>\n<meta property=\"og:description\" content=\"Wiederaufladbares Vape mit 850mAh Akku, 60K 60000 Z\u00fcge, 6 Aromen in 1 Einweg-Vape und USB-C Aufladung - Fizzy Max III 6in1\" \/>\n<meta property=\"og:url\" content=\"https:\/\/fizzyvape.eu\/de\/produkt\/fizzy-max-iii-6in1-60k-60000-puffs-wiederaufladbare-einweg-vape-erdbeer-kiwi-blaubeer-eis-wassermelone-eis-10-stueck\/\" \/>\n<meta property=\"og:site_name\" content=\"fizzyvape.eu\" \/>\n<meta property=\"og:image\" content=\"https:\/\/fizzyvape.eu\/wp-content\/uploads\/2025\/06\/Fizzy-Max-60000-Puffs-05.webp\" \/>\n\t<meta property=\"og:image:width\" content=\"800\" \/>\n\t<meta property=\"og:image:height\" content=\"800\" \/>\n\t<meta property=\"og:image:type\" content=\"image\/webp\" \/>\n<meta name=\"twitter:card\" content=\"summary_large_image\" \/>\n<meta name=\"twitter:label1\" content=\"Verf\u00fcgbarkeit\" \/>\n\t<meta name=\"twitter:data1\" content=\"ausverkauft\" \/>\n<script type=\"application\/ld+json\" class=\"yoast-schema-graph\">{\"@context\":\"https:\/\/schema.org\",\"@graph\":[{\"@type\":\"WebPage\",\"@id\":\"https:\/\/fizzyvape.eu\/de\/produkt\/fizzy-max-iii-6in1-60k-60000-puffs-wiederaufladbare-einweg-vape-erdbeer-kiwi-blaubeer-eis-wassermelone-eis-10-stueck\/\",\"url\":\"https:\/\/fizzyvape.eu\/de\/produkt\/fizzy-max-iii-6in1-60k-60000-puffs-wiederaufladbare-einweg-vape-erdbeer-kiwi-blaubeer-eis-wassermelone-eis-10-stueck\/\",\"name\":\"850mAh Akku Vape - Fizzy Max III 6in1 60K 60000 Z\u00fcge\",\"isPartOf\":{\"@id\":\"https:\/\/www.fizzyvape.eu\/de\/#website\"},\"primaryImageOfPage\":{\"@id\":\"https:\/\/fizzyvape.eu\/de\/produkt\/fizzy-max-iii-6in1-60k-60000-puffs-wiederaufladbare-einweg-vape-erdbeer-kiwi-blaubeer-eis-wassermelone-eis-10-stueck\/#primaryimage\"},\"image\":{\"@id\":\"https:\/\/fizzyvape.eu\/de\/produkt\/fizzy-max-iii-6in1-60k-60000-puffs-wiederaufladbare-einweg-vape-erdbeer-kiwi-blaubeer-eis-wassermelone-eis-10-stueck\/#primaryimage\"},\"thumbnailUrl\":\"https:\/\/fizzyvape.eu\/wp-content\/uploads\/2025\/06\/Fizzy-Max-60000-Puffs-05.webp\",\"datePublished\":\"2025-06-11T02:33:48+00:00\",\"description\":\"Wiederaufladbares Vape mit 850mAh Akku, 60K 60000 Z\u00fcge, 6 Aromen in 1 Einweg-Vape und USB-C Aufladung - Fizzy Max III 6in1\",\"breadcrumb\":{\"@id\":\"https:\/\/fizzyvape.eu\/de\/produkt\/fizzy-max-iii-6in1-60k-60000-puffs-wiederaufladbare-einweg-vape-erdbeer-kiwi-blaubeer-eis-wassermelone-eis-10-stueck\/#breadcrumb\"},\"inLanguage\":\"de\",\"potentialAction\":[{\"@type\":\"ReadAction\",\"target\":[\"https:\/\/fizzyvape.eu\/de\/produkt\/fizzy-max-iii-6in1-60k-60000-puffs-wiederaufladbare-einweg-vape-erdbeer-kiwi-blaubeer-eis-wassermelone-eis-10-stueck\/\"]}]},{\"@type\":\"ImageObject\",\"inLanguage\":\"de\",\"@id\":\"https:\/\/fizzyvape.eu\/de\/produkt\/fizzy-max-iii-6in1-60k-60000-puffs-wiederaufladbare-einweg-vape-erdbeer-kiwi-blaubeer-eis-wassermelone-eis-10-stueck\/#primaryimage\",\"url\":\"https:\/\/fizzyvape.eu\/wp-content\/uploads\/2025\/06\/Fizzy-Max-60000-Puffs-05.webp\",\"contentUrl\":\"https:\/\/fizzyvape.eu\/wp-content\/uploads\/2025\/06\/Fizzy-Max-60000-Puffs-05.webp\",\"width\":800,\"height\":800},{\"@type\":\"BreadcrumbList\",\"@id\":\"https:\/\/fizzyvape.eu\/de\/produkt\/fizzy-max-iii-6in1-60k-60000-puffs-wiederaufladbare-einweg-vape-erdbeer-kiwi-blaubeer-eis-wassermelone-eis-10-stueck\/#breadcrumb\",\"itemListElement\":[{\"@type\":\"ListItem\",\"position\":1,\"name\":\"Home\",\"item\":\"https:\/\/fizzyvape.eu\/de\/\"},{\"@type\":\"ListItem\",\"position\":2,\"name\":\"Shop\",\"item\":\"https:\/\/www.fizzyvape.eu\/de\/shop\/\"},{\"@type\":\"ListItem\",\"position\":3,\"name\":\"Fizzy Max III 6in1 60K 60000 Puffs Wiederaufladbare Einweg-Vape &#8211; Erdbeer-Kiwi &amp; Blaubeer-Eis &amp; Wassermelone-Eis &#8211; 10 St\u00fcck\"}]},{\"@type\":\"WebSite\",\"@id\":\"https:\/\/www.fizzyvape.eu\/de\/#website\",\"url\":\"https:\/\/www.fizzyvape.eu\/de\/\",\"name\":\"fizzyvape.eu\",\"description\":\"Refreshing Vapes. Unforgettable Taste.\",\"publisher\":{\"@id\":\"https:\/\/www.fizzyvape.eu\/de\/#organization\"},\"potentialAction\":[{\"@type\":\"SearchAction\",\"target\":{\"@type\":\"EntryPoint\",\"urlTemplate\":\"https:\/\/www.fizzyvape.eu\/de\/?s={search_term_string}\"},\"query-input\":{\"@type\":\"PropertyValueSpecification\",\"valueRequired\":true,\"valueName\":\"search_term_string\"}}],\"inLanguage\":\"de\"},{\"@type\":\"Organization\",\"@id\":\"https:\/\/www.fizzyvape.eu\/de\/#organization\",\"name\":\"fizzyvape.eu\",\"url\":\"https:\/\/www.fizzyvape.eu\/de\/\",\"logo\":{\"@type\":\"ImageObject\",\"inLanguage\":\"de\",\"@id\":\"https:\/\/www.fizzyvape.eu\/de\/#\/schema\/logo\/image\/\",\"url\":\"https:\/\/fizzyvape.eu\/wp-content\/uploads\/2019\/06\/print-1.svg\",\"contentUrl\":\"https:\/\/fizzyvape.eu\/wp-content\/uploads\/2019\/06\/print-1.svg\",\"width\":124,\"height\":37,\"caption\":\"fizzyvape.eu\"},\"image\":{\"@id\":\"https:\/\/www.fizzyvape.eu\/de\/#\/schema\/logo\/image\/\"}}]}<\/script>\n<meta property=\"og:availability\" content=\"out of stock\" \/>\n<meta property=\"product:availability\" content=\"out of stock\" \/>\n<meta property=\"product:condition\" content=\"new\" \/>\n<!-- \/ Yoast SEO Premium plugin. -->","yoast_head_json":{"title":"850mAh Akku Vape - Fizzy Max III 6in1 60K 60000 Z\u00fcge","description":"Wiederaufladbares Vape mit 850mAh Akku, 60K 60000 Z\u00fcge, 6 Aromen in 1 Einweg-Vape und USB-C Aufladung - Fizzy Max III 6in1","robots":{"index":"index","follow":"follow","max-snippet":"max-snippet:-1","max-image-preview":"max-image-preview:large","max-video-preview":"max-video-preview:-1"},"canonical":"https:\/\/fizzyvape.eu\/de\/produkt\/fizzy-max-iii-6in1-60k-60000-puffs-wiederaufladbare-einweg-vape-erdbeer-kiwi-blaubeer-eis-wassermelone-eis-10-stueck\/","og_locale":"de_DE","og_type":"article","og_title":"Fizzy Max III 6in1 60K 60000 Puffs Wiederaufladbare Einweg-Vape - Erdbeer-Kiwi &amp; Blaubeer-Eis &amp; Wassermelone-Eis - 10 St\u00fcck","og_description":"Wiederaufladbares Vape mit 850mAh Akku, 60K 60000 Z\u00fcge, 6 Aromen in 1 Einweg-Vape und USB-C Aufladung - Fizzy Max III 6in1","og_url":"https:\/\/fizzyvape.eu\/de\/produkt\/fizzy-max-iii-6in1-60k-60000-puffs-wiederaufladbare-einweg-vape-erdbeer-kiwi-blaubeer-eis-wassermelone-eis-10-stueck\/","og_site_name":"fizzyvape.eu","og_image":[{"width":800,"height":800,"url":"https:\/\/fizzyvape.eu\/wp-content\/uploads\/2025\/06\/Fizzy-Max-60000-Puffs-05.webp","type":"image\/webp"}],"twitter_card":"summary_large_image","twitter_misc":{"Verf\u00fcgbarkeit":"ausverkauft"},"schema":{"@context":"https:\/\/schema.org","@graph":[{"@type":"WebPage","@id":"https:\/\/fizzyvape.eu\/de\/produkt\/fizzy-max-iii-6in1-60k-60000-puffs-wiederaufladbare-einweg-vape-erdbeer-kiwi-blaubeer-eis-wassermelone-eis-10-stueck\/","url":"https:\/\/fizzyvape.eu\/de\/produkt\/fizzy-max-iii-6in1-60k-60000-puffs-wiederaufladbare-einweg-vape-erdbeer-kiwi-blaubeer-eis-wassermelone-eis-10-stueck\/","name":"850mAh Akku Vape - Fizzy Max III 6in1 60K 60000 Z\u00fcge","isPartOf":{"@id":"https:\/\/www.fizzyvape.eu\/de\/#website"},"primaryImageOfPage":{"@id":"https:\/\/fizzyvape.eu\/de\/produkt\/fizzy-max-iii-6in1-60k-60000-puffs-wiederaufladbare-einweg-vape-erdbeer-kiwi-blaubeer-eis-wassermelone-eis-10-stueck\/#primaryimage"},"image":{"@id":"https:\/\/fizzyvape.eu\/de\/produkt\/fizzy-max-iii-6in1-60k-60000-puffs-wiederaufladbare-einweg-vape-erdbeer-kiwi-blaubeer-eis-wassermelone-eis-10-stueck\/#primaryimage"},"thumbnailUrl":"https:\/\/fizzyvape.eu\/wp-content\/uploads\/2025\/06\/Fizzy-Max-60000-Puffs-05.webp","datePublished":"2025-06-11T02:33:48+00:00","description":"Wiederaufladbares Vape mit 850mAh Akku, 60K 60000 Z\u00fcge, 6 Aromen in 1 Einweg-Vape und USB-C Aufladung - Fizzy Max III 6in1","breadcrumb":{"@id":"https:\/\/fizzyvape.eu\/de\/produkt\/fizzy-max-iii-6in1-60k-60000-puffs-wiederaufladbare-einweg-vape-erdbeer-kiwi-blaubeer-eis-wassermelone-eis-10-stueck\/#breadcrumb"},"inLanguage":"de","potentialAction":[{"@type":"ReadAction","target":["https:\/\/fizzyvape.eu\/de\/produkt\/fizzy-max-iii-6in1-60k-60000-puffs-wiederaufladbare-einweg-vape-erdbeer-kiwi-blaubeer-eis-wassermelone-eis-10-stueck\/"]}]},{"@type":"ImageObject","inLanguage":"de","@id":"https:\/\/fizzyvape.eu\/de\/produkt\/fizzy-max-iii-6in1-60k-60000-puffs-wiederaufladbare-einweg-vape-erdbeer-kiwi-blaubeer-eis-wassermelone-eis-10-stueck\/#primaryimage","url":"https:\/\/fizzyvape.eu\/wp-content\/uploads\/2025\/06\/Fizzy-Max-60000-Puffs-05.webp","contentUrl":"https:\/\/fizzyvape.eu\/wp-content\/uploads\/2025\/06\/Fizzy-Max-60000-Puffs-05.webp","width":800,"height":800},{"@type":"BreadcrumbList","@id":"https:\/\/fizzyvape.eu\/de\/produkt\/fizzy-max-iii-6in1-60k-60000-puffs-wiederaufladbare-einweg-vape-erdbeer-kiwi-blaubeer-eis-wassermelone-eis-10-stueck\/#breadcrumb","itemListElement":[{"@type":"ListItem","position":1,"name":"Home","item":"https:\/\/fizzyvape.eu\/de\/"},{"@type":"ListItem","position":2,"name":"Shop","item":"https:\/\/www.fizzyvape.eu\/de\/shop\/"},{"@type":"ListItem","position":3,"name":"Fizzy Max III 6in1 60K 60000 Puffs Wiederaufladbare Einweg-Vape &#8211; Erdbeer-Kiwi &amp; Blaubeer-Eis &amp; Wassermelone-Eis &#8211; 10 St\u00fcck"}]},{"@type":"WebSite","@id":"https:\/\/www.fizzyvape.eu\/de\/#website","url":"https:\/\/www.fizzyvape.eu\/de\/","name":"fizzyvape.eu","description":"Refreshing Vapes. Unforgettable Taste.","publisher":{"@id":"https:\/\/www.fizzyvape.eu\/de\/#organization"},"potentialAction":[{"@type":"SearchAction","target":{"@type":"EntryPoint","urlTemplate":"https:\/\/www.fizzyvape.eu\/de\/?s={search_term_string}"},"query-input":{"@type":"PropertyValueSpecification","valueRequired":true,"valueName":"search_term_string"}}],"inLanguage":"de"},{"@type":"Organization","@id":"https:\/\/www.fizzyvape.eu\/de\/#organization","name":"fizzyvape.eu","url":"https:\/\/www.fizzyvape.eu\/de\/","logo":{"@type":"ImageObject","inLanguage":"de","@id":"https:\/\/www.fizzyvape.eu\/de\/#\/schema\/logo\/image\/","url":"https:\/\/fizzyvape.eu\/wp-content\/uploads\/2019\/06\/print-1.svg","contentUrl":"https:\/\/fizzyvape.eu\/wp-content\/uploads\/2019\/06\/print-1.svg","width":124,"height":37,"caption":"fizzyvape.eu"},"image":{"@id":"https:\/\/www.fizzyvape.eu\/de\/#\/schema\/logo\/image\/"}}]},"og_availability":"out of stock","product_availability":"out of stock","product_condition":"new"},"tiered_pricing_type":"fixed","tiered_pricing_fixed_rules":[],"tiered_pricing_product_settings":{"layout":"default","base_unit_name":{"singular":null,"plural":null},"default_variation":null},"tiered_pricing_minimum_quantity":null,"tiered_pricing_roles_data":[],"tiered_pricing_percentage_rules":[],"tiered_pricing_maximum_quantity":null,"tiered_pricing_quantity_step":null,"_links":{"self":[{"href":"https:\/\/fizzyvape.eu\/de\/wp-json\/wp\/v2\/product\/33164","targetHints":{"allow":["GET"]}}],"collection":[{"href":"https:\/\/fizzyvape.eu\/de\/wp-json\/wp\/v2\/product"}],"about":[{"href":"https:\/\/fizzyvape.eu\/de\/wp-json\/wp\/v2\/types\/product"}],"replies":[{"embeddable":true,"href":"https:\/\/fizzyvape.eu\/de\/wp-json\/wp\/v2\/comments?post=33164"}],"version-history":[{"count":0,"href":"https:\/\/fizzyvape.eu\/de\/wp-json\/wp\/v2\/product\/33164\/revisions"}],"wp:featuredmedia":[{"embeddable":true,"href":"https:\/\/fizzyvape.eu\/de\/wp-json\/wp\/v2\/media\/32444"}],"wp:attachment":[{"href":"https:\/\/fizzyvape.eu\/de\/wp-json\/wp\/v2\/media?parent=33164"}],"wp:term":[{"taxonomy":"product_brand","embeddable":true,"href":"https:\/\/fizzyvape.eu\/de\/wp-json\/wp\/v2\/product_brand?post=33164"},{"taxonomy":"product_cat","embeddable":true,"href":"https:\/\/fizzyvape.eu\/de\/wp-json\/wp\/v2\/product_cat?post=33164"},{"taxonomy":"product_tag","embeddable":true,"href":"https:\/\/fizzyvape.eu\/de\/wp-json\/wp\/v2\/product_tag?post=33164"}],"curies":[{"name":"wp","href":"https:\/\/api.w.org\/{rel}","templated":true}]}}