{"id":33205,"date":"2025-06-11T10:33:42","date_gmt":"2025-06-11T02:33:42","guid":{"rendered":"https:\/\/fizzyvape.eu\/product\/fizzy-max-iii-6in1-60k-60000-puffs-wiederaufladbare-einweg-vape-blaubeere-himbeere-dreifach-melone-erdbeere-eis-10pcs\/"},"modified":"2025-06-11T10:33:42","modified_gmt":"2025-06-11T02:33:42","slug":"fizzy-max-iii-6in1-60k-60000-puffs-wiederaufladbare-einweg-vape-blaubeere-himbeere-dreifach-melone-erdbeere-eis-10pcs","status":"publish","type":"product","link":"https:\/\/fizzyvape.eu\/de\/produkt\/fizzy-max-iii-6in1-60k-60000-puffs-wiederaufladbare-einweg-vape-blaubeere-himbeere-dreifach-melone-erdbeere-eis-10pcs\/","title":{"rendered":"Fizzy Max III 6in1 60K 60000 Puffs Wiederaufladbare Einweg-Vape &#8211; Blaubeere Himbeere &amp; Dreifach Melone &amp; Erdbeere Eis &#8211; 10pcs"},"content":{"rendered":"<p><img decoding=\"async\" class=\"aligncenter\" src=\"https:\/\/fizzyvape.eu\/wp-content\/uploads\/2025\/06\/Fizzy-Max-III-6in1-60K-60000-Puffs-8-1.webp\" alt=\"Fizzy Max III 60000 Z\u00fcge 6in1 Einweg-Dampfger\u00e4t (8)\"><\/p>\n<h1>Fizzy Max III 6in1 60K 60000 Puffs Wiederaufladbare Einweg-Vape &#8211; Blaubeere Himbeere &amp; Dreifach Melone &amp; Erdbeere Eis &#8211; 10pcs<\/h1>\n<h3><strong>6 Geschmacksrichtungen in 1 innovativem Einweg-Vape<\/strong><\/h3>\n<p>Erleben Sie au\u00dfergew\u00f6hnliche Geschmacksvielfalt mit dem <strong>Fizzy Max III 6in1<\/strong>, einem hochmodernen <strong>Einwegdampfer<\/strong> mit <strong>drei vorgef\u00fcllten 20-ml-Pods<\/strong>: <strong>Blueberry Raspberry<\/strong>, <strong>Triple Melon<\/strong> <strong>und Strawberry Ice<\/strong>. Dank des intelligenten, drehbaren Mundst\u00fccks k\u00f6nnen Sie m\u00fchelos zwischen sechs einzigartigen Geschmackskombinationen wechseln und so ein einzigartiges Dampferlebnis genie\u00dfen.   <\/p>\n<p><strong>Geschmacksrichtungen:<\/strong><\/p>\n<ul>\n<li><strong>Heidelbeere-Himbeere (A):<\/strong> Saftige Mischung aus reifen Heidelbeeren und herben Himbeeren<\/li>\n<li><strong>Dreifache Melone (B):<\/strong> Erfrischende Mischung aus Wassermelone, Honigtau und Melone<\/li>\n<li><strong>Strawberry Ice (C):<\/strong> S\u00fc\u00dfe Erdbeeren mit einem k\u00fchlen, eisigen Abgang<\/li>\n<\/ul>\n<p><strong>Gemischte Geschm\u00e4cker:<\/strong><\/p>\n<ul>\n<li><strong>Mix AB:<\/strong> Fusion aus Blaubeere-Himbeere und dreifacher Melone<\/li>\n<li><strong>Mix BC:<\/strong> K\u00fchle Mischung aus dreifacher Melone und Erdbeereis<\/li>\n<li><strong>Mix CA:<\/strong> Erfrischender Mix aus Erdbeereis und Heidelbeere-Himbeere<\/li>\n<\/ul>\n<p>Wechseln Sie die Geschmacksrichtung einfach durch Anheben und Drehen des Mundst\u00fccks in dieser Reihenfolge:<br \/>\n<strong>A \u2192 Mix AB \u2192 B \u2192 Mix BC \u2192 C \u2192 Mix CA<\/strong><\/p>\n<h3><strong>Produkt-Highlights<\/strong><\/h3>\n<ul>\n<li><strong>Bis zu 60.000 Z\u00fcge<\/strong> f\u00fcr l\u00e4ngeren Gebrauch<\/li>\n<li><strong>6-in-1-Geschmackssystem<\/strong> mit 3 einzelnen und 3 gemischten Geschmacksrichtungen<\/li>\n<li><strong>E-Liquid-Kapazit\u00e4t:<\/strong> 60mL insgesamt (3 \u00d7 20mL Pods)<\/li>\n<li><strong>Optionen f\u00fcr die Nikotinst\u00e4rke:<\/strong> 2% \/ 5%<\/li>\n<li><strong>Akku:<\/strong> Leistungsstarke 850mAh, wiederaufladbar \u00fcber Type-C<\/li>\n<li><strong>Spule:<\/strong> Fortschrittliche Mesh-Spule f\u00fcr reichhaltigen Geschmack und sanften Dampf<\/li>\n<li><strong>LED-Anzeige:<\/strong> Zeigt den Batteriestand und den Modusstatus an<\/li>\n<li><strong>Haltbarkeitsdauer:<\/strong> 2 Jahre<\/li>\n<\/ul>\n<h3><strong>Fizzy Max III 6in1 60000 Puffs Einweg Vape Aromen Liste:<\/strong><\/h3>\n<ol>\n<li><a href=\"https:\/\/fizzyvape.eu\/de\/produkt\/fizzy-max-iii-6in1-60k-60000-puffs-wiederaufladbare-einweg-vape-erdbeere-himbeere-mango-pfirsich-heidelbeere-wassermelone-10pcs\/\">Erdbeere Himbeere &amp; Mango Pfirsich &amp; Heidelbeere Wassermelone<\/a><\/li>\n<li><a href=\"https:\/\/fizzyvape.eu\/de\/produkt\/fizzy-max-iii-6in1-60k-60000-puffs-wiederaufladbare-einweg-vape-mixed-berry-kiwi-passionsfrucht-guave-erdbeere-wassermelone-10-stueck\/\">Gemischte Beeren &amp; Kiwi Passionsfrucht Guave &amp; Erdbeere Wassermelone<\/a><\/li>\n<li><a href=\"https:\/\/fizzyvape.eu\/de\/produkt\/fizzy-max-iii-6in1-60k-60000-puffs-wiederaufladbare-einweg-vape-blaubeere-himbeere-dreifach-melone-erdbeere-eis-10pcs\/\">Heidelbeere-Himbeere &amp; Dreifach Melone &amp; Erdbeere Eis<\/a><\/li>\n<li><a href=\"https:\/\/fizzyvape.eu\/de\/produkt\/fizzy-max-iii-6in1-60k-60000-puffs-wiederaufladbare-einweg-vape-erdbeere-drachenfrucht-red-bull-himbeere-wassermelone-10-stueck\/\">Erdbeere Drachenfrucht &amp; Red Bull &amp; Himbeere Wassermelone<\/a><\/li>\n<li><a href=\"https:\/\/fizzyvape.eu\/de\/produkt\/fizzy-max-iii-6in1-60k-60000-puffs-wiederaufladbare-einweg-vape-erdbeer-kiwi-blaubeer-eis-wassermelone-eis-10-stueck\/\">Erdbeer-Kiwi &amp; Heidelbeere Eis &amp; Wassermelone Eis<\/a><\/li>\n<li><a href=\"https:\/\/fizzyvape.eu\/de\/produkt\/fizzy-max-iii-6in1-60k-60000-puffs-wiederaufladbare-einweg-vape-blueberry-ice-fizzy-cherry-raspberry-lemon-10pcs\/\">Blaubeereis &amp; Sprudelkirsche &amp; Himbeere-Zitrone<\/a><\/li>\n<li><a href=\"https:\/\/fizzyvape.eu\/de\/produkt\/fizzy-max-iii-6in1-60k-60000-puffs-wiederaufladbare-einweg-vape-wassermelone-eis-erdbeere-vanille-cola-mixed-berry-10pcs\/\">Wassermelone Eis &amp; Erdbeere Vanille Cola &amp; Gemischt<\/a><\/li>\n<li><a href=\"https:\/\/fizzyvape.eu\/de\/produkt\/fizzy-max-iii-6in1-60k-60000-puffs-wiederaufladbare-einweg-vape-erdbeere-traube-blaubeere-kokosnuss-pfirsich-zitrone-10pcs\/\">Erdbeere Weintraube &amp; Heidelbeere Kokosnuss &amp; Pfirsich Zitrone<\/a><\/li>\n<li><a href=\"https:\/\/fizzyvape.eu\/de\/produkt\/fizzy-max-iii-6in1-60k-60000-puffs-wiederaufladbare-einweg-vape-blue-razz-ice-strawberry-kiwi-sour-pineapple-orange-10pcs\/\">Blue Razz Ice &amp; Erdbeere Kiwi &amp; Saure Ananas Orange<\/a><\/li>\n<li><a href=\"https:\/\/fizzyvape.eu\/de\/produkt\/fizzy-max-iii-6in1-60k-60000-puffs-wiederaufladbare-einweg-vape-erdbeer-wassermelone-zitrone-limette-heidelbeere-kokosnuss-10pcs\/\">Erdbeer-Wassermelone &amp; Zitrone-Limette &amp; Heidelbeer-Kokosnuss<\/a><\/li>\n<\/ol>\n<h3><strong>Vaping Styles f\u00fcr Sie<\/strong><\/h3>\n<ul>\n<li><strong>Single-Flavor-Modus (MTL):<\/strong> Weiches, befriedigendes Ziehen von Mund zu Lunge, perfekt f\u00fcr das klassische Dampferlebnis<\/li>\n<li><strong>Dual-Flavor-Mix-Modus (DL):<\/strong> Erh\u00f6hte Luftzufuhr f\u00fcr fette direkte Lungenschl\u00e4ge mit reicheren Wolken und komplexen Geschmacksschichten<\/li>\n<\/ul>\n<h3><strong>Warum sollten Sie sich f\u00fcr Fizzy Max III 6in1 entscheiden?<\/strong><\/h3>\n<ul>\n<li>Nahtloser Wechsel des Geschmacks mit einer einfachen Drehung des Mundst\u00fccks<\/li>\n<li>Langlebiger Akku und E-Liquid f\u00fcr den ganzt\u00e4gigen Gebrauch<\/li>\n<li>Kompaktes, wiederaufladbares Ger\u00e4t mit sechs verschiedenen Geschmacksrichtungen<\/li>\n<li>Schneller Versand ab <strong>EU-Lager<\/strong>, keine Verz\u00f6gerungen beim Zoll<\/li>\n<\/ul>\n<h3><strong>FAQ &#8211; Fizzy Max III 6in1 60000 Puffs Einwegverdampfer<\/strong><\/h3>\n<ul>\n<li><strong>Wie viele Z\u00fcge liefert der Fizzy Max III?<\/strong><br \/>\nBis zu 60.000 Z\u00fcge, dank der gro\u00dfen E-Liquid-Kapazit\u00e4t und des leistungsstarken Akkus.<\/li>\n<li><strong>Wie wechsle ich die Geschmacksrichtung?<\/strong><br \/>\nHeben Sie das Mundst\u00fcck an und drehen Sie es, um durch alle sechs Geschmacksrichtungen zu wechseln.<\/li>\n<li><strong>Ist es wiederaufladbar?<\/strong><br \/>\nJa, es hat einen eingebauten 850mAh-Akku, der \u00fcber Type-C aufgeladen werden kann.<\/li>\n<li><strong>Welche Nikotinst\u00e4rken sind erh\u00e4ltlich?<\/strong><br \/>\n2% (20mg) und 5% (50mg) Nikotin Optionen.<\/li>\n<li><strong>Unterst\u00fctzt es MTL und DL Vaping?<\/strong><br \/>\nJa, verwenden Sie den Single-Flavor-Modus f\u00fcr MTL oder den Mixed-Flavor-Modus mit offenem Luftstrom f\u00fcr DL Vaping.<\/li>\n<\/ul>\n","protected":false},"excerpt":{"rendered":"<p><strong>Fizzy Max III 6in1 60000 Puffs Rechargeable Disposable Vape<\/strong> bietet sechs Geschmacksrichtungen in einem Ger\u00e4t mit einfacher Rotation. Angetrieben von einem wiederaufladbaren 850mAh-Akku und 60mL E-Liquid bietet er bis zu 60.000 Z\u00fcge. Erh\u00e4ltlich in den St\u00e4rken 2% und 5% Nikotin, mit einer LED-Batterieanzeige f\u00fcr mehr Komfort.  <\/p>\n","protected":false},"featured_media":32426,"comment_status":"open","ping_status":"closed","template":"","meta":{"iawp_total_views":29},"product_brand":[],"product_cat":[587],"product_tag":[609,606,607,608],"class_list":{"0":"post-33205","1":"product","2":"type-product","3":"status-publish","4":"has-post-thumbnail","6":"product_cat-max-iii-6in1-60k-60000-puffs-rechargeable-disposable-vape-de","7":"product_tag-6-geschmacksrichtungen-in-1-gerat","8":"product_tag-60000-puffs-de","9":"product_tag-einweg-vape","10":"product_tag-wiederaufladbar","12":"first","13":"outofstock","14":"sale","15":"shipping-taxable","16":"purchasable","17":"product-type-variable"},"yoast_head":"<!-- This site is optimized with the Yoast SEO Premium plugin v24.8 (Yoast SEO v24.8) - https:\/\/yoast.com\/wordpress\/plugins\/seo\/ -->\n<title>Fizzy Max III 6in1 60000 Puffs Einweg-Vape - 6 Geschmacksrichtungen in 1<\/title>\n<meta name=\"description\" content=\"Erleben Sie bis zu 60.000 Z\u00fcge mit dem Fizzy Max III 6in1 Einwegdampfer. Wiederaufladbar, 6 Geschmacksrichtungen, 850mAh-Akku und Nikotinoptionen f\u00fcr ultimatives Dampfen.\" \/>\n<meta name=\"robots\" content=\"index, follow, max-snippet:-1, max-image-preview:large, max-video-preview:-1\" \/>\n<link rel=\"canonical\" href=\"https:\/\/fizzyvape.eu\/de\/produkt\/fizzy-max-iii-6in1-60k-60000-puffs-wiederaufladbare-einweg-vape-blaubeere-himbeere-dreifach-melone-erdbeere-eis-10pcs\/\" \/>\n<meta property=\"og:locale\" content=\"de_DE\" \/>\n<meta property=\"og:type\" content=\"article\" \/>\n<meta property=\"og:title\" content=\"Fizzy Max III 6in1 60K 60000 Puffs Wiederaufladbare Einweg-Vape - Blaubeere Himbeere &amp; Dreifach Melone &amp; Erdbeere Eis - 10pcs\" \/>\n<meta property=\"og:description\" content=\"Erleben Sie bis zu 60.000 Z\u00fcge mit dem Fizzy Max III 6in1 Einwegdampfer. Wiederaufladbar, 6 Geschmacksrichtungen, 850mAh-Akku und Nikotinoptionen f\u00fcr ultimatives Dampfen.\" \/>\n<meta property=\"og:url\" content=\"https:\/\/fizzyvape.eu\/de\/produkt\/fizzy-max-iii-6in1-60k-60000-puffs-wiederaufladbare-einweg-vape-blaubeere-himbeere-dreifach-melone-erdbeere-eis-10pcs\/\" \/>\n<meta property=\"og:site_name\" content=\"fizzyvape.eu\" \/>\n<meta property=\"og:image\" content=\"https:\/\/fizzyvape.eu\/wp-content\/uploads\/2025\/06\/Fizzy-Max-60000-Puffs-03.webp\" \/>\n\t<meta property=\"og:image:width\" content=\"800\" \/>\n\t<meta property=\"og:image:height\" content=\"800\" \/>\n\t<meta property=\"og:image:type\" content=\"image\/webp\" \/>\n<meta name=\"twitter:card\" content=\"summary_large_image\" \/>\n<meta name=\"twitter:label1\" content=\"Verf\u00fcgbarkeit\" \/>\n\t<meta name=\"twitter:data1\" content=\"ausverkauft\" \/>\n<script type=\"application\/ld+json\" class=\"yoast-schema-graph\">{\"@context\":\"https:\/\/schema.org\",\"@graph\":[{\"@type\":\"WebPage\",\"@id\":\"https:\/\/fizzyvape.eu\/de\/produkt\/fizzy-max-iii-6in1-60k-60000-puffs-wiederaufladbare-einweg-vape-blaubeere-himbeere-dreifach-melone-erdbeere-eis-10pcs\/\",\"url\":\"https:\/\/fizzyvape.eu\/de\/produkt\/fizzy-max-iii-6in1-60k-60000-puffs-wiederaufladbare-einweg-vape-blaubeere-himbeere-dreifach-melone-erdbeere-eis-10pcs\/\",\"name\":\"Fizzy Max III 6in1 60000 Puffs Einweg-Vape - 6 Geschmacksrichtungen in 1\",\"isPartOf\":{\"@id\":\"https:\/\/www.fizzyvape.eu\/de\/#website\"},\"primaryImageOfPage\":{\"@id\":\"https:\/\/fizzyvape.eu\/de\/produkt\/fizzy-max-iii-6in1-60k-60000-puffs-wiederaufladbare-einweg-vape-blaubeere-himbeere-dreifach-melone-erdbeere-eis-10pcs\/#primaryimage\"},\"image\":{\"@id\":\"https:\/\/fizzyvape.eu\/de\/produkt\/fizzy-max-iii-6in1-60k-60000-puffs-wiederaufladbare-einweg-vape-blaubeere-himbeere-dreifach-melone-erdbeere-eis-10pcs\/#primaryimage\"},\"thumbnailUrl\":\"https:\/\/fizzyvape.eu\/wp-content\/uploads\/2025\/06\/Fizzy-Max-60000-Puffs-03.webp\",\"datePublished\":\"2025-06-11T02:33:42+00:00\",\"description\":\"Erleben Sie bis zu 60.000 Z\u00fcge mit dem Fizzy Max III 6in1 Einwegdampfer. Wiederaufladbar, 6 Geschmacksrichtungen, 850mAh-Akku und Nikotinoptionen f\u00fcr ultimatives Dampfen.\",\"breadcrumb\":{\"@id\":\"https:\/\/fizzyvape.eu\/de\/produkt\/fizzy-max-iii-6in1-60k-60000-puffs-wiederaufladbare-einweg-vape-blaubeere-himbeere-dreifach-melone-erdbeere-eis-10pcs\/#breadcrumb\"},\"inLanguage\":\"de\",\"potentialAction\":[{\"@type\":\"ReadAction\",\"target\":[\"https:\/\/fizzyvape.eu\/de\/produkt\/fizzy-max-iii-6in1-60k-60000-puffs-wiederaufladbare-einweg-vape-blaubeere-himbeere-dreifach-melone-erdbeere-eis-10pcs\/\"]}]},{\"@type\":\"ImageObject\",\"inLanguage\":\"de\",\"@id\":\"https:\/\/fizzyvape.eu\/de\/produkt\/fizzy-max-iii-6in1-60k-60000-puffs-wiederaufladbare-einweg-vape-blaubeere-himbeere-dreifach-melone-erdbeere-eis-10pcs\/#primaryimage\",\"url\":\"https:\/\/fizzyvape.eu\/wp-content\/uploads\/2025\/06\/Fizzy-Max-60000-Puffs-03.webp\",\"contentUrl\":\"https:\/\/fizzyvape.eu\/wp-content\/uploads\/2025\/06\/Fizzy-Max-60000-Puffs-03.webp\",\"width\":800,\"height\":800},{\"@type\":\"BreadcrumbList\",\"@id\":\"https:\/\/fizzyvape.eu\/de\/produkt\/fizzy-max-iii-6in1-60k-60000-puffs-wiederaufladbare-einweg-vape-blaubeere-himbeere-dreifach-melone-erdbeere-eis-10pcs\/#breadcrumb\",\"itemListElement\":[{\"@type\":\"ListItem\",\"position\":1,\"name\":\"Home\",\"item\":\"https:\/\/fizzyvape.eu\/de\/\"},{\"@type\":\"ListItem\",\"position\":2,\"name\":\"Shop\",\"item\":\"https:\/\/www.fizzyvape.eu\/de\/shop\/\"},{\"@type\":\"ListItem\",\"position\":3,\"name\":\"Fizzy Max III 6in1 60K 60000 Puffs Wiederaufladbare Einweg-Vape &#8211; Blaubeere Himbeere &amp; Dreifach Melone &amp; Erdbeere Eis &#8211; 10pcs\"}]},{\"@type\":\"WebSite\",\"@id\":\"https:\/\/www.fizzyvape.eu\/de\/#website\",\"url\":\"https:\/\/www.fizzyvape.eu\/de\/\",\"name\":\"fizzyvape.eu\",\"description\":\"Refreshing Vapes. Unforgettable Taste.\",\"publisher\":{\"@id\":\"https:\/\/www.fizzyvape.eu\/de\/#organization\"},\"potentialAction\":[{\"@type\":\"SearchAction\",\"target\":{\"@type\":\"EntryPoint\",\"urlTemplate\":\"https:\/\/www.fizzyvape.eu\/de\/?s={search_term_string}\"},\"query-input\":{\"@type\":\"PropertyValueSpecification\",\"valueRequired\":true,\"valueName\":\"search_term_string\"}}],\"inLanguage\":\"de\"},{\"@type\":\"Organization\",\"@id\":\"https:\/\/www.fizzyvape.eu\/de\/#organization\",\"name\":\"fizzyvape.eu\",\"url\":\"https:\/\/www.fizzyvape.eu\/de\/\",\"logo\":{\"@type\":\"ImageObject\",\"inLanguage\":\"de\",\"@id\":\"https:\/\/www.fizzyvape.eu\/de\/#\/schema\/logo\/image\/\",\"url\":\"https:\/\/fizzyvape.eu\/wp-content\/uploads\/2019\/06\/print-1.svg\",\"contentUrl\":\"https:\/\/fizzyvape.eu\/wp-content\/uploads\/2019\/06\/print-1.svg\",\"width\":124,\"height\":37,\"caption\":\"fizzyvape.eu\"},\"image\":{\"@id\":\"https:\/\/www.fizzyvape.eu\/de\/#\/schema\/logo\/image\/\"}}]}<\/script>\n<meta property=\"og:availability\" content=\"out of stock\" \/>\n<meta property=\"product:availability\" content=\"out of stock\" \/>\n<meta property=\"product:condition\" content=\"new\" \/>\n<!-- \/ Yoast SEO Premium plugin. -->","yoast_head_json":{"title":"Fizzy Max III 6in1 60000 Puffs Einweg-Vape - 6 Geschmacksrichtungen in 1","description":"Erleben Sie bis zu 60.000 Z\u00fcge mit dem Fizzy Max III 6in1 Einwegdampfer. Wiederaufladbar, 6 Geschmacksrichtungen, 850mAh-Akku und Nikotinoptionen f\u00fcr ultimatives Dampfen.","robots":{"index":"index","follow":"follow","max-snippet":"max-snippet:-1","max-image-preview":"max-image-preview:large","max-video-preview":"max-video-preview:-1"},"canonical":"https:\/\/fizzyvape.eu\/de\/produkt\/fizzy-max-iii-6in1-60k-60000-puffs-wiederaufladbare-einweg-vape-blaubeere-himbeere-dreifach-melone-erdbeere-eis-10pcs\/","og_locale":"de_DE","og_type":"article","og_title":"Fizzy Max III 6in1 60K 60000 Puffs Wiederaufladbare Einweg-Vape - Blaubeere Himbeere &amp; Dreifach Melone &amp; Erdbeere Eis - 10pcs","og_description":"Erleben Sie bis zu 60.000 Z\u00fcge mit dem Fizzy Max III 6in1 Einwegdampfer. Wiederaufladbar, 6 Geschmacksrichtungen, 850mAh-Akku und Nikotinoptionen f\u00fcr ultimatives Dampfen.","og_url":"https:\/\/fizzyvape.eu\/de\/produkt\/fizzy-max-iii-6in1-60k-60000-puffs-wiederaufladbare-einweg-vape-blaubeere-himbeere-dreifach-melone-erdbeere-eis-10pcs\/","og_site_name":"fizzyvape.eu","og_image":[{"width":800,"height":800,"url":"https:\/\/fizzyvape.eu\/wp-content\/uploads\/2025\/06\/Fizzy-Max-60000-Puffs-03.webp","type":"image\/webp"}],"twitter_card":"summary_large_image","twitter_misc":{"Verf\u00fcgbarkeit":"ausverkauft"},"schema":{"@context":"https:\/\/schema.org","@graph":[{"@type":"WebPage","@id":"https:\/\/fizzyvape.eu\/de\/produkt\/fizzy-max-iii-6in1-60k-60000-puffs-wiederaufladbare-einweg-vape-blaubeere-himbeere-dreifach-melone-erdbeere-eis-10pcs\/","url":"https:\/\/fizzyvape.eu\/de\/produkt\/fizzy-max-iii-6in1-60k-60000-puffs-wiederaufladbare-einweg-vape-blaubeere-himbeere-dreifach-melone-erdbeere-eis-10pcs\/","name":"Fizzy Max III 6in1 60000 Puffs Einweg-Vape - 6 Geschmacksrichtungen in 1","isPartOf":{"@id":"https:\/\/www.fizzyvape.eu\/de\/#website"},"primaryImageOfPage":{"@id":"https:\/\/fizzyvape.eu\/de\/produkt\/fizzy-max-iii-6in1-60k-60000-puffs-wiederaufladbare-einweg-vape-blaubeere-himbeere-dreifach-melone-erdbeere-eis-10pcs\/#primaryimage"},"image":{"@id":"https:\/\/fizzyvape.eu\/de\/produkt\/fizzy-max-iii-6in1-60k-60000-puffs-wiederaufladbare-einweg-vape-blaubeere-himbeere-dreifach-melone-erdbeere-eis-10pcs\/#primaryimage"},"thumbnailUrl":"https:\/\/fizzyvape.eu\/wp-content\/uploads\/2025\/06\/Fizzy-Max-60000-Puffs-03.webp","datePublished":"2025-06-11T02:33:42+00:00","description":"Erleben Sie bis zu 60.000 Z\u00fcge mit dem Fizzy Max III 6in1 Einwegdampfer. Wiederaufladbar, 6 Geschmacksrichtungen, 850mAh-Akku und Nikotinoptionen f\u00fcr ultimatives Dampfen.","breadcrumb":{"@id":"https:\/\/fizzyvape.eu\/de\/produkt\/fizzy-max-iii-6in1-60k-60000-puffs-wiederaufladbare-einweg-vape-blaubeere-himbeere-dreifach-melone-erdbeere-eis-10pcs\/#breadcrumb"},"inLanguage":"de","potentialAction":[{"@type":"ReadAction","target":["https:\/\/fizzyvape.eu\/de\/produkt\/fizzy-max-iii-6in1-60k-60000-puffs-wiederaufladbare-einweg-vape-blaubeere-himbeere-dreifach-melone-erdbeere-eis-10pcs\/"]}]},{"@type":"ImageObject","inLanguage":"de","@id":"https:\/\/fizzyvape.eu\/de\/produkt\/fizzy-max-iii-6in1-60k-60000-puffs-wiederaufladbare-einweg-vape-blaubeere-himbeere-dreifach-melone-erdbeere-eis-10pcs\/#primaryimage","url":"https:\/\/fizzyvape.eu\/wp-content\/uploads\/2025\/06\/Fizzy-Max-60000-Puffs-03.webp","contentUrl":"https:\/\/fizzyvape.eu\/wp-content\/uploads\/2025\/06\/Fizzy-Max-60000-Puffs-03.webp","width":800,"height":800},{"@type":"BreadcrumbList","@id":"https:\/\/fizzyvape.eu\/de\/produkt\/fizzy-max-iii-6in1-60k-60000-puffs-wiederaufladbare-einweg-vape-blaubeere-himbeere-dreifach-melone-erdbeere-eis-10pcs\/#breadcrumb","itemListElement":[{"@type":"ListItem","position":1,"name":"Home","item":"https:\/\/fizzyvape.eu\/de\/"},{"@type":"ListItem","position":2,"name":"Shop","item":"https:\/\/www.fizzyvape.eu\/de\/shop\/"},{"@type":"ListItem","position":3,"name":"Fizzy Max III 6in1 60K 60000 Puffs Wiederaufladbare Einweg-Vape &#8211; Blaubeere Himbeere &amp; Dreifach Melone &amp; Erdbeere Eis &#8211; 10pcs"}]},{"@type":"WebSite","@id":"https:\/\/www.fizzyvape.eu\/de\/#website","url":"https:\/\/www.fizzyvape.eu\/de\/","name":"fizzyvape.eu","description":"Refreshing Vapes. Unforgettable Taste.","publisher":{"@id":"https:\/\/www.fizzyvape.eu\/de\/#organization"},"potentialAction":[{"@type":"SearchAction","target":{"@type":"EntryPoint","urlTemplate":"https:\/\/www.fizzyvape.eu\/de\/?s={search_term_string}"},"query-input":{"@type":"PropertyValueSpecification","valueRequired":true,"valueName":"search_term_string"}}],"inLanguage":"de"},{"@type":"Organization","@id":"https:\/\/www.fizzyvape.eu\/de\/#organization","name":"fizzyvape.eu","url":"https:\/\/www.fizzyvape.eu\/de\/","logo":{"@type":"ImageObject","inLanguage":"de","@id":"https:\/\/www.fizzyvape.eu\/de\/#\/schema\/logo\/image\/","url":"https:\/\/fizzyvape.eu\/wp-content\/uploads\/2019\/06\/print-1.svg","contentUrl":"https:\/\/fizzyvape.eu\/wp-content\/uploads\/2019\/06\/print-1.svg","width":124,"height":37,"caption":"fizzyvape.eu"},"image":{"@id":"https:\/\/www.fizzyvape.eu\/de\/#\/schema\/logo\/image\/"}}]},"og_availability":"out of stock","product_availability":"out of stock","product_condition":"new"},"tiered_pricing_type":"fixed","tiered_pricing_fixed_rules":[],"tiered_pricing_product_settings":{"layout":"default","base_unit_name":{"singular":null,"plural":null},"default_variation":null},"tiered_pricing_minimum_quantity":null,"tiered_pricing_roles_data":[],"tiered_pricing_percentage_rules":[],"tiered_pricing_maximum_quantity":null,"tiered_pricing_quantity_step":null,"_links":{"self":[{"href":"https:\/\/fizzyvape.eu\/de\/wp-json\/wp\/v2\/product\/33205","targetHints":{"allow":["GET"]}}],"collection":[{"href":"https:\/\/fizzyvape.eu\/de\/wp-json\/wp\/v2\/product"}],"about":[{"href":"https:\/\/fizzyvape.eu\/de\/wp-json\/wp\/v2\/types\/product"}],"replies":[{"embeddable":true,"href":"https:\/\/fizzyvape.eu\/de\/wp-json\/wp\/v2\/comments?post=33205"}],"version-history":[{"count":0,"href":"https:\/\/fizzyvape.eu\/de\/wp-json\/wp\/v2\/product\/33205\/revisions"}],"wp:featuredmedia":[{"embeddable":true,"href":"https:\/\/fizzyvape.eu\/de\/wp-json\/wp\/v2\/media\/32426"}],"wp:attachment":[{"href":"https:\/\/fizzyvape.eu\/de\/wp-json\/wp\/v2\/media?parent=33205"}],"wp:term":[{"taxonomy":"product_brand","embeddable":true,"href":"https:\/\/fizzyvape.eu\/de\/wp-json\/wp\/v2\/product_brand?post=33205"},{"taxonomy":"product_cat","embeddable":true,"href":"https:\/\/fizzyvape.eu\/de\/wp-json\/wp\/v2\/product_cat?post=33205"},{"taxonomy":"product_tag","embeddable":true,"href":"https:\/\/fizzyvape.eu\/de\/wp-json\/wp\/v2\/product_tag?post=33205"}],"curies":[{"name":"wp","href":"https:\/\/api.w.org\/{rel}","templated":true}]}}