{"id":35284,"date":"2025-08-28T17:47:31","date_gmt":"2025-08-28T09:47:31","guid":{"rendered":"https:\/\/fizzyvape.eu\/product\/fizzy-twins-50000-puffs-doppelgeschmack-einweg-vape\/"},"modified":"2025-08-28T17:47:31","modified_gmt":"2025-08-28T09:47:31","slug":"fizzy-twins-50000-puffs-doppelgeschmack-einweg-vape","status":"publish","type":"product","link":"https:\/\/fizzyvape.eu\/de\/produkt\/fizzy-twins-50000-puffs-doppelgeschmack-einweg-vape\/","title":{"rendered":"Fizzy Twins 50000 Puffs Doppelgeschmack Einweg Vape"},"content":{"rendered":"<div style=\"width: 1280px;\" class=\"wp-video\"><!--[if lt IE 9]><script>document.createElement('video');<\/script><![endif]-->\n<video class=\"wp-video-shortcode\" id=\"video-35284-1\" width=\"1280\" height=\"720\" preload=\"metadata\" controls=\"controls\"><source type=\"video\/mp4\" src=\"https:\/\/fizzyvape.eu\/wp-content\/uploads\/2025\/08\/Fizzy-Twins-50000-Puffs-Disposable-Vape.mp4?_=1\" \/><a href=\"https:\/\/fizzyvape.eu\/wp-content\/uploads\/2025\/08\/Fizzy-Twins-50000-Puffs-Disposable-Vape.mp4\">https:\/\/fizzyvape.eu\/wp-content\/uploads\/2025\/08\/Fizzy-Twins-50000-Puffs-Disposable-Vape.mp4<\/a><\/video><\/div>\n<h1>Fizzy Twins 50000 Puffs &#8211; Dual Flavor &amp; Dual Mode Einweg-Vape<\/h1>\n<p>Der <strong data-start=\"190\" data-end=\"218\">Fizzy Twins 50000 Puffs<\/strong> bringt das Einwegdampfen mit seinem <strong data-start=\"270\" data-end=\"299\">einzigartigen Dual-Flavour-System<\/strong> und der <strong data-start=\"304\" data-end=\"328\">Dual-Mode-Technologie<\/strong> auf die n\u00e4chste Stufe. Mit bis zu <strong data-start=\"345\" data-end=\"361\">50.000 Z\u00fcgen<\/strong> k\u00f6nnen Sie mit diesem wiederaufladbaren Ger\u00e4t sofort zwischen zwei verschiedenen Geschmacksrichtungen wechseln oder sie f\u00fcr ein wirklich individuelles Dampferlebnis miteinander kombinieren. <\/p>\n<h2 data-start=\"526\" data-end=\"547\">Wesentliche Merkmale<\/h2>\n<ul data-start=\"548\" data-end=\"1172\">\n<li data-start=\"548\" data-end=\"633\">\n<p data-start=\"550\" data-end=\"633\"><strong data-start=\"550\" data-end=\"575\">50.000 Puffs Kapazit\u00e4t<\/strong> &#8211; Lang anhaltender Genuss ohne st\u00e4ndiges Auswechseln.<\/p>\n<\/li>\n<li data-start=\"634\" data-end=\"729\">\n<p data-start=\"636\" data-end=\"729\"><strong data-start=\"636\" data-end=\"662\">Dual Flavor Technology<\/strong> &#8211; Wechseln Sie sofort zwischen <strong data-start=\"690\" data-end=\"705\">zwei Geschmacksrichtungen<\/strong> oder mischen Sie sie zusammen.<\/p>\n<\/li>\n<li data-start=\"730\" data-end=\"862\">\n<p data-start=\"732\" data-end=\"862\"><strong data-start=\"732\" data-end=\"757\">Dual Mode Performance<\/strong> &#8211; W\u00e4hlen Sie zwischen dem <strong data-start=\"775\" data-end=\"791\">regul\u00e4ren Modus<\/strong> f\u00fcr ein sanftes Dampfen und dem <strong data-start=\"814\" data-end=\"828\">Boost-Modus<\/strong> f\u00fcr st\u00e4rkere Wolken und mehr Geschmack.<\/p>\n<\/li>\n<li data-start=\"863\" data-end=\"951\">\n<p data-start=\"865\" data-end=\"951\"><strong data-start=\"865\" data-end=\"889\">Wiederaufladbare Batterie<\/strong> &#8211; Sorgt daf\u00fcr, dass Sie die vollen 50.000 Z\u00fcge ohne Stromausfall erhalten.<\/p>\n<\/li>\n<li data-start=\"952\" data-end=\"1033\">\n<p data-start=\"954\" data-end=\"1033\"><strong data-start=\"954\" data-end=\"974\">Mesh Coil System<\/strong> &#8211; Reichhaltiger Geschmack und konsistenter Dampf von Anfang bis Ende.<\/p>\n<\/li>\n<li data-start=\"1034\" data-end=\"1103\">\n<p data-start=\"1036\" data-end=\"1103\"><strong data-start=\"1036\" data-end=\"1054\">Erstklassiges Design<\/strong> &#8211; Schlank, tragbar und f\u00fcr den t\u00e4glichen Gebrauch konzipiert.<\/p>\n<\/li>\n<li data-start=\"1104\" data-end=\"1172\">\n<p data-start=\"1106\" data-end=\"1172\"><strong data-start=\"1106\" data-end=\"1126\">Schneller EU-Versand<\/strong> &#8211; Direktversand aus europ\u00e4ischen Lagerh\u00e4usern.<\/p>\n<\/li>\n<\/ul>\n<h2 data-start=\"1286\" data-end=\"1318\">Warum Fizzy Twins w\u00e4hlen?<\/h2>\n<p data-start=\"1319\" data-end=\"1545\">\u2714 Authentisches Fizzy Vape &#8211; weltweites Vertrauen seit 2013<br data-start=\"1372\" data-end=\"1375\">\u2714 Exklusive <strong data-start=\"1387\" data-end=\"1413\">Erfahrung mit zwei Geschmacksrichtungen<\/strong> in einem Ger\u00e4t<br data-start=\"1427\" data-end=\"1430\">\u2714 Hohe Puffanzahl = besserer Wert und weniger Abfall<br data-start=\"1477\" data-end=\"1480\">\u2714 Unterst\u00fctzt durch <strong data-start=\"1492\" data-end=\"1509\">schnellen Versand<\/strong> und <strong data-start=\"1514\" data-end=\"1543\">zuverl\u00e4ssigen Kundendienst<\/strong><\/p>\n<p data-start=\"1319\" data-end=\"1545\"><img decoding=\"async\" class=\"alignnone wp-image-34860 size-full\" src=\"https:\/\/fizzyvape.eu\/wp-content\/uploads\/2025\/08\/FIZZY-Twins-50K-50000-puffs-Flavors--scaled.jpg\" alt=\"\" width=\"1354\" height=\"2560\" srcset=\"https:\/\/fizzyvape.eu\/wp-content\/uploads\/2025\/08\/FIZZY-Twins-50K-50000-puffs-Flavors--scaled.jpg 1354w, https:\/\/fizzyvape.eu\/wp-content\/uploads\/2025\/08\/FIZZY-Twins-50K-50000-puffs-Flavors--159x300.jpg 159w, https:\/\/fizzyvape.eu\/wp-content\/uploads\/2025\/08\/FIZZY-Twins-50K-50000-puffs-Flavors--423x800.jpg 423w, https:\/\/fizzyvape.eu\/wp-content\/uploads\/2025\/08\/FIZZY-Twins-50K-50000-puffs-Flavors--768x1452.jpg 768w, https:\/\/fizzyvape.eu\/wp-content\/uploads\/2025\/08\/FIZZY-Twins-50K-50000-puffs-Flavors--812x1536.jpg 812w, https:\/\/fizzyvape.eu\/wp-content\/uploads\/2025\/08\/FIZZY-Twins-50K-50000-puffs-Flavors--1083x2048.jpg 1083w, https:\/\/fizzyvape.eu\/wp-content\/uploads\/2025\/08\/FIZZY-Twins-50K-50000-puffs-Flavors--430x813.jpg 430w, https:\/\/fizzyvape.eu\/wp-content\/uploads\/2025\/08\/FIZZY-Twins-50K-50000-puffs-Flavors--700x1323.jpg 700w, https:\/\/fizzyvape.eu\/wp-content\/uploads\/2025\/08\/FIZZY-Twins-50K-50000-puffs-Flavors--150x284.jpg 150w\" sizes=\"(max-width: 1354px) 100vw, 1354px\" \/><\/p>\n<h2 data-start=\"98\" data-end=\"158\">\u2753 H\u00e4ufig gestellte Fragen &#8211; Fizzy Twins 50k Puffs<\/h2>\n<h3 data-start=\"160\" data-end=\"248\">F1: Was unterscheidet die Fizzy Twins 50.000 Puffs von anderen Einwegverdampfern?<\/h3>\n<p data-start=\"249\" data-end=\"530\"><strong data-start=\"249\" data-end=\"255\">A:<\/strong> Der Fizzy Twins ist einzigartig, weil er \u00fcber eine <strong data-start=\"302\" data-end=\"328\">Dual-Flavour-Technologie<\/strong> verf\u00fcgt. Sie k\u00f6nnen sofort zwischen zwei Geschmacksrichtungen umschalten oder sie miteinander mischen, so dass Sie mehr Abwechslung in einem Ger\u00e4t haben. Au\u00dferdem bietet er einen <strong data-start=\"453\" data-end=\"473\">dualen Modus<\/strong> (normaler und Boost-Modus) f\u00fcr eine individuell anpassbare Leistung.  <\/p>\n<hr data-start=\"532\" data-end=\"535\">\n<h3 data-start=\"537\" data-end=\"591\">F2: Wie viele Z\u00fcge liefern die Fizzy Twins?<\/h3>\n<p data-start=\"592\" data-end=\"819\"><strong data-start=\"592\" data-end=\"598\">A:<\/strong> Jedes Ger\u00e4t liefert bis zu <strong data-start=\"626\" data-end=\"642\">50.000 Z\u00fcge<\/strong>, was es zu einem der langlebigsten Einwegverdampfer auf dem Markt macht. In Kombination mit einem <strong data-start=\"725\" data-end=\"749\">wiederaufladbaren Akku<\/strong> k\u00f6nnen Sie jeden Zug genie\u00dfen, ohne sich Sorgen machen zu m\u00fcssen, dass der Strom ausgeht. <\/p>\n<hr data-start=\"821\" data-end=\"824\">\n<h3 data-start=\"826\" data-end=\"868\">F3: Ist der Fizzy Twins wiederaufladbar?<\/h3>\n<p data-start=\"869\" data-end=\"1033\"><strong data-start=\"869\" data-end=\"875\">A:<\/strong> Ja. Im Gegensatz zu herk\u00f6mmlichen Einwegprodukten ist der Fizzy Twins mit einem <strong data-start=\"939\" data-end=\"963\">wiederaufladbaren Akku<\/strong> ausgestattet, so dass Sie die 50.000 Z\u00fcge ohne Unterbrechung nutzen k\u00f6nnen. <\/p>\n<hr data-start=\"1035\" data-end=\"1038\">\n<h3 data-start=\"1040\" data-end=\"1078\">F4: Wie funktioniert der duale Modus?<\/h3>\n<p data-start=\"1079\" data-end=\"1132\"><strong data-start=\"1079\" data-end=\"1085\">A:<\/strong> Die Fizzy Twins bietet <strong data-start=\"1109\" data-end=\"1129\">zwei Verdampfungsmodi<\/strong>:<\/p>\n<ul data-start=\"1133\" data-end=\"1294\">\n<li data-start=\"1133\" data-end=\"1182\">\n<p data-start=\"1135\" data-end=\"1182\"><strong data-start=\"1135\" data-end=\"1151\">Regul\u00e4rer Modus<\/strong> f\u00fcr sanftes, allt\u00e4gliches Dampfen.<\/p>\n<\/li>\n<li data-start=\"1183\" data-end=\"1294\">\n<p data-start=\"1185\" data-end=\"1294\"><strong data-start=\"1185\" data-end=\"1199\">Boost-Modus<\/strong> f\u00fcr verbesserten Geschmack und gr\u00f6\u00dfere Wolken.<br data-start=\"1238\" data-end=\"1241\">Sie k\u00f6nnen je nach Vorliebe einfach umschalten.<\/p>\n<\/li>\n<\/ul>\n<hr data-start=\"1296\" data-end=\"1299\">\n<h3 data-start=\"1301\" data-end=\"1349\">F5: Sind die Fizzy Twins authentisch und sicher?<\/h3>\n<p data-start=\"1350\" data-end=\"1567\"><strong data-start=\"1350\" data-end=\"1356\">A:<\/strong> Auf jeden Fall. Die Fizzy Twins sind ein <strong data-start=\"1391\" data-end=\"1423\">authentisches Fizzy Vape Produkt<\/strong>, eine vertrauensw\u00fcrdige globale Marke seit 2013. Alle Ger\u00e4te werden mit Qualit\u00e4tskontrolle entwickelt, um Sicherheit, Konsistenz und erstklassigen Geschmack zu gew\u00e4hrleisten.  <\/p>\n<hr data-start=\"1569\" data-end=\"1572\">\n<h3 data-start=\"1574\" data-end=\"1621\">F6: Woher kommen die Fizzy Twins?<\/h3>\n<p data-start=\"1622\" data-end=\"1759\"><strong data-start=\"1622\" data-end=\"1628\">A:<\/strong> Alle Bestellungen werden direkt von den <strong data-start=\"1666\" data-end=\"1683\">EU-Lagern<\/strong> aus versandt, was eine <strong data-start=\"1694\" data-end=\"1711\">schnelle Lieferung<\/strong> in ganz Europa und einen zuverl\u00e4ssigen Kundensupport gew\u00e4hrleistet.<\/p>\n","protected":false},"excerpt":{"rendered":"<p data-start=\"79\" data-end=\"334\"><strong>Fizzy Twins 50000 Puffs<\/strong> ist ein hochwertiges, wiederaufladbares Einwegger\u00e4t mit einem Schalter f\u00fcr zwei Geschmacksrichtungen. Genie\u00dfen Sie zwei Geschmacksrichtungen in einem Ger\u00e4t mit starker Leistung, einem langlebigen Akku und einem sanften Geschmack &#8211; perfekt f\u00fcr Dampfer, die Abwechslung und Ausdauer suchen. <\/p>\n","protected":false},"featured_media":29289,"comment_status":"open","ping_status":"closed","template":"","meta":{"iawp_total_views":8},"product_brand":[],"product_cat":[259],"product_tag":[663],"class_list":{"0":"post-35284","1":"product","2":"type-product","3":"status-publish","4":"has-post-thumbnail","6":"product_cat-twins-de","7":"product_tag-1-stuck","9":"first","10":"outofstock","11":"sale","12":"shipping-taxable","13":"purchasable","14":"product-type-variable"},"yoast_head":"<!-- This site is optimized with the Yoast SEO Premium plugin v24.8 (Yoast SEO v24.8) - https:\/\/yoast.com\/wordpress\/plugins\/seo\/ -->\n<title>Fizzy Twins 50000 Puffs | Dual Flavor Wiederaufladbare Einwegd\u00e4mpfe - Fizzy Vape Official Store<\/title>\n<meta name=\"description\" content=\"Entdecken Sie Fizzy Twins 50000 Puffs, den wiederaufladbaren Einwegdampfer mit dualem Geschmacksschalter. Bis zu 50k Puffs, sanfter Geschmack und lang anhaltende Leistung. Kaufen Sie noch heute authentische Fizzy Vape.\" \/>\n<meta name=\"robots\" content=\"index, follow, max-snippet:-1, max-image-preview:large, max-video-preview:-1\" \/>\n<link rel=\"canonical\" href=\"https:\/\/fizzyvape.eu\/de\/produkt\/fizzy-twins-50000-puffs-doppelgeschmack-einweg-vape\/\" \/>\n<meta property=\"og:locale\" content=\"de_DE\" \/>\n<meta property=\"og:type\" content=\"article\" \/>\n<meta property=\"og:title\" content=\"Fizzy Twins 50000 Puffs Doppelgeschmack Einweg Vape\" \/>\n<meta property=\"og:description\" content=\"Entdecken Sie Fizzy Twins 50000 Puffs, den wiederaufladbaren Einwegdampfer mit dualem Geschmacksschalter. Bis zu 50k Puffs, sanfter Geschmack und lang anhaltende Leistung. Kaufen Sie noch heute authentische Fizzy Vape.\" \/>\n<meta property=\"og:url\" content=\"https:\/\/fizzyvape.eu\/de\/produkt\/fizzy-twins-50000-puffs-doppelgeschmack-einweg-vape\/\" \/>\n<meta property=\"og:site_name\" content=\"fizzyvape.eu\" \/>\n<meta property=\"og:image\" content=\"https:\/\/fizzyvape.eu\/wp-content\/uploads\/2025\/04\/Fizzy-Twins-50000Puffs-16.webp\" \/>\n\t<meta property=\"og:image:width\" content=\"800\" \/>\n\t<meta property=\"og:image:height\" content=\"800\" \/>\n\t<meta property=\"og:image:type\" content=\"image\/webp\" \/>\n<meta name=\"twitter:card\" content=\"summary_large_image\" \/>\n<meta name=\"twitter:label1\" content=\"Verf\u00fcgbarkeit\" \/>\n\t<meta name=\"twitter:data1\" content=\"ausverkauft\" \/>\n<script type=\"application\/ld+json\" class=\"yoast-schema-graph\">{\"@context\":\"https:\/\/schema.org\",\"@graph\":[{\"@type\":\"WebPage\",\"@id\":\"https:\/\/fizzyvape.eu\/de\/produkt\/fizzy-twins-50000-puffs-doppelgeschmack-einweg-vape\/\",\"url\":\"https:\/\/fizzyvape.eu\/de\/produkt\/fizzy-twins-50000-puffs-doppelgeschmack-einweg-vape\/\",\"name\":\"Fizzy Twins 50000 Puffs | Dual Flavor Wiederaufladbare Einwegd\u00e4mpfe - Fizzy Vape Official Store\",\"isPartOf\":{\"@id\":\"https:\/\/www.fizzyvape.eu\/de\/#website\"},\"primaryImageOfPage\":{\"@id\":\"https:\/\/fizzyvape.eu\/de\/produkt\/fizzy-twins-50000-puffs-doppelgeschmack-einweg-vape\/#primaryimage\"},\"image\":{\"@id\":\"https:\/\/fizzyvape.eu\/de\/produkt\/fizzy-twins-50000-puffs-doppelgeschmack-einweg-vape\/#primaryimage\"},\"thumbnailUrl\":\"https:\/\/fizzyvape.eu\/wp-content\/uploads\/2025\/04\/Fizzy-Twins-50000Puffs-16.webp\",\"datePublished\":\"2025-08-28T09:47:31+00:00\",\"description\":\"Entdecken Sie Fizzy Twins 50000 Puffs, den wiederaufladbaren Einwegdampfer mit dualem Geschmacksschalter. Bis zu 50k Puffs, sanfter Geschmack und lang anhaltende Leistung. Kaufen Sie noch heute authentische Fizzy Vape.\",\"breadcrumb\":{\"@id\":\"https:\/\/fizzyvape.eu\/de\/produkt\/fizzy-twins-50000-puffs-doppelgeschmack-einweg-vape\/#breadcrumb\"},\"inLanguage\":\"de\",\"potentialAction\":[{\"@type\":\"ReadAction\",\"target\":[\"https:\/\/fizzyvape.eu\/de\/produkt\/fizzy-twins-50000-puffs-doppelgeschmack-einweg-vape\/\"]}]},{\"@type\":\"ImageObject\",\"inLanguage\":\"de\",\"@id\":\"https:\/\/fizzyvape.eu\/de\/produkt\/fizzy-twins-50000-puffs-doppelgeschmack-einweg-vape\/#primaryimage\",\"url\":\"https:\/\/fizzyvape.eu\/wp-content\/uploads\/2025\/04\/Fizzy-Twins-50000Puffs-16.webp\",\"contentUrl\":\"https:\/\/fizzyvape.eu\/wp-content\/uploads\/2025\/04\/Fizzy-Twins-50000Puffs-16.webp\",\"width\":800,\"height\":800,\"caption\":\"Fizzy Twins 50000 Puffs Einweg-Vape\"},{\"@type\":\"BreadcrumbList\",\"@id\":\"https:\/\/fizzyvape.eu\/de\/produkt\/fizzy-twins-50000-puffs-doppelgeschmack-einweg-vape\/#breadcrumb\",\"itemListElement\":[{\"@type\":\"ListItem\",\"position\":1,\"name\":\"Home\",\"item\":\"https:\/\/fizzyvape.eu\/de\/\"},{\"@type\":\"ListItem\",\"position\":2,\"name\":\"Shop\",\"item\":\"https:\/\/www.fizzyvape.eu\/de\/shop\/\"},{\"@type\":\"ListItem\",\"position\":3,\"name\":\"Fizzy Twins 50000 Puffs Doppelgeschmack Einweg Vape\"}]},{\"@type\":\"WebSite\",\"@id\":\"https:\/\/www.fizzyvape.eu\/de\/#website\",\"url\":\"https:\/\/www.fizzyvape.eu\/de\/\",\"name\":\"fizzyvape.eu\",\"description\":\"Refreshing Vapes. Unforgettable Taste.\",\"publisher\":{\"@id\":\"https:\/\/www.fizzyvape.eu\/de\/#organization\"},\"potentialAction\":[{\"@type\":\"SearchAction\",\"target\":{\"@type\":\"EntryPoint\",\"urlTemplate\":\"https:\/\/www.fizzyvape.eu\/de\/?s={search_term_string}\"},\"query-input\":{\"@type\":\"PropertyValueSpecification\",\"valueRequired\":true,\"valueName\":\"search_term_string\"}}],\"inLanguage\":\"de\"},{\"@type\":\"Organization\",\"@id\":\"https:\/\/www.fizzyvape.eu\/de\/#organization\",\"name\":\"fizzyvape.eu\",\"url\":\"https:\/\/www.fizzyvape.eu\/de\/\",\"logo\":{\"@type\":\"ImageObject\",\"inLanguage\":\"de\",\"@id\":\"https:\/\/www.fizzyvape.eu\/de\/#\/schema\/logo\/image\/\",\"url\":\"https:\/\/fizzyvape.eu\/wp-content\/uploads\/2019\/06\/print-1.svg\",\"contentUrl\":\"https:\/\/fizzyvape.eu\/wp-content\/uploads\/2019\/06\/print-1.svg\",\"width\":124,\"height\":37,\"caption\":\"fizzyvape.eu\"},\"image\":{\"@id\":\"https:\/\/www.fizzyvape.eu\/de\/#\/schema\/logo\/image\/\"}}]}<\/script>\n<meta property=\"og:availability\" content=\"out of stock\" \/>\n<meta property=\"product:availability\" content=\"out of stock\" \/>\n<meta property=\"product:condition\" content=\"new\" \/>\n<!-- \/ Yoast SEO Premium plugin. -->","yoast_head_json":{"title":"Fizzy Twins 50000 Puffs | Dual Flavor Wiederaufladbare Einwegd\u00e4mpfe - Fizzy Vape Official Store","description":"Entdecken Sie Fizzy Twins 50000 Puffs, den wiederaufladbaren Einwegdampfer mit dualem Geschmacksschalter. Bis zu 50k Puffs, sanfter Geschmack und lang anhaltende Leistung. Kaufen Sie noch heute authentische Fizzy Vape.","robots":{"index":"index","follow":"follow","max-snippet":"max-snippet:-1","max-image-preview":"max-image-preview:large","max-video-preview":"max-video-preview:-1"},"canonical":"https:\/\/fizzyvape.eu\/de\/produkt\/fizzy-twins-50000-puffs-doppelgeschmack-einweg-vape\/","og_locale":"de_DE","og_type":"article","og_title":"Fizzy Twins 50000 Puffs Doppelgeschmack Einweg Vape","og_description":"Entdecken Sie Fizzy Twins 50000 Puffs, den wiederaufladbaren Einwegdampfer mit dualem Geschmacksschalter. Bis zu 50k Puffs, sanfter Geschmack und lang anhaltende Leistung. Kaufen Sie noch heute authentische Fizzy Vape.","og_url":"https:\/\/fizzyvape.eu\/de\/produkt\/fizzy-twins-50000-puffs-doppelgeschmack-einweg-vape\/","og_site_name":"fizzyvape.eu","og_image":[{"width":800,"height":800,"url":"https:\/\/fizzyvape.eu\/wp-content\/uploads\/2025\/04\/Fizzy-Twins-50000Puffs-16.webp","type":"image\/webp"}],"twitter_card":"summary_large_image","twitter_misc":{"Verf\u00fcgbarkeit":"ausverkauft"},"schema":{"@context":"https:\/\/schema.org","@graph":[{"@type":"WebPage","@id":"https:\/\/fizzyvape.eu\/de\/produkt\/fizzy-twins-50000-puffs-doppelgeschmack-einweg-vape\/","url":"https:\/\/fizzyvape.eu\/de\/produkt\/fizzy-twins-50000-puffs-doppelgeschmack-einweg-vape\/","name":"Fizzy Twins 50000 Puffs | Dual Flavor Wiederaufladbare Einwegd\u00e4mpfe - Fizzy Vape Official Store","isPartOf":{"@id":"https:\/\/www.fizzyvape.eu\/de\/#website"},"primaryImageOfPage":{"@id":"https:\/\/fizzyvape.eu\/de\/produkt\/fizzy-twins-50000-puffs-doppelgeschmack-einweg-vape\/#primaryimage"},"image":{"@id":"https:\/\/fizzyvape.eu\/de\/produkt\/fizzy-twins-50000-puffs-doppelgeschmack-einweg-vape\/#primaryimage"},"thumbnailUrl":"https:\/\/fizzyvape.eu\/wp-content\/uploads\/2025\/04\/Fizzy-Twins-50000Puffs-16.webp","datePublished":"2025-08-28T09:47:31+00:00","description":"Entdecken Sie Fizzy Twins 50000 Puffs, den wiederaufladbaren Einwegdampfer mit dualem Geschmacksschalter. Bis zu 50k Puffs, sanfter Geschmack und lang anhaltende Leistung. Kaufen Sie noch heute authentische Fizzy Vape.","breadcrumb":{"@id":"https:\/\/fizzyvape.eu\/de\/produkt\/fizzy-twins-50000-puffs-doppelgeschmack-einweg-vape\/#breadcrumb"},"inLanguage":"de","potentialAction":[{"@type":"ReadAction","target":["https:\/\/fizzyvape.eu\/de\/produkt\/fizzy-twins-50000-puffs-doppelgeschmack-einweg-vape\/"]}]},{"@type":"ImageObject","inLanguage":"de","@id":"https:\/\/fizzyvape.eu\/de\/produkt\/fizzy-twins-50000-puffs-doppelgeschmack-einweg-vape\/#primaryimage","url":"https:\/\/fizzyvape.eu\/wp-content\/uploads\/2025\/04\/Fizzy-Twins-50000Puffs-16.webp","contentUrl":"https:\/\/fizzyvape.eu\/wp-content\/uploads\/2025\/04\/Fizzy-Twins-50000Puffs-16.webp","width":800,"height":800,"caption":"Fizzy Twins 50000 Puffs Einweg-Vape"},{"@type":"BreadcrumbList","@id":"https:\/\/fizzyvape.eu\/de\/produkt\/fizzy-twins-50000-puffs-doppelgeschmack-einweg-vape\/#breadcrumb","itemListElement":[{"@type":"ListItem","position":1,"name":"Home","item":"https:\/\/fizzyvape.eu\/de\/"},{"@type":"ListItem","position":2,"name":"Shop","item":"https:\/\/www.fizzyvape.eu\/de\/shop\/"},{"@type":"ListItem","position":3,"name":"Fizzy Twins 50000 Puffs Doppelgeschmack Einweg Vape"}]},{"@type":"WebSite","@id":"https:\/\/www.fizzyvape.eu\/de\/#website","url":"https:\/\/www.fizzyvape.eu\/de\/","name":"fizzyvape.eu","description":"Refreshing Vapes. Unforgettable Taste.","publisher":{"@id":"https:\/\/www.fizzyvape.eu\/de\/#organization"},"potentialAction":[{"@type":"SearchAction","target":{"@type":"EntryPoint","urlTemplate":"https:\/\/www.fizzyvape.eu\/de\/?s={search_term_string}"},"query-input":{"@type":"PropertyValueSpecification","valueRequired":true,"valueName":"search_term_string"}}],"inLanguage":"de"},{"@type":"Organization","@id":"https:\/\/www.fizzyvape.eu\/de\/#organization","name":"fizzyvape.eu","url":"https:\/\/www.fizzyvape.eu\/de\/","logo":{"@type":"ImageObject","inLanguage":"de","@id":"https:\/\/www.fizzyvape.eu\/de\/#\/schema\/logo\/image\/","url":"https:\/\/fizzyvape.eu\/wp-content\/uploads\/2019\/06\/print-1.svg","contentUrl":"https:\/\/fizzyvape.eu\/wp-content\/uploads\/2019\/06\/print-1.svg","width":124,"height":37,"caption":"fizzyvape.eu"},"image":{"@id":"https:\/\/www.fizzyvape.eu\/de\/#\/schema\/logo\/image\/"}}]},"og_availability":"out of stock","product_availability":"out of stock","product_condition":"new"},"tiered_pricing_type":"fixed","tiered_pricing_fixed_rules":[],"tiered_pricing_product_settings":{"layout":"default","base_unit_name":{"singular":null,"plural":null},"default_variation":null},"tiered_pricing_minimum_quantity":null,"tiered_pricing_roles_data":[],"tiered_pricing_percentage_rules":[],"tiered_pricing_maximum_quantity":null,"tiered_pricing_quantity_step":null,"_links":{"self":[{"href":"https:\/\/fizzyvape.eu\/de\/wp-json\/wp\/v2\/product\/35284","targetHints":{"allow":["GET"]}}],"collection":[{"href":"https:\/\/fizzyvape.eu\/de\/wp-json\/wp\/v2\/product"}],"about":[{"href":"https:\/\/fizzyvape.eu\/de\/wp-json\/wp\/v2\/types\/product"}],"replies":[{"embeddable":true,"href":"https:\/\/fizzyvape.eu\/de\/wp-json\/wp\/v2\/comments?post=35284"}],"version-history":[{"count":0,"href":"https:\/\/fizzyvape.eu\/de\/wp-json\/wp\/v2\/product\/35284\/revisions"}],"wp:featuredmedia":[{"embeddable":true,"href":"https:\/\/fizzyvape.eu\/de\/wp-json\/wp\/v2\/media\/29289"}],"wp:attachment":[{"href":"https:\/\/fizzyvape.eu\/de\/wp-json\/wp\/v2\/media?parent=35284"}],"wp:term":[{"taxonomy":"product_brand","embeddable":true,"href":"https:\/\/fizzyvape.eu\/de\/wp-json\/wp\/v2\/product_brand?post=35284"},{"taxonomy":"product_cat","embeddable":true,"href":"https:\/\/fizzyvape.eu\/de\/wp-json\/wp\/v2\/product_cat?post=35284"},{"taxonomy":"product_tag","embeddable":true,"href":"https:\/\/fizzyvape.eu\/de\/wp-json\/wp\/v2\/product_tag?post=35284"}],"curies":[{"name":"wp","href":"https:\/\/api.w.org\/{rel}","templated":true}]}}