{"id":36762,"date":"2025-11-24T15:50:11","date_gmt":"2025-11-24T07:50:11","guid":{"rendered":"https:\/\/fizzyvape.eu\/product\/fizzy-twins-50000-windbeutel-dual-flavor\/"},"modified":"2025-12-04T15:35:49","modified_gmt":"2025-12-04T07:35:49","slug":"fizzy-twins-50000-windbeutel-dual-flavor","status":"publish","type":"product","link":"https:\/\/fizzyvape.eu\/de\/produkt\/fizzy-twins-50000-windbeutel-dual-flavor\/","title":{"rendered":"Fizzy Twins 50000 Windbeutel Dual Flavor"},"content":{"rendered":"<div style=\"width: 1280px;\" class=\"wp-video\"><!--[if lt IE 9]><script>document.createElement('video');<\/script><![endif]-->\n<video class=\"wp-video-shortcode\" id=\"video-36762-1\" width=\"1280\" height=\"720\" preload=\"metadata\" controls=\"controls\"><source type=\"video\/mp4\" src=\"https:\/\/fizzyvape.eu\/wp-content\/uploads\/2025\/08\/Fizzy-Twins-50000-Puffs-Disposable-Vape.mp4?_=1\" \/><a href=\"https:\/\/fizzyvape.eu\/wp-content\/uploads\/2025\/08\/Fizzy-Twins-50000-Puffs-Disposable-Vape.mp4\">https:\/\/fizzyvape.eu\/wp-content\/uploads\/2025\/08\/Fizzy-Twins-50000-Puffs-Disposable-Vape.mp4<\/a><\/video><\/div>\n<h1>Fizzy Twins 50000 Puffs &#8211; Zwei Geschmacksrichtungen Wiederaufladbare Einwegd\u00e4mpfe<\/h1>\n<p>Der <strong>Fizzy Twins 50000 Puffs<\/strong> (auch bekannt als <strong>Fizzy Twins 50K<\/strong>) bietet ein bahnbrechendes Erlebnis mit seiner <strong>Dual-Flavor-Switch-Technologie<\/strong>, mit der Sie zwei verschiedene Geschmacksrichtungen in einem einzigen Ger\u00e4t genie\u00dfen k\u00f6nnen. Wenn Sie die Geschmacksvielfalt lieben, ohne mehrere Einwegprodukte mit sich zu f\u00fchren, ist dies die perfekte Wahl.<\/p>\n<p>Der Fizzy Twins wurde f\u00fcr Dampfer entwickelt, die Wert auf lang anhaltende Leistung legen. Er bietet <strong>bis zu 50.000 Z\u00fcge<\/strong>, einen <strong>Typ-C-Akku<\/strong> und eine <strong>fortschrittliche Mesh-Coil-Heizung<\/strong> f\u00fcr sanften Dampf, reichhaltigen Geschmack und starke Wolkenbildung. Es ist ein zuverl\u00e4ssiges Ger\u00e4t mit hoher Kapazit\u00e4t, das sowohl f\u00fcr Geschmacksliebhaber als auch f\u00fcr starke Nutzer entwickelt wurde.<\/p>\n<h3>Hauptmerkmale<\/h3>\n<p>\ud83d\udd39 <strong>Dual Flavor Switch System<\/strong><\/p>\n<p>Wechseln Sie mit einem einfachen Schalter zwischen zwei Premium-Geschmacksrichtungen.<br \/>\nZwei Geschmacksrichtungen. Ein Ger\u00e4t. Null Aufwand.<\/p>\n<p>\ud83d\udd39 <strong>Bis zu 50.000 Z\u00fcge<\/strong><\/p>\n<p>Entwickelt f\u00fcr Ausdauer und Langzeitnutzung.<br \/>\nPerfekt f\u00fcr Nutzer, die ein Ger\u00e4t brauchen, das wochenlang h\u00e4lt.<\/p>\n<p>\ud83d\udd39 <strong>Typ-C Wiederaufladbar<\/strong><\/p>\n<p>Umweltfreundlich und kosteneffizient.<br \/>\nLaden Sie schnell und genie\u00dfen Sie eine gleichbleibende Leistung.<\/p>\n<p>\ud83d\udd39 <strong>Hochwertige Mesh-Spulen-Technologie<\/strong><\/p>\n<p>Liefert reichhaltigen Geschmack, weichen Dampf und dichte Wolken.<br \/>\nJeder Zug ist sauber, fett und befriedigend.<\/p>\n<p>\ud83d\udd39 <strong>100% authentisch Fizzy Vape<\/strong><\/p>\n<p>Alle Produkte sind Originale und werden aus unserem Lager in China verschickt, um eine schnelle Lieferung und beste Qualit\u00e4t zu gew\u00e4hrleisten.<\/p>\n<h3>F\u00fcr wen ist es?<\/h3>\n<ul>\n<li>Vaper, die mehrere Geschmacksrichtungen w\u00fcnschen, ohne mehrere Ger\u00e4te mit sich f\u00fchren zu m\u00fcssen<\/li>\n<li>Diejenigen, die <strong>eine extrem hohe Puffkapazit\u00e4t<\/strong> f\u00fcr den Langzeitgebrauch ben\u00f6tigen<\/li>\n<li>Jeder, der nach einem unkomplizierten, wiederaufladbaren Einweg-Vape sucht<\/li>\n<\/ul>\n<p><img decoding=\"async\" class=\"alignnone wp-image-36215 size-full\" src=\"https:\/\/fizzyvape.eu\/wp-content\/uploads\/2025\/08\/Fizzy-Twins-50000-Puffs-Disposable-Vape-Flavors.jpg\" alt=\"Fizzy Twins 50000 Puffs Einweg-Vape-Aromen\" width=\"1920\" height=\"1920\" srcset=\"https:\/\/fizzyvape.eu\/wp-content\/uploads\/2025\/08\/Fizzy-Twins-50000-Puffs-Disposable-Vape-Flavors.jpg 1920w, https:\/\/fizzyvape.eu\/wp-content\/uploads\/2025\/08\/Fizzy-Twins-50000-Puffs-Disposable-Vape-Flavors-300x300.jpg 300w, https:\/\/fizzyvape.eu\/wp-content\/uploads\/2025\/08\/Fizzy-Twins-50000-Puffs-Disposable-Vape-Flavors-800x800.jpg 800w, https:\/\/fizzyvape.eu\/wp-content\/uploads\/2025\/08\/Fizzy-Twins-50000-Puffs-Disposable-Vape-Flavors-150x150.jpg 150w, https:\/\/fizzyvape.eu\/wp-content\/uploads\/2025\/08\/Fizzy-Twins-50000-Puffs-Disposable-Vape-Flavors-768x768.jpg 768w, https:\/\/fizzyvape.eu\/wp-content\/uploads\/2025\/08\/Fizzy-Twins-50000-Puffs-Disposable-Vape-Flavors-1536x1536.jpg 1536w, https:\/\/fizzyvape.eu\/wp-content\/uploads\/2025\/08\/Fizzy-Twins-50000-Puffs-Disposable-Vape-Flavors-430x430.jpg 430w, https:\/\/fizzyvape.eu\/wp-content\/uploads\/2025\/08\/Fizzy-Twins-50000-Puffs-Disposable-Vape-Flavors-700x700.jpg 700w\" sizes=\"(max-width: 1920px) 100vw, 1920px\" \/><\/p>\n<h3><strong>Fizzy Twins <\/strong>50000 Puffs Geschmacksrichtungen Liste:<\/h3>\n<ol>\n<li><a href=\"https:\/\/fizzyvape.eu\/de\/produkt\/fizzy-twins-wassermelone-eis-erdbeere-kiwi-50000-puffs-10-stueck\/\">Wassermelone Eis &amp; Erdbeere Kiwi<\/a><\/li>\n<li><a href=\"https:\/\/fizzyvape.eu\/de\/produkt\/fizzy-twins-erdbeer-kiwi-granatapfel-red-bull-50000-puffs-10-stk\/\">Erdbeer-Kiwi-Granatapfel &amp; Red Bull<\/a><\/li>\n<li><a href=\"https:\/\/fizzyvape.eu\/de\/produkt\/fizzy-twins-blaubeer-kokosnuss-traubeneis-50000-puffs-10-stueck\/\">Blaubeer-Kokosnuss &amp; Trauben-Eis<\/a><\/li>\n<li><a href=\"https:\/\/fizzyvape.eu\/de\/produkt\/fizzy-twins-blue-razz-lemonade-triple-melon-50000-puffs-10-stueck\/\">Blue Razz Limonade &amp; Dreifach Melone<\/a><\/li>\n<li><a href=\"https:\/\/fizzyvape.eu\/de\/produkt\/fizzy-twins-erdbeer-wassermelone-heidelbeere-eis-50000-puffs-10-stueck\/\">Erdbeer-Wassermelone &amp; Heidelbeer-Eis<\/a><\/li>\n<li><a href=\"https:\/\/fizzyvape.eu\/de\/produkt\/fizzy-twins-pfirsich-mango-wassermelone-erdbeere-banane-50000-puffs-10-stueck\/\">Pfirsich Mango Wassermelone &amp; Erdbeere Banane<\/a><\/li>\n<li><a href=\"https:\/\/fizzyvape.eu\/de\/produkt\/fizzy-twins-himbeere-wassermelone-kiwi-passionsfrucht-guave-50000-puffs-10st\/\">Himbeere Wassermelone &amp; Kiwi Passionsfrucht Guave<\/a><\/li>\n<li><a href=\"https:\/\/fizzyvape.eu\/de\/produkt\/fizzy-twins-ananas-pfirsich-passionsfrucht-heidelbeere-himbeere-50000-puffs-10-stueck\/\">Ananas Pfirsich Passionsfrucht &amp; Heidelbeere Himbeere<\/a><\/li>\n<li><a href=\"https:\/\/fizzyvape.eu\/de\/produkt\/fizzy-twins-wassermelone-eis-zitrone-limette-50000-puffs-10-stueck\/\">Wassermeloneneis &amp; Zitrone-Limette<\/a><\/li>\n<li><a href=\"https:\/\/fizzyvape.eu\/de\/produkt\/fizzy-twins-gemischte-beeren-pfirsich-eis-50000-puffs-10stueck\/\">Gemischte Beeren &amp; Pfirsich Eis<\/a><\/li>\n<li><a href=\"https:\/\/fizzyvape.eu\/de\/produkt\/fizzy-twins-strawberry-ice-fizzy-cherry-50000-puffs-10-stueck\/\">Erdbeer-Eis &amp; Sprudel-Kirsche<\/a><\/li>\n<li><a href=\"https:\/\/fizzyvape.eu\/de\/produkt\/fizzy-twins-himbeer-limonade-erdbeere-eis-50000-puffs-10-stueck\/\">Himbeer-Limonade &amp; Erdbeereis<\/a><\/li>\n<li>Sprudel Cola &amp; Wassermelone Eis<\/li>\n<li>Liebe 66 &amp; Erdbeer-Himbeer-Bonbon<\/li>\n<li>Red Bull Erdbeere &amp; Wassermelone Kaugummi<\/li>\n<\/ol>\n<h2>\ud83d\udca1 <strong>Warum Fizzy Twins 50000 Puffs w\u00e4hlen?<\/strong><\/h2>\n<ul>\n<li>Zwei verschiedene Geschmacksrichtungen in einem Ger\u00e4t<\/li>\n<li>Extrem hohe Puffkapazit\u00e4t<\/li>\n<li>Wiederaufladbar und langlebig<\/li>\n<li>Schneller EU-Versand &amp; 100% echt<\/li>\n<li>Perfekte Balance aus Geschmacksvielfalt und Komfort<\/li>\n<\/ul>\n<p>Ob Sie ein Geschmacksentdecker oder ein t\u00e4glicher Vaper sind, dieses Ger\u00e4t bietet einen unschlagbaren Wert.<\/p>\n<h2>\ud83d\ude4b\u200d\u2642\ufe0f <strong>FAQ<\/strong><\/h2>\n<p><strong>F: Wie lange sind die Fizzy Twins 50000 Puffs haltbar?<\/strong><br \/>\nA: Bis zu 50.000 Z\u00fcge, die in der Regel mehrere Wochen halten, je nach Gebrauch.<\/p>\n<p><strong>F: Ist es wiederaufladbar?<\/strong><br \/>\nA: Ja, es verf\u00fcgt \u00fcber einen Typ-C-Ladeanschluss f\u00fcr eine l\u00e4ngere Lebensdauer.<\/p>\n<p><strong>F: Ist sie authentisch?<\/strong><br \/>\nA: Auf jeden Fall. Alle Fizzy Vape Produkte, die wir verkaufen, sind 100% echt und werden aus unserem Lager in China verschickt.<\/p>\n<p>&nbsp;<\/p>\n","protected":false},"excerpt":{"rendered":"[html_block id=\"37680\"]\n","protected":false},"featured_media":29442,"comment_status":"open","ping_status":"closed","template":"","meta":{"iawp_total_views":8},"product_brand":[],"product_cat":[848,956],"product_tag":[],"class_list":{"0":"post-36762","1":"product","2":"type-product","3":"status-publish","4":"has-post-thumbnail","6":"product_cat-china-lagerhaus","7":"product_cat-hot-selling-vape-de","9":"first","10":"outofstock","11":"shipping-taxable","12":"purchasable","13":"product-type-variable"},"yoast_head":"<!-- This site is optimized with the Yoast SEO Premium plugin v24.8 (Yoast SEO v27.4) - https:\/\/yoast.com\/product\/yoast-seo-premium-wordpress\/ -->\n<title>Fizzy Twins 50000 Puffs - Wiederaufladbare Verdampfer mit zwei Geschmacksrichtungen<\/title>\n<meta name=\"description\" content=\"Entdecken Sie den Fizzy Twins 50000 Puffs Einwegdampfer mit zwei Geschmacksrichtungen. 2 Geschmacksrichtungen in 1, 50K Puffs, Mesh-Spule, wiederaufladbar Typ-C, 100% authentisch.\" \/>\n<meta name=\"robots\" content=\"index, follow, max-snippet:-1, max-image-preview:large, max-video-preview:-1\" \/>\n<link rel=\"canonical\" href=\"https:\/\/fizzyvape.eu\/de\/produkt\/fizzy-twins-50000-windbeutel-dual-flavor\/\" \/>\n<meta property=\"og:locale\" content=\"de_DE\" \/>\n<meta property=\"og:type\" content=\"article\" \/>\n<meta property=\"og:title\" content=\"Fizzy Twins 50000 Windbeutel Dual Flavor\" \/>\n<meta property=\"og:description\" content=\"Entdecken Sie den Fizzy Twins 50000 Puffs Einwegdampfer mit zwei Geschmacksrichtungen. 2 Geschmacksrichtungen in 1, 50K Puffs, Mesh-Spule, wiederaufladbar Typ-C, 100% authentisch.\" \/>\n<meta property=\"og:url\" content=\"https:\/\/fizzyvape.eu\/de\/produkt\/fizzy-twins-50000-windbeutel-dual-flavor\/\" \/>\n<meta property=\"og:site_name\" content=\"fizzyvape.eu\" \/>\n<meta property=\"article:modified_time\" content=\"2025-12-04T07:35:49+00:00\" \/>\n<meta property=\"og:image\" content=\"https:\/\/fizzyvape.eu\/wp-content\/uploads\/2025\/04\/Fizzy-Twins-50000Puffs-34.webp\" \/>\n\t<meta property=\"og:image:width\" content=\"800\" \/>\n\t<meta property=\"og:image:height\" content=\"800\" \/>\n\t<meta property=\"og:image:type\" content=\"image\/webp\" \/>\n<meta name=\"twitter:card\" content=\"summary_large_image\" \/>\n<meta name=\"twitter:label1\" content=\"Verf\u00fcgbarkeit\" \/>\n\t<meta name=\"twitter:data1\" content=\"ausverkauft\" \/>\n<script type=\"application\/ld+json\" class=\"yoast-schema-graph\">{\"@context\":\"https:\\\/\\\/schema.org\",\"@graph\":[{\"@type\":\"WebPage\",\"@id\":\"https:\\\/\\\/fizzyvape.eu\\\/de\\\/produkt\\\/fizzy-twins-50000-windbeutel-dual-flavor\\\/\",\"url\":\"https:\\\/\\\/fizzyvape.eu\\\/de\\\/produkt\\\/fizzy-twins-50000-windbeutel-dual-flavor\\\/\",\"name\":\"Fizzy Twins 50000 Puffs - Wiederaufladbare Verdampfer mit zwei Geschmacksrichtungen\",\"isPartOf\":{\"@id\":\"https:\\\/\\\/www.fizzyvape.eu\\\/de\\\/#website\"},\"primaryImageOfPage\":{\"@id\":\"https:\\\/\\\/fizzyvape.eu\\\/de\\\/produkt\\\/fizzy-twins-50000-windbeutel-dual-flavor\\\/#primaryimage\"},\"image\":{\"@id\":\"https:\\\/\\\/fizzyvape.eu\\\/de\\\/produkt\\\/fizzy-twins-50000-windbeutel-dual-flavor\\\/#primaryimage\"},\"thumbnailUrl\":\"https:\\\/\\\/fizzyvape.eu\\\/wp-content\\\/uploads\\\/2025\\\/04\\\/Fizzy-Twins-50000Puffs-34.webp\",\"datePublished\":\"2025-11-24T07:50:11+00:00\",\"dateModified\":\"2025-12-04T07:35:49+00:00\",\"description\":\"Entdecken Sie den Fizzy Twins 50000 Puffs Einwegdampfer mit zwei Geschmacksrichtungen. 2 Geschmacksrichtungen in 1, 50K Puffs, Mesh-Spule, wiederaufladbar Typ-C, 100% authentisch.\",\"breadcrumb\":{\"@id\":\"https:\\\/\\\/fizzyvape.eu\\\/de\\\/produkt\\\/fizzy-twins-50000-windbeutel-dual-flavor\\\/#breadcrumb\"},\"inLanguage\":\"de\",\"potentialAction\":[{\"@type\":\"ReadAction\",\"target\":[\"https:\\\/\\\/fizzyvape.eu\\\/de\\\/produkt\\\/fizzy-twins-50000-windbeutel-dual-flavor\\\/\"]}]},{\"@type\":\"ImageObject\",\"inLanguage\":\"de\",\"@id\":\"https:\\\/\\\/fizzyvape.eu\\\/de\\\/produkt\\\/fizzy-twins-50000-windbeutel-dual-flavor\\\/#primaryimage\",\"url\":\"https:\\\/\\\/fizzyvape.eu\\\/wp-content\\\/uploads\\\/2025\\\/04\\\/Fizzy-Twins-50000Puffs-34.webp\",\"contentUrl\":\"https:\\\/\\\/fizzyvape.eu\\\/wp-content\\\/uploads\\\/2025\\\/04\\\/Fizzy-Twins-50000Puffs-34.webp\",\"width\":800,\"height\":800,\"caption\":\"Fizzy Twins 50000 Puffs Einweg-Vape\"},{\"@type\":\"BreadcrumbList\",\"@id\":\"https:\\\/\\\/fizzyvape.eu\\\/de\\\/produkt\\\/fizzy-twins-50000-windbeutel-dual-flavor\\\/#breadcrumb\",\"itemListElement\":[{\"@type\":\"ListItem\",\"position\":1,\"name\":\"Home\",\"item\":\"https:\\\/\\\/fizzyvape.eu\\\/de\\\/\"},{\"@type\":\"ListItem\",\"position\":2,\"name\":\"Shop\",\"item\":\"https:\\\/\\\/www.fizzyvape.eu\\\/de\\\/shop\\\/\"},{\"@type\":\"ListItem\",\"position\":3,\"name\":\"Fizzy Twins 50000 Windbeutel Dual Flavor\"}]},{\"@type\":\"WebSite\",\"@id\":\"https:\\\/\\\/www.fizzyvape.eu\\\/de\\\/#website\",\"url\":\"https:\\\/\\\/www.fizzyvape.eu\\\/de\\\/\",\"name\":\"fizzyvape.eu\",\"description\":\"Refreshing Vapes. Unforgettable Taste.\",\"publisher\":{\"@id\":\"https:\\\/\\\/www.fizzyvape.eu\\\/de\\\/#organization\"},\"potentialAction\":[{\"@type\":\"SearchAction\",\"target\":{\"@type\":\"EntryPoint\",\"urlTemplate\":\"https:\\\/\\\/www.fizzyvape.eu\\\/de\\\/?s={search_term_string}\"},\"query-input\":{\"@type\":\"PropertyValueSpecification\",\"valueRequired\":true,\"valueName\":\"search_term_string\"}}],\"inLanguage\":\"de\"},{\"@type\":\"Organization\",\"@id\":\"https:\\\/\\\/www.fizzyvape.eu\\\/de\\\/#organization\",\"name\":\"fizzyvape.eu\",\"url\":\"https:\\\/\\\/www.fizzyvape.eu\\\/de\\\/\",\"logo\":{\"@type\":\"ImageObject\",\"inLanguage\":\"de\",\"@id\":\"https:\\\/\\\/www.fizzyvape.eu\\\/de\\\/#\\\/schema\\\/logo\\\/image\\\/\",\"url\":\"https:\\\/\\\/fizzyvape.eu\\\/wp-content\\\/uploads\\\/2019\\\/06\\\/print-1.svg\",\"contentUrl\":\"https:\\\/\\\/fizzyvape.eu\\\/wp-content\\\/uploads\\\/2019\\\/06\\\/print-1.svg\",\"width\":124,\"height\":37,\"caption\":\"fizzyvape.eu\"},\"image\":{\"@id\":\"https:\\\/\\\/www.fizzyvape.eu\\\/de\\\/#\\\/schema\\\/logo\\\/image\\\/\"}}]}<\/script>\n<meta property=\"og:availability\" content=\"out of stock\" \/>\n<meta property=\"product:availability\" content=\"out of stock\" \/>\n<meta property=\"product:condition\" content=\"new\" \/>\n<!-- \/ Yoast SEO Premium plugin. -->","yoast_head_json":{"title":"Fizzy Twins 50000 Puffs - Wiederaufladbare Verdampfer mit zwei Geschmacksrichtungen","description":"Entdecken Sie den Fizzy Twins 50000 Puffs Einwegdampfer mit zwei Geschmacksrichtungen. 2 Geschmacksrichtungen in 1, 50K Puffs, Mesh-Spule, wiederaufladbar Typ-C, 100% authentisch.","robots":{"index":"index","follow":"follow","max-snippet":"max-snippet:-1","max-image-preview":"max-image-preview:large","max-video-preview":"max-video-preview:-1"},"canonical":"https:\/\/fizzyvape.eu\/de\/produkt\/fizzy-twins-50000-windbeutel-dual-flavor\/","og_locale":"de_DE","og_type":"article","og_title":"Fizzy Twins 50000 Windbeutel Dual Flavor","og_description":"Entdecken Sie den Fizzy Twins 50000 Puffs Einwegdampfer mit zwei Geschmacksrichtungen. 2 Geschmacksrichtungen in 1, 50K Puffs, Mesh-Spule, wiederaufladbar Typ-C, 100% authentisch.","og_url":"https:\/\/fizzyvape.eu\/de\/produkt\/fizzy-twins-50000-windbeutel-dual-flavor\/","og_site_name":"fizzyvape.eu","article_modified_time":"2025-12-04T07:35:49+00:00","og_image":[{"width":800,"height":800,"url":"https:\/\/fizzyvape.eu\/wp-content\/uploads\/2025\/04\/Fizzy-Twins-50000Puffs-34.webp","type":"image\/webp"}],"twitter_card":"summary_large_image","twitter_misc":{"Verf\u00fcgbarkeit":"ausverkauft"},"schema":{"@context":"https:\/\/schema.org","@graph":[{"@type":"WebPage","@id":"https:\/\/fizzyvape.eu\/de\/produkt\/fizzy-twins-50000-windbeutel-dual-flavor\/","url":"https:\/\/fizzyvape.eu\/de\/produkt\/fizzy-twins-50000-windbeutel-dual-flavor\/","name":"Fizzy Twins 50000 Puffs - Wiederaufladbare Verdampfer mit zwei Geschmacksrichtungen","isPartOf":{"@id":"https:\/\/www.fizzyvape.eu\/de\/#website"},"primaryImageOfPage":{"@id":"https:\/\/fizzyvape.eu\/de\/produkt\/fizzy-twins-50000-windbeutel-dual-flavor\/#primaryimage"},"image":{"@id":"https:\/\/fizzyvape.eu\/de\/produkt\/fizzy-twins-50000-windbeutel-dual-flavor\/#primaryimage"},"thumbnailUrl":"https:\/\/fizzyvape.eu\/wp-content\/uploads\/2025\/04\/Fizzy-Twins-50000Puffs-34.webp","datePublished":"2025-11-24T07:50:11+00:00","dateModified":"2025-12-04T07:35:49+00:00","description":"Entdecken Sie den Fizzy Twins 50000 Puffs Einwegdampfer mit zwei Geschmacksrichtungen. 2 Geschmacksrichtungen in 1, 50K Puffs, Mesh-Spule, wiederaufladbar Typ-C, 100% authentisch.","breadcrumb":{"@id":"https:\/\/fizzyvape.eu\/de\/produkt\/fizzy-twins-50000-windbeutel-dual-flavor\/#breadcrumb"},"inLanguage":"de","potentialAction":[{"@type":"ReadAction","target":["https:\/\/fizzyvape.eu\/de\/produkt\/fizzy-twins-50000-windbeutel-dual-flavor\/"]}]},{"@type":"ImageObject","inLanguage":"de","@id":"https:\/\/fizzyvape.eu\/de\/produkt\/fizzy-twins-50000-windbeutel-dual-flavor\/#primaryimage","url":"https:\/\/fizzyvape.eu\/wp-content\/uploads\/2025\/04\/Fizzy-Twins-50000Puffs-34.webp","contentUrl":"https:\/\/fizzyvape.eu\/wp-content\/uploads\/2025\/04\/Fizzy-Twins-50000Puffs-34.webp","width":800,"height":800,"caption":"Fizzy Twins 50000 Puffs Einweg-Vape"},{"@type":"BreadcrumbList","@id":"https:\/\/fizzyvape.eu\/de\/produkt\/fizzy-twins-50000-windbeutel-dual-flavor\/#breadcrumb","itemListElement":[{"@type":"ListItem","position":1,"name":"Home","item":"https:\/\/fizzyvape.eu\/de\/"},{"@type":"ListItem","position":2,"name":"Shop","item":"https:\/\/www.fizzyvape.eu\/de\/shop\/"},{"@type":"ListItem","position":3,"name":"Fizzy Twins 50000 Windbeutel Dual Flavor"}]},{"@type":"WebSite","@id":"https:\/\/www.fizzyvape.eu\/de\/#website","url":"https:\/\/www.fizzyvape.eu\/de\/","name":"fizzyvape.eu","description":"Refreshing Vapes. Unforgettable Taste.","publisher":{"@id":"https:\/\/www.fizzyvape.eu\/de\/#organization"},"potentialAction":[{"@type":"SearchAction","target":{"@type":"EntryPoint","urlTemplate":"https:\/\/www.fizzyvape.eu\/de\/?s={search_term_string}"},"query-input":{"@type":"PropertyValueSpecification","valueRequired":true,"valueName":"search_term_string"}}],"inLanguage":"de"},{"@type":"Organization","@id":"https:\/\/www.fizzyvape.eu\/de\/#organization","name":"fizzyvape.eu","url":"https:\/\/www.fizzyvape.eu\/de\/","logo":{"@type":"ImageObject","inLanguage":"de","@id":"https:\/\/www.fizzyvape.eu\/de\/#\/schema\/logo\/image\/","url":"https:\/\/fizzyvape.eu\/wp-content\/uploads\/2019\/06\/print-1.svg","contentUrl":"https:\/\/fizzyvape.eu\/wp-content\/uploads\/2019\/06\/print-1.svg","width":124,"height":37,"caption":"fizzyvape.eu"},"image":{"@id":"https:\/\/www.fizzyvape.eu\/de\/#\/schema\/logo\/image\/"}}]},"og_availability":"out of stock","product_availability":"out of stock","product_condition":"new"},"tiered_pricing_type":"fixed","tiered_pricing_fixed_rules":[],"tiered_pricing_product_settings":{"layout":"default","base_unit_name":{"singular":null,"plural":null},"default_variation":null},"tiered_pricing_minimum_quantity":null,"tiered_pricing_roles_data":[],"tiered_pricing_percentage_rules":[],"tiered_pricing_maximum_quantity":null,"tiered_pricing_quantity_step":null,"_links":{"self":[{"href":"https:\/\/fizzyvape.eu\/de\/wp-json\/wp\/v2\/product\/36762","targetHints":{"allow":["GET"]}}],"collection":[{"href":"https:\/\/fizzyvape.eu\/de\/wp-json\/wp\/v2\/product"}],"about":[{"href":"https:\/\/fizzyvape.eu\/de\/wp-json\/wp\/v2\/types\/product"}],"replies":[{"embeddable":true,"href":"https:\/\/fizzyvape.eu\/de\/wp-json\/wp\/v2\/comments?post=36762"}],"version-history":[{"count":2,"href":"https:\/\/fizzyvape.eu\/de\/wp-json\/wp\/v2\/product\/36762\/revisions"}],"predecessor-version":[{"id":37745,"href":"https:\/\/fizzyvape.eu\/de\/wp-json\/wp\/v2\/product\/36762\/revisions\/37745"}],"wp:featuredmedia":[{"embeddable":true,"href":"https:\/\/fizzyvape.eu\/de\/wp-json\/wp\/v2\/media\/29442"}],"wp:attachment":[{"href":"https:\/\/fizzyvape.eu\/de\/wp-json\/wp\/v2\/media?parent=36762"}],"wp:term":[{"taxonomy":"product_brand","embeddable":true,"href":"https:\/\/fizzyvape.eu\/de\/wp-json\/wp\/v2\/product_brand?post=36762"},{"taxonomy":"product_cat","embeddable":true,"href":"https:\/\/fizzyvape.eu\/de\/wp-json\/wp\/v2\/product_cat?post=36762"},{"taxonomy":"product_tag","embeddable":true,"href":"https:\/\/fizzyvape.eu\/de\/wp-json\/wp\/v2\/product_tag?post=36762"}],"curies":[{"name":"wp","href":"https:\/\/api.w.org\/{rel}","templated":true}]}}