{"id":38994,"date":"2026-01-19T17:52:51","date_gmt":"2026-01-19T09:52:51","guid":{"rendered":"https:\/\/fizzyvape.eu\/product\/150k-puffs-red-bull-erdbeere-kiwi-granatapfel-heidelbeere-eis-ananas-kokosnuss\/"},"modified":"2026-01-19T17:52:51","modified_gmt":"2026-01-19T09:52:51","slug":"150k-puffs-red-bull-erdbeere-kiwi-granatapfel-heidelbeere-eis-ananas-kokosnuss","status":"publish","type":"product","link":"https:\/\/fizzyvape.eu\/de\/produkt\/150k-puffs-red-bull-erdbeere-kiwi-granatapfel-heidelbeere-eis-ananas-kokosnuss\/","title":{"rendered":"150K Puffs &#8211; Red Bull &amp; Erdbeere Kiwi Granatapfel &amp; Heidelbeere Eis &amp; Ananas Kokosnuss"},"content":{"rendered":"<p><img decoding=\"async\" class=\"wp-image-38824 size-large\" src=\"https:\/\/fizzyvape.eu\/wp-content\/uploads\/2026\/01\/Fizzy-15-in-1-150K-Puffs-Rechargeable-Disposable-Vape-Flavors-3-1-800x800.jpg\" alt=\"Fizzy 15-in-1 150K Puffs Wiederaufladbare Einweg-Vape-Aromen 3\" width=\"800\" height=\"800\" srcset=\"https:\/\/fizzyvape.eu\/wp-content\/uploads\/2026\/01\/Fizzy-15-in-1-150K-Puffs-Rechargeable-Disposable-Vape-Flavors-3-1-800x800.jpg 800w, https:\/\/fizzyvape.eu\/wp-content\/uploads\/2026\/01\/Fizzy-15-in-1-150K-Puffs-Rechargeable-Disposable-Vape-Flavors-3-1-300x300.jpg 300w, https:\/\/fizzyvape.eu\/wp-content\/uploads\/2026\/01\/Fizzy-15-in-1-150K-Puffs-Rechargeable-Disposable-Vape-Flavors-3-1-150x150.jpg 150w, https:\/\/fizzyvape.eu\/wp-content\/uploads\/2026\/01\/Fizzy-15-in-1-150K-Puffs-Rechargeable-Disposable-Vape-Flavors-3-1-768x768.jpg 768w, https:\/\/fizzyvape.eu\/wp-content\/uploads\/2026\/01\/Fizzy-15-in-1-150K-Puffs-Rechargeable-Disposable-Vape-Flavors-3-1-100x100.jpg 100w, https:\/\/fizzyvape.eu\/wp-content\/uploads\/2026\/01\/Fizzy-15-in-1-150K-Puffs-Rechargeable-Disposable-Vape-Flavors-3-1-200x200.jpg 200w, https:\/\/fizzyvape.eu\/wp-content\/uploads\/2026\/01\/Fizzy-15-in-1-150K-Puffs-Rechargeable-Disposable-Vape-Flavors-3-1-400x400.jpg 400w, https:\/\/fizzyvape.eu\/wp-content\/uploads\/2026\/01\/Fizzy-15-in-1-150K-Puffs-Rechargeable-Disposable-Vape-Flavors-3-1-500x500.jpg 500w, https:\/\/fizzyvape.eu\/wp-content\/uploads\/2026\/01\/Fizzy-15-in-1-150K-Puffs-Rechargeable-Disposable-Vape-Flavors-3-1-430x430.jpg 430w, https:\/\/fizzyvape.eu\/wp-content\/uploads\/2026\/01\/Fizzy-15-in-1-150K-Puffs-Rechargeable-Disposable-Vape-Flavors-3-1-700x700.jpg 700w, https:\/\/fizzyvape.eu\/wp-content\/uploads\/2026\/01\/Fizzy-15-in-1-150K-Puffs-Rechargeable-Disposable-Vape-Flavors-3-1.jpg 1000w\" sizes=\"(max-width: 800px) 100vw, 800px\" \/><\/p>\n<h2>Fizzy 150000 Puffs Disposable Vape &#8211; Red Bull &amp; Erdbeere Kiwi Granatapfel &amp; Heidelbeere Eis &amp; Ananas Kokosnuss<\/h2>\n<p><b>\u26a1 150.000 Puffs. 15 Geschmacksrichtungen. Ein legend\u00e4res Ger\u00e4t.  <\/b><\/p>\n<p>Der <b>Fizzy 150000 Puffs<\/b> ist der erste <b>15-in-1 Smart Multi-Flavor Vape<\/b> der Welt, der Ihnen die totale Kontrolle \u00fcber Ihr Dampferlebnis gibt. Mit einem riesigen <b>Fassungsverm\u00f6gen von 80ml E-Liquid<\/b> und einem revolution\u00e4ren <b>4-Pod-System<\/b> h\u00e4lt dieses Ger\u00e4t l\u00e4nger als alles andere auf dem Markt und bietet gleichzeitig eine Vielzahl von Geschmacksrichtungen, zwischen denen Sie sofort wechseln k\u00f6nnen. <\/p>\n<h2><b>  Die 4-Pod Geschmacks-Masterliste<\/b><\/h2>\n<p>Dieses spezielle Fizzy 150K-Ger\u00e4t enth\u00e4lt vier kultige Geschmacksrichtungen. Verdampfen Sie sie einzeln oder verwenden Sie den intelligenten Schalter, um <b>sie zu 15 verschiedenen Geschmackskombinationen zu mischen<\/b>: <\/p>\n<ul>\n<li><b>\u26a1 Red Bull:<\/b> Der unverwechselbare, scharfe Energy-Drink-Kick, der Ihnen den Tag vers\u00fc\u00dft.<\/li>\n<li><b>\ud83c\udf53 Erdbeer-Kiwi-Granatapfel:<\/b> Eine s\u00fc\u00dfe und spritzige Explosion von exotischen Superfr\u00fcchten.<\/li>\n<li><b>\u2744\ufe0f Blueberry Ice:<\/b> Handgepfl\u00fcckte Bergheidelbeeren mit einem knackigen, erfrischenden Menthol-Abgang.<\/li>\n<li><b>\ud83e\udd65 Ananas-Kokosnuss:<\/b> Eine cremige, sonnenverw\u00f6hnte tropische Flucht in jedem Zug.<\/li>\n<\/ul>\n<p><img decoding=\"async\" class=\"wp-image-38407 size-full\" src=\"https:\/\/fizzyvape.eu\/wp-content\/uploads\/2025\/12\/Fizzy-150K-Puffs-Disposable-Vape-5-scaled.jpg\" alt=\"Fizzy 150K Puffs Einweg Vape - 5\" width=\"1663\" height=\"2560\" srcset=\"https:\/\/fizzyvape.eu\/wp-content\/uploads\/2025\/12\/Fizzy-150K-Puffs-Disposable-Vape-5-scaled.jpg 1663w, https:\/\/fizzyvape.eu\/wp-content\/uploads\/2025\/12\/Fizzy-150K-Puffs-Disposable-Vape-5-195x300.jpg 195w, https:\/\/fizzyvape.eu\/wp-content\/uploads\/2025\/12\/Fizzy-150K-Puffs-Disposable-Vape-5-520x800.jpg 520w, https:\/\/fizzyvape.eu\/wp-content\/uploads\/2025\/12\/Fizzy-150K-Puffs-Disposable-Vape-5-768x1182.jpg 768w, https:\/\/fizzyvape.eu\/wp-content\/uploads\/2025\/12\/Fizzy-150K-Puffs-Disposable-Vape-5-998x1536.jpg 998w, https:\/\/fizzyvape.eu\/wp-content\/uploads\/2025\/12\/Fizzy-150K-Puffs-Disposable-Vape-5-1330x2048.jpg 1330w, https:\/\/fizzyvape.eu\/wp-content\/uploads\/2025\/12\/Fizzy-150K-Puffs-Disposable-Vape-5-430x662.jpg 430w, https:\/\/fizzyvape.eu\/wp-content\/uploads\/2025\/12\/Fizzy-150K-Puffs-Disposable-Vape-5-700x1078.jpg 700w, https:\/\/fizzyvape.eu\/wp-content\/uploads\/2025\/12\/Fizzy-150K-Puffs-Disposable-Vape-5-150x231.jpg 150w\" sizes=\"(max-width: 1663px) 100vw, 1663px\" \/><\/p>\n<h2><b>\ud83d\udce6 Spezifikationen<\/b><\/h2>\n<table>\n<thead>\n<tr>\n<td><strong>Merkmal<\/strong><\/td>\n<td><strong>B2B Technische Daten<\/strong><\/td>\n<\/tr>\n<\/thead>\n<tbody>\n<tr>\n<td><b>Anzahl der Puffs<\/b><\/td>\n<td>Bis zu 150.000 Puffs<\/td>\n<\/tr>\n<tr>\n<td><b>E-Liquid Kapazit\u00e4t<\/b><\/td>\n<td><b>80mL insgesamt (20mL x 4 unabh\u00e4ngige Pods)<\/b><\/td>\n<\/tr>\n<tr>\n<td><b>Akku<\/b><\/td>\n<td>1000mAh Reines Kobalt (wiederaufladbar Typ-C)<\/td>\n<\/tr>\n<tr>\n<td><b>Geschmacksrichtungen<\/b><\/td>\n<td><b>15 intelligente Kombinationen (A\/B\/C\/D + Hybride)<\/b><\/td>\n<\/tr>\n<tr>\n<td><b>Spulen-System<\/b><\/td>\n<td>Quad-Mesh 1.0\u03a9 (Hochkonsistente Abgabe)<\/td>\n<\/tr>\n<tr>\n<td><b>Verpackung<\/b><\/td>\n<td>Einzelhandelsgerechte Display-Boxen<\/td>\n<\/tr>\n<\/tbody>\n<\/table>\n<h2><b>\ud83c\udfa8Fizzy<\/b>15-in-1 150K Puffs Wiederaufladbare <strong>Einweg-Vape Aromen Liste:<\/strong><\/h2>\n<ol>\n<li><a href=\"https:\/\/fizzyvape.eu\/de\/produkt\/150k-puffs-wassermelonen-eis-red-bull-erdbeer-himbeer-dreifach-melonen-eis\/\">Wassermeloneneis &amp; Red Bull &amp; Erdbeer-Himbeer &amp; Dreifach-Meloneneis<\/a><\/li>\n<li><a href=\"https:\/\/fizzyvape.eu\/de\/produkt\/150k-puffs-erdbeere-eis-kiwi-passionsfrucht-guave-pfirsich-mango-wassermelone-traube-burst\/\">Erdbeereis &amp; Kiwi Passionsfrucht Guave &amp; Pfirsich Mango Wassermelone &amp; Traube Burst<\/a><\/li>\n<li><a href=\"https:\/\/fizzyvape.eu\/de\/produkt\/150k-puffs-red-bull-erdbeere-kiwi-granatapfel-heidelbeere-eis-ananas-kokosnuss\/\">Red Bull &amp; Erdbeere Kiwi Granatapfel &amp; Heidelbeere Eis &amp; Ananas Kokosnuss<\/a><\/li>\n<li><a href=\"https:\/\/fizzyvape.eu\/produkt\/fizzy-150k-puffs-strawberry-kiwi-mixed-berry-set\/\">Erdbeer-Kiwi &amp; Gemischte Beeren &amp; Wassermelone Bubblegum &amp; Saftiger Pfirsich<\/a><\/li>\n<li><a href=\"https:\/\/fizzyvape.eu\/produkt\/fizzy-150k-puffs-blueberry-raspberry-candy-set\/\">Heidelbeere-Himbeere &amp; Erdbeere Eis &amp; Blue Razz Limonade &amp; Wassermelone Gummib\u00e4rchen<\/a><\/li>\n<li><a href=\"https:\/\/fizzyvape.eu\/produkt\/fizzy-150k-puffs-tropical-fruit-punch-set\/\">Tropische Fruchtbowle &amp; Wassermelone Himbeere &amp; Heidelbeere Kokosnuss &amp; Erdbeere Skittles<\/a><\/li>\n<li><a href=\"https:\/\/fizzyvape.eu\/produkt\/fizzy-150k-puffs-love-66-strawberry-kiwi-set\/\">Liebe 66 &amp; Erdbeere Kiwi &amp; Wassermelone Heidelbeere &amp; Himbeerlimonade<\/a><\/li>\n<li><a href=\"https:\/\/fizzyvape.eu\/produkt\/fizzy-150k-puffs-fizzy-cola-berry-set\/\">Beerenmix &amp; Ananas Pfirsich Passionsfrucht &amp; Cola &amp; Erdbeere Himbeere<\/a><\/li>\n<li><a href=\"https:\/\/fizzyvape.eu\/produkt\/fizzy-150k-puffs-blue-razz-raspberry-set\/\">blue razz rapsbeere &amp; wassermelone kirsche eis &amp; erdbeere traube &amp; passionsfrucht orange pfirsich<\/a><\/li>\n<li><a href=\"https:\/\/fizzyvape.eu\/produkt\/fizzy-150k-puffs-fizzy-cherry-citrus-set\/\">Sprudel Kirsche &amp; Erdbeere Drachenfrucht &amp; Zitrone Limette &amp; Wassermelone Heidelbeere<\/a><\/li>\n<li><a href=\"https:\/\/fizzyvape.eu\/produkt\/fizzy-150k-puffs-vanilla-coke-berry-set\/\">Erdbeer-Vanille-Cola &amp; Heidelbeere-Himbeere &amp; Wassermelone-Eis &amp; Kirsche-Beere<\/a><\/li>\n<li><a href=\"https:\/\/fizzyvape.eu\/produkt\/fizzy-150k-puffs-mojito-ice-set\/\">Heidelbeereis &amp; Erdbeere Wassermelone &amp; Mojito &amp; Kiwi Passionsfrucht Guave<\/a><\/li>\n<\/ol>\n<h3 data-start=\"2198\" data-end=\"2222\">Warum sollten Sie sich f\u00fcr den Fizzy 150K entscheiden?<\/h3>\n<p> <b> \u26a1 150.000 Z\u00fcge:<\/b> Der langlebigste Verdampfer auf dem Markt.<\/p>\n<p>  \ud83d\udd04 <b> 15-in-1 Aromen:<\/b> 4 unabh\u00e4ngige H\u00fclsen; wechseln oder mischen Sie Aromen im Handumdrehen.<\/p>\n<p> <b> \ud83d\udcf1 Intelligenter Bildschirm:<\/b> Echtzeit-\u00dcberwachung des Akkus und des E-Liquids.<\/p>\n<p> <b> \ud83d\udca8 Quad-Mesh Tech:<\/b> 4 Spulen f\u00fcr keinerlei Geschmacksverluste und massive Wolken.<\/p>\n<h2><b>Produkt Spezifikationen<\/b><\/h2>\n<table>\n<thead>\n<tr>\n<td><strong>Merkmal<\/strong><\/td>\n<td><strong>Details<\/strong><\/td>\n<\/tr>\n<\/thead>\n<tbody>\n<tr>\n<td><b>Puffs insgesamt<\/b><\/td>\n<td><b>Bis zu 150.000 Puffs<\/b><\/td>\n<\/tr>\n<tr>\n<td><b>E-Liquid Kapazit\u00e4t<\/b><\/td>\n<td><b>80mL (20mL pro Pod x 4)<\/b><\/td>\n<\/tr>\n<tr>\n<td><b>Aroma-System<\/b><\/td>\n<td><b>15-in-1 Multi-Aromen-Knopf<\/b><\/td>\n<\/tr>\n<tr>\n<td><b>Akku<\/b><\/td>\n<td>1000mAh wiederaufladbar (reines Kobalt)<\/td>\n<\/tr>\n<tr>\n<td><b>Aufladen<\/b><\/td>\n<td>Schneller Typ-C-Anschluss<\/td>\n<\/tr>\n<tr>\n<td><b>Spulen-Technologie<\/b><\/td>\n<td><b>Quad-Mesh (1.0\u03a9 x4)<\/b><\/td>\n<\/tr>\n<tr>\n<td><b>Anzeige<\/b><\/td>\n<td>Vollfarbiger Smart LED-Bildschirm<\/td>\n<\/tr>\n<\/tbody>\n<\/table>\n<h2><b>FAQ-Fizzy<\/b>150000 Puffs Einweg-Vape<\/h2>\n<p>F: Wie kann ich den Geschmack \u00e4ndern?<\/p>\n<p>A: Verwenden Sie den intelligenten Wahlschalter am Ger\u00e4t, um zwischen Pod A, B, C oder D zu wechseln. Sie k\u00f6nnen auch den &#8220;Combo&#8221;-Modus w\u00e4hlen, um Aromen miteinander zu mischen!<\/p>\n<p>F: Wird der Geschmack gegen Ende verbrannt?<\/p>\n<p>A: Nein! Dank des Quad-Mesh-Systems hat jede Kapsel ihre eigene frische Spule. Der Geschmack bleibt w\u00e4hrend der gesamten Lebensdauer von 150.000 Z\u00fcgen rein und k\u00f6stlich.  <\/p>\n<p>F: Wie lange h\u00e4lt die Batterie?<\/p>\n<p>A: Der 1000mAh-Akku ist f\u00fcr den ganzt\u00e4gigen Gebrauch konzipiert. Wenn Ihr Akku leer ist, schlie\u00dfen Sie einfach ein beliebiges Typ-C-Kabel an, um ihn schnell aufzuladen (ca. 45-60 Minuten bis zur vollen Kapazit\u00e4t). <\/p>\n","protected":false},"excerpt":{"rendered":"[html_block id=\"38779\"]\n","protected":false},"featured_media":38827,"comment_status":"open","ping_status":"closed","template":"","meta":{"iawp_total_views":0},"product_brand":[],"product_cat":[996],"product_tag":[],"class_list":{"0":"post-38994","1":"product","2":"type-product","3":"status-publish","4":"has-post-thumbnail","6":"product_cat-fizzy-150k-150-000-zuege-15-in-1-einweg-e-zigarette-mit-wiederaufladbarem-akku","8":"first","9":"instock","10":"sale","11":"shipping-taxable","12":"purchasable","13":"product-type-variable"},"yoast_head":"<!-- This site is optimized with the Yoast SEO Premium plugin v24.8 (Yoast SEO v27.4) - https:\/\/yoast.com\/product\/yoast-seo-premium-wordpress\/ -->\n<title>Red Bull &amp; Blueberry Ice | Fizzy 150K Puffs Vape - 15-in-1 Geschmacksrichtungen<\/title>\n<meta name=\"description\" content=\"Genie\u00dfen Sie Fizzy 150K Puffs Einwegdampfer mit Red Bull, Strawberry Kiwi Pomegranate, Blueberry Ice und Pineapple Coconut. 150.000 Z\u00fcge, reichhaltiger Geschmacksaussto\u00df.\" \/>\n<meta name=\"robots\" content=\"index, follow, max-snippet:-1, max-image-preview:large, max-video-preview:-1\" \/>\n<link rel=\"canonical\" href=\"https:\/\/fizzyvape.eu\/de\/produkt\/150k-puffs-red-bull-erdbeere-kiwi-granatapfel-heidelbeere-eis-ananas-kokosnuss\/\" \/>\n<meta property=\"og:locale\" content=\"de_DE\" \/>\n<meta property=\"og:type\" content=\"article\" \/>\n<meta property=\"og:title\" content=\"150K Puffs - Red Bull &amp; Erdbeere Kiwi Granatapfel &amp; Heidelbeere Eis &amp; Ananas Kokosnuss\" \/>\n<meta property=\"og:description\" content=\"Genie\u00dfen Sie Fizzy 150K Puffs Einwegdampfer mit Red Bull, Strawberry Kiwi Pomegranate, Blueberry Ice und Pineapple Coconut. 150.000 Z\u00fcge, reichhaltiger Geschmacksaussto\u00df.\" \/>\n<meta property=\"og:url\" content=\"https:\/\/fizzyvape.eu\/de\/produkt\/150k-puffs-red-bull-erdbeere-kiwi-granatapfel-heidelbeere-eis-ananas-kokosnuss\/\" \/>\n<meta property=\"og:site_name\" content=\"fizzyvape.eu\" \/>\n<meta property=\"og:image\" content=\"https:\/\/fizzyvape.eu\/wp-content\/uploads\/2026\/01\/Fizzy-15-in-1-150K-Puffs-Rechargeable-Disposable-Vape-Flavors-3-1.jpg\" \/>\n\t<meta property=\"og:image:width\" content=\"1000\" \/>\n\t<meta property=\"og:image:height\" content=\"1000\" \/>\n\t<meta property=\"og:image:type\" content=\"image\/jpeg\" \/>\n<meta name=\"twitter:card\" content=\"summary_large_image\" \/>\n<meta name=\"twitter:label1\" content=\"Verf\u00fcgbarkeit\" \/>\n\t<meta name=\"twitter:data1\" content=\"Auf Lager\" \/>\n<script type=\"application\/ld+json\" class=\"yoast-schema-graph\">{\"@context\":\"https:\\\/\\\/schema.org\",\"@graph\":[{\"@type\":\"WebPage\",\"@id\":\"https:\\\/\\\/fizzyvape.eu\\\/de\\\/produkt\\\/150k-puffs-red-bull-erdbeere-kiwi-granatapfel-heidelbeere-eis-ananas-kokosnuss\\\/\",\"url\":\"https:\\\/\\\/fizzyvape.eu\\\/de\\\/produkt\\\/150k-puffs-red-bull-erdbeere-kiwi-granatapfel-heidelbeere-eis-ananas-kokosnuss\\\/\",\"name\":\"Red Bull & Blueberry Ice | Fizzy 150K Puffs Vape - 15-in-1 Geschmacksrichtungen\",\"isPartOf\":{\"@id\":\"https:\\\/\\\/www.fizzyvape.eu\\\/de\\\/#website\"},\"primaryImageOfPage\":{\"@id\":\"https:\\\/\\\/fizzyvape.eu\\\/de\\\/produkt\\\/150k-puffs-red-bull-erdbeere-kiwi-granatapfel-heidelbeere-eis-ananas-kokosnuss\\\/#primaryimage\"},\"image\":{\"@id\":\"https:\\\/\\\/fizzyvape.eu\\\/de\\\/produkt\\\/150k-puffs-red-bull-erdbeere-kiwi-granatapfel-heidelbeere-eis-ananas-kokosnuss\\\/#primaryimage\"},\"thumbnailUrl\":\"https:\\\/\\\/fizzyvape.eu\\\/wp-content\\\/uploads\\\/2026\\\/01\\\/Fizzy-15-in-1-150K-Puffs-Rechargeable-Disposable-Vape-Flavors-3-1.jpg\",\"datePublished\":\"2026-01-19T09:52:51+00:00\",\"description\":\"Genie\u00dfen Sie Fizzy 150K Puffs Einwegdampfer mit Red Bull, Strawberry Kiwi Pomegranate, Blueberry Ice und Pineapple Coconut. 150.000 Z\u00fcge, reichhaltiger Geschmacksaussto\u00df.\",\"breadcrumb\":{\"@id\":\"https:\\\/\\\/fizzyvape.eu\\\/de\\\/produkt\\\/150k-puffs-red-bull-erdbeere-kiwi-granatapfel-heidelbeere-eis-ananas-kokosnuss\\\/#breadcrumb\"},\"inLanguage\":\"de\",\"potentialAction\":[{\"@type\":\"ReadAction\",\"target\":[\"https:\\\/\\\/fizzyvape.eu\\\/de\\\/produkt\\\/150k-puffs-red-bull-erdbeere-kiwi-granatapfel-heidelbeere-eis-ananas-kokosnuss\\\/\"]}]},{\"@type\":\"ImageObject\",\"inLanguage\":\"de\",\"@id\":\"https:\\\/\\\/fizzyvape.eu\\\/de\\\/produkt\\\/150k-puffs-red-bull-erdbeere-kiwi-granatapfel-heidelbeere-eis-ananas-kokosnuss\\\/#primaryimage\",\"url\":\"https:\\\/\\\/fizzyvape.eu\\\/wp-content\\\/uploads\\\/2026\\\/01\\\/Fizzy-15-in-1-150K-Puffs-Rechargeable-Disposable-Vape-Flavors-3-1.jpg\",\"contentUrl\":\"https:\\\/\\\/fizzyvape.eu\\\/wp-content\\\/uploads\\\/2026\\\/01\\\/Fizzy-15-in-1-150K-Puffs-Rechargeable-Disposable-Vape-Flavors-3-1.jpg\",\"width\":1000,\"height\":1000,\"caption\":\"Fizzy 15-in-1 150K Puffs Wiederaufladbare Einweg-Vape-Aromen 3\"},{\"@type\":\"BreadcrumbList\",\"@id\":\"https:\\\/\\\/fizzyvape.eu\\\/de\\\/produkt\\\/150k-puffs-red-bull-erdbeere-kiwi-granatapfel-heidelbeere-eis-ananas-kokosnuss\\\/#breadcrumb\",\"itemListElement\":[{\"@type\":\"ListItem\",\"position\":1,\"name\":\"Home\",\"item\":\"https:\\\/\\\/fizzyvape.eu\\\/de\\\/\"},{\"@type\":\"ListItem\",\"position\":2,\"name\":\"Shop\",\"item\":\"https:\\\/\\\/www.fizzyvape.eu\\\/de\\\/shop\\\/\"},{\"@type\":\"ListItem\",\"position\":3,\"name\":\"150K Puffs &#8211; Red Bull &amp; Erdbeere Kiwi Granatapfel &amp; Heidelbeere Eis &amp; Ananas Kokosnuss\"}]},{\"@type\":\"WebSite\",\"@id\":\"https:\\\/\\\/www.fizzyvape.eu\\\/de\\\/#website\",\"url\":\"https:\\\/\\\/www.fizzyvape.eu\\\/de\\\/\",\"name\":\"fizzyvape.eu\",\"description\":\"Refreshing Vapes. Unforgettable Taste.\",\"publisher\":{\"@id\":\"https:\\\/\\\/www.fizzyvape.eu\\\/de\\\/#organization\"},\"potentialAction\":[{\"@type\":\"SearchAction\",\"target\":{\"@type\":\"EntryPoint\",\"urlTemplate\":\"https:\\\/\\\/www.fizzyvape.eu\\\/de\\\/?s={search_term_string}\"},\"query-input\":{\"@type\":\"PropertyValueSpecification\",\"valueRequired\":true,\"valueName\":\"search_term_string\"}}],\"inLanguage\":\"de\"},{\"@type\":\"Organization\",\"@id\":\"https:\\\/\\\/www.fizzyvape.eu\\\/de\\\/#organization\",\"name\":\"fizzyvape.eu\",\"url\":\"https:\\\/\\\/www.fizzyvape.eu\\\/de\\\/\",\"logo\":{\"@type\":\"ImageObject\",\"inLanguage\":\"de\",\"@id\":\"https:\\\/\\\/www.fizzyvape.eu\\\/de\\\/#\\\/schema\\\/logo\\\/image\\\/\",\"url\":\"https:\\\/\\\/fizzyvape.eu\\\/wp-content\\\/uploads\\\/2019\\\/06\\\/print-1.svg\",\"contentUrl\":\"https:\\\/\\\/fizzyvape.eu\\\/wp-content\\\/uploads\\\/2019\\\/06\\\/print-1.svg\",\"width\":124,\"height\":37,\"caption\":\"fizzyvape.eu\"},\"image\":{\"@id\":\"https:\\\/\\\/www.fizzyvape.eu\\\/de\\\/#\\\/schema\\\/logo\\\/image\\\/\"}}]}<\/script>\n<meta property=\"og:availability\" content=\"instock\" \/>\n<meta property=\"product:availability\" content=\"instock\" \/>\n<meta property=\"product:condition\" content=\"new\" \/>\n<!-- \/ Yoast SEO Premium plugin. -->","yoast_head_json":{"title":"Red Bull & Blueberry Ice | Fizzy 150K Puffs Vape - 15-in-1 Geschmacksrichtungen","description":"Genie\u00dfen Sie Fizzy 150K Puffs Einwegdampfer mit Red Bull, Strawberry Kiwi Pomegranate, Blueberry Ice und Pineapple Coconut. 150.000 Z\u00fcge, reichhaltiger Geschmacksaussto\u00df.","robots":{"index":"index","follow":"follow","max-snippet":"max-snippet:-1","max-image-preview":"max-image-preview:large","max-video-preview":"max-video-preview:-1"},"canonical":"https:\/\/fizzyvape.eu\/de\/produkt\/150k-puffs-red-bull-erdbeere-kiwi-granatapfel-heidelbeere-eis-ananas-kokosnuss\/","og_locale":"de_DE","og_type":"article","og_title":"150K Puffs - Red Bull &amp; Erdbeere Kiwi Granatapfel &amp; Heidelbeere Eis &amp; Ananas Kokosnuss","og_description":"Genie\u00dfen Sie Fizzy 150K Puffs Einwegdampfer mit Red Bull, Strawberry Kiwi Pomegranate, Blueberry Ice und Pineapple Coconut. 150.000 Z\u00fcge, reichhaltiger Geschmacksaussto\u00df.","og_url":"https:\/\/fizzyvape.eu\/de\/produkt\/150k-puffs-red-bull-erdbeere-kiwi-granatapfel-heidelbeere-eis-ananas-kokosnuss\/","og_site_name":"fizzyvape.eu","og_image":[{"width":1000,"height":1000,"url":"https:\/\/fizzyvape.eu\/wp-content\/uploads\/2026\/01\/Fizzy-15-in-1-150K-Puffs-Rechargeable-Disposable-Vape-Flavors-3-1.jpg","type":"image\/jpeg"}],"twitter_card":"summary_large_image","twitter_misc":{"Verf\u00fcgbarkeit":"Auf Lager"},"schema":{"@context":"https:\/\/schema.org","@graph":[{"@type":"WebPage","@id":"https:\/\/fizzyvape.eu\/de\/produkt\/150k-puffs-red-bull-erdbeere-kiwi-granatapfel-heidelbeere-eis-ananas-kokosnuss\/","url":"https:\/\/fizzyvape.eu\/de\/produkt\/150k-puffs-red-bull-erdbeere-kiwi-granatapfel-heidelbeere-eis-ananas-kokosnuss\/","name":"Red Bull & Blueberry Ice | Fizzy 150K Puffs Vape - 15-in-1 Geschmacksrichtungen","isPartOf":{"@id":"https:\/\/www.fizzyvape.eu\/de\/#website"},"primaryImageOfPage":{"@id":"https:\/\/fizzyvape.eu\/de\/produkt\/150k-puffs-red-bull-erdbeere-kiwi-granatapfel-heidelbeere-eis-ananas-kokosnuss\/#primaryimage"},"image":{"@id":"https:\/\/fizzyvape.eu\/de\/produkt\/150k-puffs-red-bull-erdbeere-kiwi-granatapfel-heidelbeere-eis-ananas-kokosnuss\/#primaryimage"},"thumbnailUrl":"https:\/\/fizzyvape.eu\/wp-content\/uploads\/2026\/01\/Fizzy-15-in-1-150K-Puffs-Rechargeable-Disposable-Vape-Flavors-3-1.jpg","datePublished":"2026-01-19T09:52:51+00:00","description":"Genie\u00dfen Sie Fizzy 150K Puffs Einwegdampfer mit Red Bull, Strawberry Kiwi Pomegranate, Blueberry Ice und Pineapple Coconut. 150.000 Z\u00fcge, reichhaltiger Geschmacksaussto\u00df.","breadcrumb":{"@id":"https:\/\/fizzyvape.eu\/de\/produkt\/150k-puffs-red-bull-erdbeere-kiwi-granatapfel-heidelbeere-eis-ananas-kokosnuss\/#breadcrumb"},"inLanguage":"de","potentialAction":[{"@type":"ReadAction","target":["https:\/\/fizzyvape.eu\/de\/produkt\/150k-puffs-red-bull-erdbeere-kiwi-granatapfel-heidelbeere-eis-ananas-kokosnuss\/"]}]},{"@type":"ImageObject","inLanguage":"de","@id":"https:\/\/fizzyvape.eu\/de\/produkt\/150k-puffs-red-bull-erdbeere-kiwi-granatapfel-heidelbeere-eis-ananas-kokosnuss\/#primaryimage","url":"https:\/\/fizzyvape.eu\/wp-content\/uploads\/2026\/01\/Fizzy-15-in-1-150K-Puffs-Rechargeable-Disposable-Vape-Flavors-3-1.jpg","contentUrl":"https:\/\/fizzyvape.eu\/wp-content\/uploads\/2026\/01\/Fizzy-15-in-1-150K-Puffs-Rechargeable-Disposable-Vape-Flavors-3-1.jpg","width":1000,"height":1000,"caption":"Fizzy 15-in-1 150K Puffs Wiederaufladbare Einweg-Vape-Aromen 3"},{"@type":"BreadcrumbList","@id":"https:\/\/fizzyvape.eu\/de\/produkt\/150k-puffs-red-bull-erdbeere-kiwi-granatapfel-heidelbeere-eis-ananas-kokosnuss\/#breadcrumb","itemListElement":[{"@type":"ListItem","position":1,"name":"Home","item":"https:\/\/fizzyvape.eu\/de\/"},{"@type":"ListItem","position":2,"name":"Shop","item":"https:\/\/www.fizzyvape.eu\/de\/shop\/"},{"@type":"ListItem","position":3,"name":"150K Puffs &#8211; Red Bull &amp; Erdbeere Kiwi Granatapfel &amp; Heidelbeere Eis &amp; Ananas Kokosnuss"}]},{"@type":"WebSite","@id":"https:\/\/www.fizzyvape.eu\/de\/#website","url":"https:\/\/www.fizzyvape.eu\/de\/","name":"fizzyvape.eu","description":"Refreshing Vapes. Unforgettable Taste.","publisher":{"@id":"https:\/\/www.fizzyvape.eu\/de\/#organization"},"potentialAction":[{"@type":"SearchAction","target":{"@type":"EntryPoint","urlTemplate":"https:\/\/www.fizzyvape.eu\/de\/?s={search_term_string}"},"query-input":{"@type":"PropertyValueSpecification","valueRequired":true,"valueName":"search_term_string"}}],"inLanguage":"de"},{"@type":"Organization","@id":"https:\/\/www.fizzyvape.eu\/de\/#organization","name":"fizzyvape.eu","url":"https:\/\/www.fizzyvape.eu\/de\/","logo":{"@type":"ImageObject","inLanguage":"de","@id":"https:\/\/www.fizzyvape.eu\/de\/#\/schema\/logo\/image\/","url":"https:\/\/fizzyvape.eu\/wp-content\/uploads\/2019\/06\/print-1.svg","contentUrl":"https:\/\/fizzyvape.eu\/wp-content\/uploads\/2019\/06\/print-1.svg","width":124,"height":37,"caption":"fizzyvape.eu"},"image":{"@id":"https:\/\/www.fizzyvape.eu\/de\/#\/schema\/logo\/image\/"}}]},"og_availability":"instock","product_availability":"instock","product_condition":"new"},"tiered_pricing_type":"fixed","tiered_pricing_fixed_rules":[],"tiered_pricing_product_settings":{"layout":"default","base_unit_name":{"singular":null,"plural":null},"default_variation":null},"tiered_pricing_minimum_quantity":null,"tiered_pricing_roles_data":[],"tiered_pricing_percentage_rules":[],"tiered_pricing_maximum_quantity":null,"tiered_pricing_quantity_step":null,"_links":{"self":[{"href":"https:\/\/fizzyvape.eu\/de\/wp-json\/wp\/v2\/product\/38994","targetHints":{"allow":["GET"]}}],"collection":[{"href":"https:\/\/fizzyvape.eu\/de\/wp-json\/wp\/v2\/product"}],"about":[{"href":"https:\/\/fizzyvape.eu\/de\/wp-json\/wp\/v2\/types\/product"}],"replies":[{"embeddable":true,"href":"https:\/\/fizzyvape.eu\/de\/wp-json\/wp\/v2\/comments?post=38994"}],"version-history":[{"count":0,"href":"https:\/\/fizzyvape.eu\/de\/wp-json\/wp\/v2\/product\/38994\/revisions"}],"wp:featuredmedia":[{"embeddable":true,"href":"https:\/\/fizzyvape.eu\/de\/wp-json\/wp\/v2\/media\/38827"}],"wp:attachment":[{"href":"https:\/\/fizzyvape.eu\/de\/wp-json\/wp\/v2\/media?parent=38994"}],"wp:term":[{"taxonomy":"product_brand","embeddable":true,"href":"https:\/\/fizzyvape.eu\/de\/wp-json\/wp\/v2\/product_brand?post=38994"},{"taxonomy":"product_cat","embeddable":true,"href":"https:\/\/fizzyvape.eu\/de\/wp-json\/wp\/v2\/product_cat?post=38994"},{"taxonomy":"product_tag","embeddable":true,"href":"https:\/\/fizzyvape.eu\/de\/wp-json\/wp\/v2\/product_tag?post=38994"}],"curies":[{"name":"wp","href":"https:\/\/api.w.org\/{rel}","templated":true}]}}