{"id":39061,"date":"2026-01-19T17:55:35","date_gmt":"2026-01-19T09:55:35","guid":{"rendered":"https:\/\/fizzyvape.eu\/product\/150k-puffs-blaubeer-himbeer-erdbeer-eis-blue-razz-limonade-wassermelone-gummibaerchen\/"},"modified":"2026-01-19T17:55:35","modified_gmt":"2026-01-19T09:55:35","slug":"150k-puffs-blaubeer-himbeer-erdbeer-eis-blue-razz-limonade-wassermelone-gummibaerchen","status":"publish","type":"product","link":"https:\/\/fizzyvape.eu\/de\/produkt\/150k-puffs-blaubeer-himbeer-erdbeer-eis-blue-razz-limonade-wassermelone-gummibaerchen\/","title":{"rendered":"150K Puffs &#8211; Blaubeer-Himbeer &amp; Erdbeer-Eis &amp; Blue Razz Limonade &amp; Wassermelone Gummib\u00e4rchen"},"content":{"rendered":"<p><img decoding=\"async\" class=\"wp-image-38842 size-large\" src=\"https:\/\/fizzyvape.eu\/wp-content\/uploads\/2026\/01\/Fizzy-15-in-1-150K-Puffs-Rechargeable-Disposable-Vape-Flavors-5-1-800x800.jpg\" alt=\"Fizzy 15-in-1 150K Puffs Wiederaufladbare Einweg-Vape-Aromen 5\" width=\"800\" height=\"800\" srcset=\"https:\/\/fizzyvape.eu\/wp-content\/uploads\/2026\/01\/Fizzy-15-in-1-150K-Puffs-Rechargeable-Disposable-Vape-Flavors-5-1-800x800.jpg 800w, https:\/\/fizzyvape.eu\/wp-content\/uploads\/2026\/01\/Fizzy-15-in-1-150K-Puffs-Rechargeable-Disposable-Vape-Flavors-5-1-300x300.jpg 300w, https:\/\/fizzyvape.eu\/wp-content\/uploads\/2026\/01\/Fizzy-15-in-1-150K-Puffs-Rechargeable-Disposable-Vape-Flavors-5-1-150x150.jpg 150w, https:\/\/fizzyvape.eu\/wp-content\/uploads\/2026\/01\/Fizzy-15-in-1-150K-Puffs-Rechargeable-Disposable-Vape-Flavors-5-1-768x768.jpg 768w, https:\/\/fizzyvape.eu\/wp-content\/uploads\/2026\/01\/Fizzy-15-in-1-150K-Puffs-Rechargeable-Disposable-Vape-Flavors-5-1-100x100.jpg 100w, https:\/\/fizzyvape.eu\/wp-content\/uploads\/2026\/01\/Fizzy-15-in-1-150K-Puffs-Rechargeable-Disposable-Vape-Flavors-5-1-200x200.jpg 200w, https:\/\/fizzyvape.eu\/wp-content\/uploads\/2026\/01\/Fizzy-15-in-1-150K-Puffs-Rechargeable-Disposable-Vape-Flavors-5-1-400x400.jpg 400w, https:\/\/fizzyvape.eu\/wp-content\/uploads\/2026\/01\/Fizzy-15-in-1-150K-Puffs-Rechargeable-Disposable-Vape-Flavors-5-1-500x500.jpg 500w, https:\/\/fizzyvape.eu\/wp-content\/uploads\/2026\/01\/Fizzy-15-in-1-150K-Puffs-Rechargeable-Disposable-Vape-Flavors-5-1-430x430.jpg 430w, https:\/\/fizzyvape.eu\/wp-content\/uploads\/2026\/01\/Fizzy-15-in-1-150K-Puffs-Rechargeable-Disposable-Vape-Flavors-5-1-700x700.jpg 700w, https:\/\/fizzyvape.eu\/wp-content\/uploads\/2026\/01\/Fizzy-15-in-1-150K-Puffs-Rechargeable-Disposable-Vape-Flavors-5-1.jpg 1000w\" sizes=\"(max-width: 800px) 100vw, 800px\" \/><\/p>\n<h2>Fizzy 150K Puffs Wiederaufladbare Einwegartikel &#8211; Blueberry Raspberry &amp; Strawberry Ice &amp; Blue Razz Lemonade &amp; Watermelon Gummy Bear<\/h2>\n<p><b>\ud83e\uded0 150.000 Puffs. 15 Geschmacksrichtungen. Die ultimative Beeren-Erfrischung.  <\/b><\/p>\n<p>Treten Sie ein in die n\u00e4chste Generation des Dampfens mit dem <b>Fizzy 150K Puffs<\/b>. Dieses Kraftpaket kombiniert eine branchenf\u00fchrende <b>Anzahl von 150.000 Puffs<\/b> mit einem weltweit einzigartigen <b>15-in-1 Smart Switching System<\/b>. Diese Edition ist ein Traum f\u00fcr Beerenliebhaber, mit einer meisterhaft kuratierten Auswahl an s\u00e4uerlichen Himbeeren, eisigen Erdbeeren und nostalgischen Bonbonnoten.  <\/p>\n<h2><b>Die 4-Pod Geschmacksauswahl<\/b><\/h2>\n<p>Dieses Fizzy 150K Ger\u00e4t verf\u00fcgt \u00fcber vier verschiedene Basis-Pods. Genie\u00dfen Sie sie einzeln oder <b>mischen Sie sie<\/b> mit dem Kippschalter <b>zu 15 verschiedenen Hybrid-Kombinationen<\/b>: <\/p>\n<ul>\n<li><b>\ud83e\uded0 Heidelbeere-Himbeere:<\/b> Ein perfektes s\u00fc\u00df-saures Duo aus Waldbeeren.<\/li>\n<li><b>\u2744\ufe0f Strawberry Ice:<\/b> Sonnengereifte Erdbeeren, veredelt mit einem eiskalten arktischen Windsto\u00df.<\/li>\n<li><b>\ud83c\udf4b Blue Razz Limonade:<\/b> Spritzige, sprudelnde Limonade mit spritziger blauer Himbeere.<\/li>\n<li><b>\ud83c\udf6c Watermelon Gummy Bear:<\/b> Ein saftiger Wassermelonen-Bonbongeschmack mit einem z\u00e4hen, s\u00fc\u00dfen Abgang.<\/li>\n<\/ul>\n<p><img decoding=\"async\" class=\"wp-image-38407 size-full\" src=\"https:\/\/fizzyvape.eu\/wp-content\/uploads\/2025\/12\/Fizzy-150K-Puffs-Disposable-Vape-5-scaled.jpg\" alt=\"Fizzy 150K Puffs Einweg Vape - 5\" width=\"1663\" height=\"2560\" srcset=\"https:\/\/fizzyvape.eu\/wp-content\/uploads\/2025\/12\/Fizzy-150K-Puffs-Disposable-Vape-5-scaled.jpg 1663w, https:\/\/fizzyvape.eu\/wp-content\/uploads\/2025\/12\/Fizzy-150K-Puffs-Disposable-Vape-5-195x300.jpg 195w, https:\/\/fizzyvape.eu\/wp-content\/uploads\/2025\/12\/Fizzy-150K-Puffs-Disposable-Vape-5-520x800.jpg 520w, https:\/\/fizzyvape.eu\/wp-content\/uploads\/2025\/12\/Fizzy-150K-Puffs-Disposable-Vape-5-768x1182.jpg 768w, https:\/\/fizzyvape.eu\/wp-content\/uploads\/2025\/12\/Fizzy-150K-Puffs-Disposable-Vape-5-998x1536.jpg 998w, https:\/\/fizzyvape.eu\/wp-content\/uploads\/2025\/12\/Fizzy-150K-Puffs-Disposable-Vape-5-1330x2048.jpg 1330w, https:\/\/fizzyvape.eu\/wp-content\/uploads\/2025\/12\/Fizzy-150K-Puffs-Disposable-Vape-5-430x662.jpg 430w, https:\/\/fizzyvape.eu\/wp-content\/uploads\/2025\/12\/Fizzy-150K-Puffs-Disposable-Vape-5-700x1078.jpg 700w, https:\/\/fizzyvape.eu\/wp-content\/uploads\/2025\/12\/Fizzy-150K-Puffs-Disposable-Vape-5-150x231.jpg 150w\" sizes=\"(max-width: 1663px) 100vw, 1663px\" \/><\/p>\n<h2><b>\ud83d\udce6 Spezifikationen<\/b><\/h2>\n<table>\n<thead>\n<tr>\n<td><strong>Merkmal<\/strong><\/td>\n<td><strong>B2B Technische Daten<\/strong><\/td>\n<\/tr>\n<\/thead>\n<tbody>\n<tr>\n<td><b>Anzahl der Puffs<\/b><\/td>\n<td>Bis zu 150.000 Puffs<\/td>\n<\/tr>\n<tr>\n<td><b>E-Liquid Kapazit\u00e4t<\/b><\/td>\n<td><b>80mL insgesamt (20mL x 4 unabh\u00e4ngige Pods)<\/b><\/td>\n<\/tr>\n<tr>\n<td><b>Akku<\/b><\/td>\n<td>1000mAh Reines Kobalt (wiederaufladbar Typ-C)<\/td>\n<\/tr>\n<tr>\n<td><b>Geschmacksrichtungen<\/b><\/td>\n<td><b>15 intelligente Kombinationen (A\/B\/C\/D + Hybride)<\/b><\/td>\n<\/tr>\n<tr>\n<td><b>Spulen-System<\/b><\/td>\n<td>Quad-Mesh 1.0\u03a9 (Hochkonsistente Abgabe)<\/td>\n<\/tr>\n<tr>\n<td><b>Verpackung<\/b><\/td>\n<td>Einzelhandelsgerechte Display-Boxen<\/td>\n<\/tr>\n<\/tbody>\n<\/table>\n<h2><b>\ud83c\udfa8Fizzy<\/b>15-in-1 150K Puffs Wiederaufladbare <strong>Einweg-Vape Aromen Liste:<\/strong><\/h2>\n<ol>\n<li><a href=\"https:\/\/fizzyvape.eu\/de\/produkt\/150k-puffs-wassermelonen-eis-red-bull-erdbeer-himbeer-dreifach-melonen-eis\/\">Wassermeloneneis &amp; Red Bull &amp; Erdbeer-Himbeer &amp; Dreifach-Meloneneis<\/a><\/li>\n<li><a href=\"https:\/\/fizzyvape.eu\/de\/produkt\/150k-puffs-erdbeere-eis-kiwi-passionsfrucht-guave-pfirsich-mango-wassermelone-traube-burst\/\">Erdbeereis &amp; Kiwi Passionsfrucht Guave &amp; Pfirsich Mango Wassermelone &amp; Traube Burst<\/a><\/li>\n<li><a href=\"https:\/\/fizzyvape.eu\/de\/produkt\/150k-puffs-red-bull-erdbeere-kiwi-granatapfel-heidelbeere-eis-ananas-kokosnuss\/\">Red Bull &amp; Erdbeere Kiwi Granatapfel &amp; Heidelbeere Eis &amp; Ananas Kokosnuss<\/a><\/li>\n<li><a href=\"https:\/\/fizzyvape.eu\/de\/produkt\/150k-puffs-erdbeere-kiwi-gemischte-beeren-wassermelone-bubblegum-saftiger-pfirsich\/\">Erdbeer-Kiwi &amp; Gemischte Beeren &amp; Wassermelone Bubblegum &amp; Saftiger Pfirsich<\/a><\/li>\n<li><a href=\"https:\/\/fizzyvape.eu\/de\/produkt\/150k-puffs-blaubeer-himbeer-erdbeer-eis-blue-razz-limonade-wassermelone-gummibaerchen\/\">Heidelbeere-Himbeere &amp; Erdbeere Eis &amp; Blue Razz Limonade &amp; Wassermelone Gummib\u00e4rchen<\/a><\/li>\n<li><a href=\"https:\/\/fizzyvape.eu\/de\/produkt\/150k-puffs-tropischer-fruchtpunsch-wassermelone-himbeere-heidelbeere-kokosnuss-erdbeere-skittles\/\">Tropische Fruchtbowle &amp; Wassermelone Himbeere &amp; Heidelbeere Kokosnuss &amp; Erdbeere Skittles<\/a><\/li>\n<li><a href=\"https:\/\/fizzyvape.eu\/produkt\/fizzy-150k-puffs-love-66-strawberry-kiwi-set\/\">Liebe 66 &amp; Erdbeere Kiwi &amp; Wassermelone Heidelbeere &amp; Himbeerlimonade<\/a><\/li>\n<li><a href=\"https:\/\/fizzyvape.eu\/produkt\/fizzy-150k-puffs-fizzy-cola-berry-set\/\">Beerenmix &amp; Ananas Pfirsich Passionsfrucht &amp; Cola &amp; Erdbeere Himbeere<\/a><\/li>\n<li><a href=\"https:\/\/fizzyvape.eu\/produkt\/fizzy-150k-puffs-blue-razz-raspberry-set\/\">blue razz rapsbeere &amp; wassermelone kirsche eis &amp; erdbeere traube &amp; passionsfrucht orange pfirsich<\/a><\/li>\n<li><a href=\"https:\/\/fizzyvape.eu\/produkt\/fizzy-150k-puffs-fizzy-cherry-citrus-set\/\">Sprudel Kirsche &amp; Erdbeere Drachenfrucht &amp; Zitrone Limette &amp; Wassermelone Heidelbeere<\/a><\/li>\n<li><a href=\"https:\/\/fizzyvape.eu\/produkt\/fizzy-150k-puffs-vanilla-coke-berry-set\/\">Erdbeer-Vanille-Cola &amp; Heidelbeere-Himbeere &amp; Wassermelone-Eis &amp; Kirsche-Beere<\/a><\/li>\n<li><a href=\"https:\/\/fizzyvape.eu\/produkt\/fizzy-150k-puffs-mojito-ice-set\/\">Heidelbeereis &amp; Erdbeere Wassermelone &amp; Mojito &amp; Kiwi Passionsfrucht Guave<\/a><\/li>\n<\/ol>\n<h2><b>Warum Fizzy 150K der Game-Changer ist<\/b><\/h2>\n<ul>\n<li><b>\u26a1 150.000 Z\u00fcge:<\/b> Der langlebigste Verdampfer, den es gibt. Ein Ger\u00e4t ersetzt einen Berg von Einwegprodukten. <\/li>\n<li>\ud83d\udd04 <b>15-in-1 Geschmacksrichtungen:<\/b> 4 unabh\u00e4ngige Pods in einem Ger\u00e4t. Wechseln Sie die Geschmacksrichtungen oder erstellen Sie im Handumdrehen eigene Beerenmischungen. <\/li>\n<li><b>\ud83d\udcf1 Intelligenter Bildschirm:<\/b> Das hochaufl\u00f6sende LED-Display zeigt Ihnen den <b>Akkustand<\/b> und die <b>Saftmenge<\/b> f\u00fcr alle 4 Pods an.<\/li>\n<li><b>\ud83d\udca8 Quad-Mesh Tech:<\/b> 4 spezielle Spulen sorgen daf\u00fcr, dass Ihre Limonade spritzig und Ihr Gummy s\u00fc\u00df bleibt. Keine Geschmacksvermischung. <\/li>\n<li><b>\ud83d\udd0b Schnelles Aufladen:<\/b> 1000mAh reiner Kobalt-Akku mit Typ-C-Schnellladung f\u00fcr ganzt\u00e4gige Leistung.<\/li>\n<\/ul>\n<h2><b>\u2753 Quick FAQ &#8211; <\/b>Fizzy 150K Puffs Wiederaufladbare Einwegartikel<\/h2>\n<p><b>F: Wie kann ich die Geschmacksrichtungen wechseln?<\/b><\/p>\n<p>A: Benutzen Sie einfach den Schalter am Ger\u00e4t! Sie k\u00f6nnen Pod A, B, C oder D einzeln ausw\u00e4hlen oder einen &#8220;Combo&#8221;-Modus w\u00e4hlen, um Ihre bevorzugten Beerenprofile miteinander zu mischen. <\/p>\n<p><b>F: H\u00e4lt er tats\u00e4chlich 150.000 Z\u00fcge lang?<\/b><\/p>\n<p>A: Ja! Mit <b>80 ml E-Liquid<\/b> und einem wiederaufladbaren Akku ist er so konzipiert, dass er eine lange Lebensdauer hat, die weit \u00fcber die von herk\u00f6mmlichen Einwegdampfern hinausgeht. <\/p>\n<p><b>F: Ist es leicht zu tragen?<\/b><\/p>\n<p>A: Trotz seines riesigen Fassungsverm\u00f6gens verf\u00fcgt der Fizzy 150K \u00fcber ein ergonomisches Design, das bequem in Ihrer Hand liegt und ihn zum perfekten &#8220;All-in-One&#8221;-Reisebegleiter macht.<\/p>\n","protected":false},"excerpt":{"rendered":"[html_block id=\"38779\"]\n","protected":false},"featured_media":38845,"comment_status":"open","ping_status":"closed","template":"","meta":{"iawp_total_views":1},"product_brand":[],"product_cat":[996],"product_tag":[],"class_list":{"0":"post-39061","1":"product","2":"type-product","3":"status-publish","4":"has-post-thumbnail","6":"product_cat-fizzy-150k-150-000-zuege-15-in-1-einweg-e-zigarette-mit-wiederaufladbarem-akku","8":"first","9":"instock","10":"sale","11":"shipping-taxable","12":"purchasable","13":"product-type-variable"},"yoast_head":"<!-- This site is optimized with the Yoast SEO Premium plugin v24.8 (Yoast SEO v27.4) - https:\/\/yoast.com\/product\/yoast-seo-premium-wordpress\/ -->\n<title>Blue Razz Lemonade | Fizzy 150K Puffs Vape - 15-in-1 Geschmacksrichtungen<\/title>\n<meta name=\"description\" content=\"Fizzy 150K Puffs Einwegdampfer mit Blueberry Raspberry, Strawberry Ice, Blue Razz Lemonade und Watermelon Gummy Bear. Langanhaltend und geschmackvoll.\" \/>\n<meta name=\"robots\" content=\"index, follow, max-snippet:-1, max-image-preview:large, max-video-preview:-1\" \/>\n<link rel=\"canonical\" href=\"https:\/\/fizzyvape.eu\/de\/produkt\/150k-puffs-blaubeer-himbeer-erdbeer-eis-blue-razz-limonade-wassermelone-gummibaerchen\/\" \/>\n<meta property=\"og:locale\" content=\"de_DE\" \/>\n<meta property=\"og:type\" content=\"article\" \/>\n<meta property=\"og:title\" content=\"150K Puffs - Blaubeer-Himbeer &amp; Erdbeer-Eis &amp; Blue Razz Limonade &amp; Wassermelone Gummib\u00e4rchen\" \/>\n<meta property=\"og:description\" content=\"Fizzy 150K Puffs Einwegdampfer mit Blueberry Raspberry, Strawberry Ice, Blue Razz Lemonade und Watermelon Gummy Bear. Langanhaltend und geschmackvoll.\" \/>\n<meta property=\"og:url\" content=\"https:\/\/fizzyvape.eu\/de\/produkt\/150k-puffs-blaubeer-himbeer-erdbeer-eis-blue-razz-limonade-wassermelone-gummibaerchen\/\" \/>\n<meta property=\"og:site_name\" content=\"fizzyvape.eu\" \/>\n<meta property=\"og:image\" content=\"https:\/\/fizzyvape.eu\/wp-content\/uploads\/2026\/01\/Fizzy-15-in-1-150K-Puffs-Rechargeable-Disposable-Vape-Flavors-5-1.jpg\" \/>\n\t<meta property=\"og:image:width\" content=\"1000\" \/>\n\t<meta property=\"og:image:height\" content=\"1000\" \/>\n\t<meta property=\"og:image:type\" content=\"image\/jpeg\" \/>\n<meta name=\"twitter:card\" content=\"summary_large_image\" \/>\n<meta name=\"twitter:label1\" content=\"Verf\u00fcgbarkeit\" \/>\n\t<meta name=\"twitter:data1\" content=\"Auf Lager\" \/>\n<script type=\"application\/ld+json\" class=\"yoast-schema-graph\">{\"@context\":\"https:\\\/\\\/schema.org\",\"@graph\":[{\"@type\":\"WebPage\",\"@id\":\"https:\\\/\\\/fizzyvape.eu\\\/de\\\/produkt\\\/150k-puffs-blaubeer-himbeer-erdbeer-eis-blue-razz-limonade-wassermelone-gummibaerchen\\\/\",\"url\":\"https:\\\/\\\/fizzyvape.eu\\\/de\\\/produkt\\\/150k-puffs-blaubeer-himbeer-erdbeer-eis-blue-razz-limonade-wassermelone-gummibaerchen\\\/\",\"name\":\"Blue Razz Lemonade | Fizzy 150K Puffs Vape - 15-in-1 Geschmacksrichtungen\",\"isPartOf\":{\"@id\":\"https:\\\/\\\/www.fizzyvape.eu\\\/de\\\/#website\"},\"primaryImageOfPage\":{\"@id\":\"https:\\\/\\\/fizzyvape.eu\\\/de\\\/produkt\\\/150k-puffs-blaubeer-himbeer-erdbeer-eis-blue-razz-limonade-wassermelone-gummibaerchen\\\/#primaryimage\"},\"image\":{\"@id\":\"https:\\\/\\\/fizzyvape.eu\\\/de\\\/produkt\\\/150k-puffs-blaubeer-himbeer-erdbeer-eis-blue-razz-limonade-wassermelone-gummibaerchen\\\/#primaryimage\"},\"thumbnailUrl\":\"https:\\\/\\\/fizzyvape.eu\\\/wp-content\\\/uploads\\\/2026\\\/01\\\/Fizzy-15-in-1-150K-Puffs-Rechargeable-Disposable-Vape-Flavors-5-1.jpg\",\"datePublished\":\"2026-01-19T09:55:35+00:00\",\"description\":\"Fizzy 150K Puffs Einwegdampfer mit Blueberry Raspberry, Strawberry Ice, Blue Razz Lemonade und Watermelon Gummy Bear. Langanhaltend und geschmackvoll.\",\"breadcrumb\":{\"@id\":\"https:\\\/\\\/fizzyvape.eu\\\/de\\\/produkt\\\/150k-puffs-blaubeer-himbeer-erdbeer-eis-blue-razz-limonade-wassermelone-gummibaerchen\\\/#breadcrumb\"},\"inLanguage\":\"de\",\"potentialAction\":[{\"@type\":\"ReadAction\",\"target\":[\"https:\\\/\\\/fizzyvape.eu\\\/de\\\/produkt\\\/150k-puffs-blaubeer-himbeer-erdbeer-eis-blue-razz-limonade-wassermelone-gummibaerchen\\\/\"]}]},{\"@type\":\"ImageObject\",\"inLanguage\":\"de\",\"@id\":\"https:\\\/\\\/fizzyvape.eu\\\/de\\\/produkt\\\/150k-puffs-blaubeer-himbeer-erdbeer-eis-blue-razz-limonade-wassermelone-gummibaerchen\\\/#primaryimage\",\"url\":\"https:\\\/\\\/fizzyvape.eu\\\/wp-content\\\/uploads\\\/2026\\\/01\\\/Fizzy-15-in-1-150K-Puffs-Rechargeable-Disposable-Vape-Flavors-5-1.jpg\",\"contentUrl\":\"https:\\\/\\\/fizzyvape.eu\\\/wp-content\\\/uploads\\\/2026\\\/01\\\/Fizzy-15-in-1-150K-Puffs-Rechargeable-Disposable-Vape-Flavors-5-1.jpg\",\"width\":1000,\"height\":1000,\"caption\":\"Fizzy 15-in-1 150K Puffs Wiederaufladbare Einweg-Vape-Aromen 5\"},{\"@type\":\"BreadcrumbList\",\"@id\":\"https:\\\/\\\/fizzyvape.eu\\\/de\\\/produkt\\\/150k-puffs-blaubeer-himbeer-erdbeer-eis-blue-razz-limonade-wassermelone-gummibaerchen\\\/#breadcrumb\",\"itemListElement\":[{\"@type\":\"ListItem\",\"position\":1,\"name\":\"Home\",\"item\":\"https:\\\/\\\/fizzyvape.eu\\\/de\\\/\"},{\"@type\":\"ListItem\",\"position\":2,\"name\":\"Shop\",\"item\":\"https:\\\/\\\/www.fizzyvape.eu\\\/de\\\/shop\\\/\"},{\"@type\":\"ListItem\",\"position\":3,\"name\":\"150K Puffs &#8211; Blaubeer-Himbeer &amp; Erdbeer-Eis &amp; Blue Razz Limonade &amp; Wassermelone Gummib\u00e4rchen\"}]},{\"@type\":\"WebSite\",\"@id\":\"https:\\\/\\\/www.fizzyvape.eu\\\/de\\\/#website\",\"url\":\"https:\\\/\\\/www.fizzyvape.eu\\\/de\\\/\",\"name\":\"fizzyvape.eu\",\"description\":\"Refreshing Vapes. Unforgettable Taste.\",\"publisher\":{\"@id\":\"https:\\\/\\\/www.fizzyvape.eu\\\/de\\\/#organization\"},\"potentialAction\":[{\"@type\":\"SearchAction\",\"target\":{\"@type\":\"EntryPoint\",\"urlTemplate\":\"https:\\\/\\\/www.fizzyvape.eu\\\/de\\\/?s={search_term_string}\"},\"query-input\":{\"@type\":\"PropertyValueSpecification\",\"valueRequired\":true,\"valueName\":\"search_term_string\"}}],\"inLanguage\":\"de\"},{\"@type\":\"Organization\",\"@id\":\"https:\\\/\\\/www.fizzyvape.eu\\\/de\\\/#organization\",\"name\":\"fizzyvape.eu\",\"url\":\"https:\\\/\\\/www.fizzyvape.eu\\\/de\\\/\",\"logo\":{\"@type\":\"ImageObject\",\"inLanguage\":\"de\",\"@id\":\"https:\\\/\\\/www.fizzyvape.eu\\\/de\\\/#\\\/schema\\\/logo\\\/image\\\/\",\"url\":\"https:\\\/\\\/fizzyvape.eu\\\/wp-content\\\/uploads\\\/2019\\\/06\\\/print-1.svg\",\"contentUrl\":\"https:\\\/\\\/fizzyvape.eu\\\/wp-content\\\/uploads\\\/2019\\\/06\\\/print-1.svg\",\"width\":124,\"height\":37,\"caption\":\"fizzyvape.eu\"},\"image\":{\"@id\":\"https:\\\/\\\/www.fizzyvape.eu\\\/de\\\/#\\\/schema\\\/logo\\\/image\\\/\"}}]}<\/script>\n<meta property=\"og:availability\" content=\"instock\" \/>\n<meta property=\"product:availability\" content=\"instock\" \/>\n<meta property=\"product:condition\" content=\"new\" \/>\n<!-- \/ Yoast SEO Premium plugin. -->","yoast_head_json":{"title":"Blue Razz Lemonade | Fizzy 150K Puffs Vape - 15-in-1 Geschmacksrichtungen","description":"Fizzy 150K Puffs Einwegdampfer mit Blueberry Raspberry, Strawberry Ice, Blue Razz Lemonade und Watermelon Gummy Bear. Langanhaltend und geschmackvoll.","robots":{"index":"index","follow":"follow","max-snippet":"max-snippet:-1","max-image-preview":"max-image-preview:large","max-video-preview":"max-video-preview:-1"},"canonical":"https:\/\/fizzyvape.eu\/de\/produkt\/150k-puffs-blaubeer-himbeer-erdbeer-eis-blue-razz-limonade-wassermelone-gummibaerchen\/","og_locale":"de_DE","og_type":"article","og_title":"150K Puffs - Blaubeer-Himbeer &amp; Erdbeer-Eis &amp; Blue Razz Limonade &amp; Wassermelone Gummib\u00e4rchen","og_description":"Fizzy 150K Puffs Einwegdampfer mit Blueberry Raspberry, Strawberry Ice, Blue Razz Lemonade und Watermelon Gummy Bear. Langanhaltend und geschmackvoll.","og_url":"https:\/\/fizzyvape.eu\/de\/produkt\/150k-puffs-blaubeer-himbeer-erdbeer-eis-blue-razz-limonade-wassermelone-gummibaerchen\/","og_site_name":"fizzyvape.eu","og_image":[{"width":1000,"height":1000,"url":"https:\/\/fizzyvape.eu\/wp-content\/uploads\/2026\/01\/Fizzy-15-in-1-150K-Puffs-Rechargeable-Disposable-Vape-Flavors-5-1.jpg","type":"image\/jpeg"}],"twitter_card":"summary_large_image","twitter_misc":{"Verf\u00fcgbarkeit":"Auf Lager"},"schema":{"@context":"https:\/\/schema.org","@graph":[{"@type":"WebPage","@id":"https:\/\/fizzyvape.eu\/de\/produkt\/150k-puffs-blaubeer-himbeer-erdbeer-eis-blue-razz-limonade-wassermelone-gummibaerchen\/","url":"https:\/\/fizzyvape.eu\/de\/produkt\/150k-puffs-blaubeer-himbeer-erdbeer-eis-blue-razz-limonade-wassermelone-gummibaerchen\/","name":"Blue Razz Lemonade | Fizzy 150K Puffs Vape - 15-in-1 Geschmacksrichtungen","isPartOf":{"@id":"https:\/\/www.fizzyvape.eu\/de\/#website"},"primaryImageOfPage":{"@id":"https:\/\/fizzyvape.eu\/de\/produkt\/150k-puffs-blaubeer-himbeer-erdbeer-eis-blue-razz-limonade-wassermelone-gummibaerchen\/#primaryimage"},"image":{"@id":"https:\/\/fizzyvape.eu\/de\/produkt\/150k-puffs-blaubeer-himbeer-erdbeer-eis-blue-razz-limonade-wassermelone-gummibaerchen\/#primaryimage"},"thumbnailUrl":"https:\/\/fizzyvape.eu\/wp-content\/uploads\/2026\/01\/Fizzy-15-in-1-150K-Puffs-Rechargeable-Disposable-Vape-Flavors-5-1.jpg","datePublished":"2026-01-19T09:55:35+00:00","description":"Fizzy 150K Puffs Einwegdampfer mit Blueberry Raspberry, Strawberry Ice, Blue Razz Lemonade und Watermelon Gummy Bear. Langanhaltend und geschmackvoll.","breadcrumb":{"@id":"https:\/\/fizzyvape.eu\/de\/produkt\/150k-puffs-blaubeer-himbeer-erdbeer-eis-blue-razz-limonade-wassermelone-gummibaerchen\/#breadcrumb"},"inLanguage":"de","potentialAction":[{"@type":"ReadAction","target":["https:\/\/fizzyvape.eu\/de\/produkt\/150k-puffs-blaubeer-himbeer-erdbeer-eis-blue-razz-limonade-wassermelone-gummibaerchen\/"]}]},{"@type":"ImageObject","inLanguage":"de","@id":"https:\/\/fizzyvape.eu\/de\/produkt\/150k-puffs-blaubeer-himbeer-erdbeer-eis-blue-razz-limonade-wassermelone-gummibaerchen\/#primaryimage","url":"https:\/\/fizzyvape.eu\/wp-content\/uploads\/2026\/01\/Fizzy-15-in-1-150K-Puffs-Rechargeable-Disposable-Vape-Flavors-5-1.jpg","contentUrl":"https:\/\/fizzyvape.eu\/wp-content\/uploads\/2026\/01\/Fizzy-15-in-1-150K-Puffs-Rechargeable-Disposable-Vape-Flavors-5-1.jpg","width":1000,"height":1000,"caption":"Fizzy 15-in-1 150K Puffs Wiederaufladbare Einweg-Vape-Aromen 5"},{"@type":"BreadcrumbList","@id":"https:\/\/fizzyvape.eu\/de\/produkt\/150k-puffs-blaubeer-himbeer-erdbeer-eis-blue-razz-limonade-wassermelone-gummibaerchen\/#breadcrumb","itemListElement":[{"@type":"ListItem","position":1,"name":"Home","item":"https:\/\/fizzyvape.eu\/de\/"},{"@type":"ListItem","position":2,"name":"Shop","item":"https:\/\/www.fizzyvape.eu\/de\/shop\/"},{"@type":"ListItem","position":3,"name":"150K Puffs &#8211; Blaubeer-Himbeer &amp; Erdbeer-Eis &amp; Blue Razz Limonade &amp; Wassermelone Gummib\u00e4rchen"}]},{"@type":"WebSite","@id":"https:\/\/www.fizzyvape.eu\/de\/#website","url":"https:\/\/www.fizzyvape.eu\/de\/","name":"fizzyvape.eu","description":"Refreshing Vapes. Unforgettable Taste.","publisher":{"@id":"https:\/\/www.fizzyvape.eu\/de\/#organization"},"potentialAction":[{"@type":"SearchAction","target":{"@type":"EntryPoint","urlTemplate":"https:\/\/www.fizzyvape.eu\/de\/?s={search_term_string}"},"query-input":{"@type":"PropertyValueSpecification","valueRequired":true,"valueName":"search_term_string"}}],"inLanguage":"de"},{"@type":"Organization","@id":"https:\/\/www.fizzyvape.eu\/de\/#organization","name":"fizzyvape.eu","url":"https:\/\/www.fizzyvape.eu\/de\/","logo":{"@type":"ImageObject","inLanguage":"de","@id":"https:\/\/www.fizzyvape.eu\/de\/#\/schema\/logo\/image\/","url":"https:\/\/fizzyvape.eu\/wp-content\/uploads\/2019\/06\/print-1.svg","contentUrl":"https:\/\/fizzyvape.eu\/wp-content\/uploads\/2019\/06\/print-1.svg","width":124,"height":37,"caption":"fizzyvape.eu"},"image":{"@id":"https:\/\/www.fizzyvape.eu\/de\/#\/schema\/logo\/image\/"}}]},"og_availability":"instock","product_availability":"instock","product_condition":"new"},"tiered_pricing_type":"fixed","tiered_pricing_fixed_rules":[],"tiered_pricing_product_settings":{"layout":"default","base_unit_name":{"singular":null,"plural":null},"default_variation":null},"tiered_pricing_minimum_quantity":null,"tiered_pricing_roles_data":[],"tiered_pricing_percentage_rules":[],"tiered_pricing_maximum_quantity":null,"tiered_pricing_quantity_step":null,"_links":{"self":[{"href":"https:\/\/fizzyvape.eu\/de\/wp-json\/wp\/v2\/product\/39061","targetHints":{"allow":["GET"]}}],"collection":[{"href":"https:\/\/fizzyvape.eu\/de\/wp-json\/wp\/v2\/product"}],"about":[{"href":"https:\/\/fizzyvape.eu\/de\/wp-json\/wp\/v2\/types\/product"}],"replies":[{"embeddable":true,"href":"https:\/\/fizzyvape.eu\/de\/wp-json\/wp\/v2\/comments?post=39061"}],"version-history":[{"count":0,"href":"https:\/\/fizzyvape.eu\/de\/wp-json\/wp\/v2\/product\/39061\/revisions"}],"wp:featuredmedia":[{"embeddable":true,"href":"https:\/\/fizzyvape.eu\/de\/wp-json\/wp\/v2\/media\/38845"}],"wp:attachment":[{"href":"https:\/\/fizzyvape.eu\/de\/wp-json\/wp\/v2\/media?parent=39061"}],"wp:term":[{"taxonomy":"product_brand","embeddable":true,"href":"https:\/\/fizzyvape.eu\/de\/wp-json\/wp\/v2\/product_brand?post=39061"},{"taxonomy":"product_cat","embeddable":true,"href":"https:\/\/fizzyvape.eu\/de\/wp-json\/wp\/v2\/product_cat?post=39061"},{"taxonomy":"product_tag","embeddable":true,"href":"https:\/\/fizzyvape.eu\/de\/wp-json\/wp\/v2\/product_tag?post=39061"}],"curies":[{"name":"wp","href":"https:\/\/api.w.org\/{rel}","templated":true}]}}