{"id":39115,"date":"2026-01-19T18:20:37","date_gmt":"2026-01-19T10:20:37","guid":{"rendered":"https:\/\/fizzyvape.eu\/product\/150k-puffs-blue-razz-rapsberry-wassermelone-kirsche-eis-erdbeere-traube-passionsfrucht-orange-pfirsich\/"},"modified":"2026-01-19T18:20:37","modified_gmt":"2026-01-19T10:20:37","slug":"150k-puffs-blue-razz-rapsberry-wassermelone-kirsche-eis-erdbeere-traube-passionsfrucht-orange-pfirsich","status":"publish","type":"product","link":"https:\/\/fizzyvape.eu\/de\/produkt\/150k-puffs-blue-razz-rapsberry-wassermelone-kirsche-eis-erdbeere-traube-passionsfrucht-orange-pfirsich\/","title":{"rendered":"150K Puffs &#8211; Blue Razz Rapsberry &amp; Wassermelone Kirsche Eis &amp; Erdbeere Traube &amp;Passionsfrucht Orange Pfirsich"},"content":{"rendered":"<p><img decoding=\"async\" class=\"wp-image-38869 size-large\" src=\"https:\/\/fizzyvape.eu\/wp-content\/uploads\/2026\/01\/Fizzy-15-in-1-150K-Puffs-Rechargeable-Disposable-Vape-Flavors-8-1-800x800.jpg\" alt=\"Fizzy 15-in-1 150K Puffs Wiederaufladbare Einweg-Vape-Aromen 8\" width=\"800\" height=\"800\" srcset=\"https:\/\/fizzyvape.eu\/wp-content\/uploads\/2026\/01\/Fizzy-15-in-1-150K-Puffs-Rechargeable-Disposable-Vape-Flavors-8-1-800x800.jpg 800w, https:\/\/fizzyvape.eu\/wp-content\/uploads\/2026\/01\/Fizzy-15-in-1-150K-Puffs-Rechargeable-Disposable-Vape-Flavors-8-1-300x300.jpg 300w, https:\/\/fizzyvape.eu\/wp-content\/uploads\/2026\/01\/Fizzy-15-in-1-150K-Puffs-Rechargeable-Disposable-Vape-Flavors-8-1-150x150.jpg 150w, https:\/\/fizzyvape.eu\/wp-content\/uploads\/2026\/01\/Fizzy-15-in-1-150K-Puffs-Rechargeable-Disposable-Vape-Flavors-8-1-768x768.jpg 768w, https:\/\/fizzyvape.eu\/wp-content\/uploads\/2026\/01\/Fizzy-15-in-1-150K-Puffs-Rechargeable-Disposable-Vape-Flavors-8-1-100x100.jpg 100w, https:\/\/fizzyvape.eu\/wp-content\/uploads\/2026\/01\/Fizzy-15-in-1-150K-Puffs-Rechargeable-Disposable-Vape-Flavors-8-1-200x200.jpg 200w, https:\/\/fizzyvape.eu\/wp-content\/uploads\/2026\/01\/Fizzy-15-in-1-150K-Puffs-Rechargeable-Disposable-Vape-Flavors-8-1-400x400.jpg 400w, https:\/\/fizzyvape.eu\/wp-content\/uploads\/2026\/01\/Fizzy-15-in-1-150K-Puffs-Rechargeable-Disposable-Vape-Flavors-8-1-500x500.jpg 500w, https:\/\/fizzyvape.eu\/wp-content\/uploads\/2026\/01\/Fizzy-15-in-1-150K-Puffs-Rechargeable-Disposable-Vape-Flavors-8-1-430x430.jpg 430w, https:\/\/fizzyvape.eu\/wp-content\/uploads\/2026\/01\/Fizzy-15-in-1-150K-Puffs-Rechargeable-Disposable-Vape-Flavors-8-1-700x700.jpg 700w, https:\/\/fizzyvape.eu\/wp-content\/uploads\/2026\/01\/Fizzy-15-in-1-150K-Puffs-Rechargeable-Disposable-Vape-Flavors-8-1.jpg 1000w\" sizes=\"(max-width: 800px) 100vw, 800px\" \/><\/p>\n<h2>Fizzy 150K Puffs &#8211; Blue Razz Rapsbeere &amp; Wassermelone Kirsche Eis &amp; Erdbeere Traube &amp;Passionsfrucht Orange Pfirsich<\/h2>\n<p>Der <b>Fizzy 150K Puffs Einwegdampfer<\/b> ist die ultimative L\u00f6sung f\u00fcr Dampfer, die alles haben wollen. Ausgestattet mit einem riesigen <b>80mL E-Liquid-Reservoir<\/b> und dem weltweit ersten <b>intelligenten 15-in-1-Schaltsystem<\/b>, ist dieses Ger\u00e4t so gebaut, dass es alles andere in Ihrer Sammlung \u00fcberdauert und \u00fcbertrifft. Diese spezielle Edition bietet eine erstklassige Auswahl an spritzigen Beeren, gefrorenen Melonen und sonnenverw\u00f6hnten exotischen Fr\u00fcchten f\u00fcr ein wirklich raffiniertes Erlebnis.  <\/p>\n<h2><b>\ud83c\udf08 Die 4-Pod Aromapalette<\/b><\/h2>\n<p>In diesem <b>150K Puffs Einwegdampfer<\/b> befinden sich vier unabh\u00e4ngige 20mL Pods. Genie\u00dfen Sie sie als eigenst\u00e4ndige Aromen oder verwenden Sie den intelligenten Schalter, um <b>sie zu 15 einzigartigen Hybridkombinationen<\/b> zu mischen: <\/p>\n<ul>\n<li><b>\ud83e\uded0 Blaue Razz Himbeere:<\/b> Eine lebhafte und spritzige Explosion von blauer Himbeere gemischt mit s\u00fc\u00dfen Obsthimbeeren.<\/li>\n<li><b>\ud83c\udf52 Wassermelone-Kirsch-Eis:<\/b> Saftige Sommer-Wassermelone trifft auf s\u00fc\u00dfe, dunkle Kirschen mit einem eisigen, arktischen Abgang.<\/li>\n<li><b>\ud83c\udf47 Erdbeer-Traube:<\/b> Eine reichhaltige, marmeladige Mischung aus sonnengereiften Erdbeeren und tiefen, s\u00fc\u00dfen violetten Trauben.<\/li>\n<li><b>\ud83c\udf4a Passionsfrucht-Orange-Pfirsich:<\/b> Ein tropisches Trio aus Zitrusfr\u00fcchten, das eine perfekte Balance aus Herbheit und samtiger Pfirsichs\u00fc\u00dfe bietet.<\/li>\n<\/ul>\n<p><img decoding=\"async\" class=\"wp-image-38407 size-full\" src=\"https:\/\/fizzyvape.eu\/wp-content\/uploads\/2025\/12\/Fizzy-150K-Puffs-Disposable-Vape-5-scaled.jpg\" alt=\"Fizzy 150K Puffs Einweg Vape - 5\" width=\"1663\" height=\"2560\" srcset=\"https:\/\/fizzyvape.eu\/wp-content\/uploads\/2025\/12\/Fizzy-150K-Puffs-Disposable-Vape-5-scaled.jpg 1663w, https:\/\/fizzyvape.eu\/wp-content\/uploads\/2025\/12\/Fizzy-150K-Puffs-Disposable-Vape-5-195x300.jpg 195w, https:\/\/fizzyvape.eu\/wp-content\/uploads\/2025\/12\/Fizzy-150K-Puffs-Disposable-Vape-5-520x800.jpg 520w, https:\/\/fizzyvape.eu\/wp-content\/uploads\/2025\/12\/Fizzy-150K-Puffs-Disposable-Vape-5-768x1182.jpg 768w, https:\/\/fizzyvape.eu\/wp-content\/uploads\/2025\/12\/Fizzy-150K-Puffs-Disposable-Vape-5-998x1536.jpg 998w, https:\/\/fizzyvape.eu\/wp-content\/uploads\/2025\/12\/Fizzy-150K-Puffs-Disposable-Vape-5-1330x2048.jpg 1330w, https:\/\/fizzyvape.eu\/wp-content\/uploads\/2025\/12\/Fizzy-150K-Puffs-Disposable-Vape-5-430x662.jpg 430w, https:\/\/fizzyvape.eu\/wp-content\/uploads\/2025\/12\/Fizzy-150K-Puffs-Disposable-Vape-5-700x1078.jpg 700w, https:\/\/fizzyvape.eu\/wp-content\/uploads\/2025\/12\/Fizzy-150K-Puffs-Disposable-Vape-5-150x231.jpg 150w\" sizes=\"(max-width: 1663px) 100vw, 1663px\" \/><\/p>\n<h2><b>\ud83d\udce6 Spezifikationen<\/b><\/h2>\n<table>\n<thead>\n<tr>\n<td><strong>Merkmal<\/strong><\/td>\n<td><strong>B2B Technische Daten<\/strong><\/td>\n<\/tr>\n<\/thead>\n<tbody>\n<tr>\n<td><b>Anzahl der Puffs<\/b><\/td>\n<td>Bis zu 150.000 Puffs<\/td>\n<\/tr>\n<tr>\n<td><b>E-Liquid Kapazit\u00e4t<\/b><\/td>\n<td><b>80mL insgesamt (20mL x 4 unabh\u00e4ngige Pods)<\/b><\/td>\n<\/tr>\n<tr>\n<td><b>Akku<\/b><\/td>\n<td>1000mAh Reines Kobalt (wiederaufladbar Typ-C)<\/td>\n<\/tr>\n<tr>\n<td><b>Geschmacksrichtungen<\/b><\/td>\n<td><b>15 intelligente Kombinationen (A\/B\/C\/D + Hybride)<\/b><\/td>\n<\/tr>\n<tr>\n<td><b>Spulen-System<\/b><\/td>\n<td>Quad-Mesh 1.0\u03a9 (Hochkonsistente Abgabe)<\/td>\n<\/tr>\n<tr>\n<td><b>Verpackung<\/b><\/td>\n<td>Einzelhandelsgerechte Display-Boxen<\/td>\n<\/tr>\n<\/tbody>\n<\/table>\n<h2><b>\ud83c\udfa8Fizzy<\/b>15-in-1 150K Puffs Wiederaufladbare <strong>Einweg-Vape Aromen Liste:<\/strong><\/h2>\n<ol>\n<li><a href=\"https:\/\/fizzyvape.eu\/de\/produkt\/150k-puffs-wassermelonen-eis-red-bull-erdbeer-himbeer-dreifach-melonen-eis\/\">Wassermeloneneis &amp; Red Bull &amp; Erdbeer-Himbeer &amp; Dreifach-Meloneneis<\/a><\/li>\n<li><a href=\"https:\/\/fizzyvape.eu\/de\/produkt\/150k-puffs-erdbeere-eis-kiwi-passionsfrucht-guave-pfirsich-mango-wassermelone-traube-burst\/\">Erdbeereis &amp; Kiwi Passionsfrucht Guave &amp; Pfirsich Mango Wassermelone &amp; Traube Burst<\/a><\/li>\n<li><a href=\"https:\/\/fizzyvape.eu\/de\/produkt\/150k-puffs-red-bull-erdbeere-kiwi-granatapfel-heidelbeere-eis-ananas-kokosnuss\/\">Red Bull &amp; Erdbeere Kiwi Granatapfel &amp; Heidelbeere Eis &amp; Ananas Kokosnuss<\/a><\/li>\n<li><a href=\"https:\/\/fizzyvape.eu\/de\/produkt\/150k-puffs-erdbeere-kiwi-gemischte-beeren-wassermelone-bubblegum-saftiger-pfirsich\/\">Erdbeer-Kiwi &amp; Gemischte Beeren &amp; Wassermelone Bubblegum &amp; Saftiger Pfirsich<\/a><\/li>\n<li><a href=\"https:\/\/fizzyvape.eu\/de\/produkt\/150k-puffs-blaubeer-himbeer-erdbeer-eis-blue-razz-limonade-wassermelone-gummibaerchen\/\">Heidelbeere-Himbeere &amp; Erdbeere Eis &amp; Blue Razz Limonade &amp; Wassermelone Gummib\u00e4rchen<\/a><\/li>\n<li><a href=\"https:\/\/fizzyvape.eu\/de\/produkt\/150k-puffs-tropischer-fruchtpunsch-wassermelone-himbeere-heidelbeere-kokosnuss-erdbeere-skittles\/\">Tropische Fruchtbowle &amp; Wassermelone Himbeere &amp; Heidelbeere Kokosnuss &amp; Erdbeere Skittles<\/a><\/li>\n<li><a href=\"https:\/\/fizzyvape.eu\/de\/produkt\/150k-puffs-liebe-66-erdbeere-kiwi-wassermelone-blaubeere-himbeere-limonade\/\">Liebe 66 &amp; Erdbeere Kiwi &amp; Wassermelone Heidelbeere &amp; Himbeerlimonade<\/a><\/li>\n<li><a href=\"https:\/\/fizzyvape.eu\/produkt\/fizzy-150k-puffs-fizzy-cola-berry-set\/\">Beerenmix &amp; Ananas Pfirsich Passionsfrucht &amp; Cola &amp; Erdbeere Himbeere<\/a><\/li>\n<li><a href=\"https:\/\/fizzyvape.eu\/de\/produkt\/150k-puffs-blue-razz-rapsberry-wassermelone-kirsche-eis-erdbeere-traube-passionsfrucht-orange-pfirsich\/\">blue razz rapsbeere &amp; wassermelone kirsche eis &amp; erdbeere traube &amp; passionsfrucht orange pfirsich<\/a><\/li>\n<li><a href=\"https:\/\/fizzyvape.eu\/produkt\/fizzy-150k-puffs-fizzy-cherry-citrus-set\/\">Sprudel Kirsche &amp; Erdbeere Drachenfrucht &amp; Zitrone Limette &amp; Wassermelone Heidelbeere<\/a><\/li>\n<li><a href=\"https:\/\/fizzyvape.eu\/produkt\/fizzy-150k-puffs-vanilla-coke-berry-set\/\">Erdbeer-Vanille-Cola &amp; Heidelbeere-Himbeere &amp; Wassermelone-Eis &amp; Kirsche-Beere<\/a><\/li>\n<li><a href=\"https:\/\/fizzyvape.eu\/produkt\/fizzy-150k-puffs-mojito-ice-set\/\">Heidelbeereis &amp; Erdbeere Wassermelone &amp; Mojito &amp; Kiwi Passionsfrucht Guave<\/a><\/li>\n<\/ol>\n<h2><b>\u2753 Schnell-FAQ<\/b><\/h2>\n<p><b>F: Wie erhalte ich Zugang zu allen 15 Geschmacksrichtungen des Fizzy 150K?<\/b><\/p>\n<p>A: Sie k\u00f6nnen die 4 Geschmacksrichtungen (A, B, C, D) einzeln rauchen. Wenn Sie den &#8220;Combo&#8221;-Modus auf dem Ger\u00e4t ausw\u00e4hlen, k\u00f6nnen Sie A+B, B+C, A+C usw. mischen und so 11 zus\u00e4tzliche hybride Geschmacksprofile erstellen, insgesamt also 15! <\/p>\n<p><b>F: Ist das 150K Puffs Einweg-Dampfger\u00e4t authentisch?<\/b><\/p>\n<p>A: Ja. Jedes Fizzy 150K enth\u00e4lt einen einzigartigen Sicherheits-Rubbelcode. Sie k\u00f6nnen Ihr Ger\u00e4t auf der offiziellen Fizzy-Website verifizieren, um seine Echtheit zu garantieren.  <\/p>\n<p><b>F: Wie kann ich es am besten aufladen?<\/b><\/p>\n<p>A: Verwenden Sie ein Standard-Typ-C-Kabel und einen 5V\/1A-Adapter. Vermeiden Sie &#8220;Schnellladeger\u00e4te&#8221; mit hoher Wattzahl, um die Lebensdauer des 1000mAh-Akkus zu verl\u00e4ngern. <\/p>\n","protected":false},"excerpt":{"rendered":"[html_block id=\"38779\"]\n","protected":false},"featured_media":38872,"comment_status":"open","ping_status":"closed","template":"","meta":{"iawp_total_views":0},"product_brand":[],"product_cat":[996],"product_tag":[],"class_list":{"0":"post-39115","1":"product","2":"type-product","3":"status-publish","4":"has-post-thumbnail","6":"product_cat-fizzy-150k-150-000-zuege-15-in-1-einweg-e-zigarette-mit-wiederaufladbarem-akku","8":"first","9":"instock","10":"sale","11":"shipping-taxable","12":"purchasable","13":"product-type-variable"},"yoast_head":"<!-- This site is optimized with the Yoast SEO Premium plugin v24.8 (Yoast SEO v27.4) - https:\/\/yoast.com\/product\/yoast-seo-premium-wordpress\/ -->\n<title>Fizzy Cola &amp; Mixed Berry | Fizzy 150K Puffs - 15-in-1 Geschmacksrichtungen<\/title>\n<meta name=\"description\" content=\"Probieren Sie Fizzy 150K Puffs Einwegdampfer mit Mixed Berry, Ananas Pfirsich Passionsfrucht, Fizzy Cola und Erdbeere Himbeere. 150.000 Z\u00fcge, kr\u00e4ftige Geschmacksschichten.\" \/>\n<meta name=\"robots\" content=\"index, follow, max-snippet:-1, max-image-preview:large, max-video-preview:-1\" \/>\n<link rel=\"canonical\" href=\"https:\/\/fizzyvape.eu\/de\/produkt\/150k-puffs-blue-razz-rapsberry-wassermelone-kirsche-eis-erdbeere-traube-passionsfrucht-orange-pfirsich\/\" \/>\n<meta property=\"og:locale\" content=\"de_DE\" \/>\n<meta property=\"og:type\" content=\"article\" \/>\n<meta property=\"og:title\" content=\"150K Puffs - Blue Razz Rapsberry &amp; Wassermelone Kirsche Eis &amp; Erdbeere Traube &amp;Passionsfrucht Orange Pfirsich\" \/>\n<meta property=\"og:description\" content=\"Probieren Sie Fizzy 150K Puffs Einwegdampfer mit Mixed Berry, Ananas Pfirsich Passionsfrucht, Fizzy Cola und Erdbeere Himbeere. 150.000 Z\u00fcge, kr\u00e4ftige Geschmacksschichten.\" \/>\n<meta property=\"og:url\" content=\"https:\/\/fizzyvape.eu\/de\/produkt\/150k-puffs-blue-razz-rapsberry-wassermelone-kirsche-eis-erdbeere-traube-passionsfrucht-orange-pfirsich\/\" \/>\n<meta property=\"og:site_name\" content=\"fizzyvape.eu\" \/>\n<meta property=\"og:image\" content=\"https:\/\/fizzyvape.eu\/wp-content\/uploads\/2026\/01\/Fizzy-15-in-1-150K-Puffs-Rechargeable-Disposable-Vape-Flavors-8-1.jpg\" \/>\n\t<meta property=\"og:image:width\" content=\"1000\" \/>\n\t<meta property=\"og:image:height\" content=\"1000\" \/>\n\t<meta property=\"og:image:type\" content=\"image\/jpeg\" \/>\n<meta name=\"twitter:card\" content=\"summary_large_image\" \/>\n<meta name=\"twitter:label1\" content=\"Verf\u00fcgbarkeit\" \/>\n\t<meta name=\"twitter:data1\" content=\"Auf Lager\" \/>\n<script type=\"application\/ld+json\" class=\"yoast-schema-graph\">{\"@context\":\"https:\\\/\\\/schema.org\",\"@graph\":[{\"@type\":\"WebPage\",\"@id\":\"https:\\\/\\\/fizzyvape.eu\\\/de\\\/produkt\\\/150k-puffs-blue-razz-rapsberry-wassermelone-kirsche-eis-erdbeere-traube-passionsfrucht-orange-pfirsich\\\/\",\"url\":\"https:\\\/\\\/fizzyvape.eu\\\/de\\\/produkt\\\/150k-puffs-blue-razz-rapsberry-wassermelone-kirsche-eis-erdbeere-traube-passionsfrucht-orange-pfirsich\\\/\",\"name\":\"Fizzy Cola & Mixed Berry | Fizzy 150K Puffs - 15-in-1 Geschmacksrichtungen\",\"isPartOf\":{\"@id\":\"https:\\\/\\\/www.fizzyvape.eu\\\/de\\\/#website\"},\"primaryImageOfPage\":{\"@id\":\"https:\\\/\\\/fizzyvape.eu\\\/de\\\/produkt\\\/150k-puffs-blue-razz-rapsberry-wassermelone-kirsche-eis-erdbeere-traube-passionsfrucht-orange-pfirsich\\\/#primaryimage\"},\"image\":{\"@id\":\"https:\\\/\\\/fizzyvape.eu\\\/de\\\/produkt\\\/150k-puffs-blue-razz-rapsberry-wassermelone-kirsche-eis-erdbeere-traube-passionsfrucht-orange-pfirsich\\\/#primaryimage\"},\"thumbnailUrl\":\"https:\\\/\\\/fizzyvape.eu\\\/wp-content\\\/uploads\\\/2026\\\/01\\\/Fizzy-15-in-1-150K-Puffs-Rechargeable-Disposable-Vape-Flavors-8-1.jpg\",\"datePublished\":\"2026-01-19T10:20:37+00:00\",\"description\":\"Probieren Sie Fizzy 150K Puffs Einwegdampfer mit Mixed Berry, Ananas Pfirsich Passionsfrucht, Fizzy Cola und Erdbeere Himbeere. 150.000 Z\u00fcge, kr\u00e4ftige Geschmacksschichten.\",\"breadcrumb\":{\"@id\":\"https:\\\/\\\/fizzyvape.eu\\\/de\\\/produkt\\\/150k-puffs-blue-razz-rapsberry-wassermelone-kirsche-eis-erdbeere-traube-passionsfrucht-orange-pfirsich\\\/#breadcrumb\"},\"inLanguage\":\"de\",\"potentialAction\":[{\"@type\":\"ReadAction\",\"target\":[\"https:\\\/\\\/fizzyvape.eu\\\/de\\\/produkt\\\/150k-puffs-blue-razz-rapsberry-wassermelone-kirsche-eis-erdbeere-traube-passionsfrucht-orange-pfirsich\\\/\"]}]},{\"@type\":\"ImageObject\",\"inLanguage\":\"de\",\"@id\":\"https:\\\/\\\/fizzyvape.eu\\\/de\\\/produkt\\\/150k-puffs-blue-razz-rapsberry-wassermelone-kirsche-eis-erdbeere-traube-passionsfrucht-orange-pfirsich\\\/#primaryimage\",\"url\":\"https:\\\/\\\/fizzyvape.eu\\\/wp-content\\\/uploads\\\/2026\\\/01\\\/Fizzy-15-in-1-150K-Puffs-Rechargeable-Disposable-Vape-Flavors-8-1.jpg\",\"contentUrl\":\"https:\\\/\\\/fizzyvape.eu\\\/wp-content\\\/uploads\\\/2026\\\/01\\\/Fizzy-15-in-1-150K-Puffs-Rechargeable-Disposable-Vape-Flavors-8-1.jpg\",\"width\":1000,\"height\":1000,\"caption\":\"Fizzy 15-in-1 150K Puffs Wiederaufladbare Einweg-Vape-Aromen 8\"},{\"@type\":\"BreadcrumbList\",\"@id\":\"https:\\\/\\\/fizzyvape.eu\\\/de\\\/produkt\\\/150k-puffs-blue-razz-rapsberry-wassermelone-kirsche-eis-erdbeere-traube-passionsfrucht-orange-pfirsich\\\/#breadcrumb\",\"itemListElement\":[{\"@type\":\"ListItem\",\"position\":1,\"name\":\"Home\",\"item\":\"https:\\\/\\\/fizzyvape.eu\\\/de\\\/\"},{\"@type\":\"ListItem\",\"position\":2,\"name\":\"Shop\",\"item\":\"https:\\\/\\\/www.fizzyvape.eu\\\/de\\\/shop\\\/\"},{\"@type\":\"ListItem\",\"position\":3,\"name\":\"150K Puffs &#8211; Blue Razz Rapsberry &amp; Wassermelone Kirsche Eis &amp; Erdbeere Traube &amp;Passionsfrucht Orange Pfirsich\"}]},{\"@type\":\"WebSite\",\"@id\":\"https:\\\/\\\/www.fizzyvape.eu\\\/de\\\/#website\",\"url\":\"https:\\\/\\\/www.fizzyvape.eu\\\/de\\\/\",\"name\":\"fizzyvape.eu\",\"description\":\"Refreshing Vapes. Unforgettable Taste.\",\"publisher\":{\"@id\":\"https:\\\/\\\/www.fizzyvape.eu\\\/de\\\/#organization\"},\"potentialAction\":[{\"@type\":\"SearchAction\",\"target\":{\"@type\":\"EntryPoint\",\"urlTemplate\":\"https:\\\/\\\/www.fizzyvape.eu\\\/de\\\/?s={search_term_string}\"},\"query-input\":{\"@type\":\"PropertyValueSpecification\",\"valueRequired\":true,\"valueName\":\"search_term_string\"}}],\"inLanguage\":\"de\"},{\"@type\":\"Organization\",\"@id\":\"https:\\\/\\\/www.fizzyvape.eu\\\/de\\\/#organization\",\"name\":\"fizzyvape.eu\",\"url\":\"https:\\\/\\\/www.fizzyvape.eu\\\/de\\\/\",\"logo\":{\"@type\":\"ImageObject\",\"inLanguage\":\"de\",\"@id\":\"https:\\\/\\\/www.fizzyvape.eu\\\/de\\\/#\\\/schema\\\/logo\\\/image\\\/\",\"url\":\"https:\\\/\\\/fizzyvape.eu\\\/wp-content\\\/uploads\\\/2019\\\/06\\\/print-1.svg\",\"contentUrl\":\"https:\\\/\\\/fizzyvape.eu\\\/wp-content\\\/uploads\\\/2019\\\/06\\\/print-1.svg\",\"width\":124,\"height\":37,\"caption\":\"fizzyvape.eu\"},\"image\":{\"@id\":\"https:\\\/\\\/www.fizzyvape.eu\\\/de\\\/#\\\/schema\\\/logo\\\/image\\\/\"}}]}<\/script>\n<meta property=\"og:availability\" content=\"instock\" \/>\n<meta property=\"product:availability\" content=\"instock\" \/>\n<meta property=\"product:condition\" content=\"new\" \/>\n<!-- \/ Yoast SEO Premium plugin. -->","yoast_head_json":{"title":"Fizzy Cola & Mixed Berry | Fizzy 150K Puffs - 15-in-1 Geschmacksrichtungen","description":"Probieren Sie Fizzy 150K Puffs Einwegdampfer mit Mixed Berry, Ananas Pfirsich Passionsfrucht, Fizzy Cola und Erdbeere Himbeere. 150.000 Z\u00fcge, kr\u00e4ftige Geschmacksschichten.","robots":{"index":"index","follow":"follow","max-snippet":"max-snippet:-1","max-image-preview":"max-image-preview:large","max-video-preview":"max-video-preview:-1"},"canonical":"https:\/\/fizzyvape.eu\/de\/produkt\/150k-puffs-blue-razz-rapsberry-wassermelone-kirsche-eis-erdbeere-traube-passionsfrucht-orange-pfirsich\/","og_locale":"de_DE","og_type":"article","og_title":"150K Puffs - Blue Razz Rapsberry &amp; Wassermelone Kirsche Eis &amp; Erdbeere Traube &amp;Passionsfrucht Orange Pfirsich","og_description":"Probieren Sie Fizzy 150K Puffs Einwegdampfer mit Mixed Berry, Ananas Pfirsich Passionsfrucht, Fizzy Cola und Erdbeere Himbeere. 150.000 Z\u00fcge, kr\u00e4ftige Geschmacksschichten.","og_url":"https:\/\/fizzyvape.eu\/de\/produkt\/150k-puffs-blue-razz-rapsberry-wassermelone-kirsche-eis-erdbeere-traube-passionsfrucht-orange-pfirsich\/","og_site_name":"fizzyvape.eu","og_image":[{"width":1000,"height":1000,"url":"https:\/\/fizzyvape.eu\/wp-content\/uploads\/2026\/01\/Fizzy-15-in-1-150K-Puffs-Rechargeable-Disposable-Vape-Flavors-8-1.jpg","type":"image\/jpeg"}],"twitter_card":"summary_large_image","twitter_misc":{"Verf\u00fcgbarkeit":"Auf Lager"},"schema":{"@context":"https:\/\/schema.org","@graph":[{"@type":"WebPage","@id":"https:\/\/fizzyvape.eu\/de\/produkt\/150k-puffs-blue-razz-rapsberry-wassermelone-kirsche-eis-erdbeere-traube-passionsfrucht-orange-pfirsich\/","url":"https:\/\/fizzyvape.eu\/de\/produkt\/150k-puffs-blue-razz-rapsberry-wassermelone-kirsche-eis-erdbeere-traube-passionsfrucht-orange-pfirsich\/","name":"Fizzy Cola & Mixed Berry | Fizzy 150K Puffs - 15-in-1 Geschmacksrichtungen","isPartOf":{"@id":"https:\/\/www.fizzyvape.eu\/de\/#website"},"primaryImageOfPage":{"@id":"https:\/\/fizzyvape.eu\/de\/produkt\/150k-puffs-blue-razz-rapsberry-wassermelone-kirsche-eis-erdbeere-traube-passionsfrucht-orange-pfirsich\/#primaryimage"},"image":{"@id":"https:\/\/fizzyvape.eu\/de\/produkt\/150k-puffs-blue-razz-rapsberry-wassermelone-kirsche-eis-erdbeere-traube-passionsfrucht-orange-pfirsich\/#primaryimage"},"thumbnailUrl":"https:\/\/fizzyvape.eu\/wp-content\/uploads\/2026\/01\/Fizzy-15-in-1-150K-Puffs-Rechargeable-Disposable-Vape-Flavors-8-1.jpg","datePublished":"2026-01-19T10:20:37+00:00","description":"Probieren Sie Fizzy 150K Puffs Einwegdampfer mit Mixed Berry, Ananas Pfirsich Passionsfrucht, Fizzy Cola und Erdbeere Himbeere. 150.000 Z\u00fcge, kr\u00e4ftige Geschmacksschichten.","breadcrumb":{"@id":"https:\/\/fizzyvape.eu\/de\/produkt\/150k-puffs-blue-razz-rapsberry-wassermelone-kirsche-eis-erdbeere-traube-passionsfrucht-orange-pfirsich\/#breadcrumb"},"inLanguage":"de","potentialAction":[{"@type":"ReadAction","target":["https:\/\/fizzyvape.eu\/de\/produkt\/150k-puffs-blue-razz-rapsberry-wassermelone-kirsche-eis-erdbeere-traube-passionsfrucht-orange-pfirsich\/"]}]},{"@type":"ImageObject","inLanguage":"de","@id":"https:\/\/fizzyvape.eu\/de\/produkt\/150k-puffs-blue-razz-rapsberry-wassermelone-kirsche-eis-erdbeere-traube-passionsfrucht-orange-pfirsich\/#primaryimage","url":"https:\/\/fizzyvape.eu\/wp-content\/uploads\/2026\/01\/Fizzy-15-in-1-150K-Puffs-Rechargeable-Disposable-Vape-Flavors-8-1.jpg","contentUrl":"https:\/\/fizzyvape.eu\/wp-content\/uploads\/2026\/01\/Fizzy-15-in-1-150K-Puffs-Rechargeable-Disposable-Vape-Flavors-8-1.jpg","width":1000,"height":1000,"caption":"Fizzy 15-in-1 150K Puffs Wiederaufladbare Einweg-Vape-Aromen 8"},{"@type":"BreadcrumbList","@id":"https:\/\/fizzyvape.eu\/de\/produkt\/150k-puffs-blue-razz-rapsberry-wassermelone-kirsche-eis-erdbeere-traube-passionsfrucht-orange-pfirsich\/#breadcrumb","itemListElement":[{"@type":"ListItem","position":1,"name":"Home","item":"https:\/\/fizzyvape.eu\/de\/"},{"@type":"ListItem","position":2,"name":"Shop","item":"https:\/\/www.fizzyvape.eu\/de\/shop\/"},{"@type":"ListItem","position":3,"name":"150K Puffs &#8211; Blue Razz Rapsberry &amp; Wassermelone Kirsche Eis &amp; Erdbeere Traube &amp;Passionsfrucht Orange Pfirsich"}]},{"@type":"WebSite","@id":"https:\/\/www.fizzyvape.eu\/de\/#website","url":"https:\/\/www.fizzyvape.eu\/de\/","name":"fizzyvape.eu","description":"Refreshing Vapes. Unforgettable Taste.","publisher":{"@id":"https:\/\/www.fizzyvape.eu\/de\/#organization"},"potentialAction":[{"@type":"SearchAction","target":{"@type":"EntryPoint","urlTemplate":"https:\/\/www.fizzyvape.eu\/de\/?s={search_term_string}"},"query-input":{"@type":"PropertyValueSpecification","valueRequired":true,"valueName":"search_term_string"}}],"inLanguage":"de"},{"@type":"Organization","@id":"https:\/\/www.fizzyvape.eu\/de\/#organization","name":"fizzyvape.eu","url":"https:\/\/www.fizzyvape.eu\/de\/","logo":{"@type":"ImageObject","inLanguage":"de","@id":"https:\/\/www.fizzyvape.eu\/de\/#\/schema\/logo\/image\/","url":"https:\/\/fizzyvape.eu\/wp-content\/uploads\/2019\/06\/print-1.svg","contentUrl":"https:\/\/fizzyvape.eu\/wp-content\/uploads\/2019\/06\/print-1.svg","width":124,"height":37,"caption":"fizzyvape.eu"},"image":{"@id":"https:\/\/www.fizzyvape.eu\/de\/#\/schema\/logo\/image\/"}}]},"og_availability":"instock","product_availability":"instock","product_condition":"new"},"tiered_pricing_type":"fixed","tiered_pricing_fixed_rules":[],"tiered_pricing_product_settings":{"layout":"default","base_unit_name":{"singular":null,"plural":null},"default_variation":null},"tiered_pricing_minimum_quantity":null,"tiered_pricing_roles_data":[],"tiered_pricing_percentage_rules":[],"tiered_pricing_maximum_quantity":null,"tiered_pricing_quantity_step":null,"_links":{"self":[{"href":"https:\/\/fizzyvape.eu\/de\/wp-json\/wp\/v2\/product\/39115","targetHints":{"allow":["GET"]}}],"collection":[{"href":"https:\/\/fizzyvape.eu\/de\/wp-json\/wp\/v2\/product"}],"about":[{"href":"https:\/\/fizzyvape.eu\/de\/wp-json\/wp\/v2\/types\/product"}],"replies":[{"embeddable":true,"href":"https:\/\/fizzyvape.eu\/de\/wp-json\/wp\/v2\/comments?post=39115"}],"version-history":[{"count":0,"href":"https:\/\/fizzyvape.eu\/de\/wp-json\/wp\/v2\/product\/39115\/revisions"}],"wp:featuredmedia":[{"embeddable":true,"href":"https:\/\/fizzyvape.eu\/de\/wp-json\/wp\/v2\/media\/38872"}],"wp:attachment":[{"href":"https:\/\/fizzyvape.eu\/de\/wp-json\/wp\/v2\/media?parent=39115"}],"wp:term":[{"taxonomy":"product_brand","embeddable":true,"href":"https:\/\/fizzyvape.eu\/de\/wp-json\/wp\/v2\/product_brand?post=39115"},{"taxonomy":"product_cat","embeddable":true,"href":"https:\/\/fizzyvape.eu\/de\/wp-json\/wp\/v2\/product_cat?post=39115"},{"taxonomy":"product_tag","embeddable":true,"href":"https:\/\/fizzyvape.eu\/de\/wp-json\/wp\/v2\/product_tag?post=39115"}],"curies":[{"name":"wp","href":"https:\/\/api.w.org\/{rel}","templated":true}]}}