{"id":24528,"date":"2025-04-09T09:36:02","date_gmt":"2025-04-09T01:36:02","guid":{"rendered":"https:\/\/fizzyvape.eu\/product\/fizzy-great-10000-bocanadas-50pcs\/"},"modified":"2025-04-09T09:36:02","modified_gmt":"2025-04-09T01:36:02","slug":"fizzy-great-10000-bocanadas-50pcs","status":"publish","type":"product","link":"https:\/\/fizzyvape.eu\/es\/producto\/fizzy-great-10000-bocanadas-50pcs\/","title":{"rendered":"Fizzy Great 10000 bocanadas &#8211; 50pcs"},"content":{"rendered":"<div>\n<h1><strong>Fizzy Great 10000 Puffs &#8211; Caja ciega de 50 unidades de sabor misterioso<\/strong><\/h1>\n<p>\u00a1Descubre la emoci\u00f3n de <strong>50 vaporizadores desechables de primera calidad<\/strong> en una <strong>caja ciega de sabores misteriosos Fizzy Great<\/strong> de edici\u00f3n limitada! Cada dispositivo proporciona <strong>10.000 caladas ultrasuaves<\/strong> de un sabor perfecto creado en laboratorio, seleccionado aleatoriamente de la gama m\u00e1s vendida de Fizzy Great. \u00bfRecibir\u00e1s <strong>sand\u00eda jugosa<\/strong>, <strong>melocot\u00f3n tropical con pi\u00f1a<\/strong> o <strong>ar\u00e1ndanos helados<\/strong>? \u00a1La emoci\u00f3n forma parte de la experiencia!  <\/p>\n<h2><strong>Caracter\u00edsticas principales<\/strong><\/h2>\n<p>\u2714 <strong>50 x 10.000 Puffs<\/strong> &#8211; Paquete de valor masivo (\u00a1m\u00e1s de 500.000 puffs en total!)<br \/>\n\u2714 <strong>10 Sabores Premium<\/strong> &#8211; Elegidos al azar entre los m\u00e1s vendidos de Fizzy Great (consulta la lista completa m\u00e1s abajo)<br \/>\n\u2714 <strong>Mantenimiento cero<\/strong> &#8211; Precargado, precargado y listo para usar<br \/>\n\u2714 <strong>Tecnolog\u00eda de bobina de malla<\/strong>: sabor rico y consistente y nubes densas<br \/>\n\u2714 <strong>Compacto y f\u00e1cil de transportar<\/strong> &#8211; Conforme a la TSA (donde est\u00e9 permitido) <\/p>\n<h3><strong>\u00bfPor qu\u00e9 elegir la Caja Ciega Misteriosa?<\/strong><\/h3>\n<p>\ud83c\udf81 <strong>Elemento sorpresa<\/strong>: No te aburras: \u00a1cada aparato es una aventura llena de sabor!<br \/>\n\ud83d\udcb0 <strong>Ahorro a granel<\/strong>: 50 dispositivos a una fracci\u00f3n del precio de venta al p\u00fablico.<br \/>\n\ud83d\udce6 <strong>Preparado para revendedores<\/strong>: Producto de gran demanda con un atractivo irresistible al abrir la caja.<\/p>\n<\/div>\n<div>\n<h3>Especificaciones<\/h3>\n<table>\n<tbody>\n<tr>\n<td>Puffs<\/td>\n<td><strong>10000+ Puffs<\/strong><\/td>\n<\/tr>\n<tr>\n<td>Capacidad del e-l\u00edquido<\/td>\n<td><strong>18 ml<\/strong><\/td>\n<\/tr>\n<tr>\n<td>Capacidad de la bater\u00eda<\/td>\n<td><strong>650 mAh<\/strong><\/td>\n<\/tr>\n<tr>\n<td>Bobina de malla<\/td>\n<td><strong>1.4\u03a9<\/strong><\/td>\n<\/tr>\n<tr>\n<td>Tama\u00f1o<\/td>\n<td><strong>53*30*85,3 mm<\/strong><\/td>\n<\/tr>\n<tr>\n<td>Desechable o no<\/td>\n<td><strong>Desechable<\/strong><\/td>\n<\/tr>\n<tr>\n<td>M\u00e9todo de carga<\/td>\n<td><strong>Cable<\/strong><\/td>\n<\/tr>\n<tr>\n<td>M\u00e9todo de activaci\u00f3n<\/td>\n<td><strong>\u00c1cidoSensor<\/strong><\/td>\n<\/tr>\n<tr>\n<td>Nivel de nicotina<\/td>\n<td><strong>2%(20mg\/ml) y 5%(50mg\/ml)<\/strong><\/td>\n<\/tr>\n<tr>\n<td>Sabores<\/td>\n<td><strong>10<\/strong><\/td>\n<\/tr>\n<tr>\n<td>Embalaje<\/td>\n<td><strong>1 paquete<\/strong><\/td>\n<\/tr>\n<tr>\n<td>Tiempo de carga<\/td>\n<td><strong>2 horas<\/strong><\/td>\n<\/tr>\n<tr>\n<td>Almacenamiento<\/td>\n<td><strong>Evita los entornos con altas temperaturas y gu\u00e1rdalo en un lugar fresco y seco.<\/strong><\/td>\n<\/tr>\n<tr>\n<td>Personas cuyo uso est\u00e1 prohibido<\/td>\n<td><strong>Menores, mujeres embarazadas y personas al\u00e9rgicas a los ingredientes del producto.<\/strong><\/td>\n<\/tr>\n<tr>\n<td>Precauci\u00f3n<\/td>\n<td><strong>No tragues esta sustancia. En caso de ingesti\u00f3n, enju\u00e1gate bien la boca inmediatamente. Si te encuentras mal, acude al m\u00e9dico.  <\/strong><\/td>\n<\/tr>\n<\/tbody>\n<\/table>\n<h3>Lista de sabores de <strong>Fizzy Great<\/strong> 10000 Puffs:<\/h3>\n<ol>\n<li><a href=\"https:\/\/fizzyvape.eu\/es\/producto\/fizzy-gran-sandia-10000-bocanadas\/\">Sand\u00eda<\/a><\/li>\n<li><a href=\"https:\/\/fizzyvape.eu\/es\/producto\/fizzy-great-blueberry-ice-10000-bocanadas\/\">Hielo de ar\u00e1ndanos<\/a><\/li>\n<li><a href=\"https:\/\/fizzyvape.eu\/es\/producto\/fizzy-great-grape-ice-10000-bocanadas\/\">Hielo de uva<\/a><\/li>\n<li><a href=\"https:\/\/fizzyvape.eu\/es\/producto\/fizzy-great-lychee-limon-10000-caladas\/\">Lichi Lim\u00f3n<\/a><\/li>\n<li><a href=\"https:\/\/fizzyvape.eu\/es\/producto\/fizzy-great-pina-melocoton-fruta-de-la-pasion-10000-bocanadas\/\">Pi\u00f1a Melocot\u00f3n Fruta de la pasi\u00f3n<\/a><\/li>\n<li><a href=\"https:\/\/fizzyvape.eu\/es\/producto\/fizzy-gran-frambuesa-uva-10000-bocanadas\/\">Frambuesa Uva<\/a><\/li>\n<li><a href=\"https:\/\/fizzyvape.eu\/es\/producto\/fizzy-gran-melocoton-10000-bocanadas\/\">Melocot\u00f3n<\/a><\/li>\n<li><a href=\"https:\/\/fizzyvape.eu\/es\/producto\/fizzy-great-mango-melocoton-10000-bocanadas\/\">Mango Melocot\u00f3n<\/a><\/li>\n<li><a href=\"https:\/\/fizzyvape.eu\/es\/producto\/fizzy-great-mixed-berry-10000-bocanadas\/\">Mezcla de bayas<\/a><\/li>\n<li><a href=\"https:\/\/fizzyvape.eu\/es\/producto\/fizzy-great-sandia-fresa-limonada-10000-caladas\/\">Limonada de fresa y sand\u00eda<\/a><\/li>\n<\/ol>\n<h3><strong>Preguntas frecuentes <\/strong><strong>Fizzy Great 10000 Puffs <\/strong><strong>Vapea<\/strong><\/h3>\n<p>1.  <strong>\u00bfHasta qu\u00e9 punto son aleatorios los sabores de la caja ciega?<\/strong><br \/>\nCada dispositivo Fizzy Great 10000 Puffs de la caja ciega est\u00e1 aleatorizado individualmente de nuestros 10 sabores m\u00e1s vendidos: \u00a1no se garantizan duplicados dentro de una misma caja! Puede que saques de la caja una mezcla de sabores afrutados, helados y tropicales para una variedad infinita. <\/p>\n<p>2.<strong> \u00bfMerece la pena el precio de esta caja ciega en comparaci\u00f3n con la compra de sabores sueltos?<\/strong><br \/>\n\u00a1Por supuesto! Este lote de 50 paquetes ofrece m\u00e1s de 500.000 caladas en total con un importante descuento por volumen (hasta un 30% sobre el precio de venta al p\u00fablico). Adem\u00e1s, el elemento misterioso a\u00f1ade diversi\u00f3n para uso personal o valor de reventa.  <\/p>\n<p><strong>3. \u00bfPuedo pedir sabores espec\u00edficos o evitar algunos?<\/strong><br \/>\nLa caja ciega est\u00e1 dise\u00f1ada para sorprender y descubrir, por lo que no se pueden pedir sabores. Sin embargo, los 10 sabores son los favoritos de los clientes -desde la dulce Sand\u00eda al refrescante Hielo de Ar\u00e1ndanos-, \u00a1as\u00ed que no hay &#8220;mala&#8221; elecci\u00f3n! <\/p>\n<p><strong>4. \u00bfCu\u00e1nto durar\u00e1n 50 aparatos para una persona?<\/strong><br \/>\nA los vapeadores moderados (~500 caladas\/d\u00eda), este paquete les dura m\u00e1s de 6 meses. Los grandes consumidores (~1.000 caladas\/d\u00eda) disfrutan de m\u00e1s de 3 meses, \u00a1perfecto para abastecerse o compartir con amigos! <\/p>\n<\/div>\n","protected":false},"excerpt":{"rendered":"<p><strong>Fizzy Great 10000 Puffs &#8211; 50pc Mystery Flavor Blind Box<\/strong><br \/>\n\u00a1Entra en la caja <strong>50 vaporizadores desechables de primera calidad<\/strong> en este <strong>paquete misterioso de edici\u00f3n limitada, cada uno<\/strong>con <strong>10.000 caladas ultrasuaves<\/strong> de una perfecci\u00f3n de sabor elaborada en laboratorio! Consigue una emocionante mezcla de <strong>los 10 sabores m\u00e1s vendidos<\/strong>, como <strong>Sand\u00eda Jugosa, Ar\u00e1ndano Helado y Melocot\u00f3n Tropical con Pi\u00f1a, todos<\/strong>aleatorizados para sorprender y variar. Disfruta de <strong>m\u00e1s de 500.000 caladas en total<\/strong>, <strong>sin mantenimiento<\/strong>, y <strong>ricas nubes de bobina de malla<\/strong> en un dise\u00f1o <strong>apto para la TSA<\/strong>. Perfecto para <strong>exploradores de sabores, compradores a granel y revendedores<\/strong>.   <\/p>\n<p>\ud83d\udd25 <strong>Oferta limitada: \u00a1Consigue 50 unidades a un precio especial con descuento!<\/strong> \ud83d\udd25<\/p>\n","protected":false},"featured_media":22595,"comment_status":"open","ping_status":"closed","template":"","meta":{"iawp_total_views":0},"product_brand":[],"product_cat":[675,271],"product_tag":[272,273],"class_list":{"0":"post-24528","1":"product","2":"type-product","3":"status-publish","4":"has-post-thumbnail","6":"product_cat-bulk-deals-2-es","7":"product_cat-great-es","8":"product_tag-10000-bocanadas","9":"product_tag-limonada-de-fresa-y-sandia","11":"first","12":"outofstock","13":"sale","14":"shipping-taxable","15":"purchasable","16":"product-type-variable"},"yoast_head":"<!-- This site is optimized with the Yoast SEO Premium plugin v24.8 (Yoast SEO v24.8) - https:\/\/yoast.com\/wordpress\/plugins\/seo\/ -->\n<title>Fizzy Great 10000 bocanadas - 50pcs - fizzyvape.eu<\/title>\n<meta name=\"description\" content=\"Fizzy Great Watermelon Strawberry Lemonade 10000 Puffs - vape de verano con sand\u00eda jugosa, fresa y limonada picante. \u00a1Precio especial de 50 unidades!\" \/>\n<meta name=\"robots\" content=\"index, follow, max-snippet:-1, max-image-preview:large, max-video-preview:-1\" \/>\n<link rel=\"canonical\" href=\"https:\/\/fizzyvape.eu\/es\/producto\/fizzy-great-10000-bocanadas-50pcs\/\" \/>\n<meta property=\"og:locale\" content=\"es_ES\" \/>\n<meta property=\"og:type\" content=\"article\" \/>\n<meta property=\"og:title\" content=\"Fizzy Great 10000 bocanadas - 50pcs\" \/>\n<meta property=\"og:description\" content=\"Fizzy Great Watermelon Strawberry Lemonade 10000 Puffs - vape de verano con sand\u00eda jugosa, fresa y limonada picante. \u00a1Precio especial de 50 unidades!\" \/>\n<meta property=\"og:url\" content=\"https:\/\/fizzyvape.eu\/es\/producto\/fizzy-great-10000-bocanadas-50pcs\/\" \/>\n<meta property=\"og:site_name\" content=\"fizzyvape.eu\" \/>\n<meta property=\"og:image\" content=\"https:\/\/www.fizzyvape.eu\/wp-content\/uploads\/2025\/04\/FizzyVape-Great-10KPuff-Main08.jpg\" \/>\n\t<meta property=\"og:image:width\" content=\"1057\" \/>\n\t<meta property=\"og:image:height\" content=\"1037\" \/>\n\t<meta property=\"og:image:type\" content=\"image\/jpeg\" \/>\n<meta name=\"twitter:card\" content=\"summary_large_image\" \/>\n<meta name=\"twitter:label1\" content=\"Disponibilidad\" \/>\n\t<meta name=\"twitter:data1\" content=\"Sin existencias\" \/>\n<script type=\"application\/ld+json\" class=\"yoast-schema-graph\">{\"@context\":\"https:\/\/schema.org\",\"@graph\":[{\"@type\":\"WebPage\",\"@id\":\"https:\/\/fizzyvape.eu\/es\/producto\/fizzy-great-10000-bocanadas-50pcs\/\",\"url\":\"https:\/\/fizzyvape.eu\/es\/producto\/fizzy-great-10000-bocanadas-50pcs\/\",\"name\":\"Fizzy Great 10000 bocanadas - 50pcs - fizzyvape.eu\",\"isPartOf\":{\"@id\":\"https:\/\/www.fizzyvape.eu\/es\/#website\"},\"primaryImageOfPage\":{\"@id\":\"https:\/\/fizzyvape.eu\/es\/producto\/fizzy-great-10000-bocanadas-50pcs\/#primaryimage\"},\"image\":{\"@id\":\"https:\/\/fizzyvape.eu\/es\/producto\/fizzy-great-10000-bocanadas-50pcs\/#primaryimage\"},\"thumbnailUrl\":\"https:\/\/fizzyvape.eu\/wp-content\/uploads\/2025\/04\/FizzyVape-Great-10KPuff-Main08.jpg\",\"datePublished\":\"2025-04-09T01:36:02+00:00\",\"description\":\"Fizzy Great Watermelon Strawberry Lemonade 10000 Puffs - vape de verano con sand\u00eda jugosa, fresa y limonada picante. \u00a1Precio especial de 50 unidades!\",\"breadcrumb\":{\"@id\":\"https:\/\/fizzyvape.eu\/es\/producto\/fizzy-great-10000-bocanadas-50pcs\/#breadcrumb\"},\"inLanguage\":\"es\",\"potentialAction\":[{\"@type\":\"ReadAction\",\"target\":[\"https:\/\/fizzyvape.eu\/es\/producto\/fizzy-great-10000-bocanadas-50pcs\/\"]}]},{\"@type\":\"ImageObject\",\"inLanguage\":\"es\",\"@id\":\"https:\/\/fizzyvape.eu\/es\/producto\/fizzy-great-10000-bocanadas-50pcs\/#primaryimage\",\"url\":\"https:\/\/fizzyvape.eu\/wp-content\/uploads\/2025\/04\/FizzyVape-Great-10KPuff-Main08.jpg\",\"contentUrl\":\"https:\/\/fizzyvape.eu\/wp-content\/uploads\/2025\/04\/FizzyVape-Great-10KPuff-Main08.jpg\",\"width\":1057,\"height\":1037},{\"@type\":\"BreadcrumbList\",\"@id\":\"https:\/\/fizzyvape.eu\/es\/producto\/fizzy-great-10000-bocanadas-50pcs\/#breadcrumb\",\"itemListElement\":[{\"@type\":\"ListItem\",\"position\":1,\"name\":\"Home\",\"item\":\"https:\/\/fizzyvape.eu\/es\/\"},{\"@type\":\"ListItem\",\"position\":2,\"name\":\"Tienda\",\"item\":\"https:\/\/www.fizzyvape.eu\/es\/tienda\/\"},{\"@type\":\"ListItem\",\"position\":3,\"name\":\"Fizzy Great 10000 bocanadas &#8211; 50pcs\"}]},{\"@type\":\"WebSite\",\"@id\":\"https:\/\/www.fizzyvape.eu\/es\/#website\",\"url\":\"https:\/\/www.fizzyvape.eu\/es\/\",\"name\":\"fizzyvape.eu\",\"description\":\"Refreshing Vapes. Unforgettable Taste.\",\"publisher\":{\"@id\":\"https:\/\/www.fizzyvape.eu\/es\/#organization\"},\"potentialAction\":[{\"@type\":\"SearchAction\",\"target\":{\"@type\":\"EntryPoint\",\"urlTemplate\":\"https:\/\/www.fizzyvape.eu\/es\/?s={search_term_string}\"},\"query-input\":{\"@type\":\"PropertyValueSpecification\",\"valueRequired\":true,\"valueName\":\"search_term_string\"}}],\"inLanguage\":\"es\"},{\"@type\":\"Organization\",\"@id\":\"https:\/\/www.fizzyvape.eu\/es\/#organization\",\"name\":\"fizzyvape.eu\",\"url\":\"https:\/\/www.fizzyvape.eu\/es\/\",\"logo\":{\"@type\":\"ImageObject\",\"inLanguage\":\"es\",\"@id\":\"https:\/\/www.fizzyvape.eu\/es\/#\/schema\/logo\/image\/\",\"url\":\"https:\/\/fizzyvape.eu\/wp-content\/uploads\/2019\/06\/print-1.svg\",\"contentUrl\":\"https:\/\/fizzyvape.eu\/wp-content\/uploads\/2019\/06\/print-1.svg\",\"width\":124,\"height\":37,\"caption\":\"fizzyvape.eu\"},\"image\":{\"@id\":\"https:\/\/www.fizzyvape.eu\/es\/#\/schema\/logo\/image\/\"}}]}<\/script>\n<meta property=\"og:availability\" content=\"out of stock\" \/>\n<meta property=\"product:availability\" content=\"out of stock\" \/>\n<meta property=\"product:condition\" content=\"new\" \/>\n<!-- \/ Yoast SEO Premium plugin. -->","yoast_head_json":{"title":"Fizzy Great 10000 bocanadas - 50pcs - fizzyvape.eu","description":"Fizzy Great Watermelon Strawberry Lemonade 10000 Puffs - vape de verano con sand\u00eda jugosa, fresa y limonada picante. \u00a1Precio especial de 50 unidades!","robots":{"index":"index","follow":"follow","max-snippet":"max-snippet:-1","max-image-preview":"max-image-preview:large","max-video-preview":"max-video-preview:-1"},"canonical":"https:\/\/fizzyvape.eu\/es\/producto\/fizzy-great-10000-bocanadas-50pcs\/","og_locale":"es_ES","og_type":"article","og_title":"Fizzy Great 10000 bocanadas - 50pcs","og_description":"Fizzy Great Watermelon Strawberry Lemonade 10000 Puffs - vape de verano con sand\u00eda jugosa, fresa y limonada picante. \u00a1Precio especial de 50 unidades!","og_url":"https:\/\/fizzyvape.eu\/es\/producto\/fizzy-great-10000-bocanadas-50pcs\/","og_site_name":"fizzyvape.eu","og_image":[{"width":1057,"height":1037,"url":"https:\/\/www.fizzyvape.eu\/wp-content\/uploads\/2025\/04\/FizzyVape-Great-10KPuff-Main08.jpg","type":"image\/jpeg"}],"twitter_card":"summary_large_image","twitter_misc":{"Disponibilidad":"Sin existencias"},"schema":{"@context":"https:\/\/schema.org","@graph":[{"@type":"WebPage","@id":"https:\/\/fizzyvape.eu\/es\/producto\/fizzy-great-10000-bocanadas-50pcs\/","url":"https:\/\/fizzyvape.eu\/es\/producto\/fizzy-great-10000-bocanadas-50pcs\/","name":"Fizzy Great 10000 bocanadas - 50pcs - fizzyvape.eu","isPartOf":{"@id":"https:\/\/www.fizzyvape.eu\/es\/#website"},"primaryImageOfPage":{"@id":"https:\/\/fizzyvape.eu\/es\/producto\/fizzy-great-10000-bocanadas-50pcs\/#primaryimage"},"image":{"@id":"https:\/\/fizzyvape.eu\/es\/producto\/fizzy-great-10000-bocanadas-50pcs\/#primaryimage"},"thumbnailUrl":"https:\/\/fizzyvape.eu\/wp-content\/uploads\/2025\/04\/FizzyVape-Great-10KPuff-Main08.jpg","datePublished":"2025-04-09T01:36:02+00:00","description":"Fizzy Great Watermelon Strawberry Lemonade 10000 Puffs - vape de verano con sand\u00eda jugosa, fresa y limonada picante. \u00a1Precio especial de 50 unidades!","breadcrumb":{"@id":"https:\/\/fizzyvape.eu\/es\/producto\/fizzy-great-10000-bocanadas-50pcs\/#breadcrumb"},"inLanguage":"es","potentialAction":[{"@type":"ReadAction","target":["https:\/\/fizzyvape.eu\/es\/producto\/fizzy-great-10000-bocanadas-50pcs\/"]}]},{"@type":"ImageObject","inLanguage":"es","@id":"https:\/\/fizzyvape.eu\/es\/producto\/fizzy-great-10000-bocanadas-50pcs\/#primaryimage","url":"https:\/\/fizzyvape.eu\/wp-content\/uploads\/2025\/04\/FizzyVape-Great-10KPuff-Main08.jpg","contentUrl":"https:\/\/fizzyvape.eu\/wp-content\/uploads\/2025\/04\/FizzyVape-Great-10KPuff-Main08.jpg","width":1057,"height":1037},{"@type":"BreadcrumbList","@id":"https:\/\/fizzyvape.eu\/es\/producto\/fizzy-great-10000-bocanadas-50pcs\/#breadcrumb","itemListElement":[{"@type":"ListItem","position":1,"name":"Home","item":"https:\/\/fizzyvape.eu\/es\/"},{"@type":"ListItem","position":2,"name":"Tienda","item":"https:\/\/www.fizzyvape.eu\/es\/tienda\/"},{"@type":"ListItem","position":3,"name":"Fizzy Great 10000 bocanadas &#8211; 50pcs"}]},{"@type":"WebSite","@id":"https:\/\/www.fizzyvape.eu\/es\/#website","url":"https:\/\/www.fizzyvape.eu\/es\/","name":"fizzyvape.eu","description":"Refreshing Vapes. Unforgettable Taste.","publisher":{"@id":"https:\/\/www.fizzyvape.eu\/es\/#organization"},"potentialAction":[{"@type":"SearchAction","target":{"@type":"EntryPoint","urlTemplate":"https:\/\/www.fizzyvape.eu\/es\/?s={search_term_string}"},"query-input":{"@type":"PropertyValueSpecification","valueRequired":true,"valueName":"search_term_string"}}],"inLanguage":"es"},{"@type":"Organization","@id":"https:\/\/www.fizzyvape.eu\/es\/#organization","name":"fizzyvape.eu","url":"https:\/\/www.fizzyvape.eu\/es\/","logo":{"@type":"ImageObject","inLanguage":"es","@id":"https:\/\/www.fizzyvape.eu\/es\/#\/schema\/logo\/image\/","url":"https:\/\/fizzyvape.eu\/wp-content\/uploads\/2019\/06\/print-1.svg","contentUrl":"https:\/\/fizzyvape.eu\/wp-content\/uploads\/2019\/06\/print-1.svg","width":124,"height":37,"caption":"fizzyvape.eu"},"image":{"@id":"https:\/\/www.fizzyvape.eu\/es\/#\/schema\/logo\/image\/"}}]},"og_availability":"out of stock","product_availability":"out of stock","product_condition":"new"},"tiered_pricing_type":"fixed","tiered_pricing_fixed_rules":[],"tiered_pricing_product_settings":{"layout":"default","base_unit_name":{"singular":null,"plural":null},"default_variation":null},"tiered_pricing_minimum_quantity":null,"tiered_pricing_roles_data":[],"tiered_pricing_percentage_rules":[],"tiered_pricing_maximum_quantity":null,"tiered_pricing_quantity_step":null,"_links":{"self":[{"href":"https:\/\/fizzyvape.eu\/es\/wp-json\/wp\/v2\/product\/24528","targetHints":{"allow":["GET"]}}],"collection":[{"href":"https:\/\/fizzyvape.eu\/es\/wp-json\/wp\/v2\/product"}],"about":[{"href":"https:\/\/fizzyvape.eu\/es\/wp-json\/wp\/v2\/types\/product"}],"replies":[{"embeddable":true,"href":"https:\/\/fizzyvape.eu\/es\/wp-json\/wp\/v2\/comments?post=24528"}],"version-history":[{"count":0,"href":"https:\/\/fizzyvape.eu\/es\/wp-json\/wp\/v2\/product\/24528\/revisions"}],"wp:featuredmedia":[{"embeddable":true,"href":"https:\/\/fizzyvape.eu\/es\/wp-json\/wp\/v2\/media\/22595"}],"wp:attachment":[{"href":"https:\/\/fizzyvape.eu\/es\/wp-json\/wp\/v2\/media?parent=24528"}],"wp:term":[{"taxonomy":"product_brand","embeddable":true,"href":"https:\/\/fizzyvape.eu\/es\/wp-json\/wp\/v2\/product_brand?post=24528"},{"taxonomy":"product_cat","embeddable":true,"href":"https:\/\/fizzyvape.eu\/es\/wp-json\/wp\/v2\/product_cat?post=24528"},{"taxonomy":"product_tag","embeddable":true,"href":"https:\/\/fizzyvape.eu\/es\/wp-json\/wp\/v2\/product_tag?post=24528"}],"curies":[{"name":"wp","href":"https:\/\/api.w.org\/{rel}","templated":true}]}}