{"id":24581,"date":"2025-04-10T11:48:55","date_gmt":"2025-04-10T03:48:55","guid":{"rendered":"https:\/\/fizzyvape.eu\/product\/fizzy-boom-13000-puffs-50pcs\/"},"modified":"2025-10-31T18:02:08","modified_gmt":"2025-10-31T10:02:08","slug":"fizzy-boom-13000-puffs-50pcs","status":"publish","type":"product","link":"https:\/\/fizzyvape.eu\/es\/producto\/fizzy-boom-13000-puffs-50pcs\/","title":{"rendered":"Fizzy Boom &#8211; 13000 Puffs &#8211; 50pcs"},"content":{"rendered":"<div>\n<h2><strong>Fizzy Boom 13000 Puffs &#8211; Caja ciega de 50 unidades de sabor misterioso<\/strong><\/h2>\n<p>Experimenta la emoci\u00f3n de <strong>50 vaporizadores desechables Fizzy Boom de primera calidad<\/strong> en esta caja misteriosa de edici\u00f3n limitada, \u00a1cada uno con <strong>13.000 caladas ultrasuaves<\/strong> de sabor perfecto creado en laboratorio! \u00bfRecibir\u00e1s <strong>melocot\u00f3n jugoso<\/strong>, <strong>ar\u00e1ndano helado<\/strong> o <strong>sand\u00eda tropical<\/strong>? \u00a1Cada unboxing es una aventura de sabores!  <\/p>\n<h3><strong>Caracter\u00edsticas principales<\/strong><\/h3>\n<p>\ud83c\udfaa <strong>50 x 13.000 caladas<\/strong> &#8211; <strong>M\u00e1s de 650.000 caladas en total<\/strong> (\u00a1dura meses!)<br \/>\n\ud83c\udf08 <strong>12 Sabores Premium<\/strong> &#8211; Aleatorios de los m\u00e1s vendidos de Fizzy Boom<br \/>\n\u26a1 <strong>Recargable por USB-C<\/strong> &#8211; Sin desperdiciar e-l\u00edquido (21 ml de capacidad por dispositivo)<br \/>\n\ud83c\udf00 <strong>Bobinas de malla doble<\/strong> &#8211; Sabor m\u00e1s rico y nubes m\u00e1s densas<br \/>\n\ud83c\udfa1 <strong>Dise\u00f1o inspirado en el carnaval<\/strong> &#8211; Colores vibrantes, construcci\u00f3n a prueba de fugas <\/p>\n<h3><strong>\u00bfPor qu\u00e9 elegir la Caja Ciega?<\/strong><\/h3>\n<p>\ud83c\udf81 <strong>Factor sorpresa<\/strong>: No te aburras nunca: \u00a1cada aparato es una nueva experiencia de sabor!<br \/>\n\ud83d\udcb0 <strong>Descuento por volumen<\/strong>: Ahorra <strong>m\u00e1s de un 79%<\/strong> frente a la compra individual<br \/>\n\ud83d\udce6 <strong>Preparado para revendedores<\/strong>: Producto de alta demanda con unboxing excitante <\/p>\n<h3><strong>Opciones de nicotina:<\/strong><\/h3>\n<p>&#8211; 2% (20mg\/mL) &#8211; Experiencia suave para vapeadores ocasionales<br \/>\n&#8211; 5% (50mg\/mL) &#8211; Golpe de garganta satisfactorio para antiguos fumadores<\/p>\n<\/div>\n<div>\n<h3>Especificaciones<\/h3>\n<table>\n<tbody>\n<tr>\n<td>Puffs<\/td>\n<td><strong>M\u00e1s de 13000 Puffs<\/strong><\/td>\n<\/tr>\n<tr>\n<td>Capacidad del e-l\u00edquido<\/td>\n<td><strong>21 ml<\/strong><\/td>\n<\/tr>\n<tr>\n<td>Capacidad de la bater\u00eda<\/td>\n<td><strong>650 mAh<\/strong><\/td>\n<\/tr>\n<tr>\n<td>Bobina de malla<\/td>\n<td><strong>1.4\u03a9<\/strong><\/td>\n<\/tr>\n<tr>\n<td>Tama\u00f1o<\/td>\n<td><strong>52,8*76,5*25 mm<\/strong><\/td>\n<\/tr>\n<tr>\n<td>Desechable o no<\/td>\n<td><strong>Desechable<\/strong><\/td>\n<\/tr>\n<tr>\n<td>M\u00e9todo de carga<\/td>\n<td><strong>Cable<\/strong><\/td>\n<\/tr>\n<tr>\n<td>M\u00e9todo de activaci\u00f3n<\/td>\n<td><strong>Sensor<\/strong><\/td>\n<\/tr>\n<tr>\n<td>Nivel de nicotina<\/td>\n<td><strong>2% (20mg\/mL) y 5% (50mg\/mL)<\/strong><\/td>\n<\/tr>\n<tr>\n<td>Sabores<\/td>\n<td><strong>12<\/strong><\/td>\n<\/tr>\n<tr>\n<td>Embalaje<\/td>\n<td><strong>1 paquete<\/strong><\/td>\n<\/tr>\n<tr>\n<td>Tiempo de carga<\/td>\n<td><strong>2 horas<\/strong><\/td>\n<\/tr>\n<tr>\n<td>Almacenamiento<\/td>\n<td><strong>Evita los entornos con altas temperaturas y gu\u00e1rdalo en un lugar fresco y seco.<\/strong><\/td>\n<\/tr>\n<tr>\n<td>Personas cuyo uso est\u00e1 prohibido<\/td>\n<td><strong>Menores, mujeres embarazadas y personas al\u00e9rgicas a los ingredientes del producto.<\/strong><\/td>\n<\/tr>\n<tr>\n<td>Precauci\u00f3n<\/td>\n<td><strong>No tragues esta sustancia. En caso de ingesti\u00f3n, enju\u00e1gate bien la boca inmediatamente. Si te encuentras mal, acude al m\u00e9dico.  <\/strong><\/td>\n<\/tr>\n<\/tbody>\n<\/table>\n<h3>Lista de sabores de <strong>Fizzy Boom <\/strong>13000 Puffs:<\/h3>\n<ol>\n<li><a href=\"https:\/\/fizzyvape.eu\/es\/producto\/fizzy-boom-melocoton-13000-puffs\/\">Melocot\u00f3n<\/a><\/li>\n<li><a href=\"https:\/\/fizzyvape.eu\/es\/producto\/fizzy-boom-hielo-de-arandanos-13000-puffs\/\">Hielo de ar\u00e1ndanos<\/a><\/li>\n<li><a href=\"https:\/\/fizzyvape.eu\/es\/producto\/fizzy-boom-uva-helada-13000-puffs\/\">Hielo de uva<\/a><\/li>\n<li><a href=\"https:\/\/fizzyvape.eu\/es\/producto\/fizzy-boom-fresa-13000-puffs\/\">Fresa<\/a><\/li>\n<li><a href=\"https:\/\/fizzyvape.eu\/es\/producto\/fizzy-boom-sandia-helada-13000-puffs\/\">Hielo de sand\u00eda<\/a><\/li>\n<li><a href=\"https:\/\/fizzyvape.eu\/es\/producto\/fizzy-boom-chicle-de-sandia-y-arandanos-13000-puffs\/\">Ar\u00e1ndano Sand\u00eda Chicle<\/a><\/li>\n<li><a href=\"https:\/\/fizzyvape.eu\/es\/producto\/fizzy-boom-manzana-acida-13000-puffs\/\">Manzana \u00e1cida<\/a><\/li>\n<li><a href=\"https:\/\/fizzyvape.eu\/es\/producto\/fizzy-boom-sandia-cereza-13000-puffs\/\">Sand\u00eda Cereza<\/a><\/li>\n<li><a href=\"https:\/\/fizzyvape.eu\/es\/producto\/fizzy-boom-arandano-melon-13000-puffs\/\">Ar\u00e1ndano Mel\u00f3n<\/a><\/li>\n<li><a href=\"https:\/\/fizzyvape.eu\/es\/producto\/fizzy-boom-kiwi-berry-ice-13000-puffs\/\">Hielo de kiwi y bayas<\/a><\/li>\n<li><a href=\"https:\/\/fizzyvape.eu\/es\/producto\/fizzy-boom-arandano-frambuesa-limon-13000-puffs\/\">Ar\u00e1ndano Frambuesa Lim\u00f3n<\/a><\/li>\n<li><a href=\"https:\/\/fizzyvape.eu\/es\/producto\/fizzy-boom-fresa-sandia-granada-13000-puffs\/\">Fresa Sand\u00eda Granada<\/a><\/li>\n<\/ol>\n<h3>Preguntas frecuentes sobre Fizzy Boom 13000 Puffs Vape<\/h3>\n<ol>\n<li><strong>\u00bfCu\u00e1ntos sabores diferentes recibir\u00e9 en la caja ciega?<\/strong><br \/>\nCada Caja Misteriosa Fizzy Boom 13000 Puffs contiene un surtido aleatorio de los 12 sabores premium de nuestra l\u00ednea m\u00e1s vendida. Aunque no podemos garantizar combinaciones de sabores espec\u00edficas en cada caja, te aseguramos que obtendr\u00e1s una emocionante variedad de mezclas afrutadas y heladas. <\/li>\n<li><strong>\u00bfCu\u00e1nto durar\u00e1 el paquete de 50 dispositivos para una persona?<\/strong><br \/>\nPara los vapeadores medios (unas 500 caladas diarias), este paquete proporciona aproximadamente 4-5 meses de uso continuo. Los usuarios intensivos (m\u00e1s de 1.000 caladas al d\u00eda) pueden esperar unos 2-3 meses de disfrute de las m\u00e1s de 650.000 caladas. <\/li>\n<li><strong>\u00bfPuedo elegir la potencia de nicotina para toda la caja?<\/strong><br \/>\n\u00a1S\u00ed! Al hacer el pedido, puedes seleccionar <\/li>\n<\/ol>\n<ul>\n<li>2% (20mg\/mL) de nicotina para una experiencia m\u00e1s suave<\/li>\n<li>5% (50mg\/mL) de nicotina para un golpe de garganta m\u00e1s fuerte<br \/>\nLos 50 dispositivos de tu caja tendr\u00e1n la misma potencia que hayas seleccionado.<\/li>\n<\/ul>\n<ol>\n<li><strong>\u00bfSon realmente recargables? \u00bfCu\u00e1ntas veces? <\/strong><br \/>\n\u00a1Por supuesto! Cada dispositivo recargable USB-C puede cargarse varias veces para aprovechar al m\u00e1ximo la capacidad de 21 ml de e-l\u00edquido. La mayor\u00eda de los usuarios recargan 2-3 veces para disfrutar de las 13.000 caladas por dispositivo.  <\/li>\n<\/ol>\n<\/div>\n","protected":false},"excerpt":{"rendered":"<p>\u00a1Descubre lo inesperado con la <strong>caja ciega Fizzy Boom 13000 Puffs<\/strong>! Consigue 50 vaporizaciones recargables USB-C de los sabores m\u00e1s vendidos al azar, \u00a1m\u00e1s de <strong>650.000 caladas en total<\/strong>! Las bobinas dobles de malla proporcionan nubes suaves y densas y un rico sabor en cada calada. Ideal tanto para los amantes del vapeo como para los revendedores. <\/p>\n<p>\ud83d\udd25 <strong>Oferta limitada: \u00a1Consigue 50 unidades a un precio especial con descuento!<\/strong> \ud83d\udd25<\/p>\n","protected":false},"featured_media":22533,"comment_status":"open","ping_status":"closed","template":"","meta":{"iawp_total_views":1},"product_brand":[],"product_cat":[302],"product_tag":[303],"class_list":{"0":"post-24581","1":"product","2":"type-product","3":"status-publish","4":"has-post-thumbnail","6":"product_cat-boom-es","7":"product_tag-13000-puffs-es","9":"first","10":"outofstock","11":"sale","12":"shipping-taxable","13":"purchasable","14":"product-type-variable"},"yoast_head":"<!-- This site is optimized with the Yoast SEO Premium plugin v24.8 (Yoast SEO v24.8) - https:\/\/yoast.com\/wordpress\/plugins\/seo\/ -->\n<title>Fizzy Boom - 13000 Puffs - 50pcs - fizzyvape.eu<\/title>\n<meta name=\"description\" content=\"50 vaporizadores misteriosos Fizzy Boom 13K Puff - 650K+ caladas, 12 sabores, USB-C recargable y bobinas de malla dobles. \u00a1Descuento por volumen por tiempo limitado! Compra ahora.\" \/>\n<meta name=\"robots\" content=\"index, follow, max-snippet:-1, max-image-preview:large, max-video-preview:-1\" \/>\n<link rel=\"canonical\" href=\"https:\/\/fizzyvape.eu\/es\/producto\/fizzy-boom-13000-puffs-50pcs\/\" \/>\n<meta property=\"og:locale\" content=\"es_ES\" \/>\n<meta property=\"og:type\" content=\"article\" \/>\n<meta property=\"og:title\" content=\"Fizzy Boom - 13000 Puffs - 50pcs\" \/>\n<meta property=\"og:description\" content=\"50 vaporizadores misteriosos Fizzy Boom 13K Puff - 650K+ caladas, 12 sabores, USB-C recargable y bobinas de malla dobles. \u00a1Descuento por volumen por tiempo limitado! Compra ahora.\" \/>\n<meta property=\"og:url\" content=\"https:\/\/fizzyvape.eu\/es\/producto\/fizzy-boom-13000-puffs-50pcs\/\" \/>\n<meta property=\"og:site_name\" content=\"fizzyvape.eu\" \/>\n<meta property=\"article:modified_time\" content=\"2025-10-31T10:02:08+00:00\" \/>\n<meta property=\"og:image\" content=\"https:\/\/fizzyvape.eu\/wp-content\/uploads\/2025\/04\/FizzyVape-Boom-13000puff-Main030.jpg\" \/>\n\t<meta property=\"og:image:width\" content=\"1500\" \/>\n\t<meta property=\"og:image:height\" content=\"1500\" \/>\n\t<meta property=\"og:image:type\" content=\"image\/jpeg\" \/>\n<meta name=\"twitter:card\" content=\"summary_large_image\" \/>\n<meta name=\"twitter:label1\" content=\"Disponibilidad\" \/>\n\t<meta name=\"twitter:data1\" content=\"Sin existencias\" \/>\n<script type=\"application\/ld+json\" class=\"yoast-schema-graph\">{\"@context\":\"https:\/\/schema.org\",\"@graph\":[{\"@type\":\"WebPage\",\"@id\":\"https:\/\/fizzyvape.eu\/es\/producto\/fizzy-boom-13000-puffs-50pcs\/\",\"url\":\"https:\/\/fizzyvape.eu\/es\/producto\/fizzy-boom-13000-puffs-50pcs\/\",\"name\":\"Fizzy Boom - 13000 Puffs - 50pcs - fizzyvape.eu\",\"isPartOf\":{\"@id\":\"https:\/\/www.fizzyvape.eu\/es\/#website\"},\"primaryImageOfPage\":{\"@id\":\"https:\/\/fizzyvape.eu\/es\/producto\/fizzy-boom-13000-puffs-50pcs\/#primaryimage\"},\"image\":{\"@id\":\"https:\/\/fizzyvape.eu\/es\/producto\/fizzy-boom-13000-puffs-50pcs\/#primaryimage\"},\"thumbnailUrl\":\"https:\/\/fizzyvape.eu\/wp-content\/uploads\/2025\/04\/FizzyVape-Boom-13000puff-Main030.jpg\",\"datePublished\":\"2025-04-10T03:48:55+00:00\",\"dateModified\":\"2025-10-31T10:02:08+00:00\",\"description\":\"50 vaporizadores misteriosos Fizzy Boom 13K Puff - 650K+ caladas, 12 sabores, USB-C recargable y bobinas de malla dobles. \u00a1Descuento por volumen por tiempo limitado! Compra ahora.\",\"breadcrumb\":{\"@id\":\"https:\/\/fizzyvape.eu\/es\/producto\/fizzy-boom-13000-puffs-50pcs\/#breadcrumb\"},\"inLanguage\":\"es\",\"potentialAction\":[{\"@type\":\"ReadAction\",\"target\":[\"https:\/\/fizzyvape.eu\/es\/producto\/fizzy-boom-13000-puffs-50pcs\/\"]}]},{\"@type\":\"ImageObject\",\"inLanguage\":\"es\",\"@id\":\"https:\/\/fizzyvape.eu\/es\/producto\/fizzy-boom-13000-puffs-50pcs\/#primaryimage\",\"url\":\"https:\/\/fizzyvape.eu\/wp-content\/uploads\/2025\/04\/FizzyVape-Boom-13000puff-Main030.jpg\",\"contentUrl\":\"https:\/\/fizzyvape.eu\/wp-content\/uploads\/2025\/04\/FizzyVape-Boom-13000puff-Main030.jpg\",\"width\":1500,\"height\":1500,\"caption\":\"FizzyVape-Boom-13000puff\"},{\"@type\":\"BreadcrumbList\",\"@id\":\"https:\/\/fizzyvape.eu\/es\/producto\/fizzy-boom-13000-puffs-50pcs\/#breadcrumb\",\"itemListElement\":[{\"@type\":\"ListItem\",\"position\":1,\"name\":\"Home\",\"item\":\"https:\/\/fizzyvape.eu\/es\/\"},{\"@type\":\"ListItem\",\"position\":2,\"name\":\"Tienda\",\"item\":\"https:\/\/www.fizzyvape.eu\/es\/tienda\/\"},{\"@type\":\"ListItem\",\"position\":3,\"name\":\"Fizzy Boom &#8211; 13000 Puffs &#8211; 50pcs\"}]},{\"@type\":\"WebSite\",\"@id\":\"https:\/\/www.fizzyvape.eu\/es\/#website\",\"url\":\"https:\/\/www.fizzyvape.eu\/es\/\",\"name\":\"fizzyvape.eu\",\"description\":\"Refreshing Vapes. Unforgettable Taste.\",\"publisher\":{\"@id\":\"https:\/\/www.fizzyvape.eu\/es\/#organization\"},\"potentialAction\":[{\"@type\":\"SearchAction\",\"target\":{\"@type\":\"EntryPoint\",\"urlTemplate\":\"https:\/\/www.fizzyvape.eu\/es\/?s={search_term_string}\"},\"query-input\":{\"@type\":\"PropertyValueSpecification\",\"valueRequired\":true,\"valueName\":\"search_term_string\"}}],\"inLanguage\":\"es\"},{\"@type\":\"Organization\",\"@id\":\"https:\/\/www.fizzyvape.eu\/es\/#organization\",\"name\":\"fizzyvape.eu\",\"url\":\"https:\/\/www.fizzyvape.eu\/es\/\",\"logo\":{\"@type\":\"ImageObject\",\"inLanguage\":\"es\",\"@id\":\"https:\/\/www.fizzyvape.eu\/es\/#\/schema\/logo\/image\/\",\"url\":\"https:\/\/fizzyvape.eu\/wp-content\/uploads\/2019\/06\/print-1.svg\",\"contentUrl\":\"https:\/\/fizzyvape.eu\/wp-content\/uploads\/2019\/06\/print-1.svg\",\"width\":124,\"height\":37,\"caption\":\"fizzyvape.eu\"},\"image\":{\"@id\":\"https:\/\/www.fizzyvape.eu\/es\/#\/schema\/logo\/image\/\"}}]}<\/script>\n<meta property=\"og:availability\" content=\"out of stock\" \/>\n<meta property=\"product:availability\" content=\"out of stock\" \/>\n<meta property=\"product:condition\" content=\"new\" \/>\n<!-- \/ Yoast SEO Premium plugin. -->","yoast_head_json":{"title":"Fizzy Boom - 13000 Puffs - 50pcs - fizzyvape.eu","description":"50 vaporizadores misteriosos Fizzy Boom 13K Puff - 650K+ caladas, 12 sabores, USB-C recargable y bobinas de malla dobles. \u00a1Descuento por volumen por tiempo limitado! Compra ahora.","robots":{"index":"index","follow":"follow","max-snippet":"max-snippet:-1","max-image-preview":"max-image-preview:large","max-video-preview":"max-video-preview:-1"},"canonical":"https:\/\/fizzyvape.eu\/es\/producto\/fizzy-boom-13000-puffs-50pcs\/","og_locale":"es_ES","og_type":"article","og_title":"Fizzy Boom - 13000 Puffs - 50pcs","og_description":"50 vaporizadores misteriosos Fizzy Boom 13K Puff - 650K+ caladas, 12 sabores, USB-C recargable y bobinas de malla dobles. \u00a1Descuento por volumen por tiempo limitado! Compra ahora.","og_url":"https:\/\/fizzyvape.eu\/es\/producto\/fizzy-boom-13000-puffs-50pcs\/","og_site_name":"fizzyvape.eu","article_modified_time":"2025-10-31T10:02:08+00:00","og_image":[{"width":1500,"height":1500,"url":"https:\/\/fizzyvape.eu\/wp-content\/uploads\/2025\/04\/FizzyVape-Boom-13000puff-Main030.jpg","type":"image\/jpeg"}],"twitter_card":"summary_large_image","twitter_misc":{"Disponibilidad":"Sin existencias"},"schema":{"@context":"https:\/\/schema.org","@graph":[{"@type":"WebPage","@id":"https:\/\/fizzyvape.eu\/es\/producto\/fizzy-boom-13000-puffs-50pcs\/","url":"https:\/\/fizzyvape.eu\/es\/producto\/fizzy-boom-13000-puffs-50pcs\/","name":"Fizzy Boom - 13000 Puffs - 50pcs - fizzyvape.eu","isPartOf":{"@id":"https:\/\/www.fizzyvape.eu\/es\/#website"},"primaryImageOfPage":{"@id":"https:\/\/fizzyvape.eu\/es\/producto\/fizzy-boom-13000-puffs-50pcs\/#primaryimage"},"image":{"@id":"https:\/\/fizzyvape.eu\/es\/producto\/fizzy-boom-13000-puffs-50pcs\/#primaryimage"},"thumbnailUrl":"https:\/\/fizzyvape.eu\/wp-content\/uploads\/2025\/04\/FizzyVape-Boom-13000puff-Main030.jpg","datePublished":"2025-04-10T03:48:55+00:00","dateModified":"2025-10-31T10:02:08+00:00","description":"50 vaporizadores misteriosos Fizzy Boom 13K Puff - 650K+ caladas, 12 sabores, USB-C recargable y bobinas de malla dobles. \u00a1Descuento por volumen por tiempo limitado! Compra ahora.","breadcrumb":{"@id":"https:\/\/fizzyvape.eu\/es\/producto\/fizzy-boom-13000-puffs-50pcs\/#breadcrumb"},"inLanguage":"es","potentialAction":[{"@type":"ReadAction","target":["https:\/\/fizzyvape.eu\/es\/producto\/fizzy-boom-13000-puffs-50pcs\/"]}]},{"@type":"ImageObject","inLanguage":"es","@id":"https:\/\/fizzyvape.eu\/es\/producto\/fizzy-boom-13000-puffs-50pcs\/#primaryimage","url":"https:\/\/fizzyvape.eu\/wp-content\/uploads\/2025\/04\/FizzyVape-Boom-13000puff-Main030.jpg","contentUrl":"https:\/\/fizzyvape.eu\/wp-content\/uploads\/2025\/04\/FizzyVape-Boom-13000puff-Main030.jpg","width":1500,"height":1500,"caption":"FizzyVape-Boom-13000puff"},{"@type":"BreadcrumbList","@id":"https:\/\/fizzyvape.eu\/es\/producto\/fizzy-boom-13000-puffs-50pcs\/#breadcrumb","itemListElement":[{"@type":"ListItem","position":1,"name":"Home","item":"https:\/\/fizzyvape.eu\/es\/"},{"@type":"ListItem","position":2,"name":"Tienda","item":"https:\/\/www.fizzyvape.eu\/es\/tienda\/"},{"@type":"ListItem","position":3,"name":"Fizzy Boom &#8211; 13000 Puffs &#8211; 50pcs"}]},{"@type":"WebSite","@id":"https:\/\/www.fizzyvape.eu\/es\/#website","url":"https:\/\/www.fizzyvape.eu\/es\/","name":"fizzyvape.eu","description":"Refreshing Vapes. Unforgettable Taste.","publisher":{"@id":"https:\/\/www.fizzyvape.eu\/es\/#organization"},"potentialAction":[{"@type":"SearchAction","target":{"@type":"EntryPoint","urlTemplate":"https:\/\/www.fizzyvape.eu\/es\/?s={search_term_string}"},"query-input":{"@type":"PropertyValueSpecification","valueRequired":true,"valueName":"search_term_string"}}],"inLanguage":"es"},{"@type":"Organization","@id":"https:\/\/www.fizzyvape.eu\/es\/#organization","name":"fizzyvape.eu","url":"https:\/\/www.fizzyvape.eu\/es\/","logo":{"@type":"ImageObject","inLanguage":"es","@id":"https:\/\/www.fizzyvape.eu\/es\/#\/schema\/logo\/image\/","url":"https:\/\/fizzyvape.eu\/wp-content\/uploads\/2019\/06\/print-1.svg","contentUrl":"https:\/\/fizzyvape.eu\/wp-content\/uploads\/2019\/06\/print-1.svg","width":124,"height":37,"caption":"fizzyvape.eu"},"image":{"@id":"https:\/\/www.fizzyvape.eu\/es\/#\/schema\/logo\/image\/"}}]},"og_availability":"out of stock","product_availability":"out of stock","product_condition":"new"},"tiered_pricing_type":"fixed","tiered_pricing_fixed_rules":[],"tiered_pricing_product_settings":{"layout":"default","base_unit_name":{"singular":null,"plural":null},"default_variation":null},"tiered_pricing_minimum_quantity":null,"tiered_pricing_roles_data":[],"tiered_pricing_percentage_rules":[],"tiered_pricing_maximum_quantity":null,"tiered_pricing_quantity_step":null,"_links":{"self":[{"href":"https:\/\/fizzyvape.eu\/es\/wp-json\/wp\/v2\/product\/24581","targetHints":{"allow":["GET"]}}],"collection":[{"href":"https:\/\/fizzyvape.eu\/es\/wp-json\/wp\/v2\/product"}],"about":[{"href":"https:\/\/fizzyvape.eu\/es\/wp-json\/wp\/v2\/types\/product"}],"replies":[{"embeddable":true,"href":"https:\/\/fizzyvape.eu\/es\/wp-json\/wp\/v2\/comments?post=24581"}],"version-history":[{"count":0,"href":"https:\/\/fizzyvape.eu\/es\/wp-json\/wp\/v2\/product\/24581\/revisions"}],"wp:featuredmedia":[{"embeddable":true,"href":"https:\/\/fizzyvape.eu\/es\/wp-json\/wp\/v2\/media\/22533"}],"wp:attachment":[{"href":"https:\/\/fizzyvape.eu\/es\/wp-json\/wp\/v2\/media?parent=24581"}],"wp:term":[{"taxonomy":"product_brand","embeddable":true,"href":"https:\/\/fizzyvape.eu\/es\/wp-json\/wp\/v2\/product_brand?post=24581"},{"taxonomy":"product_cat","embeddable":true,"href":"https:\/\/fizzyvape.eu\/es\/wp-json\/wp\/v2\/product_cat?post=24581"},{"taxonomy":"product_tag","embeddable":true,"href":"https:\/\/fizzyvape.eu\/es\/wp-json\/wp\/v2\/product_tag?post=24581"}],"curies":[{"name":"wp","href":"https:\/\/api.w.org\/{rel}","templated":true}]}}