{"id":24631,"date":"2025-04-10T14:15:15","date_gmt":"2025-04-10T06:15:15","guid":{"rendered":"https:\/\/fizzyvape.eu\/product\/fizzy-luxury-15000-puffs-30pcs\/"},"modified":"2025-10-31T18:01:36","modified_gmt":"2025-10-31T10:01:36","slug":"fizzy-luxury-15000-puffs-30pcs","status":"publish","type":"product","link":"https:\/\/fizzyvape.eu\/es\/producto\/fizzy-luxury-15000-puffs-30pcs\/","title":{"rendered":"Fizzy Luxury &#8211; 15000 Puffs &#8211; 50pcs"},"content":{"rendered":"<div>\n<h2><strong>Fizzy Luxury 15000 Puffs &#8211; 50pcs Mystery Flavor Blind Box<\/strong><\/h2>\n<p>Rejuvenece tus sentidos con <strong>Fizzy Luxury Lemon Lime 15000 Puffs<\/strong>, donde la vibrante ralladura de lim\u00f3n (7\/10) se encuentra con la frescura de la lima (5\/10), todo ello en nuestro cuerpo met\u00e1lico de primera calidad con control de precisi\u00f3n del flujo de aire. Este desechable de \u00e9lite proporciona <strong>15.000 caladas ultrasuaves<\/strong> de sabor c\u00edtrico perfectamente equilibrado, con nuestro revolucionario <strong>sistema de bobina de cuarzo de doble malla<\/strong> para un sabor cristalino y un vapor aterciopelado. <\/p>\n<h3>\u00bfPor qu\u00e9 elegir la Caja ciega de lujo efervescente (50 uds.)?<\/h3>\n<p>\ud83d\udd39 <strong>50 Dispositivos Premium<\/strong> &#8211; Cada caja ciega contiene 50 vaporizadores Fizzy Luxury con sabores aleatorios de nuestros superventas<br \/>\n\ud83d\udd39 <strong>M\u00e1s de 450.000 caladas totales<\/strong> &#8211; 22 ml por dispositivo, para un disfrute duradero<br \/>\n\ud83d\udd39 <strong>Construcci\u00f3n de lujo<\/strong> &#8211; Cuerpo met\u00e1lico de calidad aeroespacial mecanizado por CNC con dial de flujo de aire ajustable<br \/>\n\ud83d\udd39 <strong>Malla de cuarzo SilkFlow Dual<\/strong>: proporciona un vapor un 50% m\u00e1s suave y un sabor m\u00e1s limpio<br \/>\n\ud83d\udd39 <strong>Recargable por USB-C<\/strong> &#8211; Utiliza hasta la \u00faltima gota de e-l\u00edquido sin desperdiciarla<br \/>\n\ud83d\udd39 <strong>Aventura de sabores<\/strong> &#8211; Incluye perfiles atrevidos como Limonada de frambuesa, Cereza efervescente, Guayaba de kiwi y fruta de la pasi\u00f3n, y m\u00e1s <\/p>\n<h3><strong>Opciones de nicotina:<\/strong><\/h3>\n<p>&#8211; <strong>2% (20mg\/mL<\/strong> ) &#8211; Ideal para una experiencia de vapeo suave y sabrosa<br \/>\n&#8211; <strong>5% (50mg\/mL<\/strong> ) &#8211; Dise\u00f1ado para un golpe de garganta m\u00e1s fuerte y satisfactorio <\/p>\n<\/div>\n<div>\n<h3>Especificaciones<\/h3>\n<table style=\"height: 449px;\" width=\"1340\">\n<tbody>\n<tr>\n<td>Puffs<\/td>\n<td><strong>M\u00e1s de 15000 Puffs<\/strong><\/td>\n<\/tr>\n<tr>\n<td>Capacidad del e-l\u00edquido<\/td>\n<td><strong>22 ml<\/strong><\/td>\n<\/tr>\n<tr>\n<td>Capacidad de la bater\u00eda<\/td>\n<td><strong>650 mAh<\/strong><\/td>\n<\/tr>\n<tr>\n<td>Bobina de malla<\/td>\n<td><strong>1.4\u03a9<\/strong><\/td>\n<\/tr>\n<tr>\n<td>Tama\u00f1o<\/td>\n<td><strong>53*30*85,3 mm<\/strong><\/td>\n<\/tr>\n<tr>\n<td>Desechable o no<\/td>\n<td><strong>Desechable<\/strong><\/td>\n<\/tr>\n<tr>\n<td>M\u00e9todo de carga<\/td>\n<td><strong>Cable<\/strong><\/td>\n<\/tr>\n<tr>\n<td>M\u00e9todo de activaci\u00f3n<\/td>\n<td><strong>Sensor<\/strong><\/td>\n<\/tr>\n<tr>\n<td>Material<\/td>\n<td><strong>Metal<\/strong><\/td>\n<\/tr>\n<tr>\n<td>Nivel de nicotina<\/td>\n<td><strong>2% (20mg\/mL) y 5% (50mg\/mL)<\/strong><\/td>\n<\/tr>\n<tr>\n<td>Sabores<\/td>\n<td><strong>15<\/strong><\/td>\n<\/tr>\n<tr>\n<td>Embalaje<\/td>\n<td><strong>1 paquete<\/strong><\/td>\n<\/tr>\n<tr>\n<td>Tiempo de carga<\/td>\n<td><strong>2 horas<\/strong><\/td>\n<\/tr>\n<tr>\n<td>Almacenamiento<\/td>\n<td><strong>Evita los entornos con altas temperaturas y gu\u00e1rdalo en un lugar fresco y seco.<\/strong><\/td>\n<\/tr>\n<tr>\n<td>Personas cuyo uso est\u00e1 prohibido<\/td>\n<td><strong>Menores, mujeres embarazadas y personas al\u00e9rgicas a los ingredientes del producto.<\/strong><\/td>\n<\/tr>\n<tr>\n<td>Precauci\u00f3n<\/td>\n<td><strong>No tragues esta sustancia. En caso de ingesti\u00f3n, enju\u00e1gate bien la boca inmediatamente. Si te encuentras mal, acude al m\u00e9dico.  <\/strong><\/td>\n<\/tr>\n<\/tbody>\n<\/table>\n<h3>Lista de sabores de <strong>Fizzy Luxury <\/strong>15000 Puffs:<\/h3>\n<ol>\n<li><a href=\"https:\/\/fizzyvape.eu\/es\/producto\/lujo-efervescente-arandano-frambuesa-15000-puffs\/\">Ar\u00e1ndano Frambuesa<\/a><\/li>\n<li><a href=\"https:\/\/fizzyvape.eu\/es\/producto\/melocoton-efervescente-de-lujo-15000-puffs\/\">Melocot\u00f3n<\/a><\/li>\n<li><a href=\"https:\/\/fizzyvape.eu\/es\/producto\/lujo-efervescente-uva-15000-puffs\/\">Uva<\/a><\/li>\n<li><a href=\"https:\/\/fizzyvape.eu\/es\/producto\/fizzy-luxury-arandanos-15000-puffs\/\">Ar\u00e1ndanos<\/a><\/li>\n<li><a href=\"https:\/\/fizzyvape.eu\/es\/producto\/fizzy-luxury-fresa-15000-puffs\/\">Fresa<\/a><\/li>\n<li><a href=\"https:\/\/fizzyvape.eu\/es\/producto\/fizzy-luxury-fizzy-cereza-15000-puffs\/\">Cereza efervescente<\/a><\/li>\n<li><a href=\"https:\/\/fizzyvape.eu\/es\/producto\/fizzy-luxury-limonada-de-frambuesa-15000-puffs\/\">Limonada de frambuesa<\/a><\/li>\n<li><a href=\"https:\/\/fizzyvape.eu\/es\/producto\/lujo-efervescente-manzana-acida-15000-puffs\/\">Manzana \u00e1cida<\/a><\/li>\n<li><a href=\"https:\/\/fizzyvape.eu\/es\/producto\/fizzy-luxury-fresa-kiwi-granada-15000-puffs\/\">Fresa Kiwi Granada<\/a><\/li>\n<li><a href=\"https:\/\/fizzyvape.eu\/es\/producto\/fizzy-luxury-limon-lima-15000-puffs\/\">Lim\u00f3n Lima<\/a><\/li>\n<li><a href=\"https:\/\/fizzyvape.eu\/es\/producto\/fizzy-luxury-fresa-platano-15000-puffs\/\">Fresa Pl\u00e1tano<\/a><\/li>\n<li><a href=\"https:\/\/fizzyvape.eu\/es\/producto\/fizzy-luxury-naranja-mango-sandia-15000-puffs\/\">Naranja Mango Sand\u00eda<\/a><\/li>\n<li><a href=\"https:\/\/fizzyvape.eu\/es\/producto\/fizzy-luxury-red-bull-15000-puffs\/\">Red Bull<\/a><\/li>\n<li><a href=\"https:\/\/fizzyvape.eu\/es\/producto\/limonada-rosa-efervescente-de-lujo-15000-puffs\/\">Limonada rosa<\/a><\/li>\n<li><a href=\"https:\/\/fizzyvape.eu\/es\/producto\/fizzy-luxury-kiwi-fruta-de-la-pasion-guayaba-15000-puffs\/\">Kiwi Fruta de la pasi\u00f3n Guayaba<\/a><\/li>\n<\/ol>\n<h3>Preguntas frecuentes sobre Fizzy Luxury 15000 Puffs Vape<\/h3>\n<p><strong>1. \u00bfQu\u00e9 sabores recibir\u00e9 en la Caja Ciega de 50 piezas de Sabor Misterioso?<\/strong><br \/>\nCada caja contiene una mezcla aleatoria de 50 vaporizadores Fizzy Luxury seleccionados entre 15 sabores de primera calidad, como Limonada de Frambuesa, Cereza Fizzy, Guayaba Kiwi Maracuy\u00e1 y m\u00e1s. \u00a1Cada unboxing es una aventura de sabores \u00fanica! <\/p>\n<p><strong>2. \u00bfLos 50 dispositivos tienen la misma potencia de nicotina?<\/strong><br \/>\nS\u00ed. Al hacer el pedido, puedes elegir entre <strong>2% (20mg\/mL)<\/strong> para un vape m\u00e1s suave o <strong>5% (50mg\/mL)<\/strong> para un golpe de garganta m\u00e1s fuerte. Los 50 vapeadores de la caja corresponder\u00e1n a la potencia seleccionada.  <\/p>\n<p><strong>3. \u00bfCu\u00e1nto duran 50 dispositivos Fizzy Luxury?<\/strong><br \/>\nCada dispositivo proporciona <strong>m\u00e1s de 15.000 caladas<\/strong>, un total de <strong>m\u00e1s de 450.000 caladas por caja<\/strong>. Para usuarios moderados (~500 caladas\/d\u00eda), \u00a1eso supone hasta <strong>2,5-3 meses<\/strong> de uso continuado! <\/p>\n<p><strong>4. \u00bfLos aparatos son recargables?<\/strong><br \/>\n\u00a1Por supuesto! Cada vape dispone de un <strong>puerto de carga USB-C<\/strong> y puede recargarse varias veces para disfrutar plenamente de los <strong>22 ml<\/strong> de e-l\u00edquido que contiene. <\/p>\n<p><strong>5. \u00bfPuedo revender los vapes de esta<\/strong> caja ciega<strong>?<\/strong><br \/>\nS\u00ed, cada dispositivo est\u00e1 empaquetado individualmente y listo para la venta al por menor, lo que hace que esta caja ciega sea ideal para <strong>revendedores, propietarios de tiendas<\/strong> o <strong>compradores al por mayor<\/strong> que busquen ofrecer vapes desechables de primera calidad y alto margen.<\/p>\n<\/div>\n","protected":false},"excerpt":{"rendered":"<p>El <strong>Fizzy Luxury 15000 Puffs<\/strong> &#8211; <strong>50pcs<\/strong> Mystery Flavor Blind Box ofrece 50 vapeadores premium de cuerpo met\u00e1lico, cada uno de los cuales proporciona 15.000 caladas de vapor suave y sabroso. Con sabores aleatorios, bobinas de cuarzo de doble malla, 22 ml de capacidad, recarga USB-C y un dise\u00f1o de lujo, este paquete es ideal tanto para distribuidores como para entusiastas del vapeo. <\/p>\n<p>\ud83d\udd25 <strong>Oferta limitada: \u00a1Consigue 50 unidades a un precio especial con descuento!<\/strong> \ud83d\udd25<\/p>\n","protected":false},"featured_media":22578,"comment_status":"open","ping_status":"closed","template":"","meta":{"iawp_total_views":0},"product_brand":[],"product_cat":[675,334],"product_tag":[335],"class_list":{"0":"post-24631","1":"product","2":"type-product","3":"status-publish","4":"has-post-thumbnail","6":"product_cat-bulk-deals-2-es","7":"product_cat-luxury-es","8":"product_tag-15000-bocanadas","10":"first","11":"outofstock","12":"sale","13":"shipping-taxable","14":"purchasable","15":"product-type-variable"},"yoast_head":"<!-- This site is optimized with the Yoast SEO Premium plugin v24.8 (Yoast SEO v24.8) - https:\/\/yoast.com\/wordpress\/plugins\/seo\/ -->\n<title>Fizzy Luxury - 15000 Puffs - 50pcs - fizzyvape.eu<\/title>\n<meta name=\"description\" content=\"Explora Fizzy Luxury 15000 Puffs Blind Box (50pcs) - vaporizadores desechables premium con sabores atrevidos, vapor suave y recarga USB-C. \u00a1Perfecto para revendedores!\" \/>\n<meta name=\"robots\" content=\"index, follow, max-snippet:-1, max-image-preview:large, max-video-preview:-1\" \/>\n<link rel=\"canonical\" href=\"https:\/\/fizzyvape.eu\/es\/producto\/fizzy-luxury-15000-puffs-30pcs\/\" \/>\n<meta property=\"og:locale\" content=\"es_ES\" \/>\n<meta property=\"og:type\" content=\"article\" \/>\n<meta property=\"og:title\" content=\"Fizzy Luxury - 15000 Puffs - 50pcs\" \/>\n<meta property=\"og:description\" content=\"Explora Fizzy Luxury 15000 Puffs Blind Box (50pcs) - vaporizadores desechables premium con sabores atrevidos, vapor suave y recarga USB-C. \u00a1Perfecto para revendedores!\" \/>\n<meta property=\"og:url\" content=\"https:\/\/fizzyvape.eu\/es\/producto\/fizzy-luxury-15000-puffs-30pcs\/\" \/>\n<meta property=\"og:site_name\" content=\"fizzyvape.eu\" \/>\n<meta property=\"article:modified_time\" content=\"2025-10-31T10:01:36+00:00\" \/>\n<meta property=\"og:image\" content=\"https:\/\/fizzyvape.eu\/wp-content\/uploads\/2025\/04\/FizzyVape-Luxury-15Kpuff-Main019.jpg\" \/>\n\t<meta property=\"og:image:width\" content=\"1500\" \/>\n\t<meta property=\"og:image:height\" content=\"1500\" \/>\n\t<meta property=\"og:image:type\" content=\"image\/jpeg\" \/>\n<meta name=\"twitter:card\" content=\"summary_large_image\" \/>\n<meta name=\"twitter:label1\" content=\"Disponibilidad\" \/>\n\t<meta name=\"twitter:data1\" content=\"Sin existencias\" \/>\n<script type=\"application\/ld+json\" class=\"yoast-schema-graph\">{\"@context\":\"https:\/\/schema.org\",\"@graph\":[{\"@type\":\"WebPage\",\"@id\":\"https:\/\/fizzyvape.eu\/es\/producto\/fizzy-luxury-15000-puffs-30pcs\/\",\"url\":\"https:\/\/fizzyvape.eu\/es\/producto\/fizzy-luxury-15000-puffs-30pcs\/\",\"name\":\"Fizzy Luxury - 15000 Puffs - 50pcs - fizzyvape.eu\",\"isPartOf\":{\"@id\":\"https:\/\/www.fizzyvape.eu\/es\/#website\"},\"primaryImageOfPage\":{\"@id\":\"https:\/\/fizzyvape.eu\/es\/producto\/fizzy-luxury-15000-puffs-30pcs\/#primaryimage\"},\"image\":{\"@id\":\"https:\/\/fizzyvape.eu\/es\/producto\/fizzy-luxury-15000-puffs-30pcs\/#primaryimage\"},\"thumbnailUrl\":\"https:\/\/fizzyvape.eu\/wp-content\/uploads\/2025\/04\/FizzyVape-Luxury-15Kpuff-Main019.jpg\",\"datePublished\":\"2025-04-10T06:15:15+00:00\",\"dateModified\":\"2025-10-31T10:01:36+00:00\",\"description\":\"Explora Fizzy Luxury 15000 Puffs Blind Box (50pcs) - vaporizadores desechables premium con sabores atrevidos, vapor suave y recarga USB-C. \u00a1Perfecto para revendedores!\",\"breadcrumb\":{\"@id\":\"https:\/\/fizzyvape.eu\/es\/producto\/fizzy-luxury-15000-puffs-30pcs\/#breadcrumb\"},\"inLanguage\":\"es\",\"potentialAction\":[{\"@type\":\"ReadAction\",\"target\":[\"https:\/\/fizzyvape.eu\/es\/producto\/fizzy-luxury-15000-puffs-30pcs\/\"]}]},{\"@type\":\"ImageObject\",\"inLanguage\":\"es\",\"@id\":\"https:\/\/fizzyvape.eu\/es\/producto\/fizzy-luxury-15000-puffs-30pcs\/#primaryimage\",\"url\":\"https:\/\/fizzyvape.eu\/wp-content\/uploads\/2025\/04\/FizzyVape-Luxury-15Kpuff-Main019.jpg\",\"contentUrl\":\"https:\/\/fizzyvape.eu\/wp-content\/uploads\/2025\/04\/FizzyVape-Luxury-15Kpuff-Main019.jpg\",\"width\":1500,\"height\":1500,\"caption\":\"FizzyVape-Lujo-15Kpuff\"},{\"@type\":\"BreadcrumbList\",\"@id\":\"https:\/\/fizzyvape.eu\/es\/producto\/fizzy-luxury-15000-puffs-30pcs\/#breadcrumb\",\"itemListElement\":[{\"@type\":\"ListItem\",\"position\":1,\"name\":\"Home\",\"item\":\"https:\/\/fizzyvape.eu\/es\/\"},{\"@type\":\"ListItem\",\"position\":2,\"name\":\"Tienda\",\"item\":\"https:\/\/www.fizzyvape.eu\/es\/tienda\/\"},{\"@type\":\"ListItem\",\"position\":3,\"name\":\"Fizzy Luxury &#8211; 15000 Puffs &#8211; 50pcs\"}]},{\"@type\":\"WebSite\",\"@id\":\"https:\/\/www.fizzyvape.eu\/es\/#website\",\"url\":\"https:\/\/www.fizzyvape.eu\/es\/\",\"name\":\"fizzyvape.eu\",\"description\":\"Refreshing Vapes. Unforgettable Taste.\",\"publisher\":{\"@id\":\"https:\/\/www.fizzyvape.eu\/es\/#organization\"},\"potentialAction\":[{\"@type\":\"SearchAction\",\"target\":{\"@type\":\"EntryPoint\",\"urlTemplate\":\"https:\/\/www.fizzyvape.eu\/es\/?s={search_term_string}\"},\"query-input\":{\"@type\":\"PropertyValueSpecification\",\"valueRequired\":true,\"valueName\":\"search_term_string\"}}],\"inLanguage\":\"es\"},{\"@type\":\"Organization\",\"@id\":\"https:\/\/www.fizzyvape.eu\/es\/#organization\",\"name\":\"fizzyvape.eu\",\"url\":\"https:\/\/www.fizzyvape.eu\/es\/\",\"logo\":{\"@type\":\"ImageObject\",\"inLanguage\":\"es\",\"@id\":\"https:\/\/www.fizzyvape.eu\/es\/#\/schema\/logo\/image\/\",\"url\":\"https:\/\/fizzyvape.eu\/wp-content\/uploads\/2019\/06\/print-1.svg\",\"contentUrl\":\"https:\/\/fizzyvape.eu\/wp-content\/uploads\/2019\/06\/print-1.svg\",\"width\":124,\"height\":37,\"caption\":\"fizzyvape.eu\"},\"image\":{\"@id\":\"https:\/\/www.fizzyvape.eu\/es\/#\/schema\/logo\/image\/\"}}]}<\/script>\n<meta property=\"og:availability\" content=\"out of stock\" \/>\n<meta property=\"product:availability\" content=\"out of stock\" \/>\n<meta property=\"product:condition\" content=\"new\" \/>\n<!-- \/ Yoast SEO Premium plugin. -->","yoast_head_json":{"title":"Fizzy Luxury - 15000 Puffs - 50pcs - fizzyvape.eu","description":"Explora Fizzy Luxury 15000 Puffs Blind Box (50pcs) - vaporizadores desechables premium con sabores atrevidos, vapor suave y recarga USB-C. \u00a1Perfecto para revendedores!","robots":{"index":"index","follow":"follow","max-snippet":"max-snippet:-1","max-image-preview":"max-image-preview:large","max-video-preview":"max-video-preview:-1"},"canonical":"https:\/\/fizzyvape.eu\/es\/producto\/fizzy-luxury-15000-puffs-30pcs\/","og_locale":"es_ES","og_type":"article","og_title":"Fizzy Luxury - 15000 Puffs - 50pcs","og_description":"Explora Fizzy Luxury 15000 Puffs Blind Box (50pcs) - vaporizadores desechables premium con sabores atrevidos, vapor suave y recarga USB-C. \u00a1Perfecto para revendedores!","og_url":"https:\/\/fizzyvape.eu\/es\/producto\/fizzy-luxury-15000-puffs-30pcs\/","og_site_name":"fizzyvape.eu","article_modified_time":"2025-10-31T10:01:36+00:00","og_image":[{"width":1500,"height":1500,"url":"https:\/\/fizzyvape.eu\/wp-content\/uploads\/2025\/04\/FizzyVape-Luxury-15Kpuff-Main019.jpg","type":"image\/jpeg"}],"twitter_card":"summary_large_image","twitter_misc":{"Disponibilidad":"Sin existencias"},"schema":{"@context":"https:\/\/schema.org","@graph":[{"@type":"WebPage","@id":"https:\/\/fizzyvape.eu\/es\/producto\/fizzy-luxury-15000-puffs-30pcs\/","url":"https:\/\/fizzyvape.eu\/es\/producto\/fizzy-luxury-15000-puffs-30pcs\/","name":"Fizzy Luxury - 15000 Puffs - 50pcs - fizzyvape.eu","isPartOf":{"@id":"https:\/\/www.fizzyvape.eu\/es\/#website"},"primaryImageOfPage":{"@id":"https:\/\/fizzyvape.eu\/es\/producto\/fizzy-luxury-15000-puffs-30pcs\/#primaryimage"},"image":{"@id":"https:\/\/fizzyvape.eu\/es\/producto\/fizzy-luxury-15000-puffs-30pcs\/#primaryimage"},"thumbnailUrl":"https:\/\/fizzyvape.eu\/wp-content\/uploads\/2025\/04\/FizzyVape-Luxury-15Kpuff-Main019.jpg","datePublished":"2025-04-10T06:15:15+00:00","dateModified":"2025-10-31T10:01:36+00:00","description":"Explora Fizzy Luxury 15000 Puffs Blind Box (50pcs) - vaporizadores desechables premium con sabores atrevidos, vapor suave y recarga USB-C. \u00a1Perfecto para revendedores!","breadcrumb":{"@id":"https:\/\/fizzyvape.eu\/es\/producto\/fizzy-luxury-15000-puffs-30pcs\/#breadcrumb"},"inLanguage":"es","potentialAction":[{"@type":"ReadAction","target":["https:\/\/fizzyvape.eu\/es\/producto\/fizzy-luxury-15000-puffs-30pcs\/"]}]},{"@type":"ImageObject","inLanguage":"es","@id":"https:\/\/fizzyvape.eu\/es\/producto\/fizzy-luxury-15000-puffs-30pcs\/#primaryimage","url":"https:\/\/fizzyvape.eu\/wp-content\/uploads\/2025\/04\/FizzyVape-Luxury-15Kpuff-Main019.jpg","contentUrl":"https:\/\/fizzyvape.eu\/wp-content\/uploads\/2025\/04\/FizzyVape-Luxury-15Kpuff-Main019.jpg","width":1500,"height":1500,"caption":"FizzyVape-Lujo-15Kpuff"},{"@type":"BreadcrumbList","@id":"https:\/\/fizzyvape.eu\/es\/producto\/fizzy-luxury-15000-puffs-30pcs\/#breadcrumb","itemListElement":[{"@type":"ListItem","position":1,"name":"Home","item":"https:\/\/fizzyvape.eu\/es\/"},{"@type":"ListItem","position":2,"name":"Tienda","item":"https:\/\/www.fizzyvape.eu\/es\/tienda\/"},{"@type":"ListItem","position":3,"name":"Fizzy Luxury &#8211; 15000 Puffs &#8211; 50pcs"}]},{"@type":"WebSite","@id":"https:\/\/www.fizzyvape.eu\/es\/#website","url":"https:\/\/www.fizzyvape.eu\/es\/","name":"fizzyvape.eu","description":"Refreshing Vapes. Unforgettable Taste.","publisher":{"@id":"https:\/\/www.fizzyvape.eu\/es\/#organization"},"potentialAction":[{"@type":"SearchAction","target":{"@type":"EntryPoint","urlTemplate":"https:\/\/www.fizzyvape.eu\/es\/?s={search_term_string}"},"query-input":{"@type":"PropertyValueSpecification","valueRequired":true,"valueName":"search_term_string"}}],"inLanguage":"es"},{"@type":"Organization","@id":"https:\/\/www.fizzyvape.eu\/es\/#organization","name":"fizzyvape.eu","url":"https:\/\/www.fizzyvape.eu\/es\/","logo":{"@type":"ImageObject","inLanguage":"es","@id":"https:\/\/www.fizzyvape.eu\/es\/#\/schema\/logo\/image\/","url":"https:\/\/fizzyvape.eu\/wp-content\/uploads\/2019\/06\/print-1.svg","contentUrl":"https:\/\/fizzyvape.eu\/wp-content\/uploads\/2019\/06\/print-1.svg","width":124,"height":37,"caption":"fizzyvape.eu"},"image":{"@id":"https:\/\/www.fizzyvape.eu\/es\/#\/schema\/logo\/image\/"}}]},"og_availability":"out of stock","product_availability":"out of stock","product_condition":"new"},"tiered_pricing_type":"fixed","tiered_pricing_fixed_rules":[],"tiered_pricing_product_settings":{"layout":"default","base_unit_name":{"singular":null,"plural":null},"default_variation":null},"tiered_pricing_minimum_quantity":null,"tiered_pricing_roles_data":[],"tiered_pricing_percentage_rules":[],"tiered_pricing_maximum_quantity":null,"tiered_pricing_quantity_step":null,"_links":{"self":[{"href":"https:\/\/fizzyvape.eu\/es\/wp-json\/wp\/v2\/product\/24631","targetHints":{"allow":["GET"]}}],"collection":[{"href":"https:\/\/fizzyvape.eu\/es\/wp-json\/wp\/v2\/product"}],"about":[{"href":"https:\/\/fizzyvape.eu\/es\/wp-json\/wp\/v2\/types\/product"}],"replies":[{"embeddable":true,"href":"https:\/\/fizzyvape.eu\/es\/wp-json\/wp\/v2\/comments?post=24631"}],"version-history":[{"count":0,"href":"https:\/\/fizzyvape.eu\/es\/wp-json\/wp\/v2\/product\/24631\/revisions"}],"wp:featuredmedia":[{"embeddable":true,"href":"https:\/\/fizzyvape.eu\/es\/wp-json\/wp\/v2\/media\/22578"}],"wp:attachment":[{"href":"https:\/\/fizzyvape.eu\/es\/wp-json\/wp\/v2\/media?parent=24631"}],"wp:term":[{"taxonomy":"product_brand","embeddable":true,"href":"https:\/\/fizzyvape.eu\/es\/wp-json\/wp\/v2\/product_brand?post=24631"},{"taxonomy":"product_cat","embeddable":true,"href":"https:\/\/fizzyvape.eu\/es\/wp-json\/wp\/v2\/product_cat?post=24631"},{"taxonomy":"product_tag","embeddable":true,"href":"https:\/\/fizzyvape.eu\/es\/wp-json\/wp\/v2\/product_tag?post=24631"}],"curies":[{"name":"wp","href":"https:\/\/api.w.org\/{rel}","templated":true}]}}