{"id":24802,"date":"2025-03-31T16:51:48","date_gmt":"2025-03-31T08:51:48","guid":{"rendered":"https:\/\/fizzyvape.eu\/product\/fizzy-twins-hielo-de-fresa-sandia-y-arandanos-50000-puffs-10pcs\/"},"modified":"2026-03-26T16:56:13","modified_gmt":"2026-03-26T08:56:13","slug":"fizzy-twins-hielo-de-fresa-sandia-y-arandanos-50000-puffs-10pcs","status":"publish","type":"product","link":"https:\/\/fizzyvape.eu\/es\/producto\/fizzy-twins-hielo-de-fresa-sandia-y-arandanos-50000-puffs-10pcs\/","title":{"rendered":"Fizzy Twins Hielo de Fresa, Sand\u00eda y Ar\u00e1ndanos &#8211; 50000 Puffs &#8211; 10pcs"},"content":{"rendered":"<div>\n<h1><strong>Fizzy Twins Fresa Sand\u00eda y Ar\u00e1ndanos Hielo 50000 Puffs &#8211; Vapeador Desechable Premium Doble Sabor<\/strong><\/h1>\n<p>\u00a1Experimenta la mezcla perfecta de refresco afrutado con <strong>las 50000 caladas de Fizzy Twins Sand\u00eda con Fresa y Hielo de Ar\u00e1ndanos<\/strong>! Este <strong>vaporizador desechable de doble sabor<\/strong> ofrece una <strong>jugosa sand\u00eda de fresa<\/strong> combinada con <strong>un fresco hielo de ar\u00e1ndanos<\/strong> para una experiencia de vapeo irresistiblemente suave. Con <strong>50.000 caladas<\/strong>, <strong>bater\u00eda recargable de 850 mAh<\/strong> y <strong>flujo de aire ajustable<\/strong>, est\u00e1 dise\u00f1ado para una satisfacci\u00f3n duradera. <\/p>\n<h3>Caracter\u00edsticas principales:<\/h3>\n<p>\u2705 <strong>50.000 bocanadas<\/strong> &#8211; Rendimiento ultralargo<br \/>\n\u2705 <strong>Sistema de doble sabor<\/strong> &#8211; Cambia entre <strong>Sand\u00eda con fresa (dulce y jugosa)<\/strong> y <strong>Hielo con ar\u00e1ndanos (fresco y crujiente)<\/strong><br \/>\n\u2705 <strong>Tecnolog\u00eda de doble dep\u00f3sito<\/strong>: las c\u00e1maras de e-l\u00edquido separadas mantienen los sabores puros<br \/>\n\u2705 <strong>Bater\u00eda recargable de 850 mAh<\/strong> &#8211; Carga r\u00e1pida USB-C<br \/>\n\u2705 <strong>E-l\u00edquido precargado de 50ML<\/strong> &#8211; No se necesitan recargas<br \/>\n\u2705 <strong>Flujo de aire ajustable<\/strong> &#8211; Personaliza tu calada (MTL apretada o RDL aireada)<br \/>\n\u2705 <strong>Modos de potencia dual<\/strong>: <strong>ECO<\/strong>(equilibrado) o <strong>Boost<\/strong> (nubes intensas)<br \/>\n\u2705 <strong>Carcasa met\u00e1lica de primera calidad<\/strong>: elegante, duradera y c\u00f3moda <\/p>\n<h3><strong>\u00bfPor qu\u00e9 elegir Fizzy Twins Dual Flavor Vape 50000 Puffs?<\/strong><\/h3>\n<p>\ud83d\udd25 <strong>Dos sabores premium en un solo dispositivo<\/strong>: no necesitas llevar varios vaporizadores<br \/>\n\ud83d\udd25 <strong>Semanas de vapeo<\/strong> &#8211; Capacidad masiva de 50ML de e-l\u00edquido<br \/>\n\ud83d\udd25 <strong>Experiencia personalizable<\/strong>: ajusta el flujo de aire y la potencia para conseguir golpes perfectos<br \/>\n\ud83d\udd25 <strong>Construcci\u00f3n y sabor premium<\/strong> &#8211; Sin fugas, pura satisfacci\u00f3n <\/p>\n<\/div>\n<div>\n<h3><strong>Opciones de nicotina:<\/strong><\/h3>\n<p>&#8211; <strong>2% (20mg\/mL<\/strong> ) &#8211; Ideal para una experiencia de vapeo suave y sabrosa<br \/>\n&#8211; <strong>5% (50mg\/mL<\/strong> ) &#8211; Dise\u00f1ado para un golpe de garganta m\u00e1s fuerte y satisfactorio <\/p>\n<h3>Especificaciones<\/h3>\n<table style=\"height: 449px;\" width=\"1340\">\n<tbody>\n<tr>\n<td>Puffs<\/td>\n<td><strong>50000+ Puffs<\/strong><\/td>\n<\/tr>\n<tr>\n<td>Capacidad del e-l\u00edquido<\/td>\n<td><strong>50 ml (25 ml por sabor)<\/strong><\/td>\n<\/tr>\n<tr>\n<td>Capacidad de la bater\u00eda<\/td>\n<td><strong>850 mAh<\/strong><\/td>\n<\/tr>\n<tr>\n<td>Tama\u00f1o<\/td>\n<td><strong>55,9*27,3*119,8 mm<\/strong><\/td>\n<\/tr>\n<tr>\n<td>Desechable o no<\/td>\n<td><strong>Desechable<\/strong><\/td>\n<\/tr>\n<tr>\n<td>Potencia ajustable<\/td>\n<td><strong>S\u00cd<\/strong><\/td>\n<\/tr>\n<tr>\n<td>M\u00e9todo de activaci\u00f3n<\/td>\n<td><strong>Sensor<\/strong><\/td>\n<\/tr>\n<tr>\n<td>Material<\/td>\n<td><strong>PCTG<\/strong><\/td>\n<\/tr>\n<tr>\n<td>Nivel de nicotina<\/td>\n<td><strong>2% (20mg\/mL) y 5% (50mg\/mL)<\/strong><\/td>\n<\/tr>\n<tr>\n<td>Sabores<\/td>\n<td><strong>12<\/strong><\/td>\n<\/tr>\n<tr>\n<td>Embalaje<\/td>\n<td><strong>1 paquete<\/strong><\/td>\n<\/tr>\n<tr>\n<td>Tiempo de carga<\/td>\n<td><strong>2 horas<\/strong><\/td>\n<\/tr>\n<tr>\n<td>Almacenamiento<\/td>\n<td><strong>Evita los entornos con altas temperaturas y gu\u00e1rdalo en un lugar fresco y seco.<\/strong><\/td>\n<\/tr>\n<tr>\n<td>Personas cuyo uso est\u00e1 prohibido<\/td>\n<td><strong>Menores, mujeres embarazadas y personas al\u00e9rgicas a los ingredientes del producto.<\/strong><\/td>\n<\/tr>\n<tr>\n<td>Precauci\u00f3n<\/td>\n<td><strong>No tragues esta sustancia. En caso de ingesti\u00f3n, enju\u00e1gate bien la boca inmediatamente. Si te encuentras mal, acude al m\u00e9dico.  <\/strong><\/td>\n<\/tr>\n<\/tbody>\n<\/table>\n<h3>Lista de sabores de <strong>Fizzy Twins <\/strong>50000 Puffs:<\/h3>\n<ol>\n<li><a href=\"https:\/\/fizzyvape.eu\/es\/producto\/fizzy-twins-sandia-helada-y-fresa-kiwi-50000-puffs-10pcs\/\">Sand\u00eda Helada y Fresa Kiwi<\/a><\/li>\n<li><a href=\"https:\/\/fizzyvape.eu\/es\/producto\/fizzy-twins-fresa-kiwi-granada-red-bull-50000-puffs-10pcs\/\">Fresa Kiwi Granada y Red Bull<\/a><\/li>\n<li><a href=\"https:\/\/fizzyvape.eu\/es\/producto\/fizzy-twins-hielo-de-arandano-coco-y-uva-50000-puffs-10pcs\/\">Hielo de ar\u00e1ndanos, coco y uva<\/a><\/li>\n<li><a href=\"https:\/\/fizzyvape.eu\/es\/producto\/fizzy-twins-blue-razz-limonada-y-triple-melon-50000-puffs-10pcs\/\">Limonada Blue Razz y Mel\u00f3n Triple<\/a><\/li>\n<li><a href=\"https:\/\/fizzyvape.eu\/es\/producto\/fizzy-twins-hielo-de-fresa-sandia-y-arandanos-50000-puffs-10pcs\/\">Hielo de fresa, sand\u00eda y ar\u00e1ndanos<\/a><\/li>\n<li><a href=\"https:\/\/fizzyvape.eu\/es\/producto\/fizzy-twins-melocoton-mango-sandia-y-fresa-platano-50000-puffs-10pcs\/\">Melocot\u00f3n Mango Sand\u00eda y Fresa Pl\u00e1tano<\/a><\/li>\n<li><a href=\"\/product\/fizzy-twins-raspberry-watermenlon-kiwi-passion-fruit-guava-50000-puffs-10pcs\/\">Frambuesa Sand\u00eda y Kiwi Fruta de la Pasi\u00f3n Guayaba<\/a><\/li>\n<li><a href=\"https:\/\/fizzyvape.eu\/es\/producto\/fizzy-twins-pina-melocoton-fruta-de-la-pasion-y-arandano-frambuesa-50000-puffs-10pcs\/\">Pi\u00f1a Melocot\u00f3n Fruta de la Pasi\u00f3n y Ar\u00e1ndanos Frambuesa<\/a><\/li>\n<li><a href=\"https:\/\/fizzyvape.eu\/es\/producto\/fizzy-twins-sandia-helada-y-lima-limon-50000-puffs-10pcs\/\">Hielo de sand\u00eda y lima lim\u00f3n<\/a><\/li>\n<li><a href=\"https:\/\/fizzyvape.eu\/es\/producto\/fizzy-twins-hielo-mezcla-de-bayas-y-melocoton-50000-puffs-10pcs\/\">Hielo de frutas del bosque y melocot\u00f3n<\/a><\/li>\n<li><a href=\"https:\/\/fizzyvape.eu\/es\/producto\/fizzy-twins-fresa-helada-y-cereza-efervescente-50000-puffs-10pcs\/\">Fresa helada y cereza efervescente<\/a><\/li>\n<li><a href=\"https:\/\/fizzyvape.eu\/es\/producto\/fizzy-twins-limonada-de-frambuesa-y-fresa-helada-50000-puffs-10pcs\/\">Limonada de Frambuesa y Hielo de Fresa<\/a><\/li>\n<\/ol>\n<h3>Preguntas frecuentes sobre Fizzy Twins Fresa, sand\u00eda y ar\u00e1ndanos helados 50000 Puffs Vape<\/h3>\n<ol>\n<li><strong>\u00bfC\u00f3mo cambio entre los sabores Sand\u00eda de fresa y Hielo de ar\u00e1ndanos?<\/strong><br \/>\nLa Fizzy Twins incorpora un intuitivo sistema de cambio de sabor con un solo bot\u00f3n. Basta con pulsar el bot\u00f3n de cambio de sabor espec\u00edfico para alternar entre los sabores dulce de sand\u00eda y fresa y refrescante de ar\u00e1ndanos al instante. <\/li>\n<li><strong>\u00bfCu\u00e1nto me durar\u00e1n las 50.000 caladas?<\/strong><br \/>\nCon aproximadamente 50.000 caladas de la capacidad de 50 ml de e-l\u00edquido, la mayor\u00eda de los usuarios pueden esperar entre 3 y 4 semanas de uso regular. Los vapeadores empedernidos pueden conseguir unas 2-3 semanas antes de necesitar una sustituci\u00f3n. <\/li>\n<li><strong>\u00bfCu\u00e1l es la diferencia entre los modos de potencia Est\u00e1ndar y Boost?<\/strong><br \/>\nEl modo Est\u00e1ndar ofrece un sabor y una producci\u00f3n de vapor equilibrados, mientras que <strong>el modo Boost<\/strong> proporciona un sabor m\u00e1s intenso y nubes m\u00e1s densas. Alterna f\u00e1cilmente entre los modos seg\u00fan tus preferencias. <\/li>\n<\/ol>\n<\/div>\n","protected":false},"excerpt":{"rendered":"<p>Disfruta del mejor refresco afrutado con <strong>las 50000 caladas de Fizzy Twins Sand\u00eda con Fresa y Hielo de Ar\u00e1ndanos<\/strong>. Este <strong>vaporizador desechable<\/strong> premium <strong>de doble sabor<\/strong> te permite alternar entre la dulce sand\u00eda de fresa y el fresco hielo de ar\u00e1ndanos para un vapeo suave y satisfactorio. <\/p>\n","protected":false},"featured_media":29702,"comment_status":"open","ping_status":"closed","template":"","meta":{"iawp_total_views":2},"product_brand":[],"product_cat":[261],"product_tag":[235],"class_list":{"0":"post-24802","1":"product","2":"type-product","3":"status-publish","4":"has-post-thumbnail","6":"product_cat-twins-es","7":"product_tag-50000puffs-es","9":"first","10":"outofstock","11":"sale","12":"shipping-taxable","13":"purchasable","14":"product-type-variable"},"yoast_head":"<!-- This site is optimized with the Yoast SEO Premium plugin v24.8 (Yoast SEO v24.8) - https:\/\/yoast.com\/wordpress\/plugins\/seo\/ -->\n<title>Fizzy Twins Hielo de Fresa, Sand\u00eda y Ar\u00e1ndanos - 50000 Puffs - 10pcs - fizzyvape.eu<\/title>\n<meta name=\"description\" content=\"10pcs Fizzy Twins Sand\u00eda Fresa y Ar\u00e1ndano Hielo \u00a150K caladas vape! Vapeador desechable de doble sabor, 50000 caladas desechables. \u00a1C\u00f3mpralo ya!\" \/>\n<meta name=\"robots\" content=\"index, follow, max-snippet:-1, max-image-preview:large, max-video-preview:-1\" \/>\n<link rel=\"canonical\" href=\"https:\/\/fizzyvape.eu\/es\/producto\/fizzy-twins-hielo-de-fresa-sandia-y-arandanos-50000-puffs-10pcs\/\" \/>\n<meta property=\"og:locale\" content=\"es_ES\" \/>\n<meta property=\"og:type\" content=\"article\" \/>\n<meta property=\"og:title\" content=\"Fizzy Twins Hielo de Fresa, Sand\u00eda y Ar\u00e1ndanos - 50000 Puffs - 10pcs\" \/>\n<meta property=\"og:description\" content=\"10pcs Fizzy Twins Sand\u00eda Fresa y Ar\u00e1ndano Hielo \u00a150K caladas vape! Vapeador desechable de doble sabor, 50000 caladas desechables. \u00a1C\u00f3mpralo ya!\" \/>\n<meta property=\"og:url\" content=\"https:\/\/fizzyvape.eu\/es\/producto\/fizzy-twins-hielo-de-fresa-sandia-y-arandanos-50000-puffs-10pcs\/\" \/>\n<meta property=\"og:site_name\" content=\"fizzyvape.eu\" \/>\n<meta property=\"article:modified_time\" content=\"2026-03-26T08:56:13+00:00\" \/>\n<meta property=\"og:image\" content=\"https:\/\/www.fizzyvape.eu\/wp-content\/uploads\/2025\/04\/fizzy-twins-50000Puffs-strawberry-watermelonblueberry-ice-1.webp\" \/>\n\t<meta property=\"og:image:width\" content=\"800\" \/>\n\t<meta property=\"og:image:height\" content=\"800\" \/>\n\t<meta property=\"og:image:type\" content=\"image\/webp\" \/>\n<meta name=\"twitter:card\" content=\"summary_large_image\" \/>\n<meta name=\"twitter:label1\" content=\"Disponibilidad\" \/>\n\t<meta name=\"twitter:data1\" content=\"Sin existencias\" \/>\n<script type=\"application\/ld+json\" class=\"yoast-schema-graph\">{\"@context\":\"https:\/\/schema.org\",\"@graph\":[{\"@type\":\"WebPage\",\"@id\":\"https:\/\/fizzyvape.eu\/es\/producto\/fizzy-twins-hielo-de-fresa-sandia-y-arandanos-50000-puffs-10pcs\/\",\"url\":\"https:\/\/fizzyvape.eu\/es\/producto\/fizzy-twins-hielo-de-fresa-sandia-y-arandanos-50000-puffs-10pcs\/\",\"name\":\"Fizzy Twins Hielo de Fresa, Sand\u00eda y Ar\u00e1ndanos - 50000 Puffs - 10pcs - fizzyvape.eu\",\"isPartOf\":{\"@id\":\"https:\/\/www.fizzyvape.eu\/es\/#website\"},\"primaryImageOfPage\":{\"@id\":\"https:\/\/fizzyvape.eu\/es\/producto\/fizzy-twins-hielo-de-fresa-sandia-y-arandanos-50000-puffs-10pcs\/#primaryimage\"},\"image\":{\"@id\":\"https:\/\/fizzyvape.eu\/es\/producto\/fizzy-twins-hielo-de-fresa-sandia-y-arandanos-50000-puffs-10pcs\/#primaryimage\"},\"thumbnailUrl\":\"https:\/\/fizzyvape.eu\/wp-content\/uploads\/2025\/03\/Fizzy-Twins-50000-Puffs-Disposable-Vape-06.webp\",\"datePublished\":\"2025-03-31T08:51:48+00:00\",\"dateModified\":\"2026-03-26T08:56:13+00:00\",\"description\":\"10pcs Fizzy Twins Sand\u00eda Fresa y Ar\u00e1ndano Hielo \u00a150K caladas vape! Vapeador desechable de doble sabor, 50000 caladas desechables. \u00a1C\u00f3mpralo ya!\",\"breadcrumb\":{\"@id\":\"https:\/\/fizzyvape.eu\/es\/producto\/fizzy-twins-hielo-de-fresa-sandia-y-arandanos-50000-puffs-10pcs\/#breadcrumb\"},\"inLanguage\":\"es\",\"potentialAction\":[{\"@type\":\"ReadAction\",\"target\":[\"https:\/\/fizzyvape.eu\/es\/producto\/fizzy-twins-hielo-de-fresa-sandia-y-arandanos-50000-puffs-10pcs\/\"]}]},{\"@type\":\"ImageObject\",\"inLanguage\":\"es\",\"@id\":\"https:\/\/fizzyvape.eu\/es\/producto\/fizzy-twins-hielo-de-fresa-sandia-y-arandanos-50000-puffs-10pcs\/#primaryimage\",\"url\":\"https:\/\/fizzyvape.eu\/wp-content\/uploads\/2025\/03\/Fizzy-Twins-50000-Puffs-Disposable-Vape-06.webp\",\"contentUrl\":\"https:\/\/fizzyvape.eu\/wp-content\/uploads\/2025\/03\/Fizzy-Twins-50000-Puffs-Disposable-Vape-06.webp\",\"width\":800,\"height\":800,\"caption\":\"Fizzy Twins 50000 Puffs Disposable Vape 06\"},{\"@type\":\"BreadcrumbList\",\"@id\":\"https:\/\/fizzyvape.eu\/es\/producto\/fizzy-twins-hielo-de-fresa-sandia-y-arandanos-50000-puffs-10pcs\/#breadcrumb\",\"itemListElement\":[{\"@type\":\"ListItem\",\"position\":1,\"name\":\"Home\",\"item\":\"https:\/\/fizzyvape.eu\/es\/\"},{\"@type\":\"ListItem\",\"position\":2,\"name\":\"Tienda\",\"item\":\"https:\/\/www.fizzyvape.eu\/es\/tienda\/\"},{\"@type\":\"ListItem\",\"position\":3,\"name\":\"Fizzy Twins Hielo de Fresa, Sand\u00eda y Ar\u00e1ndanos &#8211; 50000 Puffs &#8211; 10pcs\"}]},{\"@type\":\"WebSite\",\"@id\":\"https:\/\/www.fizzyvape.eu\/es\/#website\",\"url\":\"https:\/\/www.fizzyvape.eu\/es\/\",\"name\":\"fizzyvape.eu\",\"description\":\"Refreshing Vapes. Unforgettable Taste.\",\"publisher\":{\"@id\":\"https:\/\/www.fizzyvape.eu\/es\/#organization\"},\"potentialAction\":[{\"@type\":\"SearchAction\",\"target\":{\"@type\":\"EntryPoint\",\"urlTemplate\":\"https:\/\/www.fizzyvape.eu\/es\/?s={search_term_string}\"},\"query-input\":{\"@type\":\"PropertyValueSpecification\",\"valueRequired\":true,\"valueName\":\"search_term_string\"}}],\"inLanguage\":\"es\"},{\"@type\":\"Organization\",\"@id\":\"https:\/\/www.fizzyvape.eu\/es\/#organization\",\"name\":\"fizzyvape.eu\",\"url\":\"https:\/\/www.fizzyvape.eu\/es\/\",\"logo\":{\"@type\":\"ImageObject\",\"inLanguage\":\"es\",\"@id\":\"https:\/\/www.fizzyvape.eu\/es\/#\/schema\/logo\/image\/\",\"url\":\"https:\/\/fizzyvape.eu\/wp-content\/uploads\/2019\/06\/print-1.svg\",\"contentUrl\":\"https:\/\/fizzyvape.eu\/wp-content\/uploads\/2019\/06\/print-1.svg\",\"width\":124,\"height\":37,\"caption\":\"fizzyvape.eu\"},\"image\":{\"@id\":\"https:\/\/www.fizzyvape.eu\/es\/#\/schema\/logo\/image\/\"}}]}<\/script>\n<meta property=\"og:availability\" content=\"out of stock\" \/>\n<meta property=\"product:availability\" content=\"out of stock\" \/>\n<meta property=\"product:condition\" content=\"new\" \/>\n<!-- \/ Yoast SEO Premium plugin. -->","yoast_head_json":{"title":"Fizzy Twins Hielo de Fresa, Sand\u00eda y Ar\u00e1ndanos - 50000 Puffs - 10pcs - fizzyvape.eu","description":"10pcs Fizzy Twins Sand\u00eda Fresa y Ar\u00e1ndano Hielo \u00a150K caladas vape! Vapeador desechable de doble sabor, 50000 caladas desechables. \u00a1C\u00f3mpralo ya!","robots":{"index":"index","follow":"follow","max-snippet":"max-snippet:-1","max-image-preview":"max-image-preview:large","max-video-preview":"max-video-preview:-1"},"canonical":"https:\/\/fizzyvape.eu\/es\/producto\/fizzy-twins-hielo-de-fresa-sandia-y-arandanos-50000-puffs-10pcs\/","og_locale":"es_ES","og_type":"article","og_title":"Fizzy Twins Hielo de Fresa, Sand\u00eda y Ar\u00e1ndanos - 50000 Puffs - 10pcs","og_description":"10pcs Fizzy Twins Sand\u00eda Fresa y Ar\u00e1ndano Hielo \u00a150K caladas vape! Vapeador desechable de doble sabor, 50000 caladas desechables. \u00a1C\u00f3mpralo ya!","og_url":"https:\/\/fizzyvape.eu\/es\/producto\/fizzy-twins-hielo-de-fresa-sandia-y-arandanos-50000-puffs-10pcs\/","og_site_name":"fizzyvape.eu","article_modified_time":"2026-03-26T08:56:13+00:00","og_image":[{"width":800,"height":800,"url":"https:\/\/www.fizzyvape.eu\/wp-content\/uploads\/2025\/04\/fizzy-twins-50000Puffs-strawberry-watermelonblueberry-ice-1.webp","type":"image\/webp"}],"twitter_card":"summary_large_image","twitter_misc":{"Disponibilidad":"Sin existencias"},"schema":{"@context":"https:\/\/schema.org","@graph":[{"@type":"WebPage","@id":"https:\/\/fizzyvape.eu\/es\/producto\/fizzy-twins-hielo-de-fresa-sandia-y-arandanos-50000-puffs-10pcs\/","url":"https:\/\/fizzyvape.eu\/es\/producto\/fizzy-twins-hielo-de-fresa-sandia-y-arandanos-50000-puffs-10pcs\/","name":"Fizzy Twins Hielo de Fresa, Sand\u00eda y Ar\u00e1ndanos - 50000 Puffs - 10pcs - fizzyvape.eu","isPartOf":{"@id":"https:\/\/www.fizzyvape.eu\/es\/#website"},"primaryImageOfPage":{"@id":"https:\/\/fizzyvape.eu\/es\/producto\/fizzy-twins-hielo-de-fresa-sandia-y-arandanos-50000-puffs-10pcs\/#primaryimage"},"image":{"@id":"https:\/\/fizzyvape.eu\/es\/producto\/fizzy-twins-hielo-de-fresa-sandia-y-arandanos-50000-puffs-10pcs\/#primaryimage"},"thumbnailUrl":"https:\/\/fizzyvape.eu\/wp-content\/uploads\/2025\/03\/Fizzy-Twins-50000-Puffs-Disposable-Vape-06.webp","datePublished":"2025-03-31T08:51:48+00:00","dateModified":"2026-03-26T08:56:13+00:00","description":"10pcs Fizzy Twins Sand\u00eda Fresa y Ar\u00e1ndano Hielo \u00a150K caladas vape! Vapeador desechable de doble sabor, 50000 caladas desechables. \u00a1C\u00f3mpralo ya!","breadcrumb":{"@id":"https:\/\/fizzyvape.eu\/es\/producto\/fizzy-twins-hielo-de-fresa-sandia-y-arandanos-50000-puffs-10pcs\/#breadcrumb"},"inLanguage":"es","potentialAction":[{"@type":"ReadAction","target":["https:\/\/fizzyvape.eu\/es\/producto\/fizzy-twins-hielo-de-fresa-sandia-y-arandanos-50000-puffs-10pcs\/"]}]},{"@type":"ImageObject","inLanguage":"es","@id":"https:\/\/fizzyvape.eu\/es\/producto\/fizzy-twins-hielo-de-fresa-sandia-y-arandanos-50000-puffs-10pcs\/#primaryimage","url":"https:\/\/fizzyvape.eu\/wp-content\/uploads\/2025\/03\/Fizzy-Twins-50000-Puffs-Disposable-Vape-06.webp","contentUrl":"https:\/\/fizzyvape.eu\/wp-content\/uploads\/2025\/03\/Fizzy-Twins-50000-Puffs-Disposable-Vape-06.webp","width":800,"height":800,"caption":"Fizzy Twins 50000 Puffs Disposable Vape 06"},{"@type":"BreadcrumbList","@id":"https:\/\/fizzyvape.eu\/es\/producto\/fizzy-twins-hielo-de-fresa-sandia-y-arandanos-50000-puffs-10pcs\/#breadcrumb","itemListElement":[{"@type":"ListItem","position":1,"name":"Home","item":"https:\/\/fizzyvape.eu\/es\/"},{"@type":"ListItem","position":2,"name":"Tienda","item":"https:\/\/www.fizzyvape.eu\/es\/tienda\/"},{"@type":"ListItem","position":3,"name":"Fizzy Twins Hielo de Fresa, Sand\u00eda y Ar\u00e1ndanos &#8211; 50000 Puffs &#8211; 10pcs"}]},{"@type":"WebSite","@id":"https:\/\/www.fizzyvape.eu\/es\/#website","url":"https:\/\/www.fizzyvape.eu\/es\/","name":"fizzyvape.eu","description":"Refreshing Vapes. Unforgettable Taste.","publisher":{"@id":"https:\/\/www.fizzyvape.eu\/es\/#organization"},"potentialAction":[{"@type":"SearchAction","target":{"@type":"EntryPoint","urlTemplate":"https:\/\/www.fizzyvape.eu\/es\/?s={search_term_string}"},"query-input":{"@type":"PropertyValueSpecification","valueRequired":true,"valueName":"search_term_string"}}],"inLanguage":"es"},{"@type":"Organization","@id":"https:\/\/www.fizzyvape.eu\/es\/#organization","name":"fizzyvape.eu","url":"https:\/\/www.fizzyvape.eu\/es\/","logo":{"@type":"ImageObject","inLanguage":"es","@id":"https:\/\/www.fizzyvape.eu\/es\/#\/schema\/logo\/image\/","url":"https:\/\/fizzyvape.eu\/wp-content\/uploads\/2019\/06\/print-1.svg","contentUrl":"https:\/\/fizzyvape.eu\/wp-content\/uploads\/2019\/06\/print-1.svg","width":124,"height":37,"caption":"fizzyvape.eu"},"image":{"@id":"https:\/\/www.fizzyvape.eu\/es\/#\/schema\/logo\/image\/"}}]},"og_availability":"out of stock","product_availability":"out of stock","product_condition":"new"},"tiered_pricing_type":"fixed","tiered_pricing_fixed_rules":[],"tiered_pricing_product_settings":{"layout":"default","base_unit_name":{"singular":null,"plural":null},"default_variation":null},"tiered_pricing_minimum_quantity":null,"tiered_pricing_roles_data":[],"tiered_pricing_percentage_rules":[],"tiered_pricing_maximum_quantity":null,"tiered_pricing_quantity_step":null,"_links":{"self":[{"href":"https:\/\/fizzyvape.eu\/es\/wp-json\/wp\/v2\/product\/24802","targetHints":{"allow":["GET"]}}],"collection":[{"href":"https:\/\/fizzyvape.eu\/es\/wp-json\/wp\/v2\/product"}],"about":[{"href":"https:\/\/fizzyvape.eu\/es\/wp-json\/wp\/v2\/types\/product"}],"replies":[{"embeddable":true,"href":"https:\/\/fizzyvape.eu\/es\/wp-json\/wp\/v2\/comments?post=24802"}],"version-history":[{"count":0,"href":"https:\/\/fizzyvape.eu\/es\/wp-json\/wp\/v2\/product\/24802\/revisions"}],"wp:featuredmedia":[{"embeddable":true,"href":"https:\/\/fizzyvape.eu\/es\/wp-json\/wp\/v2\/media\/29702"}],"wp:attachment":[{"href":"https:\/\/fizzyvape.eu\/es\/wp-json\/wp\/v2\/media?parent=24802"}],"wp:term":[{"taxonomy":"product_brand","embeddable":true,"href":"https:\/\/fizzyvape.eu\/es\/wp-json\/wp\/v2\/product_brand?post=24802"},{"taxonomy":"product_cat","embeddable":true,"href":"https:\/\/fizzyvape.eu\/es\/wp-json\/wp\/v2\/product_cat?post=24802"},{"taxonomy":"product_tag","embeddable":true,"href":"https:\/\/fizzyvape.eu\/es\/wp-json\/wp\/v2\/product_tag?post=24802"}],"curies":[{"name":"wp","href":"https:\/\/api.w.org\/{rel}","templated":true}]}}