{"id":25030,"date":"2025-04-02T09:12:56","date_gmt":"2025-04-02T01:12:56","guid":{"rendered":"https:\/\/fizzyvape.eu\/product\/fizzy-nova-plus-40000-puffs-tropical-ice-fusion-paquete-de-6-sabores-6pcs\/"},"modified":"2025-11-29T17:32:36","modified_gmt":"2025-11-29T09:32:36","slug":"fizzy-nova-plus-40000-puffs-tropical-ice-fusion-paquete-de-6-sabores-6pcs","status":"publish","type":"product","link":"https:\/\/fizzyvape.eu\/es\/producto\/fizzy-nova-plus-40000-puffs-tropical-ice-fusion-paquete-de-6-sabores-6pcs\/","title":{"rendered":"Fizzy Nova Plus 40000 Puffs Tropical Ice Fusion Paquete de 6 sabores &#8211; 6pcs"},"content":{"rendered":"<div>\n<h1><strong>Paquete de 6 sabores Fizzy Nova Plus 40000 Puffs Tropical Ice Fusion<\/strong><\/h1>\n<p><strong>Emb\u00e1rcate en una expedici\u00f3n global de sabores<\/strong> con el paquete de 6 sabores Fizzy Nova Plus. Esta selecta colecci\u00f3n incluye seis fusiones de frutas heladas, que combinan frutas tropicales de primera calidad con frescor bajo cero para una experiencia de vapeo aterciopelada. Cada dispositivo proporciona <strong>40.000 caladas ricas y sabrosas<\/strong> de nuestro e-l\u00edquido caracter\u00edstico, elaborado por artesanos del sabor de renombre mundial.  <\/p>\n<h2><strong>L\u00ednea de sabores<\/strong><\/h2>\n<ol>\n<li><strong>Fresa Helada<\/strong> \u2744\ufe0f\ud83c\udf53 &#8211; <em>Las fresas jugosas se unen al fr\u00edo \u00e1rtico<\/em><\/li>\n<li><strong>Coco con ar\u00e1ndanos<\/strong> \ud83e\udd65\ud83d\udc99 &#8211; <em>Cremosos remolinos de coco con ar\u00e1ndanos silvestres<\/em><\/li>\n<li><strong>Kiwi fresa<\/strong> \ud83c\udf53\ud83e\udd5d &#8211; <em>El kiwi \u00e1cido electriza la fresa dulce<\/em><\/li>\n<li><strong>Hielo de ar\u00e1ndanos<\/strong> \ud83d\udc8e\u2744\ufe0f &#8211; <em>Explosi\u00f3n de escarcha de ar\u00e1ndanos ultrafr\u00eda<\/em><\/li>\n<li><strong>Hielo de sand\u00eda<\/strong> \ud83c\udf49\ud83e\uddca &#8211; <em>Granizado de sand\u00eda crujiente e hidratante<\/em><\/li>\n<li><strong>Melocot\u00f3n Mango Sand\u00eda<\/strong> \ud83c\udf51\ud83e\udd6d\ud83c\udf49 &#8211; <em>Euforia tropical triple<\/em><\/li>\n<\/ol>\n<h3>Caracter\u00edsticas principales:<\/h3>\n<p>\ud83d\udd39 <strong>6 dispositivos de 40.000 caladas<\/strong> &#8211; Disfruta de un vapeo prolongado con <em>una capacidad l\u00edder en el sector<\/em> ( <strong>\u00a1240.000 caladas en total<\/strong>!)<br \/>\n\ud83d\udd39 <strong>E-l\u00edquido de 40 ml por dispositivo<\/strong> &#8211; Semanas de refresco tropical ininterrumpido<br \/>\n\ud83d\udd39 <strong>Tecnolog\u00eda de doble bobina de malla<\/strong>: maximiza la claridad del sabor y la densidad de la nube<br \/>\n\ud83d\udd39 <strong>Sistema inteligente de modo dual<\/strong>: cambia entre <strong>el modo Eco<\/strong> para mayor eficiencia y <strong>el modo Turbo<\/strong> para intensificar el rendimiento<br \/>\n\ud83d\udd39 <strong>Carga r\u00e1pida USB-C<\/strong>: la bater\u00eda de 850 mAh se recarga por completo en <strong>120 minutos<\/strong><br \/>\n\ud83d\udd39 <strong>Cuerpo de aleaci\u00f3n de grado aeroespacial<\/strong>: elegante, duradero y apto para el bolsillo   <\/p>\n<h2><strong>\u00bfPor qu\u00e9 elegir Fizzy Nova Plus 40K Vape?<\/strong><\/h2>\n<p>\ud83d\udd25 <strong>Durabilidad inigualable<\/strong> &#8211; Supera a los desechables normales en <strong>un 300%<\/strong><br \/>\n\ud83d\udc8e <strong>Ingenier\u00eda de primera calidad<\/strong> &#8211; Construcci\u00f3n de aleaci\u00f3n de grado aeroespacial con elegancia ergon\u00f3mica<br \/>\n\ud83d\udc51 <strong>Perfecci\u00f3n de sabor<\/strong> &#8211; Desarrollado meticulosamente por artesanos del sabor de fama mundial <\/p>\n<\/div>\n<div>\n<h3><strong>Opciones de nicotina:<\/strong><\/h3>\n<p>&#8211; <strong>2% (20mg\/mL<\/strong> ) &#8211; Ideal para una experiencia de vapeo suave y sabrosa<br \/>\n&#8211; <strong>5% (50mg\/mL<\/strong> ) &#8211; Dise\u00f1ado para un golpe de garganta m\u00e1s fuerte y satisfactorio <\/p>\n<h3>Especificaciones<\/h3>\n<table style=\"height: 449px;\" width=\"1340\">\n<tbody>\n<tr>\n<td>Puffs<\/td>\n<td><strong>M\u00e1s de 40000 Puffs<\/strong><\/td>\n<\/tr>\n<tr>\n<td>Capacidad del e-l\u00edquido<\/td>\n<td><strong>40 ml<\/strong><\/td>\n<\/tr>\n<tr>\n<td>Capacidad de la bater\u00eda<\/td>\n<td><strong>850 mAh<\/strong><\/td>\n<\/tr>\n<tr>\n<td>Tama\u00f1o<\/td>\n<td><strong>52,5*24,5*104,3 mm<\/strong><\/td>\n<\/tr>\n<tr>\n<td>Desechable o no<\/td>\n<td><strong>Desechable<\/strong><\/td>\n<\/tr>\n<tr>\n<td>M\u00e9todo de carga<\/td>\n<td><strong>Cable<\/strong><\/td>\n<\/tr>\n<tr>\n<td>M\u00e9todo de activaci\u00f3n<\/td>\n<td><strong>Sensor<\/strong><\/td>\n<\/tr>\n<tr>\n<td>Material<\/td>\n<td><strong>PCTG<\/strong><\/td>\n<\/tr>\n<tr>\n<td>Nivel de nicotina<\/td>\n<td><strong>2% (20mg\/mL) y 5% (50mg\/mL)<\/strong><\/td>\n<\/tr>\n<tr>\n<td>Sabores<\/td>\n<td><strong>12<\/strong><\/td>\n<\/tr>\n<tr>\n<td>Embalaje<\/td>\n<td><strong>1 paquete<\/strong><\/td>\n<\/tr>\n<tr>\n<td>Tiempo de carga<\/td>\n<td><strong>2 horas<\/strong><\/td>\n<\/tr>\n<tr>\n<td>Almacenamiento<\/td>\n<td><strong>Evita los entornos con altas temperaturas y gu\u00e1rdalo en un lugar fresco y seco.<\/strong><\/td>\n<\/tr>\n<tr>\n<td>Personas cuyo uso est\u00e1 prohibido<\/td>\n<td><strong>Menores, mujeres embarazadas y personas al\u00e9rgicas a los ingredientes del producto.<\/strong><\/td>\n<\/tr>\n<tr>\n<td>Precauci\u00f3n<\/td>\n<td><strong>No tragues esta sustancia. En caso de ingesti\u00f3n, enju\u00e1gate bien la boca inmediatamente. Si te encuentras mal, acude al m\u00e9dico.  <\/strong><\/td>\n<\/tr>\n<\/tbody>\n<\/table>\n<h3>Lista de sabores de <strong>Fizzy Nova Plus <\/strong>40000 Puffs:<\/h3>\n<ol>\n<li><a href=\"https:\/\/fizzyvape.eu\/es\/producto\/fizzy-nova-plus-fresa-kiwi-40000-puffs-10pcs\/\">Fresa Kiwi<\/a><\/li>\n<li><a href=\"https:\/\/fizzyvape.eu\/es\/producto\/fizzy-nova-plus-hielo-de-arandanos-40000-puffs-10pcs\/\">Hielo de ar\u00e1ndanos<\/a><\/li>\n<li><a href=\"https:\/\/fizzyvape.eu\/es\/producto\/fizzy-nova-plus-sandia-helada-40000-puffs-10pcs\/\">Hielo de sand\u00eda<\/a><\/li>\n<li><a href=\"https:\/\/fizzyvape.eu\/es\/producto\/fizzy-nova-plus-melocoton-mango-sandia-40000-puffs-10pcs\/\">Melocot\u00f3n Mango Sand\u00eda<\/a><\/li>\n<li><a href=\"https:\/\/fizzyvape.eu\/es\/producto\/fizzy-nova-plus-kiwi-fruta-de-la-pasion-guayaba-40000-puffs-10pcs\/\">Kiwi Fruta de la pasi\u00f3n Guayaba<\/a><\/li>\n<li><a href=\"https:\/\/fizzyvape.eu\/es\/producto\/fizzy-nova-plus-frambuesa-limon-40000-puffs-10pcs\/\">Frambuesa Lim\u00f3n<\/a><\/li>\n<li><a href=\"https:\/\/fizzyvape.eu\/es\/producto\/fizzy-nova-plus-triple-baya-40000-puffs-10pcs\/\">Triple baya<\/a><\/li>\n<li><a href=\"https:\/\/fizzyvape.eu\/es\/producto\/fizzy-nova-plus-hielo-de-melocoton-40000-puffs-10pcs\/\">Melocot\u00f3n helado<\/a><\/li>\n<li><a href=\"https:\/\/fizzyvape.eu\/es\/producto\/fizzy-nova-plus-uva-lima-40000-puffs-10pcs\/\">Uva Lima<\/a><\/li>\n<li><a href=\"https:\/\/fizzyvape.eu\/es\/producto\/fizzy-nova-plus-limonada-azul-razz-40000-puffs-10pcs\/\">Limonada Blue Razz<\/a><\/li>\n<li><a href=\"https:\/\/fizzyvape.eu\/es\/producto\/fizzy-nova-plus-fresa-helada-40000-puffs-10pcs\/\">Hielo de fresa<\/a><\/li>\n<li><a href=\"https:\/\/fizzyvape.eu\/es\/producto\/fizzy-nova-plus-coco-arandano-40000-puffs-10pcs\/\">Coco con ar\u00e1ndanos<\/a><\/li>\n<\/ol>\n<h3>Preguntas frecuentes sobre <strong>el paquete de 6 sabores Fizzy Nova Plus 40000 Puffs Tropical Ice Fusion<\/strong><\/h3>\n<p><strong>1. <\/strong><strong>\u00bfCu\u00e1nto tiempo me durar\u00e1 el paquete de 6 sabores?<\/strong><\/p>\n<p>Cada dispositivo proporciona <strong>40.000 caladas, equivalentes<\/strong>a <strong>4-5 desechables est\u00e1ndar<\/strong>. Para los vapeadores medios, el paquete completo (240.000 caladas) dura <strong>m\u00e1s de 12 semanas<\/strong>. Los usuarios intensivos pueden obtener <strong>entre 6 y 8 semanas<\/strong> de uso.  <\/p>\n<p><strong>2. <\/strong><strong>\u00bfCu\u00e1l es la diferencia entre el Modo Eco y el Modo Turbo?<\/strong><\/p>\n<ul>\n<li><strong>Modo Eco<\/strong>: Prolonga la duraci\u00f3n de la bater\u00eda optimizando la potencia de salida (ideal para usarla todo el d\u00eda).<\/li>\n<li><strong>Modo Turbo<\/strong>: Aumenta la producci\u00f3n de vapor y la intensidad del sabor para conseguir nubes m\u00e1s intensas (perfecto para los cazadores de sabores).<\/li>\n<\/ul>\n<p><strong>3. <\/strong><strong>\u00bfQu\u00e9 sabor es el m\u00e1s fuerte\/m\u00e1s refrescante?<\/strong><\/p>\n<ul>\n<li><strong>El golpe de garganta m\u00e1s fuerte<\/strong>: Blueberry Ice (5% de nicotina) para una intensidad helada.<\/li>\n<li><strong>Lo m\u00e1s refrescante<\/strong>: Sand\u00eda Helada o Melocot\u00f3n Mango Sand\u00eda (tropical + refrescante).<\/li>\n<li><strong>La mezcla m\u00e1s cremosa<\/strong>: Coco y Ar\u00e1ndanos.<\/li>\n<\/ul>\n<p><strong>4. \u00bfQu\u00e9 concentraciones de nicotina hay disponibles?<\/strong><\/p>\n<ul>\n<li><strong>2% (20mg\/mL<\/strong> ) &#8211; Una experiencia suave y sabrosa<\/li>\n<li><strong>5% (50mg\/mL<\/strong> ) &#8211; Un golpe de nicotina m\u00e1s fuerte para un golpe de garganta m\u00e1s intenso<\/li>\n<\/ul>\n<\/div>\n","protected":false},"excerpt":{"rendered":"<p>El paquete de <strong>6 sabores<\/strong> <strong>Fizzy Nova Plus 40000 caladas Tropical Ice<\/strong> Fusion ofrece una revoluci\u00f3n de sabores helados con una resistencia l\u00edder en el sector. Experimenta 6 deliciosas mezclas heladas<strong>(\u00a1240.000 caladas en total!<\/strong>), como <strong>Blueberry Ice<\/strong> y <strong>Peach Mango Watermelon<\/strong>: \u00a1la elecci\u00f3n definitiva para los vapeadores que exigen un sabor refrescante y un rendimiento de primera! <\/p>\n","protected":false},"featured_media":29622,"comment_status":"open","ping_status":"closed","template":"","meta":{"iawp_total_views":0},"product_brand":[],"product_cat":[260],"product_tag":[348],"class_list":{"0":"post-25030","1":"product","2":"type-product","3":"status-publish","4":"has-post-thumbnail","6":"product_cat-multi-flavor-pack-es","7":"product_tag-40000-bocanadas","9":"first","10":"outofstock","11":"sale","12":"shipping-taxable","13":"purchasable","14":"product-type-variable"},"yoast_head":"<!-- This site is optimized with the Yoast SEO Premium plugin v24.8 (Yoast SEO v24.8) - https:\/\/yoast.com\/wordpress\/plugins\/seo\/ -->\n<title>Fizzy Nova Plus 40000 Puffs Tropical Ice Fusion Paquete de 6 sabores - 6pcs - fizzyvape.eu<\/title>\n<meta name=\"description\" content=\"\u00a1Experimenta 240.000 caladas con Fizzy Nova Plus 40K Vape! 6 sabores tropicales helados, tecnolog\u00eda de modo dual y carga r\u00e1pida USB-C. Oferta por lotes: \u00a16 unidades!\" \/>\n<meta name=\"robots\" content=\"index, follow, max-snippet:-1, max-image-preview:large, max-video-preview:-1\" \/>\n<link rel=\"canonical\" href=\"https:\/\/fizzyvape.eu\/es\/producto\/fizzy-nova-plus-40000-puffs-tropical-ice-fusion-paquete-de-6-sabores-6pcs\/\" \/>\n<meta property=\"og:locale\" content=\"es_ES\" \/>\n<meta property=\"og:type\" content=\"article\" \/>\n<meta property=\"og:title\" content=\"Fizzy Nova Plus 40000 Puffs Tropical Ice Fusion Paquete de 6 sabores - 6pcs\" \/>\n<meta property=\"og:description\" content=\"\u00a1Experimenta 240.000 caladas con Fizzy Nova Plus 40K Vape! 6 sabores tropicales helados, tecnolog\u00eda de modo dual y carga r\u00e1pida USB-C. Oferta por lotes: \u00a16 unidades!\" \/>\n<meta property=\"og:url\" content=\"https:\/\/fizzyvape.eu\/es\/producto\/fizzy-nova-plus-40000-puffs-tropical-ice-fusion-paquete-de-6-sabores-6pcs\/\" \/>\n<meta property=\"og:site_name\" content=\"fizzyvape.eu\" \/>\n<meta property=\"article:modified_time\" content=\"2025-11-29T09:32:36+00:00\" \/>\n<meta property=\"og:image\" content=\"https:\/\/fizzyvape.eu\/wp-content\/uploads\/2025\/04\/Fizzy-Nova-Plus-40000-Puffs-1-1.webp\" \/>\n\t<meta property=\"og:image:width\" content=\"800\" \/>\n\t<meta property=\"og:image:height\" content=\"800\" \/>\n\t<meta property=\"og:image:type\" content=\"image\/webp\" \/>\n<meta name=\"twitter:card\" content=\"summary_large_image\" \/>\n<meta name=\"twitter:label1\" content=\"Disponibilidad\" \/>\n\t<meta name=\"twitter:data1\" content=\"Sin existencias\" \/>\n<script type=\"application\/ld+json\" class=\"yoast-schema-graph\">{\"@context\":\"https:\/\/schema.org\",\"@graph\":[{\"@type\":\"WebPage\",\"@id\":\"https:\/\/fizzyvape.eu\/es\/producto\/fizzy-nova-plus-40000-puffs-tropical-ice-fusion-paquete-de-6-sabores-6pcs\/\",\"url\":\"https:\/\/fizzyvape.eu\/es\/producto\/fizzy-nova-plus-40000-puffs-tropical-ice-fusion-paquete-de-6-sabores-6pcs\/\",\"name\":\"Fizzy Nova Plus 40000 Puffs Tropical Ice Fusion Paquete de 6 sabores - 6pcs - fizzyvape.eu\",\"isPartOf\":{\"@id\":\"https:\/\/www.fizzyvape.eu\/es\/#website\"},\"primaryImageOfPage\":{\"@id\":\"https:\/\/fizzyvape.eu\/es\/producto\/fizzy-nova-plus-40000-puffs-tropical-ice-fusion-paquete-de-6-sabores-6pcs\/#primaryimage\"},\"image\":{\"@id\":\"https:\/\/fizzyvape.eu\/es\/producto\/fizzy-nova-plus-40000-puffs-tropical-ice-fusion-paquete-de-6-sabores-6pcs\/#primaryimage\"},\"thumbnailUrl\":\"https:\/\/fizzyvape.eu\/wp-content\/uploads\/2025\/04\/Fizzy-Nova-Plus-40000-Puffs-1-2.webp\",\"datePublished\":\"2025-04-02T01:12:56+00:00\",\"dateModified\":\"2025-11-29T09:32:36+00:00\",\"description\":\"\u00a1Experimenta 240.000 caladas con Fizzy Nova Plus 40K Vape! 6 sabores tropicales helados, tecnolog\u00eda de modo dual y carga r\u00e1pida USB-C. Oferta por lotes: \u00a16 unidades!\",\"breadcrumb\":{\"@id\":\"https:\/\/fizzyvape.eu\/es\/producto\/fizzy-nova-plus-40000-puffs-tropical-ice-fusion-paquete-de-6-sabores-6pcs\/#breadcrumb\"},\"inLanguage\":\"es\",\"potentialAction\":[{\"@type\":\"ReadAction\",\"target\":[\"https:\/\/fizzyvape.eu\/es\/producto\/fizzy-nova-plus-40000-puffs-tropical-ice-fusion-paquete-de-6-sabores-6pcs\/\"]}]},{\"@type\":\"ImageObject\",\"inLanguage\":\"es\",\"@id\":\"https:\/\/fizzyvape.eu\/es\/producto\/fizzy-nova-plus-40000-puffs-tropical-ice-fusion-paquete-de-6-sabores-6pcs\/#primaryimage\",\"url\":\"https:\/\/fizzyvape.eu\/wp-content\/uploads\/2025\/04\/Fizzy-Nova-Plus-40000-Puffs-1-2.webp\",\"contentUrl\":\"https:\/\/fizzyvape.eu\/wp-content\/uploads\/2025\/04\/Fizzy-Nova-Plus-40000-Puffs-1-2.webp\",\"width\":800,\"height\":800,\"caption\":\"Fizzy Nova Plus 40000 Puffs\"},{\"@type\":\"BreadcrumbList\",\"@id\":\"https:\/\/fizzyvape.eu\/es\/producto\/fizzy-nova-plus-40000-puffs-tropical-ice-fusion-paquete-de-6-sabores-6pcs\/#breadcrumb\",\"itemListElement\":[{\"@type\":\"ListItem\",\"position\":1,\"name\":\"Home\",\"item\":\"https:\/\/fizzyvape.eu\/es\/\"},{\"@type\":\"ListItem\",\"position\":2,\"name\":\"Tienda\",\"item\":\"https:\/\/www.fizzyvape.eu\/es\/tienda\/\"},{\"@type\":\"ListItem\",\"position\":3,\"name\":\"Fizzy Nova Plus 40000 Puffs Tropical Ice Fusion Paquete de 6 sabores &#8211; 6pcs\"}]},{\"@type\":\"WebSite\",\"@id\":\"https:\/\/www.fizzyvape.eu\/es\/#website\",\"url\":\"https:\/\/www.fizzyvape.eu\/es\/\",\"name\":\"fizzyvape.eu\",\"description\":\"Refreshing Vapes. Unforgettable Taste.\",\"publisher\":{\"@id\":\"https:\/\/www.fizzyvape.eu\/es\/#organization\"},\"potentialAction\":[{\"@type\":\"SearchAction\",\"target\":{\"@type\":\"EntryPoint\",\"urlTemplate\":\"https:\/\/www.fizzyvape.eu\/es\/?s={search_term_string}\"},\"query-input\":{\"@type\":\"PropertyValueSpecification\",\"valueRequired\":true,\"valueName\":\"search_term_string\"}}],\"inLanguage\":\"es\"},{\"@type\":\"Organization\",\"@id\":\"https:\/\/www.fizzyvape.eu\/es\/#organization\",\"name\":\"fizzyvape.eu\",\"url\":\"https:\/\/www.fizzyvape.eu\/es\/\",\"logo\":{\"@type\":\"ImageObject\",\"inLanguage\":\"es\",\"@id\":\"https:\/\/www.fizzyvape.eu\/es\/#\/schema\/logo\/image\/\",\"url\":\"https:\/\/fizzyvape.eu\/wp-content\/uploads\/2019\/06\/print-1.svg\",\"contentUrl\":\"https:\/\/fizzyvape.eu\/wp-content\/uploads\/2019\/06\/print-1.svg\",\"width\":124,\"height\":37,\"caption\":\"fizzyvape.eu\"},\"image\":{\"@id\":\"https:\/\/www.fizzyvape.eu\/es\/#\/schema\/logo\/image\/\"}}]}<\/script>\n<meta property=\"og:availability\" content=\"out of stock\" \/>\n<meta property=\"product:availability\" content=\"out of stock\" \/>\n<meta property=\"product:condition\" content=\"new\" \/>\n<!-- \/ Yoast SEO Premium plugin. -->","yoast_head_json":{"title":"Fizzy Nova Plus 40000 Puffs Tropical Ice Fusion Paquete de 6 sabores - 6pcs - fizzyvape.eu","description":"\u00a1Experimenta 240.000 caladas con Fizzy Nova Plus 40K Vape! 6 sabores tropicales helados, tecnolog\u00eda de modo dual y carga r\u00e1pida USB-C. Oferta por lotes: \u00a16 unidades!","robots":{"index":"index","follow":"follow","max-snippet":"max-snippet:-1","max-image-preview":"max-image-preview:large","max-video-preview":"max-video-preview:-1"},"canonical":"https:\/\/fizzyvape.eu\/es\/producto\/fizzy-nova-plus-40000-puffs-tropical-ice-fusion-paquete-de-6-sabores-6pcs\/","og_locale":"es_ES","og_type":"article","og_title":"Fizzy Nova Plus 40000 Puffs Tropical Ice Fusion Paquete de 6 sabores - 6pcs","og_description":"\u00a1Experimenta 240.000 caladas con Fizzy Nova Plus 40K Vape! 6 sabores tropicales helados, tecnolog\u00eda de modo dual y carga r\u00e1pida USB-C. Oferta por lotes: \u00a16 unidades!","og_url":"https:\/\/fizzyvape.eu\/es\/producto\/fizzy-nova-plus-40000-puffs-tropical-ice-fusion-paquete-de-6-sabores-6pcs\/","og_site_name":"fizzyvape.eu","article_modified_time":"2025-11-29T09:32:36+00:00","og_image":[{"width":800,"height":800,"url":"https:\/\/fizzyvape.eu\/wp-content\/uploads\/2025\/04\/Fizzy-Nova-Plus-40000-Puffs-1-1.webp","type":"image\/webp"}],"twitter_card":"summary_large_image","twitter_misc":{"Disponibilidad":"Sin existencias"},"schema":{"@context":"https:\/\/schema.org","@graph":[{"@type":"WebPage","@id":"https:\/\/fizzyvape.eu\/es\/producto\/fizzy-nova-plus-40000-puffs-tropical-ice-fusion-paquete-de-6-sabores-6pcs\/","url":"https:\/\/fizzyvape.eu\/es\/producto\/fizzy-nova-plus-40000-puffs-tropical-ice-fusion-paquete-de-6-sabores-6pcs\/","name":"Fizzy Nova Plus 40000 Puffs Tropical Ice Fusion Paquete de 6 sabores - 6pcs - fizzyvape.eu","isPartOf":{"@id":"https:\/\/www.fizzyvape.eu\/es\/#website"},"primaryImageOfPage":{"@id":"https:\/\/fizzyvape.eu\/es\/producto\/fizzy-nova-plus-40000-puffs-tropical-ice-fusion-paquete-de-6-sabores-6pcs\/#primaryimage"},"image":{"@id":"https:\/\/fizzyvape.eu\/es\/producto\/fizzy-nova-plus-40000-puffs-tropical-ice-fusion-paquete-de-6-sabores-6pcs\/#primaryimage"},"thumbnailUrl":"https:\/\/fizzyvape.eu\/wp-content\/uploads\/2025\/04\/Fizzy-Nova-Plus-40000-Puffs-1-2.webp","datePublished":"2025-04-02T01:12:56+00:00","dateModified":"2025-11-29T09:32:36+00:00","description":"\u00a1Experimenta 240.000 caladas con Fizzy Nova Plus 40K Vape! 6 sabores tropicales helados, tecnolog\u00eda de modo dual y carga r\u00e1pida USB-C. Oferta por lotes: \u00a16 unidades!","breadcrumb":{"@id":"https:\/\/fizzyvape.eu\/es\/producto\/fizzy-nova-plus-40000-puffs-tropical-ice-fusion-paquete-de-6-sabores-6pcs\/#breadcrumb"},"inLanguage":"es","potentialAction":[{"@type":"ReadAction","target":["https:\/\/fizzyvape.eu\/es\/producto\/fizzy-nova-plus-40000-puffs-tropical-ice-fusion-paquete-de-6-sabores-6pcs\/"]}]},{"@type":"ImageObject","inLanguage":"es","@id":"https:\/\/fizzyvape.eu\/es\/producto\/fizzy-nova-plus-40000-puffs-tropical-ice-fusion-paquete-de-6-sabores-6pcs\/#primaryimage","url":"https:\/\/fizzyvape.eu\/wp-content\/uploads\/2025\/04\/Fizzy-Nova-Plus-40000-Puffs-1-2.webp","contentUrl":"https:\/\/fizzyvape.eu\/wp-content\/uploads\/2025\/04\/Fizzy-Nova-Plus-40000-Puffs-1-2.webp","width":800,"height":800,"caption":"Fizzy Nova Plus 40000 Puffs"},{"@type":"BreadcrumbList","@id":"https:\/\/fizzyvape.eu\/es\/producto\/fizzy-nova-plus-40000-puffs-tropical-ice-fusion-paquete-de-6-sabores-6pcs\/#breadcrumb","itemListElement":[{"@type":"ListItem","position":1,"name":"Home","item":"https:\/\/fizzyvape.eu\/es\/"},{"@type":"ListItem","position":2,"name":"Tienda","item":"https:\/\/www.fizzyvape.eu\/es\/tienda\/"},{"@type":"ListItem","position":3,"name":"Fizzy Nova Plus 40000 Puffs Tropical Ice Fusion Paquete de 6 sabores &#8211; 6pcs"}]},{"@type":"WebSite","@id":"https:\/\/www.fizzyvape.eu\/es\/#website","url":"https:\/\/www.fizzyvape.eu\/es\/","name":"fizzyvape.eu","description":"Refreshing Vapes. Unforgettable Taste.","publisher":{"@id":"https:\/\/www.fizzyvape.eu\/es\/#organization"},"potentialAction":[{"@type":"SearchAction","target":{"@type":"EntryPoint","urlTemplate":"https:\/\/www.fizzyvape.eu\/es\/?s={search_term_string}"},"query-input":{"@type":"PropertyValueSpecification","valueRequired":true,"valueName":"search_term_string"}}],"inLanguage":"es"},{"@type":"Organization","@id":"https:\/\/www.fizzyvape.eu\/es\/#organization","name":"fizzyvape.eu","url":"https:\/\/www.fizzyvape.eu\/es\/","logo":{"@type":"ImageObject","inLanguage":"es","@id":"https:\/\/www.fizzyvape.eu\/es\/#\/schema\/logo\/image\/","url":"https:\/\/fizzyvape.eu\/wp-content\/uploads\/2019\/06\/print-1.svg","contentUrl":"https:\/\/fizzyvape.eu\/wp-content\/uploads\/2019\/06\/print-1.svg","width":124,"height":37,"caption":"fizzyvape.eu"},"image":{"@id":"https:\/\/www.fizzyvape.eu\/es\/#\/schema\/logo\/image\/"}}]},"og_availability":"out of stock","product_availability":"out of stock","product_condition":"new"},"tiered_pricing_type":"fixed","tiered_pricing_fixed_rules":[],"tiered_pricing_product_settings":{"layout":"default","base_unit_name":{"singular":null,"plural":null},"default_variation":null},"tiered_pricing_minimum_quantity":null,"tiered_pricing_roles_data":[],"tiered_pricing_percentage_rules":[],"tiered_pricing_maximum_quantity":null,"tiered_pricing_quantity_step":null,"_links":{"self":[{"href":"https:\/\/fizzyvape.eu\/es\/wp-json\/wp\/v2\/product\/25030","targetHints":{"allow":["GET"]}}],"collection":[{"href":"https:\/\/fizzyvape.eu\/es\/wp-json\/wp\/v2\/product"}],"about":[{"href":"https:\/\/fizzyvape.eu\/es\/wp-json\/wp\/v2\/types\/product"}],"replies":[{"embeddable":true,"href":"https:\/\/fizzyvape.eu\/es\/wp-json\/wp\/v2\/comments?post=25030"}],"version-history":[{"count":0,"href":"https:\/\/fizzyvape.eu\/es\/wp-json\/wp\/v2\/product\/25030\/revisions"}],"wp:featuredmedia":[{"embeddable":true,"href":"https:\/\/fizzyvape.eu\/es\/wp-json\/wp\/v2\/media\/29622"}],"wp:attachment":[{"href":"https:\/\/fizzyvape.eu\/es\/wp-json\/wp\/v2\/media?parent=25030"}],"wp:term":[{"taxonomy":"product_brand","embeddable":true,"href":"https:\/\/fizzyvape.eu\/es\/wp-json\/wp\/v2\/product_brand?post=25030"},{"taxonomy":"product_cat","embeddable":true,"href":"https:\/\/fizzyvape.eu\/es\/wp-json\/wp\/v2\/product_cat?post=25030"},{"taxonomy":"product_tag","embeddable":true,"href":"https:\/\/fizzyvape.eu\/es\/wp-json\/wp\/v2\/product_tag?post=25030"}],"curies":[{"name":"wp","href":"https:\/\/api.w.org\/{rel}","templated":true}]}}