{"id":25058,"date":"2025-04-02T10:37:24","date_gmt":"2025-04-02T02:37:24","guid":{"rendered":"https:\/\/fizzyvape.eu\/product\/paquete-de-6-sabores-de-fizzy-nova-plus-40000-puffs-berry-zesty-blast-6pcs\/"},"modified":"2025-11-22T09:56:53","modified_gmt":"2025-11-22T01:56:53","slug":"paquete-de-6-sabores-de-fizzy-nova-plus-40000-puffs-berry-zesty-blast-6pcs","status":"publish","type":"product","link":"https:\/\/fizzyvape.eu\/es\/producto\/paquete-de-6-sabores-de-fizzy-nova-plus-40000-puffs-berry-zesty-blast-6pcs\/","title":{"rendered":"Paquete de 6 sabores de Fizzy Nova Plus 40000 Puffs Berry Zesty Blast &#8211; 6pcs"},"content":{"rendered":"<div>\n<h1><strong>Paquete de 6 sabores de Fizzy Nova Plus 40000 Puffs Berry Zesty Blast<\/strong><\/h1>\n<p>Emb\u00e1rcate en un viaje de sabores con el <strong>paquete de vapeo Fizzy Nova Plus 40K<\/strong>: tu billete para 6 experiencias de frutas ex\u00f3ticas. Cada <strong>vape 40K<\/strong> proporciona 40.000 caladas ultrasuaves (240.000 en total) de vibrante felicidad tropical y de bayas. <\/p>\n<h2><strong>L\u00ednea de sabores<\/strong><\/h2>\n<p>1\ufe0f\u20e3 <strong>Kiwi Fruta de la Pasi\u00f3n Guayaba<\/strong> \ud83e\udd5d\ud83d\udd25 &#8211; <em>El sabor tropical se une a la dulzura ex\u00f3tica<\/em><br \/>\n2\ufe0f\u20e3 <strong>Frambuesa Lim\u00f3n<\/strong> \ud83c\udf4b\ud83e\uded0 &#8211; <em>El lim\u00f3n picante enciende la euforia de la frambuesa jugosa<\/em><br \/>\n3\ufe0f\u20e3 <strong>Triple Baya<\/strong> \ud83c\udf53\ud83e\uded0 \ud83d\udc8e &#8211; <em>Fresa, ar\u00e1ndano y<\/em> mora <em>mora en perfecta armon\u00eda<\/em><br \/>\n4\ufe0f\u20e3 <strong>Melocot\u00f3n Helado<\/strong> \ud83c\udf51\u2744\ufe0f &#8211; <em>Melocot\u00f3n aterciopelado besado por frescor helado<\/em><br \/>\n5\ufe0f\u20e3 <strong>Uva Lima<\/strong> \ud83c\udf47\ud83c\udf48 &#8211; <em>Uva profunda fusionada con brillante ralladura de c\u00edtricos<\/em><br \/>\n6\ufe0f\u20e3            <strong>Limonada Blue Razz<\/strong> \u26a1\ud83c\udf00 &#8211;  <em>La frambuesa azul el\u00e9ctrica se une a la limonada \u00e1cida<\/em><\/p>\n<h3>Caracter\u00edsticas principales:<\/h3>\n<p>\ud83d\udd0b <strong>40.000 caladas por dispositivo<\/strong>: longevidad l\u00edder en el sector (6 dispositivos = <strong>\u00a1m\u00e1s de 1 mes de vapeo!<\/strong>)<br \/>\n\u2601\ufe0f <strong>Dual Mesh Coil Tech<\/strong> &#8211; Sabor explosivo y nubes densas en cada calada<br \/>\n\u26a1 <strong>Sistema inteligente de modo dual<\/strong>: <em>modo Eco<\/em> para resistencia \/ <em>modo Turbo<\/em> para estallidos de sabor<br \/>\n\ud83d\udd0c <strong>Carga r\u00e1pida USB-C<\/strong> &#8211; La bater\u00eda de 850 mAh se recarga en <strong>2 horas en plano<\/strong><br \/>\n\ud83d\udee1\ufe0f <strong>Cuerpo de grado aeroespacial<\/strong> &#8211; La aleaci\u00f3n de grado militar sobrevive a las ca\u00eddas y al ajetreo diario   <\/p>\n<h2><strong>\u00bfPor qu\u00e9 elegir Fizzy Nova Plus 40K Vape?<\/strong><\/h2>\n<p>\u2705 <strong>No te aburras nunca<\/strong> &#8211; Cambia diariamente entre 6 deliciosos sabores<br \/>\n\u2705 <strong>40K Vape<\/strong> &#8211; Cada dispositivo dura <strong>5 veces m\u00e1s<\/strong> que los vapeadores de gasolinera<br \/>\n\u2705 Dise\u00f1ado <strong>para la obsesi\u00f3n<\/strong> &#8211; Dise\u00f1ado por qu\u00edmicos del sabor l\u00edderes en el mundo<br \/>\n\u2705 <strong>Listo para viajar<\/strong>: apto para la TSA, a prueba de fugas, cabe en cualquier bolsillo <\/p>\n<\/div>\n<div>\n<h3><strong>Opciones de nicotina:<\/strong><\/h3>\n<p>&#8211; <strong>2% (20mg\/mL<\/strong> ) &#8211; Ideal para una experiencia de vapeo suave y sabrosa<br \/>\n&#8211; <strong>5% (50mg\/mL<\/strong> ) &#8211; Dise\u00f1ado para un golpe de garganta m\u00e1s fuerte y satisfactorio <\/p>\n<h3>Especificaciones<\/h3>\n<table style=\"height: 449px;\" width=\"1340\">\n<tbody>\n<tr>\n<td>Puffs<\/td>\n<td><strong>M\u00e1s de 40000 Puffs<\/strong><\/td>\n<\/tr>\n<tr>\n<td>Capacidad del e-l\u00edquido<\/td>\n<td><strong>40 ml<\/strong><\/td>\n<\/tr>\n<tr>\n<td>Capacidad de la bater\u00eda<\/td>\n<td><strong>850 mAh<\/strong><\/td>\n<\/tr>\n<tr>\n<td>Tama\u00f1o<\/td>\n<td><strong>52,5*24,5*104,3 mm<\/strong><\/td>\n<\/tr>\n<tr>\n<td>Desechable o no<\/td>\n<td><strong>Desechable<\/strong><\/td>\n<\/tr>\n<tr>\n<td>M\u00e9todo de carga<\/td>\n<td><strong>Cable<\/strong><\/td>\n<\/tr>\n<tr>\n<td>M\u00e9todo de activaci\u00f3n<\/td>\n<td><strong>Sensor<\/strong><\/td>\n<\/tr>\n<tr>\n<td>Material<\/td>\n<td><strong>PCTG<\/strong><\/td>\n<\/tr>\n<tr>\n<td>Nivel de nicotina<\/td>\n<td><strong>2% (20mg\/mL) y 5% (50mg\/mL)<\/strong><\/td>\n<\/tr>\n<tr>\n<td>Sabores<\/td>\n<td><strong>12<\/strong><\/td>\n<\/tr>\n<tr>\n<td>Embalaje<\/td>\n<td><strong>1 paquete<\/strong><\/td>\n<\/tr>\n<tr>\n<td>Tiempo de carga<\/td>\n<td><strong>2 horas<\/strong><\/td>\n<\/tr>\n<tr>\n<td>Almacenamiento<\/td>\n<td><strong>Evita los entornos con altas temperaturas y gu\u00e1rdalo en un lugar fresco y seco.<\/strong><\/td>\n<\/tr>\n<tr>\n<td>Personas cuyo uso est\u00e1 prohibido<\/td>\n<td><strong>Menores, mujeres embarazadas y personas al\u00e9rgicas a los ingredientes del producto.<\/strong><\/td>\n<\/tr>\n<tr>\n<td>Precauci\u00f3n<\/td>\n<td><strong>No tragues esta sustancia. En caso de ingesti\u00f3n, enju\u00e1gate bien la boca inmediatamente. Si te encuentras mal, acude al m\u00e9dico.  <\/strong><\/td>\n<\/tr>\n<\/tbody>\n<\/table>\n<h3>Lista de sabores de <strong>Fizzy Nova Plus <\/strong>40000 Puffs:<\/h3>\n<ol>\n<li><a href=\"https:\/\/fizzyvape.eu\/es\/producto\/fizzy-nova-plus-fresa-kiwi-40000-puffs-10pcs\/\">Fresa Kiwi<\/a><\/li>\n<li><a href=\"https:\/\/fizzyvape.eu\/es\/producto\/fizzy-nova-plus-hielo-de-arandanos-40000-puffs-10pcs\/\">Hielo de ar\u00e1ndanos<\/a><\/li>\n<li><a href=\"https:\/\/fizzyvape.eu\/es\/producto\/fizzy-nova-plus-sandia-helada-40000-puffs-10pcs\/\">Hielo de sand\u00eda<\/a><\/li>\n<li><a href=\"https:\/\/fizzyvape.eu\/es\/producto\/fizzy-nova-plus-melocoton-mango-sandia-40000-puffs-10pcs\/\">Melocot\u00f3n Mango Sand\u00eda<\/a><\/li>\n<li><a href=\"https:\/\/fizzyvape.eu\/es\/producto\/fizzy-nova-plus-kiwi-fruta-de-la-pasion-guayaba-40000-puffs-10pcs\/\">Kiwi Fruta de la pasi\u00f3n Guayaba<\/a><\/li>\n<li><a href=\"https:\/\/fizzyvape.eu\/es\/producto\/fizzy-nova-plus-frambuesa-limon-40000-puffs-10pcs\/\">Frambuesa Lim\u00f3n<\/a><\/li>\n<li><a href=\"https:\/\/fizzyvape.eu\/es\/producto\/fizzy-nova-plus-triple-baya-40000-puffs-10pcs\/\">Triple baya<\/a><\/li>\n<li><a href=\"https:\/\/fizzyvape.eu\/es\/producto\/fizzy-nova-plus-hielo-de-melocoton-40000-puffs-10pcs\/\">Melocot\u00f3n helado<\/a><\/li>\n<li><a href=\"https:\/\/fizzyvape.eu\/es\/producto\/fizzy-nova-plus-uva-lima-40000-puffs-10pcs\/\">Uva Lima<\/a><\/li>\n<li><a href=\"https:\/\/fizzyvape.eu\/es\/producto\/fizzy-nova-plus-limonada-azul-razz-40000-puffs-10pcs\/\">Limonada Blue Razz<\/a><\/li>\n<li><a href=\"https:\/\/fizzyvape.eu\/es\/producto\/fizzy-nova-plus-fresa-helada-40000-puffs-10pcs\/\">Hielo de fresa<\/a><\/li>\n<li><a href=\"https:\/\/fizzyvape.eu\/es\/producto\/fizzy-nova-plus-coco-arandano-40000-puffs-10pcs\/\">Coco con ar\u00e1ndanos<\/a><\/li>\n<\/ol>\n<h3>Preguntas frecuentes sobre el paquete de 6 sabores Fizzy Nova Plus 40000 Puffs Berry Zesty Blast<\/h3>\n<p><strong>\u00bfCu\u00e1nto dura cada dispositivo Fizzy Nova Plus?<\/strong><br \/>\nLa tecnolog\u00eda <strong>40K Vape<\/strong> proporciona <strong>40.000 caladas<\/strong> por dispositivo<strong>(240.000<\/strong> en total en este paquete), 5 veces m\u00e1s que los desechables est\u00e1ndar.<\/p>\n<p><strong>\u00bfQu\u00e9 hace que el paquete Berry Zesty Blast sea \u00fanico?<\/strong><br \/>\nEste paquete incluye <strong>seis sabores de frutas ex\u00f3ticas y atrevidas<\/strong>, que garantizan una <strong>experiencia de vapeo diversa<\/strong> con cada calada. La combinaci\u00f3n de <strong>la tecnolog\u00eda de doble bobina de malla<\/strong> y <strong>el sistema inteligente de modo dual<\/strong> (modos Eco y Turbo) mejora tanto la longevidad como la intensidad del sabor. <\/p>\n<p><strong>\u00bfA qu\u00e9 velocidad se carga el dispositivo y qu\u00e9 tipo de cargador utiliza?<\/strong><br \/>\nEl sistema de <strong>carga r\u00e1pida USB-C<\/strong> permite que la <strong>bater\u00eda de 850 mAh<\/strong> se recargue por completo en <strong>s\u00f3lo 2 horas<\/strong>, lo que garantiza que siempre est\u00e9s listo para vapear sin largos tiempos de inactividad.<\/p>\n<p><strong>\u00bfLa Fizzy Nova Plus es adecuada para viajar?<\/strong><br \/>\n\u00a1S\u00ed! El <strong>dise\u00f1o a prueba de fugas y apto para la TSA<\/strong> lo hace perfecto para vapear sobre la marcha. El <strong>cuerpo de grado aeroespacial<\/strong> garantiza su durabilidad, para que no tengas que preocuparte por ca\u00eddas o desgaste durante el viaje.  <\/p>\n<p><strong>\u00bfQu\u00e9 concentraciones<\/strong> <strong>de nicotina<\/strong><strong>hay disponibles?<\/strong><br \/>\nEl paquete Fizzy Nova Plus Berry Zesty Blast est\u00e1 disponible en <strong>dos concentraciones de nicotina<\/strong>:<\/p>\n<ul>\n<li><strong>2% (20mg\/mL<\/strong> ) para una experiencia suave y sabrosa<\/li>\n<li><strong>5% (50mg\/mL<\/strong> ) para un golpe de garganta m\u00e1s fuerte e intenso<\/li>\n<\/ul>\n<\/div>\n","protected":false},"excerpt":{"rendered":"<p>El paquete de <strong>6 sabores<\/strong> <strong>Fizzy Nova Plus 40000 Puffs<\/strong> Berry Zesty Blast ofrece una explosi\u00f3n de atrevidos sabores frutales con una longevidad l\u00edder en el sector. Experimenta 6 deliciosos sabores<strong>(240.000 caladas en total<\/strong>)<strong>, como Kiwi, Guayaba, Fruta de la Pasi\u00f3n y Limonada Azul, \u00a1perfectos para los vapeadores que exigen variedad y rendimiento!<\/strong> <\/p>\n","protected":false},"featured_media":29631,"comment_status":"open","ping_status":"closed","template":"","meta":{"iawp_total_views":0},"product_brand":[],"product_cat":[260],"product_tag":[348],"class_list":{"0":"post-25058","1":"product","2":"type-product","3":"status-publish","4":"has-post-thumbnail","6":"product_cat-multi-flavor-pack-es","7":"product_tag-40000-bocanadas","9":"first","10":"outofstock","11":"sale","12":"shipping-taxable","13":"purchasable","14":"product-type-variable"},"yoast_head":"<!-- This site is optimized with the Yoast SEO Premium plugin v24.8 (Yoast SEO v24.8) - https:\/\/yoast.com\/wordpress\/plugins\/seo\/ -->\n<title>Paquete de 6 sabores de Fizzy Nova Plus 40000 Puffs Berry Zesty Blast - 6pcs - fizzyvape.eu<\/title>\n<meta name=\"description\" content=\"Paquete de 6 sabores 40K Vape - \u00a1240.000 caladas en total! Frutas tropicales, bayas jugosas y c\u00edtricos picantes en desechables de larga duraci\u00f3n. \u00a1Prueba todos los sabores hoy mismo!\" \/>\n<meta name=\"robots\" content=\"index, follow, max-snippet:-1, max-image-preview:large, max-video-preview:-1\" \/>\n<link rel=\"canonical\" href=\"https:\/\/fizzyvape.eu\/es\/producto\/paquete-de-6-sabores-de-fizzy-nova-plus-40000-puffs-berry-zesty-blast-6pcs\/\" \/>\n<meta property=\"og:locale\" content=\"es_ES\" \/>\n<meta property=\"og:type\" content=\"article\" \/>\n<meta property=\"og:title\" content=\"Paquete de 6 sabores de Fizzy Nova Plus 40000 Puffs Berry Zesty Blast - 6pcs\" \/>\n<meta property=\"og:description\" content=\"Paquete de 6 sabores 40K Vape - \u00a1240.000 caladas en total! Frutas tropicales, bayas jugosas y c\u00edtricos picantes en desechables de larga duraci\u00f3n. \u00a1Prueba todos los sabores hoy mismo!\" \/>\n<meta property=\"og:url\" content=\"https:\/\/fizzyvape.eu\/es\/producto\/paquete-de-6-sabores-de-fizzy-nova-plus-40000-puffs-berry-zesty-blast-6pcs\/\" \/>\n<meta property=\"og:site_name\" content=\"fizzyvape.eu\" \/>\n<meta property=\"article:modified_time\" content=\"2025-11-22T01:56:53+00:00\" \/>\n<meta property=\"og:image\" content=\"https:\/\/fizzyvape.eu\/wp-content\/uploads\/2025\/04\/Fizzy-Nova-Plus-40000-Puffs-1.webp\" \/>\n\t<meta property=\"og:image:width\" content=\"800\" \/>\n\t<meta property=\"og:image:height\" content=\"800\" \/>\n\t<meta property=\"og:image:type\" content=\"image\/webp\" \/>\n<meta name=\"twitter:card\" content=\"summary_large_image\" \/>\n<meta name=\"twitter:label1\" content=\"Disponibilidad\" \/>\n\t<meta name=\"twitter:data1\" content=\"Sin existencias\" \/>\n<script type=\"application\/ld+json\" class=\"yoast-schema-graph\">{\"@context\":\"https:\/\/schema.org\",\"@graph\":[{\"@type\":\"WebPage\",\"@id\":\"https:\/\/fizzyvape.eu\/es\/producto\/paquete-de-6-sabores-de-fizzy-nova-plus-40000-puffs-berry-zesty-blast-6pcs\/\",\"url\":\"https:\/\/fizzyvape.eu\/es\/producto\/paquete-de-6-sabores-de-fizzy-nova-plus-40000-puffs-berry-zesty-blast-6pcs\/\",\"name\":\"Paquete de 6 sabores de Fizzy Nova Plus 40000 Puffs Berry Zesty Blast - 6pcs - fizzyvape.eu\",\"isPartOf\":{\"@id\":\"https:\/\/www.fizzyvape.eu\/es\/#website\"},\"primaryImageOfPage\":{\"@id\":\"https:\/\/fizzyvape.eu\/es\/producto\/paquete-de-6-sabores-de-fizzy-nova-plus-40000-puffs-berry-zesty-blast-6pcs\/#primaryimage\"},\"image\":{\"@id\":\"https:\/\/fizzyvape.eu\/es\/producto\/paquete-de-6-sabores-de-fizzy-nova-plus-40000-puffs-berry-zesty-blast-6pcs\/#primaryimage\"},\"thumbnailUrl\":\"https:\/\/fizzyvape.eu\/wp-content\/uploads\/2025\/04\/Fizzy-Nova-Plus-40000-Puffs-2.webp\",\"datePublished\":\"2025-04-02T02:37:24+00:00\",\"dateModified\":\"2025-11-22T01:56:53+00:00\",\"description\":\"Paquete de 6 sabores 40K Vape - \u00a1240.000 caladas en total! Frutas tropicales, bayas jugosas y c\u00edtricos picantes en desechables de larga duraci\u00f3n. \u00a1Prueba todos los sabores hoy mismo!\",\"breadcrumb\":{\"@id\":\"https:\/\/fizzyvape.eu\/es\/producto\/paquete-de-6-sabores-de-fizzy-nova-plus-40000-puffs-berry-zesty-blast-6pcs\/#breadcrumb\"},\"inLanguage\":\"es\",\"potentialAction\":[{\"@type\":\"ReadAction\",\"target\":[\"https:\/\/fizzyvape.eu\/es\/producto\/paquete-de-6-sabores-de-fizzy-nova-plus-40000-puffs-berry-zesty-blast-6pcs\/\"]}]},{\"@type\":\"ImageObject\",\"inLanguage\":\"es\",\"@id\":\"https:\/\/fizzyvape.eu\/es\/producto\/paquete-de-6-sabores-de-fizzy-nova-plus-40000-puffs-berry-zesty-blast-6pcs\/#primaryimage\",\"url\":\"https:\/\/fizzyvape.eu\/wp-content\/uploads\/2025\/04\/Fizzy-Nova-Plus-40000-Puffs-2.webp\",\"contentUrl\":\"https:\/\/fizzyvape.eu\/wp-content\/uploads\/2025\/04\/Fizzy-Nova-Plus-40000-Puffs-2.webp\",\"width\":800,\"height\":800,\"caption\":\"Fizzy Nova Plus 40000 Puffs\"},{\"@type\":\"BreadcrumbList\",\"@id\":\"https:\/\/fizzyvape.eu\/es\/producto\/paquete-de-6-sabores-de-fizzy-nova-plus-40000-puffs-berry-zesty-blast-6pcs\/#breadcrumb\",\"itemListElement\":[{\"@type\":\"ListItem\",\"position\":1,\"name\":\"Home\",\"item\":\"https:\/\/fizzyvape.eu\/es\/\"},{\"@type\":\"ListItem\",\"position\":2,\"name\":\"Tienda\",\"item\":\"https:\/\/www.fizzyvape.eu\/es\/tienda\/\"},{\"@type\":\"ListItem\",\"position\":3,\"name\":\"Paquete de 6 sabores de Fizzy Nova Plus 40000 Puffs Berry Zesty Blast &#8211; 6pcs\"}]},{\"@type\":\"WebSite\",\"@id\":\"https:\/\/www.fizzyvape.eu\/es\/#website\",\"url\":\"https:\/\/www.fizzyvape.eu\/es\/\",\"name\":\"fizzyvape.eu\",\"description\":\"Refreshing Vapes. Unforgettable Taste.\",\"publisher\":{\"@id\":\"https:\/\/www.fizzyvape.eu\/es\/#organization\"},\"potentialAction\":[{\"@type\":\"SearchAction\",\"target\":{\"@type\":\"EntryPoint\",\"urlTemplate\":\"https:\/\/www.fizzyvape.eu\/es\/?s={search_term_string}\"},\"query-input\":{\"@type\":\"PropertyValueSpecification\",\"valueRequired\":true,\"valueName\":\"search_term_string\"}}],\"inLanguage\":\"es\"},{\"@type\":\"Organization\",\"@id\":\"https:\/\/www.fizzyvape.eu\/es\/#organization\",\"name\":\"fizzyvape.eu\",\"url\":\"https:\/\/www.fizzyvape.eu\/es\/\",\"logo\":{\"@type\":\"ImageObject\",\"inLanguage\":\"es\",\"@id\":\"https:\/\/www.fizzyvape.eu\/es\/#\/schema\/logo\/image\/\",\"url\":\"https:\/\/fizzyvape.eu\/wp-content\/uploads\/2019\/06\/print-1.svg\",\"contentUrl\":\"https:\/\/fizzyvape.eu\/wp-content\/uploads\/2019\/06\/print-1.svg\",\"width\":124,\"height\":37,\"caption\":\"fizzyvape.eu\"},\"image\":{\"@id\":\"https:\/\/www.fizzyvape.eu\/es\/#\/schema\/logo\/image\/\"}}]}<\/script>\n<meta property=\"og:availability\" content=\"out of stock\" \/>\n<meta property=\"product:availability\" content=\"out of stock\" \/>\n<meta property=\"product:condition\" content=\"new\" \/>\n<!-- \/ Yoast SEO Premium plugin. -->","yoast_head_json":{"title":"Paquete de 6 sabores de Fizzy Nova Plus 40000 Puffs Berry Zesty Blast - 6pcs - fizzyvape.eu","description":"Paquete de 6 sabores 40K Vape - \u00a1240.000 caladas en total! Frutas tropicales, bayas jugosas y c\u00edtricos picantes en desechables de larga duraci\u00f3n. \u00a1Prueba todos los sabores hoy mismo!","robots":{"index":"index","follow":"follow","max-snippet":"max-snippet:-1","max-image-preview":"max-image-preview:large","max-video-preview":"max-video-preview:-1"},"canonical":"https:\/\/fizzyvape.eu\/es\/producto\/paquete-de-6-sabores-de-fizzy-nova-plus-40000-puffs-berry-zesty-blast-6pcs\/","og_locale":"es_ES","og_type":"article","og_title":"Paquete de 6 sabores de Fizzy Nova Plus 40000 Puffs Berry Zesty Blast - 6pcs","og_description":"Paquete de 6 sabores 40K Vape - \u00a1240.000 caladas en total! Frutas tropicales, bayas jugosas y c\u00edtricos picantes en desechables de larga duraci\u00f3n. \u00a1Prueba todos los sabores hoy mismo!","og_url":"https:\/\/fizzyvape.eu\/es\/producto\/paquete-de-6-sabores-de-fizzy-nova-plus-40000-puffs-berry-zesty-blast-6pcs\/","og_site_name":"fizzyvape.eu","article_modified_time":"2025-11-22T01:56:53+00:00","og_image":[{"width":800,"height":800,"url":"https:\/\/fizzyvape.eu\/wp-content\/uploads\/2025\/04\/Fizzy-Nova-Plus-40000-Puffs-1.webp","type":"image\/webp"}],"twitter_card":"summary_large_image","twitter_misc":{"Disponibilidad":"Sin existencias"},"schema":{"@context":"https:\/\/schema.org","@graph":[{"@type":"WebPage","@id":"https:\/\/fizzyvape.eu\/es\/producto\/paquete-de-6-sabores-de-fizzy-nova-plus-40000-puffs-berry-zesty-blast-6pcs\/","url":"https:\/\/fizzyvape.eu\/es\/producto\/paquete-de-6-sabores-de-fizzy-nova-plus-40000-puffs-berry-zesty-blast-6pcs\/","name":"Paquete de 6 sabores de Fizzy Nova Plus 40000 Puffs Berry Zesty Blast - 6pcs - fizzyvape.eu","isPartOf":{"@id":"https:\/\/www.fizzyvape.eu\/es\/#website"},"primaryImageOfPage":{"@id":"https:\/\/fizzyvape.eu\/es\/producto\/paquete-de-6-sabores-de-fizzy-nova-plus-40000-puffs-berry-zesty-blast-6pcs\/#primaryimage"},"image":{"@id":"https:\/\/fizzyvape.eu\/es\/producto\/paquete-de-6-sabores-de-fizzy-nova-plus-40000-puffs-berry-zesty-blast-6pcs\/#primaryimage"},"thumbnailUrl":"https:\/\/fizzyvape.eu\/wp-content\/uploads\/2025\/04\/Fizzy-Nova-Plus-40000-Puffs-2.webp","datePublished":"2025-04-02T02:37:24+00:00","dateModified":"2025-11-22T01:56:53+00:00","description":"Paquete de 6 sabores 40K Vape - \u00a1240.000 caladas en total! Frutas tropicales, bayas jugosas y c\u00edtricos picantes en desechables de larga duraci\u00f3n. \u00a1Prueba todos los sabores hoy mismo!","breadcrumb":{"@id":"https:\/\/fizzyvape.eu\/es\/producto\/paquete-de-6-sabores-de-fizzy-nova-plus-40000-puffs-berry-zesty-blast-6pcs\/#breadcrumb"},"inLanguage":"es","potentialAction":[{"@type":"ReadAction","target":["https:\/\/fizzyvape.eu\/es\/producto\/paquete-de-6-sabores-de-fizzy-nova-plus-40000-puffs-berry-zesty-blast-6pcs\/"]}]},{"@type":"ImageObject","inLanguage":"es","@id":"https:\/\/fizzyvape.eu\/es\/producto\/paquete-de-6-sabores-de-fizzy-nova-plus-40000-puffs-berry-zesty-blast-6pcs\/#primaryimage","url":"https:\/\/fizzyvape.eu\/wp-content\/uploads\/2025\/04\/Fizzy-Nova-Plus-40000-Puffs-2.webp","contentUrl":"https:\/\/fizzyvape.eu\/wp-content\/uploads\/2025\/04\/Fizzy-Nova-Plus-40000-Puffs-2.webp","width":800,"height":800,"caption":"Fizzy Nova Plus 40000 Puffs"},{"@type":"BreadcrumbList","@id":"https:\/\/fizzyvape.eu\/es\/producto\/paquete-de-6-sabores-de-fizzy-nova-plus-40000-puffs-berry-zesty-blast-6pcs\/#breadcrumb","itemListElement":[{"@type":"ListItem","position":1,"name":"Home","item":"https:\/\/fizzyvape.eu\/es\/"},{"@type":"ListItem","position":2,"name":"Tienda","item":"https:\/\/www.fizzyvape.eu\/es\/tienda\/"},{"@type":"ListItem","position":3,"name":"Paquete de 6 sabores de Fizzy Nova Plus 40000 Puffs Berry Zesty Blast &#8211; 6pcs"}]},{"@type":"WebSite","@id":"https:\/\/www.fizzyvape.eu\/es\/#website","url":"https:\/\/www.fizzyvape.eu\/es\/","name":"fizzyvape.eu","description":"Refreshing Vapes. Unforgettable Taste.","publisher":{"@id":"https:\/\/www.fizzyvape.eu\/es\/#organization"},"potentialAction":[{"@type":"SearchAction","target":{"@type":"EntryPoint","urlTemplate":"https:\/\/www.fizzyvape.eu\/es\/?s={search_term_string}"},"query-input":{"@type":"PropertyValueSpecification","valueRequired":true,"valueName":"search_term_string"}}],"inLanguage":"es"},{"@type":"Organization","@id":"https:\/\/www.fizzyvape.eu\/es\/#organization","name":"fizzyvape.eu","url":"https:\/\/www.fizzyvape.eu\/es\/","logo":{"@type":"ImageObject","inLanguage":"es","@id":"https:\/\/www.fizzyvape.eu\/es\/#\/schema\/logo\/image\/","url":"https:\/\/fizzyvape.eu\/wp-content\/uploads\/2019\/06\/print-1.svg","contentUrl":"https:\/\/fizzyvape.eu\/wp-content\/uploads\/2019\/06\/print-1.svg","width":124,"height":37,"caption":"fizzyvape.eu"},"image":{"@id":"https:\/\/www.fizzyvape.eu\/es\/#\/schema\/logo\/image\/"}}]},"og_availability":"out of stock","product_availability":"out of stock","product_condition":"new"},"tiered_pricing_type":"fixed","tiered_pricing_fixed_rules":[],"tiered_pricing_product_settings":{"layout":"default","base_unit_name":{"singular":null,"plural":null},"default_variation":null},"tiered_pricing_minimum_quantity":null,"tiered_pricing_roles_data":[],"tiered_pricing_percentage_rules":[],"tiered_pricing_maximum_quantity":null,"tiered_pricing_quantity_step":null,"_links":{"self":[{"href":"https:\/\/fizzyvape.eu\/es\/wp-json\/wp\/v2\/product\/25058","targetHints":{"allow":["GET"]}}],"collection":[{"href":"https:\/\/fizzyvape.eu\/es\/wp-json\/wp\/v2\/product"}],"about":[{"href":"https:\/\/fizzyvape.eu\/es\/wp-json\/wp\/v2\/types\/product"}],"replies":[{"embeddable":true,"href":"https:\/\/fizzyvape.eu\/es\/wp-json\/wp\/v2\/comments?post=25058"}],"version-history":[{"count":0,"href":"https:\/\/fizzyvape.eu\/es\/wp-json\/wp\/v2\/product\/25058\/revisions"}],"wp:featuredmedia":[{"embeddable":true,"href":"https:\/\/fizzyvape.eu\/es\/wp-json\/wp\/v2\/media\/29631"}],"wp:attachment":[{"href":"https:\/\/fizzyvape.eu\/es\/wp-json\/wp\/v2\/media?parent=25058"}],"wp:term":[{"taxonomy":"product_brand","embeddable":true,"href":"https:\/\/fizzyvape.eu\/es\/wp-json\/wp\/v2\/product_brand?post=25058"},{"taxonomy":"product_cat","embeddable":true,"href":"https:\/\/fizzyvape.eu\/es\/wp-json\/wp\/v2\/product_cat?post=25058"},{"taxonomy":"product_tag","embeddable":true,"href":"https:\/\/fizzyvape.eu\/es\/wp-json\/wp\/v2\/product_tag?post=25058"}],"curies":[{"name":"wp","href":"https:\/\/api.w.org\/{rel}","templated":true}]}}