{"id":25235,"date":"2025-03-30T21:32:46","date_gmt":"2025-03-30T13:32:46","guid":{"rendered":"https:\/\/fizzyvape.eu\/product\/fizzy-nova-plus-frambuesa-limon-40000-puffs-10pcs\/"},"modified":"2025-12-23T14:43:38","modified_gmt":"2025-12-23T06:43:38","slug":"fizzy-nova-plus-frambuesa-limon-40000-puffs-10pcs","status":"publish","type":"product","link":"https:\/\/fizzyvape.eu\/es\/producto\/fizzy-nova-plus-frambuesa-limon-40000-puffs-10pcs\/","title":{"rendered":"Fizzy Nova Plus Frambuesa Lim\u00f3n &#8211; 40000 Puffs &#8211; 10pcs"},"content":{"rendered":"<div>\n<h1><strong>Fizzy Nova Plus Frambuesa Lim\u00f3n 40000 Puffs &#8211; Vape desechable Vibrant Berry Citrus<\/strong><\/h1>\n<p>Experimenta una explosi\u00f3n de sabor refrescante con <strong>Fizzy Nova Plus Frambuesa Lim\u00f3n 40000 Puffs Vape<\/strong>, donde las deliciosas frambuesas (50%) y el sabroso lim\u00f3n (50%) crean el equilibrio dulce-amargo perfecto. Este vape desechable de primera calidad proporciona <strong>40.000 caladas ultrasuaves<\/strong> de nuestra fusi\u00f3n de frutas m\u00e1s estimulante, capturando la esencia de un huerto de bayas ba\u00f1ado por el sol en cada nube. <\/p>\n<h3>Caracter\u00edsticas principales:<\/h3>\n<p>\ud83d\udd39 <strong>40.000 caladas<\/strong>: longevidad l\u00edder en el sector para una mayor satisfacci\u00f3n al vapear<br \/>\n\ud83d\udd39 <strong>E-l\u00edquido precargado de 40 ml<\/strong>: gran capacidad para disfrutar durante semanas<br \/>\n\ud83d\udd39 <strong>Tecnolog\u00eda de bobina de malla doble<\/strong>: mayor claridad de sabor y producci\u00f3n de vapor voluminoso<br \/>\n\ud83d\udd39 <strong>Pantalla LED inteligente<\/strong>: control en tiempo real de los niveles de bater\u00eda y e-l\u00edquido<br \/>\n\ud83d\udd39 <strong>Carga r\u00e1pida Tipo-C<\/strong>: bater\u00eda de 850 mAh con capacidad de recarga r\u00e1pida USB-C<br \/>\n\ud83d\udd39 <strong>Funci\u00f3n de Modo Dual<\/strong> &#8211; Cambia entre Eco (suave) y Turbo (intenso) vaping <\/p>\n<h3><strong>Perfil de sabor:<\/strong><\/h3>\n<p>\ud83c\udf53 <strong>Primera nota:<\/strong> dulzor jugoso de frambuesa (50%)<br \/>\n\ud83c\udf4b <strong>Medio de paladar:<\/strong> C\u00e1scara de lim\u00f3n brillante (50%)<br \/>\n\u2728 <strong>La experiencia:<\/strong> Una sinfon\u00eda agridulce perfectamente equilibrada con sabores crujientes y naturales <\/p>\n<h3>\u00bfPor qu\u00e9 elegir Fizzy Nova Plus?<\/h3>\n<p>\ud83d\udd25 <strong>Rendimiento inigualable<\/strong>: 40.000 inhalaciones duran 3 veces m\u00e1s que los desechables est\u00e1ndar<br \/>\n\ud83d\udc8e <strong>Construcci\u00f3n de primera<\/strong>: cuerpo de PCTG de calidad aeroespacial con boquilla ergon\u00f3mica<br \/>\n\ud83d\udc51 <strong>Dominio del sabor<\/strong> &#8211; Desarrollado por mix\u00f3logos galardonados para un sabor aut\u00e9ntico<br \/>\n\u26a1 <strong>Tecnolog\u00eda Adaptativa<\/strong> &#8211; El chipset inteligente mantiene el sabor constante hasta la \u00faltima calada <\/p>\n<\/div>\n<div>\n<h3><strong>Opciones de nicotina:<\/strong><\/h3>\n<p>&#8211; <strong>2% (20mg\/mL<\/strong> ) &#8211; Ideal para una experiencia de vapeo suave y sabrosa<br \/>\n&#8211; <strong>5% (50mg\/mL<\/strong> ) &#8211; Dise\u00f1ado para un golpe de garganta m\u00e1s fuerte y satisfactorio <\/p>\n<h3>Especificaciones<\/h3>\n<table style=\"height: 449px;\" width=\"1340\">\n<tbody>\n<tr>\n<td>Puffs<\/td>\n<td><strong>M\u00e1s de 40000 Puffs<\/strong><\/td>\n<\/tr>\n<tr>\n<td>Capacidad del e-l\u00edquido<\/td>\n<td><strong>40 ml<\/strong><\/td>\n<\/tr>\n<tr>\n<td>Capacidad de la bater\u00eda<\/td>\n<td><strong>850 mAh<\/strong><\/td>\n<\/tr>\n<tr>\n<td>Tama\u00f1o<\/td>\n<td><strong>52,5*24,5*104,3 mm<\/strong><\/td>\n<\/tr>\n<tr>\n<td>Desechable o no<\/td>\n<td><strong>Desechable<\/strong><\/td>\n<\/tr>\n<tr>\n<td>M\u00e9todo de carga<\/td>\n<td><strong>Cable<\/strong><\/td>\n<\/tr>\n<tr>\n<td>M\u00e9todo de activaci\u00f3n<\/td>\n<td><strong>Sensor<\/strong><\/td>\n<\/tr>\n<tr>\n<td>Material<\/td>\n<td><strong>PCTG<\/strong><\/td>\n<\/tr>\n<tr>\n<td>Nivel de nicotina<\/td>\n<td><strong>2% (20mg\/mL) y 5% (50mg\/mL)<\/strong><\/td>\n<\/tr>\n<tr>\n<td>Sabores<\/td>\n<td><strong>12<\/strong><\/td>\n<\/tr>\n<tr>\n<td>Embalaje<\/td>\n<td><strong>1 paquete<\/strong><\/td>\n<\/tr>\n<tr>\n<td>Tiempo de carga<\/td>\n<td><strong>2 horas<\/strong><\/td>\n<\/tr>\n<tr>\n<td>Almacenamiento<\/td>\n<td><strong>Evita los entornos con altas temperaturas y gu\u00e1rdalo en un lugar fresco y seco.<\/strong><\/td>\n<\/tr>\n<tr>\n<td>Personas cuyo uso est\u00e1 prohibido<\/td>\n<td><strong>Menores, mujeres embarazadas y personas al\u00e9rgicas a los ingredientes del producto.<\/strong><\/td>\n<\/tr>\n<tr>\n<td>Precauci\u00f3n<\/td>\n<td><strong>No tragues esta sustancia. En caso de ingesti\u00f3n, enju\u00e1gate bien la boca inmediatamente. Si te encuentras mal, acude al m\u00e9dico.  <\/strong><\/td>\n<\/tr>\n<\/tbody>\n<\/table>\n<h3>Lista de sabores de <strong>Fizzy Nova Plus <\/strong>40000 Puffs:<\/h3>\n<ol>\n<li><a href=\"https:\/\/fizzyvape.eu\/es\/producto\/fizzy-nova-plus-fresa-kiwi-40000-puffs-10pcs\/\">Fresa Kiwi<\/a><\/li>\n<li><a href=\"https:\/\/fizzyvape.eu\/es\/producto\/fizzy-nova-plus-hielo-de-arandanos-40000-puffs-10pcs\/\">Hielo de ar\u00e1ndanos<\/a><\/li>\n<li><a href=\"https:\/\/fizzyvape.eu\/es\/producto\/fizzy-nova-plus-sandia-helada-40000-puffs-10pcs\/\">Hielo de sand\u00eda<\/a><\/li>\n<li><a href=\"https:\/\/fizzyvape.eu\/es\/producto\/fizzy-nova-plus-melocoton-mango-sandia-40000-puffs-10pcs\/\">Melocot\u00f3n Mango Sand\u00eda<\/a><\/li>\n<li><a href=\"https:\/\/fizzyvape.eu\/es\/producto\/fizzy-nova-plus-kiwi-fruta-de-la-pasion-guayaba-40000-puffs-10pcs\/\">Kiwi Fruta de la pasi\u00f3n Guayaba<\/a><\/li>\n<li><a href=\"https:\/\/fizzyvape.eu\/es\/producto\/fizzy-nova-plus-frambuesa-limon-40000-puffs-10pcs\/\">Frambuesa Lim\u00f3n<\/a><\/li>\n<li><a href=\"https:\/\/fizzyvape.eu\/es\/producto\/fizzy-nova-plus-triple-baya-40000-puffs-10pcs\/\">Triple baya<\/a><\/li>\n<li><a href=\"https:\/\/fizzyvape.eu\/es\/producto\/fizzy-nova-plus-hielo-de-melocoton-40000-puffs-10pcs\/\">Melocot\u00f3n helado<\/a><\/li>\n<li><a href=\"https:\/\/fizzyvape.eu\/es\/producto\/fizzy-nova-plus-uva-lima-40000-puffs-10pcs\/\">Uva Lima<\/a><\/li>\n<li><a href=\"https:\/\/fizzyvape.eu\/es\/producto\/fizzy-nova-plus-limonada-azul-razz-40000-puffs-10pcs\/\">Limonada Blue Razz<\/a><\/li>\n<li><a href=\"https:\/\/fizzyvape.eu\/es\/producto\/fizzy-nova-plus-fresa-helada-40000-puffs-10pcs\/\">Hielo de fresa<\/a><\/li>\n<li><a href=\"https:\/\/fizzyvape.eu\/es\/producto\/fizzy-nova-plus-coco-arandano-40000-puffs-10pcs\/\">Coco con ar\u00e1ndanos<\/a><\/li>\n<\/ol>\n<h3>Preguntas frecuentes sobre Fizzy Nova Plus Frambuesa Lim\u00f3n 40000 Puffs Vape<\/h3>\n<ol>\n<li><strong>\u00bfCu\u00e1nto dura Fizzy Nova Plus Lim\u00f3n Frambuesa 40000 Puffs?<\/strong><br \/>\nEl dispositivo proporciona aproximadamente 40.000 caladas, que suelen durar de varias semanas a meses, dependiendo de la frecuencia de uso. Los vapeadores empedernidos pueden terminarlo antes, mientras que los usuarios moderados pueden disfrutarlo durante m\u00e1s tiempo. <\/li>\n<li><strong>\u00bfCu\u00e1l es la diferencia entre los modos Eco y Turbo?<\/strong><br \/>\nEl Modo Eco proporciona caladas m\u00e1s suaves y duraderas con una eficiencia optimizada de la bater\u00eda, mientras que el Modo Turbo proporciona un sabor y una producci\u00f3n de vapor m\u00e1s intensos para un golpe m\u00e1s fuerte. Puedes cambiar de un modo a otro con s\u00f3lo pulsar un bot\u00f3n. <\/li>\n<li><strong>\u00bfC\u00f3mo s\u00e9 cu\u00e1ndo debo recargar o sustituir el dispositivo?<\/strong><br \/>\nLa pantalla LED inteligente muestra claramente la duraci\u00f3n restante de la bater\u00eda y los niveles de e-l\u00edquido. Cuando el icono de la bater\u00eda se vuelve rojo, es hora de recargar. Cuando el indicador de jugo est\u00e1 vac\u00edo, el dispositivo necesita ser sustituido.  <\/li>\n<li><strong>\u00bfQu\u00e9 concentraciones de nicotina hay disponibles?<\/strong><br \/>\nEste sabor viene en dos opciones: 2% (20mg\/mL) para una experiencia m\u00e1s suave y 5% (50mg\/mL) para un golpe de garganta m\u00e1s fuerte. Ambos ofrecen el mismo perfil de sabor a Frambuesa y Lim\u00f3n. <\/li>\n<\/ol>\n<\/div>\n","protected":false},"excerpt":{"rendered":"<p><strong>Fizzy Nova Plus Frambuesa Lim\u00f3n 40000 caladas<\/strong> &#8211; Disfruta del equilibrio perfecto entre frambuesas dulces y lim\u00f3n picante en este vapeador desechable de primera calidad. Con <strong>40.000 caladas ultrasuaves<\/strong>, doble bobina de malla, pantalla LED inteligente y carga r\u00e1pida Type-C, ofrece un sabor y un rendimiento insuperables. <\/p>\n","protected":false},"featured_media":30034,"comment_status":"open","ping_status":"closed","template":"","meta":{"iawp_total_views":2},"product_brand":[],"product_cat":[354],"product_tag":[348],"class_list":{"0":"post-25235","1":"product","2":"type-product","3":"status-publish","4":"has-post-thumbnail","6":"product_cat-nova-plus-es","7":"product_tag-40000-bocanadas","9":"first","10":"outofstock","11":"sale","12":"shipping-taxable","13":"purchasable","14":"product-type-variable"},"yoast_head":"<!-- This site is optimized with the Yoast SEO Premium plugin v24.8 (Yoast SEO v27.4) - https:\/\/yoast.com\/product\/yoast-seo-premium-wordpress\/ -->\n<title>Fizzy Nova Plus Frambuesa Lim\u00f3n - 40000 Puffs - 10pcs - fizzyvape.eu<\/title>\n<meta name=\"description\" content=\"\u00a110pcs Fizzy Nova Plus Frambuesa Lim\u00f3n 40K caladas vape! Mezcla agridulce de bayas y c\u00edtricos, recargable por USB-C. Desechables premium. Comprar ahora\" \/>\n<meta name=\"robots\" content=\"index, follow, max-snippet:-1, max-image-preview:large, max-video-preview:-1\" \/>\n<link rel=\"canonical\" href=\"https:\/\/fizzyvape.eu\/es\/producto\/fizzy-nova-plus-frambuesa-limon-40000-puffs-10pcs\/\" \/>\n<meta property=\"og:locale\" content=\"es_ES\" \/>\n<meta property=\"og:type\" content=\"article\" \/>\n<meta property=\"og:title\" content=\"Fizzy Nova Plus Frambuesa Lim\u00f3n - 40000 Puffs - 10pcs\" \/>\n<meta property=\"og:description\" content=\"\u00a110pcs Fizzy Nova Plus Frambuesa Lim\u00f3n 40K caladas vape! Mezcla agridulce de bayas y c\u00edtricos, recargable por USB-C. Desechables premium. Comprar ahora\" \/>\n<meta property=\"og:url\" content=\"https:\/\/fizzyvape.eu\/es\/producto\/fizzy-nova-plus-frambuesa-limon-40000-puffs-10pcs\/\" \/>\n<meta property=\"og:site_name\" content=\"fizzyvape.eu\" \/>\n<meta property=\"article:modified_time\" content=\"2025-12-23T06:43:38+00:00\" \/>\n<meta property=\"og:image\" content=\"https:\/\/www.fizzyvape.eu\/wp-content\/uploads\/2025\/04\/Fizzy-Nova-Plus-Raspberry-Lemon-40000Puffs-1.webp\" \/>\n\t<meta property=\"og:image:width\" content=\"800\" \/>\n\t<meta property=\"og:image:height\" content=\"800\" \/>\n\t<meta property=\"og:image:type\" content=\"image\/webp\" \/>\n<meta name=\"twitter:card\" content=\"summary_large_image\" \/>\n<meta name=\"twitter:label1\" content=\"Disponibilidad\" \/>\n\t<meta name=\"twitter:data1\" content=\"Sin existencias\" \/>\n<script type=\"application\/ld+json\" class=\"yoast-schema-graph\">{\"@context\":\"https:\\\/\\\/schema.org\",\"@graph\":[{\"@type\":\"WebPage\",\"@id\":\"https:\\\/\\\/fizzyvape.eu\\\/es\\\/producto\\\/fizzy-nova-plus-frambuesa-limon-40000-puffs-10pcs\\\/\",\"url\":\"https:\\\/\\\/fizzyvape.eu\\\/es\\\/producto\\\/fizzy-nova-plus-frambuesa-limon-40000-puffs-10pcs\\\/\",\"name\":\"Fizzy Nova Plus Frambuesa Lim\u00f3n - 40000 Puffs - 10pcs - fizzyvape.eu\",\"isPartOf\":{\"@id\":\"https:\\\/\\\/www.fizzyvape.eu\\\/es\\\/#website\"},\"primaryImageOfPage\":{\"@id\":\"https:\\\/\\\/fizzyvape.eu\\\/es\\\/producto\\\/fizzy-nova-plus-frambuesa-limon-40000-puffs-10pcs\\\/#primaryimage\"},\"image\":{\"@id\":\"https:\\\/\\\/fizzyvape.eu\\\/es\\\/producto\\\/fizzy-nova-plus-frambuesa-limon-40000-puffs-10pcs\\\/#primaryimage\"},\"thumbnailUrl\":\"https:\\\/\\\/fizzyvape.eu\\\/wp-content\\\/uploads\\\/2025\\\/03\\\/Fizzy-Nova-Plus-40000-Puffs-Raspberry-Lemon-10pcs.webp\",\"datePublished\":\"2025-03-30T13:32:46+00:00\",\"dateModified\":\"2025-12-23T06:43:38+00:00\",\"description\":\"\u00a110pcs Fizzy Nova Plus Frambuesa Lim\u00f3n 40K caladas vape! Mezcla agridulce de bayas y c\u00edtricos, recargable por USB-C. Desechables premium. Comprar ahora\",\"breadcrumb\":{\"@id\":\"https:\\\/\\\/fizzyvape.eu\\\/es\\\/producto\\\/fizzy-nova-plus-frambuesa-limon-40000-puffs-10pcs\\\/#breadcrumb\"},\"inLanguage\":\"es\",\"potentialAction\":[{\"@type\":\"ReadAction\",\"target\":[\"https:\\\/\\\/fizzyvape.eu\\\/es\\\/producto\\\/fizzy-nova-plus-frambuesa-limon-40000-puffs-10pcs\\\/\"]}]},{\"@type\":\"ImageObject\",\"inLanguage\":\"es\",\"@id\":\"https:\\\/\\\/fizzyvape.eu\\\/es\\\/producto\\\/fizzy-nova-plus-frambuesa-limon-40000-puffs-10pcs\\\/#primaryimage\",\"url\":\"https:\\\/\\\/fizzyvape.eu\\\/wp-content\\\/uploads\\\/2025\\\/03\\\/Fizzy-Nova-Plus-40000-Puffs-Raspberry-Lemon-10pcs.webp\",\"contentUrl\":\"https:\\\/\\\/fizzyvape.eu\\\/wp-content\\\/uploads\\\/2025\\\/03\\\/Fizzy-Nova-Plus-40000-Puffs-Raspberry-Lemon-10pcs.webp\",\"width\":800,\"height\":800,\"caption\":\"Fizzy Nova Plus 40000 Puffs Frambuesa Lim\u00f3n 10pcs\"},{\"@type\":\"BreadcrumbList\",\"@id\":\"https:\\\/\\\/fizzyvape.eu\\\/es\\\/producto\\\/fizzy-nova-plus-frambuesa-limon-40000-puffs-10pcs\\\/#breadcrumb\",\"itemListElement\":[{\"@type\":\"ListItem\",\"position\":1,\"name\":\"Home\",\"item\":\"https:\\\/\\\/fizzyvape.eu\\\/es\\\/\"},{\"@type\":\"ListItem\",\"position\":2,\"name\":\"Tienda\",\"item\":\"https:\\\/\\\/www.fizzyvape.eu\\\/es\\\/tienda\\\/\"},{\"@type\":\"ListItem\",\"position\":3,\"name\":\"Fizzy Nova Plus Frambuesa Lim\u00f3n &#8211; 40000 Puffs &#8211; 10pcs\"}]},{\"@type\":\"WebSite\",\"@id\":\"https:\\\/\\\/www.fizzyvape.eu\\\/es\\\/#website\",\"url\":\"https:\\\/\\\/www.fizzyvape.eu\\\/es\\\/\",\"name\":\"fizzyvape.eu\",\"description\":\"Refreshing Vapes. Unforgettable Taste.\",\"publisher\":{\"@id\":\"https:\\\/\\\/www.fizzyvape.eu\\\/es\\\/#organization\"},\"potentialAction\":[{\"@type\":\"SearchAction\",\"target\":{\"@type\":\"EntryPoint\",\"urlTemplate\":\"https:\\\/\\\/www.fizzyvape.eu\\\/es\\\/?s={search_term_string}\"},\"query-input\":{\"@type\":\"PropertyValueSpecification\",\"valueRequired\":true,\"valueName\":\"search_term_string\"}}],\"inLanguage\":\"es\"},{\"@type\":\"Organization\",\"@id\":\"https:\\\/\\\/www.fizzyvape.eu\\\/es\\\/#organization\",\"name\":\"fizzyvape.eu\",\"url\":\"https:\\\/\\\/www.fizzyvape.eu\\\/es\\\/\",\"logo\":{\"@type\":\"ImageObject\",\"inLanguage\":\"es\",\"@id\":\"https:\\\/\\\/www.fizzyvape.eu\\\/es\\\/#\\\/schema\\\/logo\\\/image\\\/\",\"url\":\"https:\\\/\\\/fizzyvape.eu\\\/wp-content\\\/uploads\\\/2019\\\/06\\\/print-1.svg\",\"contentUrl\":\"https:\\\/\\\/fizzyvape.eu\\\/wp-content\\\/uploads\\\/2019\\\/06\\\/print-1.svg\",\"width\":124,\"height\":37,\"caption\":\"fizzyvape.eu\"},\"image\":{\"@id\":\"https:\\\/\\\/www.fizzyvape.eu\\\/es\\\/#\\\/schema\\\/logo\\\/image\\\/\"}}]}<\/script>\n<meta property=\"og:availability\" content=\"out of stock\" \/>\n<meta property=\"product:availability\" content=\"out of stock\" \/>\n<meta property=\"product:condition\" content=\"new\" \/>\n<!-- \/ Yoast SEO Premium plugin. -->","yoast_head_json":{"title":"Fizzy Nova Plus Frambuesa Lim\u00f3n - 40000 Puffs - 10pcs - fizzyvape.eu","description":"\u00a110pcs Fizzy Nova Plus Frambuesa Lim\u00f3n 40K caladas vape! Mezcla agridulce de bayas y c\u00edtricos, recargable por USB-C. Desechables premium. Comprar ahora","robots":{"index":"index","follow":"follow","max-snippet":"max-snippet:-1","max-image-preview":"max-image-preview:large","max-video-preview":"max-video-preview:-1"},"canonical":"https:\/\/fizzyvape.eu\/es\/producto\/fizzy-nova-plus-frambuesa-limon-40000-puffs-10pcs\/","og_locale":"es_ES","og_type":"article","og_title":"Fizzy Nova Plus Frambuesa Lim\u00f3n - 40000 Puffs - 10pcs","og_description":"\u00a110pcs Fizzy Nova Plus Frambuesa Lim\u00f3n 40K caladas vape! Mezcla agridulce de bayas y c\u00edtricos, recargable por USB-C. Desechables premium. Comprar ahora","og_url":"https:\/\/fizzyvape.eu\/es\/producto\/fizzy-nova-plus-frambuesa-limon-40000-puffs-10pcs\/","og_site_name":"fizzyvape.eu","article_modified_time":"2025-12-23T06:43:38+00:00","og_image":[{"width":800,"height":800,"url":"https:\/\/www.fizzyvape.eu\/wp-content\/uploads\/2025\/04\/Fizzy-Nova-Plus-Raspberry-Lemon-40000Puffs-1.webp","type":"image\/webp"}],"twitter_card":"summary_large_image","twitter_misc":{"Disponibilidad":"Sin existencias"},"schema":{"@context":"https:\/\/schema.org","@graph":[{"@type":"WebPage","@id":"https:\/\/fizzyvape.eu\/es\/producto\/fizzy-nova-plus-frambuesa-limon-40000-puffs-10pcs\/","url":"https:\/\/fizzyvape.eu\/es\/producto\/fizzy-nova-plus-frambuesa-limon-40000-puffs-10pcs\/","name":"Fizzy Nova Plus Frambuesa Lim\u00f3n - 40000 Puffs - 10pcs - fizzyvape.eu","isPartOf":{"@id":"https:\/\/www.fizzyvape.eu\/es\/#website"},"primaryImageOfPage":{"@id":"https:\/\/fizzyvape.eu\/es\/producto\/fizzy-nova-plus-frambuesa-limon-40000-puffs-10pcs\/#primaryimage"},"image":{"@id":"https:\/\/fizzyvape.eu\/es\/producto\/fizzy-nova-plus-frambuesa-limon-40000-puffs-10pcs\/#primaryimage"},"thumbnailUrl":"https:\/\/fizzyvape.eu\/wp-content\/uploads\/2025\/03\/Fizzy-Nova-Plus-40000-Puffs-Raspberry-Lemon-10pcs.webp","datePublished":"2025-03-30T13:32:46+00:00","dateModified":"2025-12-23T06:43:38+00:00","description":"\u00a110pcs Fizzy Nova Plus Frambuesa Lim\u00f3n 40K caladas vape! Mezcla agridulce de bayas y c\u00edtricos, recargable por USB-C. Desechables premium. Comprar ahora","breadcrumb":{"@id":"https:\/\/fizzyvape.eu\/es\/producto\/fizzy-nova-plus-frambuesa-limon-40000-puffs-10pcs\/#breadcrumb"},"inLanguage":"es","potentialAction":[{"@type":"ReadAction","target":["https:\/\/fizzyvape.eu\/es\/producto\/fizzy-nova-plus-frambuesa-limon-40000-puffs-10pcs\/"]}]},{"@type":"ImageObject","inLanguage":"es","@id":"https:\/\/fizzyvape.eu\/es\/producto\/fizzy-nova-plus-frambuesa-limon-40000-puffs-10pcs\/#primaryimage","url":"https:\/\/fizzyvape.eu\/wp-content\/uploads\/2025\/03\/Fizzy-Nova-Plus-40000-Puffs-Raspberry-Lemon-10pcs.webp","contentUrl":"https:\/\/fizzyvape.eu\/wp-content\/uploads\/2025\/03\/Fizzy-Nova-Plus-40000-Puffs-Raspberry-Lemon-10pcs.webp","width":800,"height":800,"caption":"Fizzy Nova Plus 40000 Puffs Frambuesa Lim\u00f3n 10pcs"},{"@type":"BreadcrumbList","@id":"https:\/\/fizzyvape.eu\/es\/producto\/fizzy-nova-plus-frambuesa-limon-40000-puffs-10pcs\/#breadcrumb","itemListElement":[{"@type":"ListItem","position":1,"name":"Home","item":"https:\/\/fizzyvape.eu\/es\/"},{"@type":"ListItem","position":2,"name":"Tienda","item":"https:\/\/www.fizzyvape.eu\/es\/tienda\/"},{"@type":"ListItem","position":3,"name":"Fizzy Nova Plus Frambuesa Lim\u00f3n &#8211; 40000 Puffs &#8211; 10pcs"}]},{"@type":"WebSite","@id":"https:\/\/www.fizzyvape.eu\/es\/#website","url":"https:\/\/www.fizzyvape.eu\/es\/","name":"fizzyvape.eu","description":"Refreshing Vapes. Unforgettable Taste.","publisher":{"@id":"https:\/\/www.fizzyvape.eu\/es\/#organization"},"potentialAction":[{"@type":"SearchAction","target":{"@type":"EntryPoint","urlTemplate":"https:\/\/www.fizzyvape.eu\/es\/?s={search_term_string}"},"query-input":{"@type":"PropertyValueSpecification","valueRequired":true,"valueName":"search_term_string"}}],"inLanguage":"es"},{"@type":"Organization","@id":"https:\/\/www.fizzyvape.eu\/es\/#organization","name":"fizzyvape.eu","url":"https:\/\/www.fizzyvape.eu\/es\/","logo":{"@type":"ImageObject","inLanguage":"es","@id":"https:\/\/www.fizzyvape.eu\/es\/#\/schema\/logo\/image\/","url":"https:\/\/fizzyvape.eu\/wp-content\/uploads\/2019\/06\/print-1.svg","contentUrl":"https:\/\/fizzyvape.eu\/wp-content\/uploads\/2019\/06\/print-1.svg","width":124,"height":37,"caption":"fizzyvape.eu"},"image":{"@id":"https:\/\/www.fizzyvape.eu\/es\/#\/schema\/logo\/image\/"}}]},"og_availability":"out of stock","product_availability":"out of stock","product_condition":"new"},"tiered_pricing_type":"fixed","tiered_pricing_fixed_rules":[],"tiered_pricing_product_settings":{"layout":"default","base_unit_name":{"singular":null,"plural":null},"default_variation":null},"tiered_pricing_minimum_quantity":null,"tiered_pricing_roles_data":[],"tiered_pricing_percentage_rules":[],"tiered_pricing_maximum_quantity":null,"tiered_pricing_quantity_step":null,"_links":{"self":[{"href":"https:\/\/fizzyvape.eu\/es\/wp-json\/wp\/v2\/product\/25235","targetHints":{"allow":["GET"]}}],"collection":[{"href":"https:\/\/fizzyvape.eu\/es\/wp-json\/wp\/v2\/product"}],"about":[{"href":"https:\/\/fizzyvape.eu\/es\/wp-json\/wp\/v2\/types\/product"}],"replies":[{"embeddable":true,"href":"https:\/\/fizzyvape.eu\/es\/wp-json\/wp\/v2\/comments?post=25235"}],"version-history":[{"count":0,"href":"https:\/\/fizzyvape.eu\/es\/wp-json\/wp\/v2\/product\/25235\/revisions"}],"wp:featuredmedia":[{"embeddable":true,"href":"https:\/\/fizzyvape.eu\/es\/wp-json\/wp\/v2\/media\/30034"}],"wp:attachment":[{"href":"https:\/\/fizzyvape.eu\/es\/wp-json\/wp\/v2\/media?parent=25235"}],"wp:term":[{"taxonomy":"product_brand","embeddable":true,"href":"https:\/\/fizzyvape.eu\/es\/wp-json\/wp\/v2\/product_brand?post=25235"},{"taxonomy":"product_cat","embeddable":true,"href":"https:\/\/fizzyvape.eu\/es\/wp-json\/wp\/v2\/product_cat?post=25235"},{"taxonomy":"product_tag","embeddable":true,"href":"https:\/\/fizzyvape.eu\/es\/wp-json\/wp\/v2\/product_tag?post=25235"}],"curies":[{"name":"wp","href":"https:\/\/api.w.org\/{rel}","templated":true}]}}