{"id":25285,"date":"2025-03-31T00:10:12","date_gmt":"2025-03-30T16:10:12","guid":{"rendered":"https:\/\/fizzyvape.eu\/product\/fizzy-nova-plus-triple-baya-40000-puffs-10pcs\/"},"modified":"2025-12-23T14:43:50","modified_gmt":"2025-12-23T06:43:50","slug":"fizzy-nova-plus-triple-baya-40000-puffs-10pcs","status":"publish","type":"product","link":"https:\/\/fizzyvape.eu\/es\/producto\/fizzy-nova-plus-triple-baya-40000-puffs-10pcs\/","title":{"rendered":"Fizzy Nova Plus Triple Baya &#8211; 40000 Puffs &#8211; 10pcs"},"content":{"rendered":"<div>\n<h1><strong>Fizzy Nova Plus Triple Berry 40000 Puffs &#8211; Premium Berry Medley Vape Desechable<\/strong><\/h1>\n<p>Emb\u00e1rcate en un delicioso viaje de bayas con <strong>Fizzy Nova Plus Triple Berry 40000 Puffs<\/strong>, donde las suculentas fresas (40%), los jugosos ar\u00e1ndanos (30%) y las \u00e1cidas frambuesas (30%) se mezclan en perfecta armon\u00eda. Este vapeador desechable de primera calidad proporciona <strong>40.000 caladas ultrasuaves<\/strong> de nuestra fusi\u00f3n de bayas m\u00e1s vibrante, capturando la esencia de un campo de bayas maduradas al sol en cada nube. <\/p>\n<h3>Caracter\u00edsticas principales:<\/h3>\n<p>\ud83d\udd25 <strong>Rendimiento inigualable<\/strong>: 40.000 inhalaciones duran 3 veces m\u00e1s que los desechables est\u00e1ndar<br \/>\n\ud83d\udc8e <strong>Construcci\u00f3n de primera<\/strong>: cuerpo de PCTG de calidad aeroespacial con boquilla ergon\u00f3mica<br \/>\n\ud83d\udc51 <strong>Dominio del sabor<\/strong> &#8211; Desarrollado por mix\u00f3logos galardonados para un sabor aut\u00e9ntico<br \/>\n\u26a1 <strong>Tecnolog\u00eda Adaptativa<\/strong> &#8211; El chipset inteligente mantiene el sabor constante hasta la \u00faltima calada <\/p>\n<h3>\u00bfPor qu\u00e9 elegir Fizzy Nova Plus?<\/h3>\n<p>\ud83d\udd25 <strong>Rendimiento redefinido<\/strong> &#8211; Experimenta 3 veces m\u00e1s longevidad con 40.000 inhalaciones premium que superan a las desechables normales.<br \/>\n\ud83d\udc8e <strong>Excelencia de ingenier\u00eda<\/strong>: carcasa de PCTG de calidad aeroespacial con dise\u00f1o de boquilla de confort optimizado<br \/>\n\ud83d\udc51 <strong>Sabor magistral<\/strong> &#8211; Formulado con precisi\u00f3n por especialistas en sabor de \u00e9lite para conseguir un sabor fiel a la fruta<br \/>\n\u26a1 <strong>Tecnolog\u00eda de Vaping Inteligente<\/strong> &#8211; El chipset avanzado garantiza la consistencia del sabor desde la primera calada hasta la \u00faltima <\/p>\n<\/div>\n<div>\n<h3><strong>Opciones de nicotina:<\/strong><\/h3>\n<p>&#8211; <strong>2% (20mg\/mL<\/strong> ) &#8211; Ideal para una experiencia de vapeo suave y sabrosa<br \/>\n&#8211; <strong>5% (50mg\/mL<\/strong> ) &#8211; Dise\u00f1ado para un golpe de garganta m\u00e1s fuerte y satisfactorio <\/p>\n<h3>Especificaciones<\/h3>\n<table style=\"height: 449px;\" width=\"1340\">\n<tbody>\n<tr>\n<td>Puffs<\/td>\n<td><strong>M\u00e1s de 40000 Puffs<\/strong><\/td>\n<\/tr>\n<tr>\n<td>Capacidad del e-l\u00edquido<\/td>\n<td><strong>40 ml<\/strong><\/td>\n<\/tr>\n<tr>\n<td>Capacidad de la bater\u00eda<\/td>\n<td><strong>850 mAh<\/strong><\/td>\n<\/tr>\n<tr>\n<td>Tama\u00f1o<\/td>\n<td><strong>52,5*24,5*104,3 mm<\/strong><\/td>\n<\/tr>\n<tr>\n<td>Desechable o no<\/td>\n<td><strong>Desechable<\/strong><\/td>\n<\/tr>\n<tr>\n<td>M\u00e9todo de carga<\/td>\n<td><strong>Cable<\/strong><\/td>\n<\/tr>\n<tr>\n<td>M\u00e9todo de activaci\u00f3n<\/td>\n<td><strong>Sensor<\/strong><\/td>\n<\/tr>\n<tr>\n<td>Material<\/td>\n<td><strong>PCTG<\/strong><\/td>\n<\/tr>\n<tr>\n<td>Nivel de nicotina<\/td>\n<td><strong>2% (20mg\/mL) y 5% (50mg\/mL)<\/strong><\/td>\n<\/tr>\n<tr>\n<td>Sabores<\/td>\n<td><strong>12<\/strong><\/td>\n<\/tr>\n<tr>\n<td>Embalaje<\/td>\n<td><strong>1 paquete<\/strong><\/td>\n<\/tr>\n<tr>\n<td>Tiempo de carga<\/td>\n<td><strong>2 horas<\/strong><\/td>\n<\/tr>\n<tr>\n<td>Almacenamiento<\/td>\n<td><strong>Evita los entornos con altas temperaturas y gu\u00e1rdalo en un lugar fresco y seco.<\/strong><\/td>\n<\/tr>\n<tr>\n<td>Personas cuyo uso est\u00e1 prohibido<\/td>\n<td><strong>Menores, mujeres embarazadas y personas al\u00e9rgicas a los ingredientes del producto.<\/strong><\/td>\n<\/tr>\n<tr>\n<td>Precauci\u00f3n<\/td>\n<td><strong>No tragues esta sustancia. En caso de ingesti\u00f3n, enju\u00e1gate bien la boca inmediatamente. Si te encuentras mal, acude al m\u00e9dico.  <\/strong><\/td>\n<\/tr>\n<\/tbody>\n<\/table>\n<h3>Lista de sabores de <strong>Fizzy Nova Plus <\/strong>40000 Puffs:<\/h3>\n<ol>\n<li><a href=\"https:\/\/fizzyvape.eu\/es\/producto\/fizzy-nova-plus-fresa-kiwi-40000-puffs-10pcs\/\">Fresa Kiwi<\/a><\/li>\n<li><a href=\"https:\/\/fizzyvape.eu\/es\/producto\/fizzy-nova-plus-hielo-de-arandanos-40000-puffs-10pcs\/\">Hielo de ar\u00e1ndanos<\/a><\/li>\n<li><a href=\"https:\/\/fizzyvape.eu\/es\/producto\/fizzy-nova-plus-sandia-helada-40000-puffs-10pcs\/\">Hielo de sand\u00eda<\/a><\/li>\n<li><a href=\"https:\/\/fizzyvape.eu\/es\/producto\/fizzy-nova-plus-melocoton-mango-sandia-40000-puffs-10pcs\/\">Melocot\u00f3n Mango Sand\u00eda<\/a><\/li>\n<li><a href=\"https:\/\/fizzyvape.eu\/es\/producto\/fizzy-nova-plus-kiwi-fruta-de-la-pasion-guayaba-40000-puffs-10pcs\/\">Kiwi Fruta de la pasi\u00f3n Guayaba<\/a><\/li>\n<li><a href=\"https:\/\/fizzyvape.eu\/es\/producto\/fizzy-nova-plus-frambuesa-limon-40000-puffs-10pcs\/\">Frambuesa Lim\u00f3n<\/a><\/li>\n<li><a href=\"https:\/\/fizzyvape.eu\/es\/producto\/fizzy-nova-plus-triple-baya-40000-puffs-10pcs\/\">Triple baya<\/a><\/li>\n<li><a href=\"https:\/\/fizzyvape.eu\/es\/producto\/fizzy-nova-plus-hielo-de-melocoton-40000-puffs-10pcs\/\">Melocot\u00f3n helado<\/a><\/li>\n<li><a href=\"https:\/\/fizzyvape.eu\/es\/producto\/fizzy-nova-plus-uva-lima-40000-puffs-10pcs\/\">Uva Lima<\/a><\/li>\n<li><a href=\"https:\/\/fizzyvape.eu\/es\/producto\/fizzy-nova-plus-limonada-azul-razz-40000-puffs-10pcs\/\">Limonada Blue Razz<\/a><\/li>\n<li><a href=\"https:\/\/fizzyvape.eu\/es\/producto\/fizzy-nova-plus-fresa-helada-40000-puffs-10pcs\/\">Hielo de fresa<\/a><\/li>\n<li><a href=\"https:\/\/fizzyvape.eu\/es\/producto\/fizzy-nova-plus-coco-arandano-40000-puffs-10pcs\/\">Coco con ar\u00e1ndanos<\/a><\/li>\n<\/ol>\n<h3>Preguntas frecuentes sobre Fizzy Nova Plus Triple Berry 40000 Puffs Vape<\/h3>\n<ol start=\"1\">\n<li><strong>\u00bfQu\u00e9 hace posible la capacidad de 40.000 caladas en este aparato?<\/strong><br \/>\nGracias a nuestro avanzado sistema de bobina de malla doble y a la capacidad de 40 ml de e-l\u00edquido, combinados con una bater\u00eda recargable de 850 mAh, conseguimos una vida \u00fatil 3 veces superior a la de los desechables est\u00e1ndar. El chipset inteligente optimiza el uso de la energ\u00eda para obtener la m\u00e1xima eficacia. <\/li>\n<li><strong>\u00bfC\u00f3mo cambio entre los modos Eco y Turbo?<\/strong><br \/>\nBasta con pulsar el bot\u00f3n de encendido tres veces r\u00e1pidamente para alternar entre los modos. Eco proporciona una mayor duraci\u00f3n de la bater\u00eda para el vapeo ocasional, mientras que Turbo intensifica el sabor y la producci\u00f3n de vapor para una experiencia m\u00e1s potente. <\/li>\n<li><strong>\u00bfCu\u00e1nto dura la Fizzy Nova Plus Triple Berry 40.000 Puffs?<\/strong><br \/>\nLa capacidad de <strong>40.000 puffs<\/strong> garantiza <strong>3 veces la longevidad<\/strong> de los desechables est\u00e1ndar, lo que la hace ideal para un uso prolongado sin sustituciones frecuentes. La duraci\u00f3n real depende de los h\u00e1bitos de uso. <\/li>\n<\/ol>\n<\/div>\n","protected":false},"excerpt":{"rendered":"<p><strong>Fizzy Nova Plus Triple Berry 40000 Puffs<\/strong> &#8211; Disfruta de una rica mezcla de suculentas fresas, jugosos ar\u00e1ndanos y \u00e1cidas frambuesas en este vapeador desechable de primera calidad.<\/p>\n","protected":false},"featured_media":30061,"comment_status":"open","ping_status":"closed","template":"","meta":{"iawp_total_views":2},"product_brand":[],"product_cat":[354],"product_tag":[348],"class_list":{"0":"post-25285","1":"product","2":"type-product","3":"status-publish","4":"has-post-thumbnail","6":"product_cat-nova-plus-es","7":"product_tag-40000-bocanadas","9":"first","10":"outofstock","11":"sale","12":"shipping-taxable","13":"purchasable","14":"product-type-variable"},"yoast_head":"<!-- This site is optimized with the Yoast SEO Premium plugin v24.8 (Yoast SEO v24.8) - https:\/\/yoast.com\/wordpress\/plugins\/seo\/ -->\n<title>Fizzy Nova Plus Triple Baya - 40000 Puffs - 10pcs - fizzyvape.eu<\/title>\n<meta name=\"description\" content=\"\u00a110pcs Fizzy Nova Plus Triple Berry 40K caladas vape! Mezcla de fresa, ar\u00e1ndano y frambuesa, recargable por USB-C. Desechables premium. Comprar ahora\" \/>\n<meta name=\"robots\" content=\"index, follow, max-snippet:-1, max-image-preview:large, max-video-preview:-1\" \/>\n<link rel=\"canonical\" href=\"https:\/\/fizzyvape.eu\/es\/producto\/fizzy-nova-plus-triple-baya-40000-puffs-10pcs\/\" \/>\n<meta property=\"og:locale\" content=\"es_ES\" \/>\n<meta property=\"og:type\" content=\"article\" \/>\n<meta property=\"og:title\" content=\"Fizzy Nova Plus Triple Baya - 40000 Puffs - 10pcs\" \/>\n<meta property=\"og:description\" content=\"\u00a110pcs Fizzy Nova Plus Triple Berry 40K caladas vape! Mezcla de fresa, ar\u00e1ndano y frambuesa, recargable por USB-C. Desechables premium. Comprar ahora\" \/>\n<meta property=\"og:url\" content=\"https:\/\/fizzyvape.eu\/es\/producto\/fizzy-nova-plus-triple-baya-40000-puffs-10pcs\/\" \/>\n<meta property=\"og:site_name\" content=\"fizzyvape.eu\" \/>\n<meta property=\"article:modified_time\" content=\"2025-12-23T06:43:50+00:00\" \/>\n<meta property=\"og:image\" content=\"https:\/\/fizzyvape.eu\/wp-content\/uploads\/2025\/04\/Fizzy-Nova-Plus-Triple-Berry-40000Puffs-1.webp\" \/>\n\t<meta property=\"og:image:width\" content=\"800\" \/>\n\t<meta property=\"og:image:height\" content=\"800\" \/>\n\t<meta property=\"og:image:type\" content=\"image\/webp\" \/>\n<meta name=\"twitter:card\" content=\"summary_large_image\" \/>\n<meta name=\"twitter:label1\" content=\"Disponibilidad\" \/>\n\t<meta name=\"twitter:data1\" content=\"Sin existencias\" \/>\n<script type=\"application\/ld+json\" class=\"yoast-schema-graph\">{\"@context\":\"https:\/\/schema.org\",\"@graph\":[{\"@type\":\"WebPage\",\"@id\":\"https:\/\/fizzyvape.eu\/es\/producto\/fizzy-nova-plus-triple-baya-40000-puffs-10pcs\/\",\"url\":\"https:\/\/fizzyvape.eu\/es\/producto\/fizzy-nova-plus-triple-baya-40000-puffs-10pcs\/\",\"name\":\"Fizzy Nova Plus Triple Baya - 40000 Puffs - 10pcs - fizzyvape.eu\",\"isPartOf\":{\"@id\":\"https:\/\/www.fizzyvape.eu\/es\/#website\"},\"primaryImageOfPage\":{\"@id\":\"https:\/\/fizzyvape.eu\/es\/producto\/fizzy-nova-plus-triple-baya-40000-puffs-10pcs\/#primaryimage\"},\"image\":{\"@id\":\"https:\/\/fizzyvape.eu\/es\/producto\/fizzy-nova-plus-triple-baya-40000-puffs-10pcs\/#primaryimage\"},\"thumbnailUrl\":\"https:\/\/fizzyvape.eu\/wp-content\/uploads\/2025\/03\/Fizzy-Nova-Plus-40000-Puffs-Triple-Berry-10pcs.webp\",\"datePublished\":\"2025-03-30T16:10:12+00:00\",\"dateModified\":\"2025-12-23T06:43:50+00:00\",\"description\":\"\u00a110pcs Fizzy Nova Plus Triple Berry 40K caladas vape! Mezcla de fresa, ar\u00e1ndano y frambuesa, recargable por USB-C. Desechables premium. Comprar ahora\",\"breadcrumb\":{\"@id\":\"https:\/\/fizzyvape.eu\/es\/producto\/fizzy-nova-plus-triple-baya-40000-puffs-10pcs\/#breadcrumb\"},\"inLanguage\":\"es\",\"potentialAction\":[{\"@type\":\"ReadAction\",\"target\":[\"https:\/\/fizzyvape.eu\/es\/producto\/fizzy-nova-plus-triple-baya-40000-puffs-10pcs\/\"]}]},{\"@type\":\"ImageObject\",\"inLanguage\":\"es\",\"@id\":\"https:\/\/fizzyvape.eu\/es\/producto\/fizzy-nova-plus-triple-baya-40000-puffs-10pcs\/#primaryimage\",\"url\":\"https:\/\/fizzyvape.eu\/wp-content\/uploads\/2025\/03\/Fizzy-Nova-Plus-40000-Puffs-Triple-Berry-10pcs.webp\",\"contentUrl\":\"https:\/\/fizzyvape.eu\/wp-content\/uploads\/2025\/03\/Fizzy-Nova-Plus-40000-Puffs-Triple-Berry-10pcs.webp\",\"width\":800,\"height\":800,\"caption\":\"Fizzy Nova Plus 40000 Puffs Triple Baya 10pcs\"},{\"@type\":\"BreadcrumbList\",\"@id\":\"https:\/\/fizzyvape.eu\/es\/producto\/fizzy-nova-plus-triple-baya-40000-puffs-10pcs\/#breadcrumb\",\"itemListElement\":[{\"@type\":\"ListItem\",\"position\":1,\"name\":\"Home\",\"item\":\"https:\/\/fizzyvape.eu\/es\/\"},{\"@type\":\"ListItem\",\"position\":2,\"name\":\"Tienda\",\"item\":\"https:\/\/www.fizzyvape.eu\/es\/tienda\/\"},{\"@type\":\"ListItem\",\"position\":3,\"name\":\"Fizzy Nova Plus Triple Baya &#8211; 40000 Puffs &#8211; 10pcs\"}]},{\"@type\":\"WebSite\",\"@id\":\"https:\/\/www.fizzyvape.eu\/es\/#website\",\"url\":\"https:\/\/www.fizzyvape.eu\/es\/\",\"name\":\"fizzyvape.eu\",\"description\":\"Refreshing Vapes. Unforgettable Taste.\",\"publisher\":{\"@id\":\"https:\/\/www.fizzyvape.eu\/es\/#organization\"},\"potentialAction\":[{\"@type\":\"SearchAction\",\"target\":{\"@type\":\"EntryPoint\",\"urlTemplate\":\"https:\/\/www.fizzyvape.eu\/es\/?s={search_term_string}\"},\"query-input\":{\"@type\":\"PropertyValueSpecification\",\"valueRequired\":true,\"valueName\":\"search_term_string\"}}],\"inLanguage\":\"es\"},{\"@type\":\"Organization\",\"@id\":\"https:\/\/www.fizzyvape.eu\/es\/#organization\",\"name\":\"fizzyvape.eu\",\"url\":\"https:\/\/www.fizzyvape.eu\/es\/\",\"logo\":{\"@type\":\"ImageObject\",\"inLanguage\":\"es\",\"@id\":\"https:\/\/www.fizzyvape.eu\/es\/#\/schema\/logo\/image\/\",\"url\":\"https:\/\/fizzyvape.eu\/wp-content\/uploads\/2019\/06\/print-1.svg\",\"contentUrl\":\"https:\/\/fizzyvape.eu\/wp-content\/uploads\/2019\/06\/print-1.svg\",\"width\":124,\"height\":37,\"caption\":\"fizzyvape.eu\"},\"image\":{\"@id\":\"https:\/\/www.fizzyvape.eu\/es\/#\/schema\/logo\/image\/\"}}]}<\/script>\n<meta property=\"og:availability\" content=\"out of stock\" \/>\n<meta property=\"product:availability\" content=\"out of stock\" \/>\n<meta property=\"product:condition\" content=\"new\" \/>\n<!-- \/ Yoast SEO Premium plugin. -->","yoast_head_json":{"title":"Fizzy Nova Plus Triple Baya - 40000 Puffs - 10pcs - fizzyvape.eu","description":"\u00a110pcs Fizzy Nova Plus Triple Berry 40K caladas vape! Mezcla de fresa, ar\u00e1ndano y frambuesa, recargable por USB-C. Desechables premium. Comprar ahora","robots":{"index":"index","follow":"follow","max-snippet":"max-snippet:-1","max-image-preview":"max-image-preview:large","max-video-preview":"max-video-preview:-1"},"canonical":"https:\/\/fizzyvape.eu\/es\/producto\/fizzy-nova-plus-triple-baya-40000-puffs-10pcs\/","og_locale":"es_ES","og_type":"article","og_title":"Fizzy Nova Plus Triple Baya - 40000 Puffs - 10pcs","og_description":"\u00a110pcs Fizzy Nova Plus Triple Berry 40K caladas vape! Mezcla de fresa, ar\u00e1ndano y frambuesa, recargable por USB-C. Desechables premium. Comprar ahora","og_url":"https:\/\/fizzyvape.eu\/es\/producto\/fizzy-nova-plus-triple-baya-40000-puffs-10pcs\/","og_site_name":"fizzyvape.eu","article_modified_time":"2025-12-23T06:43:50+00:00","og_image":[{"width":800,"height":800,"url":"https:\/\/fizzyvape.eu\/wp-content\/uploads\/2025\/04\/Fizzy-Nova-Plus-Triple-Berry-40000Puffs-1.webp","type":"image\/webp"}],"twitter_card":"summary_large_image","twitter_misc":{"Disponibilidad":"Sin existencias"},"schema":{"@context":"https:\/\/schema.org","@graph":[{"@type":"WebPage","@id":"https:\/\/fizzyvape.eu\/es\/producto\/fizzy-nova-plus-triple-baya-40000-puffs-10pcs\/","url":"https:\/\/fizzyvape.eu\/es\/producto\/fizzy-nova-plus-triple-baya-40000-puffs-10pcs\/","name":"Fizzy Nova Plus Triple Baya - 40000 Puffs - 10pcs - fizzyvape.eu","isPartOf":{"@id":"https:\/\/www.fizzyvape.eu\/es\/#website"},"primaryImageOfPage":{"@id":"https:\/\/fizzyvape.eu\/es\/producto\/fizzy-nova-plus-triple-baya-40000-puffs-10pcs\/#primaryimage"},"image":{"@id":"https:\/\/fizzyvape.eu\/es\/producto\/fizzy-nova-plus-triple-baya-40000-puffs-10pcs\/#primaryimage"},"thumbnailUrl":"https:\/\/fizzyvape.eu\/wp-content\/uploads\/2025\/03\/Fizzy-Nova-Plus-40000-Puffs-Triple-Berry-10pcs.webp","datePublished":"2025-03-30T16:10:12+00:00","dateModified":"2025-12-23T06:43:50+00:00","description":"\u00a110pcs Fizzy Nova Plus Triple Berry 40K caladas vape! Mezcla de fresa, ar\u00e1ndano y frambuesa, recargable por USB-C. Desechables premium. Comprar ahora","breadcrumb":{"@id":"https:\/\/fizzyvape.eu\/es\/producto\/fizzy-nova-plus-triple-baya-40000-puffs-10pcs\/#breadcrumb"},"inLanguage":"es","potentialAction":[{"@type":"ReadAction","target":["https:\/\/fizzyvape.eu\/es\/producto\/fizzy-nova-plus-triple-baya-40000-puffs-10pcs\/"]}]},{"@type":"ImageObject","inLanguage":"es","@id":"https:\/\/fizzyvape.eu\/es\/producto\/fizzy-nova-plus-triple-baya-40000-puffs-10pcs\/#primaryimage","url":"https:\/\/fizzyvape.eu\/wp-content\/uploads\/2025\/03\/Fizzy-Nova-Plus-40000-Puffs-Triple-Berry-10pcs.webp","contentUrl":"https:\/\/fizzyvape.eu\/wp-content\/uploads\/2025\/03\/Fizzy-Nova-Plus-40000-Puffs-Triple-Berry-10pcs.webp","width":800,"height":800,"caption":"Fizzy Nova Plus 40000 Puffs Triple Baya 10pcs"},{"@type":"BreadcrumbList","@id":"https:\/\/fizzyvape.eu\/es\/producto\/fizzy-nova-plus-triple-baya-40000-puffs-10pcs\/#breadcrumb","itemListElement":[{"@type":"ListItem","position":1,"name":"Home","item":"https:\/\/fizzyvape.eu\/es\/"},{"@type":"ListItem","position":2,"name":"Tienda","item":"https:\/\/www.fizzyvape.eu\/es\/tienda\/"},{"@type":"ListItem","position":3,"name":"Fizzy Nova Plus Triple Baya &#8211; 40000 Puffs &#8211; 10pcs"}]},{"@type":"WebSite","@id":"https:\/\/www.fizzyvape.eu\/es\/#website","url":"https:\/\/www.fizzyvape.eu\/es\/","name":"fizzyvape.eu","description":"Refreshing Vapes. Unforgettable Taste.","publisher":{"@id":"https:\/\/www.fizzyvape.eu\/es\/#organization"},"potentialAction":[{"@type":"SearchAction","target":{"@type":"EntryPoint","urlTemplate":"https:\/\/www.fizzyvape.eu\/es\/?s={search_term_string}"},"query-input":{"@type":"PropertyValueSpecification","valueRequired":true,"valueName":"search_term_string"}}],"inLanguage":"es"},{"@type":"Organization","@id":"https:\/\/www.fizzyvape.eu\/es\/#organization","name":"fizzyvape.eu","url":"https:\/\/www.fizzyvape.eu\/es\/","logo":{"@type":"ImageObject","inLanguage":"es","@id":"https:\/\/www.fizzyvape.eu\/es\/#\/schema\/logo\/image\/","url":"https:\/\/fizzyvape.eu\/wp-content\/uploads\/2019\/06\/print-1.svg","contentUrl":"https:\/\/fizzyvape.eu\/wp-content\/uploads\/2019\/06\/print-1.svg","width":124,"height":37,"caption":"fizzyvape.eu"},"image":{"@id":"https:\/\/www.fizzyvape.eu\/es\/#\/schema\/logo\/image\/"}}]},"og_availability":"out of stock","product_availability":"out of stock","product_condition":"new"},"tiered_pricing_type":"fixed","tiered_pricing_fixed_rules":[],"tiered_pricing_product_settings":{"layout":"default","base_unit_name":{"singular":null,"plural":null},"default_variation":null},"tiered_pricing_minimum_quantity":null,"tiered_pricing_roles_data":[],"tiered_pricing_percentage_rules":[],"tiered_pricing_maximum_quantity":null,"tiered_pricing_quantity_step":null,"_links":{"self":[{"href":"https:\/\/fizzyvape.eu\/es\/wp-json\/wp\/v2\/product\/25285","targetHints":{"allow":["GET"]}}],"collection":[{"href":"https:\/\/fizzyvape.eu\/es\/wp-json\/wp\/v2\/product"}],"about":[{"href":"https:\/\/fizzyvape.eu\/es\/wp-json\/wp\/v2\/types\/product"}],"replies":[{"embeddable":true,"href":"https:\/\/fizzyvape.eu\/es\/wp-json\/wp\/v2\/comments?post=25285"}],"version-history":[{"count":0,"href":"https:\/\/fizzyvape.eu\/es\/wp-json\/wp\/v2\/product\/25285\/revisions"}],"wp:featuredmedia":[{"embeddable":true,"href":"https:\/\/fizzyvape.eu\/es\/wp-json\/wp\/v2\/media\/30061"}],"wp:attachment":[{"href":"https:\/\/fizzyvape.eu\/es\/wp-json\/wp\/v2\/media?parent=25285"}],"wp:term":[{"taxonomy":"product_brand","embeddable":true,"href":"https:\/\/fizzyvape.eu\/es\/wp-json\/wp\/v2\/product_brand?post=25285"},{"taxonomy":"product_cat","embeddable":true,"href":"https:\/\/fizzyvape.eu\/es\/wp-json\/wp\/v2\/product_cat?post=25285"},{"taxonomy":"product_tag","embeddable":true,"href":"https:\/\/fizzyvape.eu\/es\/wp-json\/wp\/v2\/product_tag?post=25285"}],"curies":[{"name":"wp","href":"https:\/\/api.w.org\/{rel}","templated":true}]}}