{"id":25362,"date":"2025-03-31T00:37:10","date_gmt":"2025-03-30T16:37:10","guid":{"rendered":"https:\/\/fizzyvape.eu\/product\/fizzy-nova-plus-limonada-azul-razz-40000-puffs-10pcs\/"},"modified":"2025-12-31T14:05:32","modified_gmt":"2025-12-31T06:05:32","slug":"fizzy-nova-plus-limonada-azul-razz-40000-puffs-10pcs","status":"publish","type":"product","link":"https:\/\/fizzyvape.eu\/es\/producto\/fizzy-nova-plus-limonada-azul-razz-40000-puffs-10pcs\/","title":{"rendered":"Fizzy Nova Plus Limonada Azul Razz &#8211; 40000 Puffs &#8211; 10pcs"},"content":{"rendered":"<div>\n<h1><strong>Fizzy Nova Plus Blue Razz Lemonade 40000 Puffs &#8211; Vapeador Desechable Premium Berry Citrus<\/strong><\/h1>\n<p>Experimenta el refresco veraniego definitivo con <strong>Fizzy Nova Plus Blue Razz Lemonade 40000 Puffs<\/strong>. Este vanguardista vapeador desechable combina la dulce frambuesa azul con la \u00e1cida limonada para una explosi\u00f3n de sabor perfectamente equilibrada. Disfruta de unas extraordinarias 40.000 caladas de esta vibrante fusi\u00f3n de bayas y c\u00edtricos, que te proporcionar\u00e1 nubes consistentemente satisfactorias repletas de sabor refrescante.  <\/p>\n<h3>Caracter\u00edsticas principales:<\/h3>\n<p>\ud83d\udd39 <strong>40.000 inhalaciones<\/strong>: capacidad l\u00edder en el sector para una satisfacci\u00f3n duradera<br \/>\n\ud83d\udd39 <strong data-is-only-node=\"\">Dep\u00f3sito precargado de 40 ml<\/strong>: generoso suministro de e-l\u00edquido para semanas de uso ininterrumpido<br \/>\n\ud83d\udd39 <strong>Tecnolog\u00eda de bobina de malla doble<\/strong>: mayor profundidad de sabor y producci\u00f3n de vapor denso<br \/>\n\ud83d\udd39 <strong>Sistema inteligente de modo dual<\/strong>: cambia entre <strong>el modo Eco<\/strong> para mayor eficiencia y <strong>el modo Turbo<\/strong> para intensificar el rendimiento<br \/>\n\ud83d\udd39 <strong>Pantalla LED de encendido<\/strong>: control en tiempo real de la duraci\u00f3n de la bater\u00eda y de los niveles de e-l\u00edquido<br \/>\n\ud83d\udd39 <strong>Carga r\u00e1pida Tipo-C<\/strong>: bater\u00eda de 850 mAh con recarga r\u00e1pida para un tiempo de inactividad m\u00ednimo <\/p>\n<h3><strong>\u00bfPor qu\u00e9 elegir Fizzy Nova Plus?<\/strong><\/h3>\n<p>\ud83d\udd25 <strong>Longevidad inigualable<\/strong>: ofrece <strong>3 veces m\u00e1s vida \u00fatil<\/strong> que los vaporizadores desechables est\u00e1ndar<br \/>\n\ud83d\udc8e <strong>Calidad de construcci\u00f3n superior<\/strong>: fabricado con una <strong>aleaci\u00f3n de metal duradera<\/strong> y un dise\u00f1o elegante y ergon\u00f3mico<br \/>\n\ud83d\udc51 <strong>Ingenier\u00eda de sabor superior<\/strong> &#8211; Mezclado por expertos <strong>mix\u00f3logos galardonados<\/strong> para un  <\/p>\n<\/div>\n<div>\n<h3><strong>Opciones de nicotina:<\/strong><\/h3>\n<p>&#8211; <strong>2% (20mg\/mL<\/strong> ) &#8211; Ideal para una experiencia de vapeo suave y sabrosa<br \/>\n&#8211; <strong>5% (50mg\/mL<\/strong> ) &#8211; Dise\u00f1ado para un golpe de garganta m\u00e1s fuerte y satisfactorio <\/p>\n<h3>Especificaciones<\/h3>\n<table style=\"height: 449px;\" width=\"1340\">\n<tbody>\n<tr>\n<td>Puffs<\/td>\n<td><strong>M\u00e1s de 40000 Puffs<\/strong><\/td>\n<\/tr>\n<tr>\n<td>Capacidad del e-l\u00edquido<\/td>\n<td><strong>40 ml<\/strong><\/td>\n<\/tr>\n<tr>\n<td>Capacidad de la bater\u00eda<\/td>\n<td><strong>850 mAh<\/strong><\/td>\n<\/tr>\n<tr>\n<td>Tama\u00f1o<\/td>\n<td><strong>52,5*24,5*104,3 mm<\/strong><\/td>\n<\/tr>\n<tr>\n<td>Desechable o no<\/td>\n<td><strong>Desechable<\/strong><\/td>\n<\/tr>\n<tr>\n<td>M\u00e9todo de carga<\/td>\n<td><strong>Cable<\/strong><\/td>\n<\/tr>\n<tr>\n<td>M\u00e9todo de activaci\u00f3n<\/td>\n<td><strong>Sensor<\/strong><\/td>\n<\/tr>\n<tr>\n<td>Material<\/td>\n<td><strong>PCTG<\/strong><\/td>\n<\/tr>\n<tr>\n<td>Nivel de nicotina<\/td>\n<td><strong>2% (20mg\/mL) y 5% (50mg\/mL)<\/strong><\/td>\n<\/tr>\n<tr>\n<td>Sabores<\/td>\n<td><strong>12<\/strong><\/td>\n<\/tr>\n<tr>\n<td>Embalaje<\/td>\n<td><strong>1 paquete<\/strong><\/td>\n<\/tr>\n<tr>\n<td>Tiempo de carga<\/td>\n<td><strong>2 horas<\/strong><\/td>\n<\/tr>\n<tr>\n<td>Almacenamiento<\/td>\n<td><strong>Evita los entornos con altas temperaturas y gu\u00e1rdalo en un lugar fresco y seco.<\/strong><\/td>\n<\/tr>\n<tr>\n<td>Personas cuyo uso est\u00e1 prohibido<\/td>\n<td><strong>Menores, mujeres embarazadas y personas al\u00e9rgicas a los ingredientes del producto.<\/strong><\/td>\n<\/tr>\n<tr>\n<td>Precauci\u00f3n<\/td>\n<td><strong>No tragues esta sustancia. En caso de ingesti\u00f3n, enju\u00e1gate bien la boca inmediatamente. Si te encuentras mal, acude al m\u00e9dico.  <\/strong><\/td>\n<\/tr>\n<\/tbody>\n<\/table>\n<h3>Lista de sabores de <strong>Fizzy Nova Plus <\/strong>40000 Puffs:<\/h3>\n<ol>\n<li><a href=\"https:\/\/fizzyvape.eu\/es\/producto\/fizzy-nova-plus-fresa-kiwi-40000-puffs-10pcs\/\">Fresa Kiwi<\/a><\/li>\n<li><a href=\"https:\/\/fizzyvape.eu\/es\/producto\/fizzy-nova-plus-hielo-de-arandanos-40000-puffs-10pcs\/\">Hielo de ar\u00e1ndanos<\/a><\/li>\n<li><a href=\"https:\/\/fizzyvape.eu\/es\/producto\/fizzy-nova-plus-sandia-helada-40000-puffs-10pcs\/\">Hielo de sand\u00eda<\/a><\/li>\n<li><a href=\"https:\/\/fizzyvape.eu\/es\/producto\/fizzy-nova-plus-melocoton-mango-sandia-40000-puffs-10pcs\/\">Melocot\u00f3n Mango Sand\u00eda<\/a><\/li>\n<li><a href=\"https:\/\/fizzyvape.eu\/es\/producto\/fizzy-nova-plus-kiwi-fruta-de-la-pasion-guayaba-40000-puffs-10pcs\/\">Kiwi Fruta de la pasi\u00f3n Guayaba<\/a><\/li>\n<li><a href=\"https:\/\/fizzyvape.eu\/es\/producto\/fizzy-nova-plus-frambuesa-limon-40000-puffs-10pcs\/\">Frambuesa Lim\u00f3n<\/a><\/li>\n<li><a href=\"https:\/\/fizzyvape.eu\/es\/producto\/fizzy-nova-plus-triple-baya-40000-puffs-10pcs\/\">Triple baya<\/a><\/li>\n<li><a href=\"https:\/\/fizzyvape.eu\/es\/producto\/fizzy-nova-plus-hielo-de-melocoton-40000-puffs-10pcs\/\">Melocot\u00f3n helado<\/a><\/li>\n<li><a href=\"https:\/\/fizzyvape.eu\/es\/producto\/fizzy-nova-plus-uva-lima-40000-puffs-10pcs\/\">Uva Lima<\/a><\/li>\n<li><a href=\"https:\/\/fizzyvape.eu\/es\/producto\/fizzy-nova-plus-limonada-azul-razz-40000-puffs-10pcs\/\">Limonada Blue Razz<\/a><\/li>\n<li><a href=\"https:\/\/fizzyvape.eu\/es\/producto\/fizzy-nova-plus-fresa-helada-40000-puffs-10pcs\/\">Hielo de fresa<\/a><\/li>\n<li><a href=\"https:\/\/fizzyvape.eu\/es\/producto\/fizzy-nova-plus-coco-arandano-40000-puffs-10pcs\/\">Coco con ar\u00e1ndanos<\/a><\/li>\n<\/ol>\n<h3>Preguntas frecuentes sobre Fizzy Nova Plus Blue Razz Lemonade 40000 Puffs Vape<\/h3>\n<p><strong>1. \u00bfCu\u00e1nto dura el Fizzy Nova Plus Blue Razz Lemonade?<\/strong><br \/>\nCon <strong>40.000 caladas, l\u00edder del sector<\/strong>, este vapeador desechable dura <strong>hasta 3 veces m\u00e1s<\/strong> que los desechables est\u00e1ndar. La duraci\u00f3n real depende del uso individual. <\/p>\n<p><strong>2. \u00bfA qu\u00e9 sabe la Limonada Blue Razz?<\/strong><br \/>\nOfrece una <strong>fusi\u00f3n perfectamente equilibrada de dulce frambuesa azul y \u00e1cida limonada<\/strong>, creando una experiencia de vapeo refrescante y vigorizante.<\/p>\n<p><strong>3. \u00bfQu\u00e9 diferencia a Fizzy Nova Plus de otros desechables?<\/strong><br \/>\nEste dispositivo tiene <strong>un dep\u00f3sito precargado de 40 ml, tecnolog\u00eda de doble bobina de malla para un sabor mejorado, un sistema inteligente de modo dual (Eco y Turbo) y un indicador LED de potencia<\/strong>, que garantizan una experiencia de vapeo de primera.<\/p>\n<p><strong>4. \u00bfQu\u00e9 concentraciones de nicotina hay disponibles?<\/strong><br \/>\nFizzy Nova Plus Limonada Blue Razz est\u00e1 disponible en:<\/p>\n<ul>\n<li><strong>2% (20mg\/mL<\/strong> ) &#8211; Suave y sabroso para una experiencia m\u00e1s suave<\/li>\n<li><strong>5% (50mg\/mL<\/strong> ) &#8211; Un golpe de nicotina m\u00e1s fuerte para una m\u00e1xima satisfacci\u00f3n<\/li>\n<\/ul>\n<\/div>\n","protected":false},"excerpt":{"rendered":"<p><strong>Fizzy Nova Plus Blue Razz Lemonade 40000 caladas<\/strong> &#8211; Experimenta la mezcla perfecta de dulce frambuesa azul y \u00e1cida limonada en este vape desechable de primera calidad.<\/p>\n","protected":false},"featured_media":29971,"comment_status":"open","ping_status":"closed","template":"","meta":{"iawp_total_views":3},"product_brand":[],"product_cat":[354],"product_tag":[348],"class_list":{"0":"post-25362","1":"product","2":"type-product","3":"status-publish","4":"has-post-thumbnail","6":"product_cat-nova-plus-es","7":"product_tag-40000-bocanadas","9":"first","10":"outofstock","11":"sale","12":"shipping-taxable","13":"purchasable","14":"product-type-variable"},"yoast_head":"<!-- This site is optimized with the Yoast SEO Premium plugin v24.8 (Yoast SEO v24.8) - https:\/\/yoast.com\/wordpress\/plugins\/seo\/ -->\n<title>Fizzy Nova Plus Limonada Azul Razz - 40000 Puffs - 10pcs - fizzyvape.eu<\/title>\n<meta name=\"description\" content=\"Fizzy Nova Plus Blue Razz Lemonade 40K Puffs - dulce sabor a frambuesa azul y limonada \u00e1cida. E-l\u00edquido de 40 ml, bobinas de doble malla. \u00a110 unidades con descuento!\" \/>\n<meta name=\"robots\" content=\"index, follow, max-snippet:-1, max-image-preview:large, max-video-preview:-1\" \/>\n<link rel=\"canonical\" href=\"https:\/\/fizzyvape.eu\/es\/producto\/fizzy-nova-plus-limonada-azul-razz-40000-puffs-10pcs\/\" \/>\n<meta property=\"og:locale\" content=\"es_ES\" \/>\n<meta property=\"og:type\" content=\"article\" \/>\n<meta property=\"og:title\" content=\"Fizzy Nova Plus Limonada Azul Razz - 40000 Puffs - 10pcs\" \/>\n<meta property=\"og:description\" content=\"Fizzy Nova Plus Blue Razz Lemonade 40K Puffs - dulce sabor a frambuesa azul y limonada \u00e1cida. E-l\u00edquido de 40 ml, bobinas de doble malla. \u00a110 unidades con descuento!\" \/>\n<meta property=\"og:url\" content=\"https:\/\/fizzyvape.eu\/es\/producto\/fizzy-nova-plus-limonada-azul-razz-40000-puffs-10pcs\/\" \/>\n<meta property=\"og:site_name\" content=\"fizzyvape.eu\" \/>\n<meta property=\"article:modified_time\" content=\"2025-12-31T06:05:32+00:00\" \/>\n<meta property=\"og:image\" content=\"https:\/\/www.fizzyvape.eu\/wp-content\/uploads\/2025\/04\/Fizzy-Nova-Plus-Blue-Razz-Lemonade-40000Puffs-1.webp\" \/>\n\t<meta property=\"og:image:width\" content=\"800\" \/>\n\t<meta property=\"og:image:height\" content=\"800\" \/>\n\t<meta property=\"og:image:type\" content=\"image\/webp\" \/>\n<meta name=\"twitter:card\" content=\"summary_large_image\" \/>\n<meta name=\"twitter:label1\" content=\"Disponibilidad\" \/>\n\t<meta name=\"twitter:data1\" content=\"Sin existencias\" \/>\n<script type=\"application\/ld+json\" class=\"yoast-schema-graph\">{\"@context\":\"https:\/\/schema.org\",\"@graph\":[{\"@type\":\"WebPage\",\"@id\":\"https:\/\/fizzyvape.eu\/es\/producto\/fizzy-nova-plus-limonada-azul-razz-40000-puffs-10pcs\/\",\"url\":\"https:\/\/fizzyvape.eu\/es\/producto\/fizzy-nova-plus-limonada-azul-razz-40000-puffs-10pcs\/\",\"name\":\"Fizzy Nova Plus Limonada Azul Razz - 40000 Puffs - 10pcs - fizzyvape.eu\",\"isPartOf\":{\"@id\":\"https:\/\/www.fizzyvape.eu\/es\/#website\"},\"primaryImageOfPage\":{\"@id\":\"https:\/\/fizzyvape.eu\/es\/producto\/fizzy-nova-plus-limonada-azul-razz-40000-puffs-10pcs\/#primaryimage\"},\"image\":{\"@id\":\"https:\/\/fizzyvape.eu\/es\/producto\/fizzy-nova-plus-limonada-azul-razz-40000-puffs-10pcs\/#primaryimage\"},\"thumbnailUrl\":\"https:\/\/fizzyvape.eu\/wp-content\/uploads\/2025\/03\/Fizzy-Nova-Plus-40000-Puffs-Blue-Razz-Lemonade-10pcs.webp\",\"datePublished\":\"2025-03-30T16:37:10+00:00\",\"dateModified\":\"2025-12-31T06:05:32+00:00\",\"description\":\"Fizzy Nova Plus Blue Razz Lemonade 40K Puffs - dulce sabor a frambuesa azul y limonada \u00e1cida. E-l\u00edquido de 40 ml, bobinas de doble malla. \u00a110 unidades con descuento!\",\"breadcrumb\":{\"@id\":\"https:\/\/fizzyvape.eu\/es\/producto\/fizzy-nova-plus-limonada-azul-razz-40000-puffs-10pcs\/#breadcrumb\"},\"inLanguage\":\"es\",\"potentialAction\":[{\"@type\":\"ReadAction\",\"target\":[\"https:\/\/fizzyvape.eu\/es\/producto\/fizzy-nova-plus-limonada-azul-razz-40000-puffs-10pcs\/\"]}]},{\"@type\":\"ImageObject\",\"inLanguage\":\"es\",\"@id\":\"https:\/\/fizzyvape.eu\/es\/producto\/fizzy-nova-plus-limonada-azul-razz-40000-puffs-10pcs\/#primaryimage\",\"url\":\"https:\/\/fizzyvape.eu\/wp-content\/uploads\/2025\/03\/Fizzy-Nova-Plus-40000-Puffs-Blue-Razz-Lemonade-10pcs.webp\",\"contentUrl\":\"https:\/\/fizzyvape.eu\/wp-content\/uploads\/2025\/03\/Fizzy-Nova-Plus-40000-Puffs-Blue-Razz-Lemonade-10pcs.webp\",\"width\":800,\"height\":800},{\"@type\":\"BreadcrumbList\",\"@id\":\"https:\/\/fizzyvape.eu\/es\/producto\/fizzy-nova-plus-limonada-azul-razz-40000-puffs-10pcs\/#breadcrumb\",\"itemListElement\":[{\"@type\":\"ListItem\",\"position\":1,\"name\":\"Home\",\"item\":\"https:\/\/fizzyvape.eu\/es\/\"},{\"@type\":\"ListItem\",\"position\":2,\"name\":\"Tienda\",\"item\":\"https:\/\/www.fizzyvape.eu\/es\/tienda\/\"},{\"@type\":\"ListItem\",\"position\":3,\"name\":\"Fizzy Nova Plus Limonada Azul Razz &#8211; 40000 Puffs &#8211; 10pcs\"}]},{\"@type\":\"WebSite\",\"@id\":\"https:\/\/www.fizzyvape.eu\/es\/#website\",\"url\":\"https:\/\/www.fizzyvape.eu\/es\/\",\"name\":\"fizzyvape.eu\",\"description\":\"Refreshing Vapes. Unforgettable Taste.\",\"publisher\":{\"@id\":\"https:\/\/www.fizzyvape.eu\/es\/#organization\"},\"potentialAction\":[{\"@type\":\"SearchAction\",\"target\":{\"@type\":\"EntryPoint\",\"urlTemplate\":\"https:\/\/www.fizzyvape.eu\/es\/?s={search_term_string}\"},\"query-input\":{\"@type\":\"PropertyValueSpecification\",\"valueRequired\":true,\"valueName\":\"search_term_string\"}}],\"inLanguage\":\"es\"},{\"@type\":\"Organization\",\"@id\":\"https:\/\/www.fizzyvape.eu\/es\/#organization\",\"name\":\"fizzyvape.eu\",\"url\":\"https:\/\/www.fizzyvape.eu\/es\/\",\"logo\":{\"@type\":\"ImageObject\",\"inLanguage\":\"es\",\"@id\":\"https:\/\/www.fizzyvape.eu\/es\/#\/schema\/logo\/image\/\",\"url\":\"https:\/\/fizzyvape.eu\/wp-content\/uploads\/2019\/06\/print-1.svg\",\"contentUrl\":\"https:\/\/fizzyvape.eu\/wp-content\/uploads\/2019\/06\/print-1.svg\",\"width\":124,\"height\":37,\"caption\":\"fizzyvape.eu\"},\"image\":{\"@id\":\"https:\/\/www.fizzyvape.eu\/es\/#\/schema\/logo\/image\/\"}}]}<\/script>\n<meta property=\"og:availability\" content=\"out of stock\" \/>\n<meta property=\"product:availability\" content=\"out of stock\" \/>\n<meta property=\"product:condition\" content=\"new\" \/>\n<!-- \/ Yoast SEO Premium plugin. -->","yoast_head_json":{"title":"Fizzy Nova Plus Limonada Azul Razz - 40000 Puffs - 10pcs - fizzyvape.eu","description":"Fizzy Nova Plus Blue Razz Lemonade 40K Puffs - dulce sabor a frambuesa azul y limonada \u00e1cida. E-l\u00edquido de 40 ml, bobinas de doble malla. \u00a110 unidades con descuento!","robots":{"index":"index","follow":"follow","max-snippet":"max-snippet:-1","max-image-preview":"max-image-preview:large","max-video-preview":"max-video-preview:-1"},"canonical":"https:\/\/fizzyvape.eu\/es\/producto\/fizzy-nova-plus-limonada-azul-razz-40000-puffs-10pcs\/","og_locale":"es_ES","og_type":"article","og_title":"Fizzy Nova Plus Limonada Azul Razz - 40000 Puffs - 10pcs","og_description":"Fizzy Nova Plus Blue Razz Lemonade 40K Puffs - dulce sabor a frambuesa azul y limonada \u00e1cida. E-l\u00edquido de 40 ml, bobinas de doble malla. \u00a110 unidades con descuento!","og_url":"https:\/\/fizzyvape.eu\/es\/producto\/fizzy-nova-plus-limonada-azul-razz-40000-puffs-10pcs\/","og_site_name":"fizzyvape.eu","article_modified_time":"2025-12-31T06:05:32+00:00","og_image":[{"width":800,"height":800,"url":"https:\/\/www.fizzyvape.eu\/wp-content\/uploads\/2025\/04\/Fizzy-Nova-Plus-Blue-Razz-Lemonade-40000Puffs-1.webp","type":"image\/webp"}],"twitter_card":"summary_large_image","twitter_misc":{"Disponibilidad":"Sin existencias"},"schema":{"@context":"https:\/\/schema.org","@graph":[{"@type":"WebPage","@id":"https:\/\/fizzyvape.eu\/es\/producto\/fizzy-nova-plus-limonada-azul-razz-40000-puffs-10pcs\/","url":"https:\/\/fizzyvape.eu\/es\/producto\/fizzy-nova-plus-limonada-azul-razz-40000-puffs-10pcs\/","name":"Fizzy Nova Plus Limonada Azul Razz - 40000 Puffs - 10pcs - fizzyvape.eu","isPartOf":{"@id":"https:\/\/www.fizzyvape.eu\/es\/#website"},"primaryImageOfPage":{"@id":"https:\/\/fizzyvape.eu\/es\/producto\/fizzy-nova-plus-limonada-azul-razz-40000-puffs-10pcs\/#primaryimage"},"image":{"@id":"https:\/\/fizzyvape.eu\/es\/producto\/fizzy-nova-plus-limonada-azul-razz-40000-puffs-10pcs\/#primaryimage"},"thumbnailUrl":"https:\/\/fizzyvape.eu\/wp-content\/uploads\/2025\/03\/Fizzy-Nova-Plus-40000-Puffs-Blue-Razz-Lemonade-10pcs.webp","datePublished":"2025-03-30T16:37:10+00:00","dateModified":"2025-12-31T06:05:32+00:00","description":"Fizzy Nova Plus Blue Razz Lemonade 40K Puffs - dulce sabor a frambuesa azul y limonada \u00e1cida. E-l\u00edquido de 40 ml, bobinas de doble malla. \u00a110 unidades con descuento!","breadcrumb":{"@id":"https:\/\/fizzyvape.eu\/es\/producto\/fizzy-nova-plus-limonada-azul-razz-40000-puffs-10pcs\/#breadcrumb"},"inLanguage":"es","potentialAction":[{"@type":"ReadAction","target":["https:\/\/fizzyvape.eu\/es\/producto\/fizzy-nova-plus-limonada-azul-razz-40000-puffs-10pcs\/"]}]},{"@type":"ImageObject","inLanguage":"es","@id":"https:\/\/fizzyvape.eu\/es\/producto\/fizzy-nova-plus-limonada-azul-razz-40000-puffs-10pcs\/#primaryimage","url":"https:\/\/fizzyvape.eu\/wp-content\/uploads\/2025\/03\/Fizzy-Nova-Plus-40000-Puffs-Blue-Razz-Lemonade-10pcs.webp","contentUrl":"https:\/\/fizzyvape.eu\/wp-content\/uploads\/2025\/03\/Fizzy-Nova-Plus-40000-Puffs-Blue-Razz-Lemonade-10pcs.webp","width":800,"height":800},{"@type":"BreadcrumbList","@id":"https:\/\/fizzyvape.eu\/es\/producto\/fizzy-nova-plus-limonada-azul-razz-40000-puffs-10pcs\/#breadcrumb","itemListElement":[{"@type":"ListItem","position":1,"name":"Home","item":"https:\/\/fizzyvape.eu\/es\/"},{"@type":"ListItem","position":2,"name":"Tienda","item":"https:\/\/www.fizzyvape.eu\/es\/tienda\/"},{"@type":"ListItem","position":3,"name":"Fizzy Nova Plus Limonada Azul Razz &#8211; 40000 Puffs &#8211; 10pcs"}]},{"@type":"WebSite","@id":"https:\/\/www.fizzyvape.eu\/es\/#website","url":"https:\/\/www.fizzyvape.eu\/es\/","name":"fizzyvape.eu","description":"Refreshing Vapes. Unforgettable Taste.","publisher":{"@id":"https:\/\/www.fizzyvape.eu\/es\/#organization"},"potentialAction":[{"@type":"SearchAction","target":{"@type":"EntryPoint","urlTemplate":"https:\/\/www.fizzyvape.eu\/es\/?s={search_term_string}"},"query-input":{"@type":"PropertyValueSpecification","valueRequired":true,"valueName":"search_term_string"}}],"inLanguage":"es"},{"@type":"Organization","@id":"https:\/\/www.fizzyvape.eu\/es\/#organization","name":"fizzyvape.eu","url":"https:\/\/www.fizzyvape.eu\/es\/","logo":{"@type":"ImageObject","inLanguage":"es","@id":"https:\/\/www.fizzyvape.eu\/es\/#\/schema\/logo\/image\/","url":"https:\/\/fizzyvape.eu\/wp-content\/uploads\/2019\/06\/print-1.svg","contentUrl":"https:\/\/fizzyvape.eu\/wp-content\/uploads\/2019\/06\/print-1.svg","width":124,"height":37,"caption":"fizzyvape.eu"},"image":{"@id":"https:\/\/www.fizzyvape.eu\/es\/#\/schema\/logo\/image\/"}}]},"og_availability":"out of stock","product_availability":"out of stock","product_condition":"new"},"tiered_pricing_type":"fixed","tiered_pricing_fixed_rules":[],"tiered_pricing_product_settings":{"layout":"default","base_unit_name":{"singular":null,"plural":null},"default_variation":null},"tiered_pricing_minimum_quantity":null,"tiered_pricing_roles_data":[],"tiered_pricing_percentage_rules":[],"tiered_pricing_maximum_quantity":null,"tiered_pricing_quantity_step":null,"_links":{"self":[{"href":"https:\/\/fizzyvape.eu\/es\/wp-json\/wp\/v2\/product\/25362","targetHints":{"allow":["GET"]}}],"collection":[{"href":"https:\/\/fizzyvape.eu\/es\/wp-json\/wp\/v2\/product"}],"about":[{"href":"https:\/\/fizzyvape.eu\/es\/wp-json\/wp\/v2\/types\/product"}],"replies":[{"embeddable":true,"href":"https:\/\/fizzyvape.eu\/es\/wp-json\/wp\/v2\/comments?post=25362"}],"version-history":[{"count":0,"href":"https:\/\/fizzyvape.eu\/es\/wp-json\/wp\/v2\/product\/25362\/revisions"}],"wp:featuredmedia":[{"embeddable":true,"href":"https:\/\/fizzyvape.eu\/es\/wp-json\/wp\/v2\/media\/29971"}],"wp:attachment":[{"href":"https:\/\/fizzyvape.eu\/es\/wp-json\/wp\/v2\/media?parent=25362"}],"wp:term":[{"taxonomy":"product_brand","embeddable":true,"href":"https:\/\/fizzyvape.eu\/es\/wp-json\/wp\/v2\/product_brand?post=25362"},{"taxonomy":"product_cat","embeddable":true,"href":"https:\/\/fizzyvape.eu\/es\/wp-json\/wp\/v2\/product_cat?post=25362"},{"taxonomy":"product_tag","embeddable":true,"href":"https:\/\/fizzyvape.eu\/es\/wp-json\/wp\/v2\/product_tag?post=25362"}],"curies":[{"name":"wp","href":"https:\/\/api.w.org\/{rel}","templated":true}]}}