{"id":25662,"date":"2025-03-28T16:23:03","date_gmt":"2025-03-28T08:23:03","guid":{"rendered":"https:\/\/fizzyvape.eu\/product\/lujo-efervescente-uva-15000-puffs\/"},"modified":"2025-03-28T16:23:03","modified_gmt":"2025-03-28T08:23:03","slug":"lujo-efervescente-uva-15000-puffs","status":"publish","type":"product","link":"https:\/\/fizzyvape.eu\/es\/producto\/lujo-efervescente-uva-15000-puffs\/","title":{"rendered":"Lujo efervescente Uva &#8211; 15000 Puffs"},"content":{"rendered":"<div>\n<h2><strong>Fizzy Luxury Grape 15000 Puffs &#8211; Premium Metal Edition Vape desechable<\/strong><\/h2>\n<p>Disfruta de la mejor escapada a la uva con <strong>las 15000 caladas de Fizzy Luxury Grape<\/strong>, donde la deliciosa dulzura de la uva p\u00farpura (7,5\/10) se encuentra con una crujiente acidez (2,5\/10), todo ello alojado en nuestro cuerpo met\u00e1lico de primera calidad con control preciso del flujo de aire. Este vapeador desechable de \u00e9lite proporciona <strong>15.000 caladas ultrasuaves<\/strong> de exquisito sabor, con <strong>la<\/strong> revolucionaria <strong>tecnolog\u00eda de bobina de cuarzo<\/strong> para una suavidad y pureza de sabor inigualables. <\/p>\n<h3><strong>\u00bfPor qu\u00e9 elegir Fizzy Luxury Grape 15000 Puffs?<\/strong><\/h3>\n<p>\ud83c\udf47 <strong>Sabor magistral a uva<\/strong> &#8211; 75% de jugoso dulzor de uva equilibrado con un 25% de crujiente acidez para una aut\u00e9ntica frescura de vi\u00f1edo<br \/>\n\ud83c\udf9b\ufe0f <strong>Control inteligente del flujo de aire<\/strong>: Aj\u00fastalo de MTL ajustado a RDL suave con nuestro dial met\u00e1lico de precisi\u00f3n<br \/>\n\ud83d\udd36 <strong>Cuerpo met\u00e1lico de lujo<\/strong> &#8211; Aluminio de calidad aeron\u00e1utica mecanizado por CNC con acabado satinado<br \/>\n\u26a1 <strong>15.000 Puffs extendidos<\/strong>: un 25% m\u00e1s que los desechables premium est\u00e1ndar<br \/>\n\ud83e\uddca <strong>Golpe suave como la seda<\/strong>: la bobina de cuarzo proporciona un 45% m\u00e1s de vapor suave que la malla convencional <\/p>\n<h3><strong>Opciones de nicotina:<\/strong><\/h3>\n<p>&#8211; <strong>2% (20mg\/mL<\/strong> ) &#8211; Para una vaporizaci\u00f3n suave y sabrosa<br \/>\n&#8211; <strong>5% (50mg\/mL<\/strong> ) &#8211; Para un satisfactorio golpe de garganta <\/p>\n<\/div>\n<div>\n<h3>Especificaciones<\/h3>\n<table style=\"height: 449px;\" width=\"1340\">\n<tbody>\n<tr>\n<td>Puffs<\/td>\n<td><strong>M\u00e1s de 15000 Puffs<\/strong><\/td>\n<\/tr>\n<tr>\n<td>Capacidad del e-l\u00edquido<\/td>\n<td><strong>22 ml<\/strong><\/td>\n<\/tr>\n<tr>\n<td>Capacidad de la bater\u00eda<\/td>\n<td><strong>650 mAh<\/strong><\/td>\n<\/tr>\n<tr>\n<td>Bobina de malla<\/td>\n<td><strong>1.4\u03a9<\/strong><\/td>\n<\/tr>\n<tr>\n<td>Tama\u00f1o<\/td>\n<td><strong>53*30*85,3 mm<\/strong><\/td>\n<\/tr>\n<tr>\n<td>Desechable o no<\/td>\n<td><strong>Desechable<\/strong><\/td>\n<\/tr>\n<tr>\n<td>M\u00e9todo de carga<\/td>\n<td><strong>Cable<\/strong><\/td>\n<\/tr>\n<tr>\n<td>M\u00e9todo de activaci\u00f3n<\/td>\n<td><strong>Sensor<\/strong><\/td>\n<\/tr>\n<tr>\n<td>Material<\/td>\n<td><strong>Metal<\/strong><\/td>\n<\/tr>\n<tr>\n<td>Nivel de nicotina<\/td>\n<td><strong>2% (20mg\/mL) y 5% (50mg\/mL)<\/strong><\/td>\n<\/tr>\n<tr>\n<td>Sabores<\/td>\n<td><strong>15<\/strong><\/td>\n<\/tr>\n<tr>\n<td>Embalaje<\/td>\n<td><strong>1 paquete<\/strong><\/td>\n<\/tr>\n<tr>\n<td>Tiempo de carga<\/td>\n<td><strong>2 horas<\/strong><\/td>\n<\/tr>\n<tr>\n<td>Almacenamiento<\/td>\n<td><strong>Evita los entornos con altas temperaturas y gu\u00e1rdalo en un lugar fresco y seco.<\/strong><\/td>\n<\/tr>\n<tr>\n<td>Personas cuyo uso est\u00e1 prohibido<\/td>\n<td><strong>Menores, mujeres embarazadas y personas al\u00e9rgicas a los ingredientes del producto.<\/strong><\/td>\n<\/tr>\n<tr>\n<td>Precauci\u00f3n<\/td>\n<td><strong>No tragues esta sustancia. En caso de ingesti\u00f3n, enju\u00e1gate bien la boca inmediatamente. Si te encuentras mal, acude al m\u00e9dico.  <\/strong><\/td>\n<\/tr>\n<\/tbody>\n<\/table>\n<h3>Lista de sabores de <strong>Fizzy Luxury <\/strong>15000 Puffs:<\/h3>\n<ol>\n<li><a href=\"https:\/\/fizzyvape.eu\/product\/fizzy-luxury-blueberry-raspberry-15000-puffs\/\">Ar\u00e1ndano Frambuesa<\/a><\/li>\n<li><a href=\"https:\/\/fizzyvape.eu\/product\/fizzy-luxury-peach-15000-puffs\/\">Melocot\u00f3n<\/a><\/li>\n<li><a href=\"https:\/\/fizzyvape.eu\/es\/producto\/lujo-efervescente-uva-15000-puffs\/\">Uva<\/a><\/li>\n<li><a href=\"https:\/\/fizzyvape.eu\/product\/fizzy-luxury-blueberry-15000-puffs\/\">Ar\u00e1ndanos<\/a><\/li>\n<li><a href=\"https:\/\/fizzyvape.eu\/product\/fizzy-luxury-strawberry-15000-puffs\/\">Fresa<\/a><\/li>\n<li><a href=\"https:\/\/fizzyvape.eu\/product\/fizzy-luxury-fizzy-cherry-15000-puffs\/\">Cereza efervescente<\/a><\/li>\n<li><a href=\"https:\/\/fizzyvape.eu\/product\/fizzy-luxury-raspberry-lemonade-15000-puffs\/\">Limonada de frambuesa<\/a><\/li>\n<li><a href=\"https:\/\/fizzyvape.eu\/product\/fizzy-luxury-sour-apple-15000-puffs\/\">Manzana \u00e1cida<\/a><\/li>\n<li><a href=\"https:\/\/fizzyvape.eu\/product\/fizzy-luxury-strawberry-kiwi-pomegranate-15000-puffs\/\">Fresa Kiwi Granada<\/a><\/li>\n<li><a href=\"https:\/\/fizzyvape.eu\/es\/producto\/fizzy-luxury-limon-lima-15000-puffs\/\">Lim\u00f3n Lima<\/a><\/li>\n<li><a href=\"https:\/\/fizzyvape.eu\/product\/fizzy-luxury-strawberry-banana-15000-puffs\/\">Fresa Pl\u00e1tano<\/a><\/li>\n<li><a href=\"https:\/\/fizzyvape.eu\/product\/fizzy-luxury-orange-mango-watermelon-15000-puffs\/\">Naranja Mango Sand\u00eda<\/a><\/li>\n<li><a href=\"https:\/\/fizzyvape.eu\/product\/fizzy-luxury-red-bull-15000-puffs\/\">Red Bull<\/a><\/li>\n<li><a href=\"https:\/\/fizzyvape.eu\/es\/producto\/limonada-rosa-efervescente-de-lujo-15000-puffs\/\">Limonada rosa<\/a><\/li>\n<li><a href=\"https:\/\/fizzyvape.eu\/es\/producto\/fizzy-luxury-kiwi-fruta-de-la-pasion-guayaba-15000-puffs\/\">Kiwi Fruta de la pasi\u00f3n Guayaba<\/a><\/li>\n<\/ol>\n<h3>Preguntas frecuentes sobre Fizzy Luxury Grape 15000 Puffs Vape<\/h3>\n<ul>\n<li class=\"\" data-start=\"57\" data-end=\"276\">\n<p class=\"\" data-start=\"60\" data-end=\"276\"><strong data-start=\"60\" data-end=\"127\">\u00bfQu\u00e9 sabor ofrece el Fizzy Luxury Grape 15000 Puffs Vape?<\/strong><br data-start=\"127\" data-end=\"130\">Ofrece un sabor a uva jugoso y atrevido con un dulzor rico y aterciopelado, realzado por un suave acabado helado para una experiencia de vapeo refrescante.<\/p>\n<\/li>\n<li class=\"\" data-start=\"278\" data-end=\"470\">\n<p class=\"\" data-start=\"281\" data-end=\"470\"><strong data-start=\"281\" data-end=\"332\">\u00bfCu\u00e1nto dura el Vape Fizzy Luxury Grape?<\/strong><br data-start=\"332\" data-end=\"335\">Con una capacidad ampliada de <strong data-start=\"355\" data-end=\"372\">m\u00e1s de 15.000 caladas<\/strong>, este vape est\u00e1 dise\u00f1ado para durar aproximadamente <strong data-start=\"427\" data-end=\"440\">4-5 semanas<\/strong>, dependiendo de los h\u00e1bitos de uso.<\/p>\n<\/li>\n<li class=\"\" data-start=\"472\" data-end=\"663\">\n<p class=\"\" data-start=\"475\" data-end=\"663\"><strong data-start=\"475\" data-end=\"535\">\u00bfEs recargable el Vape Fizzy Luxury Grape 15000 Puffs?<\/strong><br data-start=\"535\" data-end=\"538\">S\u00ed, dispone de <strong data-start=\"558\" data-end=\"581\">carga r\u00e1pida USB-C<\/strong>, lo que garantiza que puedas disfrutar plenamente de la <strong data-start=\"616\" data-end=\"642\">capacidad de 22 ml de e-l\u00edquido<\/strong> sin desperdicio alguno.<\/p>\n<\/li>\n<li class=\"\" data-start=\"665\" data-end=\"835\">\n<p class=\"\" data-start=\"668\" data-end=\"835\"><strong data-start=\"668\" data-end=\"710\">\u00bfQu\u00e9 concentraciones de nicotina hay disponibles?<\/strong><br data-start=\"710\" data-end=\"713\">Este vape viene en <strong data-start=\"735\" data-end=\"751\">2% (20mg\/mL<\/strong> ) para un golpe suave y <strong data-start=\"773\" data-end=\"789\">5% (50mg\/mL<\/strong> ) para un golpe de garganta m\u00e1s fuerte y satisfactorio.<\/p>\n<\/li>\n<li class=\"\" data-start=\"837\" data-end=\"1096\">\n<p class=\"\" data-start=\"840\" data-end=\"1096\"><strong data-start=\"840\" data-end=\"902\">\u00bfPor qu\u00e9 elegir Fizzy Luxury Grape en lugar de otros vaporizadores desechables?<\/strong><br data-start=\"902\" data-end=\"905\">Destaca por su <strong data-start=\"927\" data-end=\"946\">doble bobina de malla<\/strong> para un sabor intenso, su <strong data-start=\"967\" data-end=\"992\">tecnolog\u00eda a prueba de fugas<\/strong> y su <strong data-start=\"1000\" data-end=\"1027\">dise\u00f1o elegante y ergon\u00f3mico<\/strong>, que ofrece una experiencia de vaporizaci\u00f3n de primera calidad con un rendimiento duradero.<\/p>\n<\/li>\n<\/ul>\n<\/div>\n","protected":false},"excerpt":{"rendered":"<p>Experimenta el m\u00e1ximo placer de la uva con <strong data-start=\"71\" data-end=\"105\" data-is-only-node=\"\">Fizzy Luxury Grape 15000 Puffs<\/strong>, un vapeador desechable de primera calidad que combina <strong data-start=\"143\" data-end=\"192\">el rico dulzor de la uva con un crujiente final \u00e1cido<\/strong>. Envuelto en un <strong data-start=\"208\" data-end=\"237\">cuerpo de metal de calidad aeron\u00e1utica<\/strong>, cuenta con <strong data-start=\"251\" data-end=\"277\">tecnolog\u00eda de bobina de cuarzo<\/strong> para un vapor un 45% m\u00e1s suave y <strong data-start=\"305\" data-end=\"330\">control inteligente del flujo de aire<\/strong> para una extracci\u00f3n personalizable. Disfruta de <strong data-start=\"362\" data-end=\"392\">m\u00e1s de 15.000 caladas ultrasuaves<\/strong> con carga r\u00e1pida USB-C y dos opciones de nicotina (2% y 5%).  <\/p>\n","protected":false},"featured_media":21240,"comment_status":"open","ping_status":"closed","template":"","meta":{"iawp_total_views":0},"product_brand":[],"product_cat":[334],"product_tag":[335],"class_list":{"0":"post-25662","1":"product","2":"type-product","3":"status-publish","4":"has-post-thumbnail","6":"product_cat-luxury-es","7":"product_tag-15000-bocanadas","9":"first","10":"outofstock","11":"shipping-taxable","12":"purchasable","13":"product-type-variable"},"yoast_head":"<!-- This site is optimized with the Yoast SEO Premium plugin v24.8 (Yoast SEO v24.8) - https:\/\/yoast.com\/wordpress\/plugins\/seo\/ -->\n<title>Lujo efervescente Uva - 15000 Puffs - fizzyvape.eu<\/title>\n<meta name=\"robots\" content=\"index, follow, max-snippet:-1, max-image-preview:large, max-video-preview:-1\" \/>\n<link rel=\"canonical\" href=\"https:\/\/fizzyvape.eu\/es\/producto\/lujo-efervescente-uva-15000-puffs\/\" \/>\n<meta property=\"og:locale\" content=\"es_ES\" \/>\n<meta property=\"og:type\" content=\"article\" \/>\n<meta property=\"og:title\" content=\"Lujo efervescente Uva - 15000 Puffs\" \/>\n<meta property=\"og:description\" content=\"Experimenta el m\u00e1ximo placer de la uva con Fizzy Luxury Grape 15000 Puffs, un vapeador desechable de primera calidad que combina el rico dulzor de la uva con un crujiente final \u00e1cido. Envuelto en un cuerpo de metal de calidad aeron\u00e1utica, cuenta con tecnolog\u00eda de bobina de cuarzo para un vapor un 45% m\u00e1s suave y control inteligente del flujo de aire para una extracci\u00f3n personalizable. Disfruta de m\u00e1s de 15.000 caladas ultrasuaves con carga r\u00e1pida USB-C y dos opciones de nicotina (2% y 5%).\" \/>\n<meta property=\"og:url\" content=\"https:\/\/fizzyvape.eu\/es\/producto\/lujo-efervescente-uva-15000-puffs\/\" \/>\n<meta property=\"og:site_name\" content=\"fizzyvape.eu\" \/>\n<meta property=\"og:image\" content=\"https:\/\/fizzyvape.eu\/wp-content\/uploads\/2025\/03\/Fizzy-Luxury-Grape-15000puff.jpg\" \/>\n\t<meta property=\"og:image:width\" content=\"1500\" \/>\n\t<meta property=\"og:image:height\" content=\"1500\" \/>\n\t<meta property=\"og:image:type\" content=\"image\/jpeg\" \/>\n<meta name=\"twitter:card\" content=\"summary_large_image\" \/>\n<meta name=\"twitter:label1\" content=\"Disponibilidad\" \/>\n\t<meta name=\"twitter:data1\" content=\"Sin existencias\" \/>\n<script type=\"application\/ld+json\" class=\"yoast-schema-graph\">{\"@context\":\"https:\/\/schema.org\",\"@graph\":[{\"@type\":\"WebPage\",\"@id\":\"https:\/\/fizzyvape.eu\/es\/producto\/lujo-efervescente-uva-15000-puffs\/\",\"url\":\"https:\/\/fizzyvape.eu\/es\/producto\/lujo-efervescente-uva-15000-puffs\/\",\"name\":\"Lujo efervescente Uva - 15000 Puffs - fizzyvape.eu\",\"isPartOf\":{\"@id\":\"https:\/\/www.fizzyvape.eu\/es\/#website\"},\"primaryImageOfPage\":{\"@id\":\"https:\/\/fizzyvape.eu\/es\/producto\/lujo-efervescente-uva-15000-puffs\/#primaryimage\"},\"image\":{\"@id\":\"https:\/\/fizzyvape.eu\/es\/producto\/lujo-efervescente-uva-15000-puffs\/#primaryimage\"},\"thumbnailUrl\":\"https:\/\/fizzyvape.eu\/wp-content\/uploads\/2025\/03\/Fizzy-Luxury-Grape-15000puff.jpg\",\"datePublished\":\"2025-03-28T08:23:03+00:00\",\"breadcrumb\":{\"@id\":\"https:\/\/fizzyvape.eu\/es\/producto\/lujo-efervescente-uva-15000-puffs\/#breadcrumb\"},\"inLanguage\":\"es\",\"potentialAction\":[{\"@type\":\"ReadAction\",\"target\":[\"https:\/\/fizzyvape.eu\/es\/producto\/lujo-efervescente-uva-15000-puffs\/\"]}]},{\"@type\":\"ImageObject\",\"inLanguage\":\"es\",\"@id\":\"https:\/\/fizzyvape.eu\/es\/producto\/lujo-efervescente-uva-15000-puffs\/#primaryimage\",\"url\":\"https:\/\/fizzyvape.eu\/wp-content\/uploads\/2025\/03\/Fizzy-Luxury-Grape-15000puff.jpg\",\"contentUrl\":\"https:\/\/fizzyvape.eu\/wp-content\/uploads\/2025\/03\/Fizzy-Luxury-Grape-15000puff.jpg\",\"width\":1500,\"height\":1500,\"caption\":\"Fizzy-Luxury-Grape-15000puff\"},{\"@type\":\"BreadcrumbList\",\"@id\":\"https:\/\/fizzyvape.eu\/es\/producto\/lujo-efervescente-uva-15000-puffs\/#breadcrumb\",\"itemListElement\":[{\"@type\":\"ListItem\",\"position\":1,\"name\":\"Home\",\"item\":\"https:\/\/fizzyvape.eu\/es\/\"},{\"@type\":\"ListItem\",\"position\":2,\"name\":\"Tienda\",\"item\":\"https:\/\/www.fizzyvape.eu\/es\/tienda\/\"},{\"@type\":\"ListItem\",\"position\":3,\"name\":\"Lujo efervescente Uva &#8211; 15000 Puffs\"}]},{\"@type\":\"WebSite\",\"@id\":\"https:\/\/www.fizzyvape.eu\/es\/#website\",\"url\":\"https:\/\/www.fizzyvape.eu\/es\/\",\"name\":\"fizzyvape.eu\",\"description\":\"Refreshing Vapes. Unforgettable Taste.\",\"publisher\":{\"@id\":\"https:\/\/www.fizzyvape.eu\/es\/#organization\"},\"potentialAction\":[{\"@type\":\"SearchAction\",\"target\":{\"@type\":\"EntryPoint\",\"urlTemplate\":\"https:\/\/www.fizzyvape.eu\/es\/?s={search_term_string}\"},\"query-input\":{\"@type\":\"PropertyValueSpecification\",\"valueRequired\":true,\"valueName\":\"search_term_string\"}}],\"inLanguage\":\"es\"},{\"@type\":\"Organization\",\"@id\":\"https:\/\/www.fizzyvape.eu\/es\/#organization\",\"name\":\"fizzyvape.eu\",\"url\":\"https:\/\/www.fizzyvape.eu\/es\/\",\"logo\":{\"@type\":\"ImageObject\",\"inLanguage\":\"es\",\"@id\":\"https:\/\/www.fizzyvape.eu\/es\/#\/schema\/logo\/image\/\",\"url\":\"https:\/\/fizzyvape.eu\/wp-content\/uploads\/2019\/06\/print-1.svg\",\"contentUrl\":\"https:\/\/fizzyvape.eu\/wp-content\/uploads\/2019\/06\/print-1.svg\",\"width\":124,\"height\":37,\"caption\":\"fizzyvape.eu\"},\"image\":{\"@id\":\"https:\/\/www.fizzyvape.eu\/es\/#\/schema\/logo\/image\/\"}}]}<\/script>\n<meta property=\"og:availability\" content=\"out of stock\" \/>\n<meta property=\"product:availability\" content=\"out of stock\" \/>\n<meta property=\"product:condition\" content=\"new\" \/>\n<!-- \/ Yoast SEO Premium plugin. -->","yoast_head_json":{"title":"Lujo efervescente Uva - 15000 Puffs - fizzyvape.eu","robots":{"index":"index","follow":"follow","max-snippet":"max-snippet:-1","max-image-preview":"max-image-preview:large","max-video-preview":"max-video-preview:-1"},"canonical":"https:\/\/fizzyvape.eu\/es\/producto\/lujo-efervescente-uva-15000-puffs\/","og_locale":"es_ES","og_type":"article","og_title":"Lujo efervescente Uva - 15000 Puffs","og_description":"Experimenta el m\u00e1ximo placer de la uva con Fizzy Luxury Grape 15000 Puffs, un vapeador desechable de primera calidad que combina el rico dulzor de la uva con un crujiente final \u00e1cido. Envuelto en un cuerpo de metal de calidad aeron\u00e1utica, cuenta con tecnolog\u00eda de bobina de cuarzo para un vapor un 45% m\u00e1s suave y control inteligente del flujo de aire para una extracci\u00f3n personalizable. Disfruta de m\u00e1s de 15.000 caladas ultrasuaves con carga r\u00e1pida USB-C y dos opciones de nicotina (2% y 5%).","og_url":"https:\/\/fizzyvape.eu\/es\/producto\/lujo-efervescente-uva-15000-puffs\/","og_site_name":"fizzyvape.eu","og_image":[{"width":1500,"height":1500,"url":"https:\/\/fizzyvape.eu\/wp-content\/uploads\/2025\/03\/Fizzy-Luxury-Grape-15000puff.jpg","type":"image\/jpeg"}],"twitter_card":"summary_large_image","twitter_misc":{"Disponibilidad":"Sin existencias"},"schema":{"@context":"https:\/\/schema.org","@graph":[{"@type":"WebPage","@id":"https:\/\/fizzyvape.eu\/es\/producto\/lujo-efervescente-uva-15000-puffs\/","url":"https:\/\/fizzyvape.eu\/es\/producto\/lujo-efervescente-uva-15000-puffs\/","name":"Lujo efervescente Uva - 15000 Puffs - fizzyvape.eu","isPartOf":{"@id":"https:\/\/www.fizzyvape.eu\/es\/#website"},"primaryImageOfPage":{"@id":"https:\/\/fizzyvape.eu\/es\/producto\/lujo-efervescente-uva-15000-puffs\/#primaryimage"},"image":{"@id":"https:\/\/fizzyvape.eu\/es\/producto\/lujo-efervescente-uva-15000-puffs\/#primaryimage"},"thumbnailUrl":"https:\/\/fizzyvape.eu\/wp-content\/uploads\/2025\/03\/Fizzy-Luxury-Grape-15000puff.jpg","datePublished":"2025-03-28T08:23:03+00:00","breadcrumb":{"@id":"https:\/\/fizzyvape.eu\/es\/producto\/lujo-efervescente-uva-15000-puffs\/#breadcrumb"},"inLanguage":"es","potentialAction":[{"@type":"ReadAction","target":["https:\/\/fizzyvape.eu\/es\/producto\/lujo-efervescente-uva-15000-puffs\/"]}]},{"@type":"ImageObject","inLanguage":"es","@id":"https:\/\/fizzyvape.eu\/es\/producto\/lujo-efervescente-uva-15000-puffs\/#primaryimage","url":"https:\/\/fizzyvape.eu\/wp-content\/uploads\/2025\/03\/Fizzy-Luxury-Grape-15000puff.jpg","contentUrl":"https:\/\/fizzyvape.eu\/wp-content\/uploads\/2025\/03\/Fizzy-Luxury-Grape-15000puff.jpg","width":1500,"height":1500,"caption":"Fizzy-Luxury-Grape-15000puff"},{"@type":"BreadcrumbList","@id":"https:\/\/fizzyvape.eu\/es\/producto\/lujo-efervescente-uva-15000-puffs\/#breadcrumb","itemListElement":[{"@type":"ListItem","position":1,"name":"Home","item":"https:\/\/fizzyvape.eu\/es\/"},{"@type":"ListItem","position":2,"name":"Tienda","item":"https:\/\/www.fizzyvape.eu\/es\/tienda\/"},{"@type":"ListItem","position":3,"name":"Lujo efervescente Uva &#8211; 15000 Puffs"}]},{"@type":"WebSite","@id":"https:\/\/www.fizzyvape.eu\/es\/#website","url":"https:\/\/www.fizzyvape.eu\/es\/","name":"fizzyvape.eu","description":"Refreshing Vapes. Unforgettable Taste.","publisher":{"@id":"https:\/\/www.fizzyvape.eu\/es\/#organization"},"potentialAction":[{"@type":"SearchAction","target":{"@type":"EntryPoint","urlTemplate":"https:\/\/www.fizzyvape.eu\/es\/?s={search_term_string}"},"query-input":{"@type":"PropertyValueSpecification","valueRequired":true,"valueName":"search_term_string"}}],"inLanguage":"es"},{"@type":"Organization","@id":"https:\/\/www.fizzyvape.eu\/es\/#organization","name":"fizzyvape.eu","url":"https:\/\/www.fizzyvape.eu\/es\/","logo":{"@type":"ImageObject","inLanguage":"es","@id":"https:\/\/www.fizzyvape.eu\/es\/#\/schema\/logo\/image\/","url":"https:\/\/fizzyvape.eu\/wp-content\/uploads\/2019\/06\/print-1.svg","contentUrl":"https:\/\/fizzyvape.eu\/wp-content\/uploads\/2019\/06\/print-1.svg","width":124,"height":37,"caption":"fizzyvape.eu"},"image":{"@id":"https:\/\/www.fizzyvape.eu\/es\/#\/schema\/logo\/image\/"}}]},"og_availability":"out of stock","product_availability":"out of stock","product_condition":"new"},"tiered_pricing_type":"fixed","tiered_pricing_fixed_rules":[],"tiered_pricing_product_settings":{"layout":"default","base_unit_name":{"singular":null,"plural":null},"default_variation":null},"tiered_pricing_minimum_quantity":null,"tiered_pricing_roles_data":[],"tiered_pricing_percentage_rules":[],"tiered_pricing_maximum_quantity":null,"tiered_pricing_quantity_step":null,"_links":{"self":[{"href":"https:\/\/fizzyvape.eu\/es\/wp-json\/wp\/v2\/product\/25662","targetHints":{"allow":["GET"]}}],"collection":[{"href":"https:\/\/fizzyvape.eu\/es\/wp-json\/wp\/v2\/product"}],"about":[{"href":"https:\/\/fizzyvape.eu\/es\/wp-json\/wp\/v2\/types\/product"}],"replies":[{"embeddable":true,"href":"https:\/\/fizzyvape.eu\/es\/wp-json\/wp\/v2\/comments?post=25662"}],"version-history":[{"count":0,"href":"https:\/\/fizzyvape.eu\/es\/wp-json\/wp\/v2\/product\/25662\/revisions"}],"wp:featuredmedia":[{"embeddable":true,"href":"https:\/\/fizzyvape.eu\/es\/wp-json\/wp\/v2\/media\/21240"}],"wp:attachment":[{"href":"https:\/\/fizzyvape.eu\/es\/wp-json\/wp\/v2\/media?parent=25662"}],"wp:term":[{"taxonomy":"product_brand","embeddable":true,"href":"https:\/\/fizzyvape.eu\/es\/wp-json\/wp\/v2\/product_brand?post=25662"},{"taxonomy":"product_cat","embeddable":true,"href":"https:\/\/fizzyvape.eu\/es\/wp-json\/wp\/v2\/product_cat?post=25662"},{"taxonomy":"product_tag","embeddable":true,"href":"https:\/\/fizzyvape.eu\/es\/wp-json\/wp\/v2\/product_tag?post=25662"}],"curies":[{"name":"wp","href":"https:\/\/api.w.org\/{rel}","templated":true}]}}