{"id":25678,"date":"2025-03-28T16:36:50","date_gmt":"2025-03-28T08:36:50","guid":{"rendered":"https:\/\/fizzyvape.eu\/product\/fizzy-luxury-arandanos-15000-puffs\/"},"modified":"2025-03-28T16:36:50","modified_gmt":"2025-03-28T08:36:50","slug":"fizzy-luxury-arandanos-15000-puffs","status":"publish","type":"product","link":"https:\/\/fizzyvape.eu\/es\/producto\/fizzy-luxury-arandanos-15000-puffs\/","title":{"rendered":"Fizzy Luxury Ar\u00e1ndanos &#8211; 15000 Puffs"},"content":{"rendered":"<div>\n<h2>Fizzy Luxury Blueberry 15000 Puffs &#8211; Vapeador Desechable Ultimate Blueberry Burst<\/h2>\n<p>Disfruta de la mejor experiencia de ar\u00e1ndanos con <strong>las 15000 caladas de Fizzy Luxury Blueberry<\/strong>, en las que el jugoso dulzor de los ar\u00e1ndanos (8\/10) se combina con un sutil toque \u00e1cido (2\/10), todo ello en nuestro cuerpo met\u00e1lico de primera calidad con control preciso del flujo de aire. Este vapeador desechable de \u00e9lite proporciona <strong>15.000 caladas ultrasuaves<\/strong> de exquisito sabor, con <strong>la<\/strong> revolucionaria <strong>tecnolog\u00eda de bobina de cuarzo<\/strong> para una suavidad y claridad de sabor inigualables. <\/p>\n<h3><strong>\u00bfPor qu\u00e9 elegir Fizzy Luxury Blueberry 15000 Puffs?<\/strong><\/h3>\n<p>\ud83e\uded0 <strong>Sabor magistral a ar\u00e1ndanos<\/strong>: 80% de riqueza dulce de ar\u00e1ndanos equilibrada con un 20% de acidez natural para un aut\u00e9ntico frescor de bayas<br \/>\n\ud83c\udf9b\ufe0f <strong>Sistema de flujo de aire inteligente<\/strong>: Aj\u00fastalo de MTL ajustado a DTL restringido con nuestro dial met\u00e1lico de precisi\u00f3n<br \/>\n\ud83d\udd36 <strong>Cuerpo de aluminio de lujo<\/strong> &#8211; Aluminio de calidad aeron\u00e1utica mecanizado por CNC con acabado satinado<br \/>\n\u26a1 <strong>15.000 inhalaciones, l\u00edder del sector<\/strong>: un 25% m\u00e1s que los desechables premium est\u00e1ndar<br \/>\n\ud83e\uddca <strong>Tecnolog\u00eda de Vapor Velvet<\/strong>: la bobina de cuarzo proporciona un 45% de golpes m\u00e1s suaves que la malla convencional <\/p>\n<h3><strong>Opciones de nicotina:<\/strong><\/h3>\n<p>&#8211; <strong data-start=\"1200\" data-end=\"1216\">2% (20mg\/mL<\/strong> ) &#8211; Ideal para una experiencia de vapeo suave y sabrosa <br data-start=\"1269\" data-end=\"1272\">&#8211; <strong data-start=\"1274\" data-end=\"1290\">5% (50mg\/mL<\/strong> ) &#8211; Dise\u00f1ado para un golpe de garganta m\u00e1s fuerte y satisfactorio <\/p>\n<\/div>\n<div>\n<h3>Especificaciones<\/h3>\n<table style=\"height: 449px;\" width=\"1340\">\n<tbody>\n<tr>\n<td>Puffs<\/td>\n<td><strong>M\u00e1s de 15000 Puffs<\/strong><\/td>\n<\/tr>\n<tr>\n<td>Capacidad del e-l\u00edquido<\/td>\n<td><strong>22 ml<\/strong><\/td>\n<\/tr>\n<tr>\n<td>Capacidad de la bater\u00eda<\/td>\n<td><strong>650 mAh<\/strong><\/td>\n<\/tr>\n<tr>\n<td>Bobina de malla<\/td>\n<td><strong>1.4\u03a9<\/strong><\/td>\n<\/tr>\n<tr>\n<td>Tama\u00f1o<\/td>\n<td><strong>53*30*85,3 mm<\/strong><\/td>\n<\/tr>\n<tr>\n<td>Desechable o no<\/td>\n<td><strong>Desechable<\/strong><\/td>\n<\/tr>\n<tr>\n<td>M\u00e9todo de carga<\/td>\n<td><strong>Cable<\/strong><\/td>\n<\/tr>\n<tr>\n<td>M\u00e9todo de activaci\u00f3n<\/td>\n<td><strong>Sensor<\/strong><\/td>\n<\/tr>\n<tr>\n<td>Material<\/td>\n<td><strong>Metal<\/strong><\/td>\n<\/tr>\n<tr>\n<td>Nivel de nicotina<\/td>\n<td><strong>2% (20mg\/mL) y 5% (50mg\/mL)<\/strong><\/td>\n<\/tr>\n<tr>\n<td>Sabores<\/td>\n<td><strong>15<\/strong><\/td>\n<\/tr>\n<tr>\n<td>Embalaje<\/td>\n<td><strong>1 paquete<\/strong><\/td>\n<\/tr>\n<tr>\n<td>Tiempo de carga<\/td>\n<td><strong>2 horas<\/strong><\/td>\n<\/tr>\n<tr>\n<td>Almacenamiento<\/td>\n<td><strong>Evita los entornos con altas temperaturas y gu\u00e1rdalo en un lugar fresco y seco.<\/strong><\/td>\n<\/tr>\n<tr>\n<td>Personas cuyo uso est\u00e1 prohibido<\/td>\n<td><strong>Menores, mujeres embarazadas y personas al\u00e9rgicas a los ingredientes del producto.<\/strong><\/td>\n<\/tr>\n<tr>\n<td>Precauci\u00f3n<\/td>\n<td><strong>No tragues esta sustancia. En caso de ingesti\u00f3n, enju\u00e1gate bien la boca inmediatamente. Si te encuentras mal, acude al m\u00e9dico.  <\/strong><\/td>\n<\/tr>\n<\/tbody>\n<\/table>\n<h3>Lista de sabores de <strong>Fizzy Luxury <\/strong>15000 Puffs:<\/h3>\n<ol>\n<li><a href=\"https:\/\/fizzyvape.eu\/product\/fizzy-luxury-blueberry-raspberry-15000-puffs\/\">Ar\u00e1ndano Frambuesa<\/a><\/li>\n<li><a href=\"https:\/\/fizzyvape.eu\/product\/fizzy-luxury-peach-15000-puffs\/\">Melocot\u00f3n<\/a><\/li>\n<li><a href=\"https:\/\/fizzyvape.eu\/es\/producto\/lujo-efervescente-uva-15000-puffs\/\">Uva<\/a><\/li>\n<li><a href=\"https:\/\/fizzyvape.eu\/es\/producto\/fizzy-luxury-arandanos-15000-puffs\/\">Ar\u00e1ndanos<\/a><\/li>\n<li><a href=\"https:\/\/fizzyvape.eu\/product\/fizzy-luxury-strawberry-15000-puffs\/\">Fresa<\/a><\/li>\n<li><a href=\"https:\/\/fizzyvape.eu\/product\/fizzy-luxury-fizzy-cherry-15000-puffs\/\">Cereza efervescente<\/a><\/li>\n<li><a href=\"https:\/\/fizzyvape.eu\/product\/fizzy-luxury-raspberry-lemonade-15000-puffs\/\">Limonada de frambuesa<\/a><\/li>\n<li><a href=\"https:\/\/fizzyvape.eu\/product\/fizzy-luxury-sour-apple-15000-puffs\/\">Manzana \u00e1cida<\/a><\/li>\n<li><a href=\"https:\/\/fizzyvape.eu\/product\/fizzy-luxury-strawberry-kiwi-pomegranate-15000-puffs\/\">Fresa Kiwi Granada<\/a><\/li>\n<li><a href=\"https:\/\/fizzyvape.eu\/es\/producto\/fizzy-luxury-limon-lima-15000-puffs\/\">Lim\u00f3n Lima<\/a><\/li>\n<li><a href=\"https:\/\/fizzyvape.eu\/product\/fizzy-luxury-strawberry-banana-15000-puffs\/\">Fresa Pl\u00e1tano<\/a><\/li>\n<li><a href=\"https:\/\/fizzyvape.eu\/product\/fizzy-luxury-orange-mango-watermelon-15000-puffs\/\">Naranja Mango Sand\u00eda<\/a><\/li>\n<li><a href=\"https:\/\/fizzyvape.eu\/product\/fizzy-luxury-red-bull-15000-puffs\/\">Red Bull<\/a><\/li>\n<li><a href=\"https:\/\/fizzyvape.eu\/es\/producto\/limonada-rosa-efervescente-de-lujo-15000-puffs\/\">Limonada rosa<\/a><\/li>\n<li><a href=\"https:\/\/fizzyvape.eu\/es\/producto\/fizzy-luxury-kiwi-fruta-de-la-pasion-guayaba-15000-puffs\/\">Kiwi Fruta de la pasi\u00f3n Guayaba<\/a><\/li>\n<\/ol>\n<h3>Preguntas frecuentes sobre Fizzy Luxury Blueberry 15000 Puffs Vape<\/h3>\n<p class=\"\" data-start=\"2471\" data-end=\"2677\"><strong data-start=\"2471\" data-end=\"2542\">\u00bfQu\u00e9 sabor ofrece el Fizzy Luxury Blueberry 15000 Puffs Vape?<\/strong><br data-start=\"2542\" data-end=\"2545\">Proporciona una <strong data-start=\"2559\" data-end=\"2583\">rica explosi\u00f3n de ar\u00e1ndanos<\/strong> con un equilibrio perfecto de dulzor natural y un sutil final \u00e1cido para un vape refrescante.<\/p>\n<p class=\"\" data-start=\"2679\" data-end=\"2841\"><strong data-start=\"2679\" data-end=\"2734\">\u00bfCu\u00e1nto dura el Vape Fizzy Luxury Blueberry?<\/strong><br data-start=\"2734\" data-end=\"2737\">Con <strong data-start=\"2742\" data-end=\"2759\">m\u00e1s de 15.000 caladas<\/strong>, este vape est\u00e1 dise\u00f1ado para durar aproximadamente <strong data-start=\"2805\" data-end=\"2818\">4-5 semanas<\/strong>, dependiendo del uso.<\/p>\n<p class=\"\" data-start=\"2843\" data-end=\"3032\"><strong data-start=\"2843\" data-end=\"2907\">\u00bfEs recargable el vaporizador Fizzy Luxury Blueberry 15000 Puffs?<\/strong><br data-start=\"2907\" data-end=\"2910\">S\u00ed, dispone de <strong data-start=\"2927\" data-end=\"2950\">carga r\u00e1pida USB-C<\/strong>, para que disfrutes de cada gota de su <strong data-start=\"2989\" data-end=\"3015\">capacidad de 22 ml de e-l\u00edquido<\/strong> sin desperdiciarla. <\/p>\n<p class=\"\" data-start=\"3034\" data-end=\"3183\"><strong data-start=\"3034\" data-end=\"3076\">\u00bfQu\u00e9 concentraciones de nicotina hay disponibles?<\/strong><br data-start=\"3076\" data-end=\"3079\">Elige entre <strong data-start=\"3094\" data-end=\"3134\">un 2% (20mg\/mL) para una experiencia suave<\/strong> o <strong data-start=\"3138\" data-end=\"3180\">un 5% (50mg\/mL) para un golpe de garganta m\u00e1s fuerte<\/strong>.<\/p>\n<p class=\"\" data-start=\"3185\" data-end=\"3452\"><strong data-start=\"3185\" data-end=\"3251\">\u00bfPor qu\u00e9 elegir Fizzy Luxury Blueberry en lugar de otros vaporizadores desechables?<\/strong><br data-start=\"3251\" data-end=\"3254\">Destaca por su <strong data-start=\"3273\" data-end=\"3403\">tecnolog\u00eda de bobina de cuarzo para un vapor ultrasuave, un control preciso del flujo de aire, un elegante dise\u00f1o met\u00e1lico y m\u00e1s de 15.000 caladas de larga duraci\u00f3n, que ofrecen<\/strong>una experiencia de vaporizaci\u00f3n inigualable.<\/p>\n<\/div>\n","protected":false},"excerpt":{"rendered":"<p><strong>Fizzy Luxury Ar\u00e1ndano 15000 caladas<\/strong>: Intenso dulzor a ar\u00e1ndanos con un sutil final \u00e1cido, bobina de cuarzo ultrasuave, flujo de aire ajustable y estructura met\u00e1lica de primera calidad. 2% y 5% de nicotina. <\/p>\n","protected":false},"featured_media":21368,"comment_status":"open","ping_status":"closed","template":"","meta":{"iawp_total_views":0},"product_brand":[],"product_cat":[334],"product_tag":[335],"class_list":{"0":"post-25678","1":"product","2":"type-product","3":"status-publish","4":"has-post-thumbnail","6":"product_cat-luxury-es","7":"product_tag-15000-bocanadas","9":"first","10":"outofstock","11":"shipping-taxable","12":"purchasable","13":"product-type-variable"},"yoast_head":"<!-- This site is optimized with the Yoast SEO Premium plugin v24.8 (Yoast SEO v24.8) - https:\/\/yoast.com\/wordpress\/plugins\/seo\/ -->\n<title>Fizzy Luxury Ar\u00e1ndanos - 15000 Puffs - fizzyvape.eu<\/title>\n<meta name=\"robots\" content=\"index, follow, max-snippet:-1, max-image-preview:large, max-video-preview:-1\" \/>\n<link rel=\"canonical\" href=\"https:\/\/fizzyvape.eu\/es\/producto\/fizzy-luxury-arandanos-15000-puffs\/\" \/>\n<meta property=\"og:locale\" content=\"es_ES\" \/>\n<meta property=\"og:type\" content=\"article\" \/>\n<meta property=\"og:title\" content=\"Fizzy Luxury Ar\u00e1ndanos - 15000 Puffs\" \/>\n<meta property=\"og:description\" content=\"Fizzy Luxury Ar\u00e1ndano 15000 caladas: Intenso dulzor a ar\u00e1ndanos con un sutil final \u00e1cido, bobina de cuarzo ultrasuave, flujo de aire ajustable y estructura met\u00e1lica de primera calidad. 2% y 5% de nicotina.\" \/>\n<meta property=\"og:url\" content=\"https:\/\/fizzyvape.eu\/es\/producto\/fizzy-luxury-arandanos-15000-puffs\/\" \/>\n<meta property=\"og:site_name\" content=\"fizzyvape.eu\" \/>\n<meta property=\"og:image\" content=\"https:\/\/fizzyvape.eu\/wp-content\/uploads\/2025\/03\/Fizzy-Luxury-Blueberry-15000puff-1.jpg\" \/>\n\t<meta property=\"og:image:width\" content=\"1500\" \/>\n\t<meta property=\"og:image:height\" content=\"1500\" \/>\n\t<meta property=\"og:image:type\" content=\"image\/jpeg\" \/>\n<meta name=\"twitter:card\" content=\"summary_large_image\" \/>\n<meta name=\"twitter:label1\" content=\"Disponibilidad\" \/>\n\t<meta name=\"twitter:data1\" content=\"Sin existencias\" \/>\n<script type=\"application\/ld+json\" class=\"yoast-schema-graph\">{\"@context\":\"https:\/\/schema.org\",\"@graph\":[{\"@type\":\"WebPage\",\"@id\":\"https:\/\/fizzyvape.eu\/es\/producto\/fizzy-luxury-arandanos-15000-puffs\/\",\"url\":\"https:\/\/fizzyvape.eu\/es\/producto\/fizzy-luxury-arandanos-15000-puffs\/\",\"name\":\"Fizzy Luxury Ar\u00e1ndanos - 15000 Puffs - fizzyvape.eu\",\"isPartOf\":{\"@id\":\"https:\/\/www.fizzyvape.eu\/es\/#website\"},\"primaryImageOfPage\":{\"@id\":\"https:\/\/fizzyvape.eu\/es\/producto\/fizzy-luxury-arandanos-15000-puffs\/#primaryimage\"},\"image\":{\"@id\":\"https:\/\/fizzyvape.eu\/es\/producto\/fizzy-luxury-arandanos-15000-puffs\/#primaryimage\"},\"thumbnailUrl\":\"https:\/\/fizzyvape.eu\/wp-content\/uploads\/2025\/03\/Fizzy-Luxury-Blueberry-15000puff-1.jpg\",\"datePublished\":\"2025-03-28T08:36:50+00:00\",\"breadcrumb\":{\"@id\":\"https:\/\/fizzyvape.eu\/es\/producto\/fizzy-luxury-arandanos-15000-puffs\/#breadcrumb\"},\"inLanguage\":\"es\",\"potentialAction\":[{\"@type\":\"ReadAction\",\"target\":[\"https:\/\/fizzyvape.eu\/es\/producto\/fizzy-luxury-arandanos-15000-puffs\/\"]}]},{\"@type\":\"ImageObject\",\"inLanguage\":\"es\",\"@id\":\"https:\/\/fizzyvape.eu\/es\/producto\/fizzy-luxury-arandanos-15000-puffs\/#primaryimage\",\"url\":\"https:\/\/fizzyvape.eu\/wp-content\/uploads\/2025\/03\/Fizzy-Luxury-Blueberry-15000puff-1.jpg\",\"contentUrl\":\"https:\/\/fizzyvape.eu\/wp-content\/uploads\/2025\/03\/Fizzy-Luxury-Blueberry-15000puff-1.jpg\",\"width\":1500,\"height\":1500,\"caption\":\"Fizzy-Luxury-Ar\u00e1ndano-15000puff\"},{\"@type\":\"BreadcrumbList\",\"@id\":\"https:\/\/fizzyvape.eu\/es\/producto\/fizzy-luxury-arandanos-15000-puffs\/#breadcrumb\",\"itemListElement\":[{\"@type\":\"ListItem\",\"position\":1,\"name\":\"Home\",\"item\":\"https:\/\/fizzyvape.eu\/es\/\"},{\"@type\":\"ListItem\",\"position\":2,\"name\":\"Tienda\",\"item\":\"https:\/\/www.fizzyvape.eu\/es\/tienda\/\"},{\"@type\":\"ListItem\",\"position\":3,\"name\":\"Fizzy Luxury Ar\u00e1ndanos &#8211; 15000 Puffs\"}]},{\"@type\":\"WebSite\",\"@id\":\"https:\/\/www.fizzyvape.eu\/es\/#website\",\"url\":\"https:\/\/www.fizzyvape.eu\/es\/\",\"name\":\"fizzyvape.eu\",\"description\":\"Refreshing Vapes. Unforgettable Taste.\",\"publisher\":{\"@id\":\"https:\/\/www.fizzyvape.eu\/es\/#organization\"},\"potentialAction\":[{\"@type\":\"SearchAction\",\"target\":{\"@type\":\"EntryPoint\",\"urlTemplate\":\"https:\/\/www.fizzyvape.eu\/es\/?s={search_term_string}\"},\"query-input\":{\"@type\":\"PropertyValueSpecification\",\"valueRequired\":true,\"valueName\":\"search_term_string\"}}],\"inLanguage\":\"es\"},{\"@type\":\"Organization\",\"@id\":\"https:\/\/www.fizzyvape.eu\/es\/#organization\",\"name\":\"fizzyvape.eu\",\"url\":\"https:\/\/www.fizzyvape.eu\/es\/\",\"logo\":{\"@type\":\"ImageObject\",\"inLanguage\":\"es\",\"@id\":\"https:\/\/www.fizzyvape.eu\/es\/#\/schema\/logo\/image\/\",\"url\":\"https:\/\/fizzyvape.eu\/wp-content\/uploads\/2019\/06\/print-1.svg\",\"contentUrl\":\"https:\/\/fizzyvape.eu\/wp-content\/uploads\/2019\/06\/print-1.svg\",\"width\":124,\"height\":37,\"caption\":\"fizzyvape.eu\"},\"image\":{\"@id\":\"https:\/\/www.fizzyvape.eu\/es\/#\/schema\/logo\/image\/\"}}]}<\/script>\n<meta property=\"og:availability\" content=\"out of stock\" \/>\n<meta property=\"product:availability\" content=\"out of stock\" \/>\n<meta property=\"product:condition\" content=\"new\" \/>\n<!-- \/ Yoast SEO Premium plugin. -->","yoast_head_json":{"title":"Fizzy Luxury Ar\u00e1ndanos - 15000 Puffs - fizzyvape.eu","robots":{"index":"index","follow":"follow","max-snippet":"max-snippet:-1","max-image-preview":"max-image-preview:large","max-video-preview":"max-video-preview:-1"},"canonical":"https:\/\/fizzyvape.eu\/es\/producto\/fizzy-luxury-arandanos-15000-puffs\/","og_locale":"es_ES","og_type":"article","og_title":"Fizzy Luxury Ar\u00e1ndanos - 15000 Puffs","og_description":"Fizzy Luxury Ar\u00e1ndano 15000 caladas: Intenso dulzor a ar\u00e1ndanos con un sutil final \u00e1cido, bobina de cuarzo ultrasuave, flujo de aire ajustable y estructura met\u00e1lica de primera calidad. 2% y 5% de nicotina.","og_url":"https:\/\/fizzyvape.eu\/es\/producto\/fizzy-luxury-arandanos-15000-puffs\/","og_site_name":"fizzyvape.eu","og_image":[{"width":1500,"height":1500,"url":"https:\/\/fizzyvape.eu\/wp-content\/uploads\/2025\/03\/Fizzy-Luxury-Blueberry-15000puff-1.jpg","type":"image\/jpeg"}],"twitter_card":"summary_large_image","twitter_misc":{"Disponibilidad":"Sin existencias"},"schema":{"@context":"https:\/\/schema.org","@graph":[{"@type":"WebPage","@id":"https:\/\/fizzyvape.eu\/es\/producto\/fizzy-luxury-arandanos-15000-puffs\/","url":"https:\/\/fizzyvape.eu\/es\/producto\/fizzy-luxury-arandanos-15000-puffs\/","name":"Fizzy Luxury Ar\u00e1ndanos - 15000 Puffs - fizzyvape.eu","isPartOf":{"@id":"https:\/\/www.fizzyvape.eu\/es\/#website"},"primaryImageOfPage":{"@id":"https:\/\/fizzyvape.eu\/es\/producto\/fizzy-luxury-arandanos-15000-puffs\/#primaryimage"},"image":{"@id":"https:\/\/fizzyvape.eu\/es\/producto\/fizzy-luxury-arandanos-15000-puffs\/#primaryimage"},"thumbnailUrl":"https:\/\/fizzyvape.eu\/wp-content\/uploads\/2025\/03\/Fizzy-Luxury-Blueberry-15000puff-1.jpg","datePublished":"2025-03-28T08:36:50+00:00","breadcrumb":{"@id":"https:\/\/fizzyvape.eu\/es\/producto\/fizzy-luxury-arandanos-15000-puffs\/#breadcrumb"},"inLanguage":"es","potentialAction":[{"@type":"ReadAction","target":["https:\/\/fizzyvape.eu\/es\/producto\/fizzy-luxury-arandanos-15000-puffs\/"]}]},{"@type":"ImageObject","inLanguage":"es","@id":"https:\/\/fizzyvape.eu\/es\/producto\/fizzy-luxury-arandanos-15000-puffs\/#primaryimage","url":"https:\/\/fizzyvape.eu\/wp-content\/uploads\/2025\/03\/Fizzy-Luxury-Blueberry-15000puff-1.jpg","contentUrl":"https:\/\/fizzyvape.eu\/wp-content\/uploads\/2025\/03\/Fizzy-Luxury-Blueberry-15000puff-1.jpg","width":1500,"height":1500,"caption":"Fizzy-Luxury-Ar\u00e1ndano-15000puff"},{"@type":"BreadcrumbList","@id":"https:\/\/fizzyvape.eu\/es\/producto\/fizzy-luxury-arandanos-15000-puffs\/#breadcrumb","itemListElement":[{"@type":"ListItem","position":1,"name":"Home","item":"https:\/\/fizzyvape.eu\/es\/"},{"@type":"ListItem","position":2,"name":"Tienda","item":"https:\/\/www.fizzyvape.eu\/es\/tienda\/"},{"@type":"ListItem","position":3,"name":"Fizzy Luxury Ar\u00e1ndanos &#8211; 15000 Puffs"}]},{"@type":"WebSite","@id":"https:\/\/www.fizzyvape.eu\/es\/#website","url":"https:\/\/www.fizzyvape.eu\/es\/","name":"fizzyvape.eu","description":"Refreshing Vapes. Unforgettable Taste.","publisher":{"@id":"https:\/\/www.fizzyvape.eu\/es\/#organization"},"potentialAction":[{"@type":"SearchAction","target":{"@type":"EntryPoint","urlTemplate":"https:\/\/www.fizzyvape.eu\/es\/?s={search_term_string}"},"query-input":{"@type":"PropertyValueSpecification","valueRequired":true,"valueName":"search_term_string"}}],"inLanguage":"es"},{"@type":"Organization","@id":"https:\/\/www.fizzyvape.eu\/es\/#organization","name":"fizzyvape.eu","url":"https:\/\/www.fizzyvape.eu\/es\/","logo":{"@type":"ImageObject","inLanguage":"es","@id":"https:\/\/www.fizzyvape.eu\/es\/#\/schema\/logo\/image\/","url":"https:\/\/fizzyvape.eu\/wp-content\/uploads\/2019\/06\/print-1.svg","contentUrl":"https:\/\/fizzyvape.eu\/wp-content\/uploads\/2019\/06\/print-1.svg","width":124,"height":37,"caption":"fizzyvape.eu"},"image":{"@id":"https:\/\/www.fizzyvape.eu\/es\/#\/schema\/logo\/image\/"}}]},"og_availability":"out of stock","product_availability":"out of stock","product_condition":"new"},"tiered_pricing_type":"fixed","tiered_pricing_fixed_rules":[],"tiered_pricing_product_settings":{"layout":"default","base_unit_name":{"singular":null,"plural":null},"default_variation":null},"tiered_pricing_minimum_quantity":null,"tiered_pricing_roles_data":[],"tiered_pricing_percentage_rules":[],"tiered_pricing_maximum_quantity":null,"tiered_pricing_quantity_step":null,"_links":{"self":[{"href":"https:\/\/fizzyvape.eu\/es\/wp-json\/wp\/v2\/product\/25678","targetHints":{"allow":["GET"]}}],"collection":[{"href":"https:\/\/fizzyvape.eu\/es\/wp-json\/wp\/v2\/product"}],"about":[{"href":"https:\/\/fizzyvape.eu\/es\/wp-json\/wp\/v2\/types\/product"}],"replies":[{"embeddable":true,"href":"https:\/\/fizzyvape.eu\/es\/wp-json\/wp\/v2\/comments?post=25678"}],"version-history":[{"count":0,"href":"https:\/\/fizzyvape.eu\/es\/wp-json\/wp\/v2\/product\/25678\/revisions"}],"wp:featuredmedia":[{"embeddable":true,"href":"https:\/\/fizzyvape.eu\/es\/wp-json\/wp\/v2\/media\/21368"}],"wp:attachment":[{"href":"https:\/\/fizzyvape.eu\/es\/wp-json\/wp\/v2\/media?parent=25678"}],"wp:term":[{"taxonomy":"product_brand","embeddable":true,"href":"https:\/\/fizzyvape.eu\/es\/wp-json\/wp\/v2\/product_brand?post=25678"},{"taxonomy":"product_cat","embeddable":true,"href":"https:\/\/fizzyvape.eu\/es\/wp-json\/wp\/v2\/product_cat?post=25678"},{"taxonomy":"product_tag","embeddable":true,"href":"https:\/\/fizzyvape.eu\/es\/wp-json\/wp\/v2\/product_tag?post=25678"}],"curies":[{"name":"wp","href":"https:\/\/api.w.org\/{rel}","templated":true}]}}