{"id":25870,"date":"2025-03-28T18:21:23","date_gmt":"2025-03-28T10:21:23","guid":{"rendered":"https:\/\/fizzyvape.eu\/product\/fizzy-luxury-red-bull-15000-puffs\/"},"modified":"2025-03-28T18:21:23","modified_gmt":"2025-03-28T10:21:23","slug":"fizzy-luxury-red-bull-15000-puffs","status":"publish","type":"product","link":"https:\/\/fizzyvape.eu\/es\/producto\/fizzy-luxury-red-bull-15000-puffs\/","title":{"rendered":"Fizzy Luxury Red Bull &#8211; 15000 Puffs"},"content":{"rendered":"<div>\n<h2 data-start=\"0\" data-end=\"82\"><strong>Fizzy Luxury Red Bull 15000 Puffs &#8211; Bebida Energ\u00e9tica Premium Vape Desechable<\/strong><\/h2>\n<p>Recarga tus sentidos con Fizzy Luxury Red Bull 15000 Puffs, donde el aut\u00e9ntico sabor de la bebida energ\u00e9tica (7\/10) se une a la chispeante efervescencia (5\/10), todo ello en nuestro cuerpo met\u00e1lico de primera calidad con control de precisi\u00f3n del flujo de aire. Este vapeador desechable de \u00e9lite proporciona <strong>15.000 caladas ultrasuaves<\/strong> de sabor ic\u00f3nico, con nuestro revolucionario <strong>sistema de bobina de cuarzo de doble malla<\/strong> para un sabor crujiente y un vapor aterciopelado. <\/p>\n<h3><strong>\u00bfPor qu\u00e9 elegir Fizzy Luxury Red Bull 15000 Puffs Vape?<\/strong><\/h3>\n<p>\u26a1 <strong>Aut\u00e9ntico sabor a bebida energ\u00e9tica<\/strong>: 70% del sabor caracter\u00edstico de Red Bull equilibrado con un 30% de chispa carbonatada<br \/>\n\ud83c\udf9b\ufe0f <strong>Control inteligente del flujo de aire<\/strong>: dial ajustable en 5 posiciones, desde MTL ajustado a RDL suave<br \/>\n\ud83d\udd36 <strong>Construcci\u00f3n met\u00e1lica de lujo<\/strong> &#8211; Aluminio aeroespacial mecanizado por CNC con acabado negro mate<br \/>\n\ud83d\udca8 <strong>15.000 caladas m\u00e1s<\/strong>: la capacidad de 22 ml de e-l\u00edquido dura un 25% m\u00e1s que la competencia<br \/>\n\ud83e\uddca <strong>Tecnolog\u00eda SilkFlow<\/strong>: las bobinas de cuarzo proporcionan un vapor un 50% m\u00e1s suave que la malla est\u00e1ndar <\/p>\n<h3><strong>Opciones de nicotina:<\/strong><\/h3>\n<p>&#8211; <strong data-start=\"1200\" data-end=\"1216\">2% (20mg\/mL<\/strong> ) &#8211; Ideal para una experiencia de vapeo suave y sabrosa <br data-start=\"1269\" data-end=\"1272\">&#8211; <strong data-start=\"1274\" data-end=\"1290\">5% (50mg\/mL<\/strong> ) &#8211; Dise\u00f1ado para un golpe de garganta m\u00e1s fuerte y satisfactorio <\/p>\n<\/div>\n<div>\n<h3>Especificaciones<\/h3>\n<table style=\"height: 449px;\" width=\"1340\">\n<tbody>\n<tr>\n<td>Puffs<\/td>\n<td><strong>M\u00e1s de 15000 Puffs<\/strong><\/td>\n<\/tr>\n<tr>\n<td>Capacidad del e-l\u00edquido<\/td>\n<td><strong>22 ml<\/strong><\/td>\n<\/tr>\n<tr>\n<td>Capacidad de la bater\u00eda<\/td>\n<td><strong>650 mAh<\/strong><\/td>\n<\/tr>\n<tr>\n<td>Bobina de malla<\/td>\n<td><strong>1.4\u03a9<\/strong><\/td>\n<\/tr>\n<tr>\n<td>Tama\u00f1o<\/td>\n<td><strong>53*30*85,3 mm<\/strong><\/td>\n<\/tr>\n<tr>\n<td>Desechable o no<\/td>\n<td><strong>Desechable<\/strong><\/td>\n<\/tr>\n<tr>\n<td>M\u00e9todo de carga<\/td>\n<td><strong>Cable<\/strong><\/td>\n<\/tr>\n<tr>\n<td>M\u00e9todo de activaci\u00f3n<\/td>\n<td><strong>Sensor<\/strong><\/td>\n<\/tr>\n<tr>\n<td>Material<\/td>\n<td><strong>Metal<\/strong><\/td>\n<\/tr>\n<tr>\n<td>Nivel de nicotina<\/td>\n<td><strong>2% (20mg\/mL) y 5% (50mg\/mL)<\/strong><\/td>\n<\/tr>\n<tr>\n<td>Sabores<\/td>\n<td><strong>15<\/strong><\/td>\n<\/tr>\n<tr>\n<td>Embalaje<\/td>\n<td><strong>1 paquete<\/strong><\/td>\n<\/tr>\n<tr>\n<td>Tiempo de carga<\/td>\n<td><strong>2 horas<\/strong><\/td>\n<\/tr>\n<tr>\n<td>Almacenamiento<\/td>\n<td><strong>Evita los entornos con altas temperaturas y gu\u00e1rdalo en un lugar fresco y seco.<\/strong><\/td>\n<\/tr>\n<tr>\n<td>Personas cuyo uso est\u00e1 prohibido<\/td>\n<td><strong>Menores, mujeres embarazadas y personas al\u00e9rgicas a los ingredientes del producto.<\/strong><\/td>\n<\/tr>\n<tr>\n<td>Precauci\u00f3n<\/td>\n<td><strong>No tragues esta sustancia. En caso de ingesti\u00f3n, enju\u00e1gate bien la boca inmediatamente. Si te encuentras mal, acude al m\u00e9dico.  <\/strong><\/td>\n<\/tr>\n<\/tbody>\n<\/table>\n<h3>Lista de sabores de <strong>Fizzy Luxury <\/strong>15000 Puffs:<\/h3>\n<ol>\n<li><a href=\"https:\/\/fizzyvape.eu\/product\/fizzy-luxury-blueberry-raspberry-15000-puffs\/\">Ar\u00e1ndano Frambuesa<\/a><\/li>\n<li><a href=\"https:\/\/fizzyvape.eu\/product\/fizzy-luxury-peach-15000-puffs\/\">Melocot\u00f3n<\/a><\/li>\n<li><a href=\"https:\/\/fizzyvape.eu\/es\/producto\/lujo-efervescente-uva-15000-puffs\/\">Uva<\/a><\/li>\n<li><a href=\"https:\/\/fizzyvape.eu\/es\/producto\/fizzy-luxury-arandanos-15000-puffs\/\">Ar\u00e1ndanos<\/a><\/li>\n<li><a href=\"https:\/\/fizzyvape.eu\/es\/producto\/fizzy-luxury-fresa-15000-puffs\/\">Fresa<\/a><\/li>\n<li><a href=\"https:\/\/fizzyvape.eu\/es\/producto\/fizzy-luxury-fizzy-cereza-15000-puffs\/\">Cereza efervescente<\/a><\/li>\n<li><a href=\"https:\/\/fizzyvape.eu\/es\/producto\/fizzy-luxury-limonada-de-frambuesa-15000-puffs\/\">Limonada de frambuesa<\/a><\/li>\n<li><a href=\"https:\/\/fizzyvape.eu\/es\/producto\/lujo-efervescente-manzana-acida-15000-puffs\/\">Manzana \u00e1cida<\/a><\/li>\n<li><a href=\"https:\/\/fizzyvape.eu\/es\/producto\/fizzy-luxury-fresa-kiwi-granada-15000-puffs\/\">Fresa Kiwi Granada<\/a><\/li>\n<li><a href=\"https:\/\/fizzyvape.eu\/es\/producto\/fizzy-luxury-limon-lima-15000-puffs\/\">Lim\u00f3n Lima<\/a><\/li>\n<li><a href=\"https:\/\/fizzyvape.eu\/es\/producto\/fizzy-luxury-fresa-platano-15000-puffs\/\">Fresa Pl\u00e1tano<\/a><\/li>\n<li><a href=\"https:\/\/fizzyvape.eu\/es\/producto\/fizzy-luxury-naranja-mango-sandia-15000-puffs\/\">Naranja Mango Sand\u00eda<\/a><\/li>\n<li><a href=\"https:\/\/fizzyvape.eu\/es\/producto\/fizzy-luxury-red-bull-15000-puffs\/\">Red Bull<\/a><\/li>\n<li><a href=\"https:\/\/fizzyvape.eu\/es\/producto\/limonada-rosa-efervescente-de-lujo-15000-puffs\/\">Limonada rosa<\/a><\/li>\n<li><a href=\"https:\/\/fizzyvape.eu\/es\/producto\/fizzy-luxury-kiwi-fruta-de-la-pasion-guayaba-15000-puffs\/\">Kiwi Fruta de la pasi\u00f3n Guayaba<\/a><\/li>\n<\/ol>\n<h3>Preguntas frecuentes sobre Fizzy Luxury Red Bull 15000 Puffs Vape<\/h3>\n<ul>\n<li class=\"\" data-start=\"58\" data-end=\"377\">\n<p class=\"\" data-start=\"61\" data-end=\"377\"><strong data-start=\"61\" data-end=\"131\">\u00bfQu\u00e9 sabor ofrece el vaporizador<\/strong> <strong data-start=\"141\" data-end=\"178\">Fizzy Luxury Red Bull 15000 Puffs<\/strong> <strong data-start=\"61\" data-end=\"131\">?<\/strong><br data-start=\"131\" data-end=\"134\">El <strong data-start=\"61\" data-end=\"131\">vaporizador<\/strong> <strong data-start=\"141\" data-end=\"178\">Fizzy Luxury Red Bull 15000 Puffs<\/strong> ofrece un <strong data-start=\"199\" data-end=\"238\">sabor<\/strong> atrevido y <strong data-start=\"199\" data-end=\"238\">energizante inspirado en Red Bull<\/strong>, con una mezcla perfecta de <strong data-start=\"262\" data-end=\"288\">dulzor, sabor c\u00edtrico<\/strong> y un <strong data-start=\"296\" data-end=\"324\">gusto ligeramente carbonatado<\/strong> para una experiencia de vaporizaci\u00f3n refrescante y vigorizante.<\/p>\n<\/li>\n<li class=\"\" data-start=\"379\" data-end=\"636\">\n<p class=\"\" data-start=\"382\" data-end=\"636\"><strong data-start=\"382\" data-end=\"443\">\u00bfCu\u00e1nto dura el Fizzy Luxury Red Bull 15000 Puffs?<\/strong><br data-start=\"443\" data-end=\"446\">Con una <strong data-start=\"456\" data-end=\"482\">capacidad de 22 ml de e-l\u00edquido<\/strong>, este vape ofrece <strong data-start=\"501\" data-end=\"518\">m\u00e1s de 15.000 caladas<\/strong>, lo que garantiza una duraci\u00f3n aproximada de <strong data-start=\"552\" data-end=\"565\">4-5 semanas<\/strong>, dependiendo del uso, para una experiencia de vapeo prolongada y constante.<\/p>\n<\/li>\n<li class=\"\" data-start=\"349\" data-end=\"617\">\n<p class=\"\" data-start=\"352\" data-end=\"617\"><strong>\u00bfQu\u00e9 concentraci\u00f3n de nicotina es la adecuada para m\u00ed?<\/strong><br \/>\n&#8211; <strong>2% (20mg\/mL):<\/strong> Ideal para vapear todo el d\u00eda y para conocedores del sabor<br \/>\n&#8211; <strong>5% (50mg\/mL):<\/strong> Perfecto para ex fumadores que necesitan una mayor satisfacci\u00f3n<\/p>\n<\/li>\n<\/ul>\n<\/div>\n","protected":false},"excerpt":{"rendered":"<p><strong>Rec\u00e1rgate con Fizzy Luxury Red Bull 15000 Puffs<\/strong>, un vapeador desechable premium inspirado en las bebidas energ\u00e9ticas que proporciona <strong>15.000<\/strong> caladas suaves de sabor refrescante y efervescente, con un control preciso del flujo de aire y la revolucionaria tecnolog\u00eda de bobina de cuarzo.<\/p>\n","protected":false},"featured_media":21296,"comment_status":"open","ping_status":"closed","template":"","meta":{"iawp_total_views":1},"product_brand":[],"product_cat":[334],"product_tag":[335],"class_list":{"0":"post-25870","1":"product","2":"type-product","3":"status-publish","4":"has-post-thumbnail","6":"product_cat-luxury-es","7":"product_tag-15000-bocanadas","9":"first","10":"outofstock","11":"shipping-taxable","12":"purchasable","13":"product-type-variable"},"yoast_head":"<!-- This site is optimized with the Yoast SEO Premium plugin v24.8 (Yoast SEO v24.8) - https:\/\/yoast.com\/wordpress\/plugins\/seo\/ -->\n<title>Fizzy Luxury Red Bull - 15000 Puffs - fizzyvape.eu<\/title>\n<meta name=\"robots\" content=\"index, follow, max-snippet:-1, max-image-preview:large, max-video-preview:-1\" \/>\n<link rel=\"canonical\" href=\"https:\/\/fizzyvape.eu\/es\/producto\/fizzy-luxury-red-bull-15000-puffs\/\" \/>\n<meta property=\"og:locale\" content=\"es_ES\" \/>\n<meta property=\"og:type\" content=\"article\" \/>\n<meta property=\"og:title\" content=\"Fizzy Luxury Red Bull - 15000 Puffs\" \/>\n<meta property=\"og:description\" content=\"Rec\u00e1rgate con Fizzy Luxury Red Bull 15000 Puffs, un vapeador desechable premium inspirado en las bebidas energ\u00e9ticas que proporciona 15.000 caladas suaves de sabor refrescante y efervescente, con un control preciso del flujo de aire y la revolucionaria tecnolog\u00eda de bobina de cuarzo.\" \/>\n<meta property=\"og:url\" content=\"https:\/\/fizzyvape.eu\/es\/producto\/fizzy-luxury-red-bull-15000-puffs\/\" \/>\n<meta property=\"og:site_name\" content=\"fizzyvape.eu\" \/>\n<meta property=\"og:image\" content=\"https:\/\/www.fizzyvape.eu\/wp-content\/uploads\/2025\/03\/Fizzy-Luxury-Red-Bull-15000puff-.jpg\" \/>\n\t<meta property=\"og:image:width\" content=\"1500\" \/>\n\t<meta property=\"og:image:height\" content=\"1500\" \/>\n\t<meta property=\"og:image:type\" content=\"image\/jpeg\" \/>\n<meta name=\"twitter:card\" content=\"summary_large_image\" \/>\n<meta name=\"twitter:label1\" content=\"Disponibilidad\" \/>\n\t<meta name=\"twitter:data1\" content=\"Sin existencias\" \/>\n<script type=\"application\/ld+json\" class=\"yoast-schema-graph\">{\"@context\":\"https:\/\/schema.org\",\"@graph\":[{\"@type\":\"WebPage\",\"@id\":\"https:\/\/fizzyvape.eu\/es\/producto\/fizzy-luxury-red-bull-15000-puffs\/\",\"url\":\"https:\/\/fizzyvape.eu\/es\/producto\/fizzy-luxury-red-bull-15000-puffs\/\",\"name\":\"Fizzy Luxury Red Bull - 15000 Puffs - fizzyvape.eu\",\"isPartOf\":{\"@id\":\"https:\/\/www.fizzyvape.eu\/es\/#website\"},\"primaryImageOfPage\":{\"@id\":\"https:\/\/fizzyvape.eu\/es\/producto\/fizzy-luxury-red-bull-15000-puffs\/#primaryimage\"},\"image\":{\"@id\":\"https:\/\/fizzyvape.eu\/es\/producto\/fizzy-luxury-red-bull-15000-puffs\/#primaryimage\"},\"thumbnailUrl\":\"https:\/\/fizzyvape.eu\/wp-content\/uploads\/2025\/03\/Fizzy-Luxury-Red-Bull-15000puff-.jpg\",\"datePublished\":\"2025-03-28T10:21:23+00:00\",\"breadcrumb\":{\"@id\":\"https:\/\/fizzyvape.eu\/es\/producto\/fizzy-luxury-red-bull-15000-puffs\/#breadcrumb\"},\"inLanguage\":\"es\",\"potentialAction\":[{\"@type\":\"ReadAction\",\"target\":[\"https:\/\/fizzyvape.eu\/es\/producto\/fizzy-luxury-red-bull-15000-puffs\/\"]}]},{\"@type\":\"ImageObject\",\"inLanguage\":\"es\",\"@id\":\"https:\/\/fizzyvape.eu\/es\/producto\/fizzy-luxury-red-bull-15000-puffs\/#primaryimage\",\"url\":\"https:\/\/fizzyvape.eu\/wp-content\/uploads\/2025\/03\/Fizzy-Luxury-Red-Bull-15000puff-.jpg\",\"contentUrl\":\"https:\/\/fizzyvape.eu\/wp-content\/uploads\/2025\/03\/Fizzy-Luxury-Red-Bull-15000puff-.jpg\",\"width\":1500,\"height\":1500,\"caption\":\"Fizzy-Luxury-Red-Bull-15000puff-\"},{\"@type\":\"BreadcrumbList\",\"@id\":\"https:\/\/fizzyvape.eu\/es\/producto\/fizzy-luxury-red-bull-15000-puffs\/#breadcrumb\",\"itemListElement\":[{\"@type\":\"ListItem\",\"position\":1,\"name\":\"Home\",\"item\":\"https:\/\/fizzyvape.eu\/es\/\"},{\"@type\":\"ListItem\",\"position\":2,\"name\":\"Tienda\",\"item\":\"https:\/\/www.fizzyvape.eu\/es\/tienda\/\"},{\"@type\":\"ListItem\",\"position\":3,\"name\":\"Fizzy Luxury Red Bull &#8211; 15000 Puffs\"}]},{\"@type\":\"WebSite\",\"@id\":\"https:\/\/www.fizzyvape.eu\/es\/#website\",\"url\":\"https:\/\/www.fizzyvape.eu\/es\/\",\"name\":\"fizzyvape.eu\",\"description\":\"Refreshing Vapes. Unforgettable Taste.\",\"publisher\":{\"@id\":\"https:\/\/www.fizzyvape.eu\/es\/#organization\"},\"potentialAction\":[{\"@type\":\"SearchAction\",\"target\":{\"@type\":\"EntryPoint\",\"urlTemplate\":\"https:\/\/www.fizzyvape.eu\/es\/?s={search_term_string}\"},\"query-input\":{\"@type\":\"PropertyValueSpecification\",\"valueRequired\":true,\"valueName\":\"search_term_string\"}}],\"inLanguage\":\"es\"},{\"@type\":\"Organization\",\"@id\":\"https:\/\/www.fizzyvape.eu\/es\/#organization\",\"name\":\"fizzyvape.eu\",\"url\":\"https:\/\/www.fizzyvape.eu\/es\/\",\"logo\":{\"@type\":\"ImageObject\",\"inLanguage\":\"es\",\"@id\":\"https:\/\/www.fizzyvape.eu\/es\/#\/schema\/logo\/image\/\",\"url\":\"https:\/\/fizzyvape.eu\/wp-content\/uploads\/2019\/06\/print-1.svg\",\"contentUrl\":\"https:\/\/fizzyvape.eu\/wp-content\/uploads\/2019\/06\/print-1.svg\",\"width\":124,\"height\":37,\"caption\":\"fizzyvape.eu\"},\"image\":{\"@id\":\"https:\/\/www.fizzyvape.eu\/es\/#\/schema\/logo\/image\/\"}}]}<\/script>\n<meta property=\"og:availability\" content=\"out of stock\" \/>\n<meta property=\"product:availability\" content=\"out of stock\" \/>\n<meta property=\"product:condition\" content=\"new\" \/>\n<!-- \/ Yoast SEO Premium plugin. -->","yoast_head_json":{"title":"Fizzy Luxury Red Bull - 15000 Puffs - fizzyvape.eu","robots":{"index":"index","follow":"follow","max-snippet":"max-snippet:-1","max-image-preview":"max-image-preview:large","max-video-preview":"max-video-preview:-1"},"canonical":"https:\/\/fizzyvape.eu\/es\/producto\/fizzy-luxury-red-bull-15000-puffs\/","og_locale":"es_ES","og_type":"article","og_title":"Fizzy Luxury Red Bull - 15000 Puffs","og_description":"Rec\u00e1rgate con Fizzy Luxury Red Bull 15000 Puffs, un vapeador desechable premium inspirado en las bebidas energ\u00e9ticas que proporciona 15.000 caladas suaves de sabor refrescante y efervescente, con un control preciso del flujo de aire y la revolucionaria tecnolog\u00eda de bobina de cuarzo.","og_url":"https:\/\/fizzyvape.eu\/es\/producto\/fizzy-luxury-red-bull-15000-puffs\/","og_site_name":"fizzyvape.eu","og_image":[{"width":1500,"height":1500,"url":"https:\/\/www.fizzyvape.eu\/wp-content\/uploads\/2025\/03\/Fizzy-Luxury-Red-Bull-15000puff-.jpg","type":"image\/jpeg"}],"twitter_card":"summary_large_image","twitter_misc":{"Disponibilidad":"Sin existencias"},"schema":{"@context":"https:\/\/schema.org","@graph":[{"@type":"WebPage","@id":"https:\/\/fizzyvape.eu\/es\/producto\/fizzy-luxury-red-bull-15000-puffs\/","url":"https:\/\/fizzyvape.eu\/es\/producto\/fizzy-luxury-red-bull-15000-puffs\/","name":"Fizzy Luxury Red Bull - 15000 Puffs - fizzyvape.eu","isPartOf":{"@id":"https:\/\/www.fizzyvape.eu\/es\/#website"},"primaryImageOfPage":{"@id":"https:\/\/fizzyvape.eu\/es\/producto\/fizzy-luxury-red-bull-15000-puffs\/#primaryimage"},"image":{"@id":"https:\/\/fizzyvape.eu\/es\/producto\/fizzy-luxury-red-bull-15000-puffs\/#primaryimage"},"thumbnailUrl":"https:\/\/fizzyvape.eu\/wp-content\/uploads\/2025\/03\/Fizzy-Luxury-Red-Bull-15000puff-.jpg","datePublished":"2025-03-28T10:21:23+00:00","breadcrumb":{"@id":"https:\/\/fizzyvape.eu\/es\/producto\/fizzy-luxury-red-bull-15000-puffs\/#breadcrumb"},"inLanguage":"es","potentialAction":[{"@type":"ReadAction","target":["https:\/\/fizzyvape.eu\/es\/producto\/fizzy-luxury-red-bull-15000-puffs\/"]}]},{"@type":"ImageObject","inLanguage":"es","@id":"https:\/\/fizzyvape.eu\/es\/producto\/fizzy-luxury-red-bull-15000-puffs\/#primaryimage","url":"https:\/\/fizzyvape.eu\/wp-content\/uploads\/2025\/03\/Fizzy-Luxury-Red-Bull-15000puff-.jpg","contentUrl":"https:\/\/fizzyvape.eu\/wp-content\/uploads\/2025\/03\/Fizzy-Luxury-Red-Bull-15000puff-.jpg","width":1500,"height":1500,"caption":"Fizzy-Luxury-Red-Bull-15000puff-"},{"@type":"BreadcrumbList","@id":"https:\/\/fizzyvape.eu\/es\/producto\/fizzy-luxury-red-bull-15000-puffs\/#breadcrumb","itemListElement":[{"@type":"ListItem","position":1,"name":"Home","item":"https:\/\/fizzyvape.eu\/es\/"},{"@type":"ListItem","position":2,"name":"Tienda","item":"https:\/\/www.fizzyvape.eu\/es\/tienda\/"},{"@type":"ListItem","position":3,"name":"Fizzy Luxury Red Bull &#8211; 15000 Puffs"}]},{"@type":"WebSite","@id":"https:\/\/www.fizzyvape.eu\/es\/#website","url":"https:\/\/www.fizzyvape.eu\/es\/","name":"fizzyvape.eu","description":"Refreshing Vapes. Unforgettable Taste.","publisher":{"@id":"https:\/\/www.fizzyvape.eu\/es\/#organization"},"potentialAction":[{"@type":"SearchAction","target":{"@type":"EntryPoint","urlTemplate":"https:\/\/www.fizzyvape.eu\/es\/?s={search_term_string}"},"query-input":{"@type":"PropertyValueSpecification","valueRequired":true,"valueName":"search_term_string"}}],"inLanguage":"es"},{"@type":"Organization","@id":"https:\/\/www.fizzyvape.eu\/es\/#organization","name":"fizzyvape.eu","url":"https:\/\/www.fizzyvape.eu\/es\/","logo":{"@type":"ImageObject","inLanguage":"es","@id":"https:\/\/www.fizzyvape.eu\/es\/#\/schema\/logo\/image\/","url":"https:\/\/fizzyvape.eu\/wp-content\/uploads\/2019\/06\/print-1.svg","contentUrl":"https:\/\/fizzyvape.eu\/wp-content\/uploads\/2019\/06\/print-1.svg","width":124,"height":37,"caption":"fizzyvape.eu"},"image":{"@id":"https:\/\/www.fizzyvape.eu\/es\/#\/schema\/logo\/image\/"}}]},"og_availability":"out of stock","product_availability":"out of stock","product_condition":"new"},"tiered_pricing_type":"fixed","tiered_pricing_fixed_rules":[],"tiered_pricing_product_settings":{"layout":"default","base_unit_name":{"singular":null,"plural":null},"default_variation":null},"tiered_pricing_minimum_quantity":null,"tiered_pricing_roles_data":[],"tiered_pricing_percentage_rules":[],"tiered_pricing_maximum_quantity":null,"tiered_pricing_quantity_step":null,"_links":{"self":[{"href":"https:\/\/fizzyvape.eu\/es\/wp-json\/wp\/v2\/product\/25870","targetHints":{"allow":["GET"]}}],"collection":[{"href":"https:\/\/fizzyvape.eu\/es\/wp-json\/wp\/v2\/product"}],"about":[{"href":"https:\/\/fizzyvape.eu\/es\/wp-json\/wp\/v2\/types\/product"}],"replies":[{"embeddable":true,"href":"https:\/\/fizzyvape.eu\/es\/wp-json\/wp\/v2\/comments?post=25870"}],"version-history":[{"count":0,"href":"https:\/\/fizzyvape.eu\/es\/wp-json\/wp\/v2\/product\/25870\/revisions"}],"wp:featuredmedia":[{"embeddable":true,"href":"https:\/\/fizzyvape.eu\/es\/wp-json\/wp\/v2\/media\/21296"}],"wp:attachment":[{"href":"https:\/\/fizzyvape.eu\/es\/wp-json\/wp\/v2\/media?parent=25870"}],"wp:term":[{"taxonomy":"product_brand","embeddable":true,"href":"https:\/\/fizzyvape.eu\/es\/wp-json\/wp\/v2\/product_brand?post=25870"},{"taxonomy":"product_cat","embeddable":true,"href":"https:\/\/fizzyvape.eu\/es\/wp-json\/wp\/v2\/product_cat?post=25870"},{"taxonomy":"product_tag","embeddable":true,"href":"https:\/\/fizzyvape.eu\/es\/wp-json\/wp\/v2\/product_tag?post=25870"}],"curies":[{"name":"wp","href":"https:\/\/api.w.org\/{rel}","templated":true}]}}