{"id":25930,"date":"2025-03-27T16:47:18","date_gmt":"2025-03-27T08:47:18","guid":{"rendered":"https:\/\/fizzyvape.eu\/product\/fizzy-boom-hielo-de-arandanos-13000-puffs\/"},"modified":"2025-03-27T16:47:18","modified_gmt":"2025-03-27T08:47:18","slug":"fizzy-boom-hielo-de-arandanos-13000-puffs","status":"publish","type":"product","link":"https:\/\/fizzyvape.eu\/es\/producto\/fizzy-boom-hielo-de-arandanos-13000-puffs\/","title":{"rendered":"Fizzy Boom Hielo de Ar\u00e1ndanos &#8211; 13000 Puffs"},"content":{"rendered":"<div>\n<h2><strong>Fizzy Boom Blueberry Ice 13000 Puffs &#8211; Vapeador desechable premium de ar\u00e1ndanos helados<\/strong><\/h2>\n<p>Experimenta la mezcla definitiva de jugosos ar\u00e1ndanos y frescor \u00e1rtico con <strong>Fizzy Boom Blueberry Ice 13000 Puffs<\/strong>. Este vapeador desechable de primera calidad combina el sabor dulce y maduro de los ar\u00e1ndanos con un intenso acabado helado, proporcionando una experiencia de vapeo suave y refrescante. <\/p>\n<h3><strong>\u00bfPor qu\u00e9 elegir Fizzy Boom Blueberry Ice 13000 Puffs?<\/strong><\/h3>\n<p>\ud83c\udf1f <strong>True Blueberry Bliss<\/strong> &#8211; Aut\u00e9ntico sabor a ar\u00e1ndanos silvestres <strong>sin regusto<\/strong> artificial<br \/>\n\u2744\ufe0f <strong>Intense Ice Chill<\/strong> &#8211; <strong>8\/10 de intensidad de enfriamiento<\/strong> para una <strong>explosi\u00f3n refrescante y helada<\/strong><br \/>\n\u26a1 <strong>Extended 13.000 Puffs<\/strong> &#8211; <strong>Dura 3-4 semanas<\/strong> (frente a los desechables est\u00e1ndar de 8.000 puffs)<br \/>\n\ud83d\udd0b <strong>Recargable por USB-C<\/strong> &#8211; <strong>No desperdicies e-l\u00edquido<\/strong>; disfruta de cada gota<br \/>\n\ud83d\udc8e <strong>Construcci\u00f3n Premium<\/strong> &#8211;   <strong>Boquilla ergon\u00f3mica, acabado mate y dise\u00f1o a prueba de fugas<\/strong><\/p>\n<h3>Contenido del paquete<\/h3>\n<p>1 \u00d7 Dispositivo Fizzy Boom Blueberry Ice 13000 Puffs<\/p>\n<\/div>\n<div>\n<h3>Especificaciones<\/h3>\n<table>\n<tbody>\n<tr>\n<td>Puffs<\/td>\n<td><strong>M\u00e1s de 13000 Puffs<\/strong><\/td>\n<\/tr>\n<tr>\n<td>Capacidad del e-l\u00edquido<\/td>\n<td><strong>21 ml<\/strong><\/td>\n<\/tr>\n<tr>\n<td>Capacidad de la bater\u00eda<\/td>\n<td><strong>650 mAh<\/strong><\/td>\n<\/tr>\n<tr>\n<td>Bobina de malla<\/td>\n<td><strong>1.4\u03a9<\/strong><\/td>\n<\/tr>\n<tr>\n<td>Tama\u00f1o<\/td>\n<td><strong>52,8*76,5*25 mm<\/strong><\/td>\n<\/tr>\n<tr>\n<td>Desechable o no<\/td>\n<td><strong>Desechable<\/strong><\/td>\n<\/tr>\n<tr>\n<td>M\u00e9todo de carga<\/td>\n<td><strong>Cable<\/strong><\/td>\n<\/tr>\n<tr>\n<td>M\u00e9todo de activaci\u00f3n<\/td>\n<td><strong>Sensor<\/strong><\/td>\n<\/tr>\n<tr>\n<td>Nivel de nicotina<\/td>\n<td><strong>2% (20mg\/mL) y 5% (50mg\/mL)<\/strong><\/td>\n<\/tr>\n<tr>\n<td>Sabores<\/td>\n<td><strong>12<\/strong><\/td>\n<\/tr>\n<tr>\n<td>Embalaje<\/td>\n<td><strong>1 paquete<\/strong><\/td>\n<\/tr>\n<tr>\n<td>Tiempo de carga<\/td>\n<td><strong>2 horas<\/strong><\/td>\n<\/tr>\n<tr>\n<td>Almacenamiento<\/td>\n<td><strong>Evita los entornos con altas temperaturas y gu\u00e1rdalo en un lugar fresco y seco.<\/strong><\/td>\n<\/tr>\n<tr>\n<td>Personas cuyo uso est\u00e1 prohibido<\/td>\n<td><strong>Menores, mujeres embarazadas y personas al\u00e9rgicas a los ingredientes del producto.<\/strong><\/td>\n<\/tr>\n<tr>\n<td>Precauci\u00f3n<\/td>\n<td><strong>No tragues esta sustancia. En caso de ingesti\u00f3n, enju\u00e1gate bien la boca inmediatamente. Si te encuentras mal, acude al m\u00e9dico.  <\/strong><\/td>\n<\/tr>\n<\/tbody>\n<\/table>\n<h3>Lista de sabores de <strong>Fizzy Boom <\/strong>13000 Puffs:<\/h3>\n<ol>\n<li><a href=\"https:\/\/fizzyvape.eu\/product\/fizzy-boom-peach-13000-puffs\/\">Melocot\u00f3n<\/a><\/li>\n<li><a href=\"https:\/\/fizzyvape.eu\/es\/producto\/fizzy-boom-hielo-de-arandanos-13000-puffs\/\">Hielo de ar\u00e1ndanos<\/a><\/li>\n<li><a href=\"https:\/\/fizzyvape.eu\/product\/fizzy-boom-grape-ice-13000-puffs\/\">Hielo de uva<\/a><\/li>\n<li><a href=\"https:\/\/fizzyvape.eu\/product\/fizzy-boom-strawberry-13000-puffs\/\">Fresa<\/a><\/li>\n<li><a href=\"https:\/\/fizzyvape.eu\/product\/fizzy-boom-watermelon-ice-13000-puffs\/\">Hielo de sand\u00eda<\/a><\/li>\n<li><a href=\"https:\/\/fizzyvape.eu\/es\/producto\/fizzy-boom-chicle-de-sandia-y-arandanos-13000-puffs\/\">Ar\u00e1ndano Sand\u00eda Chicle<\/a><\/li>\n<li><a href=\"https:\/\/fizzyvape.eu\/product\/fizzy-boom-sour-apple-13000-puffs\/\">Manzana \u00e1cida<\/a><\/li>\n<li><a href=\"https:\/\/fizzyvape.eu\/product\/fizzy-boom-watermelon-cherry-13000-puffs\/\">Sand\u00eda Cereza<\/a><\/li>\n<li><a href=\"https:\/\/fizzyvape.eu\/product\/fizzy-boom-blueberry-melon-13000-puffs\/\">Ar\u00e1ndano Mel\u00f3n<\/a><\/li>\n<li><a href=\"https:\/\/fizzyvape.eu\/product\/fizzy-boom-kiwi-berry-ice-13000-puffs\/\">Hielo de kiwi y bayas<\/a><\/li>\n<li><a href=\"https:\/\/fizzyvape.eu\/product\/fizzy-boom-blueberry-raspberry-lemon-13000-puffs\/\">Ar\u00e1ndano Frambuesa Lim\u00f3n<\/a><\/li>\n<li><a href=\"https:\/\/fizzyvape.eu\/product\/fizzy-boom-strawberry-watermelon-pomegranate-13000-puffs\/\">Fresa Sand\u00eda Granada<\/a><\/li>\n<\/ol>\n<h3>Preguntas frecuentes sobre Fizzy Boom Blueberry Ice 13000 Puffs Vape<\/h3>\n<ol start=\"1\">\n<li><strong>\u00bfCu\u00e1nto me durar\u00e1 un dispositivo Fizzy Boom Peach?<\/strong><br \/>\nCon 13.000 caladas, este dispositivo suele durar de 3 a 4 semanas para los vapeadores medios. La capacidad de 21 ml de e-l\u00edquido y la bater\u00eda recargable de 650 mAh garantizan un uso prolongado entre cargas. <\/li>\n<li><strong>\u00bfEl sabor del melocot\u00f3n es muy dulce?<\/strong><br \/>\nNuestro sabor a melocot\u00f3n est\u00e1 perfectamente equilibrado: ofrece un dulzor natural de melocot\u00f3n (no parecido al caramelo) con un refrescante acabado helado. El doble perfil de sabor garantiza que no sea excesivamente dulce, sin dejar de ser satisfactorio. <\/li>\n<li><strong>\u00bfC\u00f3mo de fuerte es el efecto de enfriamiento del hielo?<\/strong><br \/>\nEl nivel de hielo es de 7\/10: notablemente refrescante pero no abrumador. Proporciona un equilibrio perfecto con el sabor dulce del melocot\u00f3n, por lo que es ideal para vapear todo el d\u00eda. <\/li>\n<li><strong>\u00bfQu\u00e9 lo diferencia de otros vaporizadores desechables de melocot\u00f3n?<\/strong><br \/>\nFizzy Boom Peach destaca porque:<\/li>\n<\/ol>\n<ul>\n<li>Mayor n\u00famero de caladas (13.000 frente a las t\u00edpicas 8.000)<\/li>\n<li>Perfil premium de doble sabor (melocot\u00f3n + hielo)<\/li>\n<li>Mayor capacidad de e-l\u00edquido de 21mL<\/li>\n<li>Bater\u00eda recargable USB-C<\/li>\n<li>Boquilla curvada ergon\u00f3mica para mayor comodidad<\/li>\n<\/ul>\n<ol start=\"5\">\n<li><strong>\u00bfEste aparato es f\u00e1cil de usar para los principiantes?<\/strong><br \/>\n\u00a1Por supuesto! El Fizzy Boom Peach se activa con una jeringuilla, sin botones ni ajustes. Simplemente inhala para disfrutar, perfecto tanto para vapeadores nuevos como experimentados.  <\/li>\n<\/ol>\n<\/div>\n","protected":false},"excerpt":{"rendered":"<p><strong>Fizzy Boom Hielo de Ar\u00e1ndanos 13000 caladas<\/strong>: Sum\u00e9rgete en la aut\u00e9ntica felicidad del ar\u00e1ndano con este vaporizador desechable de primera calidad, con aut\u00e9ntico sabor a ar\u00e1ndano silvestre y un intenso fr\u00edo de hielo \u00e1rtico para un refresco definitivo.<\/p>\n","protected":false},"featured_media":21168,"comment_status":"open","ping_status":"closed","template":"","meta":{"iawp_total_views":0},"product_brand":[],"product_cat":[302],"product_tag":[303],"class_list":{"0":"post-25930","1":"product","2":"type-product","3":"status-publish","4":"has-post-thumbnail","6":"product_cat-boom-es","7":"product_tag-13000-puffs-es","9":"first","10":"outofstock","11":"shipping-taxable","12":"purchasable","13":"product-type-variable"},"yoast_head":"<!-- This site is optimized with the Yoast SEO Premium plugin v24.8 (Yoast SEO v24.8) - https:\/\/yoast.com\/wordpress\/plugins\/seo\/ -->\n<title>Fizzy Boom Hielo de Ar\u00e1ndanos - 13000 Puffs - fizzyvape.eu<\/title>\n<meta name=\"robots\" content=\"index, follow, max-snippet:-1, max-image-preview:large, max-video-preview:-1\" \/>\n<link rel=\"canonical\" href=\"https:\/\/fizzyvape.eu\/es\/producto\/fizzy-boom-hielo-de-arandanos-13000-puffs\/\" \/>\n<meta property=\"og:locale\" content=\"es_ES\" \/>\n<meta property=\"og:type\" content=\"article\" \/>\n<meta property=\"og:title\" content=\"Fizzy Boom Hielo de Ar\u00e1ndanos - 13000 Puffs\" \/>\n<meta property=\"og:description\" content=\"Fizzy Boom Hielo de Ar\u00e1ndanos 13000 caladas: Sum\u00e9rgete en la aut\u00e9ntica felicidad del ar\u00e1ndano con este vaporizador desechable de primera calidad, con aut\u00e9ntico sabor a ar\u00e1ndano silvestre y un intenso fr\u00edo de hielo \u00e1rtico para un refresco definitivo.\" \/>\n<meta property=\"og:url\" content=\"https:\/\/fizzyvape.eu\/es\/producto\/fizzy-boom-hielo-de-arandanos-13000-puffs\/\" \/>\n<meta property=\"og:site_name\" content=\"fizzyvape.eu\" \/>\n<meta property=\"og:image\" content=\"https:\/\/www.fizzyvape.eu\/wp-content\/uploads\/2025\/03\/FizzyVape-Boom-Blueberry-Ice-13000puff-3.jpg\" \/>\n\t<meta property=\"og:image:width\" content=\"1500\" \/>\n\t<meta property=\"og:image:height\" content=\"1500\" \/>\n\t<meta property=\"og:image:type\" content=\"image\/jpeg\" \/>\n<meta name=\"twitter:card\" content=\"summary_large_image\" \/>\n<meta name=\"twitter:label1\" content=\"Disponibilidad\" \/>\n\t<meta name=\"twitter:data1\" content=\"Sin existencias\" \/>\n<script type=\"application\/ld+json\" class=\"yoast-schema-graph\">{\"@context\":\"https:\/\/schema.org\",\"@graph\":[{\"@type\":\"WebPage\",\"@id\":\"https:\/\/fizzyvape.eu\/es\/producto\/fizzy-boom-hielo-de-arandanos-13000-puffs\/\",\"url\":\"https:\/\/fizzyvape.eu\/es\/producto\/fizzy-boom-hielo-de-arandanos-13000-puffs\/\",\"name\":\"Fizzy Boom Hielo de Ar\u00e1ndanos - 13000 Puffs - fizzyvape.eu\",\"isPartOf\":{\"@id\":\"https:\/\/www.fizzyvape.eu\/es\/#website\"},\"primaryImageOfPage\":{\"@id\":\"https:\/\/fizzyvape.eu\/es\/producto\/fizzy-boom-hielo-de-arandanos-13000-puffs\/#primaryimage\"},\"image\":{\"@id\":\"https:\/\/fizzyvape.eu\/es\/producto\/fizzy-boom-hielo-de-arandanos-13000-puffs\/#primaryimage\"},\"thumbnailUrl\":\"https:\/\/fizzyvape.eu\/wp-content\/uploads\/2025\/03\/FizzyVape-Boom-Blueberry-Ice-13000puff-3.jpg\",\"datePublished\":\"2025-03-27T08:47:18+00:00\",\"breadcrumb\":{\"@id\":\"https:\/\/fizzyvape.eu\/es\/producto\/fizzy-boom-hielo-de-arandanos-13000-puffs\/#breadcrumb\"},\"inLanguage\":\"es\",\"potentialAction\":[{\"@type\":\"ReadAction\",\"target\":[\"https:\/\/fizzyvape.eu\/es\/producto\/fizzy-boom-hielo-de-arandanos-13000-puffs\/\"]}]},{\"@type\":\"ImageObject\",\"inLanguage\":\"es\",\"@id\":\"https:\/\/fizzyvape.eu\/es\/producto\/fizzy-boom-hielo-de-arandanos-13000-puffs\/#primaryimage\",\"url\":\"https:\/\/fizzyvape.eu\/wp-content\/uploads\/2025\/03\/FizzyVape-Boom-Blueberry-Ice-13000puff-3.jpg\",\"contentUrl\":\"https:\/\/fizzyvape.eu\/wp-content\/uploads\/2025\/03\/FizzyVape-Boom-Blueberry-Ice-13000puff-3.jpg\",\"width\":1500,\"height\":1500,\"caption\":\"FizzyVape-Boom-Ar\u00e1ndano-Hielo-13000puff\"},{\"@type\":\"BreadcrumbList\",\"@id\":\"https:\/\/fizzyvape.eu\/es\/producto\/fizzy-boom-hielo-de-arandanos-13000-puffs\/#breadcrumb\",\"itemListElement\":[{\"@type\":\"ListItem\",\"position\":1,\"name\":\"Home\",\"item\":\"https:\/\/fizzyvape.eu\/es\/\"},{\"@type\":\"ListItem\",\"position\":2,\"name\":\"Tienda\",\"item\":\"https:\/\/www.fizzyvape.eu\/es\/tienda\/\"},{\"@type\":\"ListItem\",\"position\":3,\"name\":\"Fizzy Boom Hielo de Ar\u00e1ndanos &#8211; 13000 Puffs\"}]},{\"@type\":\"WebSite\",\"@id\":\"https:\/\/www.fizzyvape.eu\/es\/#website\",\"url\":\"https:\/\/www.fizzyvape.eu\/es\/\",\"name\":\"fizzyvape.eu\",\"description\":\"Refreshing Vapes. Unforgettable Taste.\",\"publisher\":{\"@id\":\"https:\/\/www.fizzyvape.eu\/es\/#organization\"},\"potentialAction\":[{\"@type\":\"SearchAction\",\"target\":{\"@type\":\"EntryPoint\",\"urlTemplate\":\"https:\/\/www.fizzyvape.eu\/es\/?s={search_term_string}\"},\"query-input\":{\"@type\":\"PropertyValueSpecification\",\"valueRequired\":true,\"valueName\":\"search_term_string\"}}],\"inLanguage\":\"es\"},{\"@type\":\"Organization\",\"@id\":\"https:\/\/www.fizzyvape.eu\/es\/#organization\",\"name\":\"fizzyvape.eu\",\"url\":\"https:\/\/www.fizzyvape.eu\/es\/\",\"logo\":{\"@type\":\"ImageObject\",\"inLanguage\":\"es\",\"@id\":\"https:\/\/www.fizzyvape.eu\/es\/#\/schema\/logo\/image\/\",\"url\":\"https:\/\/fizzyvape.eu\/wp-content\/uploads\/2019\/06\/print-1.svg\",\"contentUrl\":\"https:\/\/fizzyvape.eu\/wp-content\/uploads\/2019\/06\/print-1.svg\",\"width\":124,\"height\":37,\"caption\":\"fizzyvape.eu\"},\"image\":{\"@id\":\"https:\/\/www.fizzyvape.eu\/es\/#\/schema\/logo\/image\/\"}}]}<\/script>\n<meta property=\"og:availability\" content=\"out of stock\" \/>\n<meta property=\"product:availability\" content=\"out of stock\" \/>\n<meta property=\"product:condition\" content=\"new\" \/>\n<!-- \/ Yoast SEO Premium plugin. -->","yoast_head_json":{"title":"Fizzy Boom Hielo de Ar\u00e1ndanos - 13000 Puffs - fizzyvape.eu","robots":{"index":"index","follow":"follow","max-snippet":"max-snippet:-1","max-image-preview":"max-image-preview:large","max-video-preview":"max-video-preview:-1"},"canonical":"https:\/\/fizzyvape.eu\/es\/producto\/fizzy-boom-hielo-de-arandanos-13000-puffs\/","og_locale":"es_ES","og_type":"article","og_title":"Fizzy Boom Hielo de Ar\u00e1ndanos - 13000 Puffs","og_description":"Fizzy Boom Hielo de Ar\u00e1ndanos 13000 caladas: Sum\u00e9rgete en la aut\u00e9ntica felicidad del ar\u00e1ndano con este vaporizador desechable de primera calidad, con aut\u00e9ntico sabor a ar\u00e1ndano silvestre y un intenso fr\u00edo de hielo \u00e1rtico para un refresco definitivo.","og_url":"https:\/\/fizzyvape.eu\/es\/producto\/fizzy-boom-hielo-de-arandanos-13000-puffs\/","og_site_name":"fizzyvape.eu","og_image":[{"width":1500,"height":1500,"url":"https:\/\/www.fizzyvape.eu\/wp-content\/uploads\/2025\/03\/FizzyVape-Boom-Blueberry-Ice-13000puff-3.jpg","type":"image\/jpeg"}],"twitter_card":"summary_large_image","twitter_misc":{"Disponibilidad":"Sin existencias"},"schema":{"@context":"https:\/\/schema.org","@graph":[{"@type":"WebPage","@id":"https:\/\/fizzyvape.eu\/es\/producto\/fizzy-boom-hielo-de-arandanos-13000-puffs\/","url":"https:\/\/fizzyvape.eu\/es\/producto\/fizzy-boom-hielo-de-arandanos-13000-puffs\/","name":"Fizzy Boom Hielo de Ar\u00e1ndanos - 13000 Puffs - fizzyvape.eu","isPartOf":{"@id":"https:\/\/www.fizzyvape.eu\/es\/#website"},"primaryImageOfPage":{"@id":"https:\/\/fizzyvape.eu\/es\/producto\/fizzy-boom-hielo-de-arandanos-13000-puffs\/#primaryimage"},"image":{"@id":"https:\/\/fizzyvape.eu\/es\/producto\/fizzy-boom-hielo-de-arandanos-13000-puffs\/#primaryimage"},"thumbnailUrl":"https:\/\/fizzyvape.eu\/wp-content\/uploads\/2025\/03\/FizzyVape-Boom-Blueberry-Ice-13000puff-3.jpg","datePublished":"2025-03-27T08:47:18+00:00","breadcrumb":{"@id":"https:\/\/fizzyvape.eu\/es\/producto\/fizzy-boom-hielo-de-arandanos-13000-puffs\/#breadcrumb"},"inLanguage":"es","potentialAction":[{"@type":"ReadAction","target":["https:\/\/fizzyvape.eu\/es\/producto\/fizzy-boom-hielo-de-arandanos-13000-puffs\/"]}]},{"@type":"ImageObject","inLanguage":"es","@id":"https:\/\/fizzyvape.eu\/es\/producto\/fizzy-boom-hielo-de-arandanos-13000-puffs\/#primaryimage","url":"https:\/\/fizzyvape.eu\/wp-content\/uploads\/2025\/03\/FizzyVape-Boom-Blueberry-Ice-13000puff-3.jpg","contentUrl":"https:\/\/fizzyvape.eu\/wp-content\/uploads\/2025\/03\/FizzyVape-Boom-Blueberry-Ice-13000puff-3.jpg","width":1500,"height":1500,"caption":"FizzyVape-Boom-Ar\u00e1ndano-Hielo-13000puff"},{"@type":"BreadcrumbList","@id":"https:\/\/fizzyvape.eu\/es\/producto\/fizzy-boom-hielo-de-arandanos-13000-puffs\/#breadcrumb","itemListElement":[{"@type":"ListItem","position":1,"name":"Home","item":"https:\/\/fizzyvape.eu\/es\/"},{"@type":"ListItem","position":2,"name":"Tienda","item":"https:\/\/www.fizzyvape.eu\/es\/tienda\/"},{"@type":"ListItem","position":3,"name":"Fizzy Boom Hielo de Ar\u00e1ndanos &#8211; 13000 Puffs"}]},{"@type":"WebSite","@id":"https:\/\/www.fizzyvape.eu\/es\/#website","url":"https:\/\/www.fizzyvape.eu\/es\/","name":"fizzyvape.eu","description":"Refreshing Vapes. Unforgettable Taste.","publisher":{"@id":"https:\/\/www.fizzyvape.eu\/es\/#organization"},"potentialAction":[{"@type":"SearchAction","target":{"@type":"EntryPoint","urlTemplate":"https:\/\/www.fizzyvape.eu\/es\/?s={search_term_string}"},"query-input":{"@type":"PropertyValueSpecification","valueRequired":true,"valueName":"search_term_string"}}],"inLanguage":"es"},{"@type":"Organization","@id":"https:\/\/www.fizzyvape.eu\/es\/#organization","name":"fizzyvape.eu","url":"https:\/\/www.fizzyvape.eu\/es\/","logo":{"@type":"ImageObject","inLanguage":"es","@id":"https:\/\/www.fizzyvape.eu\/es\/#\/schema\/logo\/image\/","url":"https:\/\/fizzyvape.eu\/wp-content\/uploads\/2019\/06\/print-1.svg","contentUrl":"https:\/\/fizzyvape.eu\/wp-content\/uploads\/2019\/06\/print-1.svg","width":124,"height":37,"caption":"fizzyvape.eu"},"image":{"@id":"https:\/\/www.fizzyvape.eu\/es\/#\/schema\/logo\/image\/"}}]},"og_availability":"out of stock","product_availability":"out of stock","product_condition":"new"},"tiered_pricing_type":"fixed","tiered_pricing_fixed_rules":[],"tiered_pricing_product_settings":{"layout":"default","base_unit_name":{"singular":null,"plural":null},"default_variation":null},"tiered_pricing_minimum_quantity":null,"tiered_pricing_roles_data":[],"tiered_pricing_percentage_rules":[],"tiered_pricing_maximum_quantity":null,"tiered_pricing_quantity_step":null,"_links":{"self":[{"href":"https:\/\/fizzyvape.eu\/es\/wp-json\/wp\/v2\/product\/25930","targetHints":{"allow":["GET"]}}],"collection":[{"href":"https:\/\/fizzyvape.eu\/es\/wp-json\/wp\/v2\/product"}],"about":[{"href":"https:\/\/fizzyvape.eu\/es\/wp-json\/wp\/v2\/types\/product"}],"replies":[{"embeddable":true,"href":"https:\/\/fizzyvape.eu\/es\/wp-json\/wp\/v2\/comments?post=25930"}],"version-history":[{"count":0,"href":"https:\/\/fizzyvape.eu\/es\/wp-json\/wp\/v2\/product\/25930\/revisions"}],"wp:featuredmedia":[{"embeddable":true,"href":"https:\/\/fizzyvape.eu\/es\/wp-json\/wp\/v2\/media\/21168"}],"wp:attachment":[{"href":"https:\/\/fizzyvape.eu\/es\/wp-json\/wp\/v2\/media?parent=25930"}],"wp:term":[{"taxonomy":"product_brand","embeddable":true,"href":"https:\/\/fizzyvape.eu\/es\/wp-json\/wp\/v2\/product_brand?post=25930"},{"taxonomy":"product_cat","embeddable":true,"href":"https:\/\/fizzyvape.eu\/es\/wp-json\/wp\/v2\/product_cat?post=25930"},{"taxonomy":"product_tag","embeddable":true,"href":"https:\/\/fizzyvape.eu\/es\/wp-json\/wp\/v2\/product_tag?post=25930"}],"curies":[{"name":"wp","href":"https:\/\/api.w.org\/{rel}","templated":true}]}}