{"id":26074,"date":"2025-03-28T10:52:08","date_gmt":"2025-03-28T02:52:08","guid":{"rendered":"https:\/\/fizzyvape.eu\/product\/fizzy-boom-arandano-melon-13000-puffs\/"},"modified":"2025-03-28T10:52:08","modified_gmt":"2025-03-28T02:52:08","slug":"fizzy-boom-arandano-melon-13000-puffs","status":"publish","type":"product","link":"https:\/\/fizzyvape.eu\/es\/producto\/fizzy-boom-arandano-melon-13000-puffs\/","title":{"rendered":"Fizzy Boom Ar\u00e1ndano Mel\u00f3n &#8211; 13000 Puffs"},"content":{"rendered":"<div>\n<h2><strong>Fizzy Boom Blueberry Melon 13000 Puffs &#8211; Vapeador desechable premium fusi\u00f3n de bayas y mel\u00f3n<\/strong><\/h2>\n<p>Del\u00e9itate con la perfecta armon\u00eda de los sabores m\u00e1s jugosos de la naturaleza con <strong>las 13000 caladas de Fizzy Boom Blueberry Melon<\/strong>. Este vape desechable de calidad superior combina la acidez del ar\u00e1ndano, rica en antioxidantes, con la dulzura melosa del mel\u00f3n dulce, y termina con una refrescante exhalaci\u00f3n helada (nivel de enfriamiento 5\/10). Disfruta de <strong>13.000 caladas ultrasuaves<\/strong> de e-l\u00edquido salino premium con un 5% de nicotina, en un dise\u00f1o elegante y apto para el bolsillo, con <strong>doble bobina de malla<\/strong> para un m\u00e1ximo sabor y producci\u00f3n de nubes.  <\/p>\n<h3><strong>\u00bfPor qu\u00e9 elegir Fizzy Boom Sand\u00eda Cereza 13000 Puffs?<\/strong><\/h3>\n<p>\ud83d\udd35 <strong>True Fruit Fusion<\/strong> &#8211; 60% de acidez de ar\u00e1ndanos maduros y 40% de dulzor de mel\u00f3n dulce (sin regusto artificial)<br \/>\n\u2744\ufe0f <strong>Sutil final helado<\/strong> &#8211; 5\/10 El nivel de enfriamiento refresca sin opacar los sabores frutales<br \/>\n\u26a1 <strong>Rendimiento ampliado<\/strong> &#8211; Dura 3-4 semanas (frente a los dispositivos est\u00e1ndar de 7.000 caladas)<br \/>\n\ud83d\udd0b <strong>Carga inteligente<\/strong>: recargable por USB-C para aprovechar al m\u00e1ximo los 21 ml de e-l\u00edquido<br \/>\n\ud83d\udc8e <strong>Dise\u00f1o premium<\/strong> &#8211; Acabado degradado mate con boquilla ergon\u00f3mica y cierre herm\u00e9tico <\/p>\n<h3><strong>Opciones de nicotina:<\/strong><\/h3>\n<p>&#8211; 2% (20mg\/mL) &#8211; Experiencia suave para vapeadores ocasionales<br \/>\n&#8211; 5% (50mg\/mL) &#8211; Golpe de garganta satisfactorio para antiguos fumadores<\/p>\n<\/div>\n<div>\n<h3>Especificaciones<\/h3>\n<table>\n<tbody>\n<tr>\n<td>Puffs<\/td>\n<td><strong>M\u00e1s de 13000 Puffs<\/strong><\/td>\n<\/tr>\n<tr>\n<td>Capacidad del e-l\u00edquido<\/td>\n<td><strong>21 ml<\/strong><\/td>\n<\/tr>\n<tr>\n<td>Capacidad de la bater\u00eda<\/td>\n<td><strong>650 mAh<\/strong><\/td>\n<\/tr>\n<tr>\n<td>Bobina de malla<\/td>\n<td><strong>1.4\u03a9<\/strong><\/td>\n<\/tr>\n<tr>\n<td>Tama\u00f1o<\/td>\n<td><strong>52,8*76,5*25 mm<\/strong><\/td>\n<\/tr>\n<tr>\n<td>Desechable o no<\/td>\n<td><strong>Desechable<\/strong><\/td>\n<\/tr>\n<tr>\n<td>M\u00e9todo de carga<\/td>\n<td><strong>Cable<\/strong><\/td>\n<\/tr>\n<tr>\n<td>M\u00e9todo de activaci\u00f3n<\/td>\n<td><strong>Sensor<\/strong><\/td>\n<\/tr>\n<tr>\n<td>Nivel de nicotina<\/td>\n<td><strong>2% (20mg\/mL) y 5% (50mg\/mL)<\/strong><\/td>\n<\/tr>\n<tr>\n<td>Sabores<\/td>\n<td><strong>12<\/strong><\/td>\n<\/tr>\n<tr>\n<td>Embalaje<\/td>\n<td><strong>1 paquete<\/strong><\/td>\n<\/tr>\n<tr>\n<td>Tiempo de carga<\/td>\n<td><strong>2 horas<\/strong><\/td>\n<\/tr>\n<tr>\n<td>Almacenamiento<\/td>\n<td><strong>Evita los entornos con altas temperaturas y gu\u00e1rdalo en un lugar fresco y seco.<\/strong><\/td>\n<\/tr>\n<tr>\n<td>Personas cuyo uso est\u00e1 prohibido<\/td>\n<td><strong>Menores, mujeres embarazadas y personas al\u00e9rgicas a los ingredientes del producto.<\/strong><\/td>\n<\/tr>\n<tr>\n<td>Precauci\u00f3n<\/td>\n<td><strong>No tragues esta sustancia. En caso de ingesti\u00f3n, enju\u00e1gate bien la boca inmediatamente. Si te encuentras mal, acude al m\u00e9dico.  <\/strong><\/td>\n<\/tr>\n<\/tbody>\n<\/table>\n<h3>Lista de sabores de <strong>Fizzy Boom <\/strong>13000 Puffs:<\/h3>\n<ol>\n<li><a href=\"https:\/\/fizzyvape.eu\/product\/fizzy-boom-peach-13000-puffs\/\">Melocot\u00f3n<\/a><\/li>\n<li><a href=\"https:\/\/fizzyvape.eu\/es\/producto\/fizzy-boom-hielo-de-arandanos-13000-puffs\/\">Hielo de ar\u00e1ndanos<\/a><\/li>\n<li><a href=\"https:\/\/fizzyvape.eu\/es\/producto\/fizzy-boom-uva-helada-13000-puffs\/\">Hielo de uva<\/a><\/li>\n<li><a href=\"https:\/\/fizzyvape.eu\/es\/producto\/fizzy-boom-fresa-13000-puffs\/\">Fresa<\/a><\/li>\n<li><a href=\"https:\/\/fizzyvape.eu\/es\/producto\/fizzy-boom-sandia-helada-13000-puffs\/\">Hielo de sand\u00eda<\/a><\/li>\n<li><a href=\"https:\/\/fizzyvape.eu\/es\/producto\/fizzy-boom-chicle-de-sandia-y-arandanos-13000-puffs\/\">Ar\u00e1ndano Sand\u00eda Chicle<\/a><\/li>\n<li><a href=\"https:\/\/fizzyvape.eu\/es\/producto\/fizzy-boom-manzana-acida-13000-puffs\/\">Manzana \u00e1cida<\/a><\/li>\n<li><a href=\"https:\/\/fizzyvape.eu\/es\/producto\/fizzy-boom-sandia-cereza-13000-puffs\/\">Sand\u00eda Cereza<\/a><\/li>\n<li><a href=\"https:\/\/fizzyvape.eu\/es\/producto\/fizzy-boom-arandano-melon-13000-puffs\/\">Ar\u00e1ndano Mel\u00f3n<\/a><\/li>\n<li><a href=\"https:\/\/fizzyvape.eu\/product\/fizzy-boom-kiwi-berry-ice-13000-puffs\/\">Hielo de kiwi y bayas<\/a><\/li>\n<li><a href=\"https:\/\/fizzyvape.eu\/product\/fizzy-boom-blueberry-raspberry-lemon-13000-puffs\/\">Ar\u00e1ndano Frambuesa Lim\u00f3n<\/a><\/li>\n<li><a href=\"https:\/\/fizzyvape.eu\/product\/fizzy-boom-strawberry-watermelon-pomegranate-13000-puffs\/\">Fresa Sand\u00eda Granada<\/a><\/li>\n<\/ol>\n<h3>Preguntas frecuentes sobre Fizzy Boom Blueberry Melon 13000 Puffs Vape<\/h3>\n<p><strong>  1.\u00bfC\u00f3mo se compara con otros vapes de bayas?<\/strong><\/p>\n<p>Nuestra exclusiva proporci\u00f3n 60\/40 de ar\u00e1ndanos y mel\u00f3n crea un perfil de sabor m\u00e1s sofisticado que los vapes de bayas de una sola nota, con el frescor helado justo (5\/10) para mejorar la experiencia.<\/p>\n<p><strong>2.\u00bfCu\u00e1nto dura un aparato?<\/strong><\/p>\n<p>Con 13.000 caladas, la mayor\u00eda de los usuarios disfrutan de 3-4 semanas de uso. La bater\u00eda de 650 mAh admite 2-3 cargas completas para agotar completamente el e-l\u00edquido de 21 ml. <\/p>\n<p><strong>  3.\u00bfQu\u00e9 potencia de nicotina debo elegir?<\/strong><\/p>\n<p>El <strong>2% (20mg\/mL)<\/strong> es ideal para principiantes o fumadores ocasionales que desean una experiencia m\u00e1s suave. El <strong>5% (50mg\/mL)<\/strong> satisface mejor las ansias de los ex fumadores. Ambos utilizan sales de nicotina de primera calidad. <\/p>\n<p><strong>4.\u00bfEl sabor es constante a lo largo del uso?<\/strong><\/p>\n<p>\u00a1S\u00ed! Nuestra tecnolog\u00eda de doble bobina de malla mantiene la integridad del sabor a lo largo de las 13.000 caladas, y el 94% de los probadores afirman que no tienen sabor a quemado. <\/p>\n<\/div>\n","protected":false},"excerpt":{"rendered":"<p>Fizzy Boom Ar\u00e1ndano Mel\u00f3n 13000 caladas: Experimenta la perfecta armon\u00eda del \u00e1cido ar\u00e1ndano y el dulce mel\u00f3n con un sutil acabado helado en este vapeador recargable desechable de larga duraci\u00f3n. Disponible en 2% y 5% de nicotina. <\/p>\n","protected":false},"featured_media":21080,"comment_status":"open","ping_status":"closed","template":"","meta":{"iawp_total_views":0},"product_brand":[],"product_cat":[302],"product_tag":[303],"class_list":{"0":"post-26074","1":"product","2":"type-product","3":"status-publish","4":"has-post-thumbnail","6":"product_cat-boom-es","7":"product_tag-13000-puffs-es","9":"first","10":"outofstock","11":"shipping-taxable","12":"purchasable","13":"product-type-variable"},"yoast_head":"<!-- This site is optimized with the Yoast SEO Premium plugin v24.8 (Yoast SEO v24.8) - https:\/\/yoast.com\/wordpress\/plugins\/seo\/ -->\n<title>Fizzy Boom Ar\u00e1ndano Mel\u00f3n - 13000 Puffs - fizzyvape.eu<\/title>\n<meta name=\"robots\" content=\"index, follow, max-snippet:-1, max-image-preview:large, max-video-preview:-1\" \/>\n<link rel=\"canonical\" href=\"https:\/\/fizzyvape.eu\/es\/producto\/fizzy-boom-arandano-melon-13000-puffs\/\" \/>\n<meta property=\"og:locale\" content=\"es_ES\" \/>\n<meta property=\"og:type\" content=\"article\" \/>\n<meta property=\"og:title\" content=\"Fizzy Boom Ar\u00e1ndano Mel\u00f3n - 13000 Puffs\" \/>\n<meta property=\"og:description\" content=\"Fizzy Boom Ar\u00e1ndano Mel\u00f3n 13000 caladas: Experimenta la perfecta armon\u00eda del \u00e1cido ar\u00e1ndano y el dulce mel\u00f3n con un sutil acabado helado en este vapeador recargable desechable de larga duraci\u00f3n. Disponible en 2% y 5% de nicotina.\" \/>\n<meta property=\"og:url\" content=\"https:\/\/fizzyvape.eu\/es\/producto\/fizzy-boom-arandano-melon-13000-puffs\/\" \/>\n<meta property=\"og:site_name\" content=\"fizzyvape.eu\" \/>\n<meta property=\"og:image\" content=\"https:\/\/fizzyvape.eu\/wp-content\/uploads\/2025\/03\/FizzyVape-Boom-Blueberry-Melon-13000puff-4.jpg\" \/>\n\t<meta property=\"og:image:width\" content=\"1500\" \/>\n\t<meta property=\"og:image:height\" content=\"1500\" \/>\n\t<meta property=\"og:image:type\" content=\"image\/jpeg\" \/>\n<meta name=\"twitter:card\" content=\"summary_large_image\" \/>\n<meta name=\"twitter:label1\" content=\"Disponibilidad\" \/>\n\t<meta name=\"twitter:data1\" content=\"Sin existencias\" \/>\n<script type=\"application\/ld+json\" class=\"yoast-schema-graph\">{\"@context\":\"https:\/\/schema.org\",\"@graph\":[{\"@type\":\"WebPage\",\"@id\":\"https:\/\/fizzyvape.eu\/es\/producto\/fizzy-boom-arandano-melon-13000-puffs\/\",\"url\":\"https:\/\/fizzyvape.eu\/es\/producto\/fizzy-boom-arandano-melon-13000-puffs\/\",\"name\":\"Fizzy Boom Ar\u00e1ndano Mel\u00f3n - 13000 Puffs - fizzyvape.eu\",\"isPartOf\":{\"@id\":\"https:\/\/www.fizzyvape.eu\/es\/#website\"},\"primaryImageOfPage\":{\"@id\":\"https:\/\/fizzyvape.eu\/es\/producto\/fizzy-boom-arandano-melon-13000-puffs\/#primaryimage\"},\"image\":{\"@id\":\"https:\/\/fizzyvape.eu\/es\/producto\/fizzy-boom-arandano-melon-13000-puffs\/#primaryimage\"},\"thumbnailUrl\":\"https:\/\/fizzyvape.eu\/wp-content\/uploads\/2025\/03\/FizzyVape-Boom-Blueberry-Melon-13000puff-4.jpg\",\"datePublished\":\"2025-03-28T02:52:08+00:00\",\"breadcrumb\":{\"@id\":\"https:\/\/fizzyvape.eu\/es\/producto\/fizzy-boom-arandano-melon-13000-puffs\/#breadcrumb\"},\"inLanguage\":\"es\",\"potentialAction\":[{\"@type\":\"ReadAction\",\"target\":[\"https:\/\/fizzyvape.eu\/es\/producto\/fizzy-boom-arandano-melon-13000-puffs\/\"]}]},{\"@type\":\"ImageObject\",\"inLanguage\":\"es\",\"@id\":\"https:\/\/fizzyvape.eu\/es\/producto\/fizzy-boom-arandano-melon-13000-puffs\/#primaryimage\",\"url\":\"https:\/\/fizzyvape.eu\/wp-content\/uploads\/2025\/03\/FizzyVape-Boom-Blueberry-Melon-13000puff-4.jpg\",\"contentUrl\":\"https:\/\/fizzyvape.eu\/wp-content\/uploads\/2025\/03\/FizzyVape-Boom-Blueberry-Melon-13000puff-4.jpg\",\"width\":1500,\"height\":1500,\"caption\":\"FizzyVape-Boom-Ar\u00e1ndano-Mel\u00f3n-13000puff\"},{\"@type\":\"BreadcrumbList\",\"@id\":\"https:\/\/fizzyvape.eu\/es\/producto\/fizzy-boom-arandano-melon-13000-puffs\/#breadcrumb\",\"itemListElement\":[{\"@type\":\"ListItem\",\"position\":1,\"name\":\"Home\",\"item\":\"https:\/\/fizzyvape.eu\/es\/\"},{\"@type\":\"ListItem\",\"position\":2,\"name\":\"Tienda\",\"item\":\"https:\/\/www.fizzyvape.eu\/es\/tienda\/\"},{\"@type\":\"ListItem\",\"position\":3,\"name\":\"Fizzy Boom Ar\u00e1ndano Mel\u00f3n &#8211; 13000 Puffs\"}]},{\"@type\":\"WebSite\",\"@id\":\"https:\/\/www.fizzyvape.eu\/es\/#website\",\"url\":\"https:\/\/www.fizzyvape.eu\/es\/\",\"name\":\"fizzyvape.eu\",\"description\":\"Refreshing Vapes. Unforgettable Taste.\",\"publisher\":{\"@id\":\"https:\/\/www.fizzyvape.eu\/es\/#organization\"},\"potentialAction\":[{\"@type\":\"SearchAction\",\"target\":{\"@type\":\"EntryPoint\",\"urlTemplate\":\"https:\/\/www.fizzyvape.eu\/es\/?s={search_term_string}\"},\"query-input\":{\"@type\":\"PropertyValueSpecification\",\"valueRequired\":true,\"valueName\":\"search_term_string\"}}],\"inLanguage\":\"es\"},{\"@type\":\"Organization\",\"@id\":\"https:\/\/www.fizzyvape.eu\/es\/#organization\",\"name\":\"fizzyvape.eu\",\"url\":\"https:\/\/www.fizzyvape.eu\/es\/\",\"logo\":{\"@type\":\"ImageObject\",\"inLanguage\":\"es\",\"@id\":\"https:\/\/www.fizzyvape.eu\/es\/#\/schema\/logo\/image\/\",\"url\":\"https:\/\/fizzyvape.eu\/wp-content\/uploads\/2019\/06\/print-1.svg\",\"contentUrl\":\"https:\/\/fizzyvape.eu\/wp-content\/uploads\/2019\/06\/print-1.svg\",\"width\":124,\"height\":37,\"caption\":\"fizzyvape.eu\"},\"image\":{\"@id\":\"https:\/\/www.fizzyvape.eu\/es\/#\/schema\/logo\/image\/\"}}]}<\/script>\n<meta property=\"og:availability\" content=\"out of stock\" \/>\n<meta property=\"product:availability\" content=\"out of stock\" \/>\n<meta property=\"product:condition\" content=\"new\" \/>\n<!-- \/ Yoast SEO Premium plugin. -->","yoast_head_json":{"title":"Fizzy Boom Ar\u00e1ndano Mel\u00f3n - 13000 Puffs - fizzyvape.eu","robots":{"index":"index","follow":"follow","max-snippet":"max-snippet:-1","max-image-preview":"max-image-preview:large","max-video-preview":"max-video-preview:-1"},"canonical":"https:\/\/fizzyvape.eu\/es\/producto\/fizzy-boom-arandano-melon-13000-puffs\/","og_locale":"es_ES","og_type":"article","og_title":"Fizzy Boom Ar\u00e1ndano Mel\u00f3n - 13000 Puffs","og_description":"Fizzy Boom Ar\u00e1ndano Mel\u00f3n 13000 caladas: Experimenta la perfecta armon\u00eda del \u00e1cido ar\u00e1ndano y el dulce mel\u00f3n con un sutil acabado helado en este vapeador recargable desechable de larga duraci\u00f3n. Disponible en 2% y 5% de nicotina.","og_url":"https:\/\/fizzyvape.eu\/es\/producto\/fizzy-boom-arandano-melon-13000-puffs\/","og_site_name":"fizzyvape.eu","og_image":[{"width":1500,"height":1500,"url":"https:\/\/fizzyvape.eu\/wp-content\/uploads\/2025\/03\/FizzyVape-Boom-Blueberry-Melon-13000puff-4.jpg","type":"image\/jpeg"}],"twitter_card":"summary_large_image","twitter_misc":{"Disponibilidad":"Sin existencias"},"schema":{"@context":"https:\/\/schema.org","@graph":[{"@type":"WebPage","@id":"https:\/\/fizzyvape.eu\/es\/producto\/fizzy-boom-arandano-melon-13000-puffs\/","url":"https:\/\/fizzyvape.eu\/es\/producto\/fizzy-boom-arandano-melon-13000-puffs\/","name":"Fizzy Boom Ar\u00e1ndano Mel\u00f3n - 13000 Puffs - fizzyvape.eu","isPartOf":{"@id":"https:\/\/www.fizzyvape.eu\/es\/#website"},"primaryImageOfPage":{"@id":"https:\/\/fizzyvape.eu\/es\/producto\/fizzy-boom-arandano-melon-13000-puffs\/#primaryimage"},"image":{"@id":"https:\/\/fizzyvape.eu\/es\/producto\/fizzy-boom-arandano-melon-13000-puffs\/#primaryimage"},"thumbnailUrl":"https:\/\/fizzyvape.eu\/wp-content\/uploads\/2025\/03\/FizzyVape-Boom-Blueberry-Melon-13000puff-4.jpg","datePublished":"2025-03-28T02:52:08+00:00","breadcrumb":{"@id":"https:\/\/fizzyvape.eu\/es\/producto\/fizzy-boom-arandano-melon-13000-puffs\/#breadcrumb"},"inLanguage":"es","potentialAction":[{"@type":"ReadAction","target":["https:\/\/fizzyvape.eu\/es\/producto\/fizzy-boom-arandano-melon-13000-puffs\/"]}]},{"@type":"ImageObject","inLanguage":"es","@id":"https:\/\/fizzyvape.eu\/es\/producto\/fizzy-boom-arandano-melon-13000-puffs\/#primaryimage","url":"https:\/\/fizzyvape.eu\/wp-content\/uploads\/2025\/03\/FizzyVape-Boom-Blueberry-Melon-13000puff-4.jpg","contentUrl":"https:\/\/fizzyvape.eu\/wp-content\/uploads\/2025\/03\/FizzyVape-Boom-Blueberry-Melon-13000puff-4.jpg","width":1500,"height":1500,"caption":"FizzyVape-Boom-Ar\u00e1ndano-Mel\u00f3n-13000puff"},{"@type":"BreadcrumbList","@id":"https:\/\/fizzyvape.eu\/es\/producto\/fizzy-boom-arandano-melon-13000-puffs\/#breadcrumb","itemListElement":[{"@type":"ListItem","position":1,"name":"Home","item":"https:\/\/fizzyvape.eu\/es\/"},{"@type":"ListItem","position":2,"name":"Tienda","item":"https:\/\/www.fizzyvape.eu\/es\/tienda\/"},{"@type":"ListItem","position":3,"name":"Fizzy Boom Ar\u00e1ndano Mel\u00f3n &#8211; 13000 Puffs"}]},{"@type":"WebSite","@id":"https:\/\/www.fizzyvape.eu\/es\/#website","url":"https:\/\/www.fizzyvape.eu\/es\/","name":"fizzyvape.eu","description":"Refreshing Vapes. Unforgettable Taste.","publisher":{"@id":"https:\/\/www.fizzyvape.eu\/es\/#organization"},"potentialAction":[{"@type":"SearchAction","target":{"@type":"EntryPoint","urlTemplate":"https:\/\/www.fizzyvape.eu\/es\/?s={search_term_string}"},"query-input":{"@type":"PropertyValueSpecification","valueRequired":true,"valueName":"search_term_string"}}],"inLanguage":"es"},{"@type":"Organization","@id":"https:\/\/www.fizzyvape.eu\/es\/#organization","name":"fizzyvape.eu","url":"https:\/\/www.fizzyvape.eu\/es\/","logo":{"@type":"ImageObject","inLanguage":"es","@id":"https:\/\/www.fizzyvape.eu\/es\/#\/schema\/logo\/image\/","url":"https:\/\/fizzyvape.eu\/wp-content\/uploads\/2019\/06\/print-1.svg","contentUrl":"https:\/\/fizzyvape.eu\/wp-content\/uploads\/2019\/06\/print-1.svg","width":124,"height":37,"caption":"fizzyvape.eu"},"image":{"@id":"https:\/\/www.fizzyvape.eu\/es\/#\/schema\/logo\/image\/"}}]},"og_availability":"out of stock","product_availability":"out of stock","product_condition":"new"},"tiered_pricing_type":"fixed","tiered_pricing_fixed_rules":[],"tiered_pricing_product_settings":{"layout":"default","base_unit_name":{"singular":null,"plural":null},"default_variation":null},"tiered_pricing_minimum_quantity":null,"tiered_pricing_roles_data":[],"tiered_pricing_percentage_rules":[],"tiered_pricing_maximum_quantity":null,"tiered_pricing_quantity_step":null,"_links":{"self":[{"href":"https:\/\/fizzyvape.eu\/es\/wp-json\/wp\/v2\/product\/26074","targetHints":{"allow":["GET"]}}],"collection":[{"href":"https:\/\/fizzyvape.eu\/es\/wp-json\/wp\/v2\/product"}],"about":[{"href":"https:\/\/fizzyvape.eu\/es\/wp-json\/wp\/v2\/types\/product"}],"replies":[{"embeddable":true,"href":"https:\/\/fizzyvape.eu\/es\/wp-json\/wp\/v2\/comments?post=26074"}],"version-history":[{"count":0,"href":"https:\/\/fizzyvape.eu\/es\/wp-json\/wp\/v2\/product\/26074\/revisions"}],"wp:featuredmedia":[{"embeddable":true,"href":"https:\/\/fizzyvape.eu\/es\/wp-json\/wp\/v2\/media\/21080"}],"wp:attachment":[{"href":"https:\/\/fizzyvape.eu\/es\/wp-json\/wp\/v2\/media?parent=26074"}],"wp:term":[{"taxonomy":"product_brand","embeddable":true,"href":"https:\/\/fizzyvape.eu\/es\/wp-json\/wp\/v2\/product_brand?post=26074"},{"taxonomy":"product_cat","embeddable":true,"href":"https:\/\/fizzyvape.eu\/es\/wp-json\/wp\/v2\/product_cat?post=26074"},{"taxonomy":"product_tag","embeddable":true,"href":"https:\/\/fizzyvape.eu\/es\/wp-json\/wp\/v2\/product_tag?post=26074"}],"curies":[{"name":"wp","href":"https:\/\/api.w.org\/{rel}","templated":true}]}}