{"id":26200,"date":"2025-03-26T16:37:27","date_gmt":"2025-03-26T08:37:27","guid":{"rendered":"https:\/\/fizzyvape.eu\/product\/fizzy-great-mango-melocoton-10000-bocanadas\/"},"modified":"2025-03-26T08:37:27","modified_gmt":"2025-03-26T00:37:27","slug":"fizzy-great-mango-melocoton-10000-bocanadas","status":"publish","type":"product","link":"https:\/\/fizzyvape.eu\/es\/producto\/fizzy-great-mango-melocoton-10000-bocanadas\/","title":{"rendered":"Fizzy Great Mango Melocot\u00f3n &#8211; 10000 bocanadas"},"content":{"rendered":"<div>\n<h3><strong>Fizzy Great Mango Melocot\u00f3n 10000 Puffs &#8211; D\u00fao Tropical \u00a1Bendici\u00f3n en cada Puff!<\/strong><\/h3>\n<p>\u00a1Del\u00e9itate con la <strong>perfecta combinaci\u00f3n tropical<\/strong> de <strong>mangos madurados al sol y jugosos melocotones<\/strong> con <strong>Fizzy Great Mango Peach 10000 Puffs<\/strong>! Este vapeador desechable de primera calidad mezcla <strong>la deliciosa dulzura del mango<\/strong> con el <strong>sabor suave y aterciopelado<\/strong> del <strong>melocot\u00f3n<\/strong>, creando una experiencia de vapeo irresistiblemente refrescante. Disfruta de <strong>10.000 caladas ultrasuaves<\/strong> de este d\u00fao de sabores expertamente equilibrado, todo ello en un <strong>elegante dispositivo que no necesita mantenimiento<\/strong> y que est\u00e1 listo para disfrutar nada m\u00e1s sacarlo de la caja.  <\/p>\n<h2><strong>Caracter\u00edsticas principales<\/strong><\/h2>\n<p>\u2714 <strong>10.000 caladas<\/strong>: placer de vapear prolongado durante semanas<br \/>\n\u2714 <strong>Mango Melocot\u00f3n Fusi\u00f3n<\/strong> &#8211; La dulzura tropical se une a la jugosa fruta con hueso<br \/>\n\u2714 <strong>Elegante y port\u00e1til<\/strong>: dise\u00f1o compacto y de bolsillo (53\u00d730\u00d785,3 mm)<br \/>\n\u2714 <strong>Precargado y prellenado<\/strong> &#8211; 18mL de e-l\u00edquido | Bater\u00eda de 650mAh<br \/>\n\u2714 <strong>Tecnolog\u00eda de bobina de malla<\/strong>: sabor rico y consistente y nubes densas <\/p>\n<h3><strong>\u00bfPor qu\u00e9 elegir Fizzy Great?<\/strong><\/h3>\n<p>\ud83e\udd6d <strong>Sabor Tropical Premium<\/strong> &#8211; Probado en laboratorio para un aut\u00e9ntico sabor a fruta<br \/>\n\ud83d\udd0b <strong>Rendimiento durante todo el d\u00eda<\/strong> &#8211; Gran capacidad de e-l\u00edquido y bater\u00eda de larga duraci\u00f3n<br \/>\n\u2708\ufe0f <strong>F\u00e1cil de transportar<\/strong> &#8211; A prueba de fugas y compatible con la TSA (donde est\u00e9 permitido)<br \/>\n\u26a1 <strong>Satisfacci\u00f3n instant\u00e1nea<\/strong> &#8211; No es necesario cargar ni recargar <\/p>\n<h3>Contenido del paquete<\/h3>\n<p>1 \u00d7 Dispositivo Fizzy Great Mango Melocot\u00f3n 10000 Puffs<\/p>\n<\/div>\n<div>\n<h3>Especificaciones<\/h3>\n<table>\n<tbody>\n<tr>\n<td>Puffs<\/td>\n<td><strong>10000+ Puffs<\/strong><\/td>\n<\/tr>\n<tr>\n<td>Capacidad del e-l\u00edquido<\/td>\n<td><strong>18 ml<\/strong><\/td>\n<\/tr>\n<tr>\n<td>Capacidad de la bater\u00eda<\/td>\n<td><strong>650 mAh<\/strong><\/td>\n<\/tr>\n<tr>\n<td>Bobina de malla<\/td>\n<td><strong>1.4\u03a9<\/strong><\/td>\n<\/tr>\n<tr>\n<td>Tama\u00f1o<\/td>\n<td><strong>53*30*85,3 mm<\/strong><\/td>\n<\/tr>\n<tr>\n<td>Desechable o no<\/td>\n<td><strong>Desechable<\/strong><\/td>\n<\/tr>\n<tr>\n<td>M\u00e9todo de carga<\/td>\n<td><strong>Cable<\/strong><\/td>\n<\/tr>\n<tr>\n<td>M\u00e9todo de activaci\u00f3n<\/td>\n<td><strong>Sensor<\/strong><\/td>\n<\/tr>\n<tr>\n<td>Nivel de nicotina<\/td>\n<td><strong>5%(50mg\/ml)<\/strong><\/td>\n<\/tr>\n<tr>\n<td>Sabores<\/td>\n<td><strong>10<\/strong><\/td>\n<\/tr>\n<tr>\n<td>Embalaje<\/td>\n<td><strong>1 paquete<\/strong><\/td>\n<\/tr>\n<tr>\n<td>Tiempo de carga<\/td>\n<td><strong>2 horas<\/strong><\/td>\n<\/tr>\n<tr>\n<td>Almacenamiento<\/td>\n<td><strong>Evita los entornos con altas temperaturas y gu\u00e1rdalo en un lugar fresco y seco.<\/strong><\/td>\n<\/tr>\n<tr>\n<td>Personas cuyo uso est\u00e1 prohibido<\/td>\n<td><strong>Menores, mujeres embarazadas y personas al\u00e9rgicas a los ingredientes del producto.<\/strong><\/td>\n<\/tr>\n<tr>\n<td>Precauci\u00f3n<\/td>\n<td><strong>No tragues esta sustancia. En caso de ingesti\u00f3n, enju\u00e1gate bien la boca inmediatamente. Si te encuentras mal, acude al m\u00e9dico.  <\/strong><\/td>\n<\/tr>\n<\/tbody>\n<\/table>\n<h3>Lista de sabores de <strong>Fizzy Great<\/strong> 10000 Puffs:<\/h3>\n<ol>\n<li><a href=\"https:\/\/fizzyvape.eu\/product\/fizzy-great-watermelon-10000-puffs\/\">Sand\u00eda<\/a><\/li>\n<li><a href=\"https:\/\/fizzyvape.eu\/product\/fizzy-great-blueberry-ice-10000-puffs\/\">Hielo de ar\u00e1ndanos<\/a><\/li>\n<li><a href=\"https:\/\/fizzyvape.eu\/product\/fizzy-great-grape-ice-10000-puffs\/\">Hielo de uva<\/a><\/li>\n<li><a href=\"https:\/\/fizzyvape.eu\/product\/fizzy-great-lychee-lemon-10000-puffs\/\">Lichi Lim\u00f3n<\/a><\/li>\n<li><a href=\"https:\/\/fizzyvape.eu\/product\/fizzy-great-pineapple-peach-passion-fruit-10000-puffs\/\">Pi\u00f1a Melocot\u00f3n Fruta de la pasi\u00f3n<\/a><\/li>\n<li><a href=\"https:\/\/fizzyvape.eu\/product\/fizzy-great-raspberry-grape-10000-puffs\/\">Frambuesa Uva<\/a><\/li>\n<li><a href=\"https:\/\/fizzyvape.eu\/product\/fizzy-great-peach-10000-puffs\/\">Melocot\u00f3n<\/a><\/li>\n<li><a href=\"https:\/\/fizzyvape.eu\/es\/producto\/fizzy-great-mango-melocoton-10000-bocanadas\/\">Mango Melocot\u00f3n<\/a><\/li>\n<li><a href=\"https:\/\/fizzyvape.eu\/product\/fizzy-great-mixed-berry-10000-puffs\/\">Mezcla de bayas<\/a><\/li>\n<li><a href=\"https:\/\/fizzyvape.eu\/product\/fizzy-great-watermelon-strawberry-lemonade-10000-puffs\/\">Limonada de fresa y sand\u00eda<\/a><\/li>\n<\/ol>\n<h3><strong>Preguntas frecuentes <\/strong><strong>Fizzy Gran Mango Melocot\u00f3n 10000 Puffs <\/strong><strong>Vapea<\/strong><\/h3>\n<ol start=\"1\">\n<li><strong>\u00bfCu\u00e1ntos d\u00edas durar\u00e1n las 10.000 caladas?<\/strong><br \/>\nNormalmente 1-3 semanas (500-700 caladas\/d\u00eda). Los usuarios ligeros disfrutan de m\u00e1s de 3 semanas. <\/li>\n<li><strong>\u00bfPredomina m\u00e1s el sabor a mango o a melocot\u00f3n?<\/strong><br \/>\nEs una armon\u00eda perfecta. Saborear\u00e1s <strong>primero el dulzor tropical del mango<\/strong>, seguido de un <strong>suave final de melocot\u00f3n: ninguno de los dos<\/strong>domina al otro. <\/li>\n<li><strong>\u00bfNecesita este aparato alg\u00fan tipo de mantenimiento?<\/strong><br \/>\n\u00a1En absoluto! El Fizzy Great Grape Ice es completamente desechable, sin necesidad de cargarlo, rellenarlo ni cambiar la bobina. S\u00f3lo tienes que usarlo directamente del paquete hasta que se acabe.  <\/li>\n<li><strong>\u00bfQu\u00e9 potencia de nicotina hay disponible?<\/strong><br \/>\nEste dispositivo contiene un 5% (50 mg) de sal de nicotina, que proporciona un satisfactorio golpe de garganta sin asperezas.<\/li>\n<li><strong>\u00bfEs adecuado para vapear todo el d\u00eda?<\/strong><br \/>\n\u00a1Sin duda! La capacidad de 18 ml de e-l\u00edquido y la bater\u00eda de 650 mAh est\u00e1n dise\u00f1adas para usarse todo el d\u00eda. A la mayor\u00eda de los usuarios les dura un dispositivo durante todas sus actividades diarias sin necesidad de uno de repuesto.  <\/li>\n<\/ol>\n<\/div>\n","protected":false},"excerpt":{"rendered":"<p><strong>Fizzy Great Mango Peach 10000 caladas<\/strong> &#8211; \u00a1Una <strong>explosi\u00f3n de sabor tropical<\/strong> que mezcla <strong>mango jugoso<\/strong> y <strong>melocot\u00f3n aterciopelado<\/strong> en cada calada! Disfruta de <strong>10.000 caladas ultrasuaves<\/strong> de este d\u00fao perfectamente equilibrado, alimentado por <strong>tecnolog\u00eda de bobina de malla<\/strong> para un vapor rico y consistente. <strong>Precargado, precargado y listo para vapear: sin<\/strong>mantenimiento, pura felicidad tropical en un dise\u00f1o elegante y port\u00e1til. <\/p>\n","protected":false},"featured_media":20232,"comment_status":"open","ping_status":"closed","template":"","meta":{"iawp_total_views":0},"product_brand":[],"product_cat":[271],"product_tag":[272,363],"class_list":{"0":"post-26200","1":"product","2":"type-product","3":"status-publish","4":"has-post-thumbnail","6":"product_cat-great-es","7":"product_tag-10000-bocanadas","8":"product_tag-mango-melocoton","10":"first","11":"outofstock","12":"shipping-taxable","13":"purchasable","14":"product-type-variable"},"yoast_head":"<!-- This site is optimized with the Yoast SEO Premium plugin v24.8 (Yoast SEO v24.8) - https:\/\/yoast.com\/wordpress\/plugins\/seo\/ -->\n<title>Fizzy Great Mango Melocot\u00f3n - 10000 bocanadas - fizzyvape.eu<\/title>\n<meta name=\"robots\" content=\"index, follow, max-snippet:-1, max-image-preview:large, max-video-preview:-1\" \/>\n<link rel=\"canonical\" href=\"https:\/\/fizzyvape.eu\/es\/producto\/fizzy-great-mango-melocoton-10000-bocanadas\/\" \/>\n<meta property=\"og:locale\" content=\"es_ES\" \/>\n<meta property=\"og:type\" content=\"article\" \/>\n<meta property=\"og:title\" content=\"Fizzy Great Mango Melocot\u00f3n - 10000 bocanadas\" \/>\n<meta property=\"og:description\" content=\"Fizzy Great Mango Peach 10000 caladas - \u00a1Una explosi\u00f3n de sabor tropical que mezcla mango jugoso y melocot\u00f3n aterciopelado en cada calada! Disfruta de 10.000 caladas ultrasuaves de este d\u00fao perfectamente equilibrado, alimentado por tecnolog\u00eda de bobina de malla para un vapor rico y consistente. Precargado, precargado y listo para vapear: sinmantenimiento, pura felicidad tropical en un dise\u00f1o elegante y port\u00e1til.\" \/>\n<meta property=\"og:url\" content=\"https:\/\/fizzyvape.eu\/es\/producto\/fizzy-great-mango-melocoton-10000-bocanadas\/\" \/>\n<meta property=\"og:site_name\" content=\"fizzyvape.eu\" \/>\n<meta property=\"og:image\" content=\"https:\/\/www.fizzyvape.eu\/wp-content\/uploads\/2025\/03\/FizzyVape-Great-Mango-Peach-10000puff.jpg\" \/>\n\t<meta property=\"og:image:width\" content=\"1057\" \/>\n\t<meta property=\"og:image:height\" content=\"1037\" \/>\n\t<meta property=\"og:image:type\" content=\"image\/jpeg\" \/>\n<meta name=\"twitter:card\" content=\"summary_large_image\" \/>\n<meta name=\"twitter:label1\" content=\"Disponibilidad\" \/>\n\t<meta name=\"twitter:data1\" content=\"Sin existencias\" \/>\n<script type=\"application\/ld+json\" class=\"yoast-schema-graph\">{\"@context\":\"https:\/\/schema.org\",\"@graph\":[{\"@type\":\"WebPage\",\"@id\":\"https:\/\/fizzyvape.eu\/es\/producto\/fizzy-great-mango-melocoton-10000-bocanadas\/\",\"url\":\"https:\/\/fizzyvape.eu\/es\/producto\/fizzy-great-mango-melocoton-10000-bocanadas\/\",\"name\":\"Fizzy Great Mango Melocot\u00f3n - 10000 bocanadas - fizzyvape.eu\",\"isPartOf\":{\"@id\":\"https:\/\/www.fizzyvape.eu\/es\/#website\"},\"primaryImageOfPage\":{\"@id\":\"https:\/\/fizzyvape.eu\/es\/producto\/fizzy-great-mango-melocoton-10000-bocanadas\/#primaryimage\"},\"image\":{\"@id\":\"https:\/\/fizzyvape.eu\/es\/producto\/fizzy-great-mango-melocoton-10000-bocanadas\/#primaryimage\"},\"thumbnailUrl\":\"https:\/\/fizzyvape.eu\/wp-content\/uploads\/2025\/03\/FizzyVape-Great-Mango-Peach-10000puff.jpg\",\"datePublished\":\"2025-03-26T08:37:27+00:00\",\"breadcrumb\":{\"@id\":\"https:\/\/fizzyvape.eu\/es\/producto\/fizzy-great-mango-melocoton-10000-bocanadas\/#breadcrumb\"},\"inLanguage\":\"es\",\"potentialAction\":[{\"@type\":\"ReadAction\",\"target\":[\"https:\/\/fizzyvape.eu\/es\/producto\/fizzy-great-mango-melocoton-10000-bocanadas\/\"]}]},{\"@type\":\"ImageObject\",\"inLanguage\":\"es\",\"@id\":\"https:\/\/fizzyvape.eu\/es\/producto\/fizzy-great-mango-melocoton-10000-bocanadas\/#primaryimage\",\"url\":\"https:\/\/fizzyvape.eu\/wp-content\/uploads\/2025\/03\/FizzyVape-Great-Mango-Peach-10000puff.jpg\",\"contentUrl\":\"https:\/\/fizzyvape.eu\/wp-content\/uploads\/2025\/03\/FizzyVape-Great-Mango-Peach-10000puff.jpg\",\"width\":1057,\"height\":1037,\"caption\":\"FizzyVape-Gran Melocot\u00f3n-Mango-10000puff\"},{\"@type\":\"BreadcrumbList\",\"@id\":\"https:\/\/fizzyvape.eu\/es\/producto\/fizzy-great-mango-melocoton-10000-bocanadas\/#breadcrumb\",\"itemListElement\":[{\"@type\":\"ListItem\",\"position\":1,\"name\":\"Home\",\"item\":\"https:\/\/fizzyvape.eu\/es\/\"},{\"@type\":\"ListItem\",\"position\":2,\"name\":\"Tienda\",\"item\":\"https:\/\/www.fizzyvape.eu\/es\/tienda\/\"},{\"@type\":\"ListItem\",\"position\":3,\"name\":\"Fizzy Great Mango Melocot\u00f3n &#8211; 10000 bocanadas\"}]},{\"@type\":\"WebSite\",\"@id\":\"https:\/\/www.fizzyvape.eu\/es\/#website\",\"url\":\"https:\/\/www.fizzyvape.eu\/es\/\",\"name\":\"fizzyvape.eu\",\"description\":\"Refreshing Vapes. Unforgettable Taste.\",\"publisher\":{\"@id\":\"https:\/\/www.fizzyvape.eu\/es\/#organization\"},\"potentialAction\":[{\"@type\":\"SearchAction\",\"target\":{\"@type\":\"EntryPoint\",\"urlTemplate\":\"https:\/\/www.fizzyvape.eu\/es\/?s={search_term_string}\"},\"query-input\":{\"@type\":\"PropertyValueSpecification\",\"valueRequired\":true,\"valueName\":\"search_term_string\"}}],\"inLanguage\":\"es\"},{\"@type\":\"Organization\",\"@id\":\"https:\/\/www.fizzyvape.eu\/es\/#organization\",\"name\":\"fizzyvape.eu\",\"url\":\"https:\/\/www.fizzyvape.eu\/es\/\",\"logo\":{\"@type\":\"ImageObject\",\"inLanguage\":\"es\",\"@id\":\"https:\/\/www.fizzyvape.eu\/es\/#\/schema\/logo\/image\/\",\"url\":\"https:\/\/fizzyvape.eu\/wp-content\/uploads\/2019\/06\/print-1.svg\",\"contentUrl\":\"https:\/\/fizzyvape.eu\/wp-content\/uploads\/2019\/06\/print-1.svg\",\"width\":124,\"height\":37,\"caption\":\"fizzyvape.eu\"},\"image\":{\"@id\":\"https:\/\/www.fizzyvape.eu\/es\/#\/schema\/logo\/image\/\"}}]}<\/script>\n<meta property=\"og:availability\" content=\"out of stock\" \/>\n<meta property=\"product:availability\" content=\"out of stock\" \/>\n<meta property=\"product:condition\" content=\"new\" \/>\n<!-- \/ Yoast SEO Premium plugin. -->","yoast_head_json":{"title":"Fizzy Great Mango Melocot\u00f3n - 10000 bocanadas - fizzyvape.eu","robots":{"index":"index","follow":"follow","max-snippet":"max-snippet:-1","max-image-preview":"max-image-preview:large","max-video-preview":"max-video-preview:-1"},"canonical":"https:\/\/fizzyvape.eu\/es\/producto\/fizzy-great-mango-melocoton-10000-bocanadas\/","og_locale":"es_ES","og_type":"article","og_title":"Fizzy Great Mango Melocot\u00f3n - 10000 bocanadas","og_description":"Fizzy Great Mango Peach 10000 caladas - \u00a1Una explosi\u00f3n de sabor tropical que mezcla mango jugoso y melocot\u00f3n aterciopelado en cada calada! Disfruta de 10.000 caladas ultrasuaves de este d\u00fao perfectamente equilibrado, alimentado por tecnolog\u00eda de bobina de malla para un vapor rico y consistente. Precargado, precargado y listo para vapear: sinmantenimiento, pura felicidad tropical en un dise\u00f1o elegante y port\u00e1til.","og_url":"https:\/\/fizzyvape.eu\/es\/producto\/fizzy-great-mango-melocoton-10000-bocanadas\/","og_site_name":"fizzyvape.eu","og_image":[{"width":1057,"height":1037,"url":"https:\/\/www.fizzyvape.eu\/wp-content\/uploads\/2025\/03\/FizzyVape-Great-Mango-Peach-10000puff.jpg","type":"image\/jpeg"}],"twitter_card":"summary_large_image","twitter_misc":{"Disponibilidad":"Sin existencias"},"schema":{"@context":"https:\/\/schema.org","@graph":[{"@type":"WebPage","@id":"https:\/\/fizzyvape.eu\/es\/producto\/fizzy-great-mango-melocoton-10000-bocanadas\/","url":"https:\/\/fizzyvape.eu\/es\/producto\/fizzy-great-mango-melocoton-10000-bocanadas\/","name":"Fizzy Great Mango Melocot\u00f3n - 10000 bocanadas - fizzyvape.eu","isPartOf":{"@id":"https:\/\/www.fizzyvape.eu\/es\/#website"},"primaryImageOfPage":{"@id":"https:\/\/fizzyvape.eu\/es\/producto\/fizzy-great-mango-melocoton-10000-bocanadas\/#primaryimage"},"image":{"@id":"https:\/\/fizzyvape.eu\/es\/producto\/fizzy-great-mango-melocoton-10000-bocanadas\/#primaryimage"},"thumbnailUrl":"https:\/\/fizzyvape.eu\/wp-content\/uploads\/2025\/03\/FizzyVape-Great-Mango-Peach-10000puff.jpg","datePublished":"2025-03-26T08:37:27+00:00","breadcrumb":{"@id":"https:\/\/fizzyvape.eu\/es\/producto\/fizzy-great-mango-melocoton-10000-bocanadas\/#breadcrumb"},"inLanguage":"es","potentialAction":[{"@type":"ReadAction","target":["https:\/\/fizzyvape.eu\/es\/producto\/fizzy-great-mango-melocoton-10000-bocanadas\/"]}]},{"@type":"ImageObject","inLanguage":"es","@id":"https:\/\/fizzyvape.eu\/es\/producto\/fizzy-great-mango-melocoton-10000-bocanadas\/#primaryimage","url":"https:\/\/fizzyvape.eu\/wp-content\/uploads\/2025\/03\/FizzyVape-Great-Mango-Peach-10000puff.jpg","contentUrl":"https:\/\/fizzyvape.eu\/wp-content\/uploads\/2025\/03\/FizzyVape-Great-Mango-Peach-10000puff.jpg","width":1057,"height":1037,"caption":"FizzyVape-Gran Melocot\u00f3n-Mango-10000puff"},{"@type":"BreadcrumbList","@id":"https:\/\/fizzyvape.eu\/es\/producto\/fizzy-great-mango-melocoton-10000-bocanadas\/#breadcrumb","itemListElement":[{"@type":"ListItem","position":1,"name":"Home","item":"https:\/\/fizzyvape.eu\/es\/"},{"@type":"ListItem","position":2,"name":"Tienda","item":"https:\/\/www.fizzyvape.eu\/es\/tienda\/"},{"@type":"ListItem","position":3,"name":"Fizzy Great Mango Melocot\u00f3n &#8211; 10000 bocanadas"}]},{"@type":"WebSite","@id":"https:\/\/www.fizzyvape.eu\/es\/#website","url":"https:\/\/www.fizzyvape.eu\/es\/","name":"fizzyvape.eu","description":"Refreshing Vapes. Unforgettable Taste.","publisher":{"@id":"https:\/\/www.fizzyvape.eu\/es\/#organization"},"potentialAction":[{"@type":"SearchAction","target":{"@type":"EntryPoint","urlTemplate":"https:\/\/www.fizzyvape.eu\/es\/?s={search_term_string}"},"query-input":{"@type":"PropertyValueSpecification","valueRequired":true,"valueName":"search_term_string"}}],"inLanguage":"es"},{"@type":"Organization","@id":"https:\/\/www.fizzyvape.eu\/es\/#organization","name":"fizzyvape.eu","url":"https:\/\/www.fizzyvape.eu\/es\/","logo":{"@type":"ImageObject","inLanguage":"es","@id":"https:\/\/www.fizzyvape.eu\/es\/#\/schema\/logo\/image\/","url":"https:\/\/fizzyvape.eu\/wp-content\/uploads\/2019\/06\/print-1.svg","contentUrl":"https:\/\/fizzyvape.eu\/wp-content\/uploads\/2019\/06\/print-1.svg","width":124,"height":37,"caption":"fizzyvape.eu"},"image":{"@id":"https:\/\/www.fizzyvape.eu\/es\/#\/schema\/logo\/image\/"}}]},"og_availability":"out of stock","product_availability":"out of stock","product_condition":"new"},"tiered_pricing_type":"fixed","tiered_pricing_fixed_rules":[],"tiered_pricing_product_settings":{"layout":"default","base_unit_name":{"singular":null,"plural":null},"default_variation":null},"tiered_pricing_minimum_quantity":null,"tiered_pricing_roles_data":[],"tiered_pricing_percentage_rules":[],"tiered_pricing_maximum_quantity":null,"tiered_pricing_quantity_step":null,"_links":{"self":[{"href":"https:\/\/fizzyvape.eu\/es\/wp-json\/wp\/v2\/product\/26200","targetHints":{"allow":["GET"]}}],"collection":[{"href":"https:\/\/fizzyvape.eu\/es\/wp-json\/wp\/v2\/product"}],"about":[{"href":"https:\/\/fizzyvape.eu\/es\/wp-json\/wp\/v2\/types\/product"}],"replies":[{"embeddable":true,"href":"https:\/\/fizzyvape.eu\/es\/wp-json\/wp\/v2\/comments?post=26200"}],"version-history":[{"count":0,"href":"https:\/\/fizzyvape.eu\/es\/wp-json\/wp\/v2\/product\/26200\/revisions"}],"wp:featuredmedia":[{"embeddable":true,"href":"https:\/\/fizzyvape.eu\/es\/wp-json\/wp\/v2\/media\/20232"}],"wp:attachment":[{"href":"https:\/\/fizzyvape.eu\/es\/wp-json\/wp\/v2\/media?parent=26200"}],"wp:term":[{"taxonomy":"product_brand","embeddable":true,"href":"https:\/\/fizzyvape.eu\/es\/wp-json\/wp\/v2\/product_brand?post=26200"},{"taxonomy":"product_cat","embeddable":true,"href":"https:\/\/fizzyvape.eu\/es\/wp-json\/wp\/v2\/product_cat?post=26200"},{"taxonomy":"product_tag","embeddable":true,"href":"https:\/\/fizzyvape.eu\/es\/wp-json\/wp\/v2\/product_tag?post=26200"}],"curies":[{"name":"wp","href":"https:\/\/api.w.org\/{rel}","templated":true}]}}