{"id":26270,"date":"2025-03-27T09:28:33","date_gmt":"2025-03-27T01:28:33","guid":{"rendered":"https:\/\/fizzyvape.eu\/product\/fizzy-pandora-sandia-12000-bocanadas\/"},"modified":"2025-03-27T09:28:33","modified_gmt":"2025-03-27T01:28:33","slug":"fizzy-pandora-sandia-12000-bocanadas","status":"publish","type":"product","link":"https:\/\/fizzyvape.eu\/es\/producto\/fizzy-pandora-sandia-12000-bocanadas\/","title":{"rendered":"Fizzy Pandora Sand\u00eda &#8211; 12000 bocanadas"},"content":{"rendered":"<div>\n<h2><strong>Fizzy Pandora Sand\u00eda 12000 Puffs &#8211; \u00a1Jugoso Refresco en Cada Puff!<\/strong><\/h2>\n<p>\u00a1Experimenta la <strong>explosi\u00f3n definitiva de sand\u00eda<\/strong> con <strong>Fizzy Pandora Watermelon 12000 Puffs<\/strong>! Este vapeador desechable de primera calidad proporciona <strong>12.000 caladas ultrasuaves<\/strong> de <strong>jugoso y dulce<\/strong> sabor <strong>a sand\u00eda<\/strong> con un <strong>refrescante toque efervescente, perfecto<\/strong>para vapear todo el d\u00eda. Dise\u00f1ado para <strong>un disfrute duradero<\/strong>, este elegante dispositivo est\u00e1 <strong>precargado, precargado y listo para usar<\/strong> nada m\u00e1s sacarlo de la caja.  <\/p>\n<h2><strong>Caracter\u00edsticas principales<\/strong><\/h2>\n<p>\u2714 <strong>12.000 caladas<\/strong>: placer de vapear prolongado<br \/>\n\u2714 <strong>Sand\u00eda jugosa + Giro de refresco efervescente<\/strong> &#8211; Dulce, \u00e1cido y ultrarrefrescante<br \/>\n\u2714 <strong>Elegante y port\u00e1til<\/strong>: dise\u00f1o compacto y de bolsillo<br \/>\n\u2714 <strong>Precargado y prellenado<\/strong> &#8211; No es necesario rellenar ni cargar<br \/>\n\u2714 <strong>Tecnolog\u00eda de bobina de malla<\/strong> &#8211; Sabor rico y nubes densas <\/p>\n<h3><strong>\u00bfPor qu\u00e9 elegir Fizzy Pandora?<\/strong><\/h3>\n<p>\ud83c\udf49 <strong>Sabor de primera<\/strong> &#8211; Probado en laboratorio para un aut\u00e9ntico sabor a sand\u00eda<br \/>\n\ud83d\udd0b <strong>Vaping para todo el d\u00eda<\/strong> &#8211; Capacidad masiva de 20 ml de e-l\u00edquido<br \/>\n\u26a1 <strong>Satisfacci\u00f3n instant\u00e1nea<\/strong> &#8211; No requiere configuraci\u00f3n<br \/>\n\u2708\ufe0f <strong>F\u00e1cil de transportar<\/strong> &#8211; A prueba de fugas y compatible con la TSA (donde est\u00e9 permitido) <\/p>\n<h3>Contenido del paquete<\/h3>\n<p>1 \u00d7 Dispositivo Fizzy Pandora Watermelon 12000 Puffs<\/p>\n<\/div>\n<div>\n<h3>Especificaciones<\/h3>\n<table>\n<tbody>\n<tr>\n<td>Puffs<\/td>\n<td><strong>12000+ Puffs<\/strong><\/td>\n<\/tr>\n<tr>\n<td>Capacidad del e-l\u00edquido<\/td>\n<td><strong>20 ml<\/strong><\/td>\n<\/tr>\n<tr>\n<td>Capacidad de la bater\u00eda<\/td>\n<td><strong>650 mAh<\/strong><\/td>\n<\/tr>\n<tr>\n<td>Bobina de malla<\/td>\n<td><strong>1.4\u03a9<\/strong><\/td>\n<\/tr>\n<tr>\n<td>Tama\u00f1o<\/td>\n<td><strong>48*20,6*88 mm<\/strong><\/td>\n<\/tr>\n<tr>\n<td>Desechable o no<\/td>\n<td><strong>Desechable<\/strong><\/td>\n<\/tr>\n<tr>\n<td>M\u00e9todo de carga<\/td>\n<td><strong>Cable<\/strong><\/td>\n<\/tr>\n<tr>\n<td>M\u00e9todo de activaci\u00f3n<\/td>\n<td><strong>Sensor<\/strong><\/td>\n<\/tr>\n<tr>\n<td>Nivel de nicotina<\/td>\n<td><strong>5%(50mg\/ml)<\/strong><\/td>\n<\/tr>\n<tr>\n<td>Sabores<\/td>\n<td><strong>12<\/strong><\/td>\n<\/tr>\n<tr>\n<td>Embalaje<\/td>\n<td><strong>1 paquete<\/strong><\/td>\n<\/tr>\n<tr>\n<td>Tiempo de carga<\/td>\n<td><strong>2 horas<\/strong><\/td>\n<\/tr>\n<tr>\n<td>Almacenamiento<\/td>\n<td><strong>Evita los entornos con altas temperaturas y gu\u00e1rdalo en un lugar fresco y seco.<\/strong><\/td>\n<\/tr>\n<tr>\n<td>Personas cuyo uso est\u00e1 prohibido<\/td>\n<td><strong>Menores, mujeres embarazadas y personas al\u00e9rgicas a los ingredientes del producto.<\/strong><\/td>\n<\/tr>\n<tr>\n<td>Precauci\u00f3n<\/td>\n<td><strong>No tragues esta sustancia. En caso de ingesti\u00f3n, enju\u00e1gate bien la boca inmediatamente. Si te encuentras mal, acude al m\u00e9dico.  <\/strong><\/td>\n<\/tr>\n<\/tbody>\n<\/table>\n<h3>Lista de sabores de <strong>Fizzy Pandora <\/strong>12000 Puffs:<\/h3>\n<ol>\n<li><a href=\"https:\/\/fizzyvape.eu\/es\/producto\/fizzy-pandora-sandia-12000-bocanadas\/\">Sand\u00eda<\/a><\/li>\n<li><a href=\"https:\/\/fizzyvape.eu\/es\/producto\/fizzy-pandora-mango-12000-bocanadas\/\">Mango<\/a><\/li>\n<li><a href=\"https:\/\/fizzyvape.eu\/product\/fizzy-pandora-grape-12000-puffs\/\">Uva<\/a><\/li>\n<li><a href=\"https:\/\/fizzyvape.eu\/product\/fizzy-pandora-pomegranate-12000-puffs\/\">Granada<\/a><\/li>\n<li><a href=\"https:\/\/fizzyvape.eu\/product\/fizzy-pandora-peach-12000-puffs\/\">Melocot\u00f3n<\/a><\/li>\n<li><a href=\"https:\/\/fizzyvape.eu\/product\/fizzy-pandora-blueberry-raspberry-12000-puffs\/\">Ar\u00e1ndano Frambuesa<\/a><\/li>\n<li><a href=\"https:\/\/fizzyvape.eu\/product\/fizzy-pandora-orange-mango-watermelon-12000-puffs\/\">Naranja Mango Sand\u00eda<\/a><\/li>\n<li><a href=\"https:\/\/fizzyvape.eu\/product\/fizzy-pandora-ice-mint-12000-puffs\/\">Menta helada<\/a><\/li>\n<li><a href=\"https:\/\/fizzyvape.eu\/product\/fizzy-pandora-strawberry-kiwi-pomegranate-12000-puffs\/\">Fresa Kiwi Granada<\/a><\/li>\n<li><a href=\"https:\/\/fizzyvape.eu\/product\/fizzy-pandora-blueberry-12000-puffs\/\">Ar\u00e1ndanos<\/a><\/li>\n<li><a href=\"https:\/\/fizzyvape.eu\/es\/producto\/fizzy-pandora-fresa-12000-puffs\/\">Fresa<\/a><\/li>\n<li><a href=\"https:\/\/fizzyvape.eu\/es\/producto\/fizzy-pandora-sandia-arandano-12000-puffs\/\">Sand\u00eda Ar\u00e1ndano<\/a><\/li>\n<\/ol>\n<h3><strong>FAQ Sobre <\/strong><strong>Fizzy Pandora Sand\u00eda 12000 caladas <\/strong><strong>Vapea<\/strong><\/h3>\n<ol start=\"1\">\n<li><strong>\u00bfCu\u00e1ntas caladas puedo esperar de las 12000 caladas de Fizzy Pandora Watermelon?<\/strong>El Fizzy Pandora Watermelon est\u00e1 dise\u00f1ado para proporcionar m\u00e1s de 12.000 caladas, ofreciendo un placer de vapeo prolongado. Sin embargo, el n\u00famero real de caladas puede variar en funci\u00f3n de los h\u00e1bitos de vapeo de cada persona. <\/li>\n<li><strong>\u00bfA qu\u00e9 sabe el sabor Fizzy Pandora Sand\u00eda?<\/strong>El sabor es una jugosa y dulce sand\u00eda con un refrescante toque de gaseosa, que crea una experiencia de vapeo \u00e1cida y ultrarrefrescante.<\/li>\n<li><strong>\u00bfNecesita cargarse o rellenarse el Fizzy Pandora Watermelon 12000 Puffs?<\/strong>No, el Fizzy Pandora Watermelon 12000 Puffs es un dispositivo desechable. Viene precargado con 20 ml de e-l\u00edquido y est\u00e1 precargado, por lo que no necesita recargas ni cargadores. <\/li>\n<li><strong>\u00bfCu\u00e1l es la concentraci\u00f3n de nicotina de las 12000 caladas de Fizzy Pandora Watermelon?<\/strong>Este dispositivo contiene un 5% (50mg\/ml) de sal de nicotina.<\/li>\n<li><strong>\u00bfCu\u00e1les son algunas de las caracter\u00edsticas principales de los 12000 Puffs de Sand\u00eda Fizzy Pandora?<\/strong>Entre sus principales caracter\u00edsticas se incluyen m\u00e1s de 12.000 caladas, un refrescante sabor a sand\u00eda jugosa y refresco efervescente, un dise\u00f1o elegante y port\u00e1til, precarga y precarga, y tecnolog\u00eda de bobina de malla para un sabor intenso y nubes densas.<\/li>\n<\/ol>\n<\/div>\n","protected":false},"excerpt":{"rendered":"<p><strong>Fizzy Pandora Watermelon 12000 Puffs<\/strong> ofrece un explosivo sabor a sand\u00eda con un refrescante toque efervescente en cada calada. Disfruta de 12.000 caladas ultrasuaves con este vapeador desechable de primera calidad que incorpora una avanzada tecnolog\u00eda de bobina de malla para un sabor rico y consistente. Precargado con 20 ml de e-l\u00edquido salino con un 5% de nicotina y listo para usar inmediatamente, sin necesidad de recargarlo. Perfecto para vapear todo el d\u00eda gracias a su enorme capacidad de e-l\u00edquido y su dise\u00f1o compacto y f\u00e1cil de transportar.   <\/p>\n","protected":false},"featured_media":20608,"comment_status":"open","ping_status":"closed","template":"","meta":{"iawp_total_views":0},"product_brand":[],"product_cat":[288],"product_tag":[289,379],"class_list":{"0":"post-26270","1":"product","2":"type-product","3":"status-publish","4":"has-post-thumbnail","6":"product_cat-pandora-es","7":"product_tag-12000-puffs-es","8":"product_tag-sandia","10":"first","11":"outofstock","12":"shipping-taxable","13":"purchasable","14":"product-type-variable"},"yoast_head":"<!-- This site is optimized with the Yoast SEO Premium plugin v24.8 (Yoast SEO v24.8) - https:\/\/yoast.com\/wordpress\/plugins\/seo\/ -->\n<title>Fizzy Pandora Sand\u00eda - 12000 bocanadas - fizzyvape.eu<\/title>\n<meta name=\"robots\" content=\"index, follow, max-snippet:-1, max-image-preview:large, max-video-preview:-1\" \/>\n<link rel=\"canonical\" href=\"https:\/\/fizzyvape.eu\/es\/producto\/fizzy-pandora-sandia-12000-bocanadas\/\" \/>\n<meta property=\"og:locale\" content=\"es_ES\" \/>\n<meta property=\"og:type\" content=\"article\" \/>\n<meta property=\"og:title\" content=\"Fizzy Pandora Sand\u00eda - 12000 bocanadas\" \/>\n<meta property=\"og:description\" content=\"Fizzy Pandora Watermelon 12000 Puffs ofrece un explosivo sabor a sand\u00eda con un refrescante toque efervescente en cada calada. Disfruta de 12.000 caladas ultrasuaves con este vapeador desechable de primera calidad que incorpora una avanzada tecnolog\u00eda de bobina de malla para un sabor rico y consistente. Precargado con 20 ml de e-l\u00edquido salino con un 5% de nicotina y listo para usar inmediatamente, sin necesidad de recargarlo. Perfecto para vapear todo el d\u00eda gracias a su enorme capacidad de e-l\u00edquido y su dise\u00f1o compacto y f\u00e1cil de transportar.\" \/>\n<meta property=\"og:url\" content=\"https:\/\/fizzyvape.eu\/es\/producto\/fizzy-pandora-sandia-12000-bocanadas\/\" \/>\n<meta property=\"og:site_name\" content=\"fizzyvape.eu\" \/>\n<meta property=\"og:image\" content=\"https:\/\/fizzyvape.eu\/wp-content\/uploads\/2025\/03\/Fizzy-Pandora-WATERMELON-12000PUFF-1-1.jpg\" \/>\n\t<meta property=\"og:image:width\" content=\"1057\" \/>\n\t<meta property=\"og:image:height\" content=\"1037\" \/>\n\t<meta property=\"og:image:type\" content=\"image\/jpeg\" \/>\n<meta name=\"twitter:card\" content=\"summary_large_image\" \/>\n<meta name=\"twitter:label1\" content=\"Disponibilidad\" \/>\n\t<meta name=\"twitter:data1\" content=\"Sin existencias\" \/>\n<script type=\"application\/ld+json\" class=\"yoast-schema-graph\">{\"@context\":\"https:\/\/schema.org\",\"@graph\":[{\"@type\":\"WebPage\",\"@id\":\"https:\/\/fizzyvape.eu\/es\/producto\/fizzy-pandora-sandia-12000-bocanadas\/\",\"url\":\"https:\/\/fizzyvape.eu\/es\/producto\/fizzy-pandora-sandia-12000-bocanadas\/\",\"name\":\"Fizzy Pandora Sand\u00eda - 12000 bocanadas - fizzyvape.eu\",\"isPartOf\":{\"@id\":\"https:\/\/www.fizzyvape.eu\/es\/#website\"},\"primaryImageOfPage\":{\"@id\":\"https:\/\/fizzyvape.eu\/es\/producto\/fizzy-pandora-sandia-12000-bocanadas\/#primaryimage\"},\"image\":{\"@id\":\"https:\/\/fizzyvape.eu\/es\/producto\/fizzy-pandora-sandia-12000-bocanadas\/#primaryimage\"},\"thumbnailUrl\":\"https:\/\/fizzyvape.eu\/wp-content\/uploads\/2025\/03\/Fizzy-Pandora-WATERMELON-12000PUFF-1-1.jpg\",\"datePublished\":\"2025-03-27T01:28:33+00:00\",\"breadcrumb\":{\"@id\":\"https:\/\/fizzyvape.eu\/es\/producto\/fizzy-pandora-sandia-12000-bocanadas\/#breadcrumb\"},\"inLanguage\":\"es\",\"potentialAction\":[{\"@type\":\"ReadAction\",\"target\":[\"https:\/\/fizzyvape.eu\/es\/producto\/fizzy-pandora-sandia-12000-bocanadas\/\"]}]},{\"@type\":\"ImageObject\",\"inLanguage\":\"es\",\"@id\":\"https:\/\/fizzyvape.eu\/es\/producto\/fizzy-pandora-sandia-12000-bocanadas\/#primaryimage\",\"url\":\"https:\/\/fizzyvape.eu\/wp-content\/uploads\/2025\/03\/Fizzy-Pandora-WATERMELON-12000PUFF-1-1.jpg\",\"contentUrl\":\"https:\/\/fizzyvape.eu\/wp-content\/uploads\/2025\/03\/Fizzy-Pandora-WATERMELON-12000PUFF-1-1.jpg\",\"width\":1057,\"height\":1037,\"caption\":\"Fizzy-Pandora-LIM\u00d3N DE AGUA-12000PUFF\"},{\"@type\":\"BreadcrumbList\",\"@id\":\"https:\/\/fizzyvape.eu\/es\/producto\/fizzy-pandora-sandia-12000-bocanadas\/#breadcrumb\",\"itemListElement\":[{\"@type\":\"ListItem\",\"position\":1,\"name\":\"Home\",\"item\":\"https:\/\/fizzyvape.eu\/es\/\"},{\"@type\":\"ListItem\",\"position\":2,\"name\":\"Tienda\",\"item\":\"https:\/\/www.fizzyvape.eu\/es\/tienda\/\"},{\"@type\":\"ListItem\",\"position\":3,\"name\":\"Fizzy Pandora Sand\u00eda &#8211; 12000 bocanadas\"}]},{\"@type\":\"WebSite\",\"@id\":\"https:\/\/www.fizzyvape.eu\/es\/#website\",\"url\":\"https:\/\/www.fizzyvape.eu\/es\/\",\"name\":\"fizzyvape.eu\",\"description\":\"Refreshing Vapes. Unforgettable Taste.\",\"publisher\":{\"@id\":\"https:\/\/www.fizzyvape.eu\/es\/#organization\"},\"potentialAction\":[{\"@type\":\"SearchAction\",\"target\":{\"@type\":\"EntryPoint\",\"urlTemplate\":\"https:\/\/www.fizzyvape.eu\/es\/?s={search_term_string}\"},\"query-input\":{\"@type\":\"PropertyValueSpecification\",\"valueRequired\":true,\"valueName\":\"search_term_string\"}}],\"inLanguage\":\"es\"},{\"@type\":\"Organization\",\"@id\":\"https:\/\/www.fizzyvape.eu\/es\/#organization\",\"name\":\"fizzyvape.eu\",\"url\":\"https:\/\/www.fizzyvape.eu\/es\/\",\"logo\":{\"@type\":\"ImageObject\",\"inLanguage\":\"es\",\"@id\":\"https:\/\/www.fizzyvape.eu\/es\/#\/schema\/logo\/image\/\",\"url\":\"https:\/\/fizzyvape.eu\/wp-content\/uploads\/2019\/06\/print-1.svg\",\"contentUrl\":\"https:\/\/fizzyvape.eu\/wp-content\/uploads\/2019\/06\/print-1.svg\",\"width\":124,\"height\":37,\"caption\":\"fizzyvape.eu\"},\"image\":{\"@id\":\"https:\/\/www.fizzyvape.eu\/es\/#\/schema\/logo\/image\/\"}}]}<\/script>\n<meta property=\"og:availability\" content=\"out of stock\" \/>\n<meta property=\"product:availability\" content=\"out of stock\" \/>\n<meta property=\"product:condition\" content=\"new\" \/>\n<!-- \/ Yoast SEO Premium plugin. -->","yoast_head_json":{"title":"Fizzy Pandora Sand\u00eda - 12000 bocanadas - fizzyvape.eu","robots":{"index":"index","follow":"follow","max-snippet":"max-snippet:-1","max-image-preview":"max-image-preview:large","max-video-preview":"max-video-preview:-1"},"canonical":"https:\/\/fizzyvape.eu\/es\/producto\/fizzy-pandora-sandia-12000-bocanadas\/","og_locale":"es_ES","og_type":"article","og_title":"Fizzy Pandora Sand\u00eda - 12000 bocanadas","og_description":"Fizzy Pandora Watermelon 12000 Puffs ofrece un explosivo sabor a sand\u00eda con un refrescante toque efervescente en cada calada. Disfruta de 12.000 caladas ultrasuaves con este vapeador desechable de primera calidad que incorpora una avanzada tecnolog\u00eda de bobina de malla para un sabor rico y consistente. Precargado con 20 ml de e-l\u00edquido salino con un 5% de nicotina y listo para usar inmediatamente, sin necesidad de recargarlo. Perfecto para vapear todo el d\u00eda gracias a su enorme capacidad de e-l\u00edquido y su dise\u00f1o compacto y f\u00e1cil de transportar.","og_url":"https:\/\/fizzyvape.eu\/es\/producto\/fizzy-pandora-sandia-12000-bocanadas\/","og_site_name":"fizzyvape.eu","og_image":[{"width":1057,"height":1037,"url":"https:\/\/fizzyvape.eu\/wp-content\/uploads\/2025\/03\/Fizzy-Pandora-WATERMELON-12000PUFF-1-1.jpg","type":"image\/jpeg"}],"twitter_card":"summary_large_image","twitter_misc":{"Disponibilidad":"Sin existencias"},"schema":{"@context":"https:\/\/schema.org","@graph":[{"@type":"WebPage","@id":"https:\/\/fizzyvape.eu\/es\/producto\/fizzy-pandora-sandia-12000-bocanadas\/","url":"https:\/\/fizzyvape.eu\/es\/producto\/fizzy-pandora-sandia-12000-bocanadas\/","name":"Fizzy Pandora Sand\u00eda - 12000 bocanadas - fizzyvape.eu","isPartOf":{"@id":"https:\/\/www.fizzyvape.eu\/es\/#website"},"primaryImageOfPage":{"@id":"https:\/\/fizzyvape.eu\/es\/producto\/fizzy-pandora-sandia-12000-bocanadas\/#primaryimage"},"image":{"@id":"https:\/\/fizzyvape.eu\/es\/producto\/fizzy-pandora-sandia-12000-bocanadas\/#primaryimage"},"thumbnailUrl":"https:\/\/fizzyvape.eu\/wp-content\/uploads\/2025\/03\/Fizzy-Pandora-WATERMELON-12000PUFF-1-1.jpg","datePublished":"2025-03-27T01:28:33+00:00","breadcrumb":{"@id":"https:\/\/fizzyvape.eu\/es\/producto\/fizzy-pandora-sandia-12000-bocanadas\/#breadcrumb"},"inLanguage":"es","potentialAction":[{"@type":"ReadAction","target":["https:\/\/fizzyvape.eu\/es\/producto\/fizzy-pandora-sandia-12000-bocanadas\/"]}]},{"@type":"ImageObject","inLanguage":"es","@id":"https:\/\/fizzyvape.eu\/es\/producto\/fizzy-pandora-sandia-12000-bocanadas\/#primaryimage","url":"https:\/\/fizzyvape.eu\/wp-content\/uploads\/2025\/03\/Fizzy-Pandora-WATERMELON-12000PUFF-1-1.jpg","contentUrl":"https:\/\/fizzyvape.eu\/wp-content\/uploads\/2025\/03\/Fizzy-Pandora-WATERMELON-12000PUFF-1-1.jpg","width":1057,"height":1037,"caption":"Fizzy-Pandora-LIM\u00d3N DE AGUA-12000PUFF"},{"@type":"BreadcrumbList","@id":"https:\/\/fizzyvape.eu\/es\/producto\/fizzy-pandora-sandia-12000-bocanadas\/#breadcrumb","itemListElement":[{"@type":"ListItem","position":1,"name":"Home","item":"https:\/\/fizzyvape.eu\/es\/"},{"@type":"ListItem","position":2,"name":"Tienda","item":"https:\/\/www.fizzyvape.eu\/es\/tienda\/"},{"@type":"ListItem","position":3,"name":"Fizzy Pandora Sand\u00eda &#8211; 12000 bocanadas"}]},{"@type":"WebSite","@id":"https:\/\/www.fizzyvape.eu\/es\/#website","url":"https:\/\/www.fizzyvape.eu\/es\/","name":"fizzyvape.eu","description":"Refreshing Vapes. Unforgettable Taste.","publisher":{"@id":"https:\/\/www.fizzyvape.eu\/es\/#organization"},"potentialAction":[{"@type":"SearchAction","target":{"@type":"EntryPoint","urlTemplate":"https:\/\/www.fizzyvape.eu\/es\/?s={search_term_string}"},"query-input":{"@type":"PropertyValueSpecification","valueRequired":true,"valueName":"search_term_string"}}],"inLanguage":"es"},{"@type":"Organization","@id":"https:\/\/www.fizzyvape.eu\/es\/#organization","name":"fizzyvape.eu","url":"https:\/\/www.fizzyvape.eu\/es\/","logo":{"@type":"ImageObject","inLanguage":"es","@id":"https:\/\/www.fizzyvape.eu\/es\/#\/schema\/logo\/image\/","url":"https:\/\/fizzyvape.eu\/wp-content\/uploads\/2019\/06\/print-1.svg","contentUrl":"https:\/\/fizzyvape.eu\/wp-content\/uploads\/2019\/06\/print-1.svg","width":124,"height":37,"caption":"fizzyvape.eu"},"image":{"@id":"https:\/\/www.fizzyvape.eu\/es\/#\/schema\/logo\/image\/"}}]},"og_availability":"out of stock","product_availability":"out of stock","product_condition":"new"},"tiered_pricing_type":"fixed","tiered_pricing_fixed_rules":[],"tiered_pricing_product_settings":{"layout":"default","base_unit_name":{"singular":null,"plural":null},"default_variation":null},"tiered_pricing_minimum_quantity":null,"tiered_pricing_roles_data":[],"tiered_pricing_percentage_rules":[],"tiered_pricing_maximum_quantity":null,"tiered_pricing_quantity_step":null,"_links":{"self":[{"href":"https:\/\/fizzyvape.eu\/es\/wp-json\/wp\/v2\/product\/26270","targetHints":{"allow":["GET"]}}],"collection":[{"href":"https:\/\/fizzyvape.eu\/es\/wp-json\/wp\/v2\/product"}],"about":[{"href":"https:\/\/fizzyvape.eu\/es\/wp-json\/wp\/v2\/types\/product"}],"replies":[{"embeddable":true,"href":"https:\/\/fizzyvape.eu\/es\/wp-json\/wp\/v2\/comments?post=26270"}],"version-history":[{"count":0,"href":"https:\/\/fizzyvape.eu\/es\/wp-json\/wp\/v2\/product\/26270\/revisions"}],"wp:featuredmedia":[{"embeddable":true,"href":"https:\/\/fizzyvape.eu\/es\/wp-json\/wp\/v2\/media\/20608"}],"wp:attachment":[{"href":"https:\/\/fizzyvape.eu\/es\/wp-json\/wp\/v2\/media?parent=26270"}],"wp:term":[{"taxonomy":"product_brand","embeddable":true,"href":"https:\/\/fizzyvape.eu\/es\/wp-json\/wp\/v2\/product_brand?post=26270"},{"taxonomy":"product_cat","embeddable":true,"href":"https:\/\/fizzyvape.eu\/es\/wp-json\/wp\/v2\/product_cat?post=26270"},{"taxonomy":"product_tag","embeddable":true,"href":"https:\/\/fizzyvape.eu\/es\/wp-json\/wp\/v2\/product_tag?post=26270"}],"curies":[{"name":"wp","href":"https:\/\/api.w.org\/{rel}","templated":true}]}}