{"id":26389,"date":"2025-03-27T11:43:01","date_gmt":"2025-03-27T03:43:01","guid":{"rendered":"https:\/\/fizzyvape.eu\/product\/fizzy-pandora-naranja-mango-sandia-12000-puffs\/"},"modified":"2025-03-27T11:43:01","modified_gmt":"2025-03-27T03:43:01","slug":"fizzy-pandora-naranja-mango-sandia-12000-puffs","status":"publish","type":"product","link":"https:\/\/fizzyvape.eu\/es\/producto\/fizzy-pandora-naranja-mango-sandia-12000-puffs\/","title":{"rendered":"Fizzy Pandora Naranja Mango Sand\u00eda &#8211; 12000 Puffs"},"content":{"rendered":"<div>\n<h2><strong>Fizzy Pandora Naranja Mango Sand\u00eda 12000 Puffs &#8211; Vape Desechable Premium Triple Fruta<\/strong><\/h2>\n<p>Disfruta de una explosi\u00f3n de frutas tropicales con <strong>las 12.000 caladas de Pandora Naranja Mango Sand\u00eda Efervescente<\/strong>, una mezcla de sabrosa naranja, dulce mango y jugosa sand\u00eda con un refrescante acabado efervescente. Este vapeador desechable de primera calidad ofrece 12.000 suaves caladas de e-l\u00edquido salado con un 5% de nicotina en un elegante dise\u00f1o recargable por USB-C. <\/p>\n<h3><strong>Caracter\u00edsticas principales<\/strong><\/h3>\n<ul>\n<li>12.000 caladas prolongadas &#8211; dura 2-3 semanas con un uso moderado<\/li>\n<li>Perfil de triple sabor frutal perfectamente equilibrado<\/li>\n<li>Construcci\u00f3n a prueba de fugas (dise\u00f1o compacto de 48\u00d720,6\u00d788 mm)<\/li>\n<li>Mecanismo de extracci\u00f3n para vapear sin problemas<\/li>\n<\/ul>\n<h3><strong>\u00bfPor qu\u00e9 elegir Fizzy Pandora Naranja Mango Sand\u00eda?<\/strong><\/h3>\n<p>\ud83c\udf4a\ud83c\udf48\ud83c\udf49 <strong>Explosi\u00f3n de Sabor Tropical<\/strong> &#8211; Naranja picante, mango dulce y sand\u00eda jugosa con una efervescencia refrescante<br \/>\n\u26a1 <strong>Recargable y de duraci\u00f3n extralarga<\/strong>: 12.000 caladas con carga USB-C<br \/>\n\ud83d\udca8 <strong>Suave y equilibrado<\/strong>: 5% de sal de nicotina para un efecto satisfactorio pero suave<br \/>\n\ud83d\ude80 <strong>Experiencia de Vapeo Premium<\/strong> &#8211; La avanzada bobina de malla proporciona un sabor rico y consistente<br \/>\n\ud83c\udf34 <strong>Vacaciones en cada calada<\/strong> &#8211; Sabor tropical complejo y estratificado que nunca pasa de moda<br \/>\n\ud83d\udee1\ufe0f <strong>A prueba de fugas y apto para viajes<\/strong>: dise\u00f1o compacto perfecto para vapear sobre la marcha <\/p>\n<h3>Contenido del paquete<\/h3>\n<p>1 \u00d7 Dispositivo Fizzy Pandora Naranja Mango Sand\u00eda 12000 Puffs<\/p>\n<\/div>\n<div>\n<h3>Especificaciones<\/h3>\n<table>\n<tbody>\n<tr>\n<td>Puffs<\/td>\n<td><strong>12000+ Puffs<\/strong><\/td>\n<\/tr>\n<tr>\n<td>Capacidad del e-l\u00edquido<\/td>\n<td><strong>20 ml<\/strong><\/td>\n<\/tr>\n<tr>\n<td>Capacidad de la bater\u00eda<\/td>\n<td><strong>650 mAh<\/strong><\/td>\n<\/tr>\n<tr>\n<td>Bobina de malla<\/td>\n<td><strong>1.4\u03a9<\/strong><\/td>\n<\/tr>\n<tr>\n<td>Tama\u00f1o<\/td>\n<td><strong>48*20,6*88 mm<\/strong><\/td>\n<\/tr>\n<tr>\n<td>Desechable o no<\/td>\n<td><strong>Desechable<\/strong><\/td>\n<\/tr>\n<tr>\n<td>M\u00e9todo de carga<\/td>\n<td><strong>Cable<\/strong><\/td>\n<\/tr>\n<tr>\n<td>M\u00e9todo de activaci\u00f3n<\/td>\n<td><strong>Sensor<\/strong><\/td>\n<\/tr>\n<tr>\n<td>Nivel de nicotina<\/td>\n<td><strong>5%(50mg\/ml)<\/strong><\/td>\n<\/tr>\n<tr>\n<td>Sabores<\/td>\n<td><strong>12<\/strong><\/td>\n<\/tr>\n<tr>\n<td>Embalaje<\/td>\n<td><strong>1 paquete<\/strong><\/td>\n<\/tr>\n<tr>\n<td>Tiempo de carga<\/td>\n<td><strong>2 horas<\/strong><\/td>\n<\/tr>\n<tr>\n<td>Almacenamiento<\/td>\n<td><strong>Evita los entornos con altas temperaturas y gu\u00e1rdalo en un lugar fresco y seco.<\/strong><\/td>\n<\/tr>\n<tr>\n<td>Personas cuyo uso est\u00e1 prohibido<\/td>\n<td><strong>Menores, mujeres embarazadas y personas al\u00e9rgicas a los ingredientes del producto.<\/strong><\/td>\n<\/tr>\n<tr>\n<td>Precauci\u00f3n<\/td>\n<td><strong>No tragues esta sustancia. En caso de ingesti\u00f3n, enju\u00e1gate bien la boca inmediatamente. Si te encuentras mal, acude al m\u00e9dico.  <\/strong><\/td>\n<\/tr>\n<\/tbody>\n<\/table>\n<h3>Lista de sabores de <strong>Fizzy Pandora <\/strong>12000 Puffs:<\/h3>\n<ol>\n<li><a href=\"https:\/\/fizzyvape.eu\/es\/producto\/fizzy-pandora-sandia-12000-bocanadas\/\">Sand\u00eda<\/a><\/li>\n<li><a href=\"https:\/\/fizzyvape.eu\/es\/producto\/fizzy-pandora-mango-12000-bocanadas\/\">Mango<\/a><\/li>\n<li><a href=\"https:\/\/fizzyvape.eu\/es\/producto\/fizzy-pandora-uva-12000-puffs\/\">Uva<\/a><\/li>\n<li><a href=\"https:\/\/fizzyvape.eu\/es\/producto\/fizzy-pandora-granada-12000-puffs\/\">Granada<\/a><\/li>\n<li><a href=\"https:\/\/fizzyvape.eu\/es\/producto\/fizzy-pandora-melocoton-12000-puffs\/\">Melocot\u00f3n<\/a><\/li>\n<li><a href=\"https:\/\/fizzyvape.eu\/es\/producto\/fizzy-pandora-arandano-frambuesa-12000-puffs\/\">Ar\u00e1ndano Frambuesa<\/a><\/li>\n<li><a href=\"https:\/\/fizzyvape.eu\/es\/producto\/fizzy-pandora-naranja-mango-sandia-12000-puffs\/\">Naranja Mango Sand\u00eda<\/a><\/li>\n<li><a href=\"https:\/\/fizzyvape.eu\/product\/fizzy-pandora-ice-mint-12000-puffs\/\">Menta helada<\/a><\/li>\n<li><a href=\"https:\/\/fizzyvape.eu\/product\/fizzy-pandora-strawberry-kiwi-pomegranate-12000-puffs\/\">Fresa Kiwi Granada<\/a><\/li>\n<li><a href=\"https:\/\/fizzyvape.eu\/product\/fizzy-pandora-blueberry-12000-puffs\/\">Ar\u00e1ndanos<\/a><\/li>\n<li><a href=\"https:\/\/fizzyvape.eu\/es\/producto\/fizzy-pandora-fresa-12000-puffs\/\">Fresa<\/a><\/li>\n<li><a href=\"https:\/\/fizzyvape.eu\/es\/producto\/fizzy-pandora-sandia-arandano-12000-puffs\/\">Sand\u00eda Ar\u00e1ndano<\/a><\/li>\n<\/ol>\n<h3><strong>Preguntas frecuentes <\/strong><strong>Naranja efervescente Mango Sand\u00eda 12000 Puffs <\/strong><strong>Vapea<\/strong><\/h3>\n<ol start=\"1\">\n<li><strong>\u00bfQu\u00e9 tal sabe el triple sabor a fruta?<\/strong><br \/>\nOfrece un equilibrio perfecto: empieza con ralladura de naranja brillante, pasa a mango dulce y termina con sand\u00eda jugosa y una efervescencia refrescante.<\/li>\n<li><strong>\u00bfSe puede ajustar la intensidad de la nicotina?<\/strong><br \/>\nNo, este desechable viene con una concentraci\u00f3n fija de sal de nicotina del 5% (50mg) para una satisfacci\u00f3n \u00f3ptima.<\/li>\n<li><strong>\u00bfC\u00f3mo s\u00e9 cu\u00e1ndo el dispositivo est\u00e1 vac\u00edo?<\/strong><br \/>\nEl sabor y la producci\u00f3n de vapor disminuir\u00e1n notablemente, y el aparato dejar\u00e1 de funcionar cuando el e-l\u00edquido se consuma por completo.<\/li>\n<li><strong>\u00bfPuedo cargarlo con cualquier cable USB-C?<\/strong><br \/>\nS\u00ed, pero te recomendamos que utilices el cable incluido para obtener un rendimiento de carga y una duraci\u00f3n de la bater\u00eda \u00f3ptimos.<\/li>\n<li><strong>\u00bfEs adecuado para principiantes del vapeo?<\/strong><br \/>\n\u00a1Sin duda! El dise\u00f1o activado por tracci\u00f3n hace que sea f\u00e1cil de usar nada m\u00e1s sacarlo de la caja, sin ajustes que modificar. <\/li>\n<\/ol>\n<\/div>\n","protected":false},"excerpt":{"rendered":"<p><strong>Pandora Efervescente Naranja Mango Sand\u00eda 12000 caladas<\/strong>: Experimenta una explosi\u00f3n tropical de sabrosa naranja, dulce mango y jugosa sand\u00eda con una refrescante efervescencia en este vaporizador desechable recargable de larga duraci\u00f3n.<\/p>\n","protected":false},"featured_media":20640,"comment_status":"open","ping_status":"closed","template":"","meta":{"iawp_total_views":1},"product_brand":[],"product_cat":[288],"product_tag":[289,379],"class_list":{"0":"post-26389","1":"product","2":"type-product","3":"status-publish","4":"has-post-thumbnail","6":"product_cat-pandora-es","7":"product_tag-12000-puffs-es","8":"product_tag-sandia","10":"first","11":"outofstock","12":"shipping-taxable","13":"purchasable","14":"product-type-variable"},"yoast_head":"<!-- This site is optimized with the Yoast SEO Premium plugin v24.8 (Yoast SEO v24.8) - https:\/\/yoast.com\/wordpress\/plugins\/seo\/ -->\n<title>Fizzy Pandora Naranja Mango Sand\u00eda - 12000 Puffs - fizzyvape.eu<\/title>\n<meta name=\"robots\" content=\"index, follow, max-snippet:-1, max-image-preview:large, max-video-preview:-1\" \/>\n<link rel=\"canonical\" href=\"https:\/\/fizzyvape.eu\/es\/producto\/fizzy-pandora-naranja-mango-sandia-12000-puffs\/\" \/>\n<meta property=\"og:locale\" content=\"es_ES\" \/>\n<meta property=\"og:type\" content=\"article\" \/>\n<meta property=\"og:title\" content=\"Fizzy Pandora Naranja Mango Sand\u00eda - 12000 Puffs\" \/>\n<meta property=\"og:description\" content=\"Pandora Efervescente Naranja Mango Sand\u00eda 12000 caladas: Experimenta una explosi\u00f3n tropical de sabrosa naranja, dulce mango y jugosa sand\u00eda con una refrescante efervescencia en este vaporizador desechable recargable de larga duraci\u00f3n.\" \/>\n<meta property=\"og:url\" content=\"https:\/\/fizzyvape.eu\/es\/producto\/fizzy-pandora-naranja-mango-sandia-12000-puffs\/\" \/>\n<meta property=\"og:site_name\" content=\"fizzyvape.eu\" \/>\n<meta property=\"og:image\" content=\"https:\/\/fizzyvape.eu\/wp-content\/uploads\/2025\/03\/FizzyVape-Pandora-Orange-Mango-Watermelon12000Puff.jpg\" \/>\n\t<meta property=\"og:image:width\" content=\"1057\" \/>\n\t<meta property=\"og:image:height\" content=\"1037\" \/>\n\t<meta property=\"og:image:type\" content=\"image\/jpeg\" \/>\n<meta name=\"twitter:card\" content=\"summary_large_image\" \/>\n<meta name=\"twitter:label1\" content=\"Disponibilidad\" \/>\n\t<meta name=\"twitter:data1\" content=\"Sin existencias\" \/>\n<script type=\"application\/ld+json\" class=\"yoast-schema-graph\">{\"@context\":\"https:\/\/schema.org\",\"@graph\":[{\"@type\":\"WebPage\",\"@id\":\"https:\/\/fizzyvape.eu\/es\/producto\/fizzy-pandora-naranja-mango-sandia-12000-puffs\/\",\"url\":\"https:\/\/fizzyvape.eu\/es\/producto\/fizzy-pandora-naranja-mango-sandia-12000-puffs\/\",\"name\":\"Fizzy Pandora Naranja Mango Sand\u00eda - 12000 Puffs - fizzyvape.eu\",\"isPartOf\":{\"@id\":\"https:\/\/www.fizzyvape.eu\/es\/#website\"},\"primaryImageOfPage\":{\"@id\":\"https:\/\/fizzyvape.eu\/es\/producto\/fizzy-pandora-naranja-mango-sandia-12000-puffs\/#primaryimage\"},\"image\":{\"@id\":\"https:\/\/fizzyvape.eu\/es\/producto\/fizzy-pandora-naranja-mango-sandia-12000-puffs\/#primaryimage\"},\"thumbnailUrl\":\"https:\/\/fizzyvape.eu\/wp-content\/uploads\/2025\/03\/FizzyVape-Pandora-Orange-Mango-Watermelon12000Puff.jpg\",\"datePublished\":\"2025-03-27T03:43:01+00:00\",\"breadcrumb\":{\"@id\":\"https:\/\/fizzyvape.eu\/es\/producto\/fizzy-pandora-naranja-mango-sandia-12000-puffs\/#breadcrumb\"},\"inLanguage\":\"es\",\"potentialAction\":[{\"@type\":\"ReadAction\",\"target\":[\"https:\/\/fizzyvape.eu\/es\/producto\/fizzy-pandora-naranja-mango-sandia-12000-puffs\/\"]}]},{\"@type\":\"ImageObject\",\"inLanguage\":\"es\",\"@id\":\"https:\/\/fizzyvape.eu\/es\/producto\/fizzy-pandora-naranja-mango-sandia-12000-puffs\/#primaryimage\",\"url\":\"https:\/\/fizzyvape.eu\/wp-content\/uploads\/2025\/03\/FizzyVape-Pandora-Orange-Mango-Watermelon12000Puff.jpg\",\"contentUrl\":\"https:\/\/fizzyvape.eu\/wp-content\/uploads\/2025\/03\/FizzyVape-Pandora-Orange-Mango-Watermelon12000Puff.jpg\",\"width\":1057,\"height\":1037,\"caption\":\"FizzyVape-Pandora-Naranja-Mango-Sand\u00eda12000Puff\"},{\"@type\":\"BreadcrumbList\",\"@id\":\"https:\/\/fizzyvape.eu\/es\/producto\/fizzy-pandora-naranja-mango-sandia-12000-puffs\/#breadcrumb\",\"itemListElement\":[{\"@type\":\"ListItem\",\"position\":1,\"name\":\"Home\",\"item\":\"https:\/\/fizzyvape.eu\/es\/\"},{\"@type\":\"ListItem\",\"position\":2,\"name\":\"Tienda\",\"item\":\"https:\/\/www.fizzyvape.eu\/es\/tienda\/\"},{\"@type\":\"ListItem\",\"position\":3,\"name\":\"Fizzy Pandora Naranja Mango Sand\u00eda &#8211; 12000 Puffs\"}]},{\"@type\":\"WebSite\",\"@id\":\"https:\/\/www.fizzyvape.eu\/es\/#website\",\"url\":\"https:\/\/www.fizzyvape.eu\/es\/\",\"name\":\"fizzyvape.eu\",\"description\":\"Refreshing Vapes. Unforgettable Taste.\",\"publisher\":{\"@id\":\"https:\/\/www.fizzyvape.eu\/es\/#organization\"},\"potentialAction\":[{\"@type\":\"SearchAction\",\"target\":{\"@type\":\"EntryPoint\",\"urlTemplate\":\"https:\/\/www.fizzyvape.eu\/es\/?s={search_term_string}\"},\"query-input\":{\"@type\":\"PropertyValueSpecification\",\"valueRequired\":true,\"valueName\":\"search_term_string\"}}],\"inLanguage\":\"es\"},{\"@type\":\"Organization\",\"@id\":\"https:\/\/www.fizzyvape.eu\/es\/#organization\",\"name\":\"fizzyvape.eu\",\"url\":\"https:\/\/www.fizzyvape.eu\/es\/\",\"logo\":{\"@type\":\"ImageObject\",\"inLanguage\":\"es\",\"@id\":\"https:\/\/www.fizzyvape.eu\/es\/#\/schema\/logo\/image\/\",\"url\":\"https:\/\/fizzyvape.eu\/wp-content\/uploads\/2019\/06\/print-1.svg\",\"contentUrl\":\"https:\/\/fizzyvape.eu\/wp-content\/uploads\/2019\/06\/print-1.svg\",\"width\":124,\"height\":37,\"caption\":\"fizzyvape.eu\"},\"image\":{\"@id\":\"https:\/\/www.fizzyvape.eu\/es\/#\/schema\/logo\/image\/\"}}]}<\/script>\n<meta property=\"og:availability\" content=\"out of stock\" \/>\n<meta property=\"product:availability\" content=\"out of stock\" \/>\n<meta property=\"product:condition\" content=\"new\" \/>\n<!-- \/ Yoast SEO Premium plugin. -->","yoast_head_json":{"title":"Fizzy Pandora Naranja Mango Sand\u00eda - 12000 Puffs - fizzyvape.eu","robots":{"index":"index","follow":"follow","max-snippet":"max-snippet:-1","max-image-preview":"max-image-preview:large","max-video-preview":"max-video-preview:-1"},"canonical":"https:\/\/fizzyvape.eu\/es\/producto\/fizzy-pandora-naranja-mango-sandia-12000-puffs\/","og_locale":"es_ES","og_type":"article","og_title":"Fizzy Pandora Naranja Mango Sand\u00eda - 12000 Puffs","og_description":"Pandora Efervescente Naranja Mango Sand\u00eda 12000 caladas: Experimenta una explosi\u00f3n tropical de sabrosa naranja, dulce mango y jugosa sand\u00eda con una refrescante efervescencia en este vaporizador desechable recargable de larga duraci\u00f3n.","og_url":"https:\/\/fizzyvape.eu\/es\/producto\/fizzy-pandora-naranja-mango-sandia-12000-puffs\/","og_site_name":"fizzyvape.eu","og_image":[{"width":1057,"height":1037,"url":"https:\/\/fizzyvape.eu\/wp-content\/uploads\/2025\/03\/FizzyVape-Pandora-Orange-Mango-Watermelon12000Puff.jpg","type":"image\/jpeg"}],"twitter_card":"summary_large_image","twitter_misc":{"Disponibilidad":"Sin existencias"},"schema":{"@context":"https:\/\/schema.org","@graph":[{"@type":"WebPage","@id":"https:\/\/fizzyvape.eu\/es\/producto\/fizzy-pandora-naranja-mango-sandia-12000-puffs\/","url":"https:\/\/fizzyvape.eu\/es\/producto\/fizzy-pandora-naranja-mango-sandia-12000-puffs\/","name":"Fizzy Pandora Naranja Mango Sand\u00eda - 12000 Puffs - fizzyvape.eu","isPartOf":{"@id":"https:\/\/www.fizzyvape.eu\/es\/#website"},"primaryImageOfPage":{"@id":"https:\/\/fizzyvape.eu\/es\/producto\/fizzy-pandora-naranja-mango-sandia-12000-puffs\/#primaryimage"},"image":{"@id":"https:\/\/fizzyvape.eu\/es\/producto\/fizzy-pandora-naranja-mango-sandia-12000-puffs\/#primaryimage"},"thumbnailUrl":"https:\/\/fizzyvape.eu\/wp-content\/uploads\/2025\/03\/FizzyVape-Pandora-Orange-Mango-Watermelon12000Puff.jpg","datePublished":"2025-03-27T03:43:01+00:00","breadcrumb":{"@id":"https:\/\/fizzyvape.eu\/es\/producto\/fizzy-pandora-naranja-mango-sandia-12000-puffs\/#breadcrumb"},"inLanguage":"es","potentialAction":[{"@type":"ReadAction","target":["https:\/\/fizzyvape.eu\/es\/producto\/fizzy-pandora-naranja-mango-sandia-12000-puffs\/"]}]},{"@type":"ImageObject","inLanguage":"es","@id":"https:\/\/fizzyvape.eu\/es\/producto\/fizzy-pandora-naranja-mango-sandia-12000-puffs\/#primaryimage","url":"https:\/\/fizzyvape.eu\/wp-content\/uploads\/2025\/03\/FizzyVape-Pandora-Orange-Mango-Watermelon12000Puff.jpg","contentUrl":"https:\/\/fizzyvape.eu\/wp-content\/uploads\/2025\/03\/FizzyVape-Pandora-Orange-Mango-Watermelon12000Puff.jpg","width":1057,"height":1037,"caption":"FizzyVape-Pandora-Naranja-Mango-Sand\u00eda12000Puff"},{"@type":"BreadcrumbList","@id":"https:\/\/fizzyvape.eu\/es\/producto\/fizzy-pandora-naranja-mango-sandia-12000-puffs\/#breadcrumb","itemListElement":[{"@type":"ListItem","position":1,"name":"Home","item":"https:\/\/fizzyvape.eu\/es\/"},{"@type":"ListItem","position":2,"name":"Tienda","item":"https:\/\/www.fizzyvape.eu\/es\/tienda\/"},{"@type":"ListItem","position":3,"name":"Fizzy Pandora Naranja Mango Sand\u00eda &#8211; 12000 Puffs"}]},{"@type":"WebSite","@id":"https:\/\/www.fizzyvape.eu\/es\/#website","url":"https:\/\/www.fizzyvape.eu\/es\/","name":"fizzyvape.eu","description":"Refreshing Vapes. Unforgettable Taste.","publisher":{"@id":"https:\/\/www.fizzyvape.eu\/es\/#organization"},"potentialAction":[{"@type":"SearchAction","target":{"@type":"EntryPoint","urlTemplate":"https:\/\/www.fizzyvape.eu\/es\/?s={search_term_string}"},"query-input":{"@type":"PropertyValueSpecification","valueRequired":true,"valueName":"search_term_string"}}],"inLanguage":"es"},{"@type":"Organization","@id":"https:\/\/www.fizzyvape.eu\/es\/#organization","name":"fizzyvape.eu","url":"https:\/\/www.fizzyvape.eu\/es\/","logo":{"@type":"ImageObject","inLanguage":"es","@id":"https:\/\/www.fizzyvape.eu\/es\/#\/schema\/logo\/image\/","url":"https:\/\/fizzyvape.eu\/wp-content\/uploads\/2019\/06\/print-1.svg","contentUrl":"https:\/\/fizzyvape.eu\/wp-content\/uploads\/2019\/06\/print-1.svg","width":124,"height":37,"caption":"fizzyvape.eu"},"image":{"@id":"https:\/\/www.fizzyvape.eu\/es\/#\/schema\/logo\/image\/"}}]},"og_availability":"out of stock","product_availability":"out of stock","product_condition":"new"},"tiered_pricing_type":"fixed","tiered_pricing_fixed_rules":[],"tiered_pricing_product_settings":{"layout":"default","base_unit_name":{"singular":null,"plural":null},"default_variation":null},"tiered_pricing_minimum_quantity":null,"tiered_pricing_roles_data":[],"tiered_pricing_percentage_rules":[],"tiered_pricing_maximum_quantity":null,"tiered_pricing_quantity_step":null,"_links":{"self":[{"href":"https:\/\/fizzyvape.eu\/es\/wp-json\/wp\/v2\/product\/26389","targetHints":{"allow":["GET"]}}],"collection":[{"href":"https:\/\/fizzyvape.eu\/es\/wp-json\/wp\/v2\/product"}],"about":[{"href":"https:\/\/fizzyvape.eu\/es\/wp-json\/wp\/v2\/types\/product"}],"replies":[{"embeddable":true,"href":"https:\/\/fizzyvape.eu\/es\/wp-json\/wp\/v2\/comments?post=26389"}],"version-history":[{"count":0,"href":"https:\/\/fizzyvape.eu\/es\/wp-json\/wp\/v2\/product\/26389\/revisions"}],"wp:featuredmedia":[{"embeddable":true,"href":"https:\/\/fizzyvape.eu\/es\/wp-json\/wp\/v2\/media\/20640"}],"wp:attachment":[{"href":"https:\/\/fizzyvape.eu\/es\/wp-json\/wp\/v2\/media?parent=26389"}],"wp:term":[{"taxonomy":"product_brand","embeddable":true,"href":"https:\/\/fizzyvape.eu\/es\/wp-json\/wp\/v2\/product_brand?post=26389"},{"taxonomy":"product_cat","embeddable":true,"href":"https:\/\/fizzyvape.eu\/es\/wp-json\/wp\/v2\/product_cat?post=26389"},{"taxonomy":"product_tag","embeddable":true,"href":"https:\/\/fizzyvape.eu\/es\/wp-json\/wp\/v2\/product_tag?post=26389"}],"curies":[{"name":"wp","href":"https:\/\/api.w.org\/{rel}","templated":true}]}}