{"id":26566,"date":"2025-03-26T11:33:42","date_gmt":"2025-03-26T03:33:42","guid":{"rendered":"https:\/\/fizzyvape.eu\/product\/fizzy-gran-sandia-10000-bocanadas\/"},"modified":"2025-03-26T03:33:42","modified_gmt":"2025-03-25T19:33:42","slug":"fizzy-gran-sandia-10000-bocanadas","status":"publish","type":"product","link":"https:\/\/fizzyvape.eu\/es\/producto\/fizzy-gran-sandia-10000-bocanadas\/","title":{"rendered":"Fizzy Gran Sand\u00eda &#8211; 10000 bocanadas"},"content":{"rendered":"<div>\n<h2>Fizzy Great Watermelon 10000 Puffs &#8211; \u00a1Rebosantes de sabor refrescante!<\/h2>\n<p>\u00a1Del\u00e9itate con la jugosa y efervescente delicia de <strong>10000 caladas de Fizzy Great Watermelon<\/strong>! Este vapeador desechable de primera calidad combina el sabor dulce y \u00e1cido de la sand\u00eda madura con una efervescencia chispeante parecida a la soda, proporcionando una experiencia irresistiblemente refrescante con cada calada. Dise\u00f1ado para un disfrute duradero, este potente vaporizador de 10.000 caladas te garantiza un sabor suave y atrevido de principio a fin.\u00a1Disfruta de la jugosa y efervescente delicia de <strong>10000 caladas de Fizzy Great Watermelon<\/strong>! Este vapeador desechable de primera calidad combina el sabor dulce y \u00e1cido de la sand\u00eda madura con una efervescencia chispeante parecida a la soda, proporcionando una experiencia irresistiblemente refrescante con cada calada. Dise\u00f1ado para un disfrute duradero, este potente vaporizador de 10.000 caladas te garantiza un sabor suave y atrevido de principio a fin.  <\/p>\n<h2><strong>Caracter\u00edsticas principales<\/strong><\/h2>\n<ul>\n<li><strong>10.000 caladas ultralargas<\/strong>: sin recambios ni recargas, s\u00f3lo diversi\u00f3n sin fin.<\/li>\n<li><strong>Sand\u00eda jugosa + Giro de refresco efervescente<\/strong> &#8211; Un sabor perfectamente equilibrado y estimulante.<\/li>\n<li><strong>Dise\u00f1o elegante y port\u00e1til<\/strong>: compacto, ligero y f\u00e1cil de transportar.<\/li>\n<li><strong>Precargada y prellenada<\/strong>: lista para usar nada m\u00e1s sacarla de la caja.<\/li>\n<li><strong>Tecnolog\u00eda avanzada de bobina de malla<\/strong>: para un sabor m\u00e1s intenso y nubes densas y satisfactorias.<\/li>\n<\/ul>\n<h2><strong>\u00bfPor qu\u00e9 elegir Fizzy Great?<\/strong><\/h2>\n<ul>\n<li><strong>Ingredientes de primera<\/strong>: e-l\u00edquido de alta calidad, probado en laboratorio, para un suave golpe de garganta.<\/li>\n<li><strong>Sabor consistente<\/strong> &#8211; Sin sabor a quemado, s\u00f3lo efervescencia de sand\u00eda crujiente hasta la \u00faltima calada.<\/li>\n<li><strong>Perfecta para llevar<\/strong>: ideal para el trabajo, los viajes o cualquier antojo.<\/li>\n<\/ul>\n<h3>Contenido del paquete<\/h3>\n<p>1 \u00d7 Dispositivo Fizzy Great Watermelon 10000 Puffs<\/p>\n<\/div>\n<div>\n<h3>Especificaciones<\/h3>\n<table>\n<tbody>\n<tr>\n<td>Puffs<\/td>\n<td><strong>10000+ Puffs<\/strong><\/td>\n<\/tr>\n<tr>\n<td>Capacidad del e-l\u00edquido<\/td>\n<td><strong>18 ml<\/strong><\/td>\n<\/tr>\n<tr>\n<td>Capacidad de la bater\u00eda<\/td>\n<td><strong>650 mAh<\/strong><\/td>\n<\/tr>\n<tr>\n<td>Bobina de malla<\/td>\n<td><strong>1.4\u03a9<\/strong><\/td>\n<\/tr>\n<tr>\n<td>Tama\u00f1o<\/td>\n<td><strong>53*30*85,3 mm<\/strong><\/td>\n<\/tr>\n<tr>\n<td>Desechable o no<\/td>\n<td><strong>Desechable<\/strong><\/td>\n<\/tr>\n<tr>\n<td>M\u00e9todo de carga<\/td>\n<td><strong>Cable<\/strong><\/td>\n<\/tr>\n<tr>\n<td>M\u00e9todo de activaci\u00f3n<\/td>\n<td><strong>Sensor<\/strong><\/td>\n<\/tr>\n<tr>\n<td>Nivel de nicotina<\/td>\n<td><strong>5%(50mg\/ml)<\/strong><\/td>\n<\/tr>\n<tr>\n<td>Sabores<\/td>\n<td><strong>10<\/strong><\/td>\n<\/tr>\n<tr>\n<td>Embalaje<\/td>\n<td><strong>1 paquete<\/strong><\/td>\n<\/tr>\n<tr>\n<td>Tiempo de carga<\/td>\n<td><strong>2 horas<\/strong><\/td>\n<\/tr>\n<tr>\n<td>Almacenamiento<\/td>\n<td><strong>Evita los entornos con altas temperaturas y gu\u00e1rdalo en un lugar fresco y seco.<\/strong><\/td>\n<\/tr>\n<tr>\n<td>Personas cuyo uso est\u00e1 prohibido<\/td>\n<td><strong>Menores, mujeres embarazadas y personas al\u00e9rgicas a los ingredientes del producto.<\/strong><\/td>\n<\/tr>\n<tr>\n<td>Precauci\u00f3n<\/td>\n<td><strong>No tragues esta sustancia. En caso de ingesti\u00f3n, enju\u00e1gate bien la boca inmediatamente. Si te encuentras mal, acude al m\u00e9dico.  <\/strong><\/td>\n<\/tr>\n<\/tbody>\n<\/table>\n<h3>Lista de los 10000 sabores de <strong>Fizzy Great<\/strong>:<\/h3>\n<ol>\n<li><a href=\"https:\/\/fizzyvape.eu\/es\/producto\/fizzy-gran-sandia-10000-bocanadas\/\">Sand\u00eda<\/a><\/li>\n<li><a href=\"https:\/\/fizzyvape.eu\/es\/producto\/fizzy-great-blueberry-ice-10000-bocanadas\/\">Hielo de ar\u00e1ndanos<\/a><\/li>\n<li><a href=\"https:\/\/fizzyvape.eu\/product\/fizzy-great-grape-ice-10000-puffs\/\">Hielo de uva<\/a><\/li>\n<li><a href=\"https:\/\/fizzyvape.eu\/product\/fizzy-great-lychee-lemon-10000-puffs\/\">Lichi Lim\u00f3n<\/a><\/li>\n<li><a href=\"https:\/\/fizzyvape.eu\/product\/fizzy-great-pineapple-peach-passion-fruit-10000-puffs\/\">Pi\u00f1a Melocot\u00f3n Fruta de la pasi\u00f3n<\/a><\/li>\n<li><a href=\"https:\/\/fizzyvape.eu\/product\/fizzy-great-raspberry-grape-10000-puffs\/\">Frambuesa Uva<\/a><\/li>\n<li><a href=\"https:\/\/fizzyvape.eu\/product\/fizzy-great-peach-10000-puffs\/\">Melocot\u00f3n<\/a><\/li>\n<li><a href=\"https:\/\/fizzyvape.eu\/es\/producto\/fizzy-great-mango-melocoton-10000-bocanadas\/\">Mango Melocot\u00f3n<\/a><\/li>\n<li><a href=\"https:\/\/fizzyvape.eu\/es\/producto\/fizzy-great-mixed-berry-10000-bocanadas\/\">Mezcla de bayas<\/a><\/li>\n<li><a href=\"https:\/\/fizzyvape.eu\/es\/producto\/fizzy-great-sandia-fresa-limonada-10000-caladas\/\">Limonada de fresa y sand\u00eda<\/a><\/li>\n<\/ol>\n<h3><strong>Preguntas frecuentes sobre <\/strong><strong>Fizzy Gran Sand\u00eda <\/strong><strong>Sabor Vape<\/strong><\/h3>\n<h4><strong>1. \u00bfCu\u00e1nto dura la sand\u00eda efervescente Gran Sand\u00eda 10000 Puffs?<\/strong><\/h4>\n<p>La estimaci\u00f3n de <strong>10.000 caladas<\/strong> depende de los h\u00e1bitos de uso. Para los vapeadores moderados, puede durar <strong>1-2 semanas<\/strong>, mientras que los usuarios m\u00e1s ligeros pueden disfrutarlo durante <strong>m\u00e1s de 3 semanas<\/strong>. Factores como la duraci\u00f3n y la frecuencia de las caladas afectan a la longevidad.  <\/p>\n<h4><strong>2. \u00bfEl sabor es constante hasta la \u00faltima calada?<\/strong><\/h4>\n<p>\u00a1S\u00ed! Gracias a la <strong>avanzada bobina de malla<\/strong> y al e-l\u00edquido de alta calidad, el <strong>jugoso sabor a refresco de sand\u00eda<\/strong> se mantiene intenso y suave <strong>durante toda la vida \u00fatil, sin<\/strong>sabores quemados ni apagados. <\/p>\n<h4><strong>3. \u00bfEste aparato necesita cargarse o rellenarse?<\/strong><\/h4>\n<p>No, el <strong>Fizzy Great Watermelon 10000 Puffs<\/strong> es <strong>totalmente desechable<\/strong>. Viene <strong>precargada con 18 ml de e-l\u00edquido<\/strong> y una <strong>bater\u00eda de 650 mAh integrada<\/strong>, as\u00ed que puedes usarla directamente desde la caja hasta que se agote. <\/p>\n<h4><strong>4. \u00bfQu\u00e9 potencia de nicotina hay disponible?<\/strong><\/h4>\n<p>Este producto contiene <strong>un 5% (50 mg) de sal de nicotina<\/strong>, que proporciona un <strong>satisfactorio golpe de garganta<\/strong> sin asperezas.<\/p>\n<\/div>\n","protected":false},"excerpt":{"rendered":"<p><strong>Fizzy Gran Sand\u00eda 10000 Puffs<\/strong>: Jugosa sand\u00eda con un toque de refresco efervescente. Vapeador desechable de larga duraci\u00f3n. <\/p>\n","protected":false},"featured_media":20280,"comment_status":"open","ping_status":"closed","template":"","meta":{"iawp_total_views":4},"product_brand":[],"product_cat":[271],"product_tag":[272,379],"class_list":{"0":"post-26566","1":"product","2":"type-product","3":"status-publish","4":"has-post-thumbnail","6":"product_cat-great-es","7":"product_tag-10000-bocanadas","8":"product_tag-sandia","10":"first","11":"outofstock","12":"shipping-taxable","13":"purchasable","14":"product-type-variable"},"yoast_head":"<!-- This site is optimized with the Yoast SEO Premium plugin v24.8 (Yoast SEO v24.8) - https:\/\/yoast.com\/wordpress\/plugins\/seo\/ -->\n<title>Fizzy Gran Sand\u00eda - 10000 bocanadas - fizzyvape.eu<\/title>\n<meta name=\"robots\" content=\"index, follow, max-snippet:-1, max-image-preview:large, max-video-preview:-1\" \/>\n<link rel=\"canonical\" href=\"https:\/\/fizzyvape.eu\/es\/producto\/fizzy-gran-sandia-10000-bocanadas\/\" \/>\n<meta property=\"og:locale\" content=\"es_ES\" \/>\n<meta property=\"og:type\" content=\"article\" \/>\n<meta property=\"og:title\" content=\"Fizzy Gran Sand\u00eda - 10000 bocanadas\" \/>\n<meta property=\"og:description\" content=\"Fizzy Gran Sand\u00eda 10000 Puffs: Jugosa sand\u00eda con un toque de refresco efervescente. Vapeador desechable de larga duraci\u00f3n.\" \/>\n<meta property=\"og:url\" content=\"https:\/\/fizzyvape.eu\/es\/producto\/fizzy-gran-sandia-10000-bocanadas\/\" \/>\n<meta property=\"og:site_name\" content=\"fizzyvape.eu\" \/>\n<meta property=\"og:image\" content=\"https:\/\/fizzyvape.eu\/wp-content\/uploads\/2025\/03\/FizzyVape-Great-Watermelon-10000puff.jpg\" \/>\n\t<meta property=\"og:image:width\" content=\"1057\" \/>\n\t<meta property=\"og:image:height\" content=\"1037\" \/>\n\t<meta property=\"og:image:type\" content=\"image\/jpeg\" \/>\n<meta name=\"twitter:card\" content=\"summary_large_image\" \/>\n<meta name=\"twitter:label1\" content=\"Disponibilidad\" \/>\n\t<meta name=\"twitter:data1\" content=\"Sin existencias\" \/>\n<script type=\"application\/ld+json\" class=\"yoast-schema-graph\">{\"@context\":\"https:\/\/schema.org\",\"@graph\":[{\"@type\":\"WebPage\",\"@id\":\"https:\/\/fizzyvape.eu\/es\/producto\/fizzy-gran-sandia-10000-bocanadas\/\",\"url\":\"https:\/\/fizzyvape.eu\/es\/producto\/fizzy-gran-sandia-10000-bocanadas\/\",\"name\":\"Fizzy Gran Sand\u00eda - 10000 bocanadas - fizzyvape.eu\",\"isPartOf\":{\"@id\":\"https:\/\/www.fizzyvape.eu\/es\/#website\"},\"primaryImageOfPage\":{\"@id\":\"https:\/\/fizzyvape.eu\/es\/producto\/fizzy-gran-sandia-10000-bocanadas\/#primaryimage\"},\"image\":{\"@id\":\"https:\/\/fizzyvape.eu\/es\/producto\/fizzy-gran-sandia-10000-bocanadas\/#primaryimage\"},\"thumbnailUrl\":\"https:\/\/fizzyvape.eu\/wp-content\/uploads\/2025\/03\/FizzyVape-Great-Watermelon-10000puff.jpg\",\"datePublished\":\"2025-03-26T03:33:42+00:00\",\"breadcrumb\":{\"@id\":\"https:\/\/fizzyvape.eu\/es\/producto\/fizzy-gran-sandia-10000-bocanadas\/#breadcrumb\"},\"inLanguage\":\"es\",\"potentialAction\":[{\"@type\":\"ReadAction\",\"target\":[\"https:\/\/fizzyvape.eu\/es\/producto\/fizzy-gran-sandia-10000-bocanadas\/\"]}]},{\"@type\":\"ImageObject\",\"inLanguage\":\"es\",\"@id\":\"https:\/\/fizzyvape.eu\/es\/producto\/fizzy-gran-sandia-10000-bocanadas\/#primaryimage\",\"url\":\"https:\/\/fizzyvape.eu\/wp-content\/uploads\/2025\/03\/FizzyVape-Great-Watermelon-10000puff.jpg\",\"contentUrl\":\"https:\/\/fizzyvape.eu\/wp-content\/uploads\/2025\/03\/FizzyVape-Great-Watermelon-10000puff.jpg\",\"width\":1057,\"height\":1037,\"caption\":\"FizzyVape-Gran Sand\u00eda-10000puff\"},{\"@type\":\"BreadcrumbList\",\"@id\":\"https:\/\/fizzyvape.eu\/es\/producto\/fizzy-gran-sandia-10000-bocanadas\/#breadcrumb\",\"itemListElement\":[{\"@type\":\"ListItem\",\"position\":1,\"name\":\"Home\",\"item\":\"https:\/\/fizzyvape.eu\/es\/\"},{\"@type\":\"ListItem\",\"position\":2,\"name\":\"Tienda\",\"item\":\"https:\/\/www.fizzyvape.eu\/es\/tienda\/\"},{\"@type\":\"ListItem\",\"position\":3,\"name\":\"Fizzy Gran Sand\u00eda &#8211; 10000 bocanadas\"}]},{\"@type\":\"WebSite\",\"@id\":\"https:\/\/www.fizzyvape.eu\/es\/#website\",\"url\":\"https:\/\/www.fizzyvape.eu\/es\/\",\"name\":\"fizzyvape.eu\",\"description\":\"Refreshing Vapes. Unforgettable Taste.\",\"publisher\":{\"@id\":\"https:\/\/www.fizzyvape.eu\/es\/#organization\"},\"potentialAction\":[{\"@type\":\"SearchAction\",\"target\":{\"@type\":\"EntryPoint\",\"urlTemplate\":\"https:\/\/www.fizzyvape.eu\/es\/?s={search_term_string}\"},\"query-input\":{\"@type\":\"PropertyValueSpecification\",\"valueRequired\":true,\"valueName\":\"search_term_string\"}}],\"inLanguage\":\"es\"},{\"@type\":\"Organization\",\"@id\":\"https:\/\/www.fizzyvape.eu\/es\/#organization\",\"name\":\"fizzyvape.eu\",\"url\":\"https:\/\/www.fizzyvape.eu\/es\/\",\"logo\":{\"@type\":\"ImageObject\",\"inLanguage\":\"es\",\"@id\":\"https:\/\/www.fizzyvape.eu\/es\/#\/schema\/logo\/image\/\",\"url\":\"https:\/\/fizzyvape.eu\/wp-content\/uploads\/2019\/06\/print-1.svg\",\"contentUrl\":\"https:\/\/fizzyvape.eu\/wp-content\/uploads\/2019\/06\/print-1.svg\",\"width\":124,\"height\":37,\"caption\":\"fizzyvape.eu\"},\"image\":{\"@id\":\"https:\/\/www.fizzyvape.eu\/es\/#\/schema\/logo\/image\/\"}}]}<\/script>\n<meta property=\"og:availability\" content=\"out of stock\" \/>\n<meta property=\"product:availability\" content=\"out of stock\" \/>\n<meta property=\"product:condition\" content=\"new\" \/>\n<!-- \/ Yoast SEO Premium plugin. -->","yoast_head_json":{"title":"Fizzy Gran Sand\u00eda - 10000 bocanadas - fizzyvape.eu","robots":{"index":"index","follow":"follow","max-snippet":"max-snippet:-1","max-image-preview":"max-image-preview:large","max-video-preview":"max-video-preview:-1"},"canonical":"https:\/\/fizzyvape.eu\/es\/producto\/fizzy-gran-sandia-10000-bocanadas\/","og_locale":"es_ES","og_type":"article","og_title":"Fizzy Gran Sand\u00eda - 10000 bocanadas","og_description":"Fizzy Gran Sand\u00eda 10000 Puffs: Jugosa sand\u00eda con un toque de refresco efervescente. Vapeador desechable de larga duraci\u00f3n.","og_url":"https:\/\/fizzyvape.eu\/es\/producto\/fizzy-gran-sandia-10000-bocanadas\/","og_site_name":"fizzyvape.eu","og_image":[{"width":1057,"height":1037,"url":"https:\/\/fizzyvape.eu\/wp-content\/uploads\/2025\/03\/FizzyVape-Great-Watermelon-10000puff.jpg","type":"image\/jpeg"}],"twitter_card":"summary_large_image","twitter_misc":{"Disponibilidad":"Sin existencias"},"schema":{"@context":"https:\/\/schema.org","@graph":[{"@type":"WebPage","@id":"https:\/\/fizzyvape.eu\/es\/producto\/fizzy-gran-sandia-10000-bocanadas\/","url":"https:\/\/fizzyvape.eu\/es\/producto\/fizzy-gran-sandia-10000-bocanadas\/","name":"Fizzy Gran Sand\u00eda - 10000 bocanadas - fizzyvape.eu","isPartOf":{"@id":"https:\/\/www.fizzyvape.eu\/es\/#website"},"primaryImageOfPage":{"@id":"https:\/\/fizzyvape.eu\/es\/producto\/fizzy-gran-sandia-10000-bocanadas\/#primaryimage"},"image":{"@id":"https:\/\/fizzyvape.eu\/es\/producto\/fizzy-gran-sandia-10000-bocanadas\/#primaryimage"},"thumbnailUrl":"https:\/\/fizzyvape.eu\/wp-content\/uploads\/2025\/03\/FizzyVape-Great-Watermelon-10000puff.jpg","datePublished":"2025-03-26T03:33:42+00:00","breadcrumb":{"@id":"https:\/\/fizzyvape.eu\/es\/producto\/fizzy-gran-sandia-10000-bocanadas\/#breadcrumb"},"inLanguage":"es","potentialAction":[{"@type":"ReadAction","target":["https:\/\/fizzyvape.eu\/es\/producto\/fizzy-gran-sandia-10000-bocanadas\/"]}]},{"@type":"ImageObject","inLanguage":"es","@id":"https:\/\/fizzyvape.eu\/es\/producto\/fizzy-gran-sandia-10000-bocanadas\/#primaryimage","url":"https:\/\/fizzyvape.eu\/wp-content\/uploads\/2025\/03\/FizzyVape-Great-Watermelon-10000puff.jpg","contentUrl":"https:\/\/fizzyvape.eu\/wp-content\/uploads\/2025\/03\/FizzyVape-Great-Watermelon-10000puff.jpg","width":1057,"height":1037,"caption":"FizzyVape-Gran Sand\u00eda-10000puff"},{"@type":"BreadcrumbList","@id":"https:\/\/fizzyvape.eu\/es\/producto\/fizzy-gran-sandia-10000-bocanadas\/#breadcrumb","itemListElement":[{"@type":"ListItem","position":1,"name":"Home","item":"https:\/\/fizzyvape.eu\/es\/"},{"@type":"ListItem","position":2,"name":"Tienda","item":"https:\/\/www.fizzyvape.eu\/es\/tienda\/"},{"@type":"ListItem","position":3,"name":"Fizzy Gran Sand\u00eda &#8211; 10000 bocanadas"}]},{"@type":"WebSite","@id":"https:\/\/www.fizzyvape.eu\/es\/#website","url":"https:\/\/www.fizzyvape.eu\/es\/","name":"fizzyvape.eu","description":"Refreshing Vapes. Unforgettable Taste.","publisher":{"@id":"https:\/\/www.fizzyvape.eu\/es\/#organization"},"potentialAction":[{"@type":"SearchAction","target":{"@type":"EntryPoint","urlTemplate":"https:\/\/www.fizzyvape.eu\/es\/?s={search_term_string}"},"query-input":{"@type":"PropertyValueSpecification","valueRequired":true,"valueName":"search_term_string"}}],"inLanguage":"es"},{"@type":"Organization","@id":"https:\/\/www.fizzyvape.eu\/es\/#organization","name":"fizzyvape.eu","url":"https:\/\/www.fizzyvape.eu\/es\/","logo":{"@type":"ImageObject","inLanguage":"es","@id":"https:\/\/www.fizzyvape.eu\/es\/#\/schema\/logo\/image\/","url":"https:\/\/fizzyvape.eu\/wp-content\/uploads\/2019\/06\/print-1.svg","contentUrl":"https:\/\/fizzyvape.eu\/wp-content\/uploads\/2019\/06\/print-1.svg","width":124,"height":37,"caption":"fizzyvape.eu"},"image":{"@id":"https:\/\/www.fizzyvape.eu\/es\/#\/schema\/logo\/image\/"}}]},"og_availability":"out of stock","product_availability":"out of stock","product_condition":"new"},"tiered_pricing_type":"percentage","tiered_pricing_fixed_rules":[],"tiered_pricing_product_settings":{"layout":"default","base_unit_name":{"singular":null,"plural":null},"default_variation":null},"tiered_pricing_minimum_quantity":null,"tiered_pricing_roles_data":[],"tiered_pricing_percentage_rules":{"2":"5","3":"10","9":"15"},"tiered_pricing_maximum_quantity":null,"tiered_pricing_quantity_step":null,"_links":{"self":[{"href":"https:\/\/fizzyvape.eu\/es\/wp-json\/wp\/v2\/product\/26566","targetHints":{"allow":["GET"]}}],"collection":[{"href":"https:\/\/fizzyvape.eu\/es\/wp-json\/wp\/v2\/product"}],"about":[{"href":"https:\/\/fizzyvape.eu\/es\/wp-json\/wp\/v2\/types\/product"}],"replies":[{"embeddable":true,"href":"https:\/\/fizzyvape.eu\/es\/wp-json\/wp\/v2\/comments?post=26566"}],"version-history":[{"count":0,"href":"https:\/\/fizzyvape.eu\/es\/wp-json\/wp\/v2\/product\/26566\/revisions"}],"wp:featuredmedia":[{"embeddable":true,"href":"https:\/\/fizzyvape.eu\/es\/wp-json\/wp\/v2\/media\/20280"}],"wp:attachment":[{"href":"https:\/\/fizzyvape.eu\/es\/wp-json\/wp\/v2\/media?parent=26566"}],"wp:term":[{"taxonomy":"product_brand","embeddable":true,"href":"https:\/\/fizzyvape.eu\/es\/wp-json\/wp\/v2\/product_brand?post=26566"},{"taxonomy":"product_cat","embeddable":true,"href":"https:\/\/fizzyvape.eu\/es\/wp-json\/wp\/v2\/product_cat?post=26566"},{"taxonomy":"product_tag","embeddable":true,"href":"https:\/\/fizzyvape.eu\/es\/wp-json\/wp\/v2\/product_tag?post=26566"}],"curies":[{"name":"wp","href":"https:\/\/api.w.org\/{rel}","templated":true}]}}