{"id":26605,"date":"2025-03-26T15:28:33","date_gmt":"2025-03-26T07:28:33","guid":{"rendered":"https:\/\/fizzyvape.eu\/product\/fizzy-great-grape-ice-10000-bocanadas\/"},"modified":"2025-03-26T07:28:33","modified_gmt":"2025-03-25T23:28:33","slug":"fizzy-great-grape-ice-10000-bocanadas","status":"publish","type":"product","link":"https:\/\/fizzyvape.eu\/es\/producto\/fizzy-great-grape-ice-10000-bocanadas\/","title":{"rendered":"Fizzy Great Grape Ice &#8211; 10000 bocanadas"},"content":{"rendered":"<div>\n<h3><strong>Fizzy Great Grape Ice 10000 Puffs &#8211; \u00a1Euforia helada de uva en cada bocanada!<\/strong><\/h3>\n<p>Experimenta el <strong>atrevido y jugoso sabor de las uvas maduras<\/strong> con un <strong>vigorizante acabado helado<\/strong> en el vaporizador desechable <strong>Fizzy Great Grape Ice 10000 Puffs<\/strong>. Este dispositivo de primera calidad ofrece un <strong>sabor a uva dulce y \u00e1cido<\/strong> perfectamente equilibrado con una <strong>fresca explosi\u00f3n de mentol<\/strong>, creando una experiencia de vapeo refrescante y suave. Con <strong>10.000 caladas ultralargas<\/strong>, disfruta de una satisfacci\u00f3n ininterrumpida sin la molestia de tener que rellenar o recargar.  <\/p>\n<h2><strong>Caracter\u00edsticas principales<\/strong><\/h2>\n<p>\u2714 <strong>10.000 caladas<\/strong>: rendimiento duradero para disfrutar durante semanas.<br \/>\n\u2714 <strong>Sabor Uva Helada<\/strong> &#8211; La deliciosa dulzura de la uva se une a la frescura helada del mentol.<br \/>\n\u2714 <strong>Elegante y port\u00e1til<\/strong>: dise\u00f1o compacto y ligero para vapear sobre la marcha.<br \/>\n\u2714 <strong>Precargado y precargado<\/strong>: listo para usar nada m\u00e1s sacarlo de la caja.<br \/>\n\u2714 <strong>Tecnolog\u00eda de bobina de malla<\/strong>: sabor rico y consistente y nubes densas de la primera a la \u00faltima calada.<\/p>\n<h3><strong>\u00bfPor qu\u00e9 elegir Fizzy Great?<\/strong><\/h3>\n<ul>\n<li><strong>Calidad Premium<\/strong> &#8211; E-l\u00edquido probado en laboratorio para un golpe suave y consistente.<\/li>\n<li><strong>Vaping durante todo el d\u00eda<\/strong> &#8211; Gran capacidad de 18 ml y bater\u00eda de larga duraci\u00f3n.<\/li>\n<li><strong>Preparada para viajar<\/strong> &#8211; A prueba de fugas y apta para la TSA (donde est\u00e9 permitido).<\/li>\n<\/ul>\n<h3>Contenido del paquete<\/h3>\n<p>1 \u00d7 Dispositivo Fizzy Great Grape Ice 10000 Puffs<\/p>\n<\/div>\n<div>\n<h3>Especificaciones<\/h3>\n<table>\n<tbody>\n<tr>\n<td>Puffs<\/td>\n<td><strong>10000+ Puffs<\/strong><\/td>\n<\/tr>\n<tr>\n<td>Capacidad del e-l\u00edquido<\/td>\n<td><strong>18 ml<\/strong><\/td>\n<\/tr>\n<tr>\n<td>Capacidad de la bater\u00eda<\/td>\n<td><strong>650 mAh<\/strong><\/td>\n<\/tr>\n<tr>\n<td>Bobina de malla<\/td>\n<td><strong>1.4\u03a9<\/strong><\/td>\n<\/tr>\n<tr>\n<td>Tama\u00f1o<\/td>\n<td><strong>53*30*85,3 mm<\/strong><\/td>\n<\/tr>\n<tr>\n<td>Desechable o no<\/td>\n<td><strong>Desechable<\/strong><\/td>\n<\/tr>\n<tr>\n<td>M\u00e9todo de carga<\/td>\n<td><strong>Cable<\/strong><\/td>\n<\/tr>\n<tr>\n<td>M\u00e9todo de activaci\u00f3n<\/td>\n<td><strong>Sensor<\/strong><\/td>\n<\/tr>\n<tr>\n<td>Nivel de nicotina<\/td>\n<td><strong>5%(50mg\/ml)<\/strong><\/td>\n<\/tr>\n<tr>\n<td>Sabores<\/td>\n<td><strong>10<\/strong><\/td>\n<\/tr>\n<tr>\n<td>Embalaje<\/td>\n<td><strong>1 paquete<\/strong><\/td>\n<\/tr>\n<tr>\n<td>Tiempo de carga<\/td>\n<td><strong>2 horas<\/strong><\/td>\n<\/tr>\n<tr>\n<td>Almacenamiento<\/td>\n<td><strong>Evita los entornos con altas temperaturas y gu\u00e1rdalo en un lugar fresco y seco.<\/strong><\/td>\n<\/tr>\n<tr>\n<td>Personas cuyo uso est\u00e1 prohibido<\/td>\n<td><strong>Menores, mujeres embarazadas y personas al\u00e9rgicas a los ingredientes del producto.<\/strong><\/td>\n<\/tr>\n<tr>\n<td>Precauci\u00f3n<\/td>\n<td><strong>No tragues esta sustancia. En caso de ingesti\u00f3n, enju\u00e1gate bien la boca inmediatamente. Si te encuentras mal, acude al m\u00e9dico.  <\/strong><\/td>\n<\/tr>\n<\/tbody>\n<\/table>\n<h3>Lista de sabores de <strong>Fizzy Great<\/strong> 10000 Puffs:<\/h3>\n<ol>\n<li><a href=\"https:\/\/fizzyvape.eu\/es\/producto\/fizzy-gran-sandia-10000-bocanadas\/\">Sand\u00eda<\/a><\/li>\n<li><a href=\"https:\/\/fizzyvape.eu\/es\/producto\/fizzy-great-blueberry-ice-10000-bocanadas\/\">Hielo de ar\u00e1ndanos<\/a><\/li>\n<li><a href=\"https:\/\/fizzyvape.eu\/es\/producto\/fizzy-great-grape-ice-10000-bocanadas\/\">Hielo de uva<\/a><\/li>\n<li><a href=\"https:\/\/fizzyvape.eu\/product\/fizzy-great-lychee-lemon-10000-puffs\/\">Lichi Lim\u00f3n<\/a><\/li>\n<li><a href=\"https:\/\/fizzyvape.eu\/product\/fizzy-great-pineapple-peach-passion-fruit-10000-puffs\/\">Pi\u00f1a Melocot\u00f3n Fruta de la pasi\u00f3n<\/a><\/li>\n<li><a href=\"https:\/\/fizzyvape.eu\/product\/fizzy-great-raspberry-grape-10000-puffs\/\">Frambuesa Uva<\/a><\/li>\n<li><a href=\"https:\/\/fizzyvape.eu\/product\/fizzy-great-peach-10000-puffs\/\">Melocot\u00f3n<\/a><\/li>\n<li><a href=\"https:\/\/fizzyvape.eu\/es\/producto\/fizzy-great-mango-melocoton-10000-bocanadas\/\">Mango Melocot\u00f3n<\/a><\/li>\n<li><a href=\"https:\/\/fizzyvape.eu\/es\/producto\/fizzy-great-mixed-berry-10000-bocanadas\/\">Mezcla de bayas<\/a><\/li>\n<li><a href=\"https:\/\/fizzyvape.eu\/es\/producto\/fizzy-great-sandia-fresa-limonada-10000-caladas\/\">Limonada de fresa y sand\u00eda<\/a><\/li>\n<\/ol>\n<h3><strong>Preguntas frecuentes sobre Fizzy Great Grape Ice<\/strong><strong> <\/strong><strong>Vapea<\/strong><\/h3>\n<ol start=\"1\">\n<li><strong>\u00bfCu\u00e1ntos d\u00edas durar\u00e1n las 10.000 caladas?<\/strong><br \/>\nPara la mayor\u00eda de los vapeadores, el Fizzy Great Grape Ice dura de 7 a 14 d\u00edas con un uso regular. Los usuarios ligeros pueden disfrutarlo durante m\u00e1s de 3 semanas, mientras que los grandes vapeadores pueden acab\u00e1rselo antes dependiendo de la frecuencia de las caladas. <\/li>\n<li><strong>\u00bfEl sabor de la uva es m\u00e1s dulce o helado?<\/strong><br \/>\n\u00a1Es el equilibrio perfecto! Experimentar\u00e1s un dulce y jugoso sabor a uva al principio, seguido de un refrescante y helado final mentolado: ni demasiado dulce, ni demasiado fr\u00edo, s\u00f3lo perfectamente refrescante. <\/li>\n<li><strong>\u00bfNecesita este aparato alg\u00fan tipo de mantenimiento?<\/strong><br \/>\n\u00a1En absoluto! El Fizzy Great Grape Ice es completamente desechable, sin necesidad de cargarlo, rellenarlo ni cambiar la bobina. S\u00f3lo tienes que usarlo directamente del paquete hasta que se acabe.  <\/li>\n<li><strong>\u00bfQu\u00e9 potencia de nicotina hay disponible?<\/strong><br \/>\nEste dispositivo contiene un 5% (50 mg) de sal de nicotina, que proporciona un satisfactorio golpe de garganta sin asperezas .<\/li>\n<li><strong>\u00bfSe mantendr\u00e1 constante la calidad del sabor?<\/strong><br \/>\n\u00a1Sin duda! Gracias a la avanzada tecnolog\u00eda de bobina de malla, disfrutar\u00e1s del mismo rico sabor a hielo de uva desde la primera calada hasta la \u00faltima, sin sabor a quemado ni degradaci\u00f3n del sabor. <\/li>\n<\/ol>\n<\/div>\n","protected":false},"excerpt":{"rendered":"<p><strong>Fizzy Great Grape Ice 10000 Puffs<\/strong> &#8211; \u00a1Una explosi\u00f3n helada de <strong>jugosas uvas<\/strong> se une <strong>al mentol helado<\/strong> en este vapeador desechable de primera calidad! Disfruta de <strong>10.000 caladas ultrasuaves<\/strong> de <strong>sabor a uva dulce y picante<\/strong> perfectamente equilibrado con un refrescante escalofr\u00edo. <strong>Precargado, precargado y listo para viajar: sin<\/strong>mantenimiento, s\u00f3lo satisfacci\u00f3n instant\u00e1nea. Con <strong>tecnolog\u00eda de bobina de malla<\/strong> para un sabor intenso y nubes densas desde la primera calada hasta la \u00faltima.  <\/p>\n","protected":false},"featured_media":20216,"comment_status":"open","ping_status":"closed","template":"","meta":{"iawp_total_views":0},"product_brand":[],"product_cat":[271],"product_tag":[272,405],"class_list":{"0":"post-26605","1":"product","2":"type-product","3":"status-publish","4":"has-post-thumbnail","6":"product_cat-great-es","7":"product_tag-10000-bocanadas","8":"product_tag-hielo-de-uva","10":"first","11":"outofstock","12":"shipping-taxable","13":"purchasable","14":"product-type-variable"},"yoast_head":"<!-- This site is optimized with the Yoast SEO Premium plugin v24.8 (Yoast SEO v24.8) - https:\/\/yoast.com\/wordpress\/plugins\/seo\/ -->\n<title>Fizzy Great Grape Ice - 10000 bocanadas - fizzyvape.eu<\/title>\n<meta name=\"robots\" content=\"index, follow, max-snippet:-1, max-image-preview:large, max-video-preview:-1\" \/>\n<link rel=\"canonical\" href=\"https:\/\/fizzyvape.eu\/es\/producto\/fizzy-great-grape-ice-10000-bocanadas\/\" \/>\n<meta property=\"og:locale\" content=\"es_ES\" \/>\n<meta property=\"og:type\" content=\"article\" \/>\n<meta property=\"og:title\" content=\"Fizzy Great Grape Ice - 10000 bocanadas\" \/>\n<meta property=\"og:description\" content=\"Fizzy Great Grape Ice 10000 Puffs - \u00a1Una explosi\u00f3n helada de jugosas uvas se une al mentol helado en este vapeador desechable de primera calidad! Disfruta de 10.000 caladas ultrasuaves de sabor a uva dulce y picante perfectamente equilibrado con un refrescante escalofr\u00edo. Precargado, precargado y listo para viajar: sinmantenimiento, s\u00f3lo satisfacci\u00f3n instant\u00e1nea. Con tecnolog\u00eda de bobina de malla para un sabor intenso y nubes densas desde la primera calada hasta la \u00faltima.\" \/>\n<meta property=\"og:url\" content=\"https:\/\/fizzyvape.eu\/es\/producto\/fizzy-great-grape-ice-10000-bocanadas\/\" \/>\n<meta property=\"og:site_name\" content=\"fizzyvape.eu\" \/>\n<meta property=\"og:image\" content=\"https:\/\/fizzyvape.eu\/wp-content\/uploads\/2025\/03\/FizzyVape-Great-Grape-Ice-10000puff.jpg\" \/>\n\t<meta property=\"og:image:width\" content=\"1057\" \/>\n\t<meta property=\"og:image:height\" content=\"1037\" \/>\n\t<meta property=\"og:image:type\" content=\"image\/jpeg\" \/>\n<meta name=\"twitter:card\" content=\"summary_large_image\" \/>\n<meta name=\"twitter:label1\" content=\"Disponibilidad\" \/>\n\t<meta name=\"twitter:data1\" content=\"Sin existencias\" \/>\n<script type=\"application\/ld+json\" class=\"yoast-schema-graph\">{\"@context\":\"https:\/\/schema.org\",\"@graph\":[{\"@type\":\"WebPage\",\"@id\":\"https:\/\/fizzyvape.eu\/es\/producto\/fizzy-great-grape-ice-10000-bocanadas\/\",\"url\":\"https:\/\/fizzyvape.eu\/es\/producto\/fizzy-great-grape-ice-10000-bocanadas\/\",\"name\":\"Fizzy Great Grape Ice - 10000 bocanadas - fizzyvape.eu\",\"isPartOf\":{\"@id\":\"https:\/\/www.fizzyvape.eu\/es\/#website\"},\"primaryImageOfPage\":{\"@id\":\"https:\/\/fizzyvape.eu\/es\/producto\/fizzy-great-grape-ice-10000-bocanadas\/#primaryimage\"},\"image\":{\"@id\":\"https:\/\/fizzyvape.eu\/es\/producto\/fizzy-great-grape-ice-10000-bocanadas\/#primaryimage\"},\"thumbnailUrl\":\"https:\/\/fizzyvape.eu\/wp-content\/uploads\/2025\/03\/FizzyVape-Great-Grape-Ice-10000puff.jpg\",\"datePublished\":\"2025-03-26T07:28:33+00:00\",\"breadcrumb\":{\"@id\":\"https:\/\/fizzyvape.eu\/es\/producto\/fizzy-great-grape-ice-10000-bocanadas\/#breadcrumb\"},\"inLanguage\":\"es\",\"potentialAction\":[{\"@type\":\"ReadAction\",\"target\":[\"https:\/\/fizzyvape.eu\/es\/producto\/fizzy-great-grape-ice-10000-bocanadas\/\"]}]},{\"@type\":\"ImageObject\",\"inLanguage\":\"es\",\"@id\":\"https:\/\/fizzyvape.eu\/es\/producto\/fizzy-great-grape-ice-10000-bocanadas\/#primaryimage\",\"url\":\"https:\/\/fizzyvape.eu\/wp-content\/uploads\/2025\/03\/FizzyVape-Great-Grape-Ice-10000puff.jpg\",\"contentUrl\":\"https:\/\/fizzyvape.eu\/wp-content\/uploads\/2025\/03\/FizzyVape-Great-Grape-Ice-10000puff.jpg\",\"width\":1057,\"height\":1037,\"caption\":\"FizzyVape-Gran Hielo de Uva-10000puff\"},{\"@type\":\"BreadcrumbList\",\"@id\":\"https:\/\/fizzyvape.eu\/es\/producto\/fizzy-great-grape-ice-10000-bocanadas\/#breadcrumb\",\"itemListElement\":[{\"@type\":\"ListItem\",\"position\":1,\"name\":\"Home\",\"item\":\"https:\/\/fizzyvape.eu\/es\/\"},{\"@type\":\"ListItem\",\"position\":2,\"name\":\"Tienda\",\"item\":\"https:\/\/www.fizzyvape.eu\/es\/tienda\/\"},{\"@type\":\"ListItem\",\"position\":3,\"name\":\"Fizzy Great Grape Ice &#8211; 10000 bocanadas\"}]},{\"@type\":\"WebSite\",\"@id\":\"https:\/\/www.fizzyvape.eu\/es\/#website\",\"url\":\"https:\/\/www.fizzyvape.eu\/es\/\",\"name\":\"fizzyvape.eu\",\"description\":\"Refreshing Vapes. Unforgettable Taste.\",\"publisher\":{\"@id\":\"https:\/\/www.fizzyvape.eu\/es\/#organization\"},\"potentialAction\":[{\"@type\":\"SearchAction\",\"target\":{\"@type\":\"EntryPoint\",\"urlTemplate\":\"https:\/\/www.fizzyvape.eu\/es\/?s={search_term_string}\"},\"query-input\":{\"@type\":\"PropertyValueSpecification\",\"valueRequired\":true,\"valueName\":\"search_term_string\"}}],\"inLanguage\":\"es\"},{\"@type\":\"Organization\",\"@id\":\"https:\/\/www.fizzyvape.eu\/es\/#organization\",\"name\":\"fizzyvape.eu\",\"url\":\"https:\/\/www.fizzyvape.eu\/es\/\",\"logo\":{\"@type\":\"ImageObject\",\"inLanguage\":\"es\",\"@id\":\"https:\/\/www.fizzyvape.eu\/es\/#\/schema\/logo\/image\/\",\"url\":\"https:\/\/fizzyvape.eu\/wp-content\/uploads\/2019\/06\/print-1.svg\",\"contentUrl\":\"https:\/\/fizzyvape.eu\/wp-content\/uploads\/2019\/06\/print-1.svg\",\"width\":124,\"height\":37,\"caption\":\"fizzyvape.eu\"},\"image\":{\"@id\":\"https:\/\/www.fizzyvape.eu\/es\/#\/schema\/logo\/image\/\"}}]}<\/script>\n<meta property=\"og:availability\" content=\"out of stock\" \/>\n<meta property=\"product:availability\" content=\"out of stock\" \/>\n<meta property=\"product:condition\" content=\"new\" \/>\n<!-- \/ Yoast SEO Premium plugin. -->","yoast_head_json":{"title":"Fizzy Great Grape Ice - 10000 bocanadas - fizzyvape.eu","robots":{"index":"index","follow":"follow","max-snippet":"max-snippet:-1","max-image-preview":"max-image-preview:large","max-video-preview":"max-video-preview:-1"},"canonical":"https:\/\/fizzyvape.eu\/es\/producto\/fizzy-great-grape-ice-10000-bocanadas\/","og_locale":"es_ES","og_type":"article","og_title":"Fizzy Great Grape Ice - 10000 bocanadas","og_description":"Fizzy Great Grape Ice 10000 Puffs - \u00a1Una explosi\u00f3n helada de jugosas uvas se une al mentol helado en este vapeador desechable de primera calidad! Disfruta de 10.000 caladas ultrasuaves de sabor a uva dulce y picante perfectamente equilibrado con un refrescante escalofr\u00edo. Precargado, precargado y listo para viajar: sinmantenimiento, s\u00f3lo satisfacci\u00f3n instant\u00e1nea. Con tecnolog\u00eda de bobina de malla para un sabor intenso y nubes densas desde la primera calada hasta la \u00faltima.","og_url":"https:\/\/fizzyvape.eu\/es\/producto\/fizzy-great-grape-ice-10000-bocanadas\/","og_site_name":"fizzyvape.eu","og_image":[{"width":1057,"height":1037,"url":"https:\/\/fizzyvape.eu\/wp-content\/uploads\/2025\/03\/FizzyVape-Great-Grape-Ice-10000puff.jpg","type":"image\/jpeg"}],"twitter_card":"summary_large_image","twitter_misc":{"Disponibilidad":"Sin existencias"},"schema":{"@context":"https:\/\/schema.org","@graph":[{"@type":"WebPage","@id":"https:\/\/fizzyvape.eu\/es\/producto\/fizzy-great-grape-ice-10000-bocanadas\/","url":"https:\/\/fizzyvape.eu\/es\/producto\/fizzy-great-grape-ice-10000-bocanadas\/","name":"Fizzy Great Grape Ice - 10000 bocanadas - fizzyvape.eu","isPartOf":{"@id":"https:\/\/www.fizzyvape.eu\/es\/#website"},"primaryImageOfPage":{"@id":"https:\/\/fizzyvape.eu\/es\/producto\/fizzy-great-grape-ice-10000-bocanadas\/#primaryimage"},"image":{"@id":"https:\/\/fizzyvape.eu\/es\/producto\/fizzy-great-grape-ice-10000-bocanadas\/#primaryimage"},"thumbnailUrl":"https:\/\/fizzyvape.eu\/wp-content\/uploads\/2025\/03\/FizzyVape-Great-Grape-Ice-10000puff.jpg","datePublished":"2025-03-26T07:28:33+00:00","breadcrumb":{"@id":"https:\/\/fizzyvape.eu\/es\/producto\/fizzy-great-grape-ice-10000-bocanadas\/#breadcrumb"},"inLanguage":"es","potentialAction":[{"@type":"ReadAction","target":["https:\/\/fizzyvape.eu\/es\/producto\/fizzy-great-grape-ice-10000-bocanadas\/"]}]},{"@type":"ImageObject","inLanguage":"es","@id":"https:\/\/fizzyvape.eu\/es\/producto\/fizzy-great-grape-ice-10000-bocanadas\/#primaryimage","url":"https:\/\/fizzyvape.eu\/wp-content\/uploads\/2025\/03\/FizzyVape-Great-Grape-Ice-10000puff.jpg","contentUrl":"https:\/\/fizzyvape.eu\/wp-content\/uploads\/2025\/03\/FizzyVape-Great-Grape-Ice-10000puff.jpg","width":1057,"height":1037,"caption":"FizzyVape-Gran Hielo de Uva-10000puff"},{"@type":"BreadcrumbList","@id":"https:\/\/fizzyvape.eu\/es\/producto\/fizzy-great-grape-ice-10000-bocanadas\/#breadcrumb","itemListElement":[{"@type":"ListItem","position":1,"name":"Home","item":"https:\/\/fizzyvape.eu\/es\/"},{"@type":"ListItem","position":2,"name":"Tienda","item":"https:\/\/www.fizzyvape.eu\/es\/tienda\/"},{"@type":"ListItem","position":3,"name":"Fizzy Great Grape Ice &#8211; 10000 bocanadas"}]},{"@type":"WebSite","@id":"https:\/\/www.fizzyvape.eu\/es\/#website","url":"https:\/\/www.fizzyvape.eu\/es\/","name":"fizzyvape.eu","description":"Refreshing Vapes. Unforgettable Taste.","publisher":{"@id":"https:\/\/www.fizzyvape.eu\/es\/#organization"},"potentialAction":[{"@type":"SearchAction","target":{"@type":"EntryPoint","urlTemplate":"https:\/\/www.fizzyvape.eu\/es\/?s={search_term_string}"},"query-input":{"@type":"PropertyValueSpecification","valueRequired":true,"valueName":"search_term_string"}}],"inLanguage":"es"},{"@type":"Organization","@id":"https:\/\/www.fizzyvape.eu\/es\/#organization","name":"fizzyvape.eu","url":"https:\/\/www.fizzyvape.eu\/es\/","logo":{"@type":"ImageObject","inLanguage":"es","@id":"https:\/\/www.fizzyvape.eu\/es\/#\/schema\/logo\/image\/","url":"https:\/\/fizzyvape.eu\/wp-content\/uploads\/2019\/06\/print-1.svg","contentUrl":"https:\/\/fizzyvape.eu\/wp-content\/uploads\/2019\/06\/print-1.svg","width":124,"height":37,"caption":"fizzyvape.eu"},"image":{"@id":"https:\/\/www.fizzyvape.eu\/es\/#\/schema\/logo\/image\/"}}]},"og_availability":"out of stock","product_availability":"out of stock","product_condition":"new"},"tiered_pricing_type":"fixed","tiered_pricing_fixed_rules":[],"tiered_pricing_product_settings":{"layout":"default","base_unit_name":{"singular":null,"plural":null},"default_variation":null},"tiered_pricing_minimum_quantity":null,"tiered_pricing_roles_data":[],"tiered_pricing_percentage_rules":[],"tiered_pricing_maximum_quantity":null,"tiered_pricing_quantity_step":null,"_links":{"self":[{"href":"https:\/\/fizzyvape.eu\/es\/wp-json\/wp\/v2\/product\/26605","targetHints":{"allow":["GET"]}}],"collection":[{"href":"https:\/\/fizzyvape.eu\/es\/wp-json\/wp\/v2\/product"}],"about":[{"href":"https:\/\/fizzyvape.eu\/es\/wp-json\/wp\/v2\/types\/product"}],"replies":[{"embeddable":true,"href":"https:\/\/fizzyvape.eu\/es\/wp-json\/wp\/v2\/comments?post=26605"}],"version-history":[{"count":0,"href":"https:\/\/fizzyvape.eu\/es\/wp-json\/wp\/v2\/product\/26605\/revisions"}],"wp:featuredmedia":[{"embeddable":true,"href":"https:\/\/fizzyvape.eu\/es\/wp-json\/wp\/v2\/media\/20216"}],"wp:attachment":[{"href":"https:\/\/fizzyvape.eu\/es\/wp-json\/wp\/v2\/media?parent=26605"}],"wp:term":[{"taxonomy":"product_brand","embeddable":true,"href":"https:\/\/fizzyvape.eu\/es\/wp-json\/wp\/v2\/product_brand?post=26605"},{"taxonomy":"product_cat","embeddable":true,"href":"https:\/\/fizzyvape.eu\/es\/wp-json\/wp\/v2\/product_cat?post=26605"},{"taxonomy":"product_tag","embeddable":true,"href":"https:\/\/fizzyvape.eu\/es\/wp-json\/wp\/v2\/product_tag?post=26605"}],"curies":[{"name":"wp","href":"https:\/\/api.w.org\/{rel}","templated":true}]}}