{"id":26620,"date":"2025-03-26T15:46:16","date_gmt":"2025-03-26T07:46:16","guid":{"rendered":"https:\/\/fizzyvape.eu\/product\/fizzy-great-lychee-limon-10000-caladas\/"},"modified":"2025-03-26T07:46:16","modified_gmt":"2025-03-25T23:46:16","slug":"fizzy-great-lychee-limon-10000-caladas","status":"publish","type":"product","link":"https:\/\/fizzyvape.eu\/es\/producto\/fizzy-great-lychee-limon-10000-caladas\/","title":{"rendered":"Fizzy Great Lychee Lim\u00f3n &#8211; 10000 caladas"},"content":{"rendered":"<div>\n<h3><strong>Fizzy Great Lychee Lemon 10000 Puffs &#8211; \u00a1Refresco c\u00edtrico ex\u00f3tico en cada puff!<\/strong><\/h3>\n<p>Experimenta la <strong>armon\u00eda tropical del jugoso lichi y el sabroso lim\u00f3n<\/strong> con el vaporizador desechable <strong>Fizzy Great Lychee Lemon 10000 Puffs<\/strong>. Este dispositivo de primera calidad ofrece un <strong>perfil de sabor exquisitamente equilibrado<\/strong>: la dulzura floral del lichi maduro se complementa perfectamente con un <strong>toque \u00e1cido de lim\u00f3n<\/strong>, creando una experiencia de vapeo irresistiblemente refrescante. Con <strong>10.000 caladas ultralargas<\/strong>, disfruta de una satisfacci\u00f3n ininterrumpida sin recargas.  <\/p>\n<h2><strong>Caracter\u00edsticas principales<\/strong><\/h2>\n<p>\u2714 <strong>10.000 caladas<\/strong>: placer de vapear prolongado durante semanas<br \/>\n\u2714 <strong>Fusi\u00f3n de Lichi y Lim\u00f3n<\/strong> &#8211; El lichi tropical se une a los c\u00edtricos brillantes<br \/>\n\u2714 <strong>Elegante y port\u00e1til<\/strong>: dise\u00f1o compacto y de bolsillo<br \/>\n\u2714 <strong>Precargado y precargado<\/strong>: listo para vapear inmediatamente<br \/>\n\u2714 <strong>Tecnolog\u00eda de bobina de malla<\/strong>: m\u00e1xima pureza de sabor y producci\u00f3n de vapor <\/p>\n<h3><strong>\u00bfPor qu\u00e9 elegir Fizzy Great?<\/strong><\/h3>\n<ul>\n<li><strong>Calidad Premium<\/strong> &#8211; E-l\u00edquido probado en laboratorio para un golpe suave y consistente.<\/li>\n<li><strong>Vaping durante todo el d\u00eda<\/strong> &#8211; Gran capacidad de 18 ml y bater\u00eda de larga duraci\u00f3n.<\/li>\n<li><strong>Preparada para viajar<\/strong> &#8211; A prueba de fugas y apta para la TSA (donde est\u00e9 permitido).<\/li>\n<\/ul>\n<h3>Contenido del paquete<\/h3>\n<p>1 \u00d7 Dispositivo Fizzy Great Lychee Lemon 10000 Puffs<\/p>\n<\/div>\n<div>\n<h3>Especificaciones<\/h3>\n<table>\n<tbody>\n<tr>\n<td>Puffs<\/td>\n<td><strong>10000+ Puffs<\/strong><\/td>\n<\/tr>\n<tr>\n<td>Capacidad del e-l\u00edquido<\/td>\n<td><strong>18 ml<\/strong><\/td>\n<\/tr>\n<tr>\n<td>Capacidad de la bater\u00eda<\/td>\n<td><strong>650 mAh<\/strong><\/td>\n<\/tr>\n<tr>\n<td>Bobina de malla<\/td>\n<td><strong>1.4\u03a9<\/strong><\/td>\n<\/tr>\n<tr>\n<td>Tama\u00f1o<\/td>\n<td><strong>53*30*85,3 mm<\/strong><\/td>\n<\/tr>\n<tr>\n<td>Desechable o no<\/td>\n<td><strong>Desechable<\/strong><\/td>\n<\/tr>\n<tr>\n<td>M\u00e9todo de carga<\/td>\n<td><strong>Cable<\/strong><\/td>\n<\/tr>\n<tr>\n<td>M\u00e9todo de activaci\u00f3n<\/td>\n<td><strong>Sensor<\/strong><\/td>\n<\/tr>\n<tr>\n<td>Nivel de nicotina<\/td>\n<td><strong>5%(50mg\/ml)<\/strong><\/td>\n<\/tr>\n<tr>\n<td>Sabores<\/td>\n<td><strong>10<\/strong><\/td>\n<\/tr>\n<tr>\n<td>Embalaje<\/td>\n<td><strong>1 paquete<\/strong><\/td>\n<\/tr>\n<tr>\n<td>Tiempo de carga<\/td>\n<td><strong>2 horas<\/strong><\/td>\n<\/tr>\n<tr>\n<td>Almacenamiento<\/td>\n<td><strong>Evita los entornos con altas temperaturas y gu\u00e1rdalo en un lugar fresco y seco.<\/strong><\/td>\n<\/tr>\n<tr>\n<td>Personas cuyo uso est\u00e1 prohibido<\/td>\n<td><strong>Menores, mujeres embarazadas y personas al\u00e9rgicas a los ingredientes del producto.<\/strong><\/td>\n<\/tr>\n<tr>\n<td>Precauci\u00f3n<\/td>\n<td><strong>No tragues esta sustancia. En caso de ingesti\u00f3n, enju\u00e1gate bien la boca inmediatamente. Si te encuentras mal, acude al m\u00e9dico.  <\/strong><\/td>\n<\/tr>\n<\/tbody>\n<\/table>\n<h3>Lista de sabores de <strong>Fizzy Great<\/strong> 10000 Puffs:<\/h3>\n<ol>\n<li><a href=\"https:\/\/fizzyvape.eu\/es\/producto\/fizzy-gran-sandia-10000-bocanadas\/\">Sand\u00eda<\/a><\/li>\n<li><a href=\"https:\/\/fizzyvape.eu\/es\/producto\/fizzy-great-blueberry-ice-10000-bocanadas\/\">Hielo de ar\u00e1ndanos<\/a><\/li>\n<li><a href=\"https:\/\/fizzyvape.eu\/es\/producto\/fizzy-great-grape-ice-10000-bocanadas\/\">Hielo de uva<\/a><\/li>\n<li><a href=\"https:\/\/fizzyvape.eu\/es\/producto\/fizzy-great-lychee-limon-10000-caladas\/\">Lichi Lim\u00f3n<\/a><\/li>\n<li><a href=\"https:\/\/fizzyvape.eu\/product\/fizzy-great-pineapple-peach-passion-fruit-10000-puffs\/\">Pi\u00f1a Melocot\u00f3n Fruta de la pasi\u00f3n<\/a><\/li>\n<li><a href=\"https:\/\/fizzyvape.eu\/product\/fizzy-great-raspberry-grape-10000-puffs\/\">Frambuesa Uva<\/a><\/li>\n<li><a href=\"https:\/\/fizzyvape.eu\/product\/fizzy-great-peach-10000-puffs\/\">Melocot\u00f3n<\/a><\/li>\n<li><a href=\"https:\/\/fizzyvape.eu\/es\/producto\/fizzy-great-mango-melocoton-10000-bocanadas\/\">Mango Melocot\u00f3n<\/a><\/li>\n<li><a href=\"https:\/\/fizzyvape.eu\/es\/producto\/fizzy-great-mixed-berry-10000-bocanadas\/\">Mezcla de bayas<\/a><\/li>\n<li><a href=\"https:\/\/fizzyvape.eu\/es\/producto\/fizzy-great-sandia-fresa-limonada-10000-caladas\/\">Limonada de fresa y sand\u00eda<\/a><\/li>\n<\/ol>\n<h3><strong>Preguntas frecuentes sobre Fizzy Great Lychee Lemon<\/strong><strong> <\/strong><strong>Vapea<\/strong><\/h3>\n<ol start=\"1\">\n<li><strong>\u00bfCu\u00e1nto duran las 10.000 caladas con un uso normal?<\/strong><br \/>\nPara la mayor\u00eda de los vapeadores, el Fizzy Great Lychee Lemon proporciona 7-14 d\u00edas de uso continuo. Los usuarios ligeros pueden disfrutarlo durante m\u00e1s de 3 semanas, mientras que los vapeadores frecuentes pueden terminarlo en aproximadamente una semana. <\/li>\n<li><strong>\u00bfA qu\u00e9 sabe realmente el lichi sabor lim\u00f3n?<\/strong><br \/>\n\u00a1Es una fusi\u00f3n tropical-c\u00edtrica perfecta! Primero experimentar\u00e1s las notas dulces y florales del lichi maduro, seguidas de un final de lim\u00f3n brillante y refrescante, picante pero no \u00e1cido. <\/li>\n<li><strong>\u00bfEste aparato no necesita mantenimiento?<\/strong><br \/>\n\u00a1Por supuesto! El Fizzy Great Lychee Lemon es completamente aut\u00f3nomo: sin cables de carga, sin recambios de e-l\u00edquido y sin botones de control. S\u00f3lo tienes que sacarlo de la caja y empezar a vapear inmediatamente.  <\/li>\n<li><strong>\u00bfQu\u00e9 opciones de potencia de nicotina hay disponibles?<\/strong><br \/>\nEste dispositivo viene de serie con un 5% (50 mg) de sal de nicotina, que proporciona satisfactorios golpes de garganta sin asperezas.<\/li>\n<li><strong>\u00bfLa calidad del sabor sigue siendo buena hasta el final?<\/strong><br \/>\nGracias al avanzado sistema de bobina de malla, disfrutar\u00e1s de un sabor a lim\u00f3n lichi consistente y con cuerpo desde la primera calada hasta la \u00faltima, sin desvanecimientos ni regustos a quemado.<\/li>\n<\/ol>\n<\/div>\n","protected":false},"excerpt":{"rendered":"<p><strong>Fizzy Great Lychee Lemon 10000 caladas<\/strong> &#8211; \u00a1Una <strong>explosi\u00f3n tropical y c\u00edtrica<\/strong> de <strong>jugoso lichi<\/strong> y <strong>sabroso lim\u00f3n<\/strong> en cada calada! Este vaporizador desechable de primera calidad proporciona <strong>10.000 caladas ultrasuaves<\/strong> de sabor perfectamente equilibrado, combinando la <strong>dulzura floral del lichi<\/strong> con un <strong>refrescante toque de lim\u00f3n<\/strong>. <strong>Precargado, precargado y listo para viajar: sin<\/strong>mantenimiento, s\u00f3lo puro placer de vapear. Con <strong>tecnolog\u00eda de bobina de malla<\/strong> para un sabor rico y uniforme de la primera a la \u00faltima calada.  <\/p>\n","protected":false},"featured_media":20224,"comment_status":"open","ping_status":"closed","template":"","meta":{"iawp_total_views":0},"product_brand":[],"product_cat":[271],"product_tag":[272,410],"class_list":{"0":"post-26620","1":"product","2":"type-product","3":"status-publish","4":"has-post-thumbnail","6":"product_cat-great-es","7":"product_tag-10000-bocanadas","8":"product_tag-lichi-limon","10":"first","11":"outofstock","12":"shipping-taxable","13":"purchasable","14":"product-type-variable"},"yoast_head":"<!-- This site is optimized with the Yoast SEO Premium plugin v24.8 (Yoast SEO v24.8) - https:\/\/yoast.com\/wordpress\/plugins\/seo\/ -->\n<title>Fizzy Great Lychee Lim\u00f3n - 10000 caladas - fizzyvape.eu<\/title>\n<meta name=\"robots\" content=\"index, follow, max-snippet:-1, max-image-preview:large, max-video-preview:-1\" \/>\n<link rel=\"canonical\" href=\"https:\/\/fizzyvape.eu\/es\/producto\/fizzy-great-lychee-limon-10000-caladas\/\" \/>\n<meta property=\"og:locale\" content=\"es_ES\" \/>\n<meta property=\"og:type\" content=\"article\" \/>\n<meta property=\"og:title\" content=\"Fizzy Great Lychee Lim\u00f3n - 10000 caladas\" \/>\n<meta property=\"og:description\" content=\"Fizzy Great Lychee Lemon 10000 caladas - \u00a1Una explosi\u00f3n tropical y c\u00edtrica de jugoso lichi y sabroso lim\u00f3n en cada calada! Este vaporizador desechable de primera calidad proporciona 10.000 caladas ultrasuaves de sabor perfectamente equilibrado, combinando la dulzura floral del lichi con un refrescante toque de lim\u00f3n. Precargado, precargado y listo para viajar: sinmantenimiento, s\u00f3lo puro placer de vapear. Con tecnolog\u00eda de bobina de malla para un sabor rico y uniforme de la primera a la \u00faltima calada.\" \/>\n<meta property=\"og:url\" content=\"https:\/\/fizzyvape.eu\/es\/producto\/fizzy-great-lychee-limon-10000-caladas\/\" \/>\n<meta property=\"og:site_name\" content=\"fizzyvape.eu\" \/>\n<meta property=\"og:image\" content=\"https:\/\/fizzyvape.eu\/wp-content\/uploads\/2025\/03\/FizzyVape-Great-Lychee-Lemon-10000puff.jpg\" \/>\n\t<meta property=\"og:image:width\" content=\"1057\" \/>\n\t<meta property=\"og:image:height\" content=\"1037\" \/>\n\t<meta property=\"og:image:type\" content=\"image\/jpeg\" \/>\n<meta name=\"twitter:card\" content=\"summary_large_image\" \/>\n<meta name=\"twitter:label1\" content=\"Disponibilidad\" \/>\n\t<meta name=\"twitter:data1\" content=\"Sin existencias\" \/>\n<script type=\"application\/ld+json\" class=\"yoast-schema-graph\">{\"@context\":\"https:\/\/schema.org\",\"@graph\":[{\"@type\":\"WebPage\",\"@id\":\"https:\/\/fizzyvape.eu\/es\/producto\/fizzy-great-lychee-limon-10000-caladas\/\",\"url\":\"https:\/\/fizzyvape.eu\/es\/producto\/fizzy-great-lychee-limon-10000-caladas\/\",\"name\":\"Fizzy Great Lychee Lim\u00f3n - 10000 caladas - fizzyvape.eu\",\"isPartOf\":{\"@id\":\"https:\/\/www.fizzyvape.eu\/es\/#website\"},\"primaryImageOfPage\":{\"@id\":\"https:\/\/fizzyvape.eu\/es\/producto\/fizzy-great-lychee-limon-10000-caladas\/#primaryimage\"},\"image\":{\"@id\":\"https:\/\/fizzyvape.eu\/es\/producto\/fizzy-great-lychee-limon-10000-caladas\/#primaryimage\"},\"thumbnailUrl\":\"https:\/\/fizzyvape.eu\/wp-content\/uploads\/2025\/03\/FizzyVape-Great-Lychee-Lemon-10000puff.jpg\",\"datePublished\":\"2025-03-26T07:46:16+00:00\",\"breadcrumb\":{\"@id\":\"https:\/\/fizzyvape.eu\/es\/producto\/fizzy-great-lychee-limon-10000-caladas\/#breadcrumb\"},\"inLanguage\":\"es\",\"potentialAction\":[{\"@type\":\"ReadAction\",\"target\":[\"https:\/\/fizzyvape.eu\/es\/producto\/fizzy-great-lychee-limon-10000-caladas\/\"]}]},{\"@type\":\"ImageObject\",\"inLanguage\":\"es\",\"@id\":\"https:\/\/fizzyvape.eu\/es\/producto\/fizzy-great-lychee-limon-10000-caladas\/#primaryimage\",\"url\":\"https:\/\/fizzyvape.eu\/wp-content\/uploads\/2025\/03\/FizzyVape-Great-Lychee-Lemon-10000puff.jpg\",\"contentUrl\":\"https:\/\/fizzyvape.eu\/wp-content\/uploads\/2025\/03\/FizzyVape-Great-Lychee-Lemon-10000puff.jpg\",\"width\":1057,\"height\":1037,\"caption\":\"FizzyVape-Gran Lim\u00f3n-Lychee-10000puff\"},{\"@type\":\"BreadcrumbList\",\"@id\":\"https:\/\/fizzyvape.eu\/es\/producto\/fizzy-great-lychee-limon-10000-caladas\/#breadcrumb\",\"itemListElement\":[{\"@type\":\"ListItem\",\"position\":1,\"name\":\"Home\",\"item\":\"https:\/\/fizzyvape.eu\/es\/\"},{\"@type\":\"ListItem\",\"position\":2,\"name\":\"Tienda\",\"item\":\"https:\/\/www.fizzyvape.eu\/es\/tienda\/\"},{\"@type\":\"ListItem\",\"position\":3,\"name\":\"Fizzy Great Lychee Lim\u00f3n &#8211; 10000 caladas\"}]},{\"@type\":\"WebSite\",\"@id\":\"https:\/\/www.fizzyvape.eu\/es\/#website\",\"url\":\"https:\/\/www.fizzyvape.eu\/es\/\",\"name\":\"fizzyvape.eu\",\"description\":\"Refreshing Vapes. Unforgettable Taste.\",\"publisher\":{\"@id\":\"https:\/\/www.fizzyvape.eu\/es\/#organization\"},\"potentialAction\":[{\"@type\":\"SearchAction\",\"target\":{\"@type\":\"EntryPoint\",\"urlTemplate\":\"https:\/\/www.fizzyvape.eu\/es\/?s={search_term_string}\"},\"query-input\":{\"@type\":\"PropertyValueSpecification\",\"valueRequired\":true,\"valueName\":\"search_term_string\"}}],\"inLanguage\":\"es\"},{\"@type\":\"Organization\",\"@id\":\"https:\/\/www.fizzyvape.eu\/es\/#organization\",\"name\":\"fizzyvape.eu\",\"url\":\"https:\/\/www.fizzyvape.eu\/es\/\",\"logo\":{\"@type\":\"ImageObject\",\"inLanguage\":\"es\",\"@id\":\"https:\/\/www.fizzyvape.eu\/es\/#\/schema\/logo\/image\/\",\"url\":\"https:\/\/fizzyvape.eu\/wp-content\/uploads\/2019\/06\/print-1.svg\",\"contentUrl\":\"https:\/\/fizzyvape.eu\/wp-content\/uploads\/2019\/06\/print-1.svg\",\"width\":124,\"height\":37,\"caption\":\"fizzyvape.eu\"},\"image\":{\"@id\":\"https:\/\/www.fizzyvape.eu\/es\/#\/schema\/logo\/image\/\"}}]}<\/script>\n<meta property=\"og:availability\" content=\"out of stock\" \/>\n<meta property=\"product:availability\" content=\"out of stock\" \/>\n<meta property=\"product:condition\" content=\"new\" \/>\n<!-- \/ Yoast SEO Premium plugin. -->","yoast_head_json":{"title":"Fizzy Great Lychee Lim\u00f3n - 10000 caladas - fizzyvape.eu","robots":{"index":"index","follow":"follow","max-snippet":"max-snippet:-1","max-image-preview":"max-image-preview:large","max-video-preview":"max-video-preview:-1"},"canonical":"https:\/\/fizzyvape.eu\/es\/producto\/fizzy-great-lychee-limon-10000-caladas\/","og_locale":"es_ES","og_type":"article","og_title":"Fizzy Great Lychee Lim\u00f3n - 10000 caladas","og_description":"Fizzy Great Lychee Lemon 10000 caladas - \u00a1Una explosi\u00f3n tropical y c\u00edtrica de jugoso lichi y sabroso lim\u00f3n en cada calada! Este vaporizador desechable de primera calidad proporciona 10.000 caladas ultrasuaves de sabor perfectamente equilibrado, combinando la dulzura floral del lichi con un refrescante toque de lim\u00f3n. Precargado, precargado y listo para viajar: sinmantenimiento, s\u00f3lo puro placer de vapear. Con tecnolog\u00eda de bobina de malla para un sabor rico y uniforme de la primera a la \u00faltima calada.","og_url":"https:\/\/fizzyvape.eu\/es\/producto\/fizzy-great-lychee-limon-10000-caladas\/","og_site_name":"fizzyvape.eu","og_image":[{"width":1057,"height":1037,"url":"https:\/\/fizzyvape.eu\/wp-content\/uploads\/2025\/03\/FizzyVape-Great-Lychee-Lemon-10000puff.jpg","type":"image\/jpeg"}],"twitter_card":"summary_large_image","twitter_misc":{"Disponibilidad":"Sin existencias"},"schema":{"@context":"https:\/\/schema.org","@graph":[{"@type":"WebPage","@id":"https:\/\/fizzyvape.eu\/es\/producto\/fizzy-great-lychee-limon-10000-caladas\/","url":"https:\/\/fizzyvape.eu\/es\/producto\/fizzy-great-lychee-limon-10000-caladas\/","name":"Fizzy Great Lychee Lim\u00f3n - 10000 caladas - fizzyvape.eu","isPartOf":{"@id":"https:\/\/www.fizzyvape.eu\/es\/#website"},"primaryImageOfPage":{"@id":"https:\/\/fizzyvape.eu\/es\/producto\/fizzy-great-lychee-limon-10000-caladas\/#primaryimage"},"image":{"@id":"https:\/\/fizzyvape.eu\/es\/producto\/fizzy-great-lychee-limon-10000-caladas\/#primaryimage"},"thumbnailUrl":"https:\/\/fizzyvape.eu\/wp-content\/uploads\/2025\/03\/FizzyVape-Great-Lychee-Lemon-10000puff.jpg","datePublished":"2025-03-26T07:46:16+00:00","breadcrumb":{"@id":"https:\/\/fizzyvape.eu\/es\/producto\/fizzy-great-lychee-limon-10000-caladas\/#breadcrumb"},"inLanguage":"es","potentialAction":[{"@type":"ReadAction","target":["https:\/\/fizzyvape.eu\/es\/producto\/fizzy-great-lychee-limon-10000-caladas\/"]}]},{"@type":"ImageObject","inLanguage":"es","@id":"https:\/\/fizzyvape.eu\/es\/producto\/fizzy-great-lychee-limon-10000-caladas\/#primaryimage","url":"https:\/\/fizzyvape.eu\/wp-content\/uploads\/2025\/03\/FizzyVape-Great-Lychee-Lemon-10000puff.jpg","contentUrl":"https:\/\/fizzyvape.eu\/wp-content\/uploads\/2025\/03\/FizzyVape-Great-Lychee-Lemon-10000puff.jpg","width":1057,"height":1037,"caption":"FizzyVape-Gran Lim\u00f3n-Lychee-10000puff"},{"@type":"BreadcrumbList","@id":"https:\/\/fizzyvape.eu\/es\/producto\/fizzy-great-lychee-limon-10000-caladas\/#breadcrumb","itemListElement":[{"@type":"ListItem","position":1,"name":"Home","item":"https:\/\/fizzyvape.eu\/es\/"},{"@type":"ListItem","position":2,"name":"Tienda","item":"https:\/\/www.fizzyvape.eu\/es\/tienda\/"},{"@type":"ListItem","position":3,"name":"Fizzy Great Lychee Lim\u00f3n &#8211; 10000 caladas"}]},{"@type":"WebSite","@id":"https:\/\/www.fizzyvape.eu\/es\/#website","url":"https:\/\/www.fizzyvape.eu\/es\/","name":"fizzyvape.eu","description":"Refreshing Vapes. Unforgettable Taste.","publisher":{"@id":"https:\/\/www.fizzyvape.eu\/es\/#organization"},"potentialAction":[{"@type":"SearchAction","target":{"@type":"EntryPoint","urlTemplate":"https:\/\/www.fizzyvape.eu\/es\/?s={search_term_string}"},"query-input":{"@type":"PropertyValueSpecification","valueRequired":true,"valueName":"search_term_string"}}],"inLanguage":"es"},{"@type":"Organization","@id":"https:\/\/www.fizzyvape.eu\/es\/#organization","name":"fizzyvape.eu","url":"https:\/\/www.fizzyvape.eu\/es\/","logo":{"@type":"ImageObject","inLanguage":"es","@id":"https:\/\/www.fizzyvape.eu\/es\/#\/schema\/logo\/image\/","url":"https:\/\/fizzyvape.eu\/wp-content\/uploads\/2019\/06\/print-1.svg","contentUrl":"https:\/\/fizzyvape.eu\/wp-content\/uploads\/2019\/06\/print-1.svg","width":124,"height":37,"caption":"fizzyvape.eu"},"image":{"@id":"https:\/\/www.fizzyvape.eu\/es\/#\/schema\/logo\/image\/"}}]},"og_availability":"out of stock","product_availability":"out of stock","product_condition":"new"},"tiered_pricing_type":"fixed","tiered_pricing_fixed_rules":[],"tiered_pricing_product_settings":{"layout":"default","base_unit_name":{"singular":null,"plural":null},"default_variation":null},"tiered_pricing_minimum_quantity":null,"tiered_pricing_roles_data":[],"tiered_pricing_percentage_rules":[],"tiered_pricing_maximum_quantity":null,"tiered_pricing_quantity_step":null,"_links":{"self":[{"href":"https:\/\/fizzyvape.eu\/es\/wp-json\/wp\/v2\/product\/26620","targetHints":{"allow":["GET"]}}],"collection":[{"href":"https:\/\/fizzyvape.eu\/es\/wp-json\/wp\/v2\/product"}],"about":[{"href":"https:\/\/fizzyvape.eu\/es\/wp-json\/wp\/v2\/types\/product"}],"replies":[{"embeddable":true,"href":"https:\/\/fizzyvape.eu\/es\/wp-json\/wp\/v2\/comments?post=26620"}],"version-history":[{"count":0,"href":"https:\/\/fizzyvape.eu\/es\/wp-json\/wp\/v2\/product\/26620\/revisions"}],"wp:featuredmedia":[{"embeddable":true,"href":"https:\/\/fizzyvape.eu\/es\/wp-json\/wp\/v2\/media\/20224"}],"wp:attachment":[{"href":"https:\/\/fizzyvape.eu\/es\/wp-json\/wp\/v2\/media?parent=26620"}],"wp:term":[{"taxonomy":"product_brand","embeddable":true,"href":"https:\/\/fizzyvape.eu\/es\/wp-json\/wp\/v2\/product_brand?post=26620"},{"taxonomy":"product_cat","embeddable":true,"href":"https:\/\/fizzyvape.eu\/es\/wp-json\/wp\/v2\/product_cat?post=26620"},{"taxonomy":"product_tag","embeddable":true,"href":"https:\/\/fizzyvape.eu\/es\/wp-json\/wp\/v2\/product_tag?post=26620"}],"curies":[{"name":"wp","href":"https:\/\/api.w.org\/{rel}","templated":true}]}}