{"id":26689,"date":"2025-03-26T15:46:20","date_gmt":"2025-03-26T07:46:20","guid":{"rendered":"https:\/\/fizzyvape.eu\/product\/fizzy-gran-frambuesa-uva-10000-bocanadas\/"},"modified":"2025-03-26T07:46:20","modified_gmt":"2025-03-25T23:46:20","slug":"fizzy-gran-frambuesa-uva-10000-bocanadas","status":"publish","type":"product","link":"https:\/\/fizzyvape.eu\/es\/producto\/fizzy-gran-frambuesa-uva-10000-bocanadas\/","title":{"rendered":"Fizzy Gran Frambuesa Uva &#8211; 10000 bocanadas"},"content":{"rendered":"<div>\n<h3><strong>Fizzy Great Frambuesa Uva 10000 Puffs &#8211; \u00a1Bendici\u00f3n de bayas en cada puff!<\/strong><\/h3>\n<p>\u00a1Del\u00e9itate con la <strong>perfecta armon\u00eda de las agrias frambuesas y las jugosas uvas<\/strong> <strong>de Fizzy Great Raspberry Grape 10000 Puffs<\/strong>! Este vape desechable de primera calidad ofrece una <strong>fusi\u00f3n atrevida y afrutada:<\/strong>el sabor brillante de las frambuesas mezclado con notas dulces y suculentas de uva para una experiencia irresistiblemente refrescante. Disfruta de <strong>10.000 caladas ultrasuaves<\/strong> de este sabor expertamente equilibrado, todo ello en un <strong>elegante dispositivo que no necesita mantenimiento<\/strong> y que est\u00e1 listo para disfrutar nada m\u00e1s sacarlo de la caja. <\/p>\n<h2><strong>Caracter\u00edsticas principales<\/strong><\/h2>\n<p>\u2714 <strong>10.000 caladas<\/strong>: placer de vapear prolongado durante semanas<br \/>\n\u2714 <strong>Fusi\u00f3n de Frambuesa y Uva<\/strong> &#8211; Perfecci\u00f3n de bayas \u00e1cidas y dulces<br \/>\n\u2714 <strong>Elegante y port\u00e1til<\/strong>: dise\u00f1o compacto y de bolsillo (53\u00d730\u00d785,3 mm)<br \/>\n\u2714 <strong>Precargado y prellenado<\/strong> &#8211; 18mL de e-l\u00edquido | Bater\u00eda de 650mAh<br \/>\n\u2714 <strong>Tecnolog\u00eda de bobina de malla<\/strong>: sabor rico y consistente y nubes densas <\/p>\n<h3><strong>\u00bfPor qu\u00e9 elegir Fizzy Great?<\/strong><\/h3>\n<p>\ud83c\udf47 <strong>Perfil de sabor premium<\/strong> &#8211; E-l\u00edquido probado en laboratorio para un aut\u00e9ntico sabor a bayas<br \/>\n\ud83d\udd0b <strong>Vaping para todo el d\u00eda<\/strong> &#8211; Capacidad masiva de 18 ml y bater\u00eda de larga duraci\u00f3n<br \/>\n\u2708\ufe0f <strong>Preparada para viajar<\/strong> &#8211; A prueba de fugas y apta para la TSA (donde est\u00e9 permitido)<br \/>\n\u26a1 <strong>Satisfacci\u00f3n instant\u00e1nea<\/strong> &#8211; No es necesario cargar ni recargar <\/p>\n<h3>Contenido del paquete<\/h3>\n<p>1 \u00d7 Dispositivo Fizzy Great Frambuesa Uva 10000 Puffs<\/p>\n<\/div>\n<div>\n<h3>Especificaciones<\/h3>\n<table>\n<tbody>\n<tr>\n<td>Puffs<\/td>\n<td><strong>10000+ Puffs<\/strong><\/td>\n<\/tr>\n<tr>\n<td>Capacidad del e-l\u00edquido<\/td>\n<td><strong>18 ml<\/strong><\/td>\n<\/tr>\n<tr>\n<td>Capacidad de la bater\u00eda<\/td>\n<td><strong>650 mAh<\/strong><\/td>\n<\/tr>\n<tr>\n<td>Bobina de malla<\/td>\n<td><strong>1.4\u03a9<\/strong><\/td>\n<\/tr>\n<tr>\n<td>Tama\u00f1o<\/td>\n<td><strong>53*30*85,3 mm<\/strong><\/td>\n<\/tr>\n<tr>\n<td>Desechable o no<\/td>\n<td><strong>Desechable<\/strong><\/td>\n<\/tr>\n<tr>\n<td>M\u00e9todo de carga<\/td>\n<td><strong>Cable<\/strong><\/td>\n<\/tr>\n<tr>\n<td>M\u00e9todo de activaci\u00f3n<\/td>\n<td><strong>Sensor<\/strong><\/td>\n<\/tr>\n<tr>\n<td>Nivel de nicotina<\/td>\n<td><strong>5%(50mg\/ml)<\/strong><\/td>\n<\/tr>\n<tr>\n<td>Sabores<\/td>\n<td><strong>10<\/strong><\/td>\n<\/tr>\n<tr>\n<td>Embalaje<\/td>\n<td><strong>1 paquete<\/strong><\/td>\n<\/tr>\n<tr>\n<td>Tiempo de carga<\/td>\n<td><strong>2 horas<\/strong><\/td>\n<\/tr>\n<tr>\n<td>Almacenamiento<\/td>\n<td><strong>Evita los entornos con altas temperaturas y gu\u00e1rdalo en un lugar fresco y seco.<\/strong><\/td>\n<\/tr>\n<tr>\n<td>Personas cuyo uso est\u00e1 prohibido<\/td>\n<td><strong>Menores, mujeres embarazadas y personas al\u00e9rgicas a los ingredientes del producto.<\/strong><\/td>\n<\/tr>\n<tr>\n<td>Precauci\u00f3n<\/td>\n<td><strong>No tragues esta sustancia. En caso de ingesti\u00f3n, enju\u00e1gate bien la boca inmediatamente. Si te encuentras mal, acude al m\u00e9dico.  <\/strong><\/td>\n<\/tr>\n<\/tbody>\n<\/table>\n<h3>Lista de sabores de <strong>Fizzy Great<\/strong> 10000 Puffs:<\/h3>\n<ol>\n<li><a href=\"https:\/\/fizzyvape.eu\/es\/producto\/fizzy-gran-sandia-10000-bocanadas\/\">Sand\u00eda<\/a><\/li>\n<li><a href=\"https:\/\/fizzyvape.eu\/es\/producto\/fizzy-great-blueberry-ice-10000-bocanadas\/\">Hielo de ar\u00e1ndanos<\/a><\/li>\n<li><a href=\"https:\/\/fizzyvape.eu\/es\/producto\/fizzy-great-grape-ice-10000-bocanadas\/\">Hielo de uva<\/a><\/li>\n<li><a href=\"https:\/\/fizzyvape.eu\/es\/producto\/fizzy-great-lychee-limon-10000-caladas\/\">Lichi Lim\u00f3n<\/a><\/li>\n<li><a href=\"https:\/\/fizzyvape.eu\/es\/producto\/fizzy-great-pina-melocoton-fruta-de-la-pasion-10000-bocanadas\/\">Pi\u00f1a Melocot\u00f3n Fruta de la pasi\u00f3n<\/a><\/li>\n<li><a href=\"https:\/\/fizzyvape.eu\/es\/producto\/fizzy-gran-frambuesa-uva-10000-bocanadas\/\">Frambuesa Uva<\/a><\/li>\n<li><a href=\"https:\/\/fizzyvape.eu\/es\/producto\/fizzy-gran-melocoton-10000-bocanadas\/\">Melocot\u00f3n<\/a><\/li>\n<li><a href=\"https:\/\/fizzyvape.eu\/es\/producto\/fizzy-great-mango-melocoton-10000-bocanadas\/\">Mango Melocot\u00f3n<\/a><\/li>\n<li><a href=\"https:\/\/fizzyvape.eu\/es\/producto\/fizzy-great-mixed-berry-10000-bocanadas\/\">Mezcla de bayas<\/a><\/li>\n<li><a href=\"https:\/\/fizzyvape.eu\/es\/producto\/fizzy-great-sandia-fresa-limonada-10000-caladas\/\">Limonada de fresa y sand\u00eda<\/a><\/li>\n<\/ol>\n<h3><strong>Preguntas frecuentes sobre <\/strong><strong>Fizzy Gran Uva Frambuesa 10000 Puffs <\/strong><strong>Vapea<\/strong><\/h3>\n<ol start=\"1\">\n<li><strong>\u00bfCu\u00e1ntos d\u00edas durar\u00e1n las 10.000 caladas?<\/strong><br \/>\nPara la mayor\u00eda de los vapeadores, el Fizzy Great Grape Ice dura de 7 a 14 d\u00edas con un uso regular. Los usuarios ligeros pueden disfrutarlo durante m\u00e1s de 3 semanas, mientras que los grandes vapeadores pueden acab\u00e1rselo antes dependiendo de la frecuencia de las caladas. <\/li>\n<li><strong>\u00bfCu\u00e1l es el sabor dominante: frambuesa o uva?<\/strong><br \/>\n\u00a1Es una mezcla perfecta 50\/50! Experimentar\u00e1s la acidez inicial de las frambuesas frescas, que se transforma suavemente en notas dulces y de mermelada de uva: ninguno de los sabores domina al otro. <\/li>\n<li><strong>\u00bfNecesita este aparato alg\u00fan tipo de mantenimiento?<\/strong><br \/>\n\u00a1En absoluto! El Fizzy Great Grape Ice es completamente desechable, sin necesidad de cargarlo, rellenarlo ni cambiar la bobina. S\u00f3lo tienes que usarlo directamente del paquete hasta que se acabe.  <\/li>\n<li><strong>\u00bfQu\u00e9 potencia de nicotina hay disponible?<\/strong><br \/>\nEste dispositivo contiene un 5% (50 mg) de sal de nicotina, que proporciona un satisfactorio golpe de garganta sin asperezas.<\/li>\n<li><strong>\u00bfSe mantendr\u00e1 constante la calidad del sabor?<\/strong><br \/>\n\u00a1Sin duda! Gracias a la avanzada tecnolog\u00eda de bobina de malla, disfrutar\u00e1s del mismo rico sabor a hielo de uva desde la primera calada hasta la \u00faltima, sin sabor a quemado ni degradaci\u00f3n del sabor. <\/li>\n<\/ol>\n<\/div>\n","protected":false},"excerpt":{"rendered":"<p><strong>Fizzy Great Raspberry Grape 10000 caladas<\/strong> &#8211; \u00a1Experimenta el <strong>equilibrio perfecto de frambuesas \u00e1cidas y uvas dulces<\/strong> en cada calada! Este vapeador desechable de primera calidad proporciona <strong>10.000 caladas ultrasuaves<\/strong> de sabor a bayas mezcladas por expertos, con <strong>tecnolog\u00eda de bobina de malla<\/strong> para un vapor rico y consistente. <strong>Precargado, precargado y listo para usar: sin<\/strong>mantenimiento, s\u00f3lo pura satisfacci\u00f3n afrutada en un dise\u00f1o elegante y port\u00e1til. <\/p>\n","protected":false},"featured_media":20264,"comment_status":"open","ping_status":"closed","template":"","meta":{"iawp_total_views":0},"product_brand":[],"product_cat":[271],"product_tag":[272,433],"class_list":{"0":"post-26689","1":"product","2":"type-product","3":"status-publish","4":"has-post-thumbnail","6":"product_cat-great-es","7":"product_tag-10000-bocanadas","8":"product_tag-frambuesa-uva","10":"first","11":"outofstock","12":"shipping-taxable","13":"purchasable","14":"product-type-variable"},"yoast_head":"<!-- This site is optimized with the Yoast SEO Premium plugin v24.8 (Yoast SEO v24.8) - https:\/\/yoast.com\/wordpress\/plugins\/seo\/ -->\n<title>Fizzy Gran Frambuesa Uva - 10000 bocanadas - fizzyvape.eu<\/title>\n<meta name=\"robots\" content=\"index, follow, max-snippet:-1, max-image-preview:large, max-video-preview:-1\" \/>\n<link rel=\"canonical\" href=\"https:\/\/fizzyvape.eu\/es\/producto\/fizzy-gran-frambuesa-uva-10000-bocanadas\/\" \/>\n<meta property=\"og:locale\" content=\"es_ES\" \/>\n<meta property=\"og:type\" content=\"article\" \/>\n<meta property=\"og:title\" content=\"Fizzy Gran Frambuesa Uva - 10000 bocanadas\" \/>\n<meta property=\"og:description\" content=\"Fizzy Great Raspberry Grape 10000 caladas - \u00a1Experimenta el equilibrio perfecto de frambuesas \u00e1cidas y uvas dulces en cada calada! Este vapeador desechable de primera calidad proporciona 10.000 caladas ultrasuaves de sabor a bayas mezcladas por expertos, con tecnolog\u00eda de bobina de malla para un vapor rico y consistente. Precargado, precargado y listo para usar: sinmantenimiento, s\u00f3lo pura satisfacci\u00f3n afrutada en un dise\u00f1o elegante y port\u00e1til.\" \/>\n<meta property=\"og:url\" content=\"https:\/\/fizzyvape.eu\/es\/producto\/fizzy-gran-frambuesa-uva-10000-bocanadas\/\" \/>\n<meta property=\"og:site_name\" content=\"fizzyvape.eu\" \/>\n<meta property=\"og:image\" content=\"https:\/\/fizzyvape.eu\/wp-content\/uploads\/2025\/03\/FizzyVape-Great-Raspberry-Grape-10000puff.jpg\" \/>\n\t<meta property=\"og:image:width\" content=\"1057\" \/>\n\t<meta property=\"og:image:height\" content=\"1037\" \/>\n\t<meta property=\"og:image:type\" content=\"image\/jpeg\" \/>\n<meta name=\"twitter:card\" content=\"summary_large_image\" \/>\n<meta name=\"twitter:label1\" content=\"Disponibilidad\" \/>\n\t<meta name=\"twitter:data1\" content=\"Sin existencias\" \/>\n<script type=\"application\/ld+json\" class=\"yoast-schema-graph\">{\"@context\":\"https:\/\/schema.org\",\"@graph\":[{\"@type\":\"WebPage\",\"@id\":\"https:\/\/fizzyvape.eu\/es\/producto\/fizzy-gran-frambuesa-uva-10000-bocanadas\/\",\"url\":\"https:\/\/fizzyvape.eu\/es\/producto\/fizzy-gran-frambuesa-uva-10000-bocanadas\/\",\"name\":\"Fizzy Gran Frambuesa Uva - 10000 bocanadas - fizzyvape.eu\",\"isPartOf\":{\"@id\":\"https:\/\/www.fizzyvape.eu\/es\/#website\"},\"primaryImageOfPage\":{\"@id\":\"https:\/\/fizzyvape.eu\/es\/producto\/fizzy-gran-frambuesa-uva-10000-bocanadas\/#primaryimage\"},\"image\":{\"@id\":\"https:\/\/fizzyvape.eu\/es\/producto\/fizzy-gran-frambuesa-uva-10000-bocanadas\/#primaryimage\"},\"thumbnailUrl\":\"https:\/\/fizzyvape.eu\/wp-content\/uploads\/2025\/03\/FizzyVape-Great-Raspberry-Grape-10000puff.jpg\",\"datePublished\":\"2025-03-26T07:46:20+00:00\",\"breadcrumb\":{\"@id\":\"https:\/\/fizzyvape.eu\/es\/producto\/fizzy-gran-frambuesa-uva-10000-bocanadas\/#breadcrumb\"},\"inLanguage\":\"es\",\"potentialAction\":[{\"@type\":\"ReadAction\",\"target\":[\"https:\/\/fizzyvape.eu\/es\/producto\/fizzy-gran-frambuesa-uva-10000-bocanadas\/\"]}]},{\"@type\":\"ImageObject\",\"inLanguage\":\"es\",\"@id\":\"https:\/\/fizzyvape.eu\/es\/producto\/fizzy-gran-frambuesa-uva-10000-bocanadas\/#primaryimage\",\"url\":\"https:\/\/fizzyvape.eu\/wp-content\/uploads\/2025\/03\/FizzyVape-Great-Raspberry-Grape-10000puff.jpg\",\"contentUrl\":\"https:\/\/fizzyvape.eu\/wp-content\/uploads\/2025\/03\/FizzyVape-Great-Raspberry-Grape-10000puff.jpg\",\"width\":1057,\"height\":1037,\"caption\":\"FizzyVape-Gran Uva Frambuesa-10000espumas\"},{\"@type\":\"BreadcrumbList\",\"@id\":\"https:\/\/fizzyvape.eu\/es\/producto\/fizzy-gran-frambuesa-uva-10000-bocanadas\/#breadcrumb\",\"itemListElement\":[{\"@type\":\"ListItem\",\"position\":1,\"name\":\"Home\",\"item\":\"https:\/\/fizzyvape.eu\/es\/\"},{\"@type\":\"ListItem\",\"position\":2,\"name\":\"Tienda\",\"item\":\"https:\/\/www.fizzyvape.eu\/es\/tienda\/\"},{\"@type\":\"ListItem\",\"position\":3,\"name\":\"Fizzy Gran Frambuesa Uva &#8211; 10000 bocanadas\"}]},{\"@type\":\"WebSite\",\"@id\":\"https:\/\/www.fizzyvape.eu\/es\/#website\",\"url\":\"https:\/\/www.fizzyvape.eu\/es\/\",\"name\":\"fizzyvape.eu\",\"description\":\"Refreshing Vapes. Unforgettable Taste.\",\"publisher\":{\"@id\":\"https:\/\/www.fizzyvape.eu\/es\/#organization\"},\"potentialAction\":[{\"@type\":\"SearchAction\",\"target\":{\"@type\":\"EntryPoint\",\"urlTemplate\":\"https:\/\/www.fizzyvape.eu\/es\/?s={search_term_string}\"},\"query-input\":{\"@type\":\"PropertyValueSpecification\",\"valueRequired\":true,\"valueName\":\"search_term_string\"}}],\"inLanguage\":\"es\"},{\"@type\":\"Organization\",\"@id\":\"https:\/\/www.fizzyvape.eu\/es\/#organization\",\"name\":\"fizzyvape.eu\",\"url\":\"https:\/\/www.fizzyvape.eu\/es\/\",\"logo\":{\"@type\":\"ImageObject\",\"inLanguage\":\"es\",\"@id\":\"https:\/\/www.fizzyvape.eu\/es\/#\/schema\/logo\/image\/\",\"url\":\"https:\/\/fizzyvape.eu\/wp-content\/uploads\/2019\/06\/print-1.svg\",\"contentUrl\":\"https:\/\/fizzyvape.eu\/wp-content\/uploads\/2019\/06\/print-1.svg\",\"width\":124,\"height\":37,\"caption\":\"fizzyvape.eu\"},\"image\":{\"@id\":\"https:\/\/www.fizzyvape.eu\/es\/#\/schema\/logo\/image\/\"}}]}<\/script>\n<meta property=\"og:availability\" content=\"out of stock\" \/>\n<meta property=\"product:availability\" content=\"out of stock\" \/>\n<meta property=\"product:condition\" content=\"new\" \/>\n<!-- \/ Yoast SEO Premium plugin. -->","yoast_head_json":{"title":"Fizzy Gran Frambuesa Uva - 10000 bocanadas - fizzyvape.eu","robots":{"index":"index","follow":"follow","max-snippet":"max-snippet:-1","max-image-preview":"max-image-preview:large","max-video-preview":"max-video-preview:-1"},"canonical":"https:\/\/fizzyvape.eu\/es\/producto\/fizzy-gran-frambuesa-uva-10000-bocanadas\/","og_locale":"es_ES","og_type":"article","og_title":"Fizzy Gran Frambuesa Uva - 10000 bocanadas","og_description":"Fizzy Great Raspberry Grape 10000 caladas - \u00a1Experimenta el equilibrio perfecto de frambuesas \u00e1cidas y uvas dulces en cada calada! Este vapeador desechable de primera calidad proporciona 10.000 caladas ultrasuaves de sabor a bayas mezcladas por expertos, con tecnolog\u00eda de bobina de malla para un vapor rico y consistente. Precargado, precargado y listo para usar: sinmantenimiento, s\u00f3lo pura satisfacci\u00f3n afrutada en un dise\u00f1o elegante y port\u00e1til.","og_url":"https:\/\/fizzyvape.eu\/es\/producto\/fizzy-gran-frambuesa-uva-10000-bocanadas\/","og_site_name":"fizzyvape.eu","og_image":[{"width":1057,"height":1037,"url":"https:\/\/fizzyvape.eu\/wp-content\/uploads\/2025\/03\/FizzyVape-Great-Raspberry-Grape-10000puff.jpg","type":"image\/jpeg"}],"twitter_card":"summary_large_image","twitter_misc":{"Disponibilidad":"Sin existencias"},"schema":{"@context":"https:\/\/schema.org","@graph":[{"@type":"WebPage","@id":"https:\/\/fizzyvape.eu\/es\/producto\/fizzy-gran-frambuesa-uva-10000-bocanadas\/","url":"https:\/\/fizzyvape.eu\/es\/producto\/fizzy-gran-frambuesa-uva-10000-bocanadas\/","name":"Fizzy Gran Frambuesa Uva - 10000 bocanadas - fizzyvape.eu","isPartOf":{"@id":"https:\/\/www.fizzyvape.eu\/es\/#website"},"primaryImageOfPage":{"@id":"https:\/\/fizzyvape.eu\/es\/producto\/fizzy-gran-frambuesa-uva-10000-bocanadas\/#primaryimage"},"image":{"@id":"https:\/\/fizzyvape.eu\/es\/producto\/fizzy-gran-frambuesa-uva-10000-bocanadas\/#primaryimage"},"thumbnailUrl":"https:\/\/fizzyvape.eu\/wp-content\/uploads\/2025\/03\/FizzyVape-Great-Raspberry-Grape-10000puff.jpg","datePublished":"2025-03-26T07:46:20+00:00","breadcrumb":{"@id":"https:\/\/fizzyvape.eu\/es\/producto\/fizzy-gran-frambuesa-uva-10000-bocanadas\/#breadcrumb"},"inLanguage":"es","potentialAction":[{"@type":"ReadAction","target":["https:\/\/fizzyvape.eu\/es\/producto\/fizzy-gran-frambuesa-uva-10000-bocanadas\/"]}]},{"@type":"ImageObject","inLanguage":"es","@id":"https:\/\/fizzyvape.eu\/es\/producto\/fizzy-gran-frambuesa-uva-10000-bocanadas\/#primaryimage","url":"https:\/\/fizzyvape.eu\/wp-content\/uploads\/2025\/03\/FizzyVape-Great-Raspberry-Grape-10000puff.jpg","contentUrl":"https:\/\/fizzyvape.eu\/wp-content\/uploads\/2025\/03\/FizzyVape-Great-Raspberry-Grape-10000puff.jpg","width":1057,"height":1037,"caption":"FizzyVape-Gran Uva Frambuesa-10000espumas"},{"@type":"BreadcrumbList","@id":"https:\/\/fizzyvape.eu\/es\/producto\/fizzy-gran-frambuesa-uva-10000-bocanadas\/#breadcrumb","itemListElement":[{"@type":"ListItem","position":1,"name":"Home","item":"https:\/\/fizzyvape.eu\/es\/"},{"@type":"ListItem","position":2,"name":"Tienda","item":"https:\/\/www.fizzyvape.eu\/es\/tienda\/"},{"@type":"ListItem","position":3,"name":"Fizzy Gran Frambuesa Uva &#8211; 10000 bocanadas"}]},{"@type":"WebSite","@id":"https:\/\/www.fizzyvape.eu\/es\/#website","url":"https:\/\/www.fizzyvape.eu\/es\/","name":"fizzyvape.eu","description":"Refreshing Vapes. Unforgettable Taste.","publisher":{"@id":"https:\/\/www.fizzyvape.eu\/es\/#organization"},"potentialAction":[{"@type":"SearchAction","target":{"@type":"EntryPoint","urlTemplate":"https:\/\/www.fizzyvape.eu\/es\/?s={search_term_string}"},"query-input":{"@type":"PropertyValueSpecification","valueRequired":true,"valueName":"search_term_string"}}],"inLanguage":"es"},{"@type":"Organization","@id":"https:\/\/www.fizzyvape.eu\/es\/#organization","name":"fizzyvape.eu","url":"https:\/\/www.fizzyvape.eu\/es\/","logo":{"@type":"ImageObject","inLanguage":"es","@id":"https:\/\/www.fizzyvape.eu\/es\/#\/schema\/logo\/image\/","url":"https:\/\/fizzyvape.eu\/wp-content\/uploads\/2019\/06\/print-1.svg","contentUrl":"https:\/\/fizzyvape.eu\/wp-content\/uploads\/2019\/06\/print-1.svg","width":124,"height":37,"caption":"fizzyvape.eu"},"image":{"@id":"https:\/\/www.fizzyvape.eu\/es\/#\/schema\/logo\/image\/"}}]},"og_availability":"out of stock","product_availability":"out of stock","product_condition":"new"},"tiered_pricing_type":"fixed","tiered_pricing_fixed_rules":[],"tiered_pricing_product_settings":{"layout":"default","base_unit_name":{"singular":null,"plural":null},"default_variation":null},"tiered_pricing_minimum_quantity":null,"tiered_pricing_roles_data":[],"tiered_pricing_percentage_rules":[],"tiered_pricing_maximum_quantity":null,"tiered_pricing_quantity_step":null,"_links":{"self":[{"href":"https:\/\/fizzyvape.eu\/es\/wp-json\/wp\/v2\/product\/26689","targetHints":{"allow":["GET"]}}],"collection":[{"href":"https:\/\/fizzyvape.eu\/es\/wp-json\/wp\/v2\/product"}],"about":[{"href":"https:\/\/fizzyvape.eu\/es\/wp-json\/wp\/v2\/types\/product"}],"replies":[{"embeddable":true,"href":"https:\/\/fizzyvape.eu\/es\/wp-json\/wp\/v2\/comments?post=26689"}],"version-history":[{"count":0,"href":"https:\/\/fizzyvape.eu\/es\/wp-json\/wp\/v2\/product\/26689\/revisions"}],"wp:featuredmedia":[{"embeddable":true,"href":"https:\/\/fizzyvape.eu\/es\/wp-json\/wp\/v2\/media\/20264"}],"wp:attachment":[{"href":"https:\/\/fizzyvape.eu\/es\/wp-json\/wp\/v2\/media?parent=26689"}],"wp:term":[{"taxonomy":"product_brand","embeddable":true,"href":"https:\/\/fizzyvape.eu\/es\/wp-json\/wp\/v2\/product_brand?post=26689"},{"taxonomy":"product_cat","embeddable":true,"href":"https:\/\/fizzyvape.eu\/es\/wp-json\/wp\/v2\/product_cat?post=26689"},{"taxonomy":"product_tag","embeddable":true,"href":"https:\/\/fizzyvape.eu\/es\/wp-json\/wp\/v2\/product_tag?post=26689"}],"curies":[{"name":"wp","href":"https:\/\/api.w.org\/{rel}","templated":true}]}}