{"id":27918,"date":"2025-04-21T11:10:46","date_gmt":"2025-04-21T03:10:46","guid":{"rendered":"https:\/\/fizzyvape.eu\/?post_type=product&#038;p=27918"},"modified":"2025-10-31T18:00:13","modified_gmt":"2025-10-31T10:00:13","slug":"fizzy-nova-plus-40000-puffs-60pcs","status":"publish","type":"product","link":"https:\/\/fizzyvape.eu\/es\/producto\/fizzy-nova-plus-40000-puffs-60pcs\/","title":{"rendered":"Fizzy Nova Plus 40000 Puffs &#8211; 60pcs"},"content":{"rendered":"<div>\n<h1><strong>Vapeador Desechable Fizzy Nova Plus 40000 Puffs &#8211; La c\u00faspide de la innovaci\u00f3n en vapeo<\/strong><\/h1>\n<p>Experimenta la perfecci\u00f3n del vapeo con el <strong>vaporizador desechable Fizzy Nova Plus 40.000 caladas<\/strong>, donde la tecnolog\u00eda punta se une a un sabor incomparable. Dise\u00f1ado para vapeadores que exigen longevidad y rendimiento de primera, este revolucionario dispositivo proporciona <strong>40.000 caladas ultrasuaves<\/strong> de vapor rico y satisfactorio en un paquete elegante y port\u00e1til.<\/p>\n<h3>Caracter\u00edsticas principales:<\/h3>\n<p>\ud83d\udd39 <strong>Potencia de vapeo ampliada<\/strong> &#8211; Proporciona unas impresionantes <strong>40.000 caladas<\/strong> para un disfrute duradero.<br \/>\n\ud83d\udd39 <strong>Generosa capacidad de e-l\u00edquido<\/strong>: <strong>40 ml de e-l\u00edquido precargado<\/strong> garantizan <strong>semanas de vapeo continuo<\/strong>.<br \/>\n\ud83d\udd39 <strong>Bobinas de malla doble avanzadas<\/strong> &#8211; Experimenta <strong>sabores m\u00e1s ricos y vapor m\u00e1s denso<\/strong> con la tecnolog\u00eda de bobinas mejorada.<br \/>\n\ud83d\udd39 <strong>Modos de Vapeo Personalizables<\/strong> &#8211; Cambia entre <strong>el Modo Eco para un uso prolongado<\/strong> o <strong>el Modo Turbo para intensificar el sabor<\/strong>.<br \/>\n\ud83d\udd39 <strong>Indicador LED inteligente<\/strong>: controla la <strong>duraci\u00f3n de la bater\u00eda y los niveles de e-l\u00edquido<\/strong> de un vistazo.<br \/>\n\ud83d\udd39 <strong>Carga r\u00e1pida USB-C<\/strong>: <strong>la bater\u00eda de 850 mAh<\/strong> se recarga por completo en s\u00f3lo <strong>2 horas<\/strong> para un uso ininterrumpido.<\/p>\n<h3>\u00bfPor qu\u00e9 elegir Fizzy Nova Plus?<\/h3>\n<p>\ud83d\udd25 <strong>Valor inigualable<\/strong> &#8211; Dura semanas m\u00e1s que la competencia<br \/>\n\ud83d\udca8 <strong>Dominio del sabor<\/strong> &#8211; Dise\u00f1ado por especialistas en sabor de renombre mundial<br \/>\n\u26a1 <strong>Experiencia personalizable<\/strong>: adapta tu vape a tu estado de \u00e1nimo<br \/>\n\ud83d\udeeb <strong>Perfecto para viajar<\/strong>: tama\u00f1o apto para la TSA con un dise\u00f1o a prueba de fugas<br \/>\n\ud83c\udfa8 <strong>Est\u00e9tica de primera<\/strong>: aspecto elegante y moderno con una construcci\u00f3n duradera<\/p>\n<\/div>\n<div>\n<h3><strong>Opciones de nicotina:<\/strong><\/h3>\n<p>&#8211; <strong>2% (20mg\/mL<\/strong> ) &#8211; Ideal para una experiencia de vapeo suave y sabrosa<br \/>\n&#8211; <strong>5% (50mg\/mL<\/strong> ) &#8211; Dise\u00f1ado para un golpe de garganta m\u00e1s fuerte y satisfactorio<\/p>\n<h3>Especificaciones<\/h3>\n<table style=\"height: 449px;\" width=\"1340\">\n<tbody>\n<tr>\n<td>Puffs<\/td>\n<td><strong>M\u00e1s de 40000 Puffs<\/strong><\/td>\n<\/tr>\n<tr>\n<td>Capacidad del e-l\u00edquido<\/td>\n<td><strong>40 ml<\/strong><\/td>\n<\/tr>\n<tr>\n<td>Capacidad de la bater\u00eda<\/td>\n<td><strong>850 mAh<\/strong><\/td>\n<\/tr>\n<tr>\n<td>Tama\u00f1o<\/td>\n<td><strong>52,5*24,5*104,3 mm<\/strong><\/td>\n<\/tr>\n<tr>\n<td>Desechable o no<\/td>\n<td><strong>Desechable<\/strong><\/td>\n<\/tr>\n<tr>\n<td>M\u00e9todo de carga<\/td>\n<td><strong>Cable<\/strong><\/td>\n<\/tr>\n<tr>\n<td>M\u00e9todo de activaci\u00f3n<\/td>\n<td><strong>Sensor<\/strong><\/td>\n<\/tr>\n<tr>\n<td>Material<\/td>\n<td><strong>PCTG<\/strong><\/td>\n<\/tr>\n<tr>\n<td>Nivel de nicotina<\/td>\n<td><strong>2% (20mg\/mL) y 5% (50mg\/mL)<\/strong><\/td>\n<\/tr>\n<tr>\n<td>Sabores<\/td>\n<td><strong>12<\/strong><\/td>\n<\/tr>\n<tr>\n<td>Embalaje<\/td>\n<td><strong>1 paquete<\/strong><\/td>\n<\/tr>\n<tr>\n<td>Tiempo de carga<\/td>\n<td><strong>2 horas<\/strong><\/td>\n<\/tr>\n<tr>\n<td>Almacenamiento<\/td>\n<td><strong>Evita los entornos con altas temperaturas y gu\u00e1rdalo en un lugar fresco y seco.<\/strong><\/td>\n<\/tr>\n<tr>\n<td>Personas cuyo uso est\u00e1 prohibido<\/td>\n<td><strong>Menores, mujeres embarazadas y personas al\u00e9rgicas a los ingredientes del producto.<\/strong><\/td>\n<\/tr>\n<tr>\n<td>Precauci\u00f3n<\/td>\n<td><strong>No tragues esta sustancia. En caso de ingesti\u00f3n, enju\u00e1gate bien la boca inmediatamente. Si te encuentras mal, acude al m\u00e9dico. <\/strong><\/td>\n<\/tr>\n<\/tbody>\n<\/table>\n<h3>Lista de sabores de <strong>Fizzy Nova Plus <\/strong>40000 Puffs:<\/h3>\n<ol>\n<li><a href=\"https:\/\/fizzyvape.eu\/es\/producto\/fizzy-nova-plus-fresa-kiwi-40000-puffs-10pcs\/\">Fresa Kiwi<\/a><\/li>\n<li><a href=\"https:\/\/fizzyvape.eu\/es\/producto\/fizzy-nova-plus-hielo-de-arandanos-40000-puffs-10pcs\/\">Hielo de ar\u00e1ndanos<\/a><\/li>\n<li><a href=\"https:\/\/fizzyvape.eu\/es\/producto\/fizzy-nova-plus-sandia-helada-40000-puffs-10pcs\/\">Hielo de sand\u00eda<\/a><\/li>\n<li><a href=\"https:\/\/fizzyvape.eu\/es\/producto\/fizzy-nova-plus-melocoton-mango-sandia-40000-puffs-10pcs\/\">Melocot\u00f3n Mango Sand\u00eda<\/a><\/li>\n<li><a href=\"https:\/\/fizzyvape.eu\/es\/producto\/fizzy-nova-plus-kiwi-fruta-de-la-pasion-guayaba-40000-puffs-10pcs\/\">Kiwi Fruta de la pasi\u00f3n Guayaba<\/a><\/li>\n<li><a href=\"https:\/\/fizzyvape.eu\/es\/producto\/fizzy-nova-plus-frambuesa-limon-40000-puffs-10pcs\/\">Frambuesa Lim\u00f3n<\/a><\/li>\n<li><a href=\"https:\/\/fizzyvape.eu\/es\/producto\/fizzy-nova-plus-triple-baya-40000-puffs-10pcs\/\">Triple baya<\/a><\/li>\n<li><a href=\"https:\/\/fizzyvape.eu\/es\/producto\/fizzy-nova-plus-hielo-de-melocoton-40000-puffs-10pcs\/\">Melocot\u00f3n helado<\/a><\/li>\n<li><a href=\"https:\/\/fizzyvape.eu\/es\/producto\/fizzy-nova-plus-uva-lima-40000-puffs-10pcs\/\">Uva Lima<\/a><\/li>\n<li><a href=\"https:\/\/fizzyvape.eu\/es\/producto\/fizzy-nova-plus-limonada-azul-razz-40000-puffs-10pcs\/\">Limonada Blue Razz<\/a><\/li>\n<li><a href=\"https:\/\/fizzyvape.eu\/es\/producto\/fizzy-nova-plus-fresa-helada-40000-puffs-10pcs\/\">Hielo de fresa<\/a><\/li>\n<li><a href=\"https:\/\/fizzyvape.eu\/es\/producto\/fizzy-nova-plus-coco-arandano-40000-puffs-10pcs\/\">Coco con ar\u00e1ndanos<\/a><\/li>\n<\/ol>\n<h3>Preguntas frecuentes sobre Fizzy Nova Plus 40000 Puffs Vape<\/h3>\n<ol>\n<li><strong>\u00bfC\u00f3mo se compara el recuento de 40.000 caladas con otros vaporizadores desechables?<\/strong><br \/>\nNuestro Fizzy Nova Plus proporciona de 3 a 5 veces m\u00e1s caladas que los desechables est\u00e1ndar, y cada dispositivo equivale a unos 4 \u00f3 5 bol\u00edgrafos de vapeo t\u00edpicos. La capacidad de 40 ml de e-l\u00edquido, l\u00edder en el sector, te garantiza un uso prolongado sin tener que sustituirlo con frecuencia.<\/li>\n<li><strong>\u00bfCu\u00e1l es la diferencia entre el Modo Eco y el Modo Turbo?<\/strong><br \/>\nEl Modo Eco optimiza la duraci\u00f3n de la bater\u00eda para sesiones m\u00e1s largas (perfecto para vapear todo el d\u00eda), mientras que el Modo Turbo mejora tanto la intensidad del sabor como la producci\u00f3n de vapor para una experiencia m\u00e1s potente. El indicador LED inteligente te ayuda a controlar tu selecci\u00f3n de modo.<\/li>\n<li><strong>\u00bfCu\u00e1nto dura la bater\u00eda entre carga y carga?<\/strong><br \/>\nLa bater\u00eda de 850 mAh suele durar los 40 ml de e-l\u00edquido. Cuando es necesario, nuestra carga r\u00e1pida USB-C recarga completamente el dispositivo en s\u00f3lo 2 horas, unas 3 veces m\u00e1s r\u00e1pido que las alternativas micro-USB.<\/li>\n<li><strong>\u00bfQu\u00e9 concentraci\u00f3n de nicotina debo elegir?<\/strong><br \/>\nPara un sabor m\u00e1s suave y una nicotina moderada: elige 2% (20mg\/mL). Para una satisfacci\u00f3n m\u00e1s fuerte y un golpe de garganta m\u00e1s pronunciado: elige el 5% (50mg\/mL). Ambas opciones ofrecen la misma experiencia de sabor de primera calidad.<\/li>\n<\/ol>\n<\/div>\n","protected":false},"excerpt":{"rendered":"<p>Experimenta un rendimiento de vapeo inigualable con el <strong>Vaporizador Desechable Fizzy Nova Plus 40.000 Puffs, \u00a1ahora<\/strong>disponible en un paquete a granel de 60 unidades con un descuento exclusivo! Disfruta de <strong>12 sabores premium<\/strong>, como Melocot\u00f3n Mango Sand\u00eda y Limonada Blue Razz. Perfecto para minoristas, mayoristas y vapeadores empedernidos: \u00a1abast\u00e9cete antes de que se agote esta oferta!<\/p>\n<p><strong style=\"color: red;\">\u00a1Ten en cuenta el sabor y la cantidad al hacer el pedido!<\/strong><\/p>\n","protected":false},"featured_media":30101,"comment_status":"open","ping_status":"closed","template":"","meta":{"iawp_total_views":0},"product_brand":[],"product_cat":[675],"product_tag":[348],"class_list":{"0":"post-27918","1":"product","2":"type-product","3":"status-publish","4":"has-post-thumbnail","6":"product_cat-bulk-deals-2-es","7":"product_tag-40000-bocanadas","9":"first","10":"outofstock","11":"sale","12":"shipping-taxable","13":"purchasable","14":"product-type-variable"},"yoast_head":"<!-- This site is optimized with the Yoast SEO Premium plugin v24.8 (Yoast SEO v24.8) - https:\/\/yoast.com\/wordpress\/plugins\/seo\/ -->\n<title>Fizzy Nova Plus 40000 Puffs - 60pcs - fizzyvape.eu<\/title>\n<meta name=\"description\" content=\"Pide 60 unidades de vapeador desechable Fizzy Nova Plus 40000 Puffs: doble bobina de malla, 40 ml de e-l\u00edquido y modos Eco\/Turbo. \u00a1Oferta de vape al por mayor de larga duraci\u00f3n!\" \/>\n<meta name=\"robots\" content=\"index, follow, max-snippet:-1, max-image-preview:large, max-video-preview:-1\" \/>\n<link rel=\"canonical\" href=\"https:\/\/fizzyvape.eu\/es\/producto\/fizzy-nova-plus-40000-puffs-60pcs\/\" \/>\n<meta property=\"og:locale\" content=\"es_ES\" \/>\n<meta property=\"og:type\" content=\"article\" \/>\n<meta property=\"og:title\" content=\"Fizzy Nova Plus 40000 Puffs - 60pcs\" \/>\n<meta property=\"og:description\" content=\"Pide 60 unidades de vapeador desechable Fizzy Nova Plus 40000 Puffs: doble bobina de malla, 40 ml de e-l\u00edquido y modos Eco\/Turbo. \u00a1Oferta de vape al por mayor de larga duraci\u00f3n!\" \/>\n<meta property=\"og:url\" content=\"https:\/\/fizzyvape.eu\/es\/producto\/fizzy-nova-plus-40000-puffs-60pcs\/\" \/>\n<meta property=\"og:site_name\" content=\"fizzyvape.eu\" \/>\n<meta property=\"article:modified_time\" content=\"2025-10-31T10:00:13+00:00\" \/>\n<meta property=\"og:image\" content=\"https:\/\/fizzyvape.eu\/wp-content\/uploads\/2025\/04\/Fizzy-Nova-Plus-40000Puffs-60pcs-2.webp\" \/>\n\t<meta property=\"og:image:width\" content=\"800\" \/>\n\t<meta property=\"og:image:height\" content=\"800\" \/>\n\t<meta property=\"og:image:type\" content=\"image\/webp\" \/>\n<meta name=\"twitter:card\" content=\"summary_large_image\" \/>\n<meta name=\"twitter:label1\" content=\"Disponibilidad\" \/>\n\t<meta name=\"twitter:data1\" content=\"Sin existencias\" \/>\n<script type=\"application\/ld+json\" class=\"yoast-schema-graph\">{\"@context\":\"https:\/\/schema.org\",\"@graph\":[{\"@type\":\"WebPage\",\"@id\":\"https:\/\/fizzyvape.eu\/es\/producto\/fizzy-nova-plus-40000-puffs-60pcs\/\",\"url\":\"https:\/\/fizzyvape.eu\/es\/producto\/fizzy-nova-plus-40000-puffs-60pcs\/\",\"name\":\"Fizzy Nova Plus 40000 Puffs - 60pcs - fizzyvape.eu\",\"isPartOf\":{\"@id\":\"https:\/\/www.fizzyvape.eu\/es\/#website\"},\"primaryImageOfPage\":{\"@id\":\"https:\/\/fizzyvape.eu\/es\/producto\/fizzy-nova-plus-40000-puffs-60pcs\/#primaryimage\"},\"image\":{\"@id\":\"https:\/\/fizzyvape.eu\/es\/producto\/fizzy-nova-plus-40000-puffs-60pcs\/#primaryimage\"},\"thumbnailUrl\":\"https:\/\/fizzyvape.eu\/wp-content\/uploads\/2025\/04\/Fizzy-Nova-Plus-40000-Puffs-60pcs.webp\",\"datePublished\":\"2025-04-21T03:10:46+00:00\",\"dateModified\":\"2025-10-31T10:00:13+00:00\",\"description\":\"Pide 60 unidades de vapeador desechable Fizzy Nova Plus 40000 Puffs: doble bobina de malla, 40 ml de e-l\u00edquido y modos Eco\/Turbo. \u00a1Oferta de vape al por mayor de larga duraci\u00f3n!\",\"breadcrumb\":{\"@id\":\"https:\/\/fizzyvape.eu\/es\/producto\/fizzy-nova-plus-40000-puffs-60pcs\/#breadcrumb\"},\"inLanguage\":\"es\",\"potentialAction\":[{\"@type\":\"ReadAction\",\"target\":[\"https:\/\/fizzyvape.eu\/es\/producto\/fizzy-nova-plus-40000-puffs-60pcs\/\"]}]},{\"@type\":\"ImageObject\",\"inLanguage\":\"es\",\"@id\":\"https:\/\/fizzyvape.eu\/es\/producto\/fizzy-nova-plus-40000-puffs-60pcs\/#primaryimage\",\"url\":\"https:\/\/fizzyvape.eu\/wp-content\/uploads\/2025\/04\/Fizzy-Nova-Plus-40000-Puffs-60pcs.webp\",\"contentUrl\":\"https:\/\/fizzyvape.eu\/wp-content\/uploads\/2025\/04\/Fizzy-Nova-Plus-40000-Puffs-60pcs.webp\",\"width\":800,\"height\":800,\"caption\":\"Fizzy Nova Plus 40000 Puffs 60pcs\"},{\"@type\":\"BreadcrumbList\",\"@id\":\"https:\/\/fizzyvape.eu\/es\/producto\/fizzy-nova-plus-40000-puffs-60pcs\/#breadcrumb\",\"itemListElement\":[{\"@type\":\"ListItem\",\"position\":1,\"name\":\"Home\",\"item\":\"https:\/\/fizzyvape.eu\/es\/\"},{\"@type\":\"ListItem\",\"position\":2,\"name\":\"Tienda\",\"item\":\"https:\/\/www.fizzyvape.eu\/es\/tienda\/\"},{\"@type\":\"ListItem\",\"position\":3,\"name\":\"Fizzy Nova Plus 40000 Puffs &#8211; 60pcs\"}]},{\"@type\":\"WebSite\",\"@id\":\"https:\/\/www.fizzyvape.eu\/es\/#website\",\"url\":\"https:\/\/www.fizzyvape.eu\/es\/\",\"name\":\"fizzyvape.eu\",\"description\":\"Refreshing Vapes. Unforgettable Taste.\",\"publisher\":{\"@id\":\"https:\/\/www.fizzyvape.eu\/es\/#organization\"},\"potentialAction\":[{\"@type\":\"SearchAction\",\"target\":{\"@type\":\"EntryPoint\",\"urlTemplate\":\"https:\/\/www.fizzyvape.eu\/es\/?s={search_term_string}\"},\"query-input\":{\"@type\":\"PropertyValueSpecification\",\"valueRequired\":true,\"valueName\":\"search_term_string\"}}],\"inLanguage\":\"es\"},{\"@type\":\"Organization\",\"@id\":\"https:\/\/www.fizzyvape.eu\/es\/#organization\",\"name\":\"fizzyvape.eu\",\"url\":\"https:\/\/www.fizzyvape.eu\/es\/\",\"logo\":{\"@type\":\"ImageObject\",\"inLanguage\":\"es\",\"@id\":\"https:\/\/www.fizzyvape.eu\/es\/#\/schema\/logo\/image\/\",\"url\":\"https:\/\/fizzyvape.eu\/wp-content\/uploads\/2019\/06\/print-1.svg\",\"contentUrl\":\"https:\/\/fizzyvape.eu\/wp-content\/uploads\/2019\/06\/print-1.svg\",\"width\":124,\"height\":37,\"caption\":\"fizzyvape.eu\"},\"image\":{\"@id\":\"https:\/\/www.fizzyvape.eu\/es\/#\/schema\/logo\/image\/\"}}]}<\/script>\n<meta property=\"og:availability\" content=\"out of stock\" \/>\n<meta property=\"product:availability\" content=\"out of stock\" \/>\n<meta property=\"product:condition\" content=\"new\" \/>\n<!-- \/ Yoast SEO Premium plugin. -->","yoast_head_json":{"title":"Fizzy Nova Plus 40000 Puffs - 60pcs - fizzyvape.eu","description":"Pide 60 unidades de vapeador desechable Fizzy Nova Plus 40000 Puffs: doble bobina de malla, 40 ml de e-l\u00edquido y modos Eco\/Turbo. \u00a1Oferta de vape al por mayor de larga duraci\u00f3n!","robots":{"index":"index","follow":"follow","max-snippet":"max-snippet:-1","max-image-preview":"max-image-preview:large","max-video-preview":"max-video-preview:-1"},"canonical":"https:\/\/fizzyvape.eu\/es\/producto\/fizzy-nova-plus-40000-puffs-60pcs\/","og_locale":"es_ES","og_type":"article","og_title":"Fizzy Nova Plus 40000 Puffs - 60pcs","og_description":"Pide 60 unidades de vapeador desechable Fizzy Nova Plus 40000 Puffs: doble bobina de malla, 40 ml de e-l\u00edquido y modos Eco\/Turbo. \u00a1Oferta de vape al por mayor de larga duraci\u00f3n!","og_url":"https:\/\/fizzyvape.eu\/es\/producto\/fizzy-nova-plus-40000-puffs-60pcs\/","og_site_name":"fizzyvape.eu","article_modified_time":"2025-10-31T10:00:13+00:00","og_image":[{"width":800,"height":800,"url":"https:\/\/fizzyvape.eu\/wp-content\/uploads\/2025\/04\/Fizzy-Nova-Plus-40000Puffs-60pcs-2.webp","type":"image\/webp"}],"twitter_card":"summary_large_image","twitter_misc":{"Disponibilidad":"Sin existencias"},"schema":{"@context":"https:\/\/schema.org","@graph":[{"@type":"WebPage","@id":"https:\/\/fizzyvape.eu\/es\/producto\/fizzy-nova-plus-40000-puffs-60pcs\/","url":"https:\/\/fizzyvape.eu\/es\/producto\/fizzy-nova-plus-40000-puffs-60pcs\/","name":"Fizzy Nova Plus 40000 Puffs - 60pcs - fizzyvape.eu","isPartOf":{"@id":"https:\/\/www.fizzyvape.eu\/es\/#website"},"primaryImageOfPage":{"@id":"https:\/\/fizzyvape.eu\/es\/producto\/fizzy-nova-plus-40000-puffs-60pcs\/#primaryimage"},"image":{"@id":"https:\/\/fizzyvape.eu\/es\/producto\/fizzy-nova-plus-40000-puffs-60pcs\/#primaryimage"},"thumbnailUrl":"https:\/\/fizzyvape.eu\/wp-content\/uploads\/2025\/04\/Fizzy-Nova-Plus-40000-Puffs-60pcs.webp","datePublished":"2025-04-21T03:10:46+00:00","dateModified":"2025-10-31T10:00:13+00:00","description":"Pide 60 unidades de vapeador desechable Fizzy Nova Plus 40000 Puffs: doble bobina de malla, 40 ml de e-l\u00edquido y modos Eco\/Turbo. \u00a1Oferta de vape al por mayor de larga duraci\u00f3n!","breadcrumb":{"@id":"https:\/\/fizzyvape.eu\/es\/producto\/fizzy-nova-plus-40000-puffs-60pcs\/#breadcrumb"},"inLanguage":"es","potentialAction":[{"@type":"ReadAction","target":["https:\/\/fizzyvape.eu\/es\/producto\/fizzy-nova-plus-40000-puffs-60pcs\/"]}]},{"@type":"ImageObject","inLanguage":"es","@id":"https:\/\/fizzyvape.eu\/es\/producto\/fizzy-nova-plus-40000-puffs-60pcs\/#primaryimage","url":"https:\/\/fizzyvape.eu\/wp-content\/uploads\/2025\/04\/Fizzy-Nova-Plus-40000-Puffs-60pcs.webp","contentUrl":"https:\/\/fizzyvape.eu\/wp-content\/uploads\/2025\/04\/Fizzy-Nova-Plus-40000-Puffs-60pcs.webp","width":800,"height":800,"caption":"Fizzy Nova Plus 40000 Puffs 60pcs"},{"@type":"BreadcrumbList","@id":"https:\/\/fizzyvape.eu\/es\/producto\/fizzy-nova-plus-40000-puffs-60pcs\/#breadcrumb","itemListElement":[{"@type":"ListItem","position":1,"name":"Home","item":"https:\/\/fizzyvape.eu\/es\/"},{"@type":"ListItem","position":2,"name":"Tienda","item":"https:\/\/www.fizzyvape.eu\/es\/tienda\/"},{"@type":"ListItem","position":3,"name":"Fizzy Nova Plus 40000 Puffs &#8211; 60pcs"}]},{"@type":"WebSite","@id":"https:\/\/www.fizzyvape.eu\/es\/#website","url":"https:\/\/www.fizzyvape.eu\/es\/","name":"fizzyvape.eu","description":"Refreshing Vapes. Unforgettable Taste.","publisher":{"@id":"https:\/\/www.fizzyvape.eu\/es\/#organization"},"potentialAction":[{"@type":"SearchAction","target":{"@type":"EntryPoint","urlTemplate":"https:\/\/www.fizzyvape.eu\/es\/?s={search_term_string}"},"query-input":{"@type":"PropertyValueSpecification","valueRequired":true,"valueName":"search_term_string"}}],"inLanguage":"es"},{"@type":"Organization","@id":"https:\/\/www.fizzyvape.eu\/es\/#organization","name":"fizzyvape.eu","url":"https:\/\/www.fizzyvape.eu\/es\/","logo":{"@type":"ImageObject","inLanguage":"es","@id":"https:\/\/www.fizzyvape.eu\/es\/#\/schema\/logo\/image\/","url":"https:\/\/fizzyvape.eu\/wp-content\/uploads\/2019\/06\/print-1.svg","contentUrl":"https:\/\/fizzyvape.eu\/wp-content\/uploads\/2019\/06\/print-1.svg","width":124,"height":37,"caption":"fizzyvape.eu"},"image":{"@id":"https:\/\/www.fizzyvape.eu\/es\/#\/schema\/logo\/image\/"}}]},"og_availability":"out of stock","product_availability":"out of stock","product_condition":"new"},"tiered_pricing_type":"fixed","tiered_pricing_fixed_rules":[],"tiered_pricing_product_settings":{"layout":"default","base_unit_name":{"singular":null,"plural":null},"default_variation":null},"tiered_pricing_minimum_quantity":null,"tiered_pricing_roles_data":[],"tiered_pricing_percentage_rules":[],"tiered_pricing_maximum_quantity":null,"tiered_pricing_quantity_step":null,"_links":{"self":[{"href":"https:\/\/fizzyvape.eu\/es\/wp-json\/wp\/v2\/product\/27918","targetHints":{"allow":["GET"]}}],"collection":[{"href":"https:\/\/fizzyvape.eu\/es\/wp-json\/wp\/v2\/product"}],"about":[{"href":"https:\/\/fizzyvape.eu\/es\/wp-json\/wp\/v2\/types\/product"}],"replies":[{"embeddable":true,"href":"https:\/\/fizzyvape.eu\/es\/wp-json\/wp\/v2\/comments?post=27918"}],"version-history":[{"count":0,"href":"https:\/\/fizzyvape.eu\/es\/wp-json\/wp\/v2\/product\/27918\/revisions"}],"wp:featuredmedia":[{"embeddable":true,"href":"https:\/\/fizzyvape.eu\/es\/wp-json\/wp\/v2\/media\/30101"}],"wp:attachment":[{"href":"https:\/\/fizzyvape.eu\/es\/wp-json\/wp\/v2\/media?parent=27918"}],"wp:term":[{"taxonomy":"product_brand","embeddable":true,"href":"https:\/\/fizzyvape.eu\/es\/wp-json\/wp\/v2\/product_brand?post=27918"},{"taxonomy":"product_cat","embeddable":true,"href":"https:\/\/fizzyvape.eu\/es\/wp-json\/wp\/v2\/product_cat?post=27918"},{"taxonomy":"product_tag","embeddable":true,"href":"https:\/\/fizzyvape.eu\/es\/wp-json\/wp\/v2\/product_tag?post=27918"}],"curies":[{"name":"wp","href":"https:\/\/api.w.org\/{rel}","templated":true}]}}